{"id":18988,"date":"2024-03-01T16:57:45","date_gmt":"2024-03-01T15:57:45","guid":{"rendered":"https:\/\/u15jnbdpoq.preview.infomaniak.website\/produit\/100-einweg-wasserbecher-aus-weissem-karton-20-cl\/"},"modified":"2026-04-29T18:00:25","modified_gmt":"2026-04-29T16:00:25","slug":"100-einweg-wasserbecher-aus-weissem-karton-20-cl","status":"publish","type":"product","link":"https:\/\/www.csj-emballages.com\/de\/produit\/100-einweg-wasserbecher-aus-weissem-karton-20-cl\/","title":{"rendered":"Wei\u00dfer Pappbecher 21 cl pro 50"},"content":{"rendered":"<h2>Pappbecher<\/h2>\n<hr>\n<h3>Beschreibung von unserem Pappbecher wei\u00df 21 cl pro 50<\/h3>\n<p><!--more--><\/p>\n<p data-start=\"209\" data-end=\"628\">Einfach, sauber und effizient: Dieser <strong data-start=\"241\" data-end=\"271\">wei\u00dfe 21-cl-Pappbecher<\/strong> hat alles, was man braucht, wenn man ein Getr\u00e4nk servieren m\u00f6chte, ohne sich das Leben schwer zu machen. Sein mittleres Fassungsverm\u00f6gen ist perfekt f\u00fcr Kaffee im Liegen, hei\u00dfe Schokolade, Tee, aber auch f\u00fcr kalte Getr\u00e4nke auf einer Veranstaltung oder in der Pause zwischen zwei Meetings. Man h\u00e4lt etwas Praktisches in der Hand, das sich jeder Alltagssituation anpasst.  <\/p>\n<p data-start=\"630\" data-end=\"999\">Was seinen Charme ausmacht, ist gerade seine Schlichtheit. Sein <strong>klares Wei\u00df<\/strong> vermittelt sofort einen sauberen Eindruck und passt \u00fcberall hin: B\u00fcros, Schulungsr\u00e4ume, Messen, Buffets, Foodtrucks&#8230; Egal wo, er bleibt unauff\u00e4llig, aber immer n\u00fctzlich. Dar\u00fcber hinaus verleiht das auf der Unterseite des Bechers <strong>aufgedruckte Visual<\/strong> einen informativen Touch, ohne das Design zu \u00fcberladen.  <\/p>\n<p data-start=\"1001\" data-end=\"1373\">Da er aus <strong>festem Karton<\/strong> hergestellt ist, beh\u00e4lt er auch bei hei\u00dfen Getr\u00e4nken einen guten Halt. Keine weichen W\u00e4nde, kein unangenehmes Gef\u00fchl in der Hand: Man kann sie tragen, abstellen und wieder auff\u00fcllen, ohne sich Sorgen zu machen. Diese robuste Seite erleichtert auch die Bedienung f\u00fcr Profis, die in aller Ruhe eine Zubereitung nach der anderen durchf\u00fchren k\u00f6nnen.  <\/p>\n<p data-start=\"1375\" data-end=\"1629\">Die <strong data-start=\"1385\" data-end=\"1398\">50er-Packung<\/strong> macht es einfach, den Andrang zu bew\u00e4ltigen, ohne zu gro\u00dfe Mengen zu lagern. Dies ist die ideale Menge f\u00fcr kleine Teams, h\u00e4ufige Treffen, einmalige Veranstaltungen oder Einrichtungen, die ihre Verwaltung einfach halten wollen. <\/p>\n<p data-start=\"1631\" data-end=\"1760\">Kurz gesagt, dieser <strong>wei\u00dfe Becher<\/strong> ist ein kleines Essential: unauff\u00e4llig, zuverl\u00e4ssig und immer hilfsbereit, egal bei welcher Gelegenheit.<\/p>\n<p><!--more--><\/p>\n<h4><strong>Vorteile :<\/strong><\/h4>\n<ul>\n<li data-start=\"1788\" data-end=\"1822\">Vielseitiger <strong>21-cl-Inhalt<\/strong>.<\/li>\n<li data-start=\"1825\" data-end=\"1861\">Schlichtes wei\u00dfes Design, Passepartout.<\/li>\n<li data-start=\"1864\" data-end=\"1915\">Fester Karton, gute Haltbarkeit mit hei\u00dfen Getr\u00e4nken.<\/li>\n<li data-start=\"1918\" data-end=\"1939\">Praktisches Set von <strong>50<\/strong>.<\/li>\n<li data-start=\"1942\" data-end=\"1996\">Ideal f\u00fcr B\u00fcros, Veranstaltungen und Schnellrestaurants.<\/li>\n<\/ul>\n<p>&nbsp;<\/p>\n<p><!--more--><\/p>\n<h4>Weitere Informationen :<\/h4>\n<ul>\n<li><strong>Verpackung<\/strong>: Packung mit 50 St\u00fcck<\/li>\n<li><b>Volumen <\/b>: 21 cl<\/li>\n<li><strong>Farbe<\/strong>: Wei\u00df<\/li>\n<li><strong>Material<\/strong>: Karton<\/li>\n<li><strong>Verwendungstemperatur<\/strong>: -20\u00b0C \/ +100\u00b0C<\/li>\n<li>Enth\u00e4lt eine PE-Folie auf der Innenseite<\/li>\n<\/ul>\n<p>&nbsp;<\/p>\n<p><!--more--><\/p>\n<p>Erh\u00e4ltlich in verschiedenen Gr\u00f6\u00dfen : <span style=\"color: #d12727;\"><a style=\"color: #d12727;\" href=\"https:\/\/www.csj-emballages.com\/produit\/100-gobelets-carton-blancs-jetables-12cl\/\">12 cl<\/a><\/span> \/ <span style=\"color: #d12727;\"><a style=\"color: #d12727;\" href=\"https:\/\/www.csj-emballages.com\/produit\/100-gobelets-carton-blancs-jetables-17-5-cl\/\">17,5 cl<\/a><\/span> \/ <span style=\"color: #d12727;\"><a style=\"color: #d12727;\" href=\"https:\/\/www.csj-emballages.com\/produit\/50-gobelets-carton-blancs-jetables-24-cl\/\">24 cl<\/a><\/span><\/p>\n<p>&nbsp;<\/p>\n<p><!--more--><\/p>\n<p><a href=\"\/?product_cat=gobelets-gobelets-boissons-chaudes\">Sehen Sie sich hier den Rest unseres Sortiments an Pappbechern an<\/a><\/p>\n","protected":false},"excerpt":{"rendered":"<p>Pappbecher Beschreibung von unserem Pappbecher wei\u00df 21 cl pro 50<\/p>\n","protected":false},"featured_media":189218,"template":"","meta":{"_acf_changed":false},"product_brand":[],"product_cat":[1137,1134,1469,9244,9245,1146],"product_tag":[],"class_list":{"0":"post-18988","1":"product","2":"type-product","3":"status-publish","4":"has-post-thumbnail","6":"product_cat-lebensmittelverpackungen","7":"product_cat-restauration-de","8":"product_cat-becher-glaser-eimer-flaschen","9":"product_cat-pappbecher","10":"product_cat-weise-becher","11":"product_cat-bio-sortiment","13":"first","14":"instock","15":"taxable","16":"shipping-taxable","17":"purchasable","18":"product-type-simple"},"acf":[],"yoast_head":"<!-- This site is optimized with the Yoast SEO Premium plugin v26.6 (Yoast SEO v26.6) - https:\/\/yoast.com\/wordpress\/plugins\/seo\/ -->\n<title>Pappbecher Wei\u00df - 21cl<\/title>\n<meta name=\"description\" content=\"Entdecken Sie unseren wei\u00dfen 21cl-Pappbecher: umweltfreundlich, widerstandsf\u00e4hig und \u00e4sthetisch. Perfekt f\u00fcr hei\u00dfe und kalte Getr\u00e4nke, Veranstaltungen und B\u00fcros.\" \/>\n<meta name=\"robots\" content=\"index, follow, max-snippet:-1, max-image-preview:large, max-video-preview:-1\" \/>\n<link rel=\"canonical\" href=\"https:\/\/www.csj-emballages.com\/de\/produit\/100-einweg-wasserbecher-aus-weissem-karton-20-cl\/\" \/>\n<meta property=\"og:locale\" content=\"de_DE\" \/>\n<meta property=\"og:type\" content=\"article\" \/>\n<meta property=\"og:title\" content=\"Wei\u00dfer Pappbecher 21 cl pro 50\" \/>\n<meta property=\"og:description\" content=\"Entdecken Sie unseren wei\u00dfen 21cl-Pappbecher: umweltfreundlich, widerstandsf\u00e4hig und \u00e4sthetisch. Perfekt f\u00fcr hei\u00dfe und kalte Getr\u00e4nke, Veranstaltungen und B\u00fcros.\" \/>\n<meta property=\"og:url\" content=\"https:\/\/www.csj-emballages.com\/de\/produit\/100-einweg-wasserbecher-aus-weissem-karton-20-cl\/\" \/>\n<meta property=\"og:site_name\" content=\"CSJ Emballages\" \/>\n<meta property=\"article:publisher\" content=\"https:\/\/www.facebook.com\/csjemballages\" \/>\n<meta property=\"article:modified_time\" content=\"2026-04-29T16:00:25+00:00\" \/>\n<meta property=\"og:image\" content=\"https:\/\/www.csj-emballages.com\/wp-content\/uploads\/2024\/03\/377BLA.webp\" \/>\n\t<meta property=\"og:image:width\" content=\"798\" \/>\n\t<meta property=\"og:image:height\" content=\"798\" \/>\n\t<meta property=\"og:image:type\" content=\"image\/webp\" \/>\n<meta name=\"twitter:card\" content=\"summary_large_image\" \/>\n<meta name=\"twitter:label1\" content=\"Gesch\u00e4tzte Lesezeit\" \/>\n\t<meta name=\"twitter:data1\" content=\"2 Minuten\" \/>\n<script type=\"application\/ld+json\" class=\"yoast-schema-graph\">{\"@context\":\"https:\/\/schema.org\",\"@graph\":[{\"@type\":\"WebPage\",\"@id\":\"https:\/\/www.csj-emballages.com\/de\/produit\/100-einweg-wasserbecher-aus-weissem-karton-20-cl\/\",\"url\":\"https:\/\/www.csj-emballages.com\/de\/produit\/100-einweg-wasserbecher-aus-weissem-karton-20-cl\/\",\"name\":\"Pappbecher Wei\u00df - 21cl\",\"isPartOf\":{\"@id\":\"https:\/\/www.csj-emballages.com\/de\/#website\"},\"primaryImageOfPage\":{\"@id\":\"https:\/\/www.csj-emballages.com\/de\/produit\/100-einweg-wasserbecher-aus-weissem-karton-20-cl\/#primaryimage\"},\"image\":{\"@id\":\"https:\/\/www.csj-emballages.com\/de\/produit\/100-einweg-wasserbecher-aus-weissem-karton-20-cl\/#primaryimage\"},\"thumbnailUrl\":\"https:\/\/www.csj-emballages.com\/wp-content\/uploads\/2024\/03\/377BLA.webp\",\"datePublished\":\"2024-03-01T15:57:45+00:00\",\"dateModified\":\"2026-04-29T16:00:25+00:00\",\"description\":\"Entdecken Sie unseren wei\u00dfen 21cl-Pappbecher: umweltfreundlich, widerstandsf\u00e4hig und \u00e4sthetisch. Perfekt f\u00fcr hei\u00dfe und kalte Getr\u00e4nke, Veranstaltungen und B\u00fcros.\",\"breadcrumb\":{\"@id\":\"https:\/\/www.csj-emballages.com\/de\/produit\/100-einweg-wasserbecher-aus-weissem-karton-20-cl\/#breadcrumb\"},\"inLanguage\":\"de\",\"potentialAction\":[{\"@type\":\"ReadAction\",\"target\":[\"https:\/\/www.csj-emballages.com\/de\/produit\/100-einweg-wasserbecher-aus-weissem-karton-20-cl\/\"]}]},{\"@type\":\"ImageObject\",\"inLanguage\":\"de\",\"@id\":\"https:\/\/www.csj-emballages.com\/de\/produit\/100-einweg-wasserbecher-aus-weissem-karton-20-cl\/#primaryimage\",\"url\":\"https:\/\/www.csj-emballages.com\/wp-content\/uploads\/2024\/03\/377BLA.webp\",\"contentUrl\":\"https:\/\/www.csj-emballages.com\/wp-content\/uploads\/2024\/03\/377BLA.webp\",\"width\":798,\"height\":798,\"caption\":\"gobelet carton\"},{\"@type\":\"BreadcrumbList\",\"@id\":\"https:\/\/www.csj-emballages.com\/de\/produit\/100-einweg-wasserbecher-aus-weissem-karton-20-cl\/#breadcrumb\",\"itemListElement\":[{\"@type\":\"ListItem\",\"position\":1,\"name\":\"Accueil\",\"item\":\"https:\/\/www.csj-emballages.com\/de\/universum-lebensmittelverpackungen\/\"},{\"@type\":\"ListItem\",\"position\":2,\"name\":\"Shop\",\"item\":\"https:\/\/www.csj-emballages.com\/shop\/\"},{\"@type\":\"ListItem\",\"position\":3,\"name\":\"Wei\u00dfer Pappbecher 21 cl pro 50\"}]},{\"@type\":\"WebSite\",\"@id\":\"https:\/\/www.csj-emballages.com\/de\/#website\",\"url\":\"https:\/\/www.csj-emballages.com\/de\/\",\"name\":\"CSJ Emballages\",\"description\":\"\",\"publisher\":{\"@id\":\"https:\/\/www.csj-emballages.com\/de\/#organization\"},\"potentialAction\":[{\"@type\":\"SearchAction\",\"target\":{\"@type\":\"EntryPoint\",\"urlTemplate\":\"https:\/\/www.csj-emballages.com\/de\/?s={search_term_string}\"},\"query-input\":{\"@type\":\"PropertyValueSpecification\",\"valueRequired\":true,\"valueName\":\"search_term_string\"}}],\"inLanguage\":\"de\"},{\"@type\":\"Organization\",\"@id\":\"https:\/\/www.csj-emballages.com\/de\/#Organization\/\",\"name\":\"CSJ Emballages\",\"url\":\"https:\/\/www.csj-emballages.com\/de\/\",\"logo\":{\"@type\":\"ImageObject\",\"inLanguage\":\"de\",\"@id\":\"https:\/\/www.csj-emballages.com\/de\/#\/schema\/logo\/image\/\",\"url\":\"https:\/\/www.csj-emballages.com\/wp-content\/uploads\/2023\/10\/logo_csj.webp\",\"contentUrl\":\"https:\/\/www.csj-emballages.com\/wp-content\/uploads\/2023\/10\/logo_csj.webp\",\"width\":250,\"height\":95,\"caption\":\"CSJ Emballages\"},\"image\":{\"@id\":\"https:\/\/www.csj-emballages.com\/de\/#\/schema\/logo\/image\/\"},\"sameAs\":[\"https:\/\/www.facebook.com\/csjemballages\"],\"address\":{\"@type\":\"PostalAddress\",\"streetAddress\":\"ZI La Lechere\",\"addressLocality\":\"Patornay\",\"postalCode\":\"39130\",\"addressCountry\":\"FR\"},\"contactPoint\":[{\"@type\":\"ContactPoint\",\"contactType\":\"Service client\",\"telephone\":\"0384254272\",\"email\":\"contact@csj-emballages.com\"}]}]}<\/script>\n<!-- \/ Yoast SEO Premium plugin. -->","yoast_head_json":{"title":"Pappbecher Wei\u00df - 21cl","description":"Entdecken Sie unseren wei\u00dfen 21cl-Pappbecher: umweltfreundlich, widerstandsf\u00e4hig und \u00e4sthetisch. Perfekt f\u00fcr hei\u00dfe und kalte Getr\u00e4nke, Veranstaltungen und B\u00fcros.","robots":{"index":"index","follow":"follow","max-snippet":"max-snippet:-1","max-image-preview":"max-image-preview:large","max-video-preview":"max-video-preview:-1"},"canonical":"https:\/\/www.csj-emballages.com\/de\/produit\/100-einweg-wasserbecher-aus-weissem-karton-20-cl\/","og_locale":"de_DE","og_type":"article","og_title":"Wei\u00dfer Pappbecher 21 cl pro 50","og_description":"Entdecken Sie unseren wei\u00dfen 21cl-Pappbecher: umweltfreundlich, widerstandsf\u00e4hig und \u00e4sthetisch. Perfekt f\u00fcr hei\u00dfe und kalte Getr\u00e4nke, Veranstaltungen und B\u00fcros.","og_url":"https:\/\/www.csj-emballages.com\/de\/produit\/100-einweg-wasserbecher-aus-weissem-karton-20-cl\/","og_site_name":"CSJ Emballages","article_publisher":"https:\/\/www.facebook.com\/csjemballages","article_modified_time":"2026-04-29T16:00:25+00:00","og_image":[{"width":798,"height":798,"url":"https:\/\/www.csj-emballages.com\/wp-content\/uploads\/2024\/03\/377BLA.webp","type":"image\/webp"}],"twitter_card":"summary_large_image","twitter_misc":{"Gesch\u00e4tzte Lesezeit":"2 Minuten"},"schema":{"@context":"https:\/\/schema.org","@graph":[{"@type":"WebPage","@id":"https:\/\/www.csj-emballages.com\/de\/produit\/100-einweg-wasserbecher-aus-weissem-karton-20-cl\/","url":"https:\/\/www.csj-emballages.com\/de\/produit\/100-einweg-wasserbecher-aus-weissem-karton-20-cl\/","name":"Pappbecher Wei\u00df - 21cl","isPartOf":{"@id":"https:\/\/www.csj-emballages.com\/de\/#website"},"primaryImageOfPage":{"@id":"https:\/\/www.csj-emballages.com\/de\/produit\/100-einweg-wasserbecher-aus-weissem-karton-20-cl\/#primaryimage"},"image":{"@id":"https:\/\/www.csj-emballages.com\/de\/produit\/100-einweg-wasserbecher-aus-weissem-karton-20-cl\/#primaryimage"},"thumbnailUrl":"https:\/\/www.csj-emballages.com\/wp-content\/uploads\/2024\/03\/377BLA.webp","datePublished":"2024-03-01T15:57:45+00:00","dateModified":"2026-04-29T16:00:25+00:00","description":"Entdecken Sie unseren wei\u00dfen 21cl-Pappbecher: umweltfreundlich, widerstandsf\u00e4hig und \u00e4sthetisch. Perfekt f\u00fcr hei\u00dfe und kalte Getr\u00e4nke, Veranstaltungen und B\u00fcros.","breadcrumb":{"@id":"https:\/\/www.csj-emballages.com\/de\/produit\/100-einweg-wasserbecher-aus-weissem-karton-20-cl\/#breadcrumb"},"inLanguage":"de","potentialAction":[{"@type":"ReadAction","target":["https:\/\/www.csj-emballages.com\/de\/produit\/100-einweg-wasserbecher-aus-weissem-karton-20-cl\/"]}]},{"@type":"ImageObject","inLanguage":"de","@id":"https:\/\/www.csj-emballages.com\/de\/produit\/100-einweg-wasserbecher-aus-weissem-karton-20-cl\/#primaryimage","url":"https:\/\/www.csj-emballages.com\/wp-content\/uploads\/2024\/03\/377BLA.webp","contentUrl":"https:\/\/www.csj-emballages.com\/wp-content\/uploads\/2024\/03\/377BLA.webp","width":798,"height":798,"caption":"gobelet carton"},{"@type":"BreadcrumbList","@id":"https:\/\/www.csj-emballages.com\/de\/produit\/100-einweg-wasserbecher-aus-weissem-karton-20-cl\/#breadcrumb","itemListElement":[{"@type":"ListItem","position":1,"name":"Accueil","item":"https:\/\/www.csj-emballages.com\/de\/universum-lebensmittelverpackungen\/"},{"@type":"ListItem","position":2,"name":"Shop","item":"https:\/\/www.csj-emballages.com\/shop\/"},{"@type":"ListItem","position":3,"name":"Wei\u00dfer Pappbecher 21 cl pro 50"}]},{"@type":"WebSite","@id":"https:\/\/www.csj-emballages.com\/de\/#website","url":"https:\/\/www.csj-emballages.com\/de\/","name":"CSJ Emballages","description":"","publisher":{"@id":"https:\/\/www.csj-emballages.com\/de\/#organization"},"potentialAction":[{"@type":"SearchAction","target":{"@type":"EntryPoint","urlTemplate":"https:\/\/www.csj-emballages.com\/de\/?s={search_term_string}"},"query-input":{"@type":"PropertyValueSpecification","valueRequired":true,"valueName":"search_term_string"}}],"inLanguage":"de"},{"@type":"Organization","@id":"https:\/\/www.csj-emballages.com\/de\/#Organization\/","name":"CSJ Emballages","url":"https:\/\/www.csj-emballages.com\/de\/","logo":{"@type":"ImageObject","inLanguage":"de","@id":"https:\/\/www.csj-emballages.com\/de\/#\/schema\/logo\/image\/","url":"https:\/\/www.csj-emballages.com\/wp-content\/uploads\/2023\/10\/logo_csj.webp","contentUrl":"https:\/\/www.csj-emballages.com\/wp-content\/uploads\/2023\/10\/logo_csj.webp","width":250,"height":95,"caption":"CSJ Emballages"},"image":{"@id":"https:\/\/www.csj-emballages.com\/de\/#\/schema\/logo\/image\/"},"sameAs":["https:\/\/www.facebook.com\/csjemballages"],"address":{"@type":"PostalAddress","streetAddress":"ZI La Lechere","addressLocality":"Patornay","postalCode":"39130","addressCountry":"FR"},"contactPoint":[{"@type":"ContactPoint","contactType":"Service client","telephone":"0384254272","email":"contact@csj-emballages.com"}]}]}},"df_price":1.37,"df_sale_price":"","df_regular_price":1.37,"df_image_link":"https:\/\/www.csj-emballages.com\/wp-content\/uploads\/2024\/03\/377BLA-300x300.webp","tiered_pricing_type":"fixed","tiered_pricing_fixed_rules":[],"tiered_pricing_percentage_rules":[],"tiered_pricing_minimum":1,"tiered_pricing_roles_data":[],"_links":{"self":[{"href":"https:\/\/www.csj-emballages.com\/de\/wp-json\/wp\/v2\/product\/18988","targetHints":{"allow":["GET"]}}],"collection":[{"href":"https:\/\/www.csj-emballages.com\/de\/wp-json\/wp\/v2\/product"}],"about":[{"href":"https:\/\/www.csj-emballages.com\/de\/wp-json\/wp\/v2\/types\/product"}],"wp:featuredmedia":[{"embeddable":true,"href":"https:\/\/www.csj-emballages.com\/de\/wp-json\/wp\/v2\/media\/189218"}],"wp:attachment":[{"href":"https:\/\/www.csj-emballages.com\/de\/wp-json\/wp\/v2\/media?parent=18988"}],"wp:term":[{"taxonomy":"product_brand","embeddable":true,"href":"https:\/\/www.csj-emballages.com\/de\/wp-json\/wp\/v2\/product_brand?post=18988"},{"taxonomy":"product_cat","embeddable":true,"href":"https:\/\/www.csj-emballages.com\/de\/wp-json\/wp\/v2\/product_cat?post=18988"},{"taxonomy":"product_tag","embeddable":true,"href":"https:\/\/www.csj-emballages.com\/de\/wp-json\/wp\/v2\/product_tag?post=18988"}],"curies":[{"name":"wp","href":"https:\/\/api.w.org\/{rel}","templated":true}]}}