{"id":18965,"date":"2024-03-01T16:59:07","date_gmt":"2024-03-01T15:59:07","guid":{"rendered":"https:\/\/u15jnbdpoq.preview.infomaniak.website\/produit\/50-einweg-bierbecher-aus-weissem-karton-50-cl-59-cl\/"},"modified":"2026-04-11T02:10:55","modified_gmt":"2026-04-11T00:10:55","slug":"50-einweg-bierbecher-aus-weissem-karton-50-cl-59-cl","status":"publish","type":"product","link":"https:\/\/www.csj-emballages.com\/de\/produit\/50-einweg-bierbecher-aus-weissem-karton-50-cl-59-cl\/","title":{"rendered":"Wei\u00dfer Pappbecher 50 cl \/ 59 cl pro 50"},"content":{"rendered":"<h2>Pappbecher<\/h2>\n<hr>\n<h3>Entdecken Sie unseren wei\u00dfen Pappbecher 50 cl \/ 59 cl pro 50<\/h3>\n<p><!--more--><\/p>\n<p data-start=\"240\" data-end=\"643\">Einfach, sauber und bereit f\u00fcr alles: Dieser <strong data-start=\"274\" data-end=\"307\">wei\u00dfe Pappbecher 50 cl \/ 59 cl<\/strong> ist der ideale Begleiter, um sowohl hei\u00dfe als auch kalte Getr\u00e4nke zu servieren. Sein gro\u00dfz\u00fcgiges Format erm\u00f6glicht es Ihnen, bei einer Veranstaltung einen Caf\u00e9 Latte, eine hei\u00dfe Schokolade, einen Gourmet-Tee oder sogar ein Kaltgetr\u00e4nk anzubieten. Kurz gesagt, er h\u00e4lt problemlos mit Ihrem Service Schritt, ohne Ihre Organisation jemals zu erschweren.  <\/p>\n<p data-start=\"645\" data-end=\"1048\">Sein komplett <strong>wei\u00dfer<\/strong> Look sorgt f\u00fcr ein echtes Gef\u00fchl von Sauberkeit und Minimalismus. Das ist perfekt, wenn Sie eine n\u00fcchterne Pr\u00e4sentation m\u00f6gen oder wenn Sie einen <strong>Aufkleber<\/strong>, ein <strong>Logo<\/strong> oder ein <strong>Etikett<\/strong> anbringen m\u00f6chten, um Ihre Getr\u00e4nke zu personalisieren. Diese neutrale Seite funktioniert auch sehr gut in B\u00fcros, Besprechungsr\u00e4umen, St\u00e4nden und Empfangsbereichen, in denen ein dezentes, aber gepflegtes Erscheinungsbild gew\u00fcnscht wird.  <\/p>\n<p data-start=\"1050\" data-end=\"1357\">Der verwendete <strong>Karton<\/strong> bietet eine gute Steifigkeit: Der Becher bleibt auch bei maximaler F\u00fcllung in Form und heizt die Finger nicht zu sehr auf, wenn er ein hei\u00dfes Getr\u00e4nk enth\u00e4lt. Er liegt gut in der Hand und erm\u00f6glicht ein bequemes Trinken, egal ob man unterwegs ist, eine Pause macht oder Kunden empf\u00e4ngt. <\/p>\n<p data-start=\"1359\" data-end=\"1578\">Die Packung mit <strong data-start=\"1369\" data-end=\"1382\">50 St\u00fcck<\/strong> erm\u00f6glicht es, den t\u00e4glichen Bedarf zu bew\u00e4ltigen, ohne einen \u00dcberschuss zu haben. Es ist ein praktisches Format, das leicht zu lagern ist und sich perfekt f\u00fcr Profis ebenso wie f\u00fcr Vereine oder einmalige Veranstaltungen eignet. <\/p>\n<p data-start=\"1580\" data-end=\"1775\">Kurz gesagt, dieser <strong>wei\u00dfe Becher<\/strong> macht alles richtig: vielseitig, optisch sauber, robust und einfach zu verwenden. Er begleitet Sie bei allen Pausen, von der schnellsten bis zur geselligsten. <\/p>\n<p data-start=\"1580\" data-end=\"1775\"><!--more--><\/p>\n<h4 data-start=\"1580\" data-end=\"1775\">Vorteile :<\/h4>\n<ul>\n<li data-start=\"1803\" data-end=\"1865\">Vielseitiges Format <strong>50 cl \/ 59 cl<\/strong> f\u00fcr hei\u00dfe und kalte Getr\u00e4nke.<\/li>\n<li data-start=\"1868\" data-end=\"1922\">Minimalistisches <strong>wei\u00dfes Design<\/strong>, sauber und anpassbar.<\/li>\n<li data-start=\"1925\" data-end=\"1961\">Steifer Karton, der sich gut anfassen l\u00e4sst.<\/li>\n<li data-start=\"1964\" data-end=\"2005\">Kosteng\u00fcnstige und leicht zu verwaltende <strong>50er-Packung<\/strong>.<\/li>\n<li data-start=\"2008\" data-end=\"2062\">Ideal f\u00fcr B\u00fcros, Caf\u00e9s, Veranstaltungen und Catering.<\/li>\n<\/ul>\n<p>&nbsp;<\/p>\n<p><!--more--><\/p>\n<h4>Weitere Informationen :<\/h4>\n<ul>\n<li><strong>Verpackung<\/strong>: Packung mit 50 St\u00fcck<\/li>\n<li><strong>Volumen<\/strong>: 50 cl \/ 59 cl<\/li>\n<li><strong>Durchmesser unten<\/strong>: 59 mm<\/li>\n<li><strong>Durchmesser oben<\/strong>: 90 mm<\/li>\n<li><strong>H\u00f6he<\/strong>: 150 mm<\/li>\n<li><strong>Farbe<\/strong>: Wei\u00df<\/li>\n<li><strong>Material<\/strong>: Karton + PE-Folie<\/li>\n<\/ul>\n<p>&nbsp;<\/p>\n<p><!--more--><\/p>\n<p>Dieser wei\u00dfe Pappbecher ist auch in 30 \/ 35 cl erh\u00e4ltlich: <span style=\"color: #d12727;\"><a style=\"color: #d12727;\" href=\"https:\/\/www.csj-emballages.com\/de\/produit\/50-bierbecher-aus-weissem-karton-30-35-cl\/\">3712GEB<\/a><\/span><\/p>\n<p>&nbsp;<\/p>\n<p><!--more--><\/p>\n<p><a href=\"https:\/\/www.csj-emballages.com\/de\/categorie-produit\/lebensmittelverpackungen\/restauration-de\/becher-glaser-eimer-flaschen\/pappbecher\/weise-becher\/\">Sehen Sie sich den Rest unseres Sortiments an Pappbechern an<\/a><\/p>\n","protected":false},"excerpt":{"rendered":"<p>Pappbecher Entdecken Sie unseren wei\u00dfen Pappbecher 50 cl \/ 59 cl pro 50<\/p>\n","protected":false},"featured_media":190851,"template":"","meta":{"_acf_changed":false},"product_brand":[],"product_cat":[1137,1134,1469,9244,9245,1146],"product_tag":[],"class_list":{"0":"post-18965","1":"product","2":"type-product","3":"status-publish","4":"has-post-thumbnail","6":"product_cat-lebensmittelverpackungen","7":"product_cat-restauration-de","8":"product_cat-becher-glaser-eimer-flaschen","9":"product_cat-pappbecher","10":"product_cat-weise-becher","11":"product_cat-bio-sortiment","13":"first","14":"instock","15":"taxable","16":"shipping-taxable","17":"purchasable","18":"product-type-simple"},"acf":[],"yoast_head":"<!-- This site is optimized with the Yoast SEO Premium plugin v26.6 (Yoast SEO v26.6) - https:\/\/yoast.com\/wordpress\/plugins\/seo\/ -->\n<title>Pappbecher Wei\u00df 50 cl \/ 59 cl pro 50<\/title>\n<meta name=\"description\" content=\"Wei\u00dfer Pappbecher 50\/59 cl, robust und vielseitig, verkauft zu 50 St\u00fcck. Perfekt f\u00fcr hei\u00dfe oder kalte Getr\u00e4nke, neutrales Design und einfach zu personalisieren.\" \/>\n<meta name=\"robots\" content=\"index, follow, max-snippet:-1, max-image-preview:large, max-video-preview:-1\" \/>\n<link rel=\"canonical\" href=\"https:\/\/www.csj-emballages.com\/de\/produit\/50-einweg-bierbecher-aus-weissem-karton-50-cl-59-cl\/\" \/>\n<meta property=\"og:locale\" content=\"de_DE\" \/>\n<meta property=\"og:type\" content=\"article\" \/>\n<meta property=\"og:title\" content=\"Wei\u00dfer Pappbecher 50 cl \/ 59 cl pro 50\" \/>\n<meta property=\"og:description\" content=\"Wei\u00dfer Pappbecher 50\/59 cl, robust und vielseitig, verkauft zu 50 St\u00fcck. Perfekt f\u00fcr hei\u00dfe oder kalte Getr\u00e4nke, neutrales Design und einfach zu personalisieren.\" \/>\n<meta property=\"og:url\" content=\"https:\/\/www.csj-emballages.com\/de\/produit\/50-einweg-bierbecher-aus-weissem-karton-50-cl-59-cl\/\" \/>\n<meta property=\"og:site_name\" content=\"CSJ Emballages\" \/>\n<meta property=\"article:publisher\" content=\"https:\/\/www.facebook.com\/csjemballages\" \/>\n<meta property=\"article:modified_time\" content=\"2026-04-11T00:10:55+00:00\" \/>\n<meta property=\"og:image\" content=\"https:\/\/www.csj-emballages.com\/wp-content\/uploads\/2024\/03\/3720GEB.webp\" \/>\n\t<meta property=\"og:image:width\" content=\"806\" \/>\n\t<meta property=\"og:image:height\" content=\"806\" \/>\n\t<meta property=\"og:image:type\" content=\"image\/webp\" \/>\n<meta name=\"twitter:card\" content=\"summary_large_image\" \/>\n<meta name=\"twitter:label1\" content=\"Gesch\u00e4tzte Lesezeit\" \/>\n\t<meta name=\"twitter:data1\" content=\"2 Minuten\" \/>\n<script type=\"application\/ld+json\" class=\"yoast-schema-graph\">{\"@context\":\"https:\/\/schema.org\",\"@graph\":[{\"@type\":\"WebPage\",\"@id\":\"https:\/\/www.csj-emballages.com\/de\/produit\/50-einweg-bierbecher-aus-weissem-karton-50-cl-59-cl\/\",\"url\":\"https:\/\/www.csj-emballages.com\/de\/produit\/50-einweg-bierbecher-aus-weissem-karton-50-cl-59-cl\/\",\"name\":\"Pappbecher Wei\u00df 50 cl \/ 59 cl pro 50\",\"isPartOf\":{\"@id\":\"https:\/\/www.csj-emballages.com\/de\/#website\"},\"primaryImageOfPage\":{\"@id\":\"https:\/\/www.csj-emballages.com\/de\/produit\/50-einweg-bierbecher-aus-weissem-karton-50-cl-59-cl\/#primaryimage\"},\"image\":{\"@id\":\"https:\/\/www.csj-emballages.com\/de\/produit\/50-einweg-bierbecher-aus-weissem-karton-50-cl-59-cl\/#primaryimage\"},\"thumbnailUrl\":\"https:\/\/www.csj-emballages.com\/wp-content\/uploads\/2024\/03\/3720GEB.webp\",\"datePublished\":\"2024-03-01T15:59:07+00:00\",\"dateModified\":\"2026-04-11T00:10:55+00:00\",\"description\":\"Wei\u00dfer Pappbecher 50\/59 cl, robust und vielseitig, verkauft zu 50 St\u00fcck. Perfekt f\u00fcr hei\u00dfe oder kalte Getr\u00e4nke, neutrales Design und einfach zu personalisieren.\",\"breadcrumb\":{\"@id\":\"https:\/\/www.csj-emballages.com\/de\/produit\/50-einweg-bierbecher-aus-weissem-karton-50-cl-59-cl\/#breadcrumb\"},\"inLanguage\":\"de\",\"potentialAction\":[{\"@type\":\"ReadAction\",\"target\":[\"https:\/\/www.csj-emballages.com\/de\/produit\/50-einweg-bierbecher-aus-weissem-karton-50-cl-59-cl\/\"]}]},{\"@type\":\"ImageObject\",\"inLanguage\":\"de\",\"@id\":\"https:\/\/www.csj-emballages.com\/de\/produit\/50-einweg-bierbecher-aus-weissem-karton-50-cl-59-cl\/#primaryimage\",\"url\":\"https:\/\/www.csj-emballages.com\/wp-content\/uploads\/2024\/03\/3720GEB.webp\",\"contentUrl\":\"https:\/\/www.csj-emballages.com\/wp-content\/uploads\/2024\/03\/3720GEB.webp\",\"width\":806,\"height\":806,\"caption\":\"Gobelet Carton\"},{\"@type\":\"BreadcrumbList\",\"@id\":\"https:\/\/www.csj-emballages.com\/de\/produit\/50-einweg-bierbecher-aus-weissem-karton-50-cl-59-cl\/#breadcrumb\",\"itemListElement\":[{\"@type\":\"ListItem\",\"position\":1,\"name\":\"Accueil\",\"item\":\"https:\/\/www.csj-emballages.com\/de\/universum-lebensmittelverpackungen\/\"},{\"@type\":\"ListItem\",\"position\":2,\"name\":\"Shop\",\"item\":\"https:\/\/www.csj-emballages.com\/shop\/\"},{\"@type\":\"ListItem\",\"position\":3,\"name\":\"Wei\u00dfer Pappbecher 50 cl \/ 59 cl pro 50\"}]},{\"@type\":\"WebSite\",\"@id\":\"https:\/\/www.csj-emballages.com\/de\/#website\",\"url\":\"https:\/\/www.csj-emballages.com\/de\/\",\"name\":\"CSJ Emballages\",\"description\":\"\",\"publisher\":{\"@id\":\"https:\/\/www.csj-emballages.com\/de\/#organization\"},\"potentialAction\":[{\"@type\":\"SearchAction\",\"target\":{\"@type\":\"EntryPoint\",\"urlTemplate\":\"https:\/\/www.csj-emballages.com\/de\/?s={search_term_string}\"},\"query-input\":{\"@type\":\"PropertyValueSpecification\",\"valueRequired\":true,\"valueName\":\"search_term_string\"}}],\"inLanguage\":\"de\"},{\"@type\":\"Organization\",\"@id\":\"https:\/\/www.csj-emballages.com\/de\/#Organization\/\",\"name\":\"CSJ Emballages\",\"url\":\"https:\/\/www.csj-emballages.com\/de\/\",\"logo\":{\"@type\":\"ImageObject\",\"inLanguage\":\"de\",\"@id\":\"https:\/\/www.csj-emballages.com\/de\/#\/schema\/logo\/image\/\",\"url\":\"https:\/\/www.csj-emballages.com\/wp-content\/uploads\/2023\/10\/logo_csj.webp\",\"contentUrl\":\"https:\/\/www.csj-emballages.com\/wp-content\/uploads\/2023\/10\/logo_csj.webp\",\"width\":250,\"height\":95,\"caption\":\"CSJ Emballages\"},\"image\":{\"@id\":\"https:\/\/www.csj-emballages.com\/de\/#\/schema\/logo\/image\/\"},\"sameAs\":[\"https:\/\/www.facebook.com\/csjemballages\"],\"address\":{\"@type\":\"PostalAddress\",\"streetAddress\":\"ZI La Lechere\",\"addressLocality\":\"Patornay\",\"postalCode\":\"39130\",\"addressCountry\":\"FR\"},\"contactPoint\":[{\"@type\":\"ContactPoint\",\"contactType\":\"Service client\",\"telephone\":\"0384254272\",\"email\":\"contact@csj-emballages.com\"}]}]}<\/script>\n<!-- \/ Yoast SEO Premium plugin. -->","yoast_head_json":{"title":"Pappbecher Wei\u00df 50 cl \/ 59 cl pro 50","description":"Wei\u00dfer Pappbecher 50\/59 cl, robust und vielseitig, verkauft zu 50 St\u00fcck. Perfekt f\u00fcr hei\u00dfe oder kalte Getr\u00e4nke, neutrales Design und einfach zu personalisieren.","robots":{"index":"index","follow":"follow","max-snippet":"max-snippet:-1","max-image-preview":"max-image-preview:large","max-video-preview":"max-video-preview:-1"},"canonical":"https:\/\/www.csj-emballages.com\/de\/produit\/50-einweg-bierbecher-aus-weissem-karton-50-cl-59-cl\/","og_locale":"de_DE","og_type":"article","og_title":"Wei\u00dfer Pappbecher 50 cl \/ 59 cl pro 50","og_description":"Wei\u00dfer Pappbecher 50\/59 cl, robust und vielseitig, verkauft zu 50 St\u00fcck. Perfekt f\u00fcr hei\u00dfe oder kalte Getr\u00e4nke, neutrales Design und einfach zu personalisieren.","og_url":"https:\/\/www.csj-emballages.com\/de\/produit\/50-einweg-bierbecher-aus-weissem-karton-50-cl-59-cl\/","og_site_name":"CSJ Emballages","article_publisher":"https:\/\/www.facebook.com\/csjemballages","article_modified_time":"2026-04-11T00:10:55+00:00","og_image":[{"width":806,"height":806,"url":"https:\/\/www.csj-emballages.com\/wp-content\/uploads\/2024\/03\/3720GEB.webp","type":"image\/webp"}],"twitter_card":"summary_large_image","twitter_misc":{"Gesch\u00e4tzte Lesezeit":"2 Minuten"},"schema":{"@context":"https:\/\/schema.org","@graph":[{"@type":"WebPage","@id":"https:\/\/www.csj-emballages.com\/de\/produit\/50-einweg-bierbecher-aus-weissem-karton-50-cl-59-cl\/","url":"https:\/\/www.csj-emballages.com\/de\/produit\/50-einweg-bierbecher-aus-weissem-karton-50-cl-59-cl\/","name":"Pappbecher Wei\u00df 50 cl \/ 59 cl pro 50","isPartOf":{"@id":"https:\/\/www.csj-emballages.com\/de\/#website"},"primaryImageOfPage":{"@id":"https:\/\/www.csj-emballages.com\/de\/produit\/50-einweg-bierbecher-aus-weissem-karton-50-cl-59-cl\/#primaryimage"},"image":{"@id":"https:\/\/www.csj-emballages.com\/de\/produit\/50-einweg-bierbecher-aus-weissem-karton-50-cl-59-cl\/#primaryimage"},"thumbnailUrl":"https:\/\/www.csj-emballages.com\/wp-content\/uploads\/2024\/03\/3720GEB.webp","datePublished":"2024-03-01T15:59:07+00:00","dateModified":"2026-04-11T00:10:55+00:00","description":"Wei\u00dfer Pappbecher 50\/59 cl, robust und vielseitig, verkauft zu 50 St\u00fcck. Perfekt f\u00fcr hei\u00dfe oder kalte Getr\u00e4nke, neutrales Design und einfach zu personalisieren.","breadcrumb":{"@id":"https:\/\/www.csj-emballages.com\/de\/produit\/50-einweg-bierbecher-aus-weissem-karton-50-cl-59-cl\/#breadcrumb"},"inLanguage":"de","potentialAction":[{"@type":"ReadAction","target":["https:\/\/www.csj-emballages.com\/de\/produit\/50-einweg-bierbecher-aus-weissem-karton-50-cl-59-cl\/"]}]},{"@type":"ImageObject","inLanguage":"de","@id":"https:\/\/www.csj-emballages.com\/de\/produit\/50-einweg-bierbecher-aus-weissem-karton-50-cl-59-cl\/#primaryimage","url":"https:\/\/www.csj-emballages.com\/wp-content\/uploads\/2024\/03\/3720GEB.webp","contentUrl":"https:\/\/www.csj-emballages.com\/wp-content\/uploads\/2024\/03\/3720GEB.webp","width":806,"height":806,"caption":"Gobelet Carton"},{"@type":"BreadcrumbList","@id":"https:\/\/www.csj-emballages.com\/de\/produit\/50-einweg-bierbecher-aus-weissem-karton-50-cl-59-cl\/#breadcrumb","itemListElement":[{"@type":"ListItem","position":1,"name":"Accueil","item":"https:\/\/www.csj-emballages.com\/de\/universum-lebensmittelverpackungen\/"},{"@type":"ListItem","position":2,"name":"Shop","item":"https:\/\/www.csj-emballages.com\/shop\/"},{"@type":"ListItem","position":3,"name":"Wei\u00dfer Pappbecher 50 cl \/ 59 cl pro 50"}]},{"@type":"WebSite","@id":"https:\/\/www.csj-emballages.com\/de\/#website","url":"https:\/\/www.csj-emballages.com\/de\/","name":"CSJ Emballages","description":"","publisher":{"@id":"https:\/\/www.csj-emballages.com\/de\/#organization"},"potentialAction":[{"@type":"SearchAction","target":{"@type":"EntryPoint","urlTemplate":"https:\/\/www.csj-emballages.com\/de\/?s={search_term_string}"},"query-input":{"@type":"PropertyValueSpecification","valueRequired":true,"valueName":"search_term_string"}}],"inLanguage":"de"},{"@type":"Organization","@id":"https:\/\/www.csj-emballages.com\/de\/#Organization\/","name":"CSJ Emballages","url":"https:\/\/www.csj-emballages.com\/de\/","logo":{"@type":"ImageObject","inLanguage":"de","@id":"https:\/\/www.csj-emballages.com\/de\/#\/schema\/logo\/image\/","url":"https:\/\/www.csj-emballages.com\/wp-content\/uploads\/2023\/10\/logo_csj.webp","contentUrl":"https:\/\/www.csj-emballages.com\/wp-content\/uploads\/2023\/10\/logo_csj.webp","width":250,"height":95,"caption":"CSJ Emballages"},"image":{"@id":"https:\/\/www.csj-emballages.com\/de\/#\/schema\/logo\/image\/"},"sameAs":["https:\/\/www.facebook.com\/csjemballages"],"address":{"@type":"PostalAddress","streetAddress":"ZI La Lechere","addressLocality":"Patornay","postalCode":"39130","addressCountry":"FR"},"contactPoint":[{"@type":"ContactPoint","contactType":"Service client","telephone":"0384254272","email":"contact@csj-emballages.com"}]}]}},"df_price":4.34,"df_sale_price":"","df_regular_price":4.34,"df_image_link":"https:\/\/www.csj-emballages.com\/wp-content\/uploads\/2024\/03\/3720GEB-300x300.webp","tiered_pricing_type":"fixed","tiered_pricing_fixed_rules":[],"tiered_pricing_percentage_rules":[],"tiered_pricing_minimum":1,"tiered_pricing_roles_data":[],"_links":{"self":[{"href":"https:\/\/www.csj-emballages.com\/de\/wp-json\/wp\/v2\/product\/18965","targetHints":{"allow":["GET"]}}],"collection":[{"href":"https:\/\/www.csj-emballages.com\/de\/wp-json\/wp\/v2\/product"}],"about":[{"href":"https:\/\/www.csj-emballages.com\/de\/wp-json\/wp\/v2\/types\/product"}],"wp:featuredmedia":[{"embeddable":true,"href":"https:\/\/www.csj-emballages.com\/de\/wp-json\/wp\/v2\/media\/190851"}],"wp:attachment":[{"href":"https:\/\/www.csj-emballages.com\/de\/wp-json\/wp\/v2\/media?parent=18965"}],"wp:term":[{"taxonomy":"product_brand","embeddable":true,"href":"https:\/\/www.csj-emballages.com\/de\/wp-json\/wp\/v2\/product_brand?post=18965"},{"taxonomy":"product_cat","embeddable":true,"href":"https:\/\/www.csj-emballages.com\/de\/wp-json\/wp\/v2\/product_cat?post=18965"},{"taxonomy":"product_tag","embeddable":true,"href":"https:\/\/www.csj-emballages.com\/de\/wp-json\/wp\/v2\/product_tag?post=18965"}],"curies":[{"name":"wp","href":"https:\/\/api.w.org\/{rel}","templated":true}]}}