{"id":18950,"date":"2024-03-01T16:57:46","date_gmt":"2024-03-01T15:57:46","guid":{"rendered":"https:\/\/u15jnbdpoq.preview.infomaniak.website\/produit\/50-becher-wasserspender-karton-17-5-cl\/"},"modified":"2026-03-26T02:11:01","modified_gmt":"2026-03-26T01:11:01","slug":"50-becher-wasserspender-karton-17-5-cl","status":"publish","type":"product","link":"https:\/\/www.csj-emballages.com\/de\/produit\/50-becher-wasserspender-karton-17-5-cl\/","title":{"rendered":"Wasserbecher aus Pappe 17.5 cl pro 50"},"content":{"rendered":"<h2>Wasserbecher<\/h2>\n<hr>\n<h3>Entdecken Sie unseren Wasserbecher aus Pappe 17,5 cl pro 50 St\u00fcck<\/h3>\n<p><!--more--><\/p>\n<p data-start=\"252\" data-end=\"645\">Dieser <strong data-start=\"255\" data-end=\"290\">Wasserbecher aus Karton mit 17,5 cl<\/strong> ist der ideale Begleiter f\u00fcr alle kleinen Trinkpausen, sei es im B\u00fcro, im Wartezimmer, bei einer Veranstaltung oder in der N\u00e4he eines Wasserspenders. Ihr <strong>schlichtes Design, das<\/strong> mit einer <strong>hellblauen Welle<\/strong> illustriert ist, vermittelt sofort ein Gef\u00fchl der Erfrischung. Schon allein die Optik macht Lust, sich ein Glas einzuschenken und den Tag gelassener fortzusetzen.  <\/p>\n<p data-start=\"647\" data-end=\"942\">Leicht, aber zuverl\u00e4ssig, liegt er perfekt in der Hand und verformt sich nicht, sobald man ihn bef\u00fcllt. Sie k\u00f6nnen ihn sowohl f\u00fcr kaltes Wasser als auch f\u00fcr leichte S\u00e4fte verwenden, ohne Angst haben zu m\u00fcssen, dass etwas ausl\u00e4uft. Es ist ein <strong>einfacher Becher<\/strong>, der aber so konzipiert ist, dass er vom ersten bis zum letzten Mal angenehm zu benutzen ist.  <\/p>\n<p data-start=\"944\" data-end=\"1319\">Da er <strong data-start=\"963\" data-end=\"973\">zu 50 St\u00fcck<\/strong> verkauft wird, l\u00e4sst er sich leicht in Gesch\u00e4ftsr\u00e4ume oder Durchgangsbereiche integrieren, ohne aufzutragen. Sie haben immer einen Vorrat in Reichweite und vermeiden gleichzeitig gro\u00dfe Vorr\u00e4te, die zu viel Platz beanspruchen. Dieses Format ist besonders praktisch f\u00fcr Unternehmen, \u00f6ffentliche Einrichtungen, Arztpraxen oder sogar Veranstaltungsorganisatoren.  <\/p>\n<p data-start=\"1321\" data-end=\"1622\">Dieser <strong>Wasserbecher<\/strong> setzt vor allem auf Effizienz: Er ist sauber, hygienisch, schnell zu verteilen und kann sofort \u00fcber Ihre lokalen Wertsch\u00f6pfungsketten recycelt werden. Er erm\u00f6glicht es Ihnen, einen klaren, sauberen und unkomplizierten Wasserservice anzubieten, und bietet gleichzeitig eine gepflegtere Optik als die traditionellen wei\u00dfen Becher. <\/p>\n<p data-start=\"1321\" data-end=\"1622\">\n<p data-start=\"1321\" data-end=\"1622\"><!--more--><\/p>\n<h4 data-start=\"1321\" data-end=\"1622\">Vorteile :<\/h4>\n<ul>\n<li data-start=\"1650\" data-end=\"1691\">Erfrischendes Design mit blauer Welle.<\/li>\n<li data-start=\"1694\" data-end=\"1745\">Inhalt <strong>17,5 cl<\/strong> perfekt f\u00fcr Wasserspender.<\/li>\n<li data-start=\"1748\" data-end=\"1782\">Stabiler Karton, ohne Verformung.<\/li>\n<li data-start=\"1785\" data-end=\"1813\">Praktisches Set von <strong>50 St\u00fcck<\/strong>.<\/li>\n<li data-start=\"1816\" data-end=\"1876\">Ideal f\u00fcr B\u00fcros, Praxen, Veranstaltungen und Empfangsbereiche.<\/li>\n<\/ul>\n<p>&nbsp;<\/p>\n<p><!--more--><\/p>\n<h4>Weitere Informationen :<\/h4>\n<ul>\n<li><strong>Verpackung<\/strong>: Packung mit 50 St\u00fcck<\/li>\n<li><strong>Volumen<\/strong>: 175 ml (200 ml knapp bemessen)<\/li>\n<li><strong>Durchmesser unten<\/strong>: 45 mm<\/li>\n<li><strong>Durchmesser oben<\/strong>: 70 mm<\/li>\n<li><strong>H\u00f6he<\/strong>: 82 mm<\/li>\n<li><strong>Farbe<\/strong>: Wei\u00df \/ Blau<\/li>\n<li><strong>Material<\/strong>: Karton + PE-Folie<\/li>\n<\/ul>\n<p>&nbsp;<\/p>\n<p><!--more--><\/p>\n<p><a href=\"https:\/\/www.csj-emballages.com\/de\/categorie-produit\/lebensmittelverpackungen\/restauration-de\/becher-glaser-eimer-flaschen\/pappbecher\/weise-becher\/\">Sehen Sie sich den Rest unseres Sortiments an Pappbechern an<\/a><\/p>\n","protected":false},"excerpt":{"rendered":"<p>Wasserbecher Entdecken Sie unseren Wasserbecher aus Pappe 17,5 cl pro 50 St\u00fcck<\/p>\n","protected":false},"featured_media":190723,"template":"","meta":{"_acf_changed":false},"product_brand":[],"product_cat":[1137,1134,1469,9244,9245],"product_tag":[],"class_list":{"0":"post-18950","1":"product","2":"type-product","3":"status-publish","4":"has-post-thumbnail","6":"product_cat-lebensmittelverpackungen","7":"product_cat-restauration-de","8":"product_cat-becher-glaser-eimer-flaschen","9":"product_cat-pappbecher","10":"product_cat-weise-becher","12":"first","13":"instock","14":"taxable","15":"shipping-taxable","16":"purchasable","17":"product-type-simple"},"acf":[],"yoast_head":"<!-- This site is optimized with the Yoast SEO Premium plugin v26.6 (Yoast SEO v26.6) - https:\/\/yoast.com\/wordpress\/plugins\/seo\/ -->\n<title>Wasserbecher Karton 17.5 cl pro 50<\/title>\n<meta name=\"description\" content=\"Wasserbecher aus Karton 17,5 cl, Dekor Blaue Welle, verkauft zu 50 St\u00fcck. Praktisch, robust und perfekt f\u00fcr Gesch\u00e4ftsr\u00e4ume und Wasserspender.\" \/>\n<meta name=\"robots\" content=\"index, follow, max-snippet:-1, max-image-preview:large, max-video-preview:-1\" \/>\n<link rel=\"canonical\" href=\"https:\/\/www.csj-emballages.com\/de\/produit\/50-becher-wasserspender-karton-17-5-cl\/\" \/>\n<meta property=\"og:locale\" content=\"de_DE\" \/>\n<meta property=\"og:type\" content=\"article\" \/>\n<meta property=\"og:title\" content=\"Wasserbecher aus Pappe 17.5 cl pro 50\" \/>\n<meta property=\"og:description\" content=\"Wasserbecher aus Karton 17,5 cl, Dekor Blaue Welle, verkauft zu 50 St\u00fcck. Praktisch, robust und perfekt f\u00fcr Gesch\u00e4ftsr\u00e4ume und Wasserspender.\" \/>\n<meta property=\"og:url\" content=\"https:\/\/www.csj-emballages.com\/de\/produit\/50-becher-wasserspender-karton-17-5-cl\/\" \/>\n<meta property=\"og:site_name\" content=\"CSJ Emballages\" \/>\n<meta property=\"article:publisher\" content=\"https:\/\/www.facebook.com\/csjemballages\" \/>\n<meta property=\"article:modified_time\" content=\"2026-03-26T01:11:01+00:00\" \/>\n<meta property=\"og:image\" content=\"https:\/\/www.csj-emballages.com\/wp-content\/uploads\/2024\/03\/Gobeleteau.webp\" \/>\n\t<meta property=\"og:image:width\" content=\"806\" \/>\n\t<meta property=\"og:image:height\" content=\"806\" \/>\n\t<meta property=\"og:image:type\" content=\"image\/webp\" \/>\n<meta name=\"twitter:card\" content=\"summary_large_image\" \/>\n<meta name=\"twitter:label1\" content=\"Gesch\u00e4tzte Lesezeit\" \/>\n\t<meta name=\"twitter:data1\" content=\"2 Minuten\" \/>\n<script type=\"application\/ld+json\" class=\"yoast-schema-graph\">{\"@context\":\"https:\/\/schema.org\",\"@graph\":[{\"@type\":\"WebPage\",\"@id\":\"https:\/\/www.csj-emballages.com\/de\/produit\/50-becher-wasserspender-karton-17-5-cl\/\",\"url\":\"https:\/\/www.csj-emballages.com\/de\/produit\/50-becher-wasserspender-karton-17-5-cl\/\",\"name\":\"Wasserbecher Karton 17.5 cl pro 50\",\"isPartOf\":{\"@id\":\"https:\/\/www.csj-emballages.com\/de\/#website\"},\"primaryImageOfPage\":{\"@id\":\"https:\/\/www.csj-emballages.com\/de\/produit\/50-becher-wasserspender-karton-17-5-cl\/#primaryimage\"},\"image\":{\"@id\":\"https:\/\/www.csj-emballages.com\/de\/produit\/50-becher-wasserspender-karton-17-5-cl\/#primaryimage\"},\"thumbnailUrl\":\"https:\/\/www.csj-emballages.com\/wp-content\/uploads\/2024\/03\/Gobeleteau.webp\",\"datePublished\":\"2024-03-01T15:57:46+00:00\",\"dateModified\":\"2026-03-26T01:11:01+00:00\",\"description\":\"Wasserbecher aus Karton 17,5 cl, Dekor Blaue Welle, verkauft zu 50 St\u00fcck. Praktisch, robust und perfekt f\u00fcr Gesch\u00e4ftsr\u00e4ume und Wasserspender.\",\"breadcrumb\":{\"@id\":\"https:\/\/www.csj-emballages.com\/de\/produit\/50-becher-wasserspender-karton-17-5-cl\/#breadcrumb\"},\"inLanguage\":\"de\",\"potentialAction\":[{\"@type\":\"ReadAction\",\"target\":[\"https:\/\/www.csj-emballages.com\/de\/produit\/50-becher-wasserspender-karton-17-5-cl\/\"]}]},{\"@type\":\"ImageObject\",\"inLanguage\":\"de\",\"@id\":\"https:\/\/www.csj-emballages.com\/de\/produit\/50-becher-wasserspender-karton-17-5-cl\/#primaryimage\",\"url\":\"https:\/\/www.csj-emballages.com\/wp-content\/uploads\/2024\/03\/Gobeleteau.webp\",\"contentUrl\":\"https:\/\/www.csj-emballages.com\/wp-content\/uploads\/2024\/03\/Gobeleteau.webp\",\"width\":806,\"height\":806,\"caption\":\"Gobelet carton\"},{\"@type\":\"BreadcrumbList\",\"@id\":\"https:\/\/www.csj-emballages.com\/de\/produit\/50-becher-wasserspender-karton-17-5-cl\/#breadcrumb\",\"itemListElement\":[{\"@type\":\"ListItem\",\"position\":1,\"name\":\"Accueil\",\"item\":\"https:\/\/www.csj-emballages.com\/de\/universum-lebensmittelverpackungen\/\"},{\"@type\":\"ListItem\",\"position\":2,\"name\":\"Shop\",\"item\":\"https:\/\/www.csj-emballages.com\/shop\/\"},{\"@type\":\"ListItem\",\"position\":3,\"name\":\"Wasserbecher aus Pappe 17.5 cl pro 50\"}]},{\"@type\":\"WebSite\",\"@id\":\"https:\/\/www.csj-emballages.com\/de\/#website\",\"url\":\"https:\/\/www.csj-emballages.com\/de\/\",\"name\":\"CSJ Emballages\",\"description\":\"\",\"publisher\":{\"@id\":\"https:\/\/www.csj-emballages.com\/de\/#organization\"},\"potentialAction\":[{\"@type\":\"SearchAction\",\"target\":{\"@type\":\"EntryPoint\",\"urlTemplate\":\"https:\/\/www.csj-emballages.com\/de\/?s={search_term_string}\"},\"query-input\":{\"@type\":\"PropertyValueSpecification\",\"valueRequired\":true,\"valueName\":\"search_term_string\"}}],\"inLanguage\":\"de\"},{\"@type\":\"Organization\",\"@id\":\"https:\/\/www.csj-emballages.com\/de\/#Organization\/\",\"name\":\"CSJ Emballages\",\"url\":\"https:\/\/www.csj-emballages.com\/de\/\",\"logo\":{\"@type\":\"ImageObject\",\"inLanguage\":\"de\",\"@id\":\"https:\/\/www.csj-emballages.com\/de\/#\/schema\/logo\/image\/\",\"url\":\"https:\/\/www.csj-emballages.com\/wp-content\/uploads\/2023\/10\/logo_csj.webp\",\"contentUrl\":\"https:\/\/www.csj-emballages.com\/wp-content\/uploads\/2023\/10\/logo_csj.webp\",\"width\":250,\"height\":95,\"caption\":\"CSJ Emballages\"},\"image\":{\"@id\":\"https:\/\/www.csj-emballages.com\/de\/#\/schema\/logo\/image\/\"},\"sameAs\":[\"https:\/\/www.facebook.com\/csjemballages\"],\"address\":{\"@type\":\"PostalAddress\",\"streetAddress\":\"ZI La Lechere\",\"addressLocality\":\"Patornay\",\"postalCode\":\"39130\",\"addressCountry\":\"FR\"},\"contactPoint\":[{\"@type\":\"ContactPoint\",\"contactType\":\"Service client\",\"telephone\":\"0384254272\",\"email\":\"contact@csj-emballages.com\"}]}]}<\/script>\n<!-- \/ Yoast SEO Premium plugin. -->","yoast_head_json":{"title":"Wasserbecher Karton 17.5 cl pro 50","description":"Wasserbecher aus Karton 17,5 cl, Dekor Blaue Welle, verkauft zu 50 St\u00fcck. Praktisch, robust und perfekt f\u00fcr Gesch\u00e4ftsr\u00e4ume und Wasserspender.","robots":{"index":"index","follow":"follow","max-snippet":"max-snippet:-1","max-image-preview":"max-image-preview:large","max-video-preview":"max-video-preview:-1"},"canonical":"https:\/\/www.csj-emballages.com\/de\/produit\/50-becher-wasserspender-karton-17-5-cl\/","og_locale":"de_DE","og_type":"article","og_title":"Wasserbecher aus Pappe 17.5 cl pro 50","og_description":"Wasserbecher aus Karton 17,5 cl, Dekor Blaue Welle, verkauft zu 50 St\u00fcck. Praktisch, robust und perfekt f\u00fcr Gesch\u00e4ftsr\u00e4ume und Wasserspender.","og_url":"https:\/\/www.csj-emballages.com\/de\/produit\/50-becher-wasserspender-karton-17-5-cl\/","og_site_name":"CSJ Emballages","article_publisher":"https:\/\/www.facebook.com\/csjemballages","article_modified_time":"2026-03-26T01:11:01+00:00","og_image":[{"width":806,"height":806,"url":"https:\/\/www.csj-emballages.com\/wp-content\/uploads\/2024\/03\/Gobeleteau.webp","type":"image\/webp"}],"twitter_card":"summary_large_image","twitter_misc":{"Gesch\u00e4tzte Lesezeit":"2 Minuten"},"schema":{"@context":"https:\/\/schema.org","@graph":[{"@type":"WebPage","@id":"https:\/\/www.csj-emballages.com\/de\/produit\/50-becher-wasserspender-karton-17-5-cl\/","url":"https:\/\/www.csj-emballages.com\/de\/produit\/50-becher-wasserspender-karton-17-5-cl\/","name":"Wasserbecher Karton 17.5 cl pro 50","isPartOf":{"@id":"https:\/\/www.csj-emballages.com\/de\/#website"},"primaryImageOfPage":{"@id":"https:\/\/www.csj-emballages.com\/de\/produit\/50-becher-wasserspender-karton-17-5-cl\/#primaryimage"},"image":{"@id":"https:\/\/www.csj-emballages.com\/de\/produit\/50-becher-wasserspender-karton-17-5-cl\/#primaryimage"},"thumbnailUrl":"https:\/\/www.csj-emballages.com\/wp-content\/uploads\/2024\/03\/Gobeleteau.webp","datePublished":"2024-03-01T15:57:46+00:00","dateModified":"2026-03-26T01:11:01+00:00","description":"Wasserbecher aus Karton 17,5 cl, Dekor Blaue Welle, verkauft zu 50 St\u00fcck. Praktisch, robust und perfekt f\u00fcr Gesch\u00e4ftsr\u00e4ume und Wasserspender.","breadcrumb":{"@id":"https:\/\/www.csj-emballages.com\/de\/produit\/50-becher-wasserspender-karton-17-5-cl\/#breadcrumb"},"inLanguage":"de","potentialAction":[{"@type":"ReadAction","target":["https:\/\/www.csj-emballages.com\/de\/produit\/50-becher-wasserspender-karton-17-5-cl\/"]}]},{"@type":"ImageObject","inLanguage":"de","@id":"https:\/\/www.csj-emballages.com\/de\/produit\/50-becher-wasserspender-karton-17-5-cl\/#primaryimage","url":"https:\/\/www.csj-emballages.com\/wp-content\/uploads\/2024\/03\/Gobeleteau.webp","contentUrl":"https:\/\/www.csj-emballages.com\/wp-content\/uploads\/2024\/03\/Gobeleteau.webp","width":806,"height":806,"caption":"Gobelet carton"},{"@type":"BreadcrumbList","@id":"https:\/\/www.csj-emballages.com\/de\/produit\/50-becher-wasserspender-karton-17-5-cl\/#breadcrumb","itemListElement":[{"@type":"ListItem","position":1,"name":"Accueil","item":"https:\/\/www.csj-emballages.com\/de\/universum-lebensmittelverpackungen\/"},{"@type":"ListItem","position":2,"name":"Shop","item":"https:\/\/www.csj-emballages.com\/shop\/"},{"@type":"ListItem","position":3,"name":"Wasserbecher aus Pappe 17.5 cl pro 50"}]},{"@type":"WebSite","@id":"https:\/\/www.csj-emballages.com\/de\/#website","url":"https:\/\/www.csj-emballages.com\/de\/","name":"CSJ Emballages","description":"","publisher":{"@id":"https:\/\/www.csj-emballages.com\/de\/#organization"},"potentialAction":[{"@type":"SearchAction","target":{"@type":"EntryPoint","urlTemplate":"https:\/\/www.csj-emballages.com\/de\/?s={search_term_string}"},"query-input":{"@type":"PropertyValueSpecification","valueRequired":true,"valueName":"search_term_string"}}],"inLanguage":"de"},{"@type":"Organization","@id":"https:\/\/www.csj-emballages.com\/de\/#Organization\/","name":"CSJ Emballages","url":"https:\/\/www.csj-emballages.com\/de\/","logo":{"@type":"ImageObject","inLanguage":"de","@id":"https:\/\/www.csj-emballages.com\/de\/#\/schema\/logo\/image\/","url":"https:\/\/www.csj-emballages.com\/wp-content\/uploads\/2023\/10\/logo_csj.webp","contentUrl":"https:\/\/www.csj-emballages.com\/wp-content\/uploads\/2023\/10\/logo_csj.webp","width":250,"height":95,"caption":"CSJ Emballages"},"image":{"@id":"https:\/\/www.csj-emballages.com\/de\/#\/schema\/logo\/image\/"},"sameAs":["https:\/\/www.facebook.com\/csjemballages"],"address":{"@type":"PostalAddress","streetAddress":"ZI La Lechere","addressLocality":"Patornay","postalCode":"39130","addressCountry":"FR"},"contactPoint":[{"@type":"ContactPoint","contactType":"Service client","telephone":"0384254272","email":"contact@csj-emballages.com"}]}]}},"df_price":1.88,"df_sale_price":"","df_regular_price":1.88,"df_image_link":"https:\/\/www.csj-emballages.com\/wp-content\/uploads\/2024\/03\/Gobeleteau-300x300.webp","tiered_pricing_type":"fixed","tiered_pricing_fixed_rules":[],"tiered_pricing_percentage_rules":[],"tiered_pricing_minimum":1,"tiered_pricing_roles_data":[],"_links":{"self":[{"href":"https:\/\/www.csj-emballages.com\/de\/wp-json\/wp\/v2\/product\/18950","targetHints":{"allow":["GET"]}}],"collection":[{"href":"https:\/\/www.csj-emballages.com\/de\/wp-json\/wp\/v2\/product"}],"about":[{"href":"https:\/\/www.csj-emballages.com\/de\/wp-json\/wp\/v2\/types\/product"}],"wp:featuredmedia":[{"embeddable":true,"href":"https:\/\/www.csj-emballages.com\/de\/wp-json\/wp\/v2\/media\/190723"}],"wp:attachment":[{"href":"https:\/\/www.csj-emballages.com\/de\/wp-json\/wp\/v2\/media?parent=18950"}],"wp:term":[{"taxonomy":"product_brand","embeddable":true,"href":"https:\/\/www.csj-emballages.com\/de\/wp-json\/wp\/v2\/product_brand?post=18950"},{"taxonomy":"product_cat","embeddable":true,"href":"https:\/\/www.csj-emballages.com\/de\/wp-json\/wp\/v2\/product_cat?post=18950"},{"taxonomy":"product_tag","embeddable":true,"href":"https:\/\/www.csj-emballages.com\/de\/wp-json\/wp\/v2\/product_tag?post=18950"}],"curies":[{"name":"wp","href":"https:\/\/api.w.org\/{rel}","templated":true}]}}