{"id":18936,"date":"2024-03-01T16:59:10","date_gmt":"2024-03-01T15:59:10","guid":{"rendered":"https:\/\/u15jnbdpoq.preview.infomaniak.website\/produit\/aluminium-trapezbesen-mit-klettverschluss-und-4-einsaetzen-zur-befestigung-von-gaze-55-cm\/"},"modified":"2026-04-25T02:10:44","modified_gmt":"2026-04-25T00:10:44","slug":"aluminium-trapezbesen-mit-klettverschluss-und-4-einsaetzen-zur-befestigung-von-gaze-55-cm","status":"publish","type":"product","link":"https:\/\/www.csj-emballages.com\/de\/produit\/aluminium-trapezbesen-mit-klettverschluss-und-4-einsaetzen-zur-befestigung-von-gaze-55-cm\/","title":{"rendered":"Aluminium-Trapezbesen mit Klettverschluss und 4 Eins\u00e4tzen zur Befestigung von Gaze 55 cm"},"content":{"rendered":"<h2>Trapezf\u00f6rmiger Besen<\/h2>\n<hr>\n<h3>Beschreibung unseres Aluminium-Trapezbesens mit Klettverschluss und 4 Eins\u00e4tzen zur Befestigung von Gaze 55 cm<\/h3>\n<p><!--more--><\/p>\n<p>Entdecken Sie den <strong>Aluminium-Trapezbesen mit Klettverschluss und 4 Eins\u00e4tzen zur Befestigung von Gaze<\/strong>, ein revolution\u00e4res und leistungsstarkes Reinigungswerkzeug. Zun\u00e4chst einmal ist dieser <strong>50 cm lange Besen<\/strong> f\u00fcr den t\u00e4glichen Gebrauch konzipiert und garantiert eine einwandfreie und m\u00fchelose Reinigung. Dank seiner Aluminiumstruktur ist er leicht und einfach zu man\u00f6vrieren, was Ihre Reinigungsarbeiten angenehmer macht. Das <strong>Klettsystem<\/strong> erm\u00f6glicht ein schnelles Befestigen und Entfernen der Gaze. <span style=\"color: #d12727;\"><a style=\"color: #d12727;\" href=\"https:\/\/www.csj-emballages.com\/produit\/50-gazes-impregnees-roses-30-x-60-cm\/\"><strong>Gaze<\/strong><\/a><\/span>Dadurch sparen Sie wertvolle Zeit. Die <strong>4 Gazebefestigungseins\u00e4tze<\/strong> sorgen f\u00fcr einen perfekten Halt und verhindern ein Verrutschen w\u00e4hrend der Reinigung. Die Trapezform erleichtert den Zugang zu schwierigen Ecken.     <\/p>\n<p>Er ist ideal f\u00fcr harte B\u00f6den, gleitet leicht und entfernt Staub und Schmutz in einem Zug. Der ergonomische Aluminiumstiel liegt gut in der Hand und verringert die Erm\u00fcdung der Handgelenke. Daher ist der <strong>Trapezbesen<\/strong> perfekt f\u00fcr professionelle Reinigungsfirmen und anspruchsvolle Privathaushalte.  <\/p>\n<p>&nbsp;<\/p>\n<p><!--more--><\/p>\n<p>Entscheiden Sie sich f\u00fcr Effizienz mit dem <strong>Aluminium-Trapezbesen mit Klettverschluss und 4 Eins\u00e4tzen zur Befestigung<\/strong> von <strong> <span style=\"color: #d12727;\"><a style=\"color: #d12727;\" href=\"https:\/\/www.csj-emballages.com\/produit\/50-gazes-impregnees-roses-30-x-60-cm\/\">Gaze<\/a><\/span><\/strong>.<\/p>\n<p>&nbsp;<\/p>\n<p><!--more--><\/p>\n<p><strong>Vorteile :<\/strong><\/p>\n<ul>\n<li>Seine Aluminiumkonstruktion macht es leicht und einfach zu man\u00f6vrieren und reduziert die Erm\u00fcdung beim Reinigen.<\/li>\n<li>Das Klettsystem erm\u00f6glicht das schnelle Anbringen und Entfernen der T\u00fccher und spart Ihnen Zeit.<\/li>\n<li>Die 4 Tuchhalterungen gew\u00e4hrleisten einen festen Halt und verhindern ein Verrutschen w\u00e4hrend des Gebrauchs.<\/li>\n<li>Seine Effizienz erm\u00f6glicht schnelles und effektives Reinigen und optimiert Ihre Reinigungszeit.<\/li>\n<li>Ideal sowohl f\u00fcr professionelle Reiniger als auch f\u00fcr anspruchsvolle Privatanwender.<\/li>\n<\/ul>\n<p>&nbsp;<\/p>\n<p><!--more--><\/p>\n<h4>Weitere Informationen :<\/h4>\n<ul>\n<li><strong>Verpackung<\/strong>: Einzeln<\/li>\n<li><strong>Farbe<\/strong>: Blau \/ Grau<\/li>\n<li><strong>L\u00e4nge<\/strong>: 55 cm<\/li>\n<li><strong>Kapazit\u00e4t<\/strong>: 4 Einlagen<\/li>\n<\/ul>\n<p>&nbsp;<\/p>\n<p><!--more--><\/p>\n<p>Hier finden Sie die mit diesem Produkt kompatiblen Gazen: <span style=\"color: #d12727;\"><a style=\"color: #d12727;\" href=\"https:\/\/www.csj-emballages.com\/produit\/50-gazes-impregnees-roses-30-x-60-cm\/\">GASE<\/a><\/span><\/p>\n<p>&nbsp;<\/p>\n<p><!--more--><\/p>\n<p><a href=\"https:\/\/www.csj-emballages.com\/de\/categorie-produit\/hygiene-und-pflege\/bursten-und-besen\/besen-burste-staubwedel\/klettverschluss-sortiment\/\">Sehen Sie sich den Rest unseres Klettverschluss-Sortiments an.<\/a><\/p>\n","protected":false},"excerpt":{"rendered":"<p>Trapezf\u00f6rmiger Besen Beschreibung unseres Aluminium-Trapezbesens mit Klettverschluss und 4 Eins\u00e4tzen zur Befestigung von Gaze 55 cm<\/p>\n","protected":false},"featured_media":221440,"template":"","meta":{"_acf_changed":false},"product_brand":[],"product_cat":[1218,1449,1845,1977],"product_tag":[],"class_list":{"0":"post-18936","1":"product","2":"type-product","3":"status-publish","4":"has-post-thumbnail","6":"product_cat-hygiene-und-pflege","7":"product_cat-bursten-und-besen","8":"product_cat-besen-burste-staubwedel","9":"product_cat-klettverschluss-sortiment","11":"first","12":"instock","13":"taxable","14":"shipping-taxable","15":"purchasable","16":"product-type-simple"},"acf":[],"yoast_head":"<!-- This site is optimized with the Yoast SEO Premium plugin v26.6 (Yoast SEO v26.6) - https:\/\/yoast.com\/wordpress\/plugins\/seo\/ -->\n<title>Aluminium Trapez Besen Klettverschluss 4 Eins\u00e4tze Mullbinde 55 cm<\/title>\n<meta name=\"description\" content=\"Entdecken Sie den Aluminium-Trapezbesen mit Klettverschluss 50 cm und 4 Eins\u00e4tzen zur Befestigung von Gaze: leicht, handlich, langlebig und ideal f\u00fcr eine schnelle und effektive Reinigung.\" \/>\n<meta name=\"robots\" content=\"index, follow, max-snippet:-1, max-image-preview:large, max-video-preview:-1\" \/>\n<link rel=\"canonical\" href=\"https:\/\/www.csj-emballages.com\/de\/produit\/aluminium-trapezbesen-mit-klettverschluss-und-4-einsaetzen-zur-befestigung-von-gaze-55-cm\/\" \/>\n<meta property=\"og:locale\" content=\"de_DE\" \/>\n<meta property=\"og:type\" content=\"article\" \/>\n<meta property=\"og:title\" content=\"Aluminium-Trapezbesen mit Klettverschluss und 4 Eins\u00e4tzen zur Befestigung von Gaze 55 cm\" \/>\n<meta property=\"og:description\" content=\"Entdecken Sie den Aluminium-Trapezbesen mit Klettverschluss 50 cm und 4 Eins\u00e4tzen zur Befestigung von Gaze: leicht, handlich, langlebig und ideal f\u00fcr eine schnelle und effektive Reinigung.\" \/>\n<meta property=\"og:url\" content=\"https:\/\/www.csj-emballages.com\/de\/produit\/aluminium-trapezbesen-mit-klettverschluss-und-4-einsaetzen-zur-befestigung-von-gaze-55-cm\/\" \/>\n<meta property=\"og:site_name\" content=\"CSJ Emballages\" \/>\n<meta property=\"article:publisher\" content=\"https:\/\/www.facebook.com\/csjemballages\" \/>\n<meta property=\"article:modified_time\" content=\"2026-04-25T00:10:44+00:00\" \/>\n<meta property=\"og:image\" content=\"https:\/\/www.csj-emballages.com\/wp-content\/uploads\/2024\/03\/261.webp\" \/>\n\t<meta property=\"og:image:width\" content=\"800\" \/>\n\t<meta property=\"og:image:height\" content=\"800\" \/>\n\t<meta property=\"og:image:type\" content=\"image\/webp\" \/>\n<meta name=\"twitter:card\" content=\"summary_large_image\" \/>\n<meta name=\"twitter:label1\" content=\"Gesch\u00e4tzte Lesezeit\" \/>\n\t<meta name=\"twitter:data1\" content=\"1\u00a0Minute\" \/>\n<script type=\"application\/ld+json\" class=\"yoast-schema-graph\">{\"@context\":\"https:\/\/schema.org\",\"@graph\":[{\"@type\":\"WebPage\",\"@id\":\"https:\/\/www.csj-emballages.com\/de\/produit\/aluminium-trapezbesen-mit-klettverschluss-und-4-einsaetzen-zur-befestigung-von-gaze-55-cm\/\",\"url\":\"https:\/\/www.csj-emballages.com\/de\/produit\/aluminium-trapezbesen-mit-klettverschluss-und-4-einsaetzen-zur-befestigung-von-gaze-55-cm\/\",\"name\":\"Aluminium Trapez Besen Klettverschluss 4 Eins\u00e4tze Mullbinde 55 cm\",\"isPartOf\":{\"@id\":\"https:\/\/www.csj-emballages.com\/de\/#website\"},\"primaryImageOfPage\":{\"@id\":\"https:\/\/www.csj-emballages.com\/de\/produit\/aluminium-trapezbesen-mit-klettverschluss-und-4-einsaetzen-zur-befestigung-von-gaze-55-cm\/#primaryimage\"},\"image\":{\"@id\":\"https:\/\/www.csj-emballages.com\/de\/produit\/aluminium-trapezbesen-mit-klettverschluss-und-4-einsaetzen-zur-befestigung-von-gaze-55-cm\/#primaryimage\"},\"thumbnailUrl\":\"https:\/\/www.csj-emballages.com\/wp-content\/uploads\/2024\/03\/261.webp\",\"datePublished\":\"2024-03-01T15:59:10+00:00\",\"dateModified\":\"2026-04-25T00:10:44+00:00\",\"description\":\"Entdecken Sie den Aluminium-Trapezbesen mit Klettverschluss 50 cm und 4 Eins\u00e4tzen zur Befestigung von Gaze: leicht, handlich, langlebig und ideal f\u00fcr eine schnelle und effektive Reinigung.\",\"breadcrumb\":{\"@id\":\"https:\/\/www.csj-emballages.com\/de\/produit\/aluminium-trapezbesen-mit-klettverschluss-und-4-einsaetzen-zur-befestigung-von-gaze-55-cm\/#breadcrumb\"},\"inLanguage\":\"de\",\"potentialAction\":[{\"@type\":\"ReadAction\",\"target\":[\"https:\/\/www.csj-emballages.com\/de\/produit\/aluminium-trapezbesen-mit-klettverschluss-und-4-einsaetzen-zur-befestigung-von-gaze-55-cm\/\"]}]},{\"@type\":\"ImageObject\",\"inLanguage\":\"de\",\"@id\":\"https:\/\/www.csj-emballages.com\/de\/produit\/aluminium-trapezbesen-mit-klettverschluss-und-4-einsaetzen-zur-befestigung-von-gaze-55-cm\/#primaryimage\",\"url\":\"https:\/\/www.csj-emballages.com\/wp-content\/uploads\/2024\/03\/261.webp\",\"contentUrl\":\"https:\/\/www.csj-emballages.com\/wp-content\/uploads\/2024\/03\/261.webp\",\"width\":800,\"height\":800,\"caption\":\"Balai trap\u00e8ze\"},{\"@type\":\"BreadcrumbList\",\"@id\":\"https:\/\/www.csj-emballages.com\/de\/produit\/aluminium-trapezbesen-mit-klettverschluss-und-4-einsaetzen-zur-befestigung-von-gaze-55-cm\/#breadcrumb\",\"itemListElement\":[{\"@type\":\"ListItem\",\"position\":1,\"name\":\"Accueil\",\"item\":\"https:\/\/www.csj-emballages.com\/de\/universum-lebensmittelverpackungen\/\"},{\"@type\":\"ListItem\",\"position\":2,\"name\":\"Shop\",\"item\":\"https:\/\/www.csj-emballages.com\/shop\/\"},{\"@type\":\"ListItem\",\"position\":3,\"name\":\"Aluminium-Trapezbesen mit Klettverschluss und 4 Eins\u00e4tzen zur Befestigung von Gaze 55 cm\"}]},{\"@type\":\"WebSite\",\"@id\":\"https:\/\/www.csj-emballages.com\/de\/#website\",\"url\":\"https:\/\/www.csj-emballages.com\/de\/\",\"name\":\"CSJ Emballages\",\"description\":\"\",\"publisher\":{\"@id\":\"https:\/\/www.csj-emballages.com\/de\/#organization\"},\"potentialAction\":[{\"@type\":\"SearchAction\",\"target\":{\"@type\":\"EntryPoint\",\"urlTemplate\":\"https:\/\/www.csj-emballages.com\/de\/?s={search_term_string}\"},\"query-input\":{\"@type\":\"PropertyValueSpecification\",\"valueRequired\":true,\"valueName\":\"search_term_string\"}}],\"inLanguage\":\"de\"},{\"@type\":\"Organization\",\"@id\":\"https:\/\/www.csj-emballages.com\/de\/#Organization\/\",\"name\":\"CSJ Emballages\",\"url\":\"https:\/\/www.csj-emballages.com\/de\/\",\"logo\":{\"@type\":\"ImageObject\",\"inLanguage\":\"de\",\"@id\":\"https:\/\/www.csj-emballages.com\/de\/#\/schema\/logo\/image\/\",\"url\":\"https:\/\/www.csj-emballages.com\/wp-content\/uploads\/2023\/10\/logo_csj.webp\",\"contentUrl\":\"https:\/\/www.csj-emballages.com\/wp-content\/uploads\/2023\/10\/logo_csj.webp\",\"width\":250,\"height\":95,\"caption\":\"CSJ Emballages\"},\"image\":{\"@id\":\"https:\/\/www.csj-emballages.com\/de\/#\/schema\/logo\/image\/\"},\"sameAs\":[\"https:\/\/www.facebook.com\/csjemballages\"],\"address\":{\"@type\":\"PostalAddress\",\"streetAddress\":\"ZI La Lechere\",\"addressLocality\":\"Patornay\",\"postalCode\":\"39130\",\"addressCountry\":\"FR\"},\"contactPoint\":[{\"@type\":\"ContactPoint\",\"contactType\":\"Service client\",\"telephone\":\"0384254272\",\"email\":\"contact@csj-emballages.com\"}]}]}<\/script>\n<!-- \/ Yoast SEO Premium plugin. -->","yoast_head_json":{"title":"Aluminium Trapez Besen Klettverschluss 4 Eins\u00e4tze Mullbinde 55 cm","description":"Entdecken Sie den Aluminium-Trapezbesen mit Klettverschluss 50 cm und 4 Eins\u00e4tzen zur Befestigung von Gaze: leicht, handlich, langlebig und ideal f\u00fcr eine schnelle und effektive Reinigung.","robots":{"index":"index","follow":"follow","max-snippet":"max-snippet:-1","max-image-preview":"max-image-preview:large","max-video-preview":"max-video-preview:-1"},"canonical":"https:\/\/www.csj-emballages.com\/de\/produit\/aluminium-trapezbesen-mit-klettverschluss-und-4-einsaetzen-zur-befestigung-von-gaze-55-cm\/","og_locale":"de_DE","og_type":"article","og_title":"Aluminium-Trapezbesen mit Klettverschluss und 4 Eins\u00e4tzen zur Befestigung von Gaze 55 cm","og_description":"Entdecken Sie den Aluminium-Trapezbesen mit Klettverschluss 50 cm und 4 Eins\u00e4tzen zur Befestigung von Gaze: leicht, handlich, langlebig und ideal f\u00fcr eine schnelle und effektive Reinigung.","og_url":"https:\/\/www.csj-emballages.com\/de\/produit\/aluminium-trapezbesen-mit-klettverschluss-und-4-einsaetzen-zur-befestigung-von-gaze-55-cm\/","og_site_name":"CSJ Emballages","article_publisher":"https:\/\/www.facebook.com\/csjemballages","article_modified_time":"2026-04-25T00:10:44+00:00","og_image":[{"width":800,"height":800,"url":"https:\/\/www.csj-emballages.com\/wp-content\/uploads\/2024\/03\/261.webp","type":"image\/webp"}],"twitter_card":"summary_large_image","twitter_misc":{"Gesch\u00e4tzte Lesezeit":"1\u00a0Minute"},"schema":{"@context":"https:\/\/schema.org","@graph":[{"@type":"WebPage","@id":"https:\/\/www.csj-emballages.com\/de\/produit\/aluminium-trapezbesen-mit-klettverschluss-und-4-einsaetzen-zur-befestigung-von-gaze-55-cm\/","url":"https:\/\/www.csj-emballages.com\/de\/produit\/aluminium-trapezbesen-mit-klettverschluss-und-4-einsaetzen-zur-befestigung-von-gaze-55-cm\/","name":"Aluminium Trapez Besen Klettverschluss 4 Eins\u00e4tze Mullbinde 55 cm","isPartOf":{"@id":"https:\/\/www.csj-emballages.com\/de\/#website"},"primaryImageOfPage":{"@id":"https:\/\/www.csj-emballages.com\/de\/produit\/aluminium-trapezbesen-mit-klettverschluss-und-4-einsaetzen-zur-befestigung-von-gaze-55-cm\/#primaryimage"},"image":{"@id":"https:\/\/www.csj-emballages.com\/de\/produit\/aluminium-trapezbesen-mit-klettverschluss-und-4-einsaetzen-zur-befestigung-von-gaze-55-cm\/#primaryimage"},"thumbnailUrl":"https:\/\/www.csj-emballages.com\/wp-content\/uploads\/2024\/03\/261.webp","datePublished":"2024-03-01T15:59:10+00:00","dateModified":"2026-04-25T00:10:44+00:00","description":"Entdecken Sie den Aluminium-Trapezbesen mit Klettverschluss 50 cm und 4 Eins\u00e4tzen zur Befestigung von Gaze: leicht, handlich, langlebig und ideal f\u00fcr eine schnelle und effektive Reinigung.","breadcrumb":{"@id":"https:\/\/www.csj-emballages.com\/de\/produit\/aluminium-trapezbesen-mit-klettverschluss-und-4-einsaetzen-zur-befestigung-von-gaze-55-cm\/#breadcrumb"},"inLanguage":"de","potentialAction":[{"@type":"ReadAction","target":["https:\/\/www.csj-emballages.com\/de\/produit\/aluminium-trapezbesen-mit-klettverschluss-und-4-einsaetzen-zur-befestigung-von-gaze-55-cm\/"]}]},{"@type":"ImageObject","inLanguage":"de","@id":"https:\/\/www.csj-emballages.com\/de\/produit\/aluminium-trapezbesen-mit-klettverschluss-und-4-einsaetzen-zur-befestigung-von-gaze-55-cm\/#primaryimage","url":"https:\/\/www.csj-emballages.com\/wp-content\/uploads\/2024\/03\/261.webp","contentUrl":"https:\/\/www.csj-emballages.com\/wp-content\/uploads\/2024\/03\/261.webp","width":800,"height":800,"caption":"Balai trap\u00e8ze"},{"@type":"BreadcrumbList","@id":"https:\/\/www.csj-emballages.com\/de\/produit\/aluminium-trapezbesen-mit-klettverschluss-und-4-einsaetzen-zur-befestigung-von-gaze-55-cm\/#breadcrumb","itemListElement":[{"@type":"ListItem","position":1,"name":"Accueil","item":"https:\/\/www.csj-emballages.com\/de\/universum-lebensmittelverpackungen\/"},{"@type":"ListItem","position":2,"name":"Shop","item":"https:\/\/www.csj-emballages.com\/shop\/"},{"@type":"ListItem","position":3,"name":"Aluminium-Trapezbesen mit Klettverschluss und 4 Eins\u00e4tzen zur Befestigung von Gaze 55 cm"}]},{"@type":"WebSite","@id":"https:\/\/www.csj-emballages.com\/de\/#website","url":"https:\/\/www.csj-emballages.com\/de\/","name":"CSJ Emballages","description":"","publisher":{"@id":"https:\/\/www.csj-emballages.com\/de\/#organization"},"potentialAction":[{"@type":"SearchAction","target":{"@type":"EntryPoint","urlTemplate":"https:\/\/www.csj-emballages.com\/de\/?s={search_term_string}"},"query-input":{"@type":"PropertyValueSpecification","valueRequired":true,"valueName":"search_term_string"}}],"inLanguage":"de"},{"@type":"Organization","@id":"https:\/\/www.csj-emballages.com\/de\/#Organization\/","name":"CSJ Emballages","url":"https:\/\/www.csj-emballages.com\/de\/","logo":{"@type":"ImageObject","inLanguage":"de","@id":"https:\/\/www.csj-emballages.com\/de\/#\/schema\/logo\/image\/","url":"https:\/\/www.csj-emballages.com\/wp-content\/uploads\/2023\/10\/logo_csj.webp","contentUrl":"https:\/\/www.csj-emballages.com\/wp-content\/uploads\/2023\/10\/logo_csj.webp","width":250,"height":95,"caption":"CSJ Emballages"},"image":{"@id":"https:\/\/www.csj-emballages.com\/de\/#\/schema\/logo\/image\/"},"sameAs":["https:\/\/www.facebook.com\/csjemballages"],"address":{"@type":"PostalAddress","streetAddress":"ZI La Lechere","addressLocality":"Patornay","postalCode":"39130","addressCountry":"FR"},"contactPoint":[{"@type":"ContactPoint","contactType":"Service client","telephone":"0384254272","email":"contact@csj-emballages.com"}]}]}},"df_price":9.23,"df_sale_price":"","df_regular_price":9.23,"df_image_link":"https:\/\/www.csj-emballages.com\/wp-content\/uploads\/2024\/03\/261-300x300.webp","tiered_pricing_type":"fixed","tiered_pricing_fixed_rules":[],"tiered_pricing_percentage_rules":[],"tiered_pricing_minimum":1,"tiered_pricing_roles_data":[],"_links":{"self":[{"href":"https:\/\/www.csj-emballages.com\/de\/wp-json\/wp\/v2\/product\/18936","targetHints":{"allow":["GET"]}}],"collection":[{"href":"https:\/\/www.csj-emballages.com\/de\/wp-json\/wp\/v2\/product"}],"about":[{"href":"https:\/\/www.csj-emballages.com\/de\/wp-json\/wp\/v2\/types\/product"}],"wp:featuredmedia":[{"embeddable":true,"href":"https:\/\/www.csj-emballages.com\/de\/wp-json\/wp\/v2\/media\/221440"}],"wp:attachment":[{"href":"https:\/\/www.csj-emballages.com\/de\/wp-json\/wp\/v2\/media?parent=18936"}],"wp:term":[{"taxonomy":"product_brand","embeddable":true,"href":"https:\/\/www.csj-emballages.com\/de\/wp-json\/wp\/v2\/product_brand?post=18936"},{"taxonomy":"product_cat","embeddable":true,"href":"https:\/\/www.csj-emballages.com\/de\/wp-json\/wp\/v2\/product_cat?post=18936"},{"taxonomy":"product_tag","embeddable":true,"href":"https:\/\/www.csj-emballages.com\/de\/wp-json\/wp\/v2\/product_tag?post=18936"}],"curies":[{"name":"wp","href":"https:\/\/api.w.org\/{rel}","templated":true}]}}