{"id":18930,"date":"2024-03-01T16:59:10","date_gmt":"2024-03-01T15:59:10","guid":{"rendered":"https:\/\/u15jnbdpoq.preview.infomaniak.website\/produit\/1-weisser-verschluss-fuer-38-mm-flaschen\/"},"modified":"2026-05-07T02:10:51","modified_gmt":"2026-05-07T00:10:51","slug":"1-weisser-verschluss-fuer-38-mm-flaschen","status":"publish","type":"product","link":"https:\/\/www.csj-emballages.com\/de\/produit\/1-weisser-verschluss-fuer-38-mm-flaschen\/","title":{"rendered":"Wei\u00dfer Flaschenverschluss 38 mm"},"content":{"rendered":"<h2>Flaschenverschluss<\/h2>\n<hr>\n<h3>Entdecken Sie unseren wei\u00dfen Flaschenverschluss 38 mm pro 1<\/h3>\n<p><!--more--><\/p>\n<div class=\"flex max-w-full flex-col flex-grow\">\n<div class=\"min-h-8 text-message flex w-full flex-col items-end gap-2 whitespace-normal break-words text-start [.text-message+&amp;]:mt-5\" dir=\"auto\" data-message-author-role=\"assistant\" data-message-id=\"06bf7cfe-6134-4ab1-9ac4-baf22d30627f\" data-message-model-slug=\"gpt-4o-mini\">\n<div class=\"flex w-full flex-col gap-1 empty:hidden first:pt-[3px]\">\n<div class=\"markdown prose w-full break-words dark:prose-invert light\">\n<p data-start=\"315\" data-end=\"727\">Dieser <strong>wei\u00dfe Plastikstopfen<\/strong> ist das kleine Teil, das den Unterschied ausmacht, wenn es darum geht, eine <strong>Flasche oder ein Fl\u00e4schchen<\/strong> sicher zu verschlie\u00dfen. Er sieht einfach aus, ist aber im Alltag sehr praktisch und sorgt f\u00fcr einen sauberen, klaren und absolut luftdichten Verschluss. Dank seines pr\u00e4zisen <strong>Gewindes<\/strong> l\u00e4sst er sich mit einem Handgriff aufschrauben und sitzt fest, sodass er nicht auslaufen kann und der Inhalt auch beim Transport gesch\u00fctzt ist.  <\/p>\n<p data-start=\"729\" data-end=\"1067\">Seine <strong>glatte Oberfl\u00e4che und die wei\u00dfe Farbe<\/strong> sorgen f\u00fcr ein sauberes und professionelles Aussehen, egal ob f\u00fcr fl\u00fcssige Lebensmittel, handwerkliche Zubereitungen, Kosmetika oder technische L\u00f6sungen. Er eignet sich sowohl f\u00fcr Unternehmen als auch f\u00fcr Privatpersonen, die einen zuverl\u00e4ssigen Verschluss suchen, der mit verschiedenen Verwendungszwecken kompatibel ist. <\/p>\n<p data-start=\"1069\" data-end=\"1344\">Da er aus <strong>Kunststoff<\/strong> hergestellt ist, h\u00e4lt er wiederholter Handhabung sehr gut stand. Sie k\u00f6nnen ihn mehrmals \u00f6ffnen und wieder schlie\u00dfen, ohne dass sich seine Haltbarkeit \u00e4ndert. <\/p>\n<p data-start=\"1346\" data-end=\"1681\">Ob Sie ihn zur Sicherung einer Probeflasche, zur Fertigstellung eines verpackten Produkts oder zum Ersatz eines verlorenen Verschlusses verwenden, dieses Modell bietet eine einfache, dauerhafte und praktische L\u00f6sung. Kurz gesagt: Er l\u00e4sst sich problemlos in Ihre Produktionskette oder Ihren t\u00e4glichen Ablauf integrieren und garantiert einen dauerhaft zuverl\u00e4ssigen Verschluss. <\/p>\n<p>&nbsp;<\/p>\n<\/div>\n<\/div>\n<\/div>\n<\/div>\n<p><!--more--><\/p>\n<h4>Weitere Informationen :<\/h4>\n<ul>\n<li><strong>Verpackung<\/strong>: Einzeln verkauft<\/li>\n<li><strong>Farbe<\/strong>: Wei\u00df<\/li>\n<li><strong>Durchmesser<\/strong>: 38 mm<\/li>\n<li><strong>H\u00f6he<\/strong>: 15 mm<\/li>\n<\/ul>\n<p>&nbsp;<\/p>\n<p><!--more--><\/p>\n<p><a href=\"https:\/\/www.csj-emballages.com\/de\/categorie-produit\/lebensmittelverpackungen\/restauration-de\/becher-glaser-eimer-flaschen\/plastikflaschen\/\">Sehen Sie sich den Rest unseres Sortiments an Plastikflaschen an<\/a><\/p>\n<div class=\"mb-2 flex gap-3 empty:hidden -ml-2\">\n<div class=\"items-center justify-start rounded-xl p-1 flex\">\n<div class=\"flex items-center\">\n<div class=\"flex items-center pb-0\"><\/div>\n<\/div>\n<\/div>\n<\/div>\n","protected":false},"excerpt":{"rendered":"<p>Flaschenverschluss Entdecken Sie unseren wei\u00dfen Flaschenverschluss 38 mm pro 1<\/p>\n","protected":false},"featured_media":198133,"template":"","meta":{"_acf_changed":false},"product_brand":[],"product_cat":[1137,1170,1134,1980],"product_tag":[],"class_list":{"0":"post-18930","1":"product","2":"type-product","3":"status-publish","4":"has-post-thumbnail","6":"product_cat-lebensmittelverpackungen","7":"product_cat-metzgerei-und-feinkostgeschaft","8":"product_cat-restauration-de","9":"product_cat-plastikflaschen","11":"first","12":"instock","13":"taxable","14":"shipping-taxable","15":"purchasable","16":"product-type-simple"},"acf":[],"yoast_head":"<!-- This site is optimized with the Yoast SEO Premium plugin v26.6 (Yoast SEO v26.6) - https:\/\/yoast.com\/wordpress\/plugins\/seo\/ -->\n<title>Flaschenverschluss Wei\u00df<\/title>\n<meta name=\"description\" content=\"Entdecken Sie jetzt unseren wei\u00dfen 38-mm-Flaschenverschluss. Dieses Produkt wird einzeln oder in Kartons mit 3 400 St\u00fcck verkauft.\" \/>\n<meta name=\"robots\" content=\"index, follow, max-snippet:-1, max-image-preview:large, max-video-preview:-1\" \/>\n<link rel=\"canonical\" href=\"https:\/\/www.csj-emballages.com\/de\/produit\/1-weisser-verschluss-fuer-38-mm-flaschen\/\" \/>\n<meta property=\"og:locale\" content=\"de_DE\" \/>\n<meta property=\"og:type\" content=\"article\" \/>\n<meta property=\"og:title\" content=\"Wei\u00dfer Flaschenverschluss 38 mm\" \/>\n<meta property=\"og:description\" content=\"Entdecken Sie jetzt unseren wei\u00dfen 38-mm-Flaschenverschluss. Dieses Produkt wird einzeln oder in Kartons mit 3 400 St\u00fcck verkauft.\" \/>\n<meta property=\"og:url\" content=\"https:\/\/www.csj-emballages.com\/de\/produit\/1-weisser-verschluss-fuer-38-mm-flaschen\/\" \/>\n<meta property=\"og:site_name\" content=\"CSJ Emballages\" \/>\n<meta property=\"article:publisher\" content=\"https:\/\/www.facebook.com\/csjemballages\" \/>\n<meta property=\"article:modified_time\" content=\"2026-05-07T00:10:51+00:00\" \/>\n<meta property=\"og:image\" content=\"https:\/\/www.csj-emballages.com\/wp-content\/uploads\/2024\/03\/bouchon-blanc.webp\" \/>\n\t<meta property=\"og:image:width\" content=\"801\" \/>\n\t<meta property=\"og:image:height\" content=\"802\" \/>\n\t<meta property=\"og:image:type\" content=\"image\/webp\" \/>\n<meta name=\"twitter:card\" content=\"summary_large_image\" \/>\n<meta name=\"twitter:label1\" content=\"Gesch\u00e4tzte Lesezeit\" \/>\n\t<meta name=\"twitter:data1\" content=\"1\u00a0Minute\" \/>\n<script type=\"application\/ld+json\" class=\"yoast-schema-graph\">{\"@context\":\"https:\/\/schema.org\",\"@graph\":[{\"@type\":\"WebPage\",\"@id\":\"https:\/\/www.csj-emballages.com\/de\/produit\/1-weisser-verschluss-fuer-38-mm-flaschen\/\",\"url\":\"https:\/\/www.csj-emballages.com\/de\/produit\/1-weisser-verschluss-fuer-38-mm-flaschen\/\",\"name\":\"Flaschenverschluss Wei\u00df\",\"isPartOf\":{\"@id\":\"https:\/\/www.csj-emballages.com\/de\/#website\"},\"primaryImageOfPage\":{\"@id\":\"https:\/\/www.csj-emballages.com\/de\/produit\/1-weisser-verschluss-fuer-38-mm-flaschen\/#primaryimage\"},\"image\":{\"@id\":\"https:\/\/www.csj-emballages.com\/de\/produit\/1-weisser-verschluss-fuer-38-mm-flaschen\/#primaryimage\"},\"thumbnailUrl\":\"https:\/\/www.csj-emballages.com\/wp-content\/uploads\/2024\/03\/bouchon-blanc.webp\",\"datePublished\":\"2024-03-01T15:59:10+00:00\",\"dateModified\":\"2026-05-07T00:10:51+00:00\",\"description\":\"Entdecken Sie jetzt unseren wei\u00dfen 38-mm-Flaschenverschluss. Dieses Produkt wird einzeln oder in Kartons mit 3 400 St\u00fcck verkauft.\",\"breadcrumb\":{\"@id\":\"https:\/\/www.csj-emballages.com\/de\/produit\/1-weisser-verschluss-fuer-38-mm-flaschen\/#breadcrumb\"},\"inLanguage\":\"de\",\"potentialAction\":[{\"@type\":\"ReadAction\",\"target\":[\"https:\/\/www.csj-emballages.com\/de\/produit\/1-weisser-verschluss-fuer-38-mm-flaschen\/\"]}]},{\"@type\":\"ImageObject\",\"inLanguage\":\"de\",\"@id\":\"https:\/\/www.csj-emballages.com\/de\/produit\/1-weisser-verschluss-fuer-38-mm-flaschen\/#primaryimage\",\"url\":\"https:\/\/www.csj-emballages.com\/wp-content\/uploads\/2024\/03\/bouchon-blanc.webp\",\"contentUrl\":\"https:\/\/www.csj-emballages.com\/wp-content\/uploads\/2024\/03\/bouchon-blanc.webp\",\"width\":801,\"height\":802,\"caption\":\"Bouchon de bouteille\"},{\"@type\":\"BreadcrumbList\",\"@id\":\"https:\/\/www.csj-emballages.com\/de\/produit\/1-weisser-verschluss-fuer-38-mm-flaschen\/#breadcrumb\",\"itemListElement\":[{\"@type\":\"ListItem\",\"position\":1,\"name\":\"Accueil\",\"item\":\"https:\/\/www.csj-emballages.com\/de\/universum-lebensmittelverpackungen\/\"},{\"@type\":\"ListItem\",\"position\":2,\"name\":\"Shop\",\"item\":\"https:\/\/www.csj-emballages.com\/shop\/\"},{\"@type\":\"ListItem\",\"position\":3,\"name\":\"Wei\u00dfer Flaschenverschluss 38 mm\"}]},{\"@type\":\"WebSite\",\"@id\":\"https:\/\/www.csj-emballages.com\/de\/#website\",\"url\":\"https:\/\/www.csj-emballages.com\/de\/\",\"name\":\"CSJ Emballages\",\"description\":\"\",\"publisher\":{\"@id\":\"https:\/\/www.csj-emballages.com\/de\/#organization\"},\"potentialAction\":[{\"@type\":\"SearchAction\",\"target\":{\"@type\":\"EntryPoint\",\"urlTemplate\":\"https:\/\/www.csj-emballages.com\/de\/?s={search_term_string}\"},\"query-input\":{\"@type\":\"PropertyValueSpecification\",\"valueRequired\":true,\"valueName\":\"search_term_string\"}}],\"inLanguage\":\"de\"},{\"@type\":\"Organization\",\"@id\":\"https:\/\/www.csj-emballages.com\/de\/#Organization\/\",\"name\":\"CSJ Emballages\",\"url\":\"https:\/\/www.csj-emballages.com\/de\/\",\"logo\":{\"@type\":\"ImageObject\",\"inLanguage\":\"de\",\"@id\":\"https:\/\/www.csj-emballages.com\/de\/#\/schema\/logo\/image\/\",\"url\":\"https:\/\/www.csj-emballages.com\/wp-content\/uploads\/2023\/10\/logo_csj.webp\",\"contentUrl\":\"https:\/\/www.csj-emballages.com\/wp-content\/uploads\/2023\/10\/logo_csj.webp\",\"width\":250,\"height\":95,\"caption\":\"CSJ Emballages\"},\"image\":{\"@id\":\"https:\/\/www.csj-emballages.com\/de\/#\/schema\/logo\/image\/\"},\"sameAs\":[\"https:\/\/www.facebook.com\/csjemballages\"],\"address\":{\"@type\":\"PostalAddress\",\"streetAddress\":\"ZI La Lechere\",\"addressLocality\":\"Patornay\",\"postalCode\":\"39130\",\"addressCountry\":\"FR\"},\"contactPoint\":[{\"@type\":\"ContactPoint\",\"contactType\":\"Service client\",\"telephone\":\"0384254272\",\"email\":\"contact@csj-emballages.com\"}]}]}<\/script>\n<!-- \/ Yoast SEO Premium plugin. -->","yoast_head_json":{"title":"Flaschenverschluss Wei\u00df","description":"Entdecken Sie jetzt unseren wei\u00dfen 38-mm-Flaschenverschluss. Dieses Produkt wird einzeln oder in Kartons mit 3 400 St\u00fcck verkauft.","robots":{"index":"index","follow":"follow","max-snippet":"max-snippet:-1","max-image-preview":"max-image-preview:large","max-video-preview":"max-video-preview:-1"},"canonical":"https:\/\/www.csj-emballages.com\/de\/produit\/1-weisser-verschluss-fuer-38-mm-flaschen\/","og_locale":"de_DE","og_type":"article","og_title":"Wei\u00dfer Flaschenverschluss 38 mm","og_description":"Entdecken Sie jetzt unseren wei\u00dfen 38-mm-Flaschenverschluss. Dieses Produkt wird einzeln oder in Kartons mit 3 400 St\u00fcck verkauft.","og_url":"https:\/\/www.csj-emballages.com\/de\/produit\/1-weisser-verschluss-fuer-38-mm-flaschen\/","og_site_name":"CSJ Emballages","article_publisher":"https:\/\/www.facebook.com\/csjemballages","article_modified_time":"2026-05-07T00:10:51+00:00","og_image":[{"width":801,"height":802,"url":"https:\/\/www.csj-emballages.com\/wp-content\/uploads\/2024\/03\/bouchon-blanc.webp","type":"image\/webp"}],"twitter_card":"summary_large_image","twitter_misc":{"Gesch\u00e4tzte Lesezeit":"1\u00a0Minute"},"schema":{"@context":"https:\/\/schema.org","@graph":[{"@type":"WebPage","@id":"https:\/\/www.csj-emballages.com\/de\/produit\/1-weisser-verschluss-fuer-38-mm-flaschen\/","url":"https:\/\/www.csj-emballages.com\/de\/produit\/1-weisser-verschluss-fuer-38-mm-flaschen\/","name":"Flaschenverschluss Wei\u00df","isPartOf":{"@id":"https:\/\/www.csj-emballages.com\/de\/#website"},"primaryImageOfPage":{"@id":"https:\/\/www.csj-emballages.com\/de\/produit\/1-weisser-verschluss-fuer-38-mm-flaschen\/#primaryimage"},"image":{"@id":"https:\/\/www.csj-emballages.com\/de\/produit\/1-weisser-verschluss-fuer-38-mm-flaschen\/#primaryimage"},"thumbnailUrl":"https:\/\/www.csj-emballages.com\/wp-content\/uploads\/2024\/03\/bouchon-blanc.webp","datePublished":"2024-03-01T15:59:10+00:00","dateModified":"2026-05-07T00:10:51+00:00","description":"Entdecken Sie jetzt unseren wei\u00dfen 38-mm-Flaschenverschluss. Dieses Produkt wird einzeln oder in Kartons mit 3 400 St\u00fcck verkauft.","breadcrumb":{"@id":"https:\/\/www.csj-emballages.com\/de\/produit\/1-weisser-verschluss-fuer-38-mm-flaschen\/#breadcrumb"},"inLanguage":"de","potentialAction":[{"@type":"ReadAction","target":["https:\/\/www.csj-emballages.com\/de\/produit\/1-weisser-verschluss-fuer-38-mm-flaschen\/"]}]},{"@type":"ImageObject","inLanguage":"de","@id":"https:\/\/www.csj-emballages.com\/de\/produit\/1-weisser-verschluss-fuer-38-mm-flaschen\/#primaryimage","url":"https:\/\/www.csj-emballages.com\/wp-content\/uploads\/2024\/03\/bouchon-blanc.webp","contentUrl":"https:\/\/www.csj-emballages.com\/wp-content\/uploads\/2024\/03\/bouchon-blanc.webp","width":801,"height":802,"caption":"Bouchon de bouteille"},{"@type":"BreadcrumbList","@id":"https:\/\/www.csj-emballages.com\/de\/produit\/1-weisser-verschluss-fuer-38-mm-flaschen\/#breadcrumb","itemListElement":[{"@type":"ListItem","position":1,"name":"Accueil","item":"https:\/\/www.csj-emballages.com\/de\/universum-lebensmittelverpackungen\/"},{"@type":"ListItem","position":2,"name":"Shop","item":"https:\/\/www.csj-emballages.com\/shop\/"},{"@type":"ListItem","position":3,"name":"Wei\u00dfer Flaschenverschluss 38 mm"}]},{"@type":"WebSite","@id":"https:\/\/www.csj-emballages.com\/de\/#website","url":"https:\/\/www.csj-emballages.com\/de\/","name":"CSJ Emballages","description":"","publisher":{"@id":"https:\/\/www.csj-emballages.com\/de\/#organization"},"potentialAction":[{"@type":"SearchAction","target":{"@type":"EntryPoint","urlTemplate":"https:\/\/www.csj-emballages.com\/de\/?s={search_term_string}"},"query-input":{"@type":"PropertyValueSpecification","valueRequired":true,"valueName":"search_term_string"}}],"inLanguage":"de"},{"@type":"Organization","@id":"https:\/\/www.csj-emballages.com\/de\/#Organization\/","name":"CSJ Emballages","url":"https:\/\/www.csj-emballages.com\/de\/","logo":{"@type":"ImageObject","inLanguage":"de","@id":"https:\/\/www.csj-emballages.com\/de\/#\/schema\/logo\/image\/","url":"https:\/\/www.csj-emballages.com\/wp-content\/uploads\/2023\/10\/logo_csj.webp","contentUrl":"https:\/\/www.csj-emballages.com\/wp-content\/uploads\/2023\/10\/logo_csj.webp","width":250,"height":95,"caption":"CSJ Emballages"},"image":{"@id":"https:\/\/www.csj-emballages.com\/de\/#\/schema\/logo\/image\/"},"sameAs":["https:\/\/www.facebook.com\/csjemballages"],"address":{"@type":"PostalAddress","streetAddress":"ZI La Lechere","addressLocality":"Patornay","postalCode":"39130","addressCountry":"FR"},"contactPoint":[{"@type":"ContactPoint","contactType":"Service client","telephone":"0384254272","email":"contact@csj-emballages.com"}]}]}},"df_price":0.12,"df_sale_price":"","df_regular_price":0.12,"df_image_link":"https:\/\/www.csj-emballages.com\/wp-content\/uploads\/2024\/03\/bouchon-blanc-300x300.webp","tiered_pricing_type":"fixed","tiered_pricing_fixed_rules":[],"tiered_pricing_percentage_rules":[],"tiered_pricing_minimum":1,"tiered_pricing_roles_data":[],"_links":{"self":[{"href":"https:\/\/www.csj-emballages.com\/de\/wp-json\/wp\/v2\/product\/18930","targetHints":{"allow":["GET"]}}],"collection":[{"href":"https:\/\/www.csj-emballages.com\/de\/wp-json\/wp\/v2\/product"}],"about":[{"href":"https:\/\/www.csj-emballages.com\/de\/wp-json\/wp\/v2\/types\/product"}],"wp:featuredmedia":[{"embeddable":true,"href":"https:\/\/www.csj-emballages.com\/de\/wp-json\/wp\/v2\/media\/198133"}],"wp:attachment":[{"href":"https:\/\/www.csj-emballages.com\/de\/wp-json\/wp\/v2\/media?parent=18930"}],"wp:term":[{"taxonomy":"product_brand","embeddable":true,"href":"https:\/\/www.csj-emballages.com\/de\/wp-json\/wp\/v2\/product_brand?post=18930"},{"taxonomy":"product_cat","embeddable":true,"href":"https:\/\/www.csj-emballages.com\/de\/wp-json\/wp\/v2\/product_cat?post=18930"},{"taxonomy":"product_tag","embeddable":true,"href":"https:\/\/www.csj-emballages.com\/de\/wp-json\/wp\/v2\/product_tag?post=18930"}],"curies":[{"name":"wp","href":"https:\/\/api.w.org\/{rel}","templated":true}]}}