{"id":18917,"date":"2024-03-01T16:59:12","date_gmt":"2024-03-01T15:59:12","guid":{"rendered":"https:\/\/u15jnbdpoq.preview.infomaniak.website\/produit\/luftverbesserer-mit-zitronenduft-aerosol-750-ml\/"},"modified":"2026-04-30T02:10:34","modified_gmt":"2026-04-30T00:10:34","slug":"luftverbesserer-mit-zitronenduft-aerosol-750-ml","status":"publish","type":"product","link":"https:\/\/www.csj-emballages.com\/de\/produit\/luftverbesserer-mit-zitronenduft-aerosol-750-ml\/","title":{"rendered":"Lufterfrischer mit Zitronenduft 750 ml"},"content":{"rendered":"<h2>Lufterfrischer mit Zitronenduft<\/h2>\n<hr>\n<h3>Beschreibung unseres Lufterfrischers mit Zitronenduft 750 ml<\/h3>\n<p><!--more--><\/p>\n<p data-start=\"270\" data-end=\"657\">Der <strong data-start=\"314\" data-end=\"339\">Daily K Lufterfrischer<\/strong> mit <strong>Zitronenduft 750 ml<\/strong> ist viel mehr als nur ein <strong>Geruchsspray<\/strong>. Er <strong>neutralisiert<\/strong> wirksam alle hartn\u00e4ckigen schlechten Ger\u00fcche: K\u00fcche, Tabak, Farbe, Feuchtigkeit&#8230; Nichts kann ihm widerstehen. Dank seiner professionellen Formel wirkt es direkt auf die Molek\u00fcle, die f\u00fcr schlechte Ger\u00fcche verantwortlich sind, und beseitigt sie, anstatt sie zu \u00fcberdecken.  <\/p>\n<p data-start=\"659\" data-end=\"1030\">Sein <strong>frischer<\/strong>, spritziger <strong>Zitronenduft<\/strong> hinterl\u00e4sst ein angenehmes Gef\u00fchl von Sauberkeit und Frische &#8211; ideal, um eine gesunde und einladende Umgebung zu schaffen. Dieser <strong>Zitronen-Lufterfrischer<\/strong> kann \u00fcberall verwendet werden: in Sanit\u00e4rr\u00e4umen, Toiletten, Badezimmern, aber auch in Restaurants, Hotels, B\u00fcros, Schulen oder in Kliniken und Krankenh\u00e4usern. <\/p>\n<p data-start=\"1032\" data-end=\"1437\">Seine <strong data-start=\"1046\" data-end=\"1056\">750-ml-Gr\u00f6\u00dfe<\/strong> eignet sich besonders f\u00fcr den regelm\u00e4\u00dfigen Gebrauch im beruflichen wie im privaten Umfeld. Es ist einfach zu verwenden und reicht aus, um die Raumluft mit wenigen Spr\u00fchst\u00f6\u00dfen dauerhaft zu reinigen. Es ist ein Muss f\u00fcr <strong data-start=\"1277\" data-end=\"1290\">Caterer<\/strong>, <strong data-start=\"1296\" data-end=\"1322\">Restaurantleiter<\/strong>, <strong data-start=\"1328\" data-end=\"1350\">Reinigungskr\u00e4fte<\/strong> oder einfach nur f\u00fcr <strong data-start=\"1375\" data-end=\"1391\">Privatpersonen<\/strong>, die eine angenehme Raumluft aufrechterhalten m\u00f6chten.  <\/p>\n<p data-start=\"1439\" data-end=\"1545\">Mit dem<strong data-start=\"1439\" data-end=\"1545\"> Lufterfrischer mit Zitronenduft Daily K <\/strong>erh\u00e4lt jeder Raum wieder eine saubere, leichte und freundliche Atmosph\u00e4re.<\/p>\n<p data-start=\"1248\" data-end=\"1443\"><!--more--><\/p>\n<h4 data-start=\"1248\" data-end=\"1443\">Vorteile :<\/h4>\n<ul>\n<li>Beseitigt schlechte Ger\u00fcche (K\u00fcche, Tabak, Farbe&#8230;).<\/li>\n<li>Frischer, nicht aufdringlicher Zitronenduft.<\/li>\n<li>Kann an allen Arten von Orten verwendet werden (Sanit\u00e4ranlagen, B\u00fcros, Schulen, Hotels&#8230;).<\/li>\n<li>Sparformat 750 ml.<\/li>\n<li>Ideal f\u00fcr Berufst\u00e4tige und Privatpersonen.<\/li>\n<\/ul>\n<p>&nbsp;<\/p>\n<p><!--more--><\/p>\n<h4>Weitere Informationen :<\/h4>\n<ul>\n<li><strong>Verpackung<\/strong>: Einzeln<\/li>\n<li><strong>Verwendung<\/strong>: Deodorant<\/li>\n<li><strong>Volumen<\/strong>: 750 ml<\/li>\n<li><strong>Farbe<\/strong>: Farblos<\/li>\n<li><strong>Duftnote<\/strong>: Zitrone<\/li>\n<\/ul>\n<p>&nbsp;<\/p>\n<p><!--more--><\/p>\n<p>Entdecken Sie auch unser Raumduftspray : <span style=\"color: #d12727;\"><a style=\"color: #d12727;\" href=\"https:\/\/www.csj-emballages.com\/de\/produit\/raumduftspray-750ml\/\">0807750<\/a><\/span><\/p>\n<p>&nbsp;<\/p>\n<p><!--more--><\/p>\n<p><a href=\"https:\/\/www.csj-emballages.com\/de\/categorie-produit\/hygiene-und-pflege\/pflegeprodukte\/sanitar\/\">Sehen Sie sich den Rest unseres Sortiments an Sanit\u00e4rreinigern an  <\/a><\/p>\n","protected":false},"excerpt":{"rendered":"<p>Lufterfrischer mit Zitronenduft Beschreibung unseres Lufterfrischers mit Zitronenduft 750 ml<\/p>\n","protected":false},"featured_media":239228,"template":"","meta":{"_acf_changed":false},"product_brand":[],"product_cat":[1218,1219,9727,1294],"product_tag":[],"class_list":{"0":"post-18917","1":"product","2":"type-product","3":"status-publish","4":"has-post-thumbnail","6":"product_cat-hygiene-und-pflege","7":"product_cat-pflegeprodukte","8":"product_cat-lufterfrischer-parfum-de-2","9":"product_cat-sanitar","11":"first","12":"instock","13":"taxable","14":"shipping-taxable","15":"purchasable","16":"product-type-simple"},"acf":[],"yoast_head":"<!-- This site is optimized with the Yoast SEO Premium plugin v26.6 (Yoast SEO v26.6) - https:\/\/yoast.com\/wordpress\/plugins\/seo\/ -->\n<title>Lufterfrischer mit Zitronenduft 750 ml<\/title>\n<meta name=\"description\" content=\"Lufterfrischer mit Zitronenduft 750 ml - Neutralisiert wirksam schlechte Ger\u00fcche und erfrischt alle R\u00e4ume mit nur wenigen Spr\u00fchst\u00f6\u00dfen.\" \/>\n<meta name=\"robots\" content=\"index, follow, max-snippet:-1, max-image-preview:large, max-video-preview:-1\" \/>\n<link rel=\"canonical\" href=\"https:\/\/www.csj-emballages.com\/de\/produit\/luftverbesserer-mit-zitronenduft-aerosol-750-ml\/\" \/>\n<meta property=\"og:locale\" content=\"de_DE\" \/>\n<meta property=\"og:type\" content=\"article\" \/>\n<meta property=\"og:title\" content=\"Lufterfrischer mit Zitronenduft 750 ml\" \/>\n<meta property=\"og:description\" content=\"Lufterfrischer mit Zitronenduft 750 ml - Neutralisiert wirksam schlechte Ger\u00fcche und erfrischt alle R\u00e4ume mit nur wenigen Spr\u00fchst\u00f6\u00dfen.\" \/>\n<meta property=\"og:url\" content=\"https:\/\/www.csj-emballages.com\/de\/produit\/luftverbesserer-mit-zitronenduft-aerosol-750-ml\/\" \/>\n<meta property=\"og:site_name\" content=\"CSJ Emballages\" \/>\n<meta property=\"article:publisher\" content=\"https:\/\/www.facebook.com\/csjemballages\" \/>\n<meta property=\"article:modified_time\" content=\"2026-04-30T00:10:34+00:00\" \/>\n<meta property=\"og:image\" content=\"https:\/\/www.csj-emballages.com\/wp-content\/uploads\/2024\/03\/2249750.webp\" \/>\n\t<meta property=\"og:image:width\" content=\"800\" \/>\n\t<meta property=\"og:image:height\" content=\"800\" \/>\n\t<meta property=\"og:image:type\" content=\"image\/webp\" \/>\n<meta name=\"twitter:card\" content=\"summary_large_image\" \/>\n<meta name=\"twitter:label1\" content=\"Gesch\u00e4tzte Lesezeit\" \/>\n\t<meta name=\"twitter:data1\" content=\"1\u00a0Minute\" \/>\n<script type=\"application\/ld+json\" class=\"yoast-schema-graph\">{\"@context\":\"https:\/\/schema.org\",\"@graph\":[{\"@type\":\"WebPage\",\"@id\":\"https:\/\/www.csj-emballages.com\/de\/produit\/luftverbesserer-mit-zitronenduft-aerosol-750-ml\/\",\"url\":\"https:\/\/www.csj-emballages.com\/de\/produit\/luftverbesserer-mit-zitronenduft-aerosol-750-ml\/\",\"name\":\"Lufterfrischer mit Zitronenduft 750 ml\",\"isPartOf\":{\"@id\":\"https:\/\/www.csj-emballages.com\/de\/#website\"},\"primaryImageOfPage\":{\"@id\":\"https:\/\/www.csj-emballages.com\/de\/produit\/luftverbesserer-mit-zitronenduft-aerosol-750-ml\/#primaryimage\"},\"image\":{\"@id\":\"https:\/\/www.csj-emballages.com\/de\/produit\/luftverbesserer-mit-zitronenduft-aerosol-750-ml\/#primaryimage\"},\"thumbnailUrl\":\"https:\/\/www.csj-emballages.com\/wp-content\/uploads\/2024\/03\/2249750.webp\",\"datePublished\":\"2024-03-01T15:59:12+00:00\",\"dateModified\":\"2026-04-30T00:10:34+00:00\",\"description\":\"Lufterfrischer mit Zitronenduft 750 ml - Neutralisiert wirksam schlechte Ger\u00fcche und erfrischt alle R\u00e4ume mit nur wenigen Spr\u00fchst\u00f6\u00dfen.\",\"breadcrumb\":{\"@id\":\"https:\/\/www.csj-emballages.com\/de\/produit\/luftverbesserer-mit-zitronenduft-aerosol-750-ml\/#breadcrumb\"},\"inLanguage\":\"de\",\"potentialAction\":[{\"@type\":\"ReadAction\",\"target\":[\"https:\/\/www.csj-emballages.com\/de\/produit\/luftverbesserer-mit-zitronenduft-aerosol-750-ml\/\"]}]},{\"@type\":\"ImageObject\",\"inLanguage\":\"de\",\"@id\":\"https:\/\/www.csj-emballages.com\/de\/produit\/luftverbesserer-mit-zitronenduft-aerosol-750-ml\/#primaryimage\",\"url\":\"https:\/\/www.csj-emballages.com\/wp-content\/uploads\/2024\/03\/2249750.webp\",\"contentUrl\":\"https:\/\/www.csj-emballages.com\/wp-content\/uploads\/2024\/03\/2249750.webp\",\"width\":800,\"height\":800,\"caption\":\"D\u00e9sodorisant parfum citron\"},{\"@type\":\"BreadcrumbList\",\"@id\":\"https:\/\/www.csj-emballages.com\/de\/produit\/luftverbesserer-mit-zitronenduft-aerosol-750-ml\/#breadcrumb\",\"itemListElement\":[{\"@type\":\"ListItem\",\"position\":1,\"name\":\"Accueil\",\"item\":\"https:\/\/www.csj-emballages.com\/de\/universum-lebensmittelverpackungen\/\"},{\"@type\":\"ListItem\",\"position\":2,\"name\":\"Shop\",\"item\":\"https:\/\/www.csj-emballages.com\/shop\/\"},{\"@type\":\"ListItem\",\"position\":3,\"name\":\"Lufterfrischer mit Zitronenduft 750 ml\"}]},{\"@type\":\"WebSite\",\"@id\":\"https:\/\/www.csj-emballages.com\/de\/#website\",\"url\":\"https:\/\/www.csj-emballages.com\/de\/\",\"name\":\"CSJ Emballages\",\"description\":\"\",\"publisher\":{\"@id\":\"https:\/\/www.csj-emballages.com\/de\/#organization\"},\"potentialAction\":[{\"@type\":\"SearchAction\",\"target\":{\"@type\":\"EntryPoint\",\"urlTemplate\":\"https:\/\/www.csj-emballages.com\/de\/?s={search_term_string}\"},\"query-input\":{\"@type\":\"PropertyValueSpecification\",\"valueRequired\":true,\"valueName\":\"search_term_string\"}}],\"inLanguage\":\"de\"},{\"@type\":\"Organization\",\"@id\":\"https:\/\/www.csj-emballages.com\/de\/#Organization\/\",\"name\":\"CSJ Emballages\",\"url\":\"https:\/\/www.csj-emballages.com\/de\/\",\"logo\":{\"@type\":\"ImageObject\",\"inLanguage\":\"de\",\"@id\":\"https:\/\/www.csj-emballages.com\/de\/#\/schema\/logo\/image\/\",\"url\":\"https:\/\/www.csj-emballages.com\/wp-content\/uploads\/2023\/10\/logo_csj.webp\",\"contentUrl\":\"https:\/\/www.csj-emballages.com\/wp-content\/uploads\/2023\/10\/logo_csj.webp\",\"width\":250,\"height\":95,\"caption\":\"CSJ Emballages\"},\"image\":{\"@id\":\"https:\/\/www.csj-emballages.com\/de\/#\/schema\/logo\/image\/\"},\"sameAs\":[\"https:\/\/www.facebook.com\/csjemballages\"],\"address\":{\"@type\":\"PostalAddress\",\"streetAddress\":\"ZI La Lechere\",\"addressLocality\":\"Patornay\",\"postalCode\":\"39130\",\"addressCountry\":\"FR\"},\"contactPoint\":[{\"@type\":\"ContactPoint\",\"contactType\":\"Service client\",\"telephone\":\"0384254272\",\"email\":\"contact@csj-emballages.com\"}]}]}<\/script>\n<!-- \/ Yoast SEO Premium plugin. -->","yoast_head_json":{"title":"Lufterfrischer mit Zitronenduft 750 ml","description":"Lufterfrischer mit Zitronenduft 750 ml - Neutralisiert wirksam schlechte Ger\u00fcche und erfrischt alle R\u00e4ume mit nur wenigen Spr\u00fchst\u00f6\u00dfen.","robots":{"index":"index","follow":"follow","max-snippet":"max-snippet:-1","max-image-preview":"max-image-preview:large","max-video-preview":"max-video-preview:-1"},"canonical":"https:\/\/www.csj-emballages.com\/de\/produit\/luftverbesserer-mit-zitronenduft-aerosol-750-ml\/","og_locale":"de_DE","og_type":"article","og_title":"Lufterfrischer mit Zitronenduft 750 ml","og_description":"Lufterfrischer mit Zitronenduft 750 ml - Neutralisiert wirksam schlechte Ger\u00fcche und erfrischt alle R\u00e4ume mit nur wenigen Spr\u00fchst\u00f6\u00dfen.","og_url":"https:\/\/www.csj-emballages.com\/de\/produit\/luftverbesserer-mit-zitronenduft-aerosol-750-ml\/","og_site_name":"CSJ Emballages","article_publisher":"https:\/\/www.facebook.com\/csjemballages","article_modified_time":"2026-04-30T00:10:34+00:00","og_image":[{"width":800,"height":800,"url":"https:\/\/www.csj-emballages.com\/wp-content\/uploads\/2024\/03\/2249750.webp","type":"image\/webp"}],"twitter_card":"summary_large_image","twitter_misc":{"Gesch\u00e4tzte Lesezeit":"1\u00a0Minute"},"schema":{"@context":"https:\/\/schema.org","@graph":[{"@type":"WebPage","@id":"https:\/\/www.csj-emballages.com\/de\/produit\/luftverbesserer-mit-zitronenduft-aerosol-750-ml\/","url":"https:\/\/www.csj-emballages.com\/de\/produit\/luftverbesserer-mit-zitronenduft-aerosol-750-ml\/","name":"Lufterfrischer mit Zitronenduft 750 ml","isPartOf":{"@id":"https:\/\/www.csj-emballages.com\/de\/#website"},"primaryImageOfPage":{"@id":"https:\/\/www.csj-emballages.com\/de\/produit\/luftverbesserer-mit-zitronenduft-aerosol-750-ml\/#primaryimage"},"image":{"@id":"https:\/\/www.csj-emballages.com\/de\/produit\/luftverbesserer-mit-zitronenduft-aerosol-750-ml\/#primaryimage"},"thumbnailUrl":"https:\/\/www.csj-emballages.com\/wp-content\/uploads\/2024\/03\/2249750.webp","datePublished":"2024-03-01T15:59:12+00:00","dateModified":"2026-04-30T00:10:34+00:00","description":"Lufterfrischer mit Zitronenduft 750 ml - Neutralisiert wirksam schlechte Ger\u00fcche und erfrischt alle R\u00e4ume mit nur wenigen Spr\u00fchst\u00f6\u00dfen.","breadcrumb":{"@id":"https:\/\/www.csj-emballages.com\/de\/produit\/luftverbesserer-mit-zitronenduft-aerosol-750-ml\/#breadcrumb"},"inLanguage":"de","potentialAction":[{"@type":"ReadAction","target":["https:\/\/www.csj-emballages.com\/de\/produit\/luftverbesserer-mit-zitronenduft-aerosol-750-ml\/"]}]},{"@type":"ImageObject","inLanguage":"de","@id":"https:\/\/www.csj-emballages.com\/de\/produit\/luftverbesserer-mit-zitronenduft-aerosol-750-ml\/#primaryimage","url":"https:\/\/www.csj-emballages.com\/wp-content\/uploads\/2024\/03\/2249750.webp","contentUrl":"https:\/\/www.csj-emballages.com\/wp-content\/uploads\/2024\/03\/2249750.webp","width":800,"height":800,"caption":"D\u00e9sodorisant parfum citron"},{"@type":"BreadcrumbList","@id":"https:\/\/www.csj-emballages.com\/de\/produit\/luftverbesserer-mit-zitronenduft-aerosol-750-ml\/#breadcrumb","itemListElement":[{"@type":"ListItem","position":1,"name":"Accueil","item":"https:\/\/www.csj-emballages.com\/de\/universum-lebensmittelverpackungen\/"},{"@type":"ListItem","position":2,"name":"Shop","item":"https:\/\/www.csj-emballages.com\/shop\/"},{"@type":"ListItem","position":3,"name":"Lufterfrischer mit Zitronenduft 750 ml"}]},{"@type":"WebSite","@id":"https:\/\/www.csj-emballages.com\/de\/#website","url":"https:\/\/www.csj-emballages.com\/de\/","name":"CSJ Emballages","description":"","publisher":{"@id":"https:\/\/www.csj-emballages.com\/de\/#organization"},"potentialAction":[{"@type":"SearchAction","target":{"@type":"EntryPoint","urlTemplate":"https:\/\/www.csj-emballages.com\/de\/?s={search_term_string}"},"query-input":{"@type":"PropertyValueSpecification","valueRequired":true,"valueName":"search_term_string"}}],"inLanguage":"de"},{"@type":"Organization","@id":"https:\/\/www.csj-emballages.com\/de\/#Organization\/","name":"CSJ Emballages","url":"https:\/\/www.csj-emballages.com\/de\/","logo":{"@type":"ImageObject","inLanguage":"de","@id":"https:\/\/www.csj-emballages.com\/de\/#\/schema\/logo\/image\/","url":"https:\/\/www.csj-emballages.com\/wp-content\/uploads\/2023\/10\/logo_csj.webp","contentUrl":"https:\/\/www.csj-emballages.com\/wp-content\/uploads\/2023\/10\/logo_csj.webp","width":250,"height":95,"caption":"CSJ Emballages"},"image":{"@id":"https:\/\/www.csj-emballages.com\/de\/#\/schema\/logo\/image\/"},"sameAs":["https:\/\/www.facebook.com\/csjemballages"],"address":{"@type":"PostalAddress","streetAddress":"ZI La Lechere","addressLocality":"Patornay","postalCode":"39130","addressCountry":"FR"},"contactPoint":[{"@type":"ContactPoint","contactType":"Service client","telephone":"0384254272","email":"contact@csj-emballages.com"}]}]}},"df_price":4.67,"df_sale_price":"","df_regular_price":4.67,"df_image_link":"https:\/\/www.csj-emballages.com\/wp-content\/uploads\/2024\/03\/2249750-300x300.webp","tiered_pricing_type":"fixed","tiered_pricing_fixed_rules":[],"tiered_pricing_percentage_rules":[],"tiered_pricing_minimum":1,"tiered_pricing_roles_data":[],"_links":{"self":[{"href":"https:\/\/www.csj-emballages.com\/de\/wp-json\/wp\/v2\/product\/18917","targetHints":{"allow":["GET"]}}],"collection":[{"href":"https:\/\/www.csj-emballages.com\/de\/wp-json\/wp\/v2\/product"}],"about":[{"href":"https:\/\/www.csj-emballages.com\/de\/wp-json\/wp\/v2\/types\/product"}],"wp:featuredmedia":[{"embeddable":true,"href":"https:\/\/www.csj-emballages.com\/de\/wp-json\/wp\/v2\/media\/239228"}],"wp:attachment":[{"href":"https:\/\/www.csj-emballages.com\/de\/wp-json\/wp\/v2\/media?parent=18917"}],"wp:term":[{"taxonomy":"product_brand","embeddable":true,"href":"https:\/\/www.csj-emballages.com\/de\/wp-json\/wp\/v2\/product_brand?post=18917"},{"taxonomy":"product_cat","embeddable":true,"href":"https:\/\/www.csj-emballages.com\/de\/wp-json\/wp\/v2\/product_cat?post=18917"},{"taxonomy":"product_tag","embeddable":true,"href":"https:\/\/www.csj-emballages.com\/de\/wp-json\/wp\/v2\/product_tag?post=18917"}],"curies":[{"name":"wp","href":"https:\/\/api.w.org\/{rel}","templated":true}]}}