{"id":18902,"date":"2024-03-01T16:59:11","date_gmt":"2024-03-01T15:59:11","guid":{"rendered":"https:\/\/u15jnbdpoq.preview.infomaniak.website\/produit\/surodorant-desinfektionsreiniger-mit-frischem-duft-3d-5-l\/"},"modified":"2026-04-24T02:11:17","modified_gmt":"2026-04-24T00:11:17","slug":"surodorant-desinfektionsreiniger-mit-frischem-duft-3d-5-l","status":"publish","type":"product","link":"https:\/\/www.csj-emballages.com\/de\/produit\/surodorant-desinfektionsreiniger-mit-frischem-duft-3d-5-l\/","title":{"rendered":"Viruzider Desinfektionsreiniger f\u00fcr B\u00f6den 5L"},"content":{"rendered":"<div class=\"flex flex-grow flex-col max-w-full\">\n<div class=\"min-h-[20px] text-message flex flex-col items-start whitespace-pre-wrap break-words [.text-message+&amp;]:mt-5 juice:w-full juice:items-end overflow-x-auto gap-2\" dir=\"auto\" data-message-author-role=\"assistant\" data-message-id=\"2034782e-88f9-44ef-b4dc-07dd7bf0115f\">\n<div class=\"flex w-full flex-col gap-1 juice:empty:hidden juice:first:pt-[3px]\">\n<div class=\"markdown prose w-full break-words dark:prose-invert light\">\n<div style=\"font-family: Roboto, sans-serif\">\n<div style=\"font-family: Roboto, sans-serif\">\n<div style=\"font-family: Roboto, sans-serif\">\n<div style=\"font-family: Roboto, sans-serif\">\n<div style=\"font-family: Roboto, sans-serif\">\n<div style=\"font-family: Roboto, sans-serif\">\n<h2 class=\"p1\">Desinfizierender Reiniger<\/h2>\n<div style=\"font-family: Roboto, sans-serif\">\n<div style=\"font-family: Roboto, sans-serif\">\n<div style=\"font-family: Roboto, sans-serif\">\n<div style=\"text-align: center\">\n<div style=\"font-family: Roboto, sans-serif\">\n<div style=\"font-family: Roboto, sans-serif\">\n<div style=\"font-family: Roboto, sans-serif\">\n<div style=\"font-family: Roboto, sans-serif\">\n<div style=\"font-family: Roboto, sans-serif\">\n<div style=\"font-family: Roboto, sans-serif;text-align: left\">\n<hr>\n<h3 style=\"text-align: left\">Beschreibung unseres Desinfektionsreinigers mit virizider Wirkung f\u00fcr Oberfl\u00e4chen 5L<\/h3>\n<h3 style=\"text-align: left\"><!--more--><\/h3>\n<p data-start=\"247\" data-end=\"606\">Ob in der Gastronomie, in \u00f6ffentlichen Einrichtungen, im Einzelhandel oder sogar in anspruchsvollen Privathaushalten: Dieser <strong data-start=\"343\" data-end=\"391\">pH-neutrale, viruzide Desinfektionsreiniger<\/strong> ist ein Muss, um in Ihren R\u00e4umen f\u00fcr einwandfreie Hygiene zu sorgen. Dank seiner <g id=\"gid_1\">wirksamen Formel<\/g> beseitigt er Bakterien, Viren und Verschmutzungen in einem einzigen Arbeitsgang und schont dabei empfindliche Oberfl\u00e4chen. Dieses Produkt entspricht den Normen <strong data-start=\"628\" data-end=\"644\">UNE-EN 13697<\/strong> (bakterizide Wirkung) und <strong data-start=\"671\" data-end=\"687\">UNE-EN 14476<\/strong> (viruzide Wirkung) und ist perfekt auf die Anforderungen der<strong data-start=\"763\" data-end=\"788\">Lebensmittelindustrie<\/strong> abgestimmt. Sie k\u00f6nnen es bedenkenlos auf Arbeitsfl\u00e4chen, K\u00fcchenger\u00e4ten, K\u00fcchenausr\u00fcstungen, Theken, Griffen, K\u00fchlschr\u00e4nken und sogar in Sanit\u00e4ranlagen verwenden. Es hinterl\u00e4sst keine klebrigen R\u00fcckst\u00e4nde und keinen aggressiven Geruch.    <\/p>\n<p data-start=\"1007\" data-end=\"1310\">Sein <strong data-start=\"1011\" data-end=\"1024\">neutraler pH-Wert<\/strong> ist ein echter Trumpf: Dieser <strong data-start=\"343\" data-end=\"391\">Desinfektionsreiniger<\/strong> ist f\u00fcr <strong data-start=\"1064\" data-end=\"1090\">alle Arten von Oberfl\u00e4chen<\/strong> geeignet, auch f\u00fcr die empfindlichsten wie Edelstahl, Kunststoff oder lackierte Oberfl\u00e4chen. Dieses Produkt vereint <strong data-start=\"1193\" data-end=\"1219\">Anwendungssicherheit<\/strong>, <strong data-start=\"1221\" data-end=\"1251\">professionelle Wirksamkeit<\/strong> und <strong data-start=\"1255\" data-end=\"1270\">Vielseitigkeit<\/strong> in einem sparsamen 5-Liter-Format. <\/p>\n<p data-start=\"1312\" data-end=\"1521\">Es ist eine vertrauensw\u00fcrdige Wahl f\u00fcr alle, die Hygienestandards einhalten wollen, ohne die Haltbarkeit der Oberfl\u00e4chen oder die Sicherheit der Benutzer zu beeintr\u00e4chtigen. Je nach Verwendungszweck pur oder verd\u00fcnnt zu verwenden. <\/p>\n<p data-start=\"1312\" data-end=\"1521\">\n<\/div>\n<\/div>\n<\/div>\n<\/div>\n<\/div>\n<\/div>\n<\/div>\n<\/div>\n<\/div>\n<\/div>\n<\/div>\n<\/div>\n<\/div>\n<\/div>\n<\/div>\n<\/div>\n<\/div>\n<\/div>\n<\/div>\n<\/div>\n<div class=\"flex flex-grow flex-col max-w-full\">\n<div class=\"min-h-[20px] text-message flex flex-col items-start whitespace-pre-wrap break-words [.text-message+&amp;]:mt-5 juice:w-full juice:items-end overflow-x-auto gap-2\" dir=\"auto\" data-message-author-role=\"assistant\" data-message-id=\"2034782e-88f9-44ef-b4dc-07dd7bf0115f\">\n<div class=\"flex w-full flex-col gap-1 juice:empty:hidden juice:first:pt-[3px]\">\n<div class=\"markdown prose w-full break-words dark:prose-invert light\">\n<div style=\"font-family: Roboto, sans-serif\">\n<div style=\"font-family: Roboto, sans-serif\">\n<div style=\"font-family: Roboto, sans-serif\">\n<div style=\"font-family: Roboto, sans-serif\">\n<div style=\"font-family: Roboto, sans-serif\">\n<div style=\"font-family: Roboto, sans-serif\">\n<p><!--more--><\/p>\n<h4 style=\"text-align: left\"><strong>Vorteile :<\/strong><\/h4>\n<ul style=\"text-align: left\">\n<li>Viruzide und bakterizide Formel, die den europ\u00e4ischen Normen entspricht.<\/li>\n<li>pH-neutral: schont empfindliche Materialien.<\/li>\n<li>Kann in Lebensmittelumgebungen verwendet werden.<\/li>\n<li>Sparformat 5L, ideal f\u00fcr den regelm\u00e4\u00dfigen Gebrauch.<\/li>\n<li>Multi-Oberfl\u00e4chen: Edelstahl, Plastik, Holz, Fliesen etc.<\/li>\n<\/ul>\n<\/div>\n<\/div>\n<p>&nbsp;<\/p>\n<\/div>\n<\/div>\n<\/div>\n<\/div>\n<\/div>\n<\/div>\n<\/div>\n<\/div>\n<p><!--more--><\/p>\n<h4>Weitere Informationen :<\/h4>\n<ul>\n<li><strong>Verpackung<\/strong>: Einzeln<\/li>\n<li><strong>Verwendung<\/strong>: Virizides Desinfektionsreinigungsmittel<\/li>\n<li><strong>Volumen<\/strong>: 5 Liter<\/li>\n<li><strong>Aussehen<\/strong>: fl\u00fcssig<\/li>\n<li><strong>Farbe<\/strong>: Blau<\/li>\n<li><strong>pH-Wert<\/strong>: 6.5 \u00b1 0.5<\/li>\n<li><strong>Dichte<\/strong> (20\u00ba C): 0.995 \u00b1 0.005 gr\/ml<\/li>\n<\/ul>\n<p>&nbsp;<\/p>\n<p><!--more--><\/p>\n<p class=\"woocommerce-loop-product__title\">Finden Sie auch unseren schaumgepr\u00fcften neutralen Bodenreiniger mit geringer Porosit\u00e4t 2D 5L: <span style=\"color: #d12727\"><a style=\"color: #d12727\" href=\"https:\/\/www.csj-emballages.com\/de\/produit\/neutraler-reiniger-fur-bodenreinigungsmaschinen-mit-geringer-porositat-und-kontrolliertem-schaum-2d\/\">30125<\/a><\/span><\/p>\n<p>&nbsp;<\/p>\n<p style=\"text-align: left\"><!--more--><\/p>\n<p><a href=\"https:\/\/www.csj-emballages.com\/de\/categorie-produit\/hygiene-und-pflege\/pflegeprodukte\/boden\/\">Sehen Sie sich den Rest unseres Sortiments an Bodenpflegeprodukten an.<\/a><\/p>\n","protected":false},"excerpt":{"rendered":"<p>Desinfizierender Reiniger Beschreibung unseres Desinfektionsreinigers mit virizider Wirkung f\u00fcr Oberfl\u00e4chen 5L<\/p>\n","protected":false},"featured_media":239586,"template":"","meta":{"_acf_changed":false},"product_brand":[],"product_cat":[1218,1219,1390],"product_tag":[],"class_list":{"0":"post-18902","1":"product","2":"type-product","3":"status-publish","4":"has-post-thumbnail","6":"product_cat-hygiene-und-pflege","7":"product_cat-pflegeprodukte","8":"product_cat-boden","9":"product_shipping_class-verboten-in-staffeln","11":"first","12":"instock","13":"taxable","14":"shipping-taxable","15":"purchasable","16":"product-type-simple"},"acf":[],"yoast_head":"<!-- This site is optimized with the Yoast SEO Premium plugin v26.6 (Yoast SEO v26.6) - https:\/\/yoast.com\/wordpress\/plugins\/seo\/ -->\n<title>Virizider Desinfektionsreiniger f\u00fcr Oberfl\u00e4chen 5L<\/title>\n<meta name=\"description\" content=\"pH-neutrales viruzides Desinfektionsreinigungsmittel 5L. Entspricht den Normen EN 13697 und EN 14476. Wirkt auf allen Oberfl\u00e4chen, auch im Lebensmittelbereich.\" \/>\n<meta name=\"robots\" content=\"index, follow, max-snippet:-1, max-image-preview:large, max-video-preview:-1\" \/>\n<link rel=\"canonical\" href=\"https:\/\/www.csj-emballages.com\/de\/produit\/surodorant-desinfektionsreiniger-mit-frischem-duft-3d-5-l\/\" \/>\n<meta property=\"og:locale\" content=\"de_DE\" \/>\n<meta property=\"og:type\" content=\"article\" \/>\n<meta property=\"og:title\" content=\"Viruzider Desinfektionsreiniger f\u00fcr B\u00f6den 5L\" \/>\n<meta property=\"og:description\" content=\"pH-neutrales viruzides Desinfektionsreinigungsmittel 5L. Entspricht den Normen EN 13697 und EN 14476. Wirkt auf allen Oberfl\u00e4chen, auch im Lebensmittelbereich.\" \/>\n<meta property=\"og:url\" content=\"https:\/\/www.csj-emballages.com\/de\/produit\/surodorant-desinfektionsreiniger-mit-frischem-duft-3d-5-l\/\" \/>\n<meta property=\"og:site_name\" content=\"CSJ Emballages\" \/>\n<meta property=\"article:publisher\" content=\"https:\/\/www.facebook.com\/csjemballages\" \/>\n<meta property=\"article:modified_time\" content=\"2026-04-24T00:11:17+00:00\" \/>\n<meta property=\"og:image\" content=\"https:\/\/www.csj-emballages.com\/wp-content\/uploads\/2024\/03\/30035.webp\" \/>\n\t<meta property=\"og:image:width\" content=\"800\" \/>\n\t<meta property=\"og:image:height\" content=\"800\" \/>\n\t<meta property=\"og:image:type\" content=\"image\/webp\" \/>\n<meta name=\"twitter:card\" content=\"summary_large_image\" \/>\n<meta name=\"twitter:label1\" content=\"Gesch\u00e4tzte Lesezeit\" \/>\n\t<meta name=\"twitter:data1\" content=\"1\u00a0Minute\" \/>\n<script type=\"application\/ld+json\" class=\"yoast-schema-graph\">{\"@context\":\"https:\/\/schema.org\",\"@graph\":[{\"@type\":\"WebPage\",\"@id\":\"https:\/\/www.csj-emballages.com\/de\/produit\/surodorant-desinfektionsreiniger-mit-frischem-duft-3d-5-l\/\",\"url\":\"https:\/\/www.csj-emballages.com\/de\/produit\/surodorant-desinfektionsreiniger-mit-frischem-duft-3d-5-l\/\",\"name\":\"Virizider Desinfektionsreiniger f\u00fcr Oberfl\u00e4chen 5L\",\"isPartOf\":{\"@id\":\"https:\/\/www.csj-emballages.com\/de\/#website\"},\"primaryImageOfPage\":{\"@id\":\"https:\/\/www.csj-emballages.com\/de\/produit\/surodorant-desinfektionsreiniger-mit-frischem-duft-3d-5-l\/#primaryimage\"},\"image\":{\"@id\":\"https:\/\/www.csj-emballages.com\/de\/produit\/surodorant-desinfektionsreiniger-mit-frischem-duft-3d-5-l\/#primaryimage\"},\"thumbnailUrl\":\"https:\/\/www.csj-emballages.com\/wp-content\/uploads\/2024\/03\/30035.webp\",\"datePublished\":\"2024-03-01T15:59:11+00:00\",\"dateModified\":\"2026-04-24T00:11:17+00:00\",\"description\":\"pH-neutrales viruzides Desinfektionsreinigungsmittel 5L. Entspricht den Normen EN 13697 und EN 14476. Wirkt auf allen Oberfl\u00e4chen, auch im Lebensmittelbereich.\",\"breadcrumb\":{\"@id\":\"https:\/\/www.csj-emballages.com\/de\/produit\/surodorant-desinfektionsreiniger-mit-frischem-duft-3d-5-l\/#breadcrumb\"},\"inLanguage\":\"de\",\"potentialAction\":[{\"@type\":\"ReadAction\",\"target\":[\"https:\/\/www.csj-emballages.com\/de\/produit\/surodorant-desinfektionsreiniger-mit-frischem-duft-3d-5-l\/\"]}]},{\"@type\":\"ImageObject\",\"inLanguage\":\"de\",\"@id\":\"https:\/\/www.csj-emballages.com\/de\/produit\/surodorant-desinfektionsreiniger-mit-frischem-duft-3d-5-l\/#primaryimage\",\"url\":\"https:\/\/www.csj-emballages.com\/wp-content\/uploads\/2024\/03\/30035.webp\",\"contentUrl\":\"https:\/\/www.csj-emballages.com\/wp-content\/uploads\/2024\/03\/30035.webp\",\"width\":800,\"height\":800,\"caption\":\"Nettoyant d\u00e9sinfectant\"},{\"@type\":\"BreadcrumbList\",\"@id\":\"https:\/\/www.csj-emballages.com\/de\/produit\/surodorant-desinfektionsreiniger-mit-frischem-duft-3d-5-l\/#breadcrumb\",\"itemListElement\":[{\"@type\":\"ListItem\",\"position\":1,\"name\":\"Accueil\",\"item\":\"https:\/\/www.csj-emballages.com\/de\/universum-lebensmittelverpackungen\/\"},{\"@type\":\"ListItem\",\"position\":2,\"name\":\"Shop\",\"item\":\"https:\/\/www.csj-emballages.com\/shop\/\"},{\"@type\":\"ListItem\",\"position\":3,\"name\":\"Viruzider Desinfektionsreiniger f\u00fcr B\u00f6den 5L\"}]},{\"@type\":\"WebSite\",\"@id\":\"https:\/\/www.csj-emballages.com\/de\/#website\",\"url\":\"https:\/\/www.csj-emballages.com\/de\/\",\"name\":\"CSJ Emballages\",\"description\":\"\",\"publisher\":{\"@id\":\"https:\/\/www.csj-emballages.com\/de\/#organization\"},\"potentialAction\":[{\"@type\":\"SearchAction\",\"target\":{\"@type\":\"EntryPoint\",\"urlTemplate\":\"https:\/\/www.csj-emballages.com\/de\/?s={search_term_string}\"},\"query-input\":{\"@type\":\"PropertyValueSpecification\",\"valueRequired\":true,\"valueName\":\"search_term_string\"}}],\"inLanguage\":\"de\"},{\"@type\":\"Organization\",\"@id\":\"https:\/\/www.csj-emballages.com\/de\/#Organization\/\",\"name\":\"CSJ Emballages\",\"url\":\"https:\/\/www.csj-emballages.com\/de\/\",\"logo\":{\"@type\":\"ImageObject\",\"inLanguage\":\"de\",\"@id\":\"https:\/\/www.csj-emballages.com\/de\/#\/schema\/logo\/image\/\",\"url\":\"https:\/\/www.csj-emballages.com\/wp-content\/uploads\/2023\/10\/logo_csj.webp\",\"contentUrl\":\"https:\/\/www.csj-emballages.com\/wp-content\/uploads\/2023\/10\/logo_csj.webp\",\"width\":250,\"height\":95,\"caption\":\"CSJ Emballages\"},\"image\":{\"@id\":\"https:\/\/www.csj-emballages.com\/de\/#\/schema\/logo\/image\/\"},\"sameAs\":[\"https:\/\/www.facebook.com\/csjemballages\"],\"address\":{\"@type\":\"PostalAddress\",\"streetAddress\":\"ZI La Lechere\",\"addressLocality\":\"Patornay\",\"postalCode\":\"39130\",\"addressCountry\":\"FR\"},\"contactPoint\":[{\"@type\":\"ContactPoint\",\"contactType\":\"Service client\",\"telephone\":\"0384254272\",\"email\":\"contact@csj-emballages.com\"}]}]}<\/script>\n<!-- \/ Yoast SEO Premium plugin. -->","yoast_head_json":{"title":"Virizider Desinfektionsreiniger f\u00fcr Oberfl\u00e4chen 5L","description":"pH-neutrales viruzides Desinfektionsreinigungsmittel 5L. Entspricht den Normen EN 13697 und EN 14476. Wirkt auf allen Oberfl\u00e4chen, auch im Lebensmittelbereich.","robots":{"index":"index","follow":"follow","max-snippet":"max-snippet:-1","max-image-preview":"max-image-preview:large","max-video-preview":"max-video-preview:-1"},"canonical":"https:\/\/www.csj-emballages.com\/de\/produit\/surodorant-desinfektionsreiniger-mit-frischem-duft-3d-5-l\/","og_locale":"de_DE","og_type":"article","og_title":"Viruzider Desinfektionsreiniger f\u00fcr B\u00f6den 5L","og_description":"pH-neutrales viruzides Desinfektionsreinigungsmittel 5L. Entspricht den Normen EN 13697 und EN 14476. Wirkt auf allen Oberfl\u00e4chen, auch im Lebensmittelbereich.","og_url":"https:\/\/www.csj-emballages.com\/de\/produit\/surodorant-desinfektionsreiniger-mit-frischem-duft-3d-5-l\/","og_site_name":"CSJ Emballages","article_publisher":"https:\/\/www.facebook.com\/csjemballages","article_modified_time":"2026-04-24T00:11:17+00:00","og_image":[{"width":800,"height":800,"url":"https:\/\/www.csj-emballages.com\/wp-content\/uploads\/2024\/03\/30035.webp","type":"image\/webp"}],"twitter_card":"summary_large_image","twitter_misc":{"Gesch\u00e4tzte Lesezeit":"1\u00a0Minute"},"schema":{"@context":"https:\/\/schema.org","@graph":[{"@type":"WebPage","@id":"https:\/\/www.csj-emballages.com\/de\/produit\/surodorant-desinfektionsreiniger-mit-frischem-duft-3d-5-l\/","url":"https:\/\/www.csj-emballages.com\/de\/produit\/surodorant-desinfektionsreiniger-mit-frischem-duft-3d-5-l\/","name":"Virizider Desinfektionsreiniger f\u00fcr Oberfl\u00e4chen 5L","isPartOf":{"@id":"https:\/\/www.csj-emballages.com\/de\/#website"},"primaryImageOfPage":{"@id":"https:\/\/www.csj-emballages.com\/de\/produit\/surodorant-desinfektionsreiniger-mit-frischem-duft-3d-5-l\/#primaryimage"},"image":{"@id":"https:\/\/www.csj-emballages.com\/de\/produit\/surodorant-desinfektionsreiniger-mit-frischem-duft-3d-5-l\/#primaryimage"},"thumbnailUrl":"https:\/\/www.csj-emballages.com\/wp-content\/uploads\/2024\/03\/30035.webp","datePublished":"2024-03-01T15:59:11+00:00","dateModified":"2026-04-24T00:11:17+00:00","description":"pH-neutrales viruzides Desinfektionsreinigungsmittel 5L. Entspricht den Normen EN 13697 und EN 14476. Wirkt auf allen Oberfl\u00e4chen, auch im Lebensmittelbereich.","breadcrumb":{"@id":"https:\/\/www.csj-emballages.com\/de\/produit\/surodorant-desinfektionsreiniger-mit-frischem-duft-3d-5-l\/#breadcrumb"},"inLanguage":"de","potentialAction":[{"@type":"ReadAction","target":["https:\/\/www.csj-emballages.com\/de\/produit\/surodorant-desinfektionsreiniger-mit-frischem-duft-3d-5-l\/"]}]},{"@type":"ImageObject","inLanguage":"de","@id":"https:\/\/www.csj-emballages.com\/de\/produit\/surodorant-desinfektionsreiniger-mit-frischem-duft-3d-5-l\/#primaryimage","url":"https:\/\/www.csj-emballages.com\/wp-content\/uploads\/2024\/03\/30035.webp","contentUrl":"https:\/\/www.csj-emballages.com\/wp-content\/uploads\/2024\/03\/30035.webp","width":800,"height":800,"caption":"Nettoyant d\u00e9sinfectant"},{"@type":"BreadcrumbList","@id":"https:\/\/www.csj-emballages.com\/de\/produit\/surodorant-desinfektionsreiniger-mit-frischem-duft-3d-5-l\/#breadcrumb","itemListElement":[{"@type":"ListItem","position":1,"name":"Accueil","item":"https:\/\/www.csj-emballages.com\/de\/universum-lebensmittelverpackungen\/"},{"@type":"ListItem","position":2,"name":"Shop","item":"https:\/\/www.csj-emballages.com\/shop\/"},{"@type":"ListItem","position":3,"name":"Viruzider Desinfektionsreiniger f\u00fcr B\u00f6den 5L"}]},{"@type":"WebSite","@id":"https:\/\/www.csj-emballages.com\/de\/#website","url":"https:\/\/www.csj-emballages.com\/de\/","name":"CSJ Emballages","description":"","publisher":{"@id":"https:\/\/www.csj-emballages.com\/de\/#organization"},"potentialAction":[{"@type":"SearchAction","target":{"@type":"EntryPoint","urlTemplate":"https:\/\/www.csj-emballages.com\/de\/?s={search_term_string}"},"query-input":{"@type":"PropertyValueSpecification","valueRequired":true,"valueName":"search_term_string"}}],"inLanguage":"de"},{"@type":"Organization","@id":"https:\/\/www.csj-emballages.com\/de\/#Organization\/","name":"CSJ Emballages","url":"https:\/\/www.csj-emballages.com\/de\/","logo":{"@type":"ImageObject","inLanguage":"de","@id":"https:\/\/www.csj-emballages.com\/de\/#\/schema\/logo\/image\/","url":"https:\/\/www.csj-emballages.com\/wp-content\/uploads\/2023\/10\/logo_csj.webp","contentUrl":"https:\/\/www.csj-emballages.com\/wp-content\/uploads\/2023\/10\/logo_csj.webp","width":250,"height":95,"caption":"CSJ Emballages"},"image":{"@id":"https:\/\/www.csj-emballages.com\/de\/#\/schema\/logo\/image\/"},"sameAs":["https:\/\/www.facebook.com\/csjemballages"],"address":{"@type":"PostalAddress","streetAddress":"ZI La Lechere","addressLocality":"Patornay","postalCode":"39130","addressCountry":"FR"},"contactPoint":[{"@type":"ContactPoint","contactType":"Service client","telephone":"0384254272","email":"contact@csj-emballages.com"}]}]}},"df_price":12.68,"df_sale_price":"","df_regular_price":12.68,"df_image_link":"https:\/\/www.csj-emballages.com\/wp-content\/uploads\/2024\/03\/30035-300x300.webp","tiered_pricing_type":"fixed","tiered_pricing_fixed_rules":[],"tiered_pricing_percentage_rules":[],"tiered_pricing_minimum":1,"tiered_pricing_roles_data":[],"_links":{"self":[{"href":"https:\/\/www.csj-emballages.com\/de\/wp-json\/wp\/v2\/product\/18902","targetHints":{"allow":["GET"]}}],"collection":[{"href":"https:\/\/www.csj-emballages.com\/de\/wp-json\/wp\/v2\/product"}],"about":[{"href":"https:\/\/www.csj-emballages.com\/de\/wp-json\/wp\/v2\/types\/product"}],"wp:featuredmedia":[{"embeddable":true,"href":"https:\/\/www.csj-emballages.com\/de\/wp-json\/wp\/v2\/media\/239586"}],"wp:attachment":[{"href":"https:\/\/www.csj-emballages.com\/de\/wp-json\/wp\/v2\/media?parent=18902"}],"wp:term":[{"taxonomy":"product_brand","embeddable":true,"href":"https:\/\/www.csj-emballages.com\/de\/wp-json\/wp\/v2\/product_brand?post=18902"},{"taxonomy":"product_cat","embeddable":true,"href":"https:\/\/www.csj-emballages.com\/de\/wp-json\/wp\/v2\/product_cat?post=18902"},{"taxonomy":"product_tag","embeddable":true,"href":"https:\/\/www.csj-emballages.com\/de\/wp-json\/wp\/v2\/product_tag?post=18902"}],"curies":[{"name":"wp","href":"https:\/\/api.w.org\/{rel}","templated":true}]}}