{"id":18889,"date":"2024-03-01T16:59:12","date_gmt":"2024-03-01T15:59:12","guid":{"rendered":"https:\/\/u15jnbdpoq.preview.infomaniak.website\/produit\/bloecke-oberkellner-50-dupli-150-x-75-mm\/"},"modified":"2026-04-24T02:11:11","modified_gmt":"2026-04-24T00:11:11","slug":"bloecke-oberkellner-50-dupli-150-x-75-mm","status":"publish","type":"product","link":"https:\/\/www.csj-emballages.com\/de\/produit\/bloecke-oberkellner-50-dupli-150-x-75-mm\/","title":{"rendered":"Kellnerblock 50 Dupli 150 x 75 mm"},"content":{"rendered":"<h2>Kellnerblock<\/h2>\n<hr>\n<h3>Entdecken Sie unseren Kellnerblock 50 Dupli 150 x 75 mm<\/h3>\n<p><!--more--><\/p>\n<p data-start=\"219\" data-end=\"570\">In einem Restaurant, Caf\u00e9 oder einer Bar geht alles schnell. Bestellungen h\u00e4ufen sich, Tische f\u00fcllen sich und jedes Detail z\u00e4hlt. Hier wird der <strong data-start=\"367\" data-end=\"411\">Kellnerblock 50 Dupli 150 x 75 mm<\/strong> zu einem echten Alltagshelfer. Kompakt, praktisch und einfach zu handhaben, erm\u00f6glicht er es, Bestellungen klar zu notieren, ohne Zeit oder Informationen zu verlieren.   <\/p>\n<p data-start=\"572\" data-end=\"992\">Dank seines <strong data-start=\"584\" data-end=\"606\">Formats 150 x 75 mm<\/strong> liegt er perfekt in der Hand oder passt in eine Sch\u00fcrzentasche. Man schreibt ganz nat\u00fcrlich, ohne von der Gr\u00f6\u00dfe des Blocks eingeschr\u00e4nkt zu werden. Das <strong data-start=\"741\" data-end=\"750\">Dupli<\/strong>-System ist besonders n\u00fctzlich: Jede <strong>Bestellaufnahme<\/strong> erfolgt <strong>doppelt<\/strong>, was eine Nachverfolgung erm\u00f6glicht, w\u00e4hrend eine Kopie an die K\u00fcche oder Bar weitergeleitet wird. Das Ergebnis: weniger Fehler, eine bessere Organisation und ein reibungsloserer Service.<\/p>\n<p data-start=\"994\" data-end=\"1259\">Das <strong>Papier<\/strong> bietet eine gute Lesbarkeit und nimmt die Tinte korrekt auf, was ein Verschmieren verhindert. Selbst im gr\u00f6\u00dften Andrang bleiben die Notizen klar und verwertbar. Mit seinen <strong data-start=\"1161\" data-end=\"1177\">50 Blatt<\/strong> passt sich dieser <strong>Block<\/strong> sowohl kleinen Betrieben als auch intensiven Diensten an.  <\/p>\n<p data-start=\"1261\" data-end=\"1548\">Ob Sie Kellner, <strong>Ma\u00eetre d&#8217;h\u00f4tel<\/strong> oder <strong>Manager<\/strong> sind, dieser <strong>Kellnerblock<\/strong> vereinfacht die t\u00e4gliche Arbeit. Er f\u00fcgt sich nat\u00fcrlich in Ihre Routine ein, ohne sie jemals zu verkomplizieren. Einfach, effizient und zuverl\u00e4ssig, erf\u00fcllt er die Anforderungen vor Ort, wo Schnelligkeit und Pr\u00e4zision den Unterschied ausmachen.  <\/p>\n<p data-start=\"1554\" data-end=\"1652\"><!--more--><\/p>\n<h4 data-start=\"1554\" data-end=\"1652\">Vorteile :<\/h4>\n<ul>\n<li data-start=\"1576\" data-end=\"1614\">Kompaktes Format und einfach zu handhaben.<\/li>\n<li data-start=\"1617\" data-end=\"1664\"><strong>Durchschreibesystem<\/strong> f\u00fcr eine bessere Organisation.<\/li>\n<li data-start=\"1667\" data-end=\"1695\">Fl\u00fcssiges und leserliches Schreiben.<\/li>\n<li data-start=\"1698\" data-end=\"1742\">Ideal f\u00fcr Restaurants, Bars und Gastst\u00e4tten.<\/li>\n<li data-start=\"1745\" data-end=\"1792\"><strong>50 Blatt<\/strong> praktisch f\u00fcr den regelm\u00e4\u00dfigen Gebrauch.<\/li>\n<\/ul>\n<p>&nbsp;<\/p>\n<p><!--more--><\/p>\n<h4>Weitere Informationen :<\/h4>\n<ul>\n<li><strong>Verpackung<\/strong>: Einzeln<\/li>\n<li><strong>Ma\u00dfe<\/strong>: 150 x 75 mm<\/li>\n<li><strong>Modell<\/strong>: Kellnerblock<\/li>\n<li><strong>Farbe<\/strong>: Wei\u00df &#8211; Rot<\/li>\n<li><strong>Grammatur<\/strong>: 56-57 g\/m\u00b2<\/li>\n<li><strong>Anzahl der Bl\u00e4tter<\/strong>: 50 Durchschl\u00e4ge<\/li>\n<\/ul>\n<p>&nbsp;<\/p>\n<p><!--more--><\/p>\n<p>Dieser Kellnerblock ist auch in 165 x 85 mm erh\u00e4ltlich: <span style=\"color: #d12727;\"><a style=\"color: #d12727;\" href=\"https:\/\/www.csj-emballages.com\/es\/produit\/maitre-d-bloques-50-dupli-165-x-85-mm\/\">2202<\/a><\/span><\/p>\n<p>&nbsp;<\/p>\n<p><!--more--><\/p>\n<p><a href=\"https:\/\/www.csj-emballages.com\/de\/categorie-produit\/lebensmittelverpackungen\/boutique-und-geschaft\/briefpapier-und-kleinmaterial\/blocke\/\">Sehen Sie sich den Rest unseres Blocksortiments an<\/a><\/p>\n","protected":false},"excerpt":{"rendered":"<p>Kellnerblock Entdecken Sie unseren Kellnerblock 50 Dupli 150 x 75 mm<\/p>\n","protected":false},"featured_media":260036,"template":"","meta":{"_acf_changed":false},"product_brand":[],"product_cat":[1137,1487,1921,3972],"product_tag":[],"class_list":{"0":"post-18889","1":"product","2":"type-product","3":"status-publish","4":"has-post-thumbnail","6":"product_cat-lebensmittelverpackungen","7":"product_cat-boutique-und-geschaft","8":"product_cat-briefpapier-und-kleinmaterial","9":"product_cat-blocke","11":"first","12":"instock","13":"taxable","14":"shipping-taxable","15":"purchasable","16":"product-type-simple"},"acf":[],"yoast_head":"<!-- This site is optimized with the Yoast SEO Premium plugin v26.6 (Yoast SEO v26.6) - https:\/\/yoast.com\/wordpress\/plugins\/seo\/ -->\n<title>Kellnerblock 50 Dupli 150 x 75 mm<\/title>\n<meta name=\"description\" content=\"Kellnerblock 50 Dupli 150 x 75 mm, praktisch und kompakt. Ideal, um Bestellungen schnell aufzunehmen und eine klare Kopie in der K\u00fcche oder an der Bar aufzubewahren.\" \/>\n<meta name=\"robots\" content=\"index, follow, max-snippet:-1, max-image-preview:large, max-video-preview:-1\" \/>\n<link rel=\"canonical\" href=\"https:\/\/www.csj-emballages.com\/de\/produit\/bloecke-oberkellner-50-dupli-150-x-75-mm\/\" \/>\n<meta property=\"og:locale\" content=\"de_DE\" \/>\n<meta property=\"og:type\" content=\"article\" \/>\n<meta property=\"og:title\" content=\"Kellnerblock 50 Dupli 150 x 75 mm\" \/>\n<meta property=\"og:description\" content=\"Kellnerblock 50 Dupli 150 x 75 mm, praktisch und kompakt. Ideal, um Bestellungen schnell aufzunehmen und eine klare Kopie in der K\u00fcche oder an der Bar aufzubewahren.\" \/>\n<meta property=\"og:url\" content=\"https:\/\/www.csj-emballages.com\/de\/produit\/bloecke-oberkellner-50-dupli-150-x-75-mm\/\" \/>\n<meta property=\"og:site_name\" content=\"CSJ Emballages\" \/>\n<meta property=\"article:publisher\" content=\"https:\/\/www.facebook.com\/csjemballages\" \/>\n<meta property=\"article:modified_time\" content=\"2026-04-24T00:11:11+00:00\" \/>\n<meta property=\"og:image\" content=\"https:\/\/www.csj-emballages.com\/wp-content\/uploads\/2024\/03\/2222.webp\" \/>\n\t<meta property=\"og:image:width\" content=\"800\" \/>\n\t<meta property=\"og:image:height\" content=\"800\" \/>\n\t<meta property=\"og:image:type\" content=\"image\/webp\" \/>\n<meta name=\"twitter:card\" content=\"summary_large_image\" \/>\n<meta name=\"twitter:label1\" content=\"Gesch\u00e4tzte Lesezeit\" \/>\n\t<meta name=\"twitter:data1\" content=\"2 Minuten\" \/>\n<script type=\"application\/ld+json\" class=\"yoast-schema-graph\">{\"@context\":\"https:\/\/schema.org\",\"@graph\":[{\"@type\":\"WebPage\",\"@id\":\"https:\/\/www.csj-emballages.com\/de\/produit\/bloecke-oberkellner-50-dupli-150-x-75-mm\/\",\"url\":\"https:\/\/www.csj-emballages.com\/de\/produit\/bloecke-oberkellner-50-dupli-150-x-75-mm\/\",\"name\":\"Kellnerblock 50 Dupli 150 x 75 mm\",\"isPartOf\":{\"@id\":\"https:\/\/www.csj-emballages.com\/de\/#website\"},\"primaryImageOfPage\":{\"@id\":\"https:\/\/www.csj-emballages.com\/de\/produit\/bloecke-oberkellner-50-dupli-150-x-75-mm\/#primaryimage\"},\"image\":{\"@id\":\"https:\/\/www.csj-emballages.com\/de\/produit\/bloecke-oberkellner-50-dupli-150-x-75-mm\/#primaryimage\"},\"thumbnailUrl\":\"https:\/\/www.csj-emballages.com\/wp-content\/uploads\/2024\/03\/2222.webp\",\"datePublished\":\"2024-03-01T15:59:12+00:00\",\"dateModified\":\"2026-04-24T00:11:11+00:00\",\"description\":\"Kellnerblock 50 Dupli 150 x 75 mm, praktisch und kompakt. Ideal, um Bestellungen schnell aufzunehmen und eine klare Kopie in der K\u00fcche oder an der Bar aufzubewahren.\",\"breadcrumb\":{\"@id\":\"https:\/\/www.csj-emballages.com\/de\/produit\/bloecke-oberkellner-50-dupli-150-x-75-mm\/#breadcrumb\"},\"inLanguage\":\"de\",\"potentialAction\":[{\"@type\":\"ReadAction\",\"target\":[\"https:\/\/www.csj-emballages.com\/de\/produit\/bloecke-oberkellner-50-dupli-150-x-75-mm\/\"]}]},{\"@type\":\"ImageObject\",\"inLanguage\":\"de\",\"@id\":\"https:\/\/www.csj-emballages.com\/de\/produit\/bloecke-oberkellner-50-dupli-150-x-75-mm\/#primaryimage\",\"url\":\"https:\/\/www.csj-emballages.com\/wp-content\/uploads\/2024\/03\/2222.webp\",\"contentUrl\":\"https:\/\/www.csj-emballages.com\/wp-content\/uploads\/2024\/03\/2222.webp\",\"width\":800,\"height\":800,\"caption\":\"Bloc ma\u00eetre d'h\u00f4tel\"},{\"@type\":\"BreadcrumbList\",\"@id\":\"https:\/\/www.csj-emballages.com\/de\/produit\/bloecke-oberkellner-50-dupli-150-x-75-mm\/#breadcrumb\",\"itemListElement\":[{\"@type\":\"ListItem\",\"position\":1,\"name\":\"Accueil\",\"item\":\"https:\/\/www.csj-emballages.com\/de\/universum-lebensmittelverpackungen\/\"},{\"@type\":\"ListItem\",\"position\":2,\"name\":\"Shop\",\"item\":\"https:\/\/www.csj-emballages.com\/shop\/\"},{\"@type\":\"ListItem\",\"position\":3,\"name\":\"Kellnerblock 50 Dupli 150 x 75 mm\"}]},{\"@type\":\"WebSite\",\"@id\":\"https:\/\/www.csj-emballages.com\/de\/#website\",\"url\":\"https:\/\/www.csj-emballages.com\/de\/\",\"name\":\"CSJ Emballages\",\"description\":\"\",\"publisher\":{\"@id\":\"https:\/\/www.csj-emballages.com\/de\/#organization\"},\"potentialAction\":[{\"@type\":\"SearchAction\",\"target\":{\"@type\":\"EntryPoint\",\"urlTemplate\":\"https:\/\/www.csj-emballages.com\/de\/?s={search_term_string}\"},\"query-input\":{\"@type\":\"PropertyValueSpecification\",\"valueRequired\":true,\"valueName\":\"search_term_string\"}}],\"inLanguage\":\"de\"},{\"@type\":\"Organization\",\"@id\":\"https:\/\/www.csj-emballages.com\/de\/#Organization\/\",\"name\":\"CSJ Emballages\",\"url\":\"https:\/\/www.csj-emballages.com\/de\/\",\"logo\":{\"@type\":\"ImageObject\",\"inLanguage\":\"de\",\"@id\":\"https:\/\/www.csj-emballages.com\/de\/#\/schema\/logo\/image\/\",\"url\":\"https:\/\/www.csj-emballages.com\/wp-content\/uploads\/2023\/10\/logo_csj.webp\",\"contentUrl\":\"https:\/\/www.csj-emballages.com\/wp-content\/uploads\/2023\/10\/logo_csj.webp\",\"width\":250,\"height\":95,\"caption\":\"CSJ Emballages\"},\"image\":{\"@id\":\"https:\/\/www.csj-emballages.com\/de\/#\/schema\/logo\/image\/\"},\"sameAs\":[\"https:\/\/www.facebook.com\/csjemballages\"],\"address\":{\"@type\":\"PostalAddress\",\"streetAddress\":\"ZI La Lechere\",\"addressLocality\":\"Patornay\",\"postalCode\":\"39130\",\"addressCountry\":\"FR\"},\"contactPoint\":[{\"@type\":\"ContactPoint\",\"contactType\":\"Service client\",\"telephone\":\"0384254272\",\"email\":\"contact@csj-emballages.com\"}]}]}<\/script>\n<!-- \/ Yoast SEO Premium plugin. -->","yoast_head_json":{"title":"Kellnerblock 50 Dupli 150 x 75 mm","description":"Kellnerblock 50 Dupli 150 x 75 mm, praktisch und kompakt. Ideal, um Bestellungen schnell aufzunehmen und eine klare Kopie in der K\u00fcche oder an der Bar aufzubewahren.","robots":{"index":"index","follow":"follow","max-snippet":"max-snippet:-1","max-image-preview":"max-image-preview:large","max-video-preview":"max-video-preview:-1"},"canonical":"https:\/\/www.csj-emballages.com\/de\/produit\/bloecke-oberkellner-50-dupli-150-x-75-mm\/","og_locale":"de_DE","og_type":"article","og_title":"Kellnerblock 50 Dupli 150 x 75 mm","og_description":"Kellnerblock 50 Dupli 150 x 75 mm, praktisch und kompakt. Ideal, um Bestellungen schnell aufzunehmen und eine klare Kopie in der K\u00fcche oder an der Bar aufzubewahren.","og_url":"https:\/\/www.csj-emballages.com\/de\/produit\/bloecke-oberkellner-50-dupli-150-x-75-mm\/","og_site_name":"CSJ Emballages","article_publisher":"https:\/\/www.facebook.com\/csjemballages","article_modified_time":"2026-04-24T00:11:11+00:00","og_image":[{"width":800,"height":800,"url":"https:\/\/www.csj-emballages.com\/wp-content\/uploads\/2024\/03\/2222.webp","type":"image\/webp"}],"twitter_card":"summary_large_image","twitter_misc":{"Gesch\u00e4tzte Lesezeit":"2 Minuten"},"schema":{"@context":"https:\/\/schema.org","@graph":[{"@type":"WebPage","@id":"https:\/\/www.csj-emballages.com\/de\/produit\/bloecke-oberkellner-50-dupli-150-x-75-mm\/","url":"https:\/\/www.csj-emballages.com\/de\/produit\/bloecke-oberkellner-50-dupli-150-x-75-mm\/","name":"Kellnerblock 50 Dupli 150 x 75 mm","isPartOf":{"@id":"https:\/\/www.csj-emballages.com\/de\/#website"},"primaryImageOfPage":{"@id":"https:\/\/www.csj-emballages.com\/de\/produit\/bloecke-oberkellner-50-dupli-150-x-75-mm\/#primaryimage"},"image":{"@id":"https:\/\/www.csj-emballages.com\/de\/produit\/bloecke-oberkellner-50-dupli-150-x-75-mm\/#primaryimage"},"thumbnailUrl":"https:\/\/www.csj-emballages.com\/wp-content\/uploads\/2024\/03\/2222.webp","datePublished":"2024-03-01T15:59:12+00:00","dateModified":"2026-04-24T00:11:11+00:00","description":"Kellnerblock 50 Dupli 150 x 75 mm, praktisch und kompakt. Ideal, um Bestellungen schnell aufzunehmen und eine klare Kopie in der K\u00fcche oder an der Bar aufzubewahren.","breadcrumb":{"@id":"https:\/\/www.csj-emballages.com\/de\/produit\/bloecke-oberkellner-50-dupli-150-x-75-mm\/#breadcrumb"},"inLanguage":"de","potentialAction":[{"@type":"ReadAction","target":["https:\/\/www.csj-emballages.com\/de\/produit\/bloecke-oberkellner-50-dupli-150-x-75-mm\/"]}]},{"@type":"ImageObject","inLanguage":"de","@id":"https:\/\/www.csj-emballages.com\/de\/produit\/bloecke-oberkellner-50-dupli-150-x-75-mm\/#primaryimage","url":"https:\/\/www.csj-emballages.com\/wp-content\/uploads\/2024\/03\/2222.webp","contentUrl":"https:\/\/www.csj-emballages.com\/wp-content\/uploads\/2024\/03\/2222.webp","width":800,"height":800,"caption":"Bloc ma\u00eetre d'h\u00f4tel"},{"@type":"BreadcrumbList","@id":"https:\/\/www.csj-emballages.com\/de\/produit\/bloecke-oberkellner-50-dupli-150-x-75-mm\/#breadcrumb","itemListElement":[{"@type":"ListItem","position":1,"name":"Accueil","item":"https:\/\/www.csj-emballages.com\/de\/universum-lebensmittelverpackungen\/"},{"@type":"ListItem","position":2,"name":"Shop","item":"https:\/\/www.csj-emballages.com\/shop\/"},{"@type":"ListItem","position":3,"name":"Kellnerblock 50 Dupli 150 x 75 mm"}]},{"@type":"WebSite","@id":"https:\/\/www.csj-emballages.com\/de\/#website","url":"https:\/\/www.csj-emballages.com\/de\/","name":"CSJ Emballages","description":"","publisher":{"@id":"https:\/\/www.csj-emballages.com\/de\/#organization"},"potentialAction":[{"@type":"SearchAction","target":{"@type":"EntryPoint","urlTemplate":"https:\/\/www.csj-emballages.com\/de\/?s={search_term_string}"},"query-input":{"@type":"PropertyValueSpecification","valueRequired":true,"valueName":"search_term_string"}}],"inLanguage":"de"},{"@type":"Organization","@id":"https:\/\/www.csj-emballages.com\/de\/#Organization\/","name":"CSJ Emballages","url":"https:\/\/www.csj-emballages.com\/de\/","logo":{"@type":"ImageObject","inLanguage":"de","@id":"https:\/\/www.csj-emballages.com\/de\/#\/schema\/logo\/image\/","url":"https:\/\/www.csj-emballages.com\/wp-content\/uploads\/2023\/10\/logo_csj.webp","contentUrl":"https:\/\/www.csj-emballages.com\/wp-content\/uploads\/2023\/10\/logo_csj.webp","width":250,"height":95,"caption":"CSJ Emballages"},"image":{"@id":"https:\/\/www.csj-emballages.com\/de\/#\/schema\/logo\/image\/"},"sameAs":["https:\/\/www.facebook.com\/csjemballages"],"address":{"@type":"PostalAddress","streetAddress":"ZI La Lechere","addressLocality":"Patornay","postalCode":"39130","addressCountry":"FR"},"contactPoint":[{"@type":"ContactPoint","contactType":"Service client","telephone":"0384254272","email":"contact@csj-emballages.com"}]}]}},"df_price":1.24,"df_sale_price":"","df_regular_price":1.24,"df_image_link":"https:\/\/www.csj-emballages.com\/wp-content\/uploads\/2024\/03\/2222-300x300.webp","tiered_pricing_type":"fixed","tiered_pricing_fixed_rules":[],"tiered_pricing_percentage_rules":[],"tiered_pricing_minimum":1,"tiered_pricing_roles_data":[],"_links":{"self":[{"href":"https:\/\/www.csj-emballages.com\/de\/wp-json\/wp\/v2\/product\/18889","targetHints":{"allow":["GET"]}}],"collection":[{"href":"https:\/\/www.csj-emballages.com\/de\/wp-json\/wp\/v2\/product"}],"about":[{"href":"https:\/\/www.csj-emballages.com\/de\/wp-json\/wp\/v2\/types\/product"}],"wp:featuredmedia":[{"embeddable":true,"href":"https:\/\/www.csj-emballages.com\/de\/wp-json\/wp\/v2\/media\/260036"}],"wp:attachment":[{"href":"https:\/\/www.csj-emballages.com\/de\/wp-json\/wp\/v2\/media?parent=18889"}],"wp:term":[{"taxonomy":"product_brand","embeddable":true,"href":"https:\/\/www.csj-emballages.com\/de\/wp-json\/wp\/v2\/product_brand?post=18889"},{"taxonomy":"product_cat","embeddable":true,"href":"https:\/\/www.csj-emballages.com\/de\/wp-json\/wp\/v2\/product_cat?post=18889"},{"taxonomy":"product_tag","embeddable":true,"href":"https:\/\/www.csj-emballages.com\/de\/wp-json\/wp\/v2\/product_tag?post=18889"}],"curies":[{"name":"wp","href":"https:\/\/api.w.org\/{rel}","templated":true}]}}