{"id":18885,"date":"2024-03-01T16:59:14","date_gmt":"2024-03-01T15:59:14","guid":{"rendered":"https:\/\/u15jnbdpoq.preview.infomaniak.website\/produit\/carnet-fiche-dintervention-50-tripli-210-x-140-mm\/"},"modified":"2026-05-04T02:10:21","modified_gmt":"2026-05-04T00:10:21","slug":"carnet-fiche-dintervention-50-tripli-210-x-140-mm","status":"publish","type":"product","link":"https:\/\/www.csj-emballages.com\/de\/produit\/carnet-fiche-dintervention-50-tripli-210-x-140-mm\/","title":{"rendered":"Carnet fiches d&#8217;intervention 50 tripli 210 x 140 mm"},"content":{"rendered":"<h2>Carnet fiches d&#8217;intervention<\/h2>\n<hr>\n<h3>Beschreibung unseres Hefts Interventionskarten 50 tripli 210 x 140 mm<\/h3>\n<p><!--more--><\/p>\n<div class=\"flex-shrink-0 flex flex-col relative items-end\">\n<div class=\"pt-0.5 juice:pt-0\">\n<div class=\"gizmo-bot-avatar flex h-6 w-6 items-center justify-center overflow-hidden rounded-full juice:h-8 juice:w-8\">\n<div class=\"relative p-1 rounded-sm flex items-center justify-center bg-token-main-surface-primary text-token-text-primary h-8 w-8\">\n<p class=\"\" data-start=\"198\" data-end=\"478\">Wenn jedes Detail z\u00e4hlt, kann eine gute Einsatznachbereitung einen gro\u00dfen Unterschied machen. Dieses <strong data-start=\"289\" data-end=\"331\">dreifache Einsatztagebuch<\/strong> im Format <strong data-start=\"343\" data-end=\"359\">210 x 140 mm<\/strong> wurde f\u00fcr Berufst\u00e4tige entwickelt, die einen klaren, schnellen und genauen \u00dcberblick \u00fcber jeden Einsatz behalten m\u00fcssen. <\/p>\n<p class=\"\" data-start=\"480\" data-end=\"813\">Mit diesem <strong>Notizbuch<\/strong> mit <strong data-start=\"489\" data-end=\"528\">50 selbstdurchschreibenden Bl\u00e4ttern in dreifacher<\/strong> Ausf\u00fchrung k\u00f6nnen Sie mit einem einzigen Handgriff <strong data-start=\"563\" data-end=\"584\">drei Exemplare<\/strong> jeder Karteikarte erstellen: erstes Blatt CB 56g\/m2 mit blauem Tintendruck, zweites Blatt CFB 53g\/m2 mit rotem Tintendruck, drittes Blatt CF 57g\/m2 mit gr\u00fcnem Tintendruck. Keine verlorenen oder vergessenen Informationen mehr: Alles wird zum Zeitpunkt des Einsatzes vor Ort dokumentiert. <\/p>\n<p class=\"\" data-start=\"815\" data-end=\"1231\">Dieses Notizbuch ist kompakt und robust und passt problemlos in eine Tasche. Es ist ideal f\u00fcr Wartungstechniker, Handwerker, Reinigungskr\u00e4fte, Heizungsinstallateure, Elektriker, Klempner und Pannendienste. Das hochwertige <strong>Papier<\/strong> sorgt f\u00fcr gute Lesbarkeit, selbst mit herk\u00f6mmlichen Kugelschreibern, und die vorgedruckten Seiten erm\u00f6glichen schnelle und strukturierte Notizen.  <\/p>\n<p class=\"\" data-start=\"1233\" data-end=\"1413\">Jedes Detail in diesem <strong>Heft<\/strong> mit <strong>Einsatzzetteln<\/strong> wurde durchdacht, um Ihre Zeit zu optimieren und die Nachvollziehbarkeit Ihrer Handlungen zu verbessern, w\u00e4hrend Sie gleichzeitig ein professionelles und organisiertes Image vermitteln.<\/p>\n<h4 class=\"\" data-start=\"1415\" data-end=\"1443\"><\/h4>\n<\/div>\n<\/div>\n<\/div>\n<\/div>\n<p><!--more--><\/p>\n<p><strong>Ihre Vorteile :<\/strong><\/p>\n<ul>\n<li>Praktisches Format 210 x 140 mm, leicht zu transportieren.<\/li>\n<li>50 Dreifachkarten: 1 Original + 2 Kopien.<\/li>\n<li>Ideal f\u00fcr alle Gewerke, die mobil sind.<\/li>\n<li>Klar, sauber und professionell f\u00fcr Ihre Kunden.<\/li>\n<\/ul>\n<p>&nbsp;<\/p>\n<p><!--more--><\/p>\n<h4>Weitere Informationen :<\/h4>\n<ul>\n<li><strong>Verpackung<\/strong>: Einzeln verkauft<\/li>\n<li><strong>Ma\u00dfe<\/strong>: 210 x 140 ( L x B in mm).<\/li>\n<li><strong>Seitenzahlen<\/strong>: 50 dreifach<\/li>\n<li><strong>Material<\/strong>: Papier<\/li>\n<li><strong>Anzahl der Bl\u00e4tter<\/strong>: 3<\/li>\n<\/ul>\n<p>&nbsp;<\/p>\n<p><!--more--><\/p>\n<p>Hier finden Sie unser Einnahmen-\/Ausgabenheft : <span style=\"color: #d12727\"><a style=\"color: #d12727\" href=\"https:\/\/www.csj-emballages.com\/es\/produit\/talonario-de-recibos-de-gastos-220-x-170-mm-elve\/\">1329<\/a><\/span><\/p>\n<p>&nbsp;<\/p>\n<p><!--more--><\/p>\n<p><a href=\"https:\/\/www.csj-emballages.com\/de\/categorie-produit\/lebensmittelverpackungen\/boutique-und-geschaft\/briefpapier-und-kleinmaterial\/notizbucher\/\">Sehen Sie sich den Rest unseres Sortiments an Notizb\u00fcchern an<\/a><\/p>\n","protected":false},"excerpt":{"rendered":"<p>Carnet fiches d&#8217;intervention Beschreibung unseres Hefts Interventionskarten 50 tripli 210 x 140 mm<\/p>\n","protected":false},"featured_media":231495,"template":"","meta":{"_acf_changed":false},"product_brand":[],"product_cat":[1137,1487,1921,3973,1965],"product_tag":[],"class_list":{"0":"post-18885","1":"product","2":"type-product","3":"status-publish","4":"has-post-thumbnail","6":"product_cat-lebensmittelverpackungen","7":"product_cat-boutique-und-geschaft","8":"product_cat-briefpapier-und-kleinmaterial","9":"product_cat-notizbucher","10":"product_cat-carnet-fiche-dintervention-de","12":"first","13":"instock","14":"taxable","15":"shipping-taxable","16":"purchasable","17":"product-type-simple"},"acf":[],"yoast_head":"<!-- This site is optimized with the Yoast SEO Premium plugin v26.6 (Yoast SEO v26.6) - https:\/\/yoast.com\/wordpress\/plugins\/seo\/ -->\n<title>Carnet Fiches d&#039;Intervention 50 Tripli 210 x 140 mm<\/title>\n<meta name=\"description\" content=\"Carnet fiche d&#039;intervention tripli 210 x 140 mm - 50 selbstdurchschreibende Karteikarten zur \u00fcbersichtlichen und professionellen Nachverfolgung Ihrer Feldmissionen.\" \/>\n<meta name=\"robots\" content=\"index, follow, max-snippet:-1, max-image-preview:large, max-video-preview:-1\" \/>\n<link rel=\"canonical\" href=\"https:\/\/www.csj-emballages.com\/de\/produit\/carnet-fiche-dintervention-50-tripli-210-x-140-mm\/\" \/>\n<meta property=\"og:locale\" content=\"de_DE\" \/>\n<meta property=\"og:type\" content=\"article\" \/>\n<meta property=\"og:title\" content=\"Carnet fiches d&#039;intervention 50 tripli 210 x 140 mm\" \/>\n<meta property=\"og:description\" content=\"Carnet fiche d&#039;intervention tripli 210 x 140 mm - 50 selbstdurchschreibende Karteikarten zur \u00fcbersichtlichen und professionellen Nachverfolgung Ihrer Feldmissionen.\" \/>\n<meta property=\"og:url\" content=\"https:\/\/www.csj-emballages.com\/de\/produit\/carnet-fiche-dintervention-50-tripli-210-x-140-mm\/\" \/>\n<meta property=\"og:site_name\" content=\"CSJ Emballages\" \/>\n<meta property=\"article:publisher\" content=\"https:\/\/www.facebook.com\/csjemballages\" \/>\n<meta property=\"article:modified_time\" content=\"2026-05-04T00:10:21+00:00\" \/>\n<meta property=\"og:image\" content=\"https:\/\/www.csj-emballages.com\/wp-content\/uploads\/2024\/03\/2143.webp\" \/>\n\t<meta property=\"og:image:width\" content=\"800\" \/>\n\t<meta property=\"og:image:height\" content=\"800\" \/>\n\t<meta property=\"og:image:type\" content=\"image\/webp\" \/>\n<meta name=\"twitter:card\" content=\"summary_large_image\" \/>\n<meta name=\"twitter:label1\" content=\"Gesch\u00e4tzte Lesezeit\" \/>\n\t<meta name=\"twitter:data1\" content=\"1\u00a0Minute\" \/>\n<script type=\"application\/ld+json\" class=\"yoast-schema-graph\">{\"@context\":\"https:\/\/schema.org\",\"@graph\":[{\"@type\":\"WebPage\",\"@id\":\"https:\/\/www.csj-emballages.com\/de\/produit\/carnet-fiche-dintervention-50-tripli-210-x-140-mm\/\",\"url\":\"https:\/\/www.csj-emballages.com\/de\/produit\/carnet-fiche-dintervention-50-tripli-210-x-140-mm\/\",\"name\":\"Carnet Fiches d'Intervention 50 Tripli 210 x 140 mm\",\"isPartOf\":{\"@id\":\"https:\/\/www.csj-emballages.com\/de\/#website\"},\"primaryImageOfPage\":{\"@id\":\"https:\/\/www.csj-emballages.com\/de\/produit\/carnet-fiche-dintervention-50-tripli-210-x-140-mm\/#primaryimage\"},\"image\":{\"@id\":\"https:\/\/www.csj-emballages.com\/de\/produit\/carnet-fiche-dintervention-50-tripli-210-x-140-mm\/#primaryimage\"},\"thumbnailUrl\":\"https:\/\/www.csj-emballages.com\/wp-content\/uploads\/2024\/03\/2143.webp\",\"datePublished\":\"2024-03-01T15:59:14+00:00\",\"dateModified\":\"2026-05-04T00:10:21+00:00\",\"description\":\"Carnet fiche d'intervention tripli 210 x 140 mm - 50 selbstdurchschreibende Karteikarten zur \u00fcbersichtlichen und professionellen Nachverfolgung Ihrer Feldmissionen.\",\"breadcrumb\":{\"@id\":\"https:\/\/www.csj-emballages.com\/de\/produit\/carnet-fiche-dintervention-50-tripli-210-x-140-mm\/#breadcrumb\"},\"inLanguage\":\"de\",\"potentialAction\":[{\"@type\":\"ReadAction\",\"target\":[\"https:\/\/www.csj-emballages.com\/de\/produit\/carnet-fiche-dintervention-50-tripli-210-x-140-mm\/\"]}]},{\"@type\":\"ImageObject\",\"inLanguage\":\"de\",\"@id\":\"https:\/\/www.csj-emballages.com\/de\/produit\/carnet-fiche-dintervention-50-tripli-210-x-140-mm\/#primaryimage\",\"url\":\"https:\/\/www.csj-emballages.com\/wp-content\/uploads\/2024\/03\/2143.webp\",\"contentUrl\":\"https:\/\/www.csj-emballages.com\/wp-content\/uploads\/2024\/03\/2143.webp\",\"width\":800,\"height\":800,\"caption\":\"Carnet fiches d'intervention\"},{\"@type\":\"BreadcrumbList\",\"@id\":\"https:\/\/www.csj-emballages.com\/de\/produit\/carnet-fiche-dintervention-50-tripli-210-x-140-mm\/#breadcrumb\",\"itemListElement\":[{\"@type\":\"ListItem\",\"position\":1,\"name\":\"Accueil\",\"item\":\"https:\/\/www.csj-emballages.com\/de\/universum-lebensmittelverpackungen\/\"},{\"@type\":\"ListItem\",\"position\":2,\"name\":\"Shop\",\"item\":\"https:\/\/www.csj-emballages.com\/shop\/\"},{\"@type\":\"ListItem\",\"position\":3,\"name\":\"Carnet fiches d&rsquo;intervention 50 tripli 210 x 140 mm\"}]},{\"@type\":\"WebSite\",\"@id\":\"https:\/\/www.csj-emballages.com\/de\/#website\",\"url\":\"https:\/\/www.csj-emballages.com\/de\/\",\"name\":\"CSJ Emballages\",\"description\":\"\",\"publisher\":{\"@id\":\"https:\/\/www.csj-emballages.com\/de\/#organization\"},\"potentialAction\":[{\"@type\":\"SearchAction\",\"target\":{\"@type\":\"EntryPoint\",\"urlTemplate\":\"https:\/\/www.csj-emballages.com\/de\/?s={search_term_string}\"},\"query-input\":{\"@type\":\"PropertyValueSpecification\",\"valueRequired\":true,\"valueName\":\"search_term_string\"}}],\"inLanguage\":\"de\"},{\"@type\":\"Organization\",\"@id\":\"https:\/\/www.csj-emballages.com\/de\/#Organization\/\",\"name\":\"CSJ Emballages\",\"url\":\"https:\/\/www.csj-emballages.com\/de\/\",\"logo\":{\"@type\":\"ImageObject\",\"inLanguage\":\"de\",\"@id\":\"https:\/\/www.csj-emballages.com\/de\/#\/schema\/logo\/image\/\",\"url\":\"https:\/\/www.csj-emballages.com\/wp-content\/uploads\/2023\/10\/logo_csj.webp\",\"contentUrl\":\"https:\/\/www.csj-emballages.com\/wp-content\/uploads\/2023\/10\/logo_csj.webp\",\"width\":250,\"height\":95,\"caption\":\"CSJ Emballages\"},\"image\":{\"@id\":\"https:\/\/www.csj-emballages.com\/de\/#\/schema\/logo\/image\/\"},\"sameAs\":[\"https:\/\/www.facebook.com\/csjemballages\"],\"address\":{\"@type\":\"PostalAddress\",\"streetAddress\":\"ZI La Lechere\",\"addressLocality\":\"Patornay\",\"postalCode\":\"39130\",\"addressCountry\":\"FR\"},\"contactPoint\":[{\"@type\":\"ContactPoint\",\"contactType\":\"Service client\",\"telephone\":\"0384254272\",\"email\":\"contact@csj-emballages.com\"}]}]}<\/script>\n<!-- \/ Yoast SEO Premium plugin. -->","yoast_head_json":{"title":"Carnet Fiches d'Intervention 50 Tripli 210 x 140 mm","description":"Carnet fiche d'intervention tripli 210 x 140 mm - 50 selbstdurchschreibende Karteikarten zur \u00fcbersichtlichen und professionellen Nachverfolgung Ihrer Feldmissionen.","robots":{"index":"index","follow":"follow","max-snippet":"max-snippet:-1","max-image-preview":"max-image-preview:large","max-video-preview":"max-video-preview:-1"},"canonical":"https:\/\/www.csj-emballages.com\/de\/produit\/carnet-fiche-dintervention-50-tripli-210-x-140-mm\/","og_locale":"de_DE","og_type":"article","og_title":"Carnet fiches d'intervention 50 tripli 210 x 140 mm","og_description":"Carnet fiche d'intervention tripli 210 x 140 mm - 50 selbstdurchschreibende Karteikarten zur \u00fcbersichtlichen und professionellen Nachverfolgung Ihrer Feldmissionen.","og_url":"https:\/\/www.csj-emballages.com\/de\/produit\/carnet-fiche-dintervention-50-tripli-210-x-140-mm\/","og_site_name":"CSJ Emballages","article_publisher":"https:\/\/www.facebook.com\/csjemballages","article_modified_time":"2026-05-04T00:10:21+00:00","og_image":[{"width":800,"height":800,"url":"https:\/\/www.csj-emballages.com\/wp-content\/uploads\/2024\/03\/2143.webp","type":"image\/webp"}],"twitter_card":"summary_large_image","twitter_misc":{"Gesch\u00e4tzte Lesezeit":"1\u00a0Minute"},"schema":{"@context":"https:\/\/schema.org","@graph":[{"@type":"WebPage","@id":"https:\/\/www.csj-emballages.com\/de\/produit\/carnet-fiche-dintervention-50-tripli-210-x-140-mm\/","url":"https:\/\/www.csj-emballages.com\/de\/produit\/carnet-fiche-dintervention-50-tripli-210-x-140-mm\/","name":"Carnet Fiches d'Intervention 50 Tripli 210 x 140 mm","isPartOf":{"@id":"https:\/\/www.csj-emballages.com\/de\/#website"},"primaryImageOfPage":{"@id":"https:\/\/www.csj-emballages.com\/de\/produit\/carnet-fiche-dintervention-50-tripli-210-x-140-mm\/#primaryimage"},"image":{"@id":"https:\/\/www.csj-emballages.com\/de\/produit\/carnet-fiche-dintervention-50-tripli-210-x-140-mm\/#primaryimage"},"thumbnailUrl":"https:\/\/www.csj-emballages.com\/wp-content\/uploads\/2024\/03\/2143.webp","datePublished":"2024-03-01T15:59:14+00:00","dateModified":"2026-05-04T00:10:21+00:00","description":"Carnet fiche d'intervention tripli 210 x 140 mm - 50 selbstdurchschreibende Karteikarten zur \u00fcbersichtlichen und professionellen Nachverfolgung Ihrer Feldmissionen.","breadcrumb":{"@id":"https:\/\/www.csj-emballages.com\/de\/produit\/carnet-fiche-dintervention-50-tripli-210-x-140-mm\/#breadcrumb"},"inLanguage":"de","potentialAction":[{"@type":"ReadAction","target":["https:\/\/www.csj-emballages.com\/de\/produit\/carnet-fiche-dintervention-50-tripli-210-x-140-mm\/"]}]},{"@type":"ImageObject","inLanguage":"de","@id":"https:\/\/www.csj-emballages.com\/de\/produit\/carnet-fiche-dintervention-50-tripli-210-x-140-mm\/#primaryimage","url":"https:\/\/www.csj-emballages.com\/wp-content\/uploads\/2024\/03\/2143.webp","contentUrl":"https:\/\/www.csj-emballages.com\/wp-content\/uploads\/2024\/03\/2143.webp","width":800,"height":800,"caption":"Carnet fiches d'intervention"},{"@type":"BreadcrumbList","@id":"https:\/\/www.csj-emballages.com\/de\/produit\/carnet-fiche-dintervention-50-tripli-210-x-140-mm\/#breadcrumb","itemListElement":[{"@type":"ListItem","position":1,"name":"Accueil","item":"https:\/\/www.csj-emballages.com\/de\/universum-lebensmittelverpackungen\/"},{"@type":"ListItem","position":2,"name":"Shop","item":"https:\/\/www.csj-emballages.com\/shop\/"},{"@type":"ListItem","position":3,"name":"Carnet fiches d&rsquo;intervention 50 tripli 210 x 140 mm"}]},{"@type":"WebSite","@id":"https:\/\/www.csj-emballages.com\/de\/#website","url":"https:\/\/www.csj-emballages.com\/de\/","name":"CSJ Emballages","description":"","publisher":{"@id":"https:\/\/www.csj-emballages.com\/de\/#organization"},"potentialAction":[{"@type":"SearchAction","target":{"@type":"EntryPoint","urlTemplate":"https:\/\/www.csj-emballages.com\/de\/?s={search_term_string}"},"query-input":{"@type":"PropertyValueSpecification","valueRequired":true,"valueName":"search_term_string"}}],"inLanguage":"de"},{"@type":"Organization","@id":"https:\/\/www.csj-emballages.com\/de\/#Organization\/","name":"CSJ Emballages","url":"https:\/\/www.csj-emballages.com\/de\/","logo":{"@type":"ImageObject","inLanguage":"de","@id":"https:\/\/www.csj-emballages.com\/de\/#\/schema\/logo\/image\/","url":"https:\/\/www.csj-emballages.com\/wp-content\/uploads\/2023\/10\/logo_csj.webp","contentUrl":"https:\/\/www.csj-emballages.com\/wp-content\/uploads\/2023\/10\/logo_csj.webp","width":250,"height":95,"caption":"CSJ Emballages"},"image":{"@id":"https:\/\/www.csj-emballages.com\/de\/#\/schema\/logo\/image\/"},"sameAs":["https:\/\/www.facebook.com\/csjemballages"],"address":{"@type":"PostalAddress","streetAddress":"ZI La Lechere","addressLocality":"Patornay","postalCode":"39130","addressCountry":"FR"},"contactPoint":[{"@type":"ContactPoint","contactType":"Service client","telephone":"0384254272","email":"contact@csj-emballages.com"}]}]}},"df_price":7.06,"df_sale_price":"","df_regular_price":7.06,"df_image_link":"https:\/\/www.csj-emballages.com\/wp-content\/uploads\/2024\/03\/2143-300x300.webp","tiered_pricing_type":"fixed","tiered_pricing_fixed_rules":[],"tiered_pricing_percentage_rules":[],"tiered_pricing_minimum":1,"tiered_pricing_roles_data":[],"_links":{"self":[{"href":"https:\/\/www.csj-emballages.com\/de\/wp-json\/wp\/v2\/product\/18885","targetHints":{"allow":["GET"]}}],"collection":[{"href":"https:\/\/www.csj-emballages.com\/de\/wp-json\/wp\/v2\/product"}],"about":[{"href":"https:\/\/www.csj-emballages.com\/de\/wp-json\/wp\/v2\/types\/product"}],"wp:featuredmedia":[{"embeddable":true,"href":"https:\/\/www.csj-emballages.com\/de\/wp-json\/wp\/v2\/media\/231495"}],"wp:attachment":[{"href":"https:\/\/www.csj-emballages.com\/de\/wp-json\/wp\/v2\/media?parent=18885"}],"wp:term":[{"taxonomy":"product_brand","embeddable":true,"href":"https:\/\/www.csj-emballages.com\/de\/wp-json\/wp\/v2\/product_brand?post=18885"},{"taxonomy":"product_cat","embeddable":true,"href":"https:\/\/www.csj-emballages.com\/de\/wp-json\/wp\/v2\/product_cat?post=18885"},{"taxonomy":"product_tag","embeddable":true,"href":"https:\/\/www.csj-emballages.com\/de\/wp-json\/wp\/v2\/product_tag?post=18885"}],"curies":[{"name":"wp","href":"https:\/\/api.w.org\/{rel}","templated":true}]}}