{"id":18871,"date":"2024-03-01T16:59:13","date_gmt":"2024-03-01T15:59:13","guid":{"rendered":"https:\/\/u15jnbdpoq.preview.infomaniak.website\/produit\/bloecke-oberkellner-50-dreifach-165-x-85-mm\/"},"modified":"2026-04-30T02:10:33","modified_gmt":"2026-04-30T00:10:33","slug":"bloecke-oberkellner-50-dreifach-165-x-85-mm","status":"publish","type":"product","link":"https:\/\/www.csj-emballages.com\/de\/produit\/bloecke-oberkellner-50-dreifach-165-x-85-mm\/","title":{"rendered":"Kellnerblock 50 Tripli 165 x 85 mm"},"content":{"rendered":"<h2>Kellnerblock<\/h2>\n<hr>\n<h3>Entdecken Sie unseren Kellnerblock 50 Tripli 165 x 85 mm<\/h3>\n<p><!--more--><\/p>\n<p data-start=\"284\" data-end=\"606\">Wenn der Service schnell sein muss, braucht man einfache und effiziente Werkzeuge. Dieser <strong data-start=\"377\" data-end=\"410\">Kellnerblock 50 Tripli<\/strong> wurde daf\u00fcr entwickelt. Kompakt, \u00fcbersichtlich und einfach zu bedienen, unterst\u00fctzt er das Servicepersonal t\u00e4glich, sei es bei der <strong>Bestellaufnahme<\/strong>, der Tischverwaltung oder der <strong>Rechnungsverwaltung<\/strong>.  <\/p>\n<p data-start=\"608\" data-end=\"1079\">Sein Format von <strong>165 x 85 mm<\/strong> liegt perfekt in der Hand oder passt in eine Sch\u00fcrzentasche. Man notiert schnell, ohne Zeit zu verlieren, selbst im gr\u00f6\u00dften Stress. Jede Seite ist \u00fcbersichtlich gestaltet, sodass man sich auf den Gast statt auf das Papier konzentrieren kann. Dank des <strong data-start=\"896\" data-end=\"918\">dreifach selbstdurchschreibenden<\/strong> Systems gen\u00fcgt ein einziger Schreibvorgang, um drei separate Exemplare zu erhalten. Jeder kann so seine Kopie behalten: der Service, die K\u00fcche und die Kasse, ohne Verwechslungen.    <\/p>\n<p data-start=\"1081\" data-end=\"1395\">Ebenso sind die <strong>Bl\u00e4tter<\/strong> <strong data-start=\"1109\" data-end=\"1122\">nummeriert<\/strong>, was die Nachverfolgung erleichtert und Fehler minimiert. Das integrierte Schutz<strong>blatt<\/strong> gew\u00e4hrleistet eine gute Kopierqualit\u00e4t von Anfang bis Ende des Blocks. Das <strong>Abrei\u00dfen<\/strong> ist sauber und schnell, ohne den Durchschlag zu zerrei\u00dfen oder zu besch\u00e4digen, was die t\u00e4gliche Nutzung noch angenehmer macht.  <\/p>\n<p data-start=\"1397\" data-end=\"1657\">Dieser <strong>Kellnerblock<\/strong> eignet sich perfekt f\u00fcr traditionelle Restaurants, Brasserien, Caf\u00e9s oder Betriebe mit hohem G\u00e4steaufkommen. Er hilft, den Service zu strukturieren, die Effizienz zu steigern und eine klare Organisation zu bewahren, selbst in den gesch\u00e4ftigsten Zeiten. <\/p>\n<p data-start=\"1659\" data-end=\"1788\">Zusammenfassend ist es ein <strong>diskretes, aber unverzichtbares Werkzeug<\/strong>, das entwickelt wurde, um die Arbeit im Service zu vereinfachen und jeden Ablauf reibungsloser zu gestalten.<\/p>\n<p data-start=\"1554\" data-end=\"1652\"><!--more--><\/p>\n<h4 data-start=\"1554\" data-end=\"1652\">Vorteile :<\/h4>\n<ul>\n<li data-start=\"1817\" data-end=\"1845\">Kompaktes und praktisches Format<\/li>\n<li data-start=\"1848\" data-end=\"1881\"><strong>50 selbstdurchschreibende Tripli-S\u00e4tze<\/strong><\/li>\n<li data-start=\"1884\" data-end=\"1921\"><strong>Nummerierung<\/strong> zur besseren Nachverfolgung<\/li>\n<li data-start=\"1924\" data-end=\"1965\">Klare Lesbarkeit und schnelle Notizen<\/li>\n<li data-start=\"1968\" data-end=\"2008\">Ideal f\u00fcr die <strong>Gastronomie und Bars<\/strong>.<\/li>\n<\/ul>\n<p>&nbsp;<\/p>\n<p><!--more--><\/p>\n<h4>Weitere Informationen :<\/h4>\n<ul>\n<li><strong>Verpackung<\/strong>: Einzeln<\/li>\n<li><strong>Abmessungen<\/strong>: 165 x 85 mm<\/li>\n<li><strong>Modell<\/strong>: Kellnerblock<\/li>\n<li><strong>Farbe<\/strong>: Wei\u00df &#8211; Gr\u00fcn<\/li>\n<li><strong>Grammatur<\/strong>: 56-53-57 g\/m\u00b2<\/li>\n<li><strong>Anzahl der Bl\u00e4tter<\/strong>: 50 Durchschl\u00e4ge<\/li>\n<\/ul>\n<p>&nbsp;<\/p>\n<p><!--more--><\/p>\n<p>Dieser Kellnerblock ist auch erh\u00e4ltlich in 150 x 75 mm: <span style=\"color: #d12727;\"><a style=\"color: #d12727;\" href=\"https:\/\/www.csj-emballages.com\/es\/produit\/50-bloques-tripli-150-x-75-mm-mayordomo\/\">2223<\/a><\/span><\/p>\n<p>&nbsp;<\/p>\n<p><!--more--><\/p>\n<p><a href=\"https:\/\/www.csj-emballages.com\/de\/categorie-produit\/lebensmittelverpackungen\/boutique-und-geschaft\/briefpapier-und-kleinmaterial\/blocke\/\">Sehen Sie sich den Rest unserer Block-Produktpalette an<\/a><\/p>\n","protected":false},"excerpt":{"rendered":"<p>Kellnerblock Entdecken Sie unseren Kellnerblock 50 Tripli 165 x 85 mm<\/p>\n","protected":false},"featured_media":260347,"template":"","meta":{"_acf_changed":false},"product_brand":[],"product_cat":[1137,1487,1921,3972],"product_tag":[],"class_list":{"0":"post-18871","1":"product","2":"type-product","3":"status-publish","4":"has-post-thumbnail","6":"product_cat-lebensmittelverpackungen","7":"product_cat-boutique-und-geschaft","8":"product_cat-briefpapier-und-kleinmaterial","9":"product_cat-blocke","11":"first","12":"instock","13":"taxable","14":"shipping-taxable","15":"purchasable","16":"product-type-simple"},"acf":[],"yoast_head":"<!-- This site is optimized with the Yoast SEO Premium plugin v26.6 (Yoast SEO v26.6) - https:\/\/yoast.com\/wordpress\/plugins\/seo\/ -->\n<title>Kellnerblock 50 Tripli 165 x 85 mm<\/title>\n<meta name=\"description\" content=\"Kellnerblock 50 Tripli 165 x 85 mm, selbstdurchschreibend und nummeriert. Praktisch und zuverl\u00e4ssig f\u00fcr die Bestellaufnahme in der Gastronomie.\" \/>\n<meta name=\"robots\" content=\"index, follow, max-snippet:-1, max-image-preview:large, max-video-preview:-1\" \/>\n<link rel=\"canonical\" href=\"https:\/\/www.csj-emballages.com\/de\/produit\/bloecke-oberkellner-50-dreifach-165-x-85-mm\/\" \/>\n<meta property=\"og:locale\" content=\"de_DE\" \/>\n<meta property=\"og:type\" content=\"article\" \/>\n<meta property=\"og:title\" content=\"Kellnerblock 50 Tripli 165 x 85 mm\" \/>\n<meta property=\"og:description\" content=\"Kellnerblock 50 Tripli 165 x 85 mm, selbstdurchschreibend und nummeriert. Praktisch und zuverl\u00e4ssig f\u00fcr die Bestellaufnahme in der Gastronomie.\" \/>\n<meta property=\"og:url\" content=\"https:\/\/www.csj-emballages.com\/de\/produit\/bloecke-oberkellner-50-dreifach-165-x-85-mm\/\" \/>\n<meta property=\"og:site_name\" content=\"CSJ Emballages\" \/>\n<meta property=\"article:publisher\" content=\"https:\/\/www.facebook.com\/csjemballages\" \/>\n<meta property=\"article:modified_time\" content=\"2026-04-30T00:10:33+00:00\" \/>\n<meta property=\"og:image\" content=\"https:\/\/www.csj-emballages.com\/wp-content\/uploads\/2024\/03\/2203.webp\" \/>\n\t<meta property=\"og:image:width\" content=\"800\" \/>\n\t<meta property=\"og:image:height\" content=\"800\" \/>\n\t<meta property=\"og:image:type\" content=\"image\/webp\" \/>\n<meta name=\"twitter:card\" content=\"summary_large_image\" \/>\n<meta name=\"twitter:label1\" content=\"Gesch\u00e4tzte Lesezeit\" \/>\n\t<meta name=\"twitter:data1\" content=\"2 Minuten\" \/>\n<script type=\"application\/ld+json\" class=\"yoast-schema-graph\">{\"@context\":\"https:\/\/schema.org\",\"@graph\":[{\"@type\":\"WebPage\",\"@id\":\"https:\/\/www.csj-emballages.com\/de\/produit\/bloecke-oberkellner-50-dreifach-165-x-85-mm\/\",\"url\":\"https:\/\/www.csj-emballages.com\/de\/produit\/bloecke-oberkellner-50-dreifach-165-x-85-mm\/\",\"name\":\"Kellnerblock 50 Tripli 165 x 85 mm\",\"isPartOf\":{\"@id\":\"https:\/\/www.csj-emballages.com\/de\/#website\"},\"primaryImageOfPage\":{\"@id\":\"https:\/\/www.csj-emballages.com\/de\/produit\/bloecke-oberkellner-50-dreifach-165-x-85-mm\/#primaryimage\"},\"image\":{\"@id\":\"https:\/\/www.csj-emballages.com\/de\/produit\/bloecke-oberkellner-50-dreifach-165-x-85-mm\/#primaryimage\"},\"thumbnailUrl\":\"https:\/\/www.csj-emballages.com\/wp-content\/uploads\/2024\/03\/2203.webp\",\"datePublished\":\"2024-03-01T15:59:13+00:00\",\"dateModified\":\"2026-04-30T00:10:33+00:00\",\"description\":\"Kellnerblock 50 Tripli 165 x 85 mm, selbstdurchschreibend und nummeriert. Praktisch und zuverl\u00e4ssig f\u00fcr die Bestellaufnahme in der Gastronomie.\",\"breadcrumb\":{\"@id\":\"https:\/\/www.csj-emballages.com\/de\/produit\/bloecke-oberkellner-50-dreifach-165-x-85-mm\/#breadcrumb\"},\"inLanguage\":\"de\",\"potentialAction\":[{\"@type\":\"ReadAction\",\"target\":[\"https:\/\/www.csj-emballages.com\/de\/produit\/bloecke-oberkellner-50-dreifach-165-x-85-mm\/\"]}]},{\"@type\":\"ImageObject\",\"inLanguage\":\"de\",\"@id\":\"https:\/\/www.csj-emballages.com\/de\/produit\/bloecke-oberkellner-50-dreifach-165-x-85-mm\/#primaryimage\",\"url\":\"https:\/\/www.csj-emballages.com\/wp-content\/uploads\/2024\/03\/2203.webp\",\"contentUrl\":\"https:\/\/www.csj-emballages.com\/wp-content\/uploads\/2024\/03\/2203.webp\",\"width\":800,\"height\":800,\"caption\":\"Bloc ma\u00eetre d'h\u00f4tel\"},{\"@type\":\"BreadcrumbList\",\"@id\":\"https:\/\/www.csj-emballages.com\/de\/produit\/bloecke-oberkellner-50-dreifach-165-x-85-mm\/#breadcrumb\",\"itemListElement\":[{\"@type\":\"ListItem\",\"position\":1,\"name\":\"Accueil\",\"item\":\"https:\/\/www.csj-emballages.com\/de\/universum-lebensmittelverpackungen\/\"},{\"@type\":\"ListItem\",\"position\":2,\"name\":\"Shop\",\"item\":\"https:\/\/www.csj-emballages.com\/shop\/\"},{\"@type\":\"ListItem\",\"position\":3,\"name\":\"Kellnerblock 50 Tripli 165 x 85 mm\"}]},{\"@type\":\"WebSite\",\"@id\":\"https:\/\/www.csj-emballages.com\/de\/#website\",\"url\":\"https:\/\/www.csj-emballages.com\/de\/\",\"name\":\"CSJ Emballages\",\"description\":\"\",\"publisher\":{\"@id\":\"https:\/\/www.csj-emballages.com\/de\/#organization\"},\"potentialAction\":[{\"@type\":\"SearchAction\",\"target\":{\"@type\":\"EntryPoint\",\"urlTemplate\":\"https:\/\/www.csj-emballages.com\/de\/?s={search_term_string}\"},\"query-input\":{\"@type\":\"PropertyValueSpecification\",\"valueRequired\":true,\"valueName\":\"search_term_string\"}}],\"inLanguage\":\"de\"},{\"@type\":\"Organization\",\"@id\":\"https:\/\/www.csj-emballages.com\/de\/#Organization\/\",\"name\":\"CSJ Emballages\",\"url\":\"https:\/\/www.csj-emballages.com\/de\/\",\"logo\":{\"@type\":\"ImageObject\",\"inLanguage\":\"de\",\"@id\":\"https:\/\/www.csj-emballages.com\/de\/#\/schema\/logo\/image\/\",\"url\":\"https:\/\/www.csj-emballages.com\/wp-content\/uploads\/2023\/10\/logo_csj.webp\",\"contentUrl\":\"https:\/\/www.csj-emballages.com\/wp-content\/uploads\/2023\/10\/logo_csj.webp\",\"width\":250,\"height\":95,\"caption\":\"CSJ Emballages\"},\"image\":{\"@id\":\"https:\/\/www.csj-emballages.com\/de\/#\/schema\/logo\/image\/\"},\"sameAs\":[\"https:\/\/www.facebook.com\/csjemballages\"],\"address\":{\"@type\":\"PostalAddress\",\"streetAddress\":\"ZI La Lechere\",\"addressLocality\":\"Patornay\",\"postalCode\":\"39130\",\"addressCountry\":\"FR\"},\"contactPoint\":[{\"@type\":\"ContactPoint\",\"contactType\":\"Service client\",\"telephone\":\"0384254272\",\"email\":\"contact@csj-emballages.com\"}]}]}<\/script>\n<!-- \/ Yoast SEO Premium plugin. -->","yoast_head_json":{"title":"Kellnerblock 50 Tripli 165 x 85 mm","description":"Kellnerblock 50 Tripli 165 x 85 mm, selbstdurchschreibend und nummeriert. Praktisch und zuverl\u00e4ssig f\u00fcr die Bestellaufnahme in der Gastronomie.","robots":{"index":"index","follow":"follow","max-snippet":"max-snippet:-1","max-image-preview":"max-image-preview:large","max-video-preview":"max-video-preview:-1"},"canonical":"https:\/\/www.csj-emballages.com\/de\/produit\/bloecke-oberkellner-50-dreifach-165-x-85-mm\/","og_locale":"de_DE","og_type":"article","og_title":"Kellnerblock 50 Tripli 165 x 85 mm","og_description":"Kellnerblock 50 Tripli 165 x 85 mm, selbstdurchschreibend und nummeriert. Praktisch und zuverl\u00e4ssig f\u00fcr die Bestellaufnahme in der Gastronomie.","og_url":"https:\/\/www.csj-emballages.com\/de\/produit\/bloecke-oberkellner-50-dreifach-165-x-85-mm\/","og_site_name":"CSJ Emballages","article_publisher":"https:\/\/www.facebook.com\/csjemballages","article_modified_time":"2026-04-30T00:10:33+00:00","og_image":[{"width":800,"height":800,"url":"https:\/\/www.csj-emballages.com\/wp-content\/uploads\/2024\/03\/2203.webp","type":"image\/webp"}],"twitter_card":"summary_large_image","twitter_misc":{"Gesch\u00e4tzte Lesezeit":"2 Minuten"},"schema":{"@context":"https:\/\/schema.org","@graph":[{"@type":"WebPage","@id":"https:\/\/www.csj-emballages.com\/de\/produit\/bloecke-oberkellner-50-dreifach-165-x-85-mm\/","url":"https:\/\/www.csj-emballages.com\/de\/produit\/bloecke-oberkellner-50-dreifach-165-x-85-mm\/","name":"Kellnerblock 50 Tripli 165 x 85 mm","isPartOf":{"@id":"https:\/\/www.csj-emballages.com\/de\/#website"},"primaryImageOfPage":{"@id":"https:\/\/www.csj-emballages.com\/de\/produit\/bloecke-oberkellner-50-dreifach-165-x-85-mm\/#primaryimage"},"image":{"@id":"https:\/\/www.csj-emballages.com\/de\/produit\/bloecke-oberkellner-50-dreifach-165-x-85-mm\/#primaryimage"},"thumbnailUrl":"https:\/\/www.csj-emballages.com\/wp-content\/uploads\/2024\/03\/2203.webp","datePublished":"2024-03-01T15:59:13+00:00","dateModified":"2026-04-30T00:10:33+00:00","description":"Kellnerblock 50 Tripli 165 x 85 mm, selbstdurchschreibend und nummeriert. Praktisch und zuverl\u00e4ssig f\u00fcr die Bestellaufnahme in der Gastronomie.","breadcrumb":{"@id":"https:\/\/www.csj-emballages.com\/de\/produit\/bloecke-oberkellner-50-dreifach-165-x-85-mm\/#breadcrumb"},"inLanguage":"de","potentialAction":[{"@type":"ReadAction","target":["https:\/\/www.csj-emballages.com\/de\/produit\/bloecke-oberkellner-50-dreifach-165-x-85-mm\/"]}]},{"@type":"ImageObject","inLanguage":"de","@id":"https:\/\/www.csj-emballages.com\/de\/produit\/bloecke-oberkellner-50-dreifach-165-x-85-mm\/#primaryimage","url":"https:\/\/www.csj-emballages.com\/wp-content\/uploads\/2024\/03\/2203.webp","contentUrl":"https:\/\/www.csj-emballages.com\/wp-content\/uploads\/2024\/03\/2203.webp","width":800,"height":800,"caption":"Bloc ma\u00eetre d'h\u00f4tel"},{"@type":"BreadcrumbList","@id":"https:\/\/www.csj-emballages.com\/de\/produit\/bloecke-oberkellner-50-dreifach-165-x-85-mm\/#breadcrumb","itemListElement":[{"@type":"ListItem","position":1,"name":"Accueil","item":"https:\/\/www.csj-emballages.com\/de\/universum-lebensmittelverpackungen\/"},{"@type":"ListItem","position":2,"name":"Shop","item":"https:\/\/www.csj-emballages.com\/shop\/"},{"@type":"ListItem","position":3,"name":"Kellnerblock 50 Tripli 165 x 85 mm"}]},{"@type":"WebSite","@id":"https:\/\/www.csj-emballages.com\/de\/#website","url":"https:\/\/www.csj-emballages.com\/de\/","name":"CSJ Emballages","description":"","publisher":{"@id":"https:\/\/www.csj-emballages.com\/de\/#organization"},"potentialAction":[{"@type":"SearchAction","target":{"@type":"EntryPoint","urlTemplate":"https:\/\/www.csj-emballages.com\/de\/?s={search_term_string}"},"query-input":{"@type":"PropertyValueSpecification","valueRequired":true,"valueName":"search_term_string"}}],"inLanguage":"de"},{"@type":"Organization","@id":"https:\/\/www.csj-emballages.com\/de\/#Organization\/","name":"CSJ Emballages","url":"https:\/\/www.csj-emballages.com\/de\/","logo":{"@type":"ImageObject","inLanguage":"de","@id":"https:\/\/www.csj-emballages.com\/de\/#\/schema\/logo\/image\/","url":"https:\/\/www.csj-emballages.com\/wp-content\/uploads\/2023\/10\/logo_csj.webp","contentUrl":"https:\/\/www.csj-emballages.com\/wp-content\/uploads\/2023\/10\/logo_csj.webp","width":250,"height":95,"caption":"CSJ Emballages"},"image":{"@id":"https:\/\/www.csj-emballages.com\/de\/#\/schema\/logo\/image\/"},"sameAs":["https:\/\/www.facebook.com\/csjemballages"],"address":{"@type":"PostalAddress","streetAddress":"ZI La Lechere","addressLocality":"Patornay","postalCode":"39130","addressCountry":"FR"},"contactPoint":[{"@type":"ContactPoint","contactType":"Service client","telephone":"0384254272","email":"contact@csj-emballages.com"}]}]}},"df_price":1.72,"df_sale_price":"","df_regular_price":1.72,"df_image_link":"https:\/\/www.csj-emballages.com\/wp-content\/uploads\/2024\/03\/2203-300x300.webp","tiered_pricing_type":"fixed","tiered_pricing_fixed_rules":[],"tiered_pricing_percentage_rules":[],"tiered_pricing_minimum":1,"tiered_pricing_roles_data":[],"_links":{"self":[{"href":"https:\/\/www.csj-emballages.com\/de\/wp-json\/wp\/v2\/product\/18871","targetHints":{"allow":["GET"]}}],"collection":[{"href":"https:\/\/www.csj-emballages.com\/de\/wp-json\/wp\/v2\/product"}],"about":[{"href":"https:\/\/www.csj-emballages.com\/de\/wp-json\/wp\/v2\/types\/product"}],"wp:featuredmedia":[{"embeddable":true,"href":"https:\/\/www.csj-emballages.com\/de\/wp-json\/wp\/v2\/media\/260347"}],"wp:attachment":[{"href":"https:\/\/www.csj-emballages.com\/de\/wp-json\/wp\/v2\/media?parent=18871"}],"wp:term":[{"taxonomy":"product_brand","embeddable":true,"href":"https:\/\/www.csj-emballages.com\/de\/wp-json\/wp\/v2\/product_brand?post=18871"},{"taxonomy":"product_cat","embeddable":true,"href":"https:\/\/www.csj-emballages.com\/de\/wp-json\/wp\/v2\/product_cat?post=18871"},{"taxonomy":"product_tag","embeddable":true,"href":"https:\/\/www.csj-emballages.com\/de\/wp-json\/wp\/v2\/product_tag?post=18871"}],"curies":[{"name":"wp","href":"https:\/\/api.w.org\/{rel}","templated":true}]}}