{"id":18858,"date":"2024-03-01T16:59:12","date_gmt":"2024-03-01T15:59:12","guid":{"rendered":"https:\/\/u15jnbdpoq.preview.infomaniak.website\/produit\/blocks-brauerei-50-dupli-259-x-100-mm\/"},"modified":"2026-03-12T16:07:47","modified_gmt":"2026-03-12T15:07:47","slug":"blocks-brauerei-50-dupli-259-x-100-mm","status":"publish","type":"product","link":"https:\/\/www.csj-emballages.com\/de\/produit\/blocks-brauerei-50-dupli-259-x-100-mm\/","title":{"rendered":"Gastronomieblock 50 Durchschl\u00e4ge 259 x 100 mm"},"content":{"rendered":"<h2>Gastronomieblock<\/h2>\n<hr>\n<h3>Entdecken Sie unseren Gastronomieblock 50 Durchschl\u00e4ge 259 x 100 mm<\/h3>\n<p><!--more--><\/p>\n<p data-start=\"252\" data-end=\"606\">In einer <strong>Brasserie<\/strong> geht alles schnell. Bestellungen h\u00e4ufen sich, Tische f\u00fcllen sich, und es ist wichtig, klar, pr\u00e4zise und organisiert zu bleiben. Genau hier macht dieser <strong data-start=\"412\" data-end=\"452\">Gastronomieblock 50 Durchschl\u00e4ge 259 x 100 mm<\/strong> den entscheidenden Unterschied. Entwickelt f\u00fcr den Service, erm\u00f6glicht er es, jede Bestellung zu notieren, ohne Informationen zu verlieren, selbst wenn das Tempo anzieht.   <\/p>\n<p data-start=\"608\" data-end=\"1021\">Sein <strong>l\u00e4ngliches Format<\/strong> bietet eine einfache und strukturierte Lesbarkeit. Jedes Blatt ist in mehrere Zonen unterteilt, was die Bestellaufnahme pro Tisch, pro Gast oder pro Serviceschritt erleichtert. Dank des <strong data-start=\"815\" data-end=\"824\">Durchschreibesystems<\/strong> behalten Sie automatisch eine Kopie: eine f\u00fcr die K\u00fcche, eine f\u00fcr die Kasse oder die Bar. Das Ergebnis: weniger Fehler, weniger Laufwege und eine reibungslosere Kommunikation zwischen den Teams.   <\/p>\n<p data-start=\"1023\" data-end=\"1312\">Ebenso sind die <strong>Bl\u00e4tter<\/strong> <strong>leicht abtrennbar<\/strong>, ohne zu rei\u00dfen oder an Lesbarkeit zu verlieren. Das selbstdurchschreibende Papier sorgt f\u00fcr eine saubere und leserliche Schrift, selbst bei intensivem Service. Das ist ein echter Zeitgewinn, aber auch ein beruhigendes Hilfsmittel f\u00fcr das Personal, besonders in Sto\u00dfzeiten.  <\/p>\n<p data-start=\"1314\" data-end=\"1567\">Mit seinen <strong data-start=\"1323\" data-end=\"1340\">50 Durchschl\u00e4gen<\/strong> eignet sich dieser <strong>Gastronomieblock<\/strong> sowohl f\u00fcr Brasserien als auch f\u00fcr Caf\u00e9s, Restaurants, Imbisse oder stark frequentierte Betriebe. Er f\u00fcgt sich nahtlos in den Alltag ein, ohne besondere Anpassung zu erfordern. Man benutzt ihn einfach.  <\/p>\n<p data-start=\"1569\" data-end=\"1766\">Zusammenfassend ist dieser <strong>Gastronomieblock<\/strong> ein diskretes, aber unverzichtbares Hilfsmittel. Er unterst\u00fctzt den Service, sichert Bestellungen und hilft den Teams, entspannter zu arbeiten, ohne das Tempo zu verlangsamen. <\/p>\n<p data-start=\"1569\" data-end=\"1766\">\n<p data-start=\"1554\" data-end=\"1652\"><!--more--><\/p>\n<h4 data-start=\"1554\" data-end=\"1652\">Vorteile :<\/h4>\n<ul>\n<li data-start=\"1794\" data-end=\"1834\">Praktisches und gut lesbares Format im Service.<\/li>\n<li data-start=\"1837\" data-end=\"1878\"><strong>Durchschreibesystem<\/strong> f\u00fcr eine sofortige Kopie.<\/li>\n<li data-start=\"1881\" data-end=\"1917\">\u00dcbersichtliche Bestellorganisation.<\/li>\n<li data-start=\"1920\" data-end=\"1955\"><strong>Leicht abtrennbare Bl\u00e4tter<\/strong>.<\/li>\n<li data-start=\"1958\" data-end=\"2008\">Ideal f\u00fcr Brasserien und stark frequentierte Restaurants.<\/li>\n<\/ul>\n<p>&nbsp;<\/p>\n<p><!--more--><\/p>\n<h4>Weitere Informationen :<\/h4>\n<ul>\n<li><strong>Verpackung<\/strong>: Einzeln<\/li>\n<li><strong>Ma\u00dfe<\/strong>: 259 x 100 mm<\/li>\n<li><strong>Modell<\/strong>: Gastronomieblock<\/li>\n<li><strong>Papierfarbe<\/strong>: Wei\u00df<\/li>\n<li><strong>Grammatur<\/strong>: 56-57 g\/m\u00b2<\/li>\n<li><strong>Blattanzahl<\/strong>: 50 Durchschl\u00e4ge<\/li>\n<\/ul>\n<p>&nbsp;<\/p>\n<p><!--more--><\/p>\n<p>Entdecken Sie auch unseren Gastronomieblock mit Dreifach-Durchschlag: <span style=\"color: #d12727;\"><a style=\"color: #d12727;\" href=\"https:\/\/www.csj-emballages.com\/de\/produit\/bloecke-brauerei-50-tripli-259-x-100-mm\/\">2218<\/a><\/span><\/p>\n<p>&nbsp;<\/p>\n<p><!--more--><\/p>\n<p><a href=\"https:\/\/www.csj-emballages.com\/de\/categorie-produit\/lebensmittelverpackungen\/boutique-und-geschaft\/briefpapier-und-kleinmaterial\/blocke\/\">Sehen Sie sich den Rest unserer Block-Produktpalette an<\/a><\/p>\n","protected":false},"excerpt":{"rendered":"<p>Gastronomieblock Entdecken Sie unseren Gastronomieblock 50 Durchschl\u00e4ge 259 x 100 mm<\/p>\n","protected":false},"featured_media":260368,"template":"","meta":{"_acf_changed":false},"product_brand":[],"product_cat":[1137,1487,1921,3972],"product_tag":[],"class_list":{"0":"post-18858","1":"product","2":"type-product","3":"status-publish","4":"has-post-thumbnail","6":"product_cat-lebensmittelverpackungen","7":"product_cat-boutique-und-geschaft","8":"product_cat-briefpapier-und-kleinmaterial","9":"product_cat-blocke","11":"first","12":"instock","13":"taxable","14":"shipping-taxable","15":"purchasable","16":"product-type-simple"},"acf":[],"yoast_head":"<!-- This site is optimized with the Yoast SEO Premium plugin v26.6 (Yoast SEO v26.6) - https:\/\/yoast.com\/wordpress\/plugins\/seo\/ -->\n<title>Gastronomieblock 50 Durchschl\u00e4ge 259 x 100 mm<\/title>\n<meta name=\"description\" content=\"Gastronomieblock 50 Durchschl\u00e4ge 259x100 mm, selbstdurchschreibend. Praktisch und \u00fcbersichtlich, erleichtert er die Bestellaufnahme und die Serviceverwaltung in der Gastronomie.\" \/>\n<meta name=\"robots\" content=\"index, follow, max-snippet:-1, max-image-preview:large, max-video-preview:-1\" \/>\n<link rel=\"canonical\" href=\"https:\/\/www.csj-emballages.com\/de\/produit\/blocks-brauerei-50-dupli-259-x-100-mm\/\" \/>\n<meta property=\"og:locale\" content=\"de_DE\" \/>\n<meta property=\"og:type\" content=\"article\" \/>\n<meta property=\"og:title\" content=\"Gastronomieblock 50 Durchschl\u00e4ge 259 x 100 mm\" \/>\n<meta property=\"og:description\" content=\"Gastronomieblock 50 Durchschl\u00e4ge 259x100 mm, selbstdurchschreibend. Praktisch und \u00fcbersichtlich, erleichtert er die Bestellaufnahme und die Serviceverwaltung in der Gastronomie.\" \/>\n<meta property=\"og:url\" content=\"https:\/\/www.csj-emballages.com\/de\/produit\/blocks-brauerei-50-dupli-259-x-100-mm\/\" \/>\n<meta property=\"og:site_name\" content=\"CSJ Emballages\" \/>\n<meta property=\"article:publisher\" content=\"https:\/\/www.facebook.com\/csjemballages\" \/>\n<meta property=\"article:modified_time\" content=\"2026-03-12T15:07:47+00:00\" \/>\n<meta property=\"og:image\" content=\"https:\/\/www.csj-emballages.com\/wp-content\/uploads\/2024\/03\/2208.webp\" \/>\n\t<meta property=\"og:image:width\" content=\"800\" \/>\n\t<meta property=\"og:image:height\" content=\"800\" \/>\n\t<meta property=\"og:image:type\" content=\"image\/webp\" \/>\n<meta name=\"twitter:card\" content=\"summary_large_image\" \/>\n<meta name=\"twitter:label1\" content=\"Gesch\u00e4tzte Lesezeit\" \/>\n\t<meta name=\"twitter:data1\" content=\"2 Minuten\" \/>\n<script type=\"application\/ld+json\" class=\"yoast-schema-graph\">{\"@context\":\"https:\/\/schema.org\",\"@graph\":[{\"@type\":\"WebPage\",\"@id\":\"https:\/\/www.csj-emballages.com\/de\/produit\/blocks-brauerei-50-dupli-259-x-100-mm\/\",\"url\":\"https:\/\/www.csj-emballages.com\/de\/produit\/blocks-brauerei-50-dupli-259-x-100-mm\/\",\"name\":\"Gastronomieblock 50 Durchschl\u00e4ge 259 x 100 mm\",\"isPartOf\":{\"@id\":\"https:\/\/www.csj-emballages.com\/de\/#website\"},\"primaryImageOfPage\":{\"@id\":\"https:\/\/www.csj-emballages.com\/de\/produit\/blocks-brauerei-50-dupli-259-x-100-mm\/#primaryimage\"},\"image\":{\"@id\":\"https:\/\/www.csj-emballages.com\/de\/produit\/blocks-brauerei-50-dupli-259-x-100-mm\/#primaryimage\"},\"thumbnailUrl\":\"https:\/\/www.csj-emballages.com\/wp-content\/uploads\/2024\/03\/2208.webp\",\"datePublished\":\"2024-03-01T15:59:12+00:00\",\"dateModified\":\"2026-03-12T15:07:47+00:00\",\"description\":\"Gastronomieblock 50 Durchschl\u00e4ge 259x100 mm, selbstdurchschreibend. Praktisch und \u00fcbersichtlich, erleichtert er die Bestellaufnahme und die Serviceverwaltung in der Gastronomie.\",\"breadcrumb\":{\"@id\":\"https:\/\/www.csj-emballages.com\/de\/produit\/blocks-brauerei-50-dupli-259-x-100-mm\/#breadcrumb\"},\"inLanguage\":\"de\",\"potentialAction\":[{\"@type\":\"ReadAction\",\"target\":[\"https:\/\/www.csj-emballages.com\/de\/produit\/blocks-brauerei-50-dupli-259-x-100-mm\/\"]}]},{\"@type\":\"ImageObject\",\"inLanguage\":\"de\",\"@id\":\"https:\/\/www.csj-emballages.com\/de\/produit\/blocks-brauerei-50-dupli-259-x-100-mm\/#primaryimage\",\"url\":\"https:\/\/www.csj-emballages.com\/wp-content\/uploads\/2024\/03\/2208.webp\",\"contentUrl\":\"https:\/\/www.csj-emballages.com\/wp-content\/uploads\/2024\/03\/2208.webp\",\"width\":800,\"height\":800,\"caption\":\"Bloc brasserie\"},{\"@type\":\"BreadcrumbList\",\"@id\":\"https:\/\/www.csj-emballages.com\/de\/produit\/blocks-brauerei-50-dupli-259-x-100-mm\/#breadcrumb\",\"itemListElement\":[{\"@type\":\"ListItem\",\"position\":1,\"name\":\"Accueil\",\"item\":\"https:\/\/www.csj-emballages.com\/de\/universum-lebensmittelverpackungen\/\"},{\"@type\":\"ListItem\",\"position\":2,\"name\":\"Shop\",\"item\":\"https:\/\/www.csj-emballages.com\/shop\/\"},{\"@type\":\"ListItem\",\"position\":3,\"name\":\"Gastronomieblock 50 Durchschl\u00e4ge 259 x 100 mm\"}]},{\"@type\":\"WebSite\",\"@id\":\"https:\/\/www.csj-emballages.com\/de\/#website\",\"url\":\"https:\/\/www.csj-emballages.com\/de\/\",\"name\":\"CSJ Emballages\",\"description\":\"\",\"publisher\":{\"@id\":\"https:\/\/www.csj-emballages.com\/de\/#organization\"},\"potentialAction\":[{\"@type\":\"SearchAction\",\"target\":{\"@type\":\"EntryPoint\",\"urlTemplate\":\"https:\/\/www.csj-emballages.com\/de\/?s={search_term_string}\"},\"query-input\":{\"@type\":\"PropertyValueSpecification\",\"valueRequired\":true,\"valueName\":\"search_term_string\"}}],\"inLanguage\":\"de\"},{\"@type\":\"Organization\",\"@id\":\"https:\/\/www.csj-emballages.com\/de\/#Organization\/\",\"name\":\"CSJ Emballages\",\"url\":\"https:\/\/www.csj-emballages.com\/de\/\",\"logo\":{\"@type\":\"ImageObject\",\"inLanguage\":\"de\",\"@id\":\"https:\/\/www.csj-emballages.com\/de\/#\/schema\/logo\/image\/\",\"url\":\"https:\/\/www.csj-emballages.com\/wp-content\/uploads\/2023\/10\/logo_csj.webp\",\"contentUrl\":\"https:\/\/www.csj-emballages.com\/wp-content\/uploads\/2023\/10\/logo_csj.webp\",\"width\":250,\"height\":95,\"caption\":\"CSJ Emballages\"},\"image\":{\"@id\":\"https:\/\/www.csj-emballages.com\/de\/#\/schema\/logo\/image\/\"},\"sameAs\":[\"https:\/\/www.facebook.com\/csjemballages\"],\"address\":{\"@type\":\"PostalAddress\",\"streetAddress\":\"ZI La Lechere\",\"addressLocality\":\"Patornay\",\"postalCode\":\"39130\",\"addressCountry\":\"FR\"},\"contactPoint\":[{\"@type\":\"ContactPoint\",\"contactType\":\"Service client\",\"telephone\":\"0384254272\",\"email\":\"contact@csj-emballages.com\"}]}]}<\/script>\n<!-- \/ Yoast SEO Premium plugin. -->","yoast_head_json":{"title":"Gastronomieblock 50 Durchschl\u00e4ge 259 x 100 mm","description":"Gastronomieblock 50 Durchschl\u00e4ge 259x100 mm, selbstdurchschreibend. Praktisch und \u00fcbersichtlich, erleichtert er die Bestellaufnahme und die Serviceverwaltung in der Gastronomie.","robots":{"index":"index","follow":"follow","max-snippet":"max-snippet:-1","max-image-preview":"max-image-preview:large","max-video-preview":"max-video-preview:-1"},"canonical":"https:\/\/www.csj-emballages.com\/de\/produit\/blocks-brauerei-50-dupli-259-x-100-mm\/","og_locale":"de_DE","og_type":"article","og_title":"Gastronomieblock 50 Durchschl\u00e4ge 259 x 100 mm","og_description":"Gastronomieblock 50 Durchschl\u00e4ge 259x100 mm, selbstdurchschreibend. Praktisch und \u00fcbersichtlich, erleichtert er die Bestellaufnahme und die Serviceverwaltung in der Gastronomie.","og_url":"https:\/\/www.csj-emballages.com\/de\/produit\/blocks-brauerei-50-dupli-259-x-100-mm\/","og_site_name":"CSJ Emballages","article_publisher":"https:\/\/www.facebook.com\/csjemballages","article_modified_time":"2026-03-12T15:07:47+00:00","og_image":[{"width":800,"height":800,"url":"https:\/\/www.csj-emballages.com\/wp-content\/uploads\/2024\/03\/2208.webp","type":"image\/webp"}],"twitter_card":"summary_large_image","twitter_misc":{"Gesch\u00e4tzte Lesezeit":"2 Minuten"},"schema":{"@context":"https:\/\/schema.org","@graph":[{"@type":"WebPage","@id":"https:\/\/www.csj-emballages.com\/de\/produit\/blocks-brauerei-50-dupli-259-x-100-mm\/","url":"https:\/\/www.csj-emballages.com\/de\/produit\/blocks-brauerei-50-dupli-259-x-100-mm\/","name":"Gastronomieblock 50 Durchschl\u00e4ge 259 x 100 mm","isPartOf":{"@id":"https:\/\/www.csj-emballages.com\/de\/#website"},"primaryImageOfPage":{"@id":"https:\/\/www.csj-emballages.com\/de\/produit\/blocks-brauerei-50-dupli-259-x-100-mm\/#primaryimage"},"image":{"@id":"https:\/\/www.csj-emballages.com\/de\/produit\/blocks-brauerei-50-dupli-259-x-100-mm\/#primaryimage"},"thumbnailUrl":"https:\/\/www.csj-emballages.com\/wp-content\/uploads\/2024\/03\/2208.webp","datePublished":"2024-03-01T15:59:12+00:00","dateModified":"2026-03-12T15:07:47+00:00","description":"Gastronomieblock 50 Durchschl\u00e4ge 259x100 mm, selbstdurchschreibend. Praktisch und \u00fcbersichtlich, erleichtert er die Bestellaufnahme und die Serviceverwaltung in der Gastronomie.","breadcrumb":{"@id":"https:\/\/www.csj-emballages.com\/de\/produit\/blocks-brauerei-50-dupli-259-x-100-mm\/#breadcrumb"},"inLanguage":"de","potentialAction":[{"@type":"ReadAction","target":["https:\/\/www.csj-emballages.com\/de\/produit\/blocks-brauerei-50-dupli-259-x-100-mm\/"]}]},{"@type":"ImageObject","inLanguage":"de","@id":"https:\/\/www.csj-emballages.com\/de\/produit\/blocks-brauerei-50-dupli-259-x-100-mm\/#primaryimage","url":"https:\/\/www.csj-emballages.com\/wp-content\/uploads\/2024\/03\/2208.webp","contentUrl":"https:\/\/www.csj-emballages.com\/wp-content\/uploads\/2024\/03\/2208.webp","width":800,"height":800,"caption":"Bloc brasserie"},{"@type":"BreadcrumbList","@id":"https:\/\/www.csj-emballages.com\/de\/produit\/blocks-brauerei-50-dupli-259-x-100-mm\/#breadcrumb","itemListElement":[{"@type":"ListItem","position":1,"name":"Accueil","item":"https:\/\/www.csj-emballages.com\/de\/universum-lebensmittelverpackungen\/"},{"@type":"ListItem","position":2,"name":"Shop","item":"https:\/\/www.csj-emballages.com\/shop\/"},{"@type":"ListItem","position":3,"name":"Gastronomieblock 50 Durchschl\u00e4ge 259 x 100 mm"}]},{"@type":"WebSite","@id":"https:\/\/www.csj-emballages.com\/de\/#website","url":"https:\/\/www.csj-emballages.com\/de\/","name":"CSJ Emballages","description":"","publisher":{"@id":"https:\/\/www.csj-emballages.com\/de\/#organization"},"potentialAction":[{"@type":"SearchAction","target":{"@type":"EntryPoint","urlTemplate":"https:\/\/www.csj-emballages.com\/de\/?s={search_term_string}"},"query-input":{"@type":"PropertyValueSpecification","valueRequired":true,"valueName":"search_term_string"}}],"inLanguage":"de"},{"@type":"Organization","@id":"https:\/\/www.csj-emballages.com\/de\/#Organization\/","name":"CSJ Emballages","url":"https:\/\/www.csj-emballages.com\/de\/","logo":{"@type":"ImageObject","inLanguage":"de","@id":"https:\/\/www.csj-emballages.com\/de\/#\/schema\/logo\/image\/","url":"https:\/\/www.csj-emballages.com\/wp-content\/uploads\/2023\/10\/logo_csj.webp","contentUrl":"https:\/\/www.csj-emballages.com\/wp-content\/uploads\/2023\/10\/logo_csj.webp","width":250,"height":95,"caption":"CSJ Emballages"},"image":{"@id":"https:\/\/www.csj-emballages.com\/de\/#\/schema\/logo\/image\/"},"sameAs":["https:\/\/www.facebook.com\/csjemballages"],"address":{"@type":"PostalAddress","streetAddress":"ZI La Lechere","addressLocality":"Patornay","postalCode":"39130","addressCountry":"FR"},"contactPoint":[{"@type":"ContactPoint","contactType":"Service client","telephone":"0384254272","email":"contact@csj-emballages.com"}]}]}},"df_price":2.44,"df_sale_price":"","df_regular_price":2.44,"df_image_link":"https:\/\/www.csj-emballages.com\/wp-content\/uploads\/2024\/03\/2208-300x300.webp","tiered_pricing_type":"fixed","tiered_pricing_fixed_rules":[],"tiered_pricing_percentage_rules":[],"tiered_pricing_minimum":1,"tiered_pricing_roles_data":[],"_links":{"self":[{"href":"https:\/\/www.csj-emballages.com\/de\/wp-json\/wp\/v2\/product\/18858","targetHints":{"allow":["GET"]}}],"collection":[{"href":"https:\/\/www.csj-emballages.com\/de\/wp-json\/wp\/v2\/product"}],"about":[{"href":"https:\/\/www.csj-emballages.com\/de\/wp-json\/wp\/v2\/types\/product"}],"wp:featuredmedia":[{"embeddable":true,"href":"https:\/\/www.csj-emballages.com\/de\/wp-json\/wp\/v2\/media\/260368"}],"wp:attachment":[{"href":"https:\/\/www.csj-emballages.com\/de\/wp-json\/wp\/v2\/media?parent=18858"}],"wp:term":[{"taxonomy":"product_brand","embeddable":true,"href":"https:\/\/www.csj-emballages.com\/de\/wp-json\/wp\/v2\/product_brand?post=18858"},{"taxonomy":"product_cat","embeddable":true,"href":"https:\/\/www.csj-emballages.com\/de\/wp-json\/wp\/v2\/product_cat?post=18858"},{"taxonomy":"product_tag","embeddable":true,"href":"https:\/\/www.csj-emballages.com\/de\/wp-json\/wp\/v2\/product_tag?post=18858"}],"curies":[{"name":"wp","href":"https:\/\/api.w.org\/{rel}","templated":true}]}}