{"id":18856,"date":"2024-03-01T16:59:13","date_gmt":"2024-03-01T15:59:13","guid":{"rendered":"https:\/\/u15jnbdpoq.preview.infomaniak.website\/produit\/selbstdurchschreibendes-notizbuch-50-dreifachfalz-210-x-140-mm\/"},"modified":"2026-04-03T02:12:07","modified_gmt":"2026-04-03T00:12:07","slug":"selbstdurchschreibendes-notizbuch-50-dreifachfalz-210-x-140-mm","status":"publish","type":"product","link":"https:\/\/www.csj-emballages.com\/de\/produit\/selbstdurchschreibendes-notizbuch-50-dreifachfalz-210-x-140-mm\/","title":{"rendered":"Selbstdurchschreibendes kariertes Heft 50 tripli 210 x 140 mm"},"content":{"rendered":"<h2 class=\"p1\">Selbstdurchschreibendes kariertes Notizbuch<\/h2>\n<hr>\n<h3>Beschreibung unseres selbstdurchschreibenden Notizbuchs kariert 50 tripli 210 x 140 mm<\/h3>\n<p><!--more--><\/p>\n<div class=\"flex-shrink-0 flex flex-col relative items-end\">\n<div class=\"pt-0.5 juice:pt-0\">\n<div class=\"gizmo-bot-avatar flex h-6 w-6 items-center justify-center overflow-hidden rounded-full juice:h-8 juice:w-8\">\n<div class=\"relative p-1 rounded-sm flex items-center justify-center bg-token-main-surface-primary text-token-text-primary h-8 w-8\">\n<p class=\"\" data-start=\"217\" data-end=\"671\">Dieses <strong data-start=\"325\" data-end=\"371\">karierte Durchschreibebuch 5&#215;5 in Dreifachfalz<\/strong> wurde f\u00fcr Berufst\u00e4tige entwickelt, die eine zuverl\u00e4ssige und organisierte Aufzeichnung ihrer Aufzeichnungen ben\u00f6tigen, und ist im Alltag unverzichtbar. Ob f\u00fcr die Nachverfolgung von Eins\u00e4tzen, die Verwaltung von Bestellungen, technische Aufzeichnungen oder auch Baustellenberichte, es erm\u00f6glicht schnelle und klare Notizen und sorgt daf\u00fcr, dass Ihre Daten automatisch in dreifacher Ausfertigung vervielf\u00e4ltigt werden. <\/p>\n<p class=\"\" data-start=\"673\" data-end=\"759\">Dieses <strong>Heft<\/strong> enth\u00e4lt <strong>50<\/strong> <strong>nummerierte<\/strong> <strong>Bl\u00e4tter<\/strong>, die jeweils in <strong>drei Abschnitte<\/strong> unterteilt sind<\/p>\n<ul data-start=\"760\" data-end=\"1178\">\n<li class=\"\" data-start=\"760\" data-end=\"898\">\n<p class=\"\" data-start=\"762\" data-end=\"898\">Das <strong data-start=\"765\" data-end=\"790\">erste Blatt (CB)<\/strong> besteht aus 56 g\/m\u00b2 Papier und ist mit <strong data-start=\"838\" data-end=\"853\">blauer Tinte<\/strong> bedruckt, um ein klares und professionelles Leseerlebnis zu erm\u00f6glichen.<\/p>\n<\/li>\n<li class=\"\" data-start=\"899\" data-end=\"1046\">\n<p class=\"\" data-start=\"901\" data-end=\"1046\">Das <strong data-start=\"904\" data-end=\"931\">zweite<\/strong>, etwas d\u00fcnnere <strong data-start=\"904\" data-end=\"931\">Blatt (CFB)<\/strong>(53 g\/m\u00b2) ist <strong data-start=\"979\" data-end=\"988\">rot<\/strong> bedruckt, was das schnelle Einordnen und Unterscheiden erleichtert.<\/p>\n<\/li>\n<li class=\"\" data-start=\"1047\" data-end=\"1178\">\n<p class=\"\" data-start=\"1049\" data-end=\"1178\">Das <strong data-start=\"1059\" data-end=\"1086\">dritte Blatt (CF)<\/strong> aus 57 g\/m\u00b2 ist schlie\u00dflich <strong data-start=\"1115\" data-end=\"1123\">gr\u00fcn<\/strong> bedruckt und f\u00fcgt eine letzte Schicht zur visuellen Organisation hinzu.<\/p>\n<\/li>\n<\/ul>\n<p class=\"\" data-start=\"1180\" data-end=\"1466\">Au\u00dferdem passt es dank seines <strong data-start=\"1184\" data-end=\"1215\">kompakten Formats von 210 x 140 mm<\/strong> problemlos in jede Tasche oder Schublade und bietet dank des 5&#215;5-Rasters ausreichend Platz zum Schreiben. Alles in allem ist es ein praktisches, robustes und gut lesbares Feldinstrument, das dazu gedacht ist, Ihre gesch\u00e4ftigen Tage zu begleiten, ohne jemals zu versagen. <\/p>\n<p data-start=\"1180\" data-end=\"1466\">\n<\/div>\n<\/div>\n<\/div>\n<\/div>\n<p><!--more--><\/p>\n<p><strong>Ihre Vorteile :<\/strong><\/p>\n<ul>\n<li><strong>Tripli<\/strong>: 3 Exemplare pro Blatt f\u00fcr eine vollst\u00e4ndige R\u00fcckverfolgbarkeit.<\/li>\n<li>Dieses karierte Durchschreibeheft ist f\u00fcr eine genaue Nachverfolgung auf den Seiten nummeriert.<\/li>\n<li><strong>Dreifarbiger Aufdruck<\/strong>: blau, rot, gr\u00fcn f\u00fcr eine einfache Orientierung.<\/li>\n<li>Dank des 5&#215;5-Rasters ist sie ideal f\u00fcr Schemata, Tabellen und genaue Anmerkungen.<\/li>\n<li>Praktisches Format und leicht zu transportieren.<\/li>\n<\/ul>\n<p>&nbsp;<\/p>\n<p><!--more--><\/p>\n<h4>Weitere Informationen :<\/h4>\n<ul>\n<li><strong>Verpackung<\/strong>: Einzeln verkauft<\/li>\n<li><strong>Ma\u00dfe<\/strong>: 210 x 140 ( L x B in mm).<\/li>\n<li><strong>Seitenzahlen<\/strong>: 50 Tripli<\/li>\n<li><strong>Material<\/strong>: Papier<\/li>\n<\/ul>\n<p>&nbsp;<\/p>\n<p><!--more--><\/p>\n<p>Diese Art von Notizbuch in 210 x 140 mm ist auch als 1 Duplikat erh\u00e4ltlich : <span style=\"color: #d12727\"><a style=\"color: #d12727\" href=\"https:\/\/www.csj-emballages.com\/es\/produit\/cuaderno-autocopiativo-50-dupli-210-x-140-mm\/\">2133<\/a><\/span><\/p>\n<p>&nbsp;<\/p>\n<p><!--more--><\/p>\n<p><a href=\"https:\/\/www.csj-emballages.com\/de\/categorie-produit\/lebensmittelverpackungen\/boutique-und-geschaft\/briefpapier-und-kleinmaterial\/notizbucher\/\">Sehen Sie sich den Rest unseres Sortiments an Notizb\u00fcchern an<\/a><\/p>\n","protected":false},"excerpt":{"rendered":"<p>Selbstdurchschreibendes kariertes Notizbuch Beschreibung unseres selbstdurchschreibenden Notizbuchs kariert 50 tripli 210 x 140 mm<\/p>\n","protected":false},"featured_media":231572,"template":"","meta":{"_acf_changed":false},"product_brand":[],"product_cat":[1487,1921,1942],"product_tag":[],"class_list":{"0":"post-18856","1":"product","2":"type-product","3":"status-publish","4":"has-post-thumbnail","6":"product_cat-boutique-und-geschaft","7":"product_cat-briefpapier-und-kleinmaterial","8":"product_cat-selbstdurchschreibendes-notizbuch","10":"first","11":"instock","12":"taxable","13":"shipping-taxable","14":"purchasable","15":"product-type-simple"},"acf":[],"yoast_head":"<!-- This site is optimized with the Yoast SEO Premium plugin v26.6 (Yoast SEO v26.6) - https:\/\/yoast.com\/wordpress\/plugins\/seo\/ -->\n<title>Selbstdurchschreibendes kariertes Notizbuch 50 Tripli 210 x 140 mm<\/title>\n<meta name=\"description\" content=\"Selbstdurchschreibendes, dreifach kariertes Notizbuch 210 x 140 mm - 50 nummerierte Bl\u00e4tter mit blauem, rotem und gr\u00fcnem Aufdruck. Praktisch, robust und professionell.\" \/>\n<meta name=\"robots\" content=\"index, follow, max-snippet:-1, max-image-preview:large, max-video-preview:-1\" \/>\n<link rel=\"canonical\" href=\"https:\/\/www.csj-emballages.com\/de\/produit\/selbstdurchschreibendes-notizbuch-50-dreifachfalz-210-x-140-mm\/\" \/>\n<meta property=\"og:locale\" content=\"de_DE\" \/>\n<meta property=\"og:type\" content=\"article\" \/>\n<meta property=\"og:title\" content=\"Selbstdurchschreibendes kariertes Heft 50 tripli 210 x 140 mm\" \/>\n<meta property=\"og:description\" content=\"Selbstdurchschreibendes, dreifach kariertes Notizbuch 210 x 140 mm - 50 nummerierte Bl\u00e4tter mit blauem, rotem und gr\u00fcnem Aufdruck. Praktisch, robust und professionell.\" \/>\n<meta property=\"og:url\" content=\"https:\/\/www.csj-emballages.com\/de\/produit\/selbstdurchschreibendes-notizbuch-50-dreifachfalz-210-x-140-mm\/\" \/>\n<meta property=\"og:site_name\" content=\"CSJ Emballages\" \/>\n<meta property=\"article:publisher\" content=\"https:\/\/www.facebook.com\/csjemballages\" \/>\n<meta property=\"article:modified_time\" content=\"2026-04-03T00:12:07+00:00\" \/>\n<meta property=\"og:image\" content=\"https:\/\/www.csj-emballages.com\/wp-content\/uploads\/2024\/03\/2134.webp\" \/>\n\t<meta property=\"og:image:width\" content=\"800\" \/>\n\t<meta property=\"og:image:height\" content=\"800\" \/>\n\t<meta property=\"og:image:type\" content=\"image\/webp\" \/>\n<meta name=\"twitter:card\" content=\"summary_large_image\" \/>\n<meta name=\"twitter:label1\" content=\"Gesch\u00e4tzte Lesezeit\" \/>\n\t<meta name=\"twitter:data1\" content=\"2 Minuten\" \/>\n<script type=\"application\/ld+json\" class=\"yoast-schema-graph\">{\"@context\":\"https:\/\/schema.org\",\"@graph\":[{\"@type\":\"WebPage\",\"@id\":\"https:\/\/www.csj-emballages.com\/de\/produit\/selbstdurchschreibendes-notizbuch-50-dreifachfalz-210-x-140-mm\/\",\"url\":\"https:\/\/www.csj-emballages.com\/de\/produit\/selbstdurchschreibendes-notizbuch-50-dreifachfalz-210-x-140-mm\/\",\"name\":\"Selbstdurchschreibendes kariertes Notizbuch 50 Tripli 210 x 140 mm\",\"isPartOf\":{\"@id\":\"https:\/\/www.csj-emballages.com\/de\/#website\"},\"primaryImageOfPage\":{\"@id\":\"https:\/\/www.csj-emballages.com\/de\/produit\/selbstdurchschreibendes-notizbuch-50-dreifachfalz-210-x-140-mm\/#primaryimage\"},\"image\":{\"@id\":\"https:\/\/www.csj-emballages.com\/de\/produit\/selbstdurchschreibendes-notizbuch-50-dreifachfalz-210-x-140-mm\/#primaryimage\"},\"thumbnailUrl\":\"https:\/\/www.csj-emballages.com\/wp-content\/uploads\/2024\/03\/2134.webp\",\"datePublished\":\"2024-03-01T15:59:13+00:00\",\"dateModified\":\"2026-04-03T00:12:07+00:00\",\"description\":\"Selbstdurchschreibendes, dreifach kariertes Notizbuch 210 x 140 mm - 50 nummerierte Bl\u00e4tter mit blauem, rotem und gr\u00fcnem Aufdruck. Praktisch, robust und professionell.\",\"breadcrumb\":{\"@id\":\"https:\/\/www.csj-emballages.com\/de\/produit\/selbstdurchschreibendes-notizbuch-50-dreifachfalz-210-x-140-mm\/#breadcrumb\"},\"inLanguage\":\"de\",\"potentialAction\":[{\"@type\":\"ReadAction\",\"target\":[\"https:\/\/www.csj-emballages.com\/de\/produit\/selbstdurchschreibendes-notizbuch-50-dreifachfalz-210-x-140-mm\/\"]}]},{\"@type\":\"ImageObject\",\"inLanguage\":\"de\",\"@id\":\"https:\/\/www.csj-emballages.com\/de\/produit\/selbstdurchschreibendes-notizbuch-50-dreifachfalz-210-x-140-mm\/#primaryimage\",\"url\":\"https:\/\/www.csj-emballages.com\/wp-content\/uploads\/2024\/03\/2134.webp\",\"contentUrl\":\"https:\/\/www.csj-emballages.com\/wp-content\/uploads\/2024\/03\/2134.webp\",\"width\":800,\"height\":800,\"caption\":\"carnet autocopiant quadrill\u00e9\"},{\"@type\":\"BreadcrumbList\",\"@id\":\"https:\/\/www.csj-emballages.com\/de\/produit\/selbstdurchschreibendes-notizbuch-50-dreifachfalz-210-x-140-mm\/#breadcrumb\",\"itemListElement\":[{\"@type\":\"ListItem\",\"position\":1,\"name\":\"Accueil\",\"item\":\"https:\/\/www.csj-emballages.com\/de\/universum-lebensmittelverpackungen\/\"},{\"@type\":\"ListItem\",\"position\":2,\"name\":\"Shop\",\"item\":\"https:\/\/www.csj-emballages.com\/shop\/\"},{\"@type\":\"ListItem\",\"position\":3,\"name\":\"Selbstdurchschreibendes kariertes Heft 50 tripli 210 x 140 mm\"}]},{\"@type\":\"WebSite\",\"@id\":\"https:\/\/www.csj-emballages.com\/de\/#website\",\"url\":\"https:\/\/www.csj-emballages.com\/de\/\",\"name\":\"CSJ Emballages\",\"description\":\"\",\"publisher\":{\"@id\":\"https:\/\/www.csj-emballages.com\/de\/#organization\"},\"potentialAction\":[{\"@type\":\"SearchAction\",\"target\":{\"@type\":\"EntryPoint\",\"urlTemplate\":\"https:\/\/www.csj-emballages.com\/de\/?s={search_term_string}\"},\"query-input\":{\"@type\":\"PropertyValueSpecification\",\"valueRequired\":true,\"valueName\":\"search_term_string\"}}],\"inLanguage\":\"de\"},{\"@type\":\"Organization\",\"@id\":\"https:\/\/www.csj-emballages.com\/de\/#Organization\/\",\"name\":\"CSJ Emballages\",\"url\":\"https:\/\/www.csj-emballages.com\/de\/\",\"logo\":{\"@type\":\"ImageObject\",\"inLanguage\":\"de\",\"@id\":\"https:\/\/www.csj-emballages.com\/de\/#\/schema\/logo\/image\/\",\"url\":\"https:\/\/www.csj-emballages.com\/wp-content\/uploads\/2023\/10\/logo_csj.webp\",\"contentUrl\":\"https:\/\/www.csj-emballages.com\/wp-content\/uploads\/2023\/10\/logo_csj.webp\",\"width\":250,\"height\":95,\"caption\":\"CSJ Emballages\"},\"image\":{\"@id\":\"https:\/\/www.csj-emballages.com\/de\/#\/schema\/logo\/image\/\"},\"sameAs\":[\"https:\/\/www.facebook.com\/csjemballages\"],\"address\":{\"@type\":\"PostalAddress\",\"streetAddress\":\"ZI La Lechere\",\"addressLocality\":\"Patornay\",\"postalCode\":\"39130\",\"addressCountry\":\"FR\"},\"contactPoint\":[{\"@type\":\"ContactPoint\",\"contactType\":\"Service client\",\"telephone\":\"0384254272\",\"email\":\"contact@csj-emballages.com\"}]}]}<\/script>\n<!-- \/ Yoast SEO Premium plugin. -->","yoast_head_json":{"title":"Selbstdurchschreibendes kariertes Notizbuch 50 Tripli 210 x 140 mm","description":"Selbstdurchschreibendes, dreifach kariertes Notizbuch 210 x 140 mm - 50 nummerierte Bl\u00e4tter mit blauem, rotem und gr\u00fcnem Aufdruck. Praktisch, robust und professionell.","robots":{"index":"index","follow":"follow","max-snippet":"max-snippet:-1","max-image-preview":"max-image-preview:large","max-video-preview":"max-video-preview:-1"},"canonical":"https:\/\/www.csj-emballages.com\/de\/produit\/selbstdurchschreibendes-notizbuch-50-dreifachfalz-210-x-140-mm\/","og_locale":"de_DE","og_type":"article","og_title":"Selbstdurchschreibendes kariertes Heft 50 tripli 210 x 140 mm","og_description":"Selbstdurchschreibendes, dreifach kariertes Notizbuch 210 x 140 mm - 50 nummerierte Bl\u00e4tter mit blauem, rotem und gr\u00fcnem Aufdruck. Praktisch, robust und professionell.","og_url":"https:\/\/www.csj-emballages.com\/de\/produit\/selbstdurchschreibendes-notizbuch-50-dreifachfalz-210-x-140-mm\/","og_site_name":"CSJ Emballages","article_publisher":"https:\/\/www.facebook.com\/csjemballages","article_modified_time":"2026-04-03T00:12:07+00:00","og_image":[{"width":800,"height":800,"url":"https:\/\/www.csj-emballages.com\/wp-content\/uploads\/2024\/03\/2134.webp","type":"image\/webp"}],"twitter_card":"summary_large_image","twitter_misc":{"Gesch\u00e4tzte Lesezeit":"2 Minuten"},"schema":{"@context":"https:\/\/schema.org","@graph":[{"@type":"WebPage","@id":"https:\/\/www.csj-emballages.com\/de\/produit\/selbstdurchschreibendes-notizbuch-50-dreifachfalz-210-x-140-mm\/","url":"https:\/\/www.csj-emballages.com\/de\/produit\/selbstdurchschreibendes-notizbuch-50-dreifachfalz-210-x-140-mm\/","name":"Selbstdurchschreibendes kariertes Notizbuch 50 Tripli 210 x 140 mm","isPartOf":{"@id":"https:\/\/www.csj-emballages.com\/de\/#website"},"primaryImageOfPage":{"@id":"https:\/\/www.csj-emballages.com\/de\/produit\/selbstdurchschreibendes-notizbuch-50-dreifachfalz-210-x-140-mm\/#primaryimage"},"image":{"@id":"https:\/\/www.csj-emballages.com\/de\/produit\/selbstdurchschreibendes-notizbuch-50-dreifachfalz-210-x-140-mm\/#primaryimage"},"thumbnailUrl":"https:\/\/www.csj-emballages.com\/wp-content\/uploads\/2024\/03\/2134.webp","datePublished":"2024-03-01T15:59:13+00:00","dateModified":"2026-04-03T00:12:07+00:00","description":"Selbstdurchschreibendes, dreifach kariertes Notizbuch 210 x 140 mm - 50 nummerierte Bl\u00e4tter mit blauem, rotem und gr\u00fcnem Aufdruck. Praktisch, robust und professionell.","breadcrumb":{"@id":"https:\/\/www.csj-emballages.com\/de\/produit\/selbstdurchschreibendes-notizbuch-50-dreifachfalz-210-x-140-mm\/#breadcrumb"},"inLanguage":"de","potentialAction":[{"@type":"ReadAction","target":["https:\/\/www.csj-emballages.com\/de\/produit\/selbstdurchschreibendes-notizbuch-50-dreifachfalz-210-x-140-mm\/"]}]},{"@type":"ImageObject","inLanguage":"de","@id":"https:\/\/www.csj-emballages.com\/de\/produit\/selbstdurchschreibendes-notizbuch-50-dreifachfalz-210-x-140-mm\/#primaryimage","url":"https:\/\/www.csj-emballages.com\/wp-content\/uploads\/2024\/03\/2134.webp","contentUrl":"https:\/\/www.csj-emballages.com\/wp-content\/uploads\/2024\/03\/2134.webp","width":800,"height":800,"caption":"carnet autocopiant quadrill\u00e9"},{"@type":"BreadcrumbList","@id":"https:\/\/www.csj-emballages.com\/de\/produit\/selbstdurchschreibendes-notizbuch-50-dreifachfalz-210-x-140-mm\/#breadcrumb","itemListElement":[{"@type":"ListItem","position":1,"name":"Accueil","item":"https:\/\/www.csj-emballages.com\/de\/universum-lebensmittelverpackungen\/"},{"@type":"ListItem","position":2,"name":"Shop","item":"https:\/\/www.csj-emballages.com\/shop\/"},{"@type":"ListItem","position":3,"name":"Selbstdurchschreibendes kariertes Heft 50 tripli 210 x 140 mm"}]},{"@type":"WebSite","@id":"https:\/\/www.csj-emballages.com\/de\/#website","url":"https:\/\/www.csj-emballages.com\/de\/","name":"CSJ Emballages","description":"","publisher":{"@id":"https:\/\/www.csj-emballages.com\/de\/#organization"},"potentialAction":[{"@type":"SearchAction","target":{"@type":"EntryPoint","urlTemplate":"https:\/\/www.csj-emballages.com\/de\/?s={search_term_string}"},"query-input":{"@type":"PropertyValueSpecification","valueRequired":true,"valueName":"search_term_string"}}],"inLanguage":"de"},{"@type":"Organization","@id":"https:\/\/www.csj-emballages.com\/de\/#Organization\/","name":"CSJ Emballages","url":"https:\/\/www.csj-emballages.com\/de\/","logo":{"@type":"ImageObject","inLanguage":"de","@id":"https:\/\/www.csj-emballages.com\/de\/#\/schema\/logo\/image\/","url":"https:\/\/www.csj-emballages.com\/wp-content\/uploads\/2023\/10\/logo_csj.webp","contentUrl":"https:\/\/www.csj-emballages.com\/wp-content\/uploads\/2023\/10\/logo_csj.webp","width":250,"height":95,"caption":"CSJ Emballages"},"image":{"@id":"https:\/\/www.csj-emballages.com\/de\/#\/schema\/logo\/image\/"},"sameAs":["https:\/\/www.facebook.com\/csjemballages"],"address":{"@type":"PostalAddress","streetAddress":"ZI La Lechere","addressLocality":"Patornay","postalCode":"39130","addressCountry":"FR"},"contactPoint":[{"@type":"ContactPoint","contactType":"Service client","telephone":"0384254272","email":"contact@csj-emballages.com"}]}]}},"df_price":4.24,"df_sale_price":"","df_regular_price":4.24,"df_image_link":"https:\/\/www.csj-emballages.com\/wp-content\/uploads\/2024\/03\/2134-300x300.webp","tiered_pricing_type":"fixed","tiered_pricing_fixed_rules":[],"tiered_pricing_percentage_rules":[],"tiered_pricing_minimum":1,"tiered_pricing_roles_data":[],"_links":{"self":[{"href":"https:\/\/www.csj-emballages.com\/de\/wp-json\/wp\/v2\/product\/18856","targetHints":{"allow":["GET"]}}],"collection":[{"href":"https:\/\/www.csj-emballages.com\/de\/wp-json\/wp\/v2\/product"}],"about":[{"href":"https:\/\/www.csj-emballages.com\/de\/wp-json\/wp\/v2\/types\/product"}],"wp:featuredmedia":[{"embeddable":true,"href":"https:\/\/www.csj-emballages.com\/de\/wp-json\/wp\/v2\/media\/231572"}],"wp:attachment":[{"href":"https:\/\/www.csj-emballages.com\/de\/wp-json\/wp\/v2\/media?parent=18856"}],"wp:term":[{"taxonomy":"product_brand","embeddable":true,"href":"https:\/\/www.csj-emballages.com\/de\/wp-json\/wp\/v2\/product_brand?post=18856"},{"taxonomy":"product_cat","embeddable":true,"href":"https:\/\/www.csj-emballages.com\/de\/wp-json\/wp\/v2\/product_cat?post=18856"},{"taxonomy":"product_tag","embeddable":true,"href":"https:\/\/www.csj-emballages.com\/de\/wp-json\/wp\/v2\/product_tag?post=18856"}],"curies":[{"name":"wp","href":"https:\/\/api.w.org\/{rel}","templated":true}]}}