{"id":18840,"date":"2024-03-01T16:59:16","date_gmt":"2024-03-01T15:59:16","guid":{"rendered":"https:\/\/u15jnbdpoq.preview.infomaniak.website\/produit\/rechnungsbuch-50-dupliziert-210-x-140-mm-elve\/"},"modified":"2026-04-25T02:10:40","modified_gmt":"2026-04-25T00:10:40","slug":"rechnungsbuch-50-dupliziert-210-x-140-mm-elve","status":"publish","type":"product","link":"https:\/\/www.csj-emballages.com\/de\/produit\/rechnungsbuch-50-dupliziert-210-x-140-mm-elve\/","title":{"rendered":"Rechnungsbuch 50 dupliziert 210 x 140 mm ELVE"},"content":{"rendered":"<h2 class=\"p1\">Rechnungsbuch<\/h2>\n<hr>\n<h3>Beschreibung unseres Rechnungshefts 50 dupli 210 x 140 mm<\/h3>\n<p><!--more--><\/p>\n<div class=\"flex-shrink-0 flex flex-col relative items-end\">\n<div class=\"pt-0.5 juice:pt-0\">\n<div class=\"gizmo-bot-avatar flex h-6 w-6 items-center justify-center overflow-hidden rounded-full juice:h-8 juice:w-8\">\n<div class=\"relative p-1 rounded-sm flex items-center justify-center bg-token-main-surface-primary text-token-text-primary h-8 w-8\">\n<p class=\"\" data-start=\"144\" data-end=\"459\">Dieses <strong>selbstdurchschreibende<\/strong> <strong>Rechnungsbuch<\/strong> wurde f\u00fcr Berufst\u00e4tige entwickelt, die eine klare und genaue \u00dcbersicht \u00fcber ihre Transaktionen behalten m\u00f6chten, und ist ein unverzichtbares Hilfsmittel f\u00fcr den Alltag. Es ist kompakt<strong>(210 x 140 mm<\/strong>) und passt problemlos in eine Schublade, einen Aktenkoffer oder sogar in eine Jackentasche, sodass es jederzeit griffbereit ist. <\/p>\n<p class=\"\" data-start=\"461\" data-end=\"895\">Dieses <strong>Heft enth\u00e4lt 50 selbstdurchschreibende<\/strong><strong>(duplizierte<\/strong>) B\u00fcndel mit fortlaufender Nummerierung f\u00fcr eine bessere \u00dcbersicht. Das erste <strong>Blatt<\/strong> aus 56 g\/m\u00b2 CB-Papier ist mit blauer Tinte bedruckt, ideal f\u00fcr das Original, das dem Kunden ausgeh\u00e4ndigt wird. Das zweite <strong>Blatt<\/strong> aus 57 g\/m\u00b2 CF-Papier ist mit roter Farbe bedruckt, was die Unterscheidung zwischen Original und Kopie erleichtert &#8211; praktisch f\u00fcr die Archivierung oder Buchhaltung.  <\/p>\n<p class=\"\" data-start=\"897\" data-end=\"1233\">Dieses <strong>Rechnungsheft<\/strong> entspricht vollkommen den geltenden Rechtsvorschriften und ist so konzipiert, dass es die administrativen und steuerlichen Anforderungen erf\u00fcllt. Egal, ob Sie Handwerker, H\u00e4ndler, selbstst\u00e4ndiger Dienstleister oder Gastronom sind, mit diesem Notizbuch k\u00f6nnen Sie vor Ort schnell Rechnungen oder Kostenvoranschl\u00e4ge ausstellen, auch wenn Sie keinen Zugang zu einem Computersystem haben. <\/p>\n<p class=\"\" data-start=\"1235\" data-end=\"1408\">Es ist ein einfaches, zuverl\u00e4ssiges und effizientes Verwaltungsinstrument, das Ihnen eine straffe Organisation garantiert und gleichzeitig durch sein professionelles Aussehen Vertrauen bei Ihren Kunden erweckt.<\/p>\n<p data-start=\"1235\" data-end=\"1408\">\n<\/div>\n<\/div>\n<\/div>\n<\/div>\n<p><!--more--><\/p>\n<p><strong>Ihre Vorteile :<\/strong><\/p>\n<ul>\n<li>Praktisches, leicht zu transportierendes Format (210 x 140 mm).<\/li>\n<li>50 nummerierte, selbstdurchschreibende Bl\u00e4tter f\u00fcr eine klare Nachverfolgung.<\/li>\n<li>Blauer und roter Aufdruck f\u00fcr eine bessere Lesbarkeit.<\/li>\n<li>Konformit\u00e4t mit der franz\u00f6sischen Gesetzgebung.<\/li>\n<li>Ideal f\u00fcr Wanderaktivit\u00e4ten oder kleine Gesch\u00e4fte.<\/li>\n<\/ul>\n<p>&nbsp;<\/p>\n<p><!--more--><\/p>\n<h4>Weitere Informationen :<\/h4>\n<ul>\n<li><strong>Verpackung<\/strong>: Einzeln verkauft<\/li>\n<li><strong>Ma\u00dfe<\/strong>: 210 x 140 ( L x B in mm).<\/li>\n<li><strong>Anzahl der Bl\u00e4tter<\/strong>: 50 Duplikate<\/li>\n<li><strong>Material<\/strong>: Papier<\/li>\n<\/ul>\n<p>&nbsp;<\/p>\n<p><!--more--><\/p>\n<p>Dieses Notizbuch ist in verschiedenen Formaten erh\u00e4ltlich : <span style=\"color: #d12727;\"><a style=\"color: #d12727;\" href=\"https:\/\/www.csj-emballages.com\/pt-pt\/produit\/livro-de-facturas-50-duplas-140-x-105-mm\/\">50 dupliziert 140 x 105 mm<\/a><\/span> \/ <span style=\"color: #d12727;\"><a style=\"color: #d12727;\" href=\"https:\/\/www.csj-emballages.com\/pt-pt\/produit\/livro-de-facturas-50-tripli-210-x-140-mm\/\">50 dreifach 210 x 140 mm<\/a><\/span><\/p>\n<p>&nbsp;<\/p>\n<p><!--more--><\/p>\n<p><a href=\"https:\/\/www.csj-emballages.com\/de\/categorie-produit\/lebensmittelverpackungen\/boutique-und-geschaft\/briefpapier-und-kleinmaterial\/notizbucher\/\">Sehen Sie sich den Rest unseres Sortiments an Notizb\u00fcchern an<\/a><\/p>\n","protected":false},"excerpt":{"rendered":"<p>Rechnungsbuch Beschreibung unseres Rechnungshefts 50 dupli 210 x 140 mm<\/p>\n","protected":false},"featured_media":231673,"template":"","meta":{"_acf_changed":false},"product_brand":[],"product_cat":[1487,1921,1938],"product_tag":[],"class_list":{"0":"post-18840","1":"product","2":"type-product","3":"status-publish","4":"has-post-thumbnail","6":"product_cat-boutique-und-geschaft","7":"product_cat-briefpapier-und-kleinmaterial","8":"product_cat-rechnungsbucher-rechnungssteller","10":"first","11":"instock","12":"taxable","13":"shipping-taxable","14":"purchasable","15":"product-type-simple"},"acf":[],"yoast_head":"<!-- This site is optimized with the Yoast SEO Premium plugin v26.6 (Yoast SEO v26.6) - https:\/\/yoast.com\/wordpress\/plugins\/seo\/ -->\n<title>Rechnungsbuch 50 Dupli 210 x 140 mm<\/title>\n<meta name=\"description\" content=\"Selbstdurchschreibendes Rechnungsbuch 50 dupli 210 x 140 mm. Entspricht den gesetzlichen Vorschriften und ist ideal f\u00fcr Handwerker und Selbstst\u00e4ndige.\" \/>\n<meta name=\"robots\" content=\"index, follow, max-snippet:-1, max-image-preview:large, max-video-preview:-1\" \/>\n<link rel=\"canonical\" href=\"https:\/\/www.csj-emballages.com\/de\/produit\/rechnungsbuch-50-dupliziert-210-x-140-mm-elve\/\" \/>\n<meta property=\"og:locale\" content=\"de_DE\" \/>\n<meta property=\"og:type\" content=\"article\" \/>\n<meta property=\"og:title\" content=\"Rechnungsbuch 50 dupliziert 210 x 140 mm ELVE\" \/>\n<meta property=\"og:description\" content=\"Selbstdurchschreibendes Rechnungsbuch 50 dupli 210 x 140 mm. Entspricht den gesetzlichen Vorschriften und ist ideal f\u00fcr Handwerker und Selbstst\u00e4ndige.\" \/>\n<meta property=\"og:url\" content=\"https:\/\/www.csj-emballages.com\/de\/produit\/rechnungsbuch-50-dupliziert-210-x-140-mm-elve\/\" \/>\n<meta property=\"og:site_name\" content=\"CSJ Emballages\" \/>\n<meta property=\"article:publisher\" content=\"https:\/\/www.facebook.com\/csjemballages\" \/>\n<meta property=\"article:modified_time\" content=\"2026-04-25T00:10:40+00:00\" \/>\n<meta property=\"og:image\" content=\"https:\/\/www.csj-emballages.com\/wp-content\/uploads\/2024\/03\/2121.webp\" \/>\n\t<meta property=\"og:image:width\" content=\"800\" \/>\n\t<meta property=\"og:image:height\" content=\"800\" \/>\n\t<meta property=\"og:image:type\" content=\"image\/webp\" \/>\n<meta name=\"twitter:card\" content=\"summary_large_image\" \/>\n<meta name=\"twitter:label1\" content=\"Gesch\u00e4tzte Lesezeit\" \/>\n\t<meta name=\"twitter:data1\" content=\"1\u00a0Minute\" \/>\n<script type=\"application\/ld+json\" class=\"yoast-schema-graph\">{\"@context\":\"https:\/\/schema.org\",\"@graph\":[{\"@type\":\"WebPage\",\"@id\":\"https:\/\/www.csj-emballages.com\/de\/produit\/rechnungsbuch-50-dupliziert-210-x-140-mm-elve\/\",\"url\":\"https:\/\/www.csj-emballages.com\/de\/produit\/rechnungsbuch-50-dupliziert-210-x-140-mm-elve\/\",\"name\":\"Rechnungsbuch 50 Dupli 210 x 140 mm\",\"isPartOf\":{\"@id\":\"https:\/\/www.csj-emballages.com\/de\/#website\"},\"primaryImageOfPage\":{\"@id\":\"https:\/\/www.csj-emballages.com\/de\/produit\/rechnungsbuch-50-dupliziert-210-x-140-mm-elve\/#primaryimage\"},\"image\":{\"@id\":\"https:\/\/www.csj-emballages.com\/de\/produit\/rechnungsbuch-50-dupliziert-210-x-140-mm-elve\/#primaryimage\"},\"thumbnailUrl\":\"https:\/\/www.csj-emballages.com\/wp-content\/uploads\/2024\/03\/2121.webp\",\"datePublished\":\"2024-03-01T15:59:16+00:00\",\"dateModified\":\"2026-04-25T00:10:40+00:00\",\"description\":\"Selbstdurchschreibendes Rechnungsbuch 50 dupli 210 x 140 mm. Entspricht den gesetzlichen Vorschriften und ist ideal f\u00fcr Handwerker und Selbstst\u00e4ndige.\",\"breadcrumb\":{\"@id\":\"https:\/\/www.csj-emballages.com\/de\/produit\/rechnungsbuch-50-dupliziert-210-x-140-mm-elve\/#breadcrumb\"},\"inLanguage\":\"de\",\"potentialAction\":[{\"@type\":\"ReadAction\",\"target\":[\"https:\/\/www.csj-emballages.com\/de\/produit\/rechnungsbuch-50-dupliziert-210-x-140-mm-elve\/\"]}]},{\"@type\":\"ImageObject\",\"inLanguage\":\"de\",\"@id\":\"https:\/\/www.csj-emballages.com\/de\/produit\/rechnungsbuch-50-dupliziert-210-x-140-mm-elve\/#primaryimage\",\"url\":\"https:\/\/www.csj-emballages.com\/wp-content\/uploads\/2024\/03\/2121.webp\",\"contentUrl\":\"https:\/\/www.csj-emballages.com\/wp-content\/uploads\/2024\/03\/2121.webp\",\"width\":800,\"height\":800,\"caption\":\"Carnet facturier\"},{\"@type\":\"BreadcrumbList\",\"@id\":\"https:\/\/www.csj-emballages.com\/de\/produit\/rechnungsbuch-50-dupliziert-210-x-140-mm-elve\/#breadcrumb\",\"itemListElement\":[{\"@type\":\"ListItem\",\"position\":1,\"name\":\"Accueil\",\"item\":\"https:\/\/www.csj-emballages.com\/de\/universum-lebensmittelverpackungen\/\"},{\"@type\":\"ListItem\",\"position\":2,\"name\":\"Shop\",\"item\":\"https:\/\/www.csj-emballages.com\/shop\/\"},{\"@type\":\"ListItem\",\"position\":3,\"name\":\"Rechnungsbuch 50 dupliziert 210 x 140 mm ELVE\"}]},{\"@type\":\"WebSite\",\"@id\":\"https:\/\/www.csj-emballages.com\/de\/#website\",\"url\":\"https:\/\/www.csj-emballages.com\/de\/\",\"name\":\"CSJ Emballages\",\"description\":\"\",\"publisher\":{\"@id\":\"https:\/\/www.csj-emballages.com\/de\/#organization\"},\"potentialAction\":[{\"@type\":\"SearchAction\",\"target\":{\"@type\":\"EntryPoint\",\"urlTemplate\":\"https:\/\/www.csj-emballages.com\/de\/?s={search_term_string}\"},\"query-input\":{\"@type\":\"PropertyValueSpecification\",\"valueRequired\":true,\"valueName\":\"search_term_string\"}}],\"inLanguage\":\"de\"},{\"@type\":\"Organization\",\"@id\":\"https:\/\/www.csj-emballages.com\/de\/#Organization\/\",\"name\":\"CSJ Emballages\",\"url\":\"https:\/\/www.csj-emballages.com\/de\/\",\"logo\":{\"@type\":\"ImageObject\",\"inLanguage\":\"de\",\"@id\":\"https:\/\/www.csj-emballages.com\/de\/#\/schema\/logo\/image\/\",\"url\":\"https:\/\/www.csj-emballages.com\/wp-content\/uploads\/2023\/10\/logo_csj.webp\",\"contentUrl\":\"https:\/\/www.csj-emballages.com\/wp-content\/uploads\/2023\/10\/logo_csj.webp\",\"width\":250,\"height\":95,\"caption\":\"CSJ Emballages\"},\"image\":{\"@id\":\"https:\/\/www.csj-emballages.com\/de\/#\/schema\/logo\/image\/\"},\"sameAs\":[\"https:\/\/www.facebook.com\/csjemballages\"],\"address\":{\"@type\":\"PostalAddress\",\"streetAddress\":\"ZI La Lechere\",\"addressLocality\":\"Patornay\",\"postalCode\":\"39130\",\"addressCountry\":\"FR\"},\"contactPoint\":[{\"@type\":\"ContactPoint\",\"contactType\":\"Service client\",\"telephone\":\"0384254272\",\"email\":\"contact@csj-emballages.com\"}]}]}<\/script>\n<!-- \/ Yoast SEO Premium plugin. -->","yoast_head_json":{"title":"Rechnungsbuch 50 Dupli 210 x 140 mm","description":"Selbstdurchschreibendes Rechnungsbuch 50 dupli 210 x 140 mm. Entspricht den gesetzlichen Vorschriften und ist ideal f\u00fcr Handwerker und Selbstst\u00e4ndige.","robots":{"index":"index","follow":"follow","max-snippet":"max-snippet:-1","max-image-preview":"max-image-preview:large","max-video-preview":"max-video-preview:-1"},"canonical":"https:\/\/www.csj-emballages.com\/de\/produit\/rechnungsbuch-50-dupliziert-210-x-140-mm-elve\/","og_locale":"de_DE","og_type":"article","og_title":"Rechnungsbuch 50 dupliziert 210 x 140 mm ELVE","og_description":"Selbstdurchschreibendes Rechnungsbuch 50 dupli 210 x 140 mm. Entspricht den gesetzlichen Vorschriften und ist ideal f\u00fcr Handwerker und Selbstst\u00e4ndige.","og_url":"https:\/\/www.csj-emballages.com\/de\/produit\/rechnungsbuch-50-dupliziert-210-x-140-mm-elve\/","og_site_name":"CSJ Emballages","article_publisher":"https:\/\/www.facebook.com\/csjemballages","article_modified_time":"2026-04-25T00:10:40+00:00","og_image":[{"width":800,"height":800,"url":"https:\/\/www.csj-emballages.com\/wp-content\/uploads\/2024\/03\/2121.webp","type":"image\/webp"}],"twitter_card":"summary_large_image","twitter_misc":{"Gesch\u00e4tzte Lesezeit":"1\u00a0Minute"},"schema":{"@context":"https:\/\/schema.org","@graph":[{"@type":"WebPage","@id":"https:\/\/www.csj-emballages.com\/de\/produit\/rechnungsbuch-50-dupliziert-210-x-140-mm-elve\/","url":"https:\/\/www.csj-emballages.com\/de\/produit\/rechnungsbuch-50-dupliziert-210-x-140-mm-elve\/","name":"Rechnungsbuch 50 Dupli 210 x 140 mm","isPartOf":{"@id":"https:\/\/www.csj-emballages.com\/de\/#website"},"primaryImageOfPage":{"@id":"https:\/\/www.csj-emballages.com\/de\/produit\/rechnungsbuch-50-dupliziert-210-x-140-mm-elve\/#primaryimage"},"image":{"@id":"https:\/\/www.csj-emballages.com\/de\/produit\/rechnungsbuch-50-dupliziert-210-x-140-mm-elve\/#primaryimage"},"thumbnailUrl":"https:\/\/www.csj-emballages.com\/wp-content\/uploads\/2024\/03\/2121.webp","datePublished":"2024-03-01T15:59:16+00:00","dateModified":"2026-04-25T00:10:40+00:00","description":"Selbstdurchschreibendes Rechnungsbuch 50 dupli 210 x 140 mm. Entspricht den gesetzlichen Vorschriften und ist ideal f\u00fcr Handwerker und Selbstst\u00e4ndige.","breadcrumb":{"@id":"https:\/\/www.csj-emballages.com\/de\/produit\/rechnungsbuch-50-dupliziert-210-x-140-mm-elve\/#breadcrumb"},"inLanguage":"de","potentialAction":[{"@type":"ReadAction","target":["https:\/\/www.csj-emballages.com\/de\/produit\/rechnungsbuch-50-dupliziert-210-x-140-mm-elve\/"]}]},{"@type":"ImageObject","inLanguage":"de","@id":"https:\/\/www.csj-emballages.com\/de\/produit\/rechnungsbuch-50-dupliziert-210-x-140-mm-elve\/#primaryimage","url":"https:\/\/www.csj-emballages.com\/wp-content\/uploads\/2024\/03\/2121.webp","contentUrl":"https:\/\/www.csj-emballages.com\/wp-content\/uploads\/2024\/03\/2121.webp","width":800,"height":800,"caption":"Carnet facturier"},{"@type":"BreadcrumbList","@id":"https:\/\/www.csj-emballages.com\/de\/produit\/rechnungsbuch-50-dupliziert-210-x-140-mm-elve\/#breadcrumb","itemListElement":[{"@type":"ListItem","position":1,"name":"Accueil","item":"https:\/\/www.csj-emballages.com\/de\/universum-lebensmittelverpackungen\/"},{"@type":"ListItem","position":2,"name":"Shop","item":"https:\/\/www.csj-emballages.com\/shop\/"},{"@type":"ListItem","position":3,"name":"Rechnungsbuch 50 dupliziert 210 x 140 mm ELVE"}]},{"@type":"WebSite","@id":"https:\/\/www.csj-emballages.com\/de\/#website","url":"https:\/\/www.csj-emballages.com\/de\/","name":"CSJ Emballages","description":"","publisher":{"@id":"https:\/\/www.csj-emballages.com\/de\/#organization"},"potentialAction":[{"@type":"SearchAction","target":{"@type":"EntryPoint","urlTemplate":"https:\/\/www.csj-emballages.com\/de\/?s={search_term_string}"},"query-input":{"@type":"PropertyValueSpecification","valueRequired":true,"valueName":"search_term_string"}}],"inLanguage":"de"},{"@type":"Organization","@id":"https:\/\/www.csj-emballages.com\/de\/#Organization\/","name":"CSJ Emballages","url":"https:\/\/www.csj-emballages.com\/de\/","logo":{"@type":"ImageObject","inLanguage":"de","@id":"https:\/\/www.csj-emballages.com\/de\/#\/schema\/logo\/image\/","url":"https:\/\/www.csj-emballages.com\/wp-content\/uploads\/2023\/10\/logo_csj.webp","contentUrl":"https:\/\/www.csj-emballages.com\/wp-content\/uploads\/2023\/10\/logo_csj.webp","width":250,"height":95,"caption":"CSJ Emballages"},"image":{"@id":"https:\/\/www.csj-emballages.com\/de\/#\/schema\/logo\/image\/"},"sameAs":["https:\/\/www.facebook.com\/csjemballages"],"address":{"@type":"PostalAddress","streetAddress":"ZI La Lechere","addressLocality":"Patornay","postalCode":"39130","addressCountry":"FR"},"contactPoint":[{"@type":"ContactPoint","contactType":"Service client","telephone":"0384254272","email":"contact@csj-emballages.com"}]}]}},"df_price":4.39,"df_sale_price":"","df_regular_price":4.39,"df_image_link":"https:\/\/www.csj-emballages.com\/wp-content\/uploads\/2024\/03\/2121-300x300.webp","tiered_pricing_type":"fixed","tiered_pricing_fixed_rules":[],"tiered_pricing_percentage_rules":[],"tiered_pricing_minimum":1,"tiered_pricing_roles_data":[],"_links":{"self":[{"href":"https:\/\/www.csj-emballages.com\/de\/wp-json\/wp\/v2\/product\/18840","targetHints":{"allow":["GET"]}}],"collection":[{"href":"https:\/\/www.csj-emballages.com\/de\/wp-json\/wp\/v2\/product"}],"about":[{"href":"https:\/\/www.csj-emballages.com\/de\/wp-json\/wp\/v2\/types\/product"}],"wp:featuredmedia":[{"embeddable":true,"href":"https:\/\/www.csj-emballages.com\/de\/wp-json\/wp\/v2\/media\/231673"}],"wp:attachment":[{"href":"https:\/\/www.csj-emballages.com\/de\/wp-json\/wp\/v2\/media?parent=18840"}],"wp:term":[{"taxonomy":"product_brand","embeddable":true,"href":"https:\/\/www.csj-emballages.com\/de\/wp-json\/wp\/v2\/product_brand?post=18840"},{"taxonomy":"product_cat","embeddable":true,"href":"https:\/\/www.csj-emballages.com\/de\/wp-json\/wp\/v2\/product_cat?post=18840"},{"taxonomy":"product_tag","embeddable":true,"href":"https:\/\/www.csj-emballages.com\/de\/wp-json\/wp\/v2\/product_tag?post=18840"}],"curies":[{"name":"wp","href":"https:\/\/api.w.org\/{rel}","templated":true}]}}