{"id":18836,"date":"2024-03-01T16:59:17","date_gmt":"2024-03-01T15:59:17","guid":{"rendered":"https:\/\/u15jnbdpoq.preview.infomaniak.website\/produit\/bestellbuch-50-duplikate-210-x-210-mm\/"},"modified":"2026-03-12T16:07:21","modified_gmt":"2026-03-12T15:07:21","slug":"bestellbuch-50-duplikate-210-x-210-mm","status":"publish","type":"product","link":"https:\/\/www.csj-emballages.com\/de\/produit\/bestellbuch-50-duplikate-210-x-210-mm\/","title":{"rendered":"Bestellbuch 50 dupli 210 x 210 mm"},"content":{"rendered":"<h2 class=\"p1\">Auftragsbuch<\/h2>\n<hr>\n<h3>Beschreibung unseres Bestellbuchs 50 dupli 210 x 210 mm<\/h3>\n<p><!--more--><\/p>\n<div class=\"flex-shrink-0 flex flex-col relative items-end\">\n<div class=\"pt-0.5 juice:pt-0\">\n<div class=\"gizmo-bot-avatar flex h-6 w-6 items-center justify-center overflow-hidden rounded-full juice:h-8 juice:w-8\">\n<div class=\"relative p-1 rounded-sm flex items-center justify-center bg-token-main-surface-primary text-token-text-primary h-8 w-8\">\n<p class=\"\" data-start=\"241\" data-end=\"605\">Dieses <strong data-start=\"349\" data-end=\"383\">selbstdurchschreibende Bestellbuch<\/strong> ist unverzichtbar f\u00fcr alle, die in der Gastronomie, bei Veranstaltungen oder im lokalen Handel t\u00e4tig sind. Es wurde entwickelt, um die schnelle und organisierte Aufnahme von Bestellungen zu erleichtern. Dank seiner <strong data-start=\"463\" data-end=\"502\">50 nummerierten Bl\u00e4tter im Duplikat<\/strong> behalten Sie eine klare und zuverl\u00e4ssige \u00dcbersicht \u00fcber jede Bestellung, ohne dass Sie ein Durchschlagpapier ben\u00f6tigen. Jede Seite besteht aus dem <strong data-start=\"635\" data-end=\"658\">ersten Blatt CB<\/strong> (56 g\/m\u00b2 Papier) mit <strong data-start=\"699\" data-end=\"714\">blauem Tintendruck<\/strong>, ideal f\u00fcr das Original, das dem Kunden oder der Produktionsabteilung ausgeh\u00e4ndigt wird. Das <strong data-start=\"786\" data-end=\"810\">zweite Blatt CF<\/strong> (57 g\/m\u00b2 Papier) ist mit <strong data-start=\"843\" data-end=\"858\">roter Tinte<\/strong> bedruckt und erm\u00f6glicht eine sofortige visuelle Unterscheidung zwischen Original und Kopie &#8211; praktisch, um in Zeiten des Ansturms Verwechslungen zu vermeiden.   <\/p>\n<p class=\"\" data-start=\"1007\" data-end=\"1353\">Ebenso erm\u00f6glicht das <strong data-start=\"1011\" data-end=\"1046\">praktische Format von 210 x 210 mm<\/strong> eine einfache Handhabung und fl\u00fcssige Bedienung, auch wenn Sie unterwegs sind. Kompakt, aber ausreichend, um das Wichtigste zu notieren: Details der Gerichte, Mengen, Kommentare des Gastes usw. Es ist ein einfaches, aber unheimlich effektives Werkzeug, um einen reibungslosen und professionellen Arbeitsablauf aufrechtzuerhalten.  <\/p>\n<p class=\"\" data-start=\"1355\" data-end=\"1517\">Perfekt f\u00fcr Kellner, Caterer, Food Trucks, Veranstaltungsorganisatoren oder sogar Handwerker und H\u00e4ndler, die manuelle Bestellformulare ben\u00f6tigen.<\/p>\n<p data-start=\"1355\" data-end=\"1517\">\n<\/div>\n<\/div>\n<\/div>\n<\/div>\n<p><!--more--><\/p>\n<p><strong>Ihre Vorteile :<\/strong><\/p>\n<ul>\n<li>50 nummerierte Bl\u00e4tter in Duplikaten f\u00fcr eine einfache Nachverfolgung.<\/li>\n<li>Optische Unterscheidung durch den blau\/roten Aufdruck.<\/li>\n<li>Handliches Format: ideal f\u00fcr das Servieren in Bewegung.<\/li>\n<li>Kompatibel mit allen Arbeitsumgebungen.<\/li>\n<\/ul>\n<p>&nbsp;<\/p>\n<p><!--more--><\/p>\n<h4>Weitere Informationen :<\/h4>\n<ul>\n<li><strong>Verpackung<\/strong>: Einzeln verkauft<\/li>\n<li><strong>Ma\u00dfe<\/strong>: 210 x 210 ( L x B in mm).<\/li>\n<li><strong>Seitenzahlen<\/strong>: 50 Duplikate<\/li>\n<li><strong>Material<\/strong>: Papier<\/li>\n<\/ul>\n<p>&nbsp;<\/p>\n<p><!--more--><\/p>\n<p>Hier finden Sie unser Bestellbuch im Format 210 x 140 mm : <span style=\"color: #d12727\"><a style=\"color: #d12727\" href=\"https:\/\/www.csj-emballages.com\/es\/produit\/talonario-de-pedidos-50-dupli-210-x-140-mm\/\">2115<\/a><\/span><\/p>\n<p>&nbsp;<\/p>\n<p><!--more--><\/p>\n<p><a href=\"https:\/\/www.csj-emballages.com\/de\/categorie-produit\/lebensmittelverpackungen\/boutique-und-geschaft\/briefpapier-und-kleinmaterial\/notizbucher\/\">Sehen Sie sich den Rest unseres Sortiments an Notizb\u00fcchern an<\/a><\/p>\n","protected":false},"excerpt":{"rendered":"<p>Auftragsbuch Beschreibung unseres Bestellbuchs 50 dupli 210 x 210 mm<\/p>\n","protected":false},"featured_media":231605,"template":"","meta":{"_acf_changed":false},"product_brand":[],"product_cat":[1487,1921,1950],"product_tag":[],"class_list":{"0":"post-18836","1":"product","2":"type-product","3":"status-publish","4":"has-post-thumbnail","6":"product_cat-boutique-und-geschaft","7":"product_cat-briefpapier-und-kleinmaterial","8":"product_cat-auftragsbucher","10":"first","11":"instock","12":"taxable","13":"shipping-taxable","14":"purchasable","15":"product-type-simple"},"acf":[],"yoast_head":"<!-- This site is optimized with the Yoast SEO Premium plugin v26.6 (Yoast SEO v26.6) - https:\/\/yoast.com\/wordpress\/plugins\/seo\/ -->\n<title>Bestellbuch 50 Dupli 210 x 210 mm<\/title>\n<meta name=\"description\" content=\"Selbstdurchschreibendes Bestellbuch 50 dupli 210 x 210 mm. Praktisch, nummeriert, mit blauem und rotem Aufdruck f\u00fcr einen reibungslosen und organisierten Gesch\u00e4ftsgebrauch.\" \/>\n<meta name=\"robots\" content=\"index, follow, max-snippet:-1, max-image-preview:large, max-video-preview:-1\" \/>\n<link rel=\"canonical\" href=\"https:\/\/www.csj-emballages.com\/de\/produit\/bestellbuch-50-duplikate-210-x-210-mm\/\" \/>\n<meta property=\"og:locale\" content=\"de_DE\" \/>\n<meta property=\"og:type\" content=\"article\" \/>\n<meta property=\"og:title\" content=\"Bestellbuch 50 dupli 210 x 210 mm\" \/>\n<meta property=\"og:description\" content=\"Selbstdurchschreibendes Bestellbuch 50 dupli 210 x 210 mm. Praktisch, nummeriert, mit blauem und rotem Aufdruck f\u00fcr einen reibungslosen und organisierten Gesch\u00e4ftsgebrauch.\" \/>\n<meta property=\"og:url\" content=\"https:\/\/www.csj-emballages.com\/de\/produit\/bestellbuch-50-duplikate-210-x-210-mm\/\" \/>\n<meta property=\"og:site_name\" content=\"CSJ Emballages\" \/>\n<meta property=\"article:publisher\" content=\"https:\/\/www.facebook.com\/csjemballages\" \/>\n<meta property=\"article:modified_time\" content=\"2026-03-12T15:07:21+00:00\" \/>\n<meta property=\"og:image\" content=\"https:\/\/www.csj-emballages.com\/wp-content\/uploads\/2024\/03\/2109.webp\" \/>\n\t<meta property=\"og:image:width\" content=\"800\" \/>\n\t<meta property=\"og:image:height\" content=\"800\" \/>\n\t<meta property=\"og:image:type\" content=\"image\/webp\" \/>\n<meta name=\"twitter:card\" content=\"summary_large_image\" \/>\n<meta name=\"twitter:label1\" content=\"Gesch\u00e4tzte Lesezeit\" \/>\n\t<meta name=\"twitter:data1\" content=\"1\u00a0Minute\" \/>\n<script type=\"application\/ld+json\" class=\"yoast-schema-graph\">{\"@context\":\"https:\/\/schema.org\",\"@graph\":[{\"@type\":\"WebPage\",\"@id\":\"https:\/\/www.csj-emballages.com\/de\/produit\/bestellbuch-50-duplikate-210-x-210-mm\/\",\"url\":\"https:\/\/www.csj-emballages.com\/de\/produit\/bestellbuch-50-duplikate-210-x-210-mm\/\",\"name\":\"Bestellbuch 50 Dupli 210 x 210 mm\",\"isPartOf\":{\"@id\":\"https:\/\/www.csj-emballages.com\/de\/#website\"},\"primaryImageOfPage\":{\"@id\":\"https:\/\/www.csj-emballages.com\/de\/produit\/bestellbuch-50-duplikate-210-x-210-mm\/#primaryimage\"},\"image\":{\"@id\":\"https:\/\/www.csj-emballages.com\/de\/produit\/bestellbuch-50-duplikate-210-x-210-mm\/#primaryimage\"},\"thumbnailUrl\":\"https:\/\/www.csj-emballages.com\/wp-content\/uploads\/2024\/03\/2109.webp\",\"datePublished\":\"2024-03-01T15:59:17+00:00\",\"dateModified\":\"2026-03-12T15:07:21+00:00\",\"description\":\"Selbstdurchschreibendes Bestellbuch 50 dupli 210 x 210 mm. Praktisch, nummeriert, mit blauem und rotem Aufdruck f\u00fcr einen reibungslosen und organisierten Gesch\u00e4ftsgebrauch.\",\"breadcrumb\":{\"@id\":\"https:\/\/www.csj-emballages.com\/de\/produit\/bestellbuch-50-duplikate-210-x-210-mm\/#breadcrumb\"},\"inLanguage\":\"de\",\"potentialAction\":[{\"@type\":\"ReadAction\",\"target\":[\"https:\/\/www.csj-emballages.com\/de\/produit\/bestellbuch-50-duplikate-210-x-210-mm\/\"]}]},{\"@type\":\"ImageObject\",\"inLanguage\":\"de\",\"@id\":\"https:\/\/www.csj-emballages.com\/de\/produit\/bestellbuch-50-duplikate-210-x-210-mm\/#primaryimage\",\"url\":\"https:\/\/www.csj-emballages.com\/wp-content\/uploads\/2024\/03\/2109.webp\",\"contentUrl\":\"https:\/\/www.csj-emballages.com\/wp-content\/uploads\/2024\/03\/2109.webp\",\"width\":800,\"height\":800,\"caption\":\"Carnet de commande\"},{\"@type\":\"BreadcrumbList\",\"@id\":\"https:\/\/www.csj-emballages.com\/de\/produit\/bestellbuch-50-duplikate-210-x-210-mm\/#breadcrumb\",\"itemListElement\":[{\"@type\":\"ListItem\",\"position\":1,\"name\":\"Accueil\",\"item\":\"https:\/\/www.csj-emballages.com\/de\/universum-lebensmittelverpackungen\/\"},{\"@type\":\"ListItem\",\"position\":2,\"name\":\"Shop\",\"item\":\"https:\/\/www.csj-emballages.com\/shop\/\"},{\"@type\":\"ListItem\",\"position\":3,\"name\":\"Bestellbuch 50 dupli 210 x 210 mm\"}]},{\"@type\":\"WebSite\",\"@id\":\"https:\/\/www.csj-emballages.com\/de\/#website\",\"url\":\"https:\/\/www.csj-emballages.com\/de\/\",\"name\":\"CSJ Emballages\",\"description\":\"\",\"publisher\":{\"@id\":\"https:\/\/www.csj-emballages.com\/de\/#organization\"},\"potentialAction\":[{\"@type\":\"SearchAction\",\"target\":{\"@type\":\"EntryPoint\",\"urlTemplate\":\"https:\/\/www.csj-emballages.com\/de\/?s={search_term_string}\"},\"query-input\":{\"@type\":\"PropertyValueSpecification\",\"valueRequired\":true,\"valueName\":\"search_term_string\"}}],\"inLanguage\":\"de\"},{\"@type\":\"Organization\",\"@id\":\"https:\/\/www.csj-emballages.com\/de\/#Organization\/\",\"name\":\"CSJ Emballages\",\"url\":\"https:\/\/www.csj-emballages.com\/de\/\",\"logo\":{\"@type\":\"ImageObject\",\"inLanguage\":\"de\",\"@id\":\"https:\/\/www.csj-emballages.com\/de\/#\/schema\/logo\/image\/\",\"url\":\"https:\/\/www.csj-emballages.com\/wp-content\/uploads\/2023\/10\/logo_csj.webp\",\"contentUrl\":\"https:\/\/www.csj-emballages.com\/wp-content\/uploads\/2023\/10\/logo_csj.webp\",\"width\":250,\"height\":95,\"caption\":\"CSJ Emballages\"},\"image\":{\"@id\":\"https:\/\/www.csj-emballages.com\/de\/#\/schema\/logo\/image\/\"},\"sameAs\":[\"https:\/\/www.facebook.com\/csjemballages\"],\"address\":{\"@type\":\"PostalAddress\",\"streetAddress\":\"ZI La Lechere\",\"addressLocality\":\"Patornay\",\"postalCode\":\"39130\",\"addressCountry\":\"FR\"},\"contactPoint\":[{\"@type\":\"ContactPoint\",\"contactType\":\"Service client\",\"telephone\":\"0384254272\",\"email\":\"contact@csj-emballages.com\"}]}]}<\/script>\n<!-- \/ Yoast SEO Premium plugin. -->","yoast_head_json":{"title":"Bestellbuch 50 Dupli 210 x 210 mm","description":"Selbstdurchschreibendes Bestellbuch 50 dupli 210 x 210 mm. Praktisch, nummeriert, mit blauem und rotem Aufdruck f\u00fcr einen reibungslosen und organisierten Gesch\u00e4ftsgebrauch.","robots":{"index":"index","follow":"follow","max-snippet":"max-snippet:-1","max-image-preview":"max-image-preview:large","max-video-preview":"max-video-preview:-1"},"canonical":"https:\/\/www.csj-emballages.com\/de\/produit\/bestellbuch-50-duplikate-210-x-210-mm\/","og_locale":"de_DE","og_type":"article","og_title":"Bestellbuch 50 dupli 210 x 210 mm","og_description":"Selbstdurchschreibendes Bestellbuch 50 dupli 210 x 210 mm. Praktisch, nummeriert, mit blauem und rotem Aufdruck f\u00fcr einen reibungslosen und organisierten Gesch\u00e4ftsgebrauch.","og_url":"https:\/\/www.csj-emballages.com\/de\/produit\/bestellbuch-50-duplikate-210-x-210-mm\/","og_site_name":"CSJ Emballages","article_publisher":"https:\/\/www.facebook.com\/csjemballages","article_modified_time":"2026-03-12T15:07:21+00:00","og_image":[{"width":800,"height":800,"url":"https:\/\/www.csj-emballages.com\/wp-content\/uploads\/2024\/03\/2109.webp","type":"image\/webp"}],"twitter_card":"summary_large_image","twitter_misc":{"Gesch\u00e4tzte Lesezeit":"1\u00a0Minute"},"schema":{"@context":"https:\/\/schema.org","@graph":[{"@type":"WebPage","@id":"https:\/\/www.csj-emballages.com\/de\/produit\/bestellbuch-50-duplikate-210-x-210-mm\/","url":"https:\/\/www.csj-emballages.com\/de\/produit\/bestellbuch-50-duplikate-210-x-210-mm\/","name":"Bestellbuch 50 Dupli 210 x 210 mm","isPartOf":{"@id":"https:\/\/www.csj-emballages.com\/de\/#website"},"primaryImageOfPage":{"@id":"https:\/\/www.csj-emballages.com\/de\/produit\/bestellbuch-50-duplikate-210-x-210-mm\/#primaryimage"},"image":{"@id":"https:\/\/www.csj-emballages.com\/de\/produit\/bestellbuch-50-duplikate-210-x-210-mm\/#primaryimage"},"thumbnailUrl":"https:\/\/www.csj-emballages.com\/wp-content\/uploads\/2024\/03\/2109.webp","datePublished":"2024-03-01T15:59:17+00:00","dateModified":"2026-03-12T15:07:21+00:00","description":"Selbstdurchschreibendes Bestellbuch 50 dupli 210 x 210 mm. Praktisch, nummeriert, mit blauem und rotem Aufdruck f\u00fcr einen reibungslosen und organisierten Gesch\u00e4ftsgebrauch.","breadcrumb":{"@id":"https:\/\/www.csj-emballages.com\/de\/produit\/bestellbuch-50-duplikate-210-x-210-mm\/#breadcrumb"},"inLanguage":"de","potentialAction":[{"@type":"ReadAction","target":["https:\/\/www.csj-emballages.com\/de\/produit\/bestellbuch-50-duplikate-210-x-210-mm\/"]}]},{"@type":"ImageObject","inLanguage":"de","@id":"https:\/\/www.csj-emballages.com\/de\/produit\/bestellbuch-50-duplikate-210-x-210-mm\/#primaryimage","url":"https:\/\/www.csj-emballages.com\/wp-content\/uploads\/2024\/03\/2109.webp","contentUrl":"https:\/\/www.csj-emballages.com\/wp-content\/uploads\/2024\/03\/2109.webp","width":800,"height":800,"caption":"Carnet de commande"},{"@type":"BreadcrumbList","@id":"https:\/\/www.csj-emballages.com\/de\/produit\/bestellbuch-50-duplikate-210-x-210-mm\/#breadcrumb","itemListElement":[{"@type":"ListItem","position":1,"name":"Accueil","item":"https:\/\/www.csj-emballages.com\/de\/universum-lebensmittelverpackungen\/"},{"@type":"ListItem","position":2,"name":"Shop","item":"https:\/\/www.csj-emballages.com\/shop\/"},{"@type":"ListItem","position":3,"name":"Bestellbuch 50 dupli 210 x 210 mm"}]},{"@type":"WebSite","@id":"https:\/\/www.csj-emballages.com\/de\/#website","url":"https:\/\/www.csj-emballages.com\/de\/","name":"CSJ Emballages","description":"","publisher":{"@id":"https:\/\/www.csj-emballages.com\/de\/#organization"},"potentialAction":[{"@type":"SearchAction","target":{"@type":"EntryPoint","urlTemplate":"https:\/\/www.csj-emballages.com\/de\/?s={search_term_string}"},"query-input":{"@type":"PropertyValueSpecification","valueRequired":true,"valueName":"search_term_string"}}],"inLanguage":"de"},{"@type":"Organization","@id":"https:\/\/www.csj-emballages.com\/de\/#Organization\/","name":"CSJ Emballages","url":"https:\/\/www.csj-emballages.com\/de\/","logo":{"@type":"ImageObject","inLanguage":"de","@id":"https:\/\/www.csj-emballages.com\/de\/#\/schema\/logo\/image\/","url":"https:\/\/www.csj-emballages.com\/wp-content\/uploads\/2023\/10\/logo_csj.webp","contentUrl":"https:\/\/www.csj-emballages.com\/wp-content\/uploads\/2023\/10\/logo_csj.webp","width":250,"height":95,"caption":"CSJ Emballages"},"image":{"@id":"https:\/\/www.csj-emballages.com\/de\/#\/schema\/logo\/image\/"},"sameAs":["https:\/\/www.facebook.com\/csjemballages"],"address":{"@type":"PostalAddress","streetAddress":"ZI La Lechere","addressLocality":"Patornay","postalCode":"39130","addressCountry":"FR"},"contactPoint":[{"@type":"ContactPoint","contactType":"Service client","telephone":"0384254272","email":"contact@csj-emballages.com"}]}]}},"df_price":6.4,"df_sale_price":"","df_regular_price":6.4,"df_image_link":"https:\/\/www.csj-emballages.com\/wp-content\/uploads\/2024\/03\/2109-300x300.webp","tiered_pricing_type":"fixed","tiered_pricing_fixed_rules":[],"tiered_pricing_percentage_rules":[],"tiered_pricing_minimum":1,"tiered_pricing_roles_data":[],"_links":{"self":[{"href":"https:\/\/www.csj-emballages.com\/de\/wp-json\/wp\/v2\/product\/18836","targetHints":{"allow":["GET"]}}],"collection":[{"href":"https:\/\/www.csj-emballages.com\/de\/wp-json\/wp\/v2\/product"}],"about":[{"href":"https:\/\/www.csj-emballages.com\/de\/wp-json\/wp\/v2\/types\/product"}],"wp:featuredmedia":[{"embeddable":true,"href":"https:\/\/www.csj-emballages.com\/de\/wp-json\/wp\/v2\/media\/231605"}],"wp:attachment":[{"href":"https:\/\/www.csj-emballages.com\/de\/wp-json\/wp\/v2\/media?parent=18836"}],"wp:term":[{"taxonomy":"product_brand","embeddable":true,"href":"https:\/\/www.csj-emballages.com\/de\/wp-json\/wp\/v2\/product_brand?post=18836"},{"taxonomy":"product_cat","embeddable":true,"href":"https:\/\/www.csj-emballages.com\/de\/wp-json\/wp\/v2\/product_cat?post=18836"},{"taxonomy":"product_tag","embeddable":true,"href":"https:\/\/www.csj-emballages.com\/de\/wp-json\/wp\/v2\/product_tag?post=18836"}],"curies":[{"name":"wp","href":"https:\/\/api.w.org\/{rel}","templated":true}]}}