{"id":18819,"date":"2024-03-01T16:59:16","date_gmt":"2024-03-01T15:59:16","guid":{"rendered":"https:\/\/u15jnbdpoq.preview.infomaniak.website\/produit\/notizbuch-bestellung-50-dreifach-297-x-210-mm\/"},"modified":"2026-03-12T16:07:23","modified_gmt":"2026-03-12T15:07:23","slug":"notizbuch-bestellung-50-dreifach-297-x-210-mm","status":"publish","type":"product","link":"https:\/\/www.csj-emballages.com\/de\/produit\/notizbuch-bestellung-50-dreifach-297-x-210-mm\/","title":{"rendered":"Bestellbuch 50 tripli 297 x 210 mm"},"content":{"rendered":"<h2 class=\"p1\">Auftragsbuch<\/h2>\n<hr>\n<h3>Beschreibung von unserem Bestellbuch 50 tripli 297 x 210 mm<\/h3>\n<p><!--more--><\/p>\n<div class=\"flex-shrink-0 flex flex-col relative items-end\">\n<div class=\"pt-0.5 juice:pt-0\">\n<div class=\"gizmo-bot-avatar flex h-6 w-6 items-center justify-center overflow-hidden rounded-full juice:h-8 juice:w-8\">\n<div class=\"relative p-1 rounded-sm flex items-center justify-center bg-token-main-surface-primary text-token-text-primary h-8 w-8\">\n<p class=\"\" data-start=\"319\" data-end=\"602\">Egal, ob Sie ein Restaurant, einen Laden oder ein Handwerk betreiben, eine gute Bestellungs\u00fcbersicht ist wichtig, um den \u00dcberblick \u00fcber Ihre Aktivit\u00e4ten zu behalten und zu vermeiden, dass Sie etwas vergessen. Denn dieses <strong data-start=\"474\" data-end=\"515\">selbstdurchschreibende dreifache Bestellbuch<\/strong> ist das perfekte Werkzeug, um alle Ihre Bestellungsaufnahmen schnell und sauber zu notieren. <\/p>\n<p class=\"\" data-start=\"604\" data-end=\"688\">Es enth\u00e4lt <strong data-start=\"616\" data-end=\"642\">50 nummerierte Bl\u00e4tter<\/strong>, jedes in dreifacher <strong data-start=\"654\" data-end=\"675\">Ausfertigung<\/strong> (Tripli) :<\/p>\n<ul data-start=\"689\" data-end=\"1092\">\n<li class=\"\" data-start=\"689\" data-end=\"825\">\n<p class=\"\" data-start=\"691\" data-end=\"825\">Das <strong data-start=\"694\" data-end=\"714\">erste Blatt<\/strong> besteht aus 56 g\/m\u00b2 CB-Papier mit <strong data-start=\"765\" data-end=\"774\">blauem<\/strong> Tintendruck und ist dazu bestimmt, aufbewahrt oder dem Kunden ausgeh\u00e4ndigt zu werden.<\/p>\n<\/li>\n<li class=\"\" data-start=\"826\" data-end=\"946\">\n<p class=\"\" data-start=\"828\" data-end=\"946\">Das <strong data-start=\"831\" data-end=\"852\">zweite Blatt<\/strong> aus 53 g\/m\u00b2 CFB-Papier mit <strong data-start=\"889\" data-end=\"898\">rotem<\/strong> Aufdruck bleibt oft f\u00fcr den Service oder die K\u00fcche \u00fcbrig.<\/p>\n<\/li>\n<li class=\"\" data-start=\"947\" data-end=\"1092\">\n<p class=\"\" data-start=\"949\" data-end=\"1092\">Das <strong data-start=\"952\" data-end=\"974\">dritte Blatt<\/strong> besteht aus 57g\/m\u00b2 CF-Papier mit <strong data-start=\"1019\" data-end=\"1028\">gr\u00fcnem<\/strong> Aufdruck und kann intern f\u00fcr die Buchhaltung oder zur Nachverfolgung verwendet werden.<\/p>\n<\/li>\n<\/ul>\n<p class=\"\" data-start=\"1094\" data-end=\"1345\">Dank der <strong data-start=\"1105\" data-end=\"1133\">Durchschreibetechnologie<\/strong> ben\u00f6tigen Sie kein Kohlepapier. Eine einzige Handschrift gen\u00fcgt und die Informationen werden automatisch auf die beiden anderen <strong>Bl\u00e4tter<\/strong> kopiert. Eine echte Zeitersparnis im Alltag, vor allem in Zeiten des Ansturms!  <\/p>\n<p class=\"\" data-start=\"1347\" data-end=\"1548\">Dank seiner <strong data-start=\"1350\" data-end=\"1385\">praktischen Gr\u00f6\u00dfe von 297 x 210 mm <\/strong>l\u00e4sst es sich leicht transportieren und kann auch in engen R\u00e4umen verwendet werden. Zusammengefasst: robust, \u00fcbersichtlich, effizient dieses <strong>Bestellbuch<\/strong> hat alles, um anspruchsvollen Profis zu gefallen. <\/p>\n<p data-start=\"1347\" data-end=\"1548\">\n<\/div>\n<\/div>\n<\/div>\n<\/div>\n<p><!--more--><\/p>\n<p><strong>Ihre Vorteile :<\/strong><\/p>\n<ul>\n<li>50 nummerierte Bl\u00e4tter in Dreifachfalz.<\/li>\n<li>Drei Tintenfarben zur Unterscheidung der Kopien.<\/li>\n<li>Zeitersparnis und garantierte R\u00fcckverfolgbarkeit.<\/li>\n<li>Dieses Auftragsbuch ist mit allen Gesch\u00e4ftsumgebungen kompatibel.<\/li>\n<\/ul>\n<p>&nbsp;<\/p>\n<p><!--more--><\/p>\n<h4>Weitere Informationen :<\/h4>\n<ul>\n<li><strong>Verpackung<\/strong>: Einzeln verkauft<\/li>\n<li><strong>Ma\u00dfe<\/strong>: 297 x 210 ( L x B in mm).<\/li>\n<li><strong>Seitenzahlen<\/strong>: 50 Tripli<\/li>\n<li><strong>Material<\/strong>: Papier<\/li>\n<\/ul>\n<p>&nbsp;<\/p>\n<p><!--more--><\/p>\n<p>Hier finden Sie unsere Bestellhefte 50 Tripli in verschiedenen Formaten: Kleines Format 210 x 140 mm (<span style=\"color: #d12727\"><a style=\"color: #d12727\" href=\"https:\/\/www.csj-emballages.com\/es\/produit\/talonario-de-pedidos-50-triptico-210-x-140-mm\/\">2116<\/a><\/span>) \/ quadratisch 210 x 210 mm (<span style=\"color: #d12727\"><a style=\"color: #d12727\" href=\"https:\/\/www.csj-emballages.com\/produit\/carnet-commande-50-tripli-210-x-210-mm\/\">2110<\/a><\/span>)<\/p>\n<p>&nbsp;<\/p>\n<p><!--more--><\/p>\n<p><a href=\"https:\/\/www.csj-emballages.com\/de\/categorie-produit\/lebensmittelverpackungen\/boutique-und-geschaft\/briefpapier-und-kleinmaterial\/notizbucher\/\">Sehen Sie sich den Rest unseres Sortiments an Notizb\u00fcchern an<\/a><\/p>\n","protected":false},"excerpt":{"rendered":"<p>Auftragsbuch Beschreibung von unserem Bestellbuch 50 tripli 297 x 210 mm<\/p>\n","protected":false},"featured_media":231623,"template":"","meta":{"_acf_changed":false},"product_brand":[],"product_cat":[1487,1921,1950],"product_tag":[],"class_list":{"0":"post-18819","1":"product","2":"type-product","3":"status-publish","4":"has-post-thumbnail","6":"product_cat-boutique-und-geschaft","7":"product_cat-briefpapier-und-kleinmaterial","8":"product_cat-auftragsbucher","10":"first","11":"instock","12":"taxable","13":"shipping-taxable","14":"purchasable","15":"product-type-simple"},"acf":[],"yoast_head":"<!-- This site is optimized with the Yoast SEO Premium plugin v26.6 (Yoast SEO v26.6) - https:\/\/yoast.com\/wordpress\/plugins\/seo\/ -->\n<title>Bestellbuch 50 Tripli 297 x 210 mm<\/title>\n<meta name=\"description\" content=\"Tripli-Bestellbuch 50 nummerierte Bl\u00e4tter - ideal f\u00fcr Gastronomen, Handwerker oder H\u00e4ndler. Selbstdurchschreibend, praktisch und effizient.\" \/>\n<meta name=\"robots\" content=\"index, follow, max-snippet:-1, max-image-preview:large, max-video-preview:-1\" \/>\n<link rel=\"canonical\" href=\"https:\/\/www.csj-emballages.com\/de\/produit\/notizbuch-bestellung-50-dreifach-297-x-210-mm\/\" \/>\n<meta property=\"og:locale\" content=\"de_DE\" \/>\n<meta property=\"og:type\" content=\"article\" \/>\n<meta property=\"og:title\" content=\"Bestellbuch 50 tripli 297 x 210 mm\" \/>\n<meta property=\"og:description\" content=\"Tripli-Bestellbuch 50 nummerierte Bl\u00e4tter - ideal f\u00fcr Gastronomen, Handwerker oder H\u00e4ndler. Selbstdurchschreibend, praktisch und effizient.\" \/>\n<meta property=\"og:url\" content=\"https:\/\/www.csj-emballages.com\/de\/produit\/notizbuch-bestellung-50-dreifach-297-x-210-mm\/\" \/>\n<meta property=\"og:site_name\" content=\"CSJ Emballages\" \/>\n<meta property=\"article:publisher\" content=\"https:\/\/www.facebook.com\/csjemballages\" \/>\n<meta property=\"article:modified_time\" content=\"2026-03-12T15:07:23+00:00\" \/>\n<meta property=\"og:image\" content=\"https:\/\/www.csj-emballages.com\/wp-content\/uploads\/2024\/03\/2112.webp\" \/>\n\t<meta property=\"og:image:width\" content=\"800\" \/>\n\t<meta property=\"og:image:height\" content=\"800\" \/>\n\t<meta property=\"og:image:type\" content=\"image\/webp\" \/>\n<meta name=\"twitter:card\" content=\"summary_large_image\" \/>\n<meta name=\"twitter:label1\" content=\"Gesch\u00e4tzte Lesezeit\" \/>\n\t<meta name=\"twitter:data1\" content=\"1\u00a0Minute\" \/>\n<script type=\"application\/ld+json\" class=\"yoast-schema-graph\">{\"@context\":\"https:\/\/schema.org\",\"@graph\":[{\"@type\":\"WebPage\",\"@id\":\"https:\/\/www.csj-emballages.com\/de\/produit\/notizbuch-bestellung-50-dreifach-297-x-210-mm\/\",\"url\":\"https:\/\/www.csj-emballages.com\/de\/produit\/notizbuch-bestellung-50-dreifach-297-x-210-mm\/\",\"name\":\"Bestellbuch 50 Tripli 297 x 210 mm\",\"isPartOf\":{\"@id\":\"https:\/\/www.csj-emballages.com\/de\/#website\"},\"primaryImageOfPage\":{\"@id\":\"https:\/\/www.csj-emballages.com\/de\/produit\/notizbuch-bestellung-50-dreifach-297-x-210-mm\/#primaryimage\"},\"image\":{\"@id\":\"https:\/\/www.csj-emballages.com\/de\/produit\/notizbuch-bestellung-50-dreifach-297-x-210-mm\/#primaryimage\"},\"thumbnailUrl\":\"https:\/\/www.csj-emballages.com\/wp-content\/uploads\/2024\/03\/2112.webp\",\"datePublished\":\"2024-03-01T15:59:16+00:00\",\"dateModified\":\"2026-03-12T15:07:23+00:00\",\"description\":\"Tripli-Bestellbuch 50 nummerierte Bl\u00e4tter - ideal f\u00fcr Gastronomen, Handwerker oder H\u00e4ndler. Selbstdurchschreibend, praktisch und effizient.\",\"breadcrumb\":{\"@id\":\"https:\/\/www.csj-emballages.com\/de\/produit\/notizbuch-bestellung-50-dreifach-297-x-210-mm\/#breadcrumb\"},\"inLanguage\":\"de\",\"potentialAction\":[{\"@type\":\"ReadAction\",\"target\":[\"https:\/\/www.csj-emballages.com\/de\/produit\/notizbuch-bestellung-50-dreifach-297-x-210-mm\/\"]}]},{\"@type\":\"ImageObject\",\"inLanguage\":\"de\",\"@id\":\"https:\/\/www.csj-emballages.com\/de\/produit\/notizbuch-bestellung-50-dreifach-297-x-210-mm\/#primaryimage\",\"url\":\"https:\/\/www.csj-emballages.com\/wp-content\/uploads\/2024\/03\/2112.webp\",\"contentUrl\":\"https:\/\/www.csj-emballages.com\/wp-content\/uploads\/2024\/03\/2112.webp\",\"width\":800,\"height\":800,\"caption\":\"Carnet de commande\"},{\"@type\":\"BreadcrumbList\",\"@id\":\"https:\/\/www.csj-emballages.com\/de\/produit\/notizbuch-bestellung-50-dreifach-297-x-210-mm\/#breadcrumb\",\"itemListElement\":[{\"@type\":\"ListItem\",\"position\":1,\"name\":\"Accueil\",\"item\":\"https:\/\/www.csj-emballages.com\/de\/universum-lebensmittelverpackungen\/\"},{\"@type\":\"ListItem\",\"position\":2,\"name\":\"Shop\",\"item\":\"https:\/\/www.csj-emballages.com\/shop\/\"},{\"@type\":\"ListItem\",\"position\":3,\"name\":\"Bestellbuch 50 tripli 297 x 210 mm\"}]},{\"@type\":\"WebSite\",\"@id\":\"https:\/\/www.csj-emballages.com\/de\/#website\",\"url\":\"https:\/\/www.csj-emballages.com\/de\/\",\"name\":\"CSJ Emballages\",\"description\":\"\",\"publisher\":{\"@id\":\"https:\/\/www.csj-emballages.com\/de\/#organization\"},\"potentialAction\":[{\"@type\":\"SearchAction\",\"target\":{\"@type\":\"EntryPoint\",\"urlTemplate\":\"https:\/\/www.csj-emballages.com\/de\/?s={search_term_string}\"},\"query-input\":{\"@type\":\"PropertyValueSpecification\",\"valueRequired\":true,\"valueName\":\"search_term_string\"}}],\"inLanguage\":\"de\"},{\"@type\":\"Organization\",\"@id\":\"https:\/\/www.csj-emballages.com\/de\/#Organization\/\",\"name\":\"CSJ Emballages\",\"url\":\"https:\/\/www.csj-emballages.com\/de\/\",\"logo\":{\"@type\":\"ImageObject\",\"inLanguage\":\"de\",\"@id\":\"https:\/\/www.csj-emballages.com\/de\/#\/schema\/logo\/image\/\",\"url\":\"https:\/\/www.csj-emballages.com\/wp-content\/uploads\/2023\/10\/logo_csj.webp\",\"contentUrl\":\"https:\/\/www.csj-emballages.com\/wp-content\/uploads\/2023\/10\/logo_csj.webp\",\"width\":250,\"height\":95,\"caption\":\"CSJ Emballages\"},\"image\":{\"@id\":\"https:\/\/www.csj-emballages.com\/de\/#\/schema\/logo\/image\/\"},\"sameAs\":[\"https:\/\/www.facebook.com\/csjemballages\"],\"address\":{\"@type\":\"PostalAddress\",\"streetAddress\":\"ZI La Lechere\",\"addressLocality\":\"Patornay\",\"postalCode\":\"39130\",\"addressCountry\":\"FR\"},\"contactPoint\":[{\"@type\":\"ContactPoint\",\"contactType\":\"Service client\",\"telephone\":\"0384254272\",\"email\":\"contact@csj-emballages.com\"}]}]}<\/script>\n<!-- \/ Yoast SEO Premium plugin. -->","yoast_head_json":{"title":"Bestellbuch 50 Tripli 297 x 210 mm","description":"Tripli-Bestellbuch 50 nummerierte Bl\u00e4tter - ideal f\u00fcr Gastronomen, Handwerker oder H\u00e4ndler. Selbstdurchschreibend, praktisch und effizient.","robots":{"index":"index","follow":"follow","max-snippet":"max-snippet:-1","max-image-preview":"max-image-preview:large","max-video-preview":"max-video-preview:-1"},"canonical":"https:\/\/www.csj-emballages.com\/de\/produit\/notizbuch-bestellung-50-dreifach-297-x-210-mm\/","og_locale":"de_DE","og_type":"article","og_title":"Bestellbuch 50 tripli 297 x 210 mm","og_description":"Tripli-Bestellbuch 50 nummerierte Bl\u00e4tter - ideal f\u00fcr Gastronomen, Handwerker oder H\u00e4ndler. Selbstdurchschreibend, praktisch und effizient.","og_url":"https:\/\/www.csj-emballages.com\/de\/produit\/notizbuch-bestellung-50-dreifach-297-x-210-mm\/","og_site_name":"CSJ Emballages","article_publisher":"https:\/\/www.facebook.com\/csjemballages","article_modified_time":"2026-03-12T15:07:23+00:00","og_image":[{"width":800,"height":800,"url":"https:\/\/www.csj-emballages.com\/wp-content\/uploads\/2024\/03\/2112.webp","type":"image\/webp"}],"twitter_card":"summary_large_image","twitter_misc":{"Gesch\u00e4tzte Lesezeit":"1\u00a0Minute"},"schema":{"@context":"https:\/\/schema.org","@graph":[{"@type":"WebPage","@id":"https:\/\/www.csj-emballages.com\/de\/produit\/notizbuch-bestellung-50-dreifach-297-x-210-mm\/","url":"https:\/\/www.csj-emballages.com\/de\/produit\/notizbuch-bestellung-50-dreifach-297-x-210-mm\/","name":"Bestellbuch 50 Tripli 297 x 210 mm","isPartOf":{"@id":"https:\/\/www.csj-emballages.com\/de\/#website"},"primaryImageOfPage":{"@id":"https:\/\/www.csj-emballages.com\/de\/produit\/notizbuch-bestellung-50-dreifach-297-x-210-mm\/#primaryimage"},"image":{"@id":"https:\/\/www.csj-emballages.com\/de\/produit\/notizbuch-bestellung-50-dreifach-297-x-210-mm\/#primaryimage"},"thumbnailUrl":"https:\/\/www.csj-emballages.com\/wp-content\/uploads\/2024\/03\/2112.webp","datePublished":"2024-03-01T15:59:16+00:00","dateModified":"2026-03-12T15:07:23+00:00","description":"Tripli-Bestellbuch 50 nummerierte Bl\u00e4tter - ideal f\u00fcr Gastronomen, Handwerker oder H\u00e4ndler. Selbstdurchschreibend, praktisch und effizient.","breadcrumb":{"@id":"https:\/\/www.csj-emballages.com\/de\/produit\/notizbuch-bestellung-50-dreifach-297-x-210-mm\/#breadcrumb"},"inLanguage":"de","potentialAction":[{"@type":"ReadAction","target":["https:\/\/www.csj-emballages.com\/de\/produit\/notizbuch-bestellung-50-dreifach-297-x-210-mm\/"]}]},{"@type":"ImageObject","inLanguage":"de","@id":"https:\/\/www.csj-emballages.com\/de\/produit\/notizbuch-bestellung-50-dreifach-297-x-210-mm\/#primaryimage","url":"https:\/\/www.csj-emballages.com\/wp-content\/uploads\/2024\/03\/2112.webp","contentUrl":"https:\/\/www.csj-emballages.com\/wp-content\/uploads\/2024\/03\/2112.webp","width":800,"height":800,"caption":"Carnet de commande"},{"@type":"BreadcrumbList","@id":"https:\/\/www.csj-emballages.com\/de\/produit\/notizbuch-bestellung-50-dreifach-297-x-210-mm\/#breadcrumb","itemListElement":[{"@type":"ListItem","position":1,"name":"Accueil","item":"https:\/\/www.csj-emballages.com\/de\/universum-lebensmittelverpackungen\/"},{"@type":"ListItem","position":2,"name":"Shop","item":"https:\/\/www.csj-emballages.com\/shop\/"},{"@type":"ListItem","position":3,"name":"Bestellbuch 50 tripli 297 x 210 mm"}]},{"@type":"WebSite","@id":"https:\/\/www.csj-emballages.com\/de\/#website","url":"https:\/\/www.csj-emballages.com\/de\/","name":"CSJ Emballages","description":"","publisher":{"@id":"https:\/\/www.csj-emballages.com\/de\/#organization"},"potentialAction":[{"@type":"SearchAction","target":{"@type":"EntryPoint","urlTemplate":"https:\/\/www.csj-emballages.com\/de\/?s={search_term_string}"},"query-input":{"@type":"PropertyValueSpecification","valueRequired":true,"valueName":"search_term_string"}}],"inLanguage":"de"},{"@type":"Organization","@id":"https:\/\/www.csj-emballages.com\/de\/#Organization\/","name":"CSJ Emballages","url":"https:\/\/www.csj-emballages.com\/de\/","logo":{"@type":"ImageObject","inLanguage":"de","@id":"https:\/\/www.csj-emballages.com\/de\/#\/schema\/logo\/image\/","url":"https:\/\/www.csj-emballages.com\/wp-content\/uploads\/2023\/10\/logo_csj.webp","contentUrl":"https:\/\/www.csj-emballages.com\/wp-content\/uploads\/2023\/10\/logo_csj.webp","width":250,"height":95,"caption":"CSJ Emballages"},"image":{"@id":"https:\/\/www.csj-emballages.com\/de\/#\/schema\/logo\/image\/"},"sameAs":["https:\/\/www.facebook.com\/csjemballages"],"address":{"@type":"PostalAddress","streetAddress":"ZI La Lechere","addressLocality":"Patornay","postalCode":"39130","addressCountry":"FR"},"contactPoint":[{"@type":"ContactPoint","contactType":"Service client","telephone":"0384254272","email":"contact@csj-emballages.com"}]}]}},"df_price":14.36,"df_sale_price":"","df_regular_price":14.36,"df_image_link":"https:\/\/www.csj-emballages.com\/wp-content\/uploads\/2024\/03\/2112-300x300.webp","tiered_pricing_type":"fixed","tiered_pricing_fixed_rules":[],"tiered_pricing_percentage_rules":[],"tiered_pricing_minimum":1,"tiered_pricing_roles_data":[],"_links":{"self":[{"href":"https:\/\/www.csj-emballages.com\/de\/wp-json\/wp\/v2\/product\/18819","targetHints":{"allow":["GET"]}}],"collection":[{"href":"https:\/\/www.csj-emballages.com\/de\/wp-json\/wp\/v2\/product"}],"about":[{"href":"https:\/\/www.csj-emballages.com\/de\/wp-json\/wp\/v2\/types\/product"}],"wp:featuredmedia":[{"embeddable":true,"href":"https:\/\/www.csj-emballages.com\/de\/wp-json\/wp\/v2\/media\/231623"}],"wp:attachment":[{"href":"https:\/\/www.csj-emballages.com\/de\/wp-json\/wp\/v2\/media?parent=18819"}],"wp:term":[{"taxonomy":"product_brand","embeddable":true,"href":"https:\/\/www.csj-emballages.com\/de\/wp-json\/wp\/v2\/product_brand?post=18819"},{"taxonomy":"product_cat","embeddable":true,"href":"https:\/\/www.csj-emballages.com\/de\/wp-json\/wp\/v2\/product_cat?post=18819"},{"taxonomy":"product_tag","embeddable":true,"href":"https:\/\/www.csj-emballages.com\/de\/wp-json\/wp\/v2\/product_tag?post=18819"}],"curies":[{"name":"wp","href":"https:\/\/api.w.org\/{rel}","templated":true}]}}