{"id":18808,"date":"2024-03-01T16:59:17","date_gmt":"2024-03-01T15:59:17","guid":{"rendered":"https:\/\/u15jnbdpoq.preview.infomaniak.website\/produit\/notizbuch-lieferung-50-duplikate-210-x-210-mm-elve\/"},"modified":"2026-04-17T11:00:29","modified_gmt":"2026-04-17T09:00:29","slug":"notizbuch-lieferung-50-duplikate-210-x-210-mm-elve","status":"publish","type":"product","link":"https:\/\/www.csj-emballages.com\/de\/produit\/notizbuch-lieferung-50-duplikate-210-x-210-mm-elve\/","title":{"rendered":"Lieferscheinheft 50 dupli 210 x 210 mm ELVE"},"content":{"rendered":"<h2 class=\"p1\">Carnet de livraison (Lieferschein)<\/h2>\n<hr>\n<h3>Beschreibung unseres Lieferscheins 50 dupli 210 x 210 mm ELVE<\/h3>\n<p><!--more--><\/p>\n<div class=\"flex-shrink-0 flex flex-col relative items-end\">\n<div class=\"pt-0.5 juice:pt-0\">\n<div class=\"gizmo-bot-avatar flex h-6 w-6 items-center justify-center overflow-hidden rounded-full juice:h-8 juice:w-8\">\n<div class=\"relative p-1 rounded-sm flex items-center justify-center bg-token-main-surface-primary text-token-text-primary h-8 w-8\">\n<p class=\"\" data-start=\"191\" data-end=\"666\">Das <strong data-start=\"194\" data-end=\"248\">ELVE 50 Duplikat-Lieferscheinheft 210 x 210 mm<\/strong> ist ein unverzichtbares Hilfsmittel f\u00fcr Gesch\u00e4ftsleute, die eine klare, schnelle und zuverl\u00e4ssige \u00dcbersicht \u00fcber jede durchgef\u00fchrte Lieferung behalten m\u00f6chten. Es ist kompakt, aber \u00e4u\u00dferst effizient und passt problemlos in eine Tasche oder in das Handschuhfach eines Nutzfahrzeugs. Dieses <strong>selbstdurchschreibende Lieferscheinheft<\/strong> ist f\u00fcr den t\u00e4glichen Gebrauch im Au\u00dfendienst konzipiert: Es enth\u00e4lt <strong data-start=\"592\" data-end=\"631\">50 nummerierte Bl\u00e4tter als Duplikate<\/strong> und erm\u00f6glicht so eine einfache und organisierte Nachverfolgung.  <\/p>\n<p class=\"\" data-start=\"668\" data-end=\"1085\">Denn das erste Blatt (CB &#8211; 56g\/m\u00b2) ist mit <strong data-start=\"717\" data-end=\"732\">blauer Tinte<\/strong> bedruckt, was ein fl\u00fcssiges und professionelles Lesen erm\u00f6glicht. Es wird dazu verwendet, dem Kunden ein Exemplar auszuh\u00e4ndigen. Das zweite Blatt (CF &#8211; 57g\/m\u00b2), das mit <strong data-start=\"879\" data-end=\"894\">roter Tinte<\/strong> bedruckt ist, verbleibt in Ihrem <strong>Notizbuch<\/strong> f\u00fcr Ihre Unterlagen. Dank des Selbstdurchschreibepapiers ben\u00f6tigen Sie weder Pauspapier noch Kohle: Jede Handschrift wird sofort auf der zweiten Seite gestochen scharf wiedergegeben.   <\/p>\n<p class=\"\" data-start=\"1087\" data-end=\"1414\">Ideal f\u00fcr Warenlieferungen, technische Eingriffe oder Dienstleistungen, ist dieses <strong>Lieferbuch<\/strong> eine einfache, schnelle und effiziente L\u00f6sung, um jede Transaktion zu formalisieren. ELVE ist eine Vertrauensmarke im Bereich der Gesch\u00e4ftspapiere und garantiert eine strenge Herstellungsqualit\u00e4t. <\/p>\n<p class=\"\" data-start=\"1416\" data-end=\"1559\">Zusammenfassend l\u00e4sst sich sagen, dass dieses <strong>Notizbuch<\/strong> zuverl\u00e4ssig, \u00fcbersichtlich und gut gestaltet ist und Profis auf jedem Terrain begleitet, um ihre Liefertouren stressfrei zu managen.<\/p>\n<p data-start=\"1416\" data-end=\"1559\">\n<\/div>\n<\/div>\n<\/div>\n<\/div>\n<p><!--more--><\/p>\n<p><strong>Ihre Vorteile :<\/strong><\/p>\n<ul>\n<li>50 nummerierte Bl\u00e4tter als Duplikat.<\/li>\n<li>Dank seines kompakten Formats von 210 x 210 mm l\u00e4sst es sich leicht transportieren.<\/li>\n<li>Selbstdurchschreibendes Papier: kein Kohlenstoff, sofortiges Schreiben.<\/li>\n<li>ELVE-Marke: Garant f\u00fcr Qualit\u00e4t und Zuverl\u00e4ssigkeit.<\/li>\n<\/ul>\n<p>&nbsp;<\/p>\n<p><!--more--><\/p>\n<h4>Weitere Informationen :<\/h4>\n<ul>\n<li><strong>Verpackung<\/strong>: Einzeln verkauft<\/li>\n<li><strong>Ma\u00dfe<\/strong>: 210 x 210 ( L x B in mm).<\/li>\n<li><strong>Seitenzahlen<\/strong>: 50 Duplikate<\/li>\n<li><strong>Material<\/strong>: Papier<\/li>\n<\/ul>\n<p>&nbsp;<\/p>\n<p><!--more--><\/p>\n<p>Hier finden Sie unser Lieferscheinheft 50 tripli 210 x 140 mm : <span style=\"color: #d12727\"><a style=\"color: #d12727\" href=\"https:\/\/www.csj-emballages.com\/produit\/carnet-livraison-50-tripli-210-x-140-mm-elve\/\">2108<\/a><\/span><\/p>\n<p>&nbsp;<\/p>\n<p><!--more--><\/p>\n<p><a href=\"https:\/\/www.csj-emballages.com\/de\/categorie-produit\/lebensmittelverpackungen\/boutique-und-geschaft\/briefpapier-und-kleinmaterial\/notizbucher\/\">Sehen Sie sich den Rest unseres Sortiments an Notizb\u00fcchern an<\/a><\/p>\n","protected":false},"excerpt":{"rendered":"<p>Carnet de livraison (Lieferschein) Beschreibung unseres Lieferscheins 50 dupli 210 x 210 mm ELVE<\/p>\n","protected":false},"featured_media":231721,"template":"","meta":{"_acf_changed":false},"product_brand":[],"product_cat":[1487,1921,1940],"product_tag":[],"class_list":{"0":"post-18808","1":"product","2":"type-product","3":"status-publish","4":"has-post-thumbnail","6":"product_cat-boutique-und-geschaft","7":"product_cat-briefpapier-und-kleinmaterial","8":"product_cat-lieferscheine","10":"first","11":"instock","12":"taxable","13":"shipping-taxable","14":"purchasable","15":"product-type-simple"},"acf":[],"yoast_head":"<!-- This site is optimized with the Yoast SEO Premium plugin v26.6 (Yoast SEO v26.6) - https:\/\/yoast.com\/wordpress\/plugins\/seo\/ -->\n<title>Lieferscheinheft 50 Dupli 210 x 210 mm ELVE<\/title>\n<meta name=\"description\" content=\"ELVE 50 Duplikat-Lieferscheinheft - ideal, um Ihre Lieferungen zuverl\u00e4ssig und \u00fcbersichtlich zu verfolgen. Kompakt, selbstdurchschreibend und praktisch.\" \/>\n<meta name=\"robots\" content=\"index, follow, max-snippet:-1, max-image-preview:large, max-video-preview:-1\" \/>\n<link rel=\"canonical\" href=\"https:\/\/www.csj-emballages.com\/de\/produit\/notizbuch-lieferung-50-duplikate-210-x-210-mm-elve\/\" \/>\n<meta property=\"og:locale\" content=\"de_DE\" \/>\n<meta property=\"og:type\" content=\"article\" \/>\n<meta property=\"og:title\" content=\"Lieferscheinheft 50 dupli 210 x 210 mm ELVE\" \/>\n<meta property=\"og:description\" content=\"ELVE 50 Duplikat-Lieferscheinheft - ideal, um Ihre Lieferungen zuverl\u00e4ssig und \u00fcbersichtlich zu verfolgen. Kompakt, selbstdurchschreibend und praktisch.\" \/>\n<meta property=\"og:url\" content=\"https:\/\/www.csj-emballages.com\/de\/produit\/notizbuch-lieferung-50-duplikate-210-x-210-mm-elve\/\" \/>\n<meta property=\"og:site_name\" content=\"CSJ Emballages\" \/>\n<meta property=\"article:publisher\" content=\"https:\/\/www.facebook.com\/csjemballages\" \/>\n<meta property=\"article:modified_time\" content=\"2026-04-17T09:00:29+00:00\" \/>\n<meta property=\"og:image\" content=\"https:\/\/www.csj-emballages.com\/wp-content\/uploads\/2024\/03\/2105.webp\" \/>\n\t<meta property=\"og:image:width\" content=\"800\" \/>\n\t<meta property=\"og:image:height\" content=\"800\" \/>\n\t<meta property=\"og:image:type\" content=\"image\/jpeg\" \/>\n<meta name=\"twitter:card\" content=\"summary_large_image\" \/>\n<meta name=\"twitter:label1\" content=\"Gesch\u00e4tzte Lesezeit\" \/>\n\t<meta name=\"twitter:data1\" content=\"2 Minuten\" \/>\n<script type=\"application\/ld+json\" class=\"yoast-schema-graph\">{\"@context\":\"https:\/\/schema.org\",\"@graph\":[{\"@type\":\"WebPage\",\"@id\":\"https:\/\/www.csj-emballages.com\/de\/produit\/notizbuch-lieferung-50-duplikate-210-x-210-mm-elve\/\",\"url\":\"https:\/\/www.csj-emballages.com\/de\/produit\/notizbuch-lieferung-50-duplikate-210-x-210-mm-elve\/\",\"name\":\"Lieferscheinheft 50 Dupli 210 x 210 mm ELVE\",\"isPartOf\":{\"@id\":\"https:\/\/www.csj-emballages.com\/de\/#website\"},\"primaryImageOfPage\":{\"@id\":\"https:\/\/www.csj-emballages.com\/de\/produit\/notizbuch-lieferung-50-duplikate-210-x-210-mm-elve\/#primaryimage\"},\"image\":{\"@id\":\"https:\/\/www.csj-emballages.com\/de\/produit\/notizbuch-lieferung-50-duplikate-210-x-210-mm-elve\/#primaryimage\"},\"thumbnailUrl\":\"https:\/\/www.csj-emballages.com\/wp-content\/uploads\/2024\/03\/2105.webp\",\"datePublished\":\"2024-03-01T15:59:17+00:00\",\"dateModified\":\"2026-04-17T09:00:29+00:00\",\"description\":\"ELVE 50 Duplikat-Lieferscheinheft - ideal, um Ihre Lieferungen zuverl\u00e4ssig und \u00fcbersichtlich zu verfolgen. Kompakt, selbstdurchschreibend und praktisch.\",\"breadcrumb\":{\"@id\":\"https:\/\/www.csj-emballages.com\/de\/produit\/notizbuch-lieferung-50-duplikate-210-x-210-mm-elve\/#breadcrumb\"},\"inLanguage\":\"de\",\"potentialAction\":[{\"@type\":\"ReadAction\",\"target\":[\"https:\/\/www.csj-emballages.com\/de\/produit\/notizbuch-lieferung-50-duplikate-210-x-210-mm-elve\/\"]}]},{\"@type\":\"ImageObject\",\"inLanguage\":\"de\",\"@id\":\"https:\/\/www.csj-emballages.com\/de\/produit\/notizbuch-lieferung-50-duplikate-210-x-210-mm-elve\/#primaryimage\",\"url\":\"https:\/\/www.csj-emballages.com\/wp-content\/uploads\/2024\/03\/2105.webp\",\"contentUrl\":\"https:\/\/www.csj-emballages.com\/wp-content\/uploads\/2024\/03\/2105.webp\",\"width\":800,\"height\":800,\"caption\":\"Carnet de livraison\"},{\"@type\":\"BreadcrumbList\",\"@id\":\"https:\/\/www.csj-emballages.com\/de\/produit\/notizbuch-lieferung-50-duplikate-210-x-210-mm-elve\/#breadcrumb\",\"itemListElement\":[{\"@type\":\"ListItem\",\"position\":1,\"name\":\"Accueil\",\"item\":\"https:\/\/www.csj-emballages.com\/de\/universum-lebensmittelverpackungen\/\"},{\"@type\":\"ListItem\",\"position\":2,\"name\":\"Shop\",\"item\":\"https:\/\/www.csj-emballages.com\/shop\/\"},{\"@type\":\"ListItem\",\"position\":3,\"name\":\"Lieferscheinheft 50 dupli 210 x 210 mm ELVE\"}]},{\"@type\":\"WebSite\",\"@id\":\"https:\/\/www.csj-emballages.com\/de\/#website\",\"url\":\"https:\/\/www.csj-emballages.com\/de\/\",\"name\":\"CSJ Emballages\",\"description\":\"\",\"publisher\":{\"@id\":\"https:\/\/www.csj-emballages.com\/de\/#organization\"},\"potentialAction\":[{\"@type\":\"SearchAction\",\"target\":{\"@type\":\"EntryPoint\",\"urlTemplate\":\"https:\/\/www.csj-emballages.com\/de\/?s={search_term_string}\"},\"query-input\":{\"@type\":\"PropertyValueSpecification\",\"valueRequired\":true,\"valueName\":\"search_term_string\"}}],\"inLanguage\":\"de\"},{\"@type\":\"Organization\",\"@id\":\"https:\/\/www.csj-emballages.com\/de\/#Organization\/\",\"name\":\"CSJ Emballages\",\"url\":\"https:\/\/www.csj-emballages.com\/de\/\",\"logo\":{\"@type\":\"ImageObject\",\"inLanguage\":\"de\",\"@id\":\"https:\/\/www.csj-emballages.com\/de\/#\/schema\/logo\/image\/\",\"url\":\"https:\/\/www.csj-emballages.com\/wp-content\/uploads\/2023\/10\/logo_csj.webp\",\"contentUrl\":\"https:\/\/www.csj-emballages.com\/wp-content\/uploads\/2023\/10\/logo_csj.webp\",\"width\":250,\"height\":95,\"caption\":\"CSJ Emballages\"},\"image\":{\"@id\":\"https:\/\/www.csj-emballages.com\/de\/#\/schema\/logo\/image\/\"},\"sameAs\":[\"https:\/\/www.facebook.com\/csjemballages\"],\"address\":{\"@type\":\"PostalAddress\",\"streetAddress\":\"ZI La Lechere\",\"addressLocality\":\"Patornay\",\"postalCode\":\"39130\",\"addressCountry\":\"FR\"},\"contactPoint\":[{\"@type\":\"ContactPoint\",\"contactType\":\"Service client\",\"telephone\":\"0384254272\",\"email\":\"contact@csj-emballages.com\"}]}]}<\/script>\n<!-- \/ Yoast SEO Premium plugin. -->","yoast_head_json":{"title":"Lieferscheinheft 50 Dupli 210 x 210 mm ELVE","description":"ELVE 50 Duplikat-Lieferscheinheft - ideal, um Ihre Lieferungen zuverl\u00e4ssig und \u00fcbersichtlich zu verfolgen. Kompakt, selbstdurchschreibend und praktisch.","robots":{"index":"index","follow":"follow","max-snippet":"max-snippet:-1","max-image-preview":"max-image-preview:large","max-video-preview":"max-video-preview:-1"},"canonical":"https:\/\/www.csj-emballages.com\/de\/produit\/notizbuch-lieferung-50-duplikate-210-x-210-mm-elve\/","og_locale":"de_DE","og_type":"article","og_title":"Lieferscheinheft 50 dupli 210 x 210 mm ELVE","og_description":"ELVE 50 Duplikat-Lieferscheinheft - ideal, um Ihre Lieferungen zuverl\u00e4ssig und \u00fcbersichtlich zu verfolgen. Kompakt, selbstdurchschreibend und praktisch.","og_url":"https:\/\/www.csj-emballages.com\/de\/produit\/notizbuch-lieferung-50-duplikate-210-x-210-mm-elve\/","og_site_name":"CSJ Emballages","article_publisher":"https:\/\/www.facebook.com\/csjemballages","article_modified_time":"2026-04-17T09:00:29+00:00","og_image":[{"width":800,"height":800,"url":"https:\/\/www.csj-emballages.com\/wp-content\/uploads\/2024\/03\/2105.webp","type":"image\/jpeg"}],"twitter_card":"summary_large_image","twitter_misc":{"Gesch\u00e4tzte Lesezeit":"2 Minuten"},"schema":{"@context":"https:\/\/schema.org","@graph":[{"@type":"WebPage","@id":"https:\/\/www.csj-emballages.com\/de\/produit\/notizbuch-lieferung-50-duplikate-210-x-210-mm-elve\/","url":"https:\/\/www.csj-emballages.com\/de\/produit\/notizbuch-lieferung-50-duplikate-210-x-210-mm-elve\/","name":"Lieferscheinheft 50 Dupli 210 x 210 mm ELVE","isPartOf":{"@id":"https:\/\/www.csj-emballages.com\/de\/#website"},"primaryImageOfPage":{"@id":"https:\/\/www.csj-emballages.com\/de\/produit\/notizbuch-lieferung-50-duplikate-210-x-210-mm-elve\/#primaryimage"},"image":{"@id":"https:\/\/www.csj-emballages.com\/de\/produit\/notizbuch-lieferung-50-duplikate-210-x-210-mm-elve\/#primaryimage"},"thumbnailUrl":"https:\/\/www.csj-emballages.com\/wp-content\/uploads\/2024\/03\/2105.webp","datePublished":"2024-03-01T15:59:17+00:00","dateModified":"2026-04-17T09:00:29+00:00","description":"ELVE 50 Duplikat-Lieferscheinheft - ideal, um Ihre Lieferungen zuverl\u00e4ssig und \u00fcbersichtlich zu verfolgen. Kompakt, selbstdurchschreibend und praktisch.","breadcrumb":{"@id":"https:\/\/www.csj-emballages.com\/de\/produit\/notizbuch-lieferung-50-duplikate-210-x-210-mm-elve\/#breadcrumb"},"inLanguage":"de","potentialAction":[{"@type":"ReadAction","target":["https:\/\/www.csj-emballages.com\/de\/produit\/notizbuch-lieferung-50-duplikate-210-x-210-mm-elve\/"]}]},{"@type":"ImageObject","inLanguage":"de","@id":"https:\/\/www.csj-emballages.com\/de\/produit\/notizbuch-lieferung-50-duplikate-210-x-210-mm-elve\/#primaryimage","url":"https:\/\/www.csj-emballages.com\/wp-content\/uploads\/2024\/03\/2105.webp","contentUrl":"https:\/\/www.csj-emballages.com\/wp-content\/uploads\/2024\/03\/2105.webp","width":800,"height":800,"caption":"Carnet de livraison"},{"@type":"BreadcrumbList","@id":"https:\/\/www.csj-emballages.com\/de\/produit\/notizbuch-lieferung-50-duplikate-210-x-210-mm-elve\/#breadcrumb","itemListElement":[{"@type":"ListItem","position":1,"name":"Accueil","item":"https:\/\/www.csj-emballages.com\/de\/universum-lebensmittelverpackungen\/"},{"@type":"ListItem","position":2,"name":"Shop","item":"https:\/\/www.csj-emballages.com\/shop\/"},{"@type":"ListItem","position":3,"name":"Lieferscheinheft 50 dupli 210 x 210 mm ELVE"}]},{"@type":"WebSite","@id":"https:\/\/www.csj-emballages.com\/de\/#website","url":"https:\/\/www.csj-emballages.com\/de\/","name":"CSJ Emballages","description":"","publisher":{"@id":"https:\/\/www.csj-emballages.com\/de\/#organization"},"potentialAction":[{"@type":"SearchAction","target":{"@type":"EntryPoint","urlTemplate":"https:\/\/www.csj-emballages.com\/de\/?s={search_term_string}"},"query-input":{"@type":"PropertyValueSpecification","valueRequired":true,"valueName":"search_term_string"}}],"inLanguage":"de"},{"@type":"Organization","@id":"https:\/\/www.csj-emballages.com\/de\/#Organization\/","name":"CSJ Emballages","url":"https:\/\/www.csj-emballages.com\/de\/","logo":{"@type":"ImageObject","inLanguage":"de","@id":"https:\/\/www.csj-emballages.com\/de\/#\/schema\/logo\/image\/","url":"https:\/\/www.csj-emballages.com\/wp-content\/uploads\/2023\/10\/logo_csj.webp","contentUrl":"https:\/\/www.csj-emballages.com\/wp-content\/uploads\/2023\/10\/logo_csj.webp","width":250,"height":95,"caption":"CSJ Emballages"},"image":{"@id":"https:\/\/www.csj-emballages.com\/de\/#\/schema\/logo\/image\/"},"sameAs":["https:\/\/www.facebook.com\/csjemballages"],"address":{"@type":"PostalAddress","streetAddress":"ZI La Lechere","addressLocality":"Patornay","postalCode":"39130","addressCountry":"FR"},"contactPoint":[{"@type":"ContactPoint","contactType":"Service client","telephone":"0384254272","email":"contact@csj-emballages.com"}]}]}},"df_price":5.93,"df_sale_price":"","df_regular_price":5.93,"df_image_link":"https:\/\/www.csj-emballages.com\/wp-content\/uploads\/2024\/03\/2105-300x300.webp","tiered_pricing_type":"fixed","tiered_pricing_fixed_rules":[],"tiered_pricing_percentage_rules":[],"tiered_pricing_minimum":1,"tiered_pricing_roles_data":[],"_links":{"self":[{"href":"https:\/\/www.csj-emballages.com\/de\/wp-json\/wp\/v2\/product\/18808","targetHints":{"allow":["GET"]}}],"collection":[{"href":"https:\/\/www.csj-emballages.com\/de\/wp-json\/wp\/v2\/product"}],"about":[{"href":"https:\/\/www.csj-emballages.com\/de\/wp-json\/wp\/v2\/types\/product"}],"wp:featuredmedia":[{"embeddable":true,"href":"https:\/\/www.csj-emballages.com\/de\/wp-json\/wp\/v2\/media\/231721"}],"wp:attachment":[{"href":"https:\/\/www.csj-emballages.com\/de\/wp-json\/wp\/v2\/media?parent=18808"}],"wp:term":[{"taxonomy":"product_brand","embeddable":true,"href":"https:\/\/www.csj-emballages.com\/de\/wp-json\/wp\/v2\/product_brand?post=18808"},{"taxonomy":"product_cat","embeddable":true,"href":"https:\/\/www.csj-emballages.com\/de\/wp-json\/wp\/v2\/product_cat?post=18808"},{"taxonomy":"product_tag","embeddable":true,"href":"https:\/\/www.csj-emballages.com\/de\/wp-json\/wp\/v2\/product_tag?post=18808"}],"curies":[{"name":"wp","href":"https:\/\/api.w.org\/{rel}","templated":true}]}}