{"id":18790,"date":"2024-03-01T16:59:19","date_gmt":"2024-03-01T15:59:19","guid":{"rendered":"https:\/\/u15jnbdpoq.preview.infomaniak.website\/produit\/selbstdurchschreibendes-notizbuch-rechnungen-kostenvoranschlaege-selbstaendige-unternehmer-297-x-210-mm-elve\/"},"modified":"2026-04-24T02:10:55","modified_gmt":"2026-04-24T00:10:55","slug":"selbstdurchschreibendes-notizbuch-rechnungen-kostenvoranschlaege-selbstaendige-unternehmer-297-x-210-mm-elve","status":"publish","type":"product","link":"https:\/\/www.csj-emballages.com\/de\/produit\/selbstdurchschreibendes-notizbuch-rechnungen-kostenvoranschlaege-selbstaendige-unternehmer-297-x-210-mm-elve\/","title":{"rendered":"Selbstdurchschreibendes Rechnungs- \/ Angebotsheft auto-entrepreneur 297 x 210 mm ELVE"},"content":{"rendered":"<h2>Notizbuch Rechnungen \/ Angebote<\/h2>\n<hr>\n<h3>Beschreibung unseres selbstdurchschreibenden Rechnungs- \/ Angebotshefts auto-entrepreneur 297 x 210 mm ELVE<\/h3>\n<p><!--more--><\/p>\n<div class=\"flex-shrink-0 flex flex-col relative items-end\">\n<div class=\"pt-0.5 juice:pt-0\">\n<div class=\"gizmo-bot-avatar flex h-6 w-6 items-center justify-center overflow-hidden rounded-full juice:h-8 juice:w-8\">\n<div class=\"relative p-1 rounded-sm flex items-center justify-center bg-token-main-surface-primary text-token-text-primary h-8 w-8\">\n<p class=\"\" data-start=\"250\" data-end=\"614\">Ob Sie nun <strong data-start=\"265\" data-end=\"286\">selbstst\u00e4ndig<\/strong> oder als <strong data-start=\"290\" data-end=\"312\">Kleinstunternehmer<\/strong> t\u00e4tig sind, Sie wissen, wie entscheidend es ist, Ihre Transaktionen klar, lesbar und vorschriftsm\u00e4\u00dfig zu dokumentieren. Dieses <strong>selbstdurchschreibende Rechnungs-\/Kostenvoranschlagsbuch von ELVE<\/strong> wurde speziell f\u00fcr Ihre t\u00e4glichen Anforderungen an Rechnungen und Kostenvoranschl\u00e4ge entwickelt und h\u00e4lt sich dabei strikt an die <strong data-start=\"587\" data-end=\"613\">geltenden Gesetze<\/strong>. <\/p>\n<p class=\"\" data-start=\"616\" data-end=\"1069\">Denn mit seinem <strong data-start=\"632\" data-end=\"653\">A4-Format (297 x 210 mm)<\/strong> bietet Ihnen dieses <strong>Notizbuch<\/strong> eine komfortable und professionelle Schreibfl\u00e4che. Jedes Notizbuch besteht aus <strong data-start=\"754\" data-end=\"793\">40 nummerierten Bl\u00e4ttern im Duplikat<\/strong>: ein Original f\u00fcr den Kunden (Druck mit blauer Tinte auf 56g\/m\u00b2 CB-Papier) und ein Exemplar f\u00fcr Sie (rote Kopie auf 57g\/m\u00b2 CF-Papier). Mit diesem Durchschreibesystem sparen Sie wertvolle Zeit: Eine einzige Handschrift und Ihre Dokumente sind bereit zur \u00dcbergabe und Archivierung.  <\/p>\n<p class=\"\" data-start=\"1071\" data-end=\"1293\">Auch dieses Notizbuch wurde sorgf\u00e4ltig f\u00fcr Freiberufler konzipiert und verbindet <strong data-start=\"1143\" data-end=\"1171\">einfache Handhabung<\/strong>, <strong data-start=\"1173\" data-end=\"1197\">gepflegte Aufmachung<\/strong> und <strong data-start=\"1201\" data-end=\"1230\">administrative Konformit\u00e4t<\/strong> in einem praktischen Format, das Sie \u00fcberall hin mitnehmen k\u00f6nnen.<\/p>\n<p class=\"\" data-start=\"1295\" data-end=\"1536\">Kurz gesagt: Egal, ob Sie eine Dienstleistung erbringen, ein Produkt verkaufen oder einen einfachen Kostenvoranschlag erstellen, dieses <strong>Rechnungs-\/Kostenvoranschlagsbuch<\/strong> garantiert Ihnen ein <strong data-start=\"1462\" data-end=\"1487\">professionelles Image<\/strong> und eine <strong data-start=\"1495\" data-end=\"1517\">sorgf\u00e4ltige Verwaltung<\/strong> Ihrer T\u00e4tigkeit.<\/p>\n<p data-start=\"1295\" data-end=\"1536\">\n<\/div>\n<\/div>\n<\/div>\n<\/div>\n<p><!--more--><\/p>\n<p><strong>Ihre Vorteile :<\/strong><\/p>\n<ul>\n<li>Entspricht der Gesetzgebung f\u00fcr Selbstst\u00e4ndige\/Mikrounternehmer.<\/li>\n<li>Praktisches und professionelles A4-Format.<\/li>\n<li>40 nummerierte Bl\u00e4tter f\u00fcr eine klare Nachverfolgung.<\/li>\n<li>Selbstdurchschreibendes Papier: Einmaliges Schreiben, doppelte Ausfertigung.<\/li>\n<li>Zuverl\u00e4ssigkeit und Qualit\u00e4t von ELVE<\/li>\n<\/ul>\n<p>&nbsp;<\/p>\n<p><!--more--><\/p>\n<h4>Weitere Informationen :<\/h4>\n<ul>\n<li><strong>Verpackung<\/strong>: Einzeln verkauft<\/li>\n<li><strong>Ma\u00dfe<\/strong>: 297 x 210 ( L x B in mm).<\/li>\n<li><strong>Seitenzahlen<\/strong>: 40 Duplikate<\/li>\n<li><strong>Material<\/strong>: Papier<\/li>\n<\/ul>\n<p>&nbsp;<\/p>\n<p><!--more--><\/p>\n<p>Hier finden Sie unseren Rechnungsblock : <span style=\"color: #d12727\"><a style=\"color: #d12727\" href=\"https:\/\/www.csj-emballages.com\/es\/produit\/talonarios-de-facturas-50-dupli-100-x-155-mm\/\">2152<\/a><\/span><\/p>\n<p>&nbsp;<\/p>\n<p><!--more--><\/p>\n<p><a href=\"https:\/\/www.csj-emballages.com\/de\/categorie-produit\/lebensmittelverpackungen\/boutique-und-geschaft\/briefpapier-und-kleinmaterial\/notizbucher\/\">Sehen Sie sich den Rest unseres Sortiments an Notizb\u00fcchern an<\/a><\/p>\n","protected":false},"excerpt":{"rendered":"<p>Notizbuch Rechnungen \/ Angebote Beschreibung unseres selbstdurchschreibenden Rechnungs- \/ Angebotshefts auto-entrepreneur 297 x 210 mm ELVE<\/p>\n","protected":false},"featured_media":231660,"template":"","meta":{"_acf_changed":false},"product_brand":[],"product_cat":[1487,1921,1938],"product_tag":[],"class_list":{"0":"post-18790","1":"product","2":"type-product","3":"status-publish","4":"has-post-thumbnail","6":"product_cat-boutique-und-geschaft","7":"product_cat-briefpapier-und-kleinmaterial","8":"product_cat-rechnungsbucher-rechnungssteller","10":"first","11":"outofstock","12":"taxable","13":"shipping-taxable","14":"purchasable","15":"product-type-simple"},"acf":[],"yoast_head":"<!-- This site is optimized with the Yoast SEO Premium plugin v26.6 (Yoast SEO v26.6) - https:\/\/yoast.com\/wordpress\/plugins\/seo\/ -->\n<title>Selbstdurchschreibendes Rechnungs- \/ Angebotsheft f\u00fcr Selbstst\u00e4ndige ELVE<\/title>\n<meta name=\"description\" content=\"Selbstdurchschreibendes Rechnungs-\/Kostenvoranschlagsbuch ELVE A4, entspricht der Gesetzgebung f\u00fcr Selbstst\u00e4ndige. 40 nummerierte Duplikate, praktisch und professionell.\" \/>\n<meta name=\"robots\" content=\"index, follow, max-snippet:-1, max-image-preview:large, max-video-preview:-1\" \/>\n<link rel=\"canonical\" href=\"https:\/\/www.csj-emballages.com\/de\/produit\/selbstdurchschreibendes-notizbuch-rechnungen-kostenvoranschlaege-selbstaendige-unternehmer-297-x-210-mm-elve\/\" \/>\n<meta property=\"og:locale\" content=\"de_DE\" \/>\n<meta property=\"og:type\" content=\"article\" \/>\n<meta property=\"og:title\" content=\"Selbstdurchschreibendes Rechnungs- \/ Angebotsheft auto-entrepreneur 297 x 210 mm ELVE\" \/>\n<meta property=\"og:description\" content=\"Selbstdurchschreibendes Rechnungs-\/Kostenvoranschlagsbuch ELVE A4, entspricht der Gesetzgebung f\u00fcr Selbstst\u00e4ndige. 40 nummerierte Duplikate, praktisch und professionell.\" \/>\n<meta property=\"og:url\" content=\"https:\/\/www.csj-emballages.com\/de\/produit\/selbstdurchschreibendes-notizbuch-rechnungen-kostenvoranschlaege-selbstaendige-unternehmer-297-x-210-mm-elve\/\" \/>\n<meta property=\"og:site_name\" content=\"CSJ Emballages\" \/>\n<meta property=\"article:publisher\" content=\"https:\/\/www.facebook.com\/csjemballages\" \/>\n<meta property=\"article:modified_time\" content=\"2026-04-24T00:10:55+00:00\" \/>\n<meta property=\"og:image\" content=\"https:\/\/www.csj-emballages.com\/wp-content\/uploads\/2024\/03\/19548.webp\" \/>\n\t<meta property=\"og:image:width\" content=\"800\" \/>\n\t<meta property=\"og:image:height\" content=\"800\" \/>\n\t<meta property=\"og:image:type\" content=\"image\/webp\" \/>\n<meta name=\"twitter:card\" content=\"summary_large_image\" \/>\n<meta name=\"twitter:label1\" content=\"Gesch\u00e4tzte Lesezeit\" \/>\n\t<meta name=\"twitter:data1\" content=\"1\u00a0Minute\" \/>\n<script type=\"application\/ld+json\" class=\"yoast-schema-graph\">{\"@context\":\"https:\/\/schema.org\",\"@graph\":[{\"@type\":\"WebPage\",\"@id\":\"https:\/\/www.csj-emballages.com\/de\/produit\/selbstdurchschreibendes-notizbuch-rechnungen-kostenvoranschlaege-selbstaendige-unternehmer-297-x-210-mm-elve\/\",\"url\":\"https:\/\/www.csj-emballages.com\/de\/produit\/selbstdurchschreibendes-notizbuch-rechnungen-kostenvoranschlaege-selbstaendige-unternehmer-297-x-210-mm-elve\/\",\"name\":\"Selbstdurchschreibendes Rechnungs- \/ Angebotsheft f\u00fcr Selbstst\u00e4ndige ELVE\",\"isPartOf\":{\"@id\":\"https:\/\/www.csj-emballages.com\/de\/#website\"},\"primaryImageOfPage\":{\"@id\":\"https:\/\/www.csj-emballages.com\/de\/produit\/selbstdurchschreibendes-notizbuch-rechnungen-kostenvoranschlaege-selbstaendige-unternehmer-297-x-210-mm-elve\/#primaryimage\"},\"image\":{\"@id\":\"https:\/\/www.csj-emballages.com\/de\/produit\/selbstdurchschreibendes-notizbuch-rechnungen-kostenvoranschlaege-selbstaendige-unternehmer-297-x-210-mm-elve\/#primaryimage\"},\"thumbnailUrl\":\"https:\/\/www.csj-emballages.com\/wp-content\/uploads\/2024\/03\/19548.webp\",\"datePublished\":\"2024-03-01T15:59:19+00:00\",\"dateModified\":\"2026-04-24T00:10:55+00:00\",\"description\":\"Selbstdurchschreibendes Rechnungs-\/Kostenvoranschlagsbuch ELVE A4, entspricht der Gesetzgebung f\u00fcr Selbstst\u00e4ndige. 40 nummerierte Duplikate, praktisch und professionell.\",\"breadcrumb\":{\"@id\":\"https:\/\/www.csj-emballages.com\/de\/produit\/selbstdurchschreibendes-notizbuch-rechnungen-kostenvoranschlaege-selbstaendige-unternehmer-297-x-210-mm-elve\/#breadcrumb\"},\"inLanguage\":\"de\",\"potentialAction\":[{\"@type\":\"ReadAction\",\"target\":[\"https:\/\/www.csj-emballages.com\/de\/produit\/selbstdurchschreibendes-notizbuch-rechnungen-kostenvoranschlaege-selbstaendige-unternehmer-297-x-210-mm-elve\/\"]}]},{\"@type\":\"ImageObject\",\"inLanguage\":\"de\",\"@id\":\"https:\/\/www.csj-emballages.com\/de\/produit\/selbstdurchschreibendes-notizbuch-rechnungen-kostenvoranschlaege-selbstaendige-unternehmer-297-x-210-mm-elve\/#primaryimage\",\"url\":\"https:\/\/www.csj-emballages.com\/wp-content\/uploads\/2024\/03\/19548.webp\",\"contentUrl\":\"https:\/\/www.csj-emballages.com\/wp-content\/uploads\/2024\/03\/19548.webp\",\"width\":800,\"height\":800,\"caption\":\"Carnet factures \/ devis\"},{\"@type\":\"BreadcrumbList\",\"@id\":\"https:\/\/www.csj-emballages.com\/de\/produit\/selbstdurchschreibendes-notizbuch-rechnungen-kostenvoranschlaege-selbstaendige-unternehmer-297-x-210-mm-elve\/#breadcrumb\",\"itemListElement\":[{\"@type\":\"ListItem\",\"position\":1,\"name\":\"Accueil\",\"item\":\"https:\/\/www.csj-emballages.com\/de\/universum-lebensmittelverpackungen\/\"},{\"@type\":\"ListItem\",\"position\":2,\"name\":\"Shop\",\"item\":\"https:\/\/www.csj-emballages.com\/shop\/\"},{\"@type\":\"ListItem\",\"position\":3,\"name\":\"Selbstdurchschreibendes Rechnungs- \/ Angebotsheft auto-entrepreneur 297 x 210 mm ELVE\"}]},{\"@type\":\"WebSite\",\"@id\":\"https:\/\/www.csj-emballages.com\/de\/#website\",\"url\":\"https:\/\/www.csj-emballages.com\/de\/\",\"name\":\"CSJ Emballages\",\"description\":\"\",\"publisher\":{\"@id\":\"https:\/\/www.csj-emballages.com\/de\/#organization\"},\"potentialAction\":[{\"@type\":\"SearchAction\",\"target\":{\"@type\":\"EntryPoint\",\"urlTemplate\":\"https:\/\/www.csj-emballages.com\/de\/?s={search_term_string}\"},\"query-input\":{\"@type\":\"PropertyValueSpecification\",\"valueRequired\":true,\"valueName\":\"search_term_string\"}}],\"inLanguage\":\"de\"},{\"@type\":\"Organization\",\"@id\":\"https:\/\/www.csj-emballages.com\/de\/#Organization\/\",\"name\":\"CSJ Emballages\",\"url\":\"https:\/\/www.csj-emballages.com\/de\/\",\"logo\":{\"@type\":\"ImageObject\",\"inLanguage\":\"de\",\"@id\":\"https:\/\/www.csj-emballages.com\/de\/#\/schema\/logo\/image\/\",\"url\":\"https:\/\/www.csj-emballages.com\/wp-content\/uploads\/2023\/10\/logo_csj.webp\",\"contentUrl\":\"https:\/\/www.csj-emballages.com\/wp-content\/uploads\/2023\/10\/logo_csj.webp\",\"width\":250,\"height\":95,\"caption\":\"CSJ Emballages\"},\"image\":{\"@id\":\"https:\/\/www.csj-emballages.com\/de\/#\/schema\/logo\/image\/\"},\"sameAs\":[\"https:\/\/www.facebook.com\/csjemballages\"],\"address\":{\"@type\":\"PostalAddress\",\"streetAddress\":\"ZI La Lechere\",\"addressLocality\":\"Patornay\",\"postalCode\":\"39130\",\"addressCountry\":\"FR\"},\"contactPoint\":[{\"@type\":\"ContactPoint\",\"contactType\":\"Service client\",\"telephone\":\"0384254272\",\"email\":\"contact@csj-emballages.com\"}]}]}<\/script>\n<!-- \/ Yoast SEO Premium plugin. -->","yoast_head_json":{"title":"Selbstdurchschreibendes Rechnungs- \/ Angebotsheft f\u00fcr Selbstst\u00e4ndige ELVE","description":"Selbstdurchschreibendes Rechnungs-\/Kostenvoranschlagsbuch ELVE A4, entspricht der Gesetzgebung f\u00fcr Selbstst\u00e4ndige. 40 nummerierte Duplikate, praktisch und professionell.","robots":{"index":"index","follow":"follow","max-snippet":"max-snippet:-1","max-image-preview":"max-image-preview:large","max-video-preview":"max-video-preview:-1"},"canonical":"https:\/\/www.csj-emballages.com\/de\/produit\/selbstdurchschreibendes-notizbuch-rechnungen-kostenvoranschlaege-selbstaendige-unternehmer-297-x-210-mm-elve\/","og_locale":"de_DE","og_type":"article","og_title":"Selbstdurchschreibendes Rechnungs- \/ Angebotsheft auto-entrepreneur 297 x 210 mm ELVE","og_description":"Selbstdurchschreibendes Rechnungs-\/Kostenvoranschlagsbuch ELVE A4, entspricht der Gesetzgebung f\u00fcr Selbstst\u00e4ndige. 40 nummerierte Duplikate, praktisch und professionell.","og_url":"https:\/\/www.csj-emballages.com\/de\/produit\/selbstdurchschreibendes-notizbuch-rechnungen-kostenvoranschlaege-selbstaendige-unternehmer-297-x-210-mm-elve\/","og_site_name":"CSJ Emballages","article_publisher":"https:\/\/www.facebook.com\/csjemballages","article_modified_time":"2026-04-24T00:10:55+00:00","og_image":[{"width":800,"height":800,"url":"https:\/\/www.csj-emballages.com\/wp-content\/uploads\/2024\/03\/19548.webp","type":"image\/webp"}],"twitter_card":"summary_large_image","twitter_misc":{"Gesch\u00e4tzte Lesezeit":"1\u00a0Minute"},"schema":{"@context":"https:\/\/schema.org","@graph":[{"@type":"WebPage","@id":"https:\/\/www.csj-emballages.com\/de\/produit\/selbstdurchschreibendes-notizbuch-rechnungen-kostenvoranschlaege-selbstaendige-unternehmer-297-x-210-mm-elve\/","url":"https:\/\/www.csj-emballages.com\/de\/produit\/selbstdurchschreibendes-notizbuch-rechnungen-kostenvoranschlaege-selbstaendige-unternehmer-297-x-210-mm-elve\/","name":"Selbstdurchschreibendes Rechnungs- \/ Angebotsheft f\u00fcr Selbstst\u00e4ndige ELVE","isPartOf":{"@id":"https:\/\/www.csj-emballages.com\/de\/#website"},"primaryImageOfPage":{"@id":"https:\/\/www.csj-emballages.com\/de\/produit\/selbstdurchschreibendes-notizbuch-rechnungen-kostenvoranschlaege-selbstaendige-unternehmer-297-x-210-mm-elve\/#primaryimage"},"image":{"@id":"https:\/\/www.csj-emballages.com\/de\/produit\/selbstdurchschreibendes-notizbuch-rechnungen-kostenvoranschlaege-selbstaendige-unternehmer-297-x-210-mm-elve\/#primaryimage"},"thumbnailUrl":"https:\/\/www.csj-emballages.com\/wp-content\/uploads\/2024\/03\/19548.webp","datePublished":"2024-03-01T15:59:19+00:00","dateModified":"2026-04-24T00:10:55+00:00","description":"Selbstdurchschreibendes Rechnungs-\/Kostenvoranschlagsbuch ELVE A4, entspricht der Gesetzgebung f\u00fcr Selbstst\u00e4ndige. 40 nummerierte Duplikate, praktisch und professionell.","breadcrumb":{"@id":"https:\/\/www.csj-emballages.com\/de\/produit\/selbstdurchschreibendes-notizbuch-rechnungen-kostenvoranschlaege-selbstaendige-unternehmer-297-x-210-mm-elve\/#breadcrumb"},"inLanguage":"de","potentialAction":[{"@type":"ReadAction","target":["https:\/\/www.csj-emballages.com\/de\/produit\/selbstdurchschreibendes-notizbuch-rechnungen-kostenvoranschlaege-selbstaendige-unternehmer-297-x-210-mm-elve\/"]}]},{"@type":"ImageObject","inLanguage":"de","@id":"https:\/\/www.csj-emballages.com\/de\/produit\/selbstdurchschreibendes-notizbuch-rechnungen-kostenvoranschlaege-selbstaendige-unternehmer-297-x-210-mm-elve\/#primaryimage","url":"https:\/\/www.csj-emballages.com\/wp-content\/uploads\/2024\/03\/19548.webp","contentUrl":"https:\/\/www.csj-emballages.com\/wp-content\/uploads\/2024\/03\/19548.webp","width":800,"height":800,"caption":"Carnet factures \/ devis"},{"@type":"BreadcrumbList","@id":"https:\/\/www.csj-emballages.com\/de\/produit\/selbstdurchschreibendes-notizbuch-rechnungen-kostenvoranschlaege-selbstaendige-unternehmer-297-x-210-mm-elve\/#breadcrumb","itemListElement":[{"@type":"ListItem","position":1,"name":"Accueil","item":"https:\/\/www.csj-emballages.com\/de\/universum-lebensmittelverpackungen\/"},{"@type":"ListItem","position":2,"name":"Shop","item":"https:\/\/www.csj-emballages.com\/shop\/"},{"@type":"ListItem","position":3,"name":"Selbstdurchschreibendes Rechnungs- \/ Angebotsheft auto-entrepreneur 297 x 210 mm ELVE"}]},{"@type":"WebSite","@id":"https:\/\/www.csj-emballages.com\/de\/#website","url":"https:\/\/www.csj-emballages.com\/de\/","name":"CSJ Emballages","description":"","publisher":{"@id":"https:\/\/www.csj-emballages.com\/de\/#organization"},"potentialAction":[{"@type":"SearchAction","target":{"@type":"EntryPoint","urlTemplate":"https:\/\/www.csj-emballages.com\/de\/?s={search_term_string}"},"query-input":{"@type":"PropertyValueSpecification","valueRequired":true,"valueName":"search_term_string"}}],"inLanguage":"de"},{"@type":"Organization","@id":"https:\/\/www.csj-emballages.com\/de\/#Organization\/","name":"CSJ Emballages","url":"https:\/\/www.csj-emballages.com\/de\/","logo":{"@type":"ImageObject","inLanguage":"de","@id":"https:\/\/www.csj-emballages.com\/de\/#\/schema\/logo\/image\/","url":"https:\/\/www.csj-emballages.com\/wp-content\/uploads\/2023\/10\/logo_csj.webp","contentUrl":"https:\/\/www.csj-emballages.com\/wp-content\/uploads\/2023\/10\/logo_csj.webp","width":250,"height":95,"caption":"CSJ Emballages"},"image":{"@id":"https:\/\/www.csj-emballages.com\/de\/#\/schema\/logo\/image\/"},"sameAs":["https:\/\/www.facebook.com\/csjemballages"],"address":{"@type":"PostalAddress","streetAddress":"ZI La Lechere","addressLocality":"Patornay","postalCode":"39130","addressCountry":"FR"},"contactPoint":[{"@type":"ContactPoint","contactType":"Service client","telephone":"0384254272","email":"contact@csj-emballages.com"}]}]}},"df_price":10.87,"df_sale_price":"","df_regular_price":10.87,"df_image_link":"https:\/\/www.csj-emballages.com\/wp-content\/uploads\/2024\/03\/19548-300x300.webp","tiered_pricing_type":"fixed","tiered_pricing_fixed_rules":[],"tiered_pricing_percentage_rules":[],"tiered_pricing_minimum":1,"tiered_pricing_roles_data":[],"_links":{"self":[{"href":"https:\/\/www.csj-emballages.com\/de\/wp-json\/wp\/v2\/product\/18790","targetHints":{"allow":["GET"]}}],"collection":[{"href":"https:\/\/www.csj-emballages.com\/de\/wp-json\/wp\/v2\/product"}],"about":[{"href":"https:\/\/www.csj-emballages.com\/de\/wp-json\/wp\/v2\/types\/product"}],"wp:featuredmedia":[{"embeddable":true,"href":"https:\/\/www.csj-emballages.com\/de\/wp-json\/wp\/v2\/media\/231660"}],"wp:attachment":[{"href":"https:\/\/www.csj-emballages.com\/de\/wp-json\/wp\/v2\/media?parent=18790"}],"wp:term":[{"taxonomy":"product_brand","embeddable":true,"href":"https:\/\/www.csj-emballages.com\/de\/wp-json\/wp\/v2\/product_brand?post=18790"},{"taxonomy":"product_cat","embeddable":true,"href":"https:\/\/www.csj-emballages.com\/de\/wp-json\/wp\/v2\/product_cat?post=18790"},{"taxonomy":"product_tag","embeddable":true,"href":"https:\/\/www.csj-emballages.com\/de\/wp-json\/wp\/v2\/product_tag?post=18790"}],"curies":[{"name":"wp","href":"https:\/\/api.w.org\/{rel}","templated":true}]}}