{"id":18780,"date":"2024-03-01T16:59:19","date_gmt":"2024-03-01T15:59:19","guid":{"rendered":"https:\/\/u15jnbdpoq.preview.infomaniak.website\/produit\/selbstdurchschreibendes-notizbuch-rechnungen-angebote-fuer-selbstaendige-210-x-140-mm-elve\/"},"modified":"2026-04-16T02:10:30","modified_gmt":"2026-04-16T00:10:30","slug":"selbstdurchschreibendes-notizbuch-rechnungen-angebote-fuer-selbstaendige-210-x-140-mm-elve","status":"publish","type":"product","link":"https:\/\/www.csj-emballages.com\/de\/produit\/selbstdurchschreibendes-notizbuch-rechnungen-angebote-fuer-selbstaendige-210-x-140-mm-elve\/","title":{"rendered":"Rechnungs- \/ Angebotsheft selbstdurchschreibend Selbstunternehmer 210 x 140 mm ELVE"},"content":{"rendered":"<h2 class=\"p1\">Rechnungs-\/Kostenvoranschlagsbuch<span class=\"Apple-converted-space\"> <\/span><\/h2>\n<hr>\n<h3>Beschreibung unseres selbstdurchschreibenden Rechnungs- \/ Angebotsheftes auto-entrepreneurs 210 x 140 mm ELVE<\/h3>\n<p><!--more--><\/p>\n<div class=\"flex-shrink-0 flex flex-col relative items-end\">\n<div class=\"pt-0.5 juice:pt-0\">\n<div class=\"gizmo-bot-avatar flex h-6 w-6 items-center justify-center overflow-hidden rounded-full juice:h-8 juice:w-8\">\n<div class=\"relative p-1 rounded-sm flex items-center justify-center bg-token-main-surface-primary text-token-text-primary h-8 w-8\">\n<p class=\"\" data-start=\"339\" data-end=\"693\">Das <strong>selbstdurchschreibende Rechnungs-<\/strong> <strong>und<\/strong> <strong>Angebotsheft ELVE<\/strong> wurde speziell f\u00fcr die Bed\u00fcrfnisse von <strong>Selbstst\u00e4ndigen und Kleinstunternehmern<\/strong> entwickelt und ist ein unverzichtbares Hilfsmittel, um Ihr Unternehmen konform zu verwalten. Mit seinen Abmessungen von <strong>210 x 140 mm<\/strong> passt es problemlos in eine Tasche oder einen Beutel und ist somit ideal f\u00fcr Reisen und Au\u00dfendienste. <\/p>\n<p class=\"\" data-start=\"695\" data-end=\"1046\">Es enth\u00e4lt n\u00e4mlich <strong data-start=\"707\" data-end=\"746\">50 nummerierte Duplikatbl\u00e4tter<\/strong>, sodass Sie ein Exemplar f\u00fcr sich selbst behalten und eines an Ihren Kunden weitergeben k\u00f6nnen. Das <strong data-start=\"835\" data-end=\"858\">erste Blatt CB<\/strong><strong>(wei\u00dfes Papier, 56 g\/m\u00b2<\/strong>) ist mit <strong data-start=\"896\" data-end=\"911\">blauer Tinte<\/strong> bedruckt, w\u00e4hrend das <strong data-start=\"927\" data-end=\"949\">zweite Blatt CF<\/strong><strong>(rosafarbenes Papier, 57 g\/m\u00b2<\/strong>) mit <strong data-start=\"978\" data-end=\"993\">roter Tinte<\/strong> bedruckt ist, damit es leicht zu lesen und \u00fcbersichtlich zu organisieren ist. <\/p>\n<p class=\"\" data-start=\"1048\" data-end=\"1387\">Dieses Notizbuch erf\u00fcllt <strong data-start=\"1067\" data-end=\"1105\">die<\/strong> f\u00fcr Selbstunternehmer <strong data-start=\"1067\" data-end=\"1105\">geltenden rechtlichen Verpflichtungen<\/strong>, insbesondere die aus dem Gesetz LME vom 4. August 2008 und seinen \u00c4nderungen sowie dem Gesetz Nr. 2014-626 vom 18. Juni 2014 hervorgehenden <strong data-start=\"1067\" data-end=\"1105\">Verpflichtungen<\/strong>. Es enth\u00e4lt die <strong data-start=\"1270\" data-end=\"1312\">obligatorische Angabe der SIREN-Nummer<\/strong>, wodurch es f\u00fcr jede berufliche T\u00e4tigkeit vollkommen konform ist. <\/p>\n<p class=\"\" data-start=\"1389\" data-end=\"1618\">Kurz gesagt: Einfach auszuf\u00fcllen, praktisch und zuverl\u00e4ssig. Mit diesem <strong>Notizbuch<\/strong> k\u00f6nnen Sie klare und professionelle Dokumente ausstellen, ohne digitale Hilfsmittel verwenden zu m\u00fcssen. Eine einfache, schnelle und allzeit bereite L\u00f6sung. <\/p>\n<p data-start=\"1389\" data-end=\"1618\">\n<\/div>\n<\/div>\n<\/div>\n<\/div>\n<p><!--more--><\/p>\n<p><strong>Ihre Vorteile :<\/strong><\/p>\n<ul>\n<li>Entspricht den geltenden Rechtsvorschriften f\u00fcr Selbstst\u00e4ndige.<\/li>\n<li>Praktisches, leicht zu transportierendes Format (210 x 140 mm).<\/li>\n<li>50 nummerierte Duplikate f\u00fcr eine bessere Organisation.<\/li>\n<li>Differenzierte Bl\u00e4tter (blau\/rot) f\u00fcr optimale \u00dcbersichtlichkeit.<\/li>\n<li>Ideal f\u00fcr Rechnungen oder Kostenvoranschl\u00e4ge auf dem Feld.<\/li>\n<\/ul>\n<p>&nbsp;<\/p>\n<p><!--more--><\/p>\n<h4>Weitere Informationen :<\/h4>\n<ul>\n<li><strong>Verpackung<\/strong>: Einzeln verkauft<\/li>\n<li><strong>Ma\u00dfe<\/strong>: 210 x 140 ( L x B in mm).<\/li>\n<li><strong>Anzahl der Bl\u00e4tter<\/strong>: 50<\/li>\n<li><strong>Material<\/strong>: Papier<\/li>\n<\/ul>\n<p>&nbsp;<\/p>\n<p><!--more--><\/p>\n<p>Hier finden Sie unser selbstdurchschreibendes Notizbuch 50 dupli 140 x 105 mm : <span style=\"color: #d12727\"><a style=\"color: #d12727\" href=\"https:\/\/www.csj-emballages.com\/produit\/carnet-autocopiant-50-dupli-140-x-105-mm\/\">2129<\/a><\/span><\/p>\n<p>&nbsp;<\/p>\n<p><!--more--><\/p>\n<p><a href=\"https:\/\/www.csj-emballages.com\/de\/categorie-produit\/lebensmittelverpackungen\/boutique-und-geschaft\/briefpapier-und-kleinmaterial\/notizbucher\/\">Sehen Sie sich den Rest unseres Sortiments an Notizb\u00fcchern an<\/a><\/p>\n","protected":false},"excerpt":{"rendered":"<p>Rechnungs-\/Kostenvoranschlagsbuch Beschreibung unseres selbstdurchschreibenden Rechnungs- \/ Angebotsheftes auto-entrepreneurs 210 x 140 mm ELVE<\/p>\n","protected":false},"featured_media":231536,"template":"","meta":{"_acf_changed":false},"product_brand":[],"product_cat":[1487,1921,1942,1938],"product_tag":[],"class_list":{"0":"post-18780","1":"product","2":"type-product","3":"status-publish","4":"has-post-thumbnail","6":"product_cat-boutique-und-geschaft","7":"product_cat-briefpapier-und-kleinmaterial","8":"product_cat-selbstdurchschreibendes-notizbuch","9":"product_cat-rechnungsbucher-rechnungssteller","11":"first","12":"instock","13":"taxable","14":"shipping-taxable","15":"purchasable","16":"product-type-simple"},"acf":[],"yoast_head":"<!-- This site is optimized with the Yoast SEO Premium plugin v26.6 (Yoast SEO v26.6) - https:\/\/yoast.com\/wordpress\/plugins\/seo\/ -->\n<title>Rechnungs-\/Kostenvoranschlagsbuch - Autocopiant Auto-Entrepreneurs<\/title>\n<meta name=\"description\" content=\"Selbstdurchschreibendes Rechnungs-\/Kostenvoranschlagsbuch ELVE 210 x 140 mm, entspricht der Gesetzgebung f\u00fcr Selbstst\u00e4ndige. 50 nummerierte Duplikate, handliches Format.\" \/>\n<meta name=\"robots\" content=\"index, follow, max-snippet:-1, max-image-preview:large, max-video-preview:-1\" \/>\n<link rel=\"canonical\" href=\"https:\/\/www.csj-emballages.com\/de\/produit\/selbstdurchschreibendes-notizbuch-rechnungen-angebote-fuer-selbstaendige-210-x-140-mm-elve\/\" \/>\n<meta property=\"og:locale\" content=\"de_DE\" \/>\n<meta property=\"og:type\" content=\"article\" \/>\n<meta property=\"og:title\" content=\"Rechnungs- \/ Angebotsheft selbstdurchschreibend Selbstunternehmer 210 x 140 mm ELVE\" \/>\n<meta property=\"og:description\" content=\"Selbstdurchschreibendes Rechnungs-\/Kostenvoranschlagsbuch ELVE 210 x 140 mm, entspricht der Gesetzgebung f\u00fcr Selbstst\u00e4ndige. 50 nummerierte Duplikate, handliches Format.\" \/>\n<meta property=\"og:url\" content=\"https:\/\/www.csj-emballages.com\/de\/produit\/selbstdurchschreibendes-notizbuch-rechnungen-angebote-fuer-selbstaendige-210-x-140-mm-elve\/\" \/>\n<meta property=\"og:site_name\" content=\"CSJ Emballages\" \/>\n<meta property=\"article:publisher\" content=\"https:\/\/www.facebook.com\/csjemballages\" \/>\n<meta property=\"article:modified_time\" content=\"2026-04-16T00:10:30+00:00\" \/>\n<meta property=\"og:image\" content=\"https:\/\/www.csj-emballages.com\/wp-content\/uploads\/2024\/03\/19550.webp\" \/>\n\t<meta property=\"og:image:width\" content=\"800\" \/>\n\t<meta property=\"og:image:height\" content=\"800\" \/>\n\t<meta property=\"og:image:type\" content=\"image\/webp\" \/>\n<meta name=\"twitter:card\" content=\"summary_large_image\" \/>\n<meta name=\"twitter:label1\" content=\"Gesch\u00e4tzte Lesezeit\" \/>\n\t<meta name=\"twitter:data1\" content=\"2 Minuten\" \/>\n<script type=\"application\/ld+json\" class=\"yoast-schema-graph\">{\"@context\":\"https:\/\/schema.org\",\"@graph\":[{\"@type\":\"WebPage\",\"@id\":\"https:\/\/www.csj-emballages.com\/de\/produit\/selbstdurchschreibendes-notizbuch-rechnungen-angebote-fuer-selbstaendige-210-x-140-mm-elve\/\",\"url\":\"https:\/\/www.csj-emballages.com\/de\/produit\/selbstdurchschreibendes-notizbuch-rechnungen-angebote-fuer-selbstaendige-210-x-140-mm-elve\/\",\"name\":\"Rechnungs-\/Kostenvoranschlagsbuch - Autocopiant Auto-Entrepreneurs\",\"isPartOf\":{\"@id\":\"https:\/\/www.csj-emballages.com\/de\/#website\"},\"primaryImageOfPage\":{\"@id\":\"https:\/\/www.csj-emballages.com\/de\/produit\/selbstdurchschreibendes-notizbuch-rechnungen-angebote-fuer-selbstaendige-210-x-140-mm-elve\/#primaryimage\"},\"image\":{\"@id\":\"https:\/\/www.csj-emballages.com\/de\/produit\/selbstdurchschreibendes-notizbuch-rechnungen-angebote-fuer-selbstaendige-210-x-140-mm-elve\/#primaryimage\"},\"thumbnailUrl\":\"https:\/\/www.csj-emballages.com\/wp-content\/uploads\/2024\/03\/19550.webp\",\"datePublished\":\"2024-03-01T15:59:19+00:00\",\"dateModified\":\"2026-04-16T00:10:30+00:00\",\"description\":\"Selbstdurchschreibendes Rechnungs-\/Kostenvoranschlagsbuch ELVE 210 x 140 mm, entspricht der Gesetzgebung f\u00fcr Selbstst\u00e4ndige. 50 nummerierte Duplikate, handliches Format.\",\"breadcrumb\":{\"@id\":\"https:\/\/www.csj-emballages.com\/de\/produit\/selbstdurchschreibendes-notizbuch-rechnungen-angebote-fuer-selbstaendige-210-x-140-mm-elve\/#breadcrumb\"},\"inLanguage\":\"de\",\"potentialAction\":[{\"@type\":\"ReadAction\",\"target\":[\"https:\/\/www.csj-emballages.com\/de\/produit\/selbstdurchschreibendes-notizbuch-rechnungen-angebote-fuer-selbstaendige-210-x-140-mm-elve\/\"]}]},{\"@type\":\"ImageObject\",\"inLanguage\":\"de\",\"@id\":\"https:\/\/www.csj-emballages.com\/de\/produit\/selbstdurchschreibendes-notizbuch-rechnungen-angebote-fuer-selbstaendige-210-x-140-mm-elve\/#primaryimage\",\"url\":\"https:\/\/www.csj-emballages.com\/wp-content\/uploads\/2024\/03\/19550.webp\",\"contentUrl\":\"https:\/\/www.csj-emballages.com\/wp-content\/uploads\/2024\/03\/19550.webp\",\"width\":800,\"height\":800,\"caption\":\"Carnet de factures \/ devis\u00a0\"},{\"@type\":\"BreadcrumbList\",\"@id\":\"https:\/\/www.csj-emballages.com\/de\/produit\/selbstdurchschreibendes-notizbuch-rechnungen-angebote-fuer-selbstaendige-210-x-140-mm-elve\/#breadcrumb\",\"itemListElement\":[{\"@type\":\"ListItem\",\"position\":1,\"name\":\"Accueil\",\"item\":\"https:\/\/www.csj-emballages.com\/de\/universum-lebensmittelverpackungen\/\"},{\"@type\":\"ListItem\",\"position\":2,\"name\":\"Shop\",\"item\":\"https:\/\/www.csj-emballages.com\/shop\/\"},{\"@type\":\"ListItem\",\"position\":3,\"name\":\"Rechnungs- \/ Angebotsheft selbstdurchschreibend Selbstunternehmer 210 x 140 mm ELVE\"}]},{\"@type\":\"WebSite\",\"@id\":\"https:\/\/www.csj-emballages.com\/de\/#website\",\"url\":\"https:\/\/www.csj-emballages.com\/de\/\",\"name\":\"CSJ Emballages\",\"description\":\"\",\"publisher\":{\"@id\":\"https:\/\/www.csj-emballages.com\/de\/#organization\"},\"potentialAction\":[{\"@type\":\"SearchAction\",\"target\":{\"@type\":\"EntryPoint\",\"urlTemplate\":\"https:\/\/www.csj-emballages.com\/de\/?s={search_term_string}\"},\"query-input\":{\"@type\":\"PropertyValueSpecification\",\"valueRequired\":true,\"valueName\":\"search_term_string\"}}],\"inLanguage\":\"de\"},{\"@type\":\"Organization\",\"@id\":\"https:\/\/www.csj-emballages.com\/de\/#Organization\/\",\"name\":\"CSJ Emballages\",\"url\":\"https:\/\/www.csj-emballages.com\/de\/\",\"logo\":{\"@type\":\"ImageObject\",\"inLanguage\":\"de\",\"@id\":\"https:\/\/www.csj-emballages.com\/de\/#\/schema\/logo\/image\/\",\"url\":\"https:\/\/www.csj-emballages.com\/wp-content\/uploads\/2023\/10\/logo_csj.webp\",\"contentUrl\":\"https:\/\/www.csj-emballages.com\/wp-content\/uploads\/2023\/10\/logo_csj.webp\",\"width\":250,\"height\":95,\"caption\":\"CSJ Emballages\"},\"image\":{\"@id\":\"https:\/\/www.csj-emballages.com\/de\/#\/schema\/logo\/image\/\"},\"sameAs\":[\"https:\/\/www.facebook.com\/csjemballages\"],\"address\":{\"@type\":\"PostalAddress\",\"streetAddress\":\"ZI La Lechere\",\"addressLocality\":\"Patornay\",\"postalCode\":\"39130\",\"addressCountry\":\"FR\"},\"contactPoint\":[{\"@type\":\"ContactPoint\",\"contactType\":\"Service client\",\"telephone\":\"0384254272\",\"email\":\"contact@csj-emballages.com\"}]}]}<\/script>\n<!-- \/ Yoast SEO Premium plugin. -->","yoast_head_json":{"title":"Rechnungs-\/Kostenvoranschlagsbuch - Autocopiant Auto-Entrepreneurs","description":"Selbstdurchschreibendes Rechnungs-\/Kostenvoranschlagsbuch ELVE 210 x 140 mm, entspricht der Gesetzgebung f\u00fcr Selbstst\u00e4ndige. 50 nummerierte Duplikate, handliches Format.","robots":{"index":"index","follow":"follow","max-snippet":"max-snippet:-1","max-image-preview":"max-image-preview:large","max-video-preview":"max-video-preview:-1"},"canonical":"https:\/\/www.csj-emballages.com\/de\/produit\/selbstdurchschreibendes-notizbuch-rechnungen-angebote-fuer-selbstaendige-210-x-140-mm-elve\/","og_locale":"de_DE","og_type":"article","og_title":"Rechnungs- \/ Angebotsheft selbstdurchschreibend Selbstunternehmer 210 x 140 mm ELVE","og_description":"Selbstdurchschreibendes Rechnungs-\/Kostenvoranschlagsbuch ELVE 210 x 140 mm, entspricht der Gesetzgebung f\u00fcr Selbstst\u00e4ndige. 50 nummerierte Duplikate, handliches Format.","og_url":"https:\/\/www.csj-emballages.com\/de\/produit\/selbstdurchschreibendes-notizbuch-rechnungen-angebote-fuer-selbstaendige-210-x-140-mm-elve\/","og_site_name":"CSJ Emballages","article_publisher":"https:\/\/www.facebook.com\/csjemballages","article_modified_time":"2026-04-16T00:10:30+00:00","og_image":[{"width":800,"height":800,"url":"https:\/\/www.csj-emballages.com\/wp-content\/uploads\/2024\/03\/19550.webp","type":"image\/webp"}],"twitter_card":"summary_large_image","twitter_misc":{"Gesch\u00e4tzte Lesezeit":"2 Minuten"},"schema":{"@context":"https:\/\/schema.org","@graph":[{"@type":"WebPage","@id":"https:\/\/www.csj-emballages.com\/de\/produit\/selbstdurchschreibendes-notizbuch-rechnungen-angebote-fuer-selbstaendige-210-x-140-mm-elve\/","url":"https:\/\/www.csj-emballages.com\/de\/produit\/selbstdurchschreibendes-notizbuch-rechnungen-angebote-fuer-selbstaendige-210-x-140-mm-elve\/","name":"Rechnungs-\/Kostenvoranschlagsbuch - Autocopiant Auto-Entrepreneurs","isPartOf":{"@id":"https:\/\/www.csj-emballages.com\/de\/#website"},"primaryImageOfPage":{"@id":"https:\/\/www.csj-emballages.com\/de\/produit\/selbstdurchschreibendes-notizbuch-rechnungen-angebote-fuer-selbstaendige-210-x-140-mm-elve\/#primaryimage"},"image":{"@id":"https:\/\/www.csj-emballages.com\/de\/produit\/selbstdurchschreibendes-notizbuch-rechnungen-angebote-fuer-selbstaendige-210-x-140-mm-elve\/#primaryimage"},"thumbnailUrl":"https:\/\/www.csj-emballages.com\/wp-content\/uploads\/2024\/03\/19550.webp","datePublished":"2024-03-01T15:59:19+00:00","dateModified":"2026-04-16T00:10:30+00:00","description":"Selbstdurchschreibendes Rechnungs-\/Kostenvoranschlagsbuch ELVE 210 x 140 mm, entspricht der Gesetzgebung f\u00fcr Selbstst\u00e4ndige. 50 nummerierte Duplikate, handliches Format.","breadcrumb":{"@id":"https:\/\/www.csj-emballages.com\/de\/produit\/selbstdurchschreibendes-notizbuch-rechnungen-angebote-fuer-selbstaendige-210-x-140-mm-elve\/#breadcrumb"},"inLanguage":"de","potentialAction":[{"@type":"ReadAction","target":["https:\/\/www.csj-emballages.com\/de\/produit\/selbstdurchschreibendes-notizbuch-rechnungen-angebote-fuer-selbstaendige-210-x-140-mm-elve\/"]}]},{"@type":"ImageObject","inLanguage":"de","@id":"https:\/\/www.csj-emballages.com\/de\/produit\/selbstdurchschreibendes-notizbuch-rechnungen-angebote-fuer-selbstaendige-210-x-140-mm-elve\/#primaryimage","url":"https:\/\/www.csj-emballages.com\/wp-content\/uploads\/2024\/03\/19550.webp","contentUrl":"https:\/\/www.csj-emballages.com\/wp-content\/uploads\/2024\/03\/19550.webp","width":800,"height":800,"caption":"Carnet de factures \/ devis\u00a0"},{"@type":"BreadcrumbList","@id":"https:\/\/www.csj-emballages.com\/de\/produit\/selbstdurchschreibendes-notizbuch-rechnungen-angebote-fuer-selbstaendige-210-x-140-mm-elve\/#breadcrumb","itemListElement":[{"@type":"ListItem","position":1,"name":"Accueil","item":"https:\/\/www.csj-emballages.com\/de\/universum-lebensmittelverpackungen\/"},{"@type":"ListItem","position":2,"name":"Shop","item":"https:\/\/www.csj-emballages.com\/shop\/"},{"@type":"ListItem","position":3,"name":"Rechnungs- \/ Angebotsheft selbstdurchschreibend Selbstunternehmer 210 x 140 mm ELVE"}]},{"@type":"WebSite","@id":"https:\/\/www.csj-emballages.com\/de\/#website","url":"https:\/\/www.csj-emballages.com\/de\/","name":"CSJ Emballages","description":"","publisher":{"@id":"https:\/\/www.csj-emballages.com\/de\/#organization"},"potentialAction":[{"@type":"SearchAction","target":{"@type":"EntryPoint","urlTemplate":"https:\/\/www.csj-emballages.com\/de\/?s={search_term_string}"},"query-input":{"@type":"PropertyValueSpecification","valueRequired":true,"valueName":"search_term_string"}}],"inLanguage":"de"},{"@type":"Organization","@id":"https:\/\/www.csj-emballages.com\/de\/#Organization\/","name":"CSJ Emballages","url":"https:\/\/www.csj-emballages.com\/de\/","logo":{"@type":"ImageObject","inLanguage":"de","@id":"https:\/\/www.csj-emballages.com\/de\/#\/schema\/logo\/image\/","url":"https:\/\/www.csj-emballages.com\/wp-content\/uploads\/2023\/10\/logo_csj.webp","contentUrl":"https:\/\/www.csj-emballages.com\/wp-content\/uploads\/2023\/10\/logo_csj.webp","width":250,"height":95,"caption":"CSJ Emballages"},"image":{"@id":"https:\/\/www.csj-emballages.com\/de\/#\/schema\/logo\/image\/"},"sameAs":["https:\/\/www.facebook.com\/csjemballages"],"address":{"@type":"PostalAddress","streetAddress":"ZI La Lechere","addressLocality":"Patornay","postalCode":"39130","addressCountry":"FR"},"contactPoint":[{"@type":"ContactPoint","contactType":"Service client","telephone":"0384254272","email":"contact@csj-emballages.com"}]}]}},"df_price":6.9,"df_sale_price":"","df_regular_price":6.9,"df_image_link":"https:\/\/www.csj-emballages.com\/wp-content\/uploads\/2024\/03\/19550-300x300.webp","tiered_pricing_type":"fixed","tiered_pricing_fixed_rules":[],"tiered_pricing_percentage_rules":[],"tiered_pricing_minimum":1,"tiered_pricing_roles_data":[],"_links":{"self":[{"href":"https:\/\/www.csj-emballages.com\/de\/wp-json\/wp\/v2\/product\/18780","targetHints":{"allow":["GET"]}}],"collection":[{"href":"https:\/\/www.csj-emballages.com\/de\/wp-json\/wp\/v2\/product"}],"about":[{"href":"https:\/\/www.csj-emballages.com\/de\/wp-json\/wp\/v2\/types\/product"}],"wp:featuredmedia":[{"embeddable":true,"href":"https:\/\/www.csj-emballages.com\/de\/wp-json\/wp\/v2\/media\/231536"}],"wp:attachment":[{"href":"https:\/\/www.csj-emballages.com\/de\/wp-json\/wp\/v2\/media?parent=18780"}],"wp:term":[{"taxonomy":"product_brand","embeddable":true,"href":"https:\/\/www.csj-emballages.com\/de\/wp-json\/wp\/v2\/product_brand?post=18780"},{"taxonomy":"product_cat","embeddable":true,"href":"https:\/\/www.csj-emballages.com\/de\/wp-json\/wp\/v2\/product_cat?post=18780"},{"taxonomy":"product_tag","embeddable":true,"href":"https:\/\/www.csj-emballages.com\/de\/wp-json\/wp\/v2\/product_tag?post=18780"}],"curies":[{"name":"wp","href":"https:\/\/api.w.org\/{rel}","templated":true}]}}