{"id":18774,"date":"2024-03-01T16:59:20","date_gmt":"2024-03-01T15:59:20","guid":{"rendered":"https:\/\/u15jnbdpoq.preview.infomaniak.website\/produit\/fluessiges-gel-750-ml-wcsoft-entenschnabel\/"},"modified":"2026-04-24T02:10:53","modified_gmt":"2026-04-24T00:10:53","slug":"fluessiges-gel-750-ml-wcsoft-entenschnabel","status":"publish","type":"product","link":"https:\/\/www.csj-emballages.com\/de\/produit\/fluessiges-gel-750-ml-wcsoft-entenschnabel\/","title":{"rendered":"WC-Fl\u00fcssiggel 750 ml WC&#8217;Soft Entenschnabel"},"content":{"rendered":"<h2>Fl\u00fcssiges WC-Gel<\/h2>\n<hr>\n<h3>Beschreibung unseres fl\u00fcssigen WC-Gels 750 ml WC&#8217;Soft Entenschnabel<\/h3>\n<p><!--more--><\/p>\n<p data-start=\"198\" data-end=\"698\">Das <strong data-start=\"201\" data-end=\"242\">fl\u00fcssige WC-Gel 750 ml WC&#8217;Soft Entenschnabel<\/strong> ist ein Reinigungsmittel <strong>, <\/strong>das speziell f\u00fcr die wirksame Pflege von <strong>WC-Sch\u00fcsseln, Bidets <\/strong>und<strong> Urinalen<\/strong> entwickelt wurde. Dank seiner gelartigen Formel haftet das <strong>Gel<\/strong> perfekt an den W\u00e4nden, selbst an senkrechten, und sorgt so f\u00fcr eine gr\u00fcndliche und dauerhafte Reinigung. Dank dieser dicken Textur kann das Produkt l\u00e4nger auf die zu behandelnden Bereiche einwirken und optimiert so die Entkalkung und die Aufl\u00f6sung von Kalk, zwei h\u00e4ufige Feinde in Sanit\u00e4ranlagen. Das intelligente Design der Flasche mit <strong>Entenschnabel<\/strong> erleichtert die Anwendung erheblich, selbst an schwer zug\u00e4nglichen Stellen. Diese Ergonomie erm\u00f6glicht es, genau in die Ecken zu gelangen und garantiert so eine gr\u00fcndliche Reinigung ohne Verschwendung von Reinigungsmitteln.    <\/p>\n<p data-start=\"951\" data-end=\"1232\">Aber <strong>WC&#8217;Soft<\/strong> kann mehr als nur entkalken und reinigen: Es <strong>parf\u00fcmiert<\/strong> die Anlagen zart mit dem feinen Duft von Olivenbl\u00fcten. Dieser nat\u00fcrliche Duft neutralisiert effektiv unangenehme Ger\u00fcche und hinterl\u00e4sst nach jeder Benutzung ein Gef\u00fchl von Frische und Sauberkeit. <\/p>\n<p data-start=\"1234\" data-end=\"1521\">Ebenso ist dieses <strong>fl\u00fcssige WC-Gel<\/strong>, egal ob f\u00fcr den professionellen oder h\u00e4uslichen Gebrauch, ein unverzichtbarer Verb\u00fcndeter, um Ihre Sanit\u00e4ranlagen makellos, gl\u00e4nzend und angenehm parf\u00fcmiert zu halten. Zusammenfassend l\u00e4sst sich sagen, dass seine umfassende Formel <strong>WC&#8217;Soft<\/strong> zu einer vertrauensw\u00fcrdigen Wahl f\u00fcr die Hygiene und den Komfort Ihrer Sanit\u00e4rbereiche macht. <\/p>\n<p><!--more--><\/p>\n<h4><strong>Seine Vorteile :<\/strong><\/h4>\n<ul>\n<li>Gelierte Formel f\u00fcr optimale Haftung an den W\u00e4nden.<\/li>\n<li>Ergonomischer Entenschnabel f\u00fcr pr\u00e4zises und einfaches Auftragen.<\/li>\n<li>Reinigt, entkalkt und entfernt Kalk wirksam.<\/li>\n<li>Frischer Duft von Olivenbl\u00fcten, um schlechte Ger\u00fcche zu neutralisieren.<\/li>\n<li>Dieses fl\u00fcssige WC-Gel eignet sich f\u00fcr WCs, Bidets und Urinale.<\/li>\n<\/ul>\n<p>&nbsp;<\/p>\n<p><!--more--><\/p>\n<h4>Weitere Informationen :<\/h4>\n<ul>\n<li><strong>Verpackung<\/strong>: Einzeln<\/li>\n<li><strong>Verwendung<\/strong>: Sanit\u00e4r<\/li>\n<li><strong>Volumen<\/strong>: 750 ml<\/li>\n<\/ul>\n<p>&nbsp;<\/p>\n<p><!--more--><\/p>\n<p>Finden Sie hier unseren WC-Sch\u00fcsselblock Marineduft 40 gr : <span style=\"color: #d12727;\"><a style=\"color: #d12727;\" href=\"https:\/\/www.csj-emballages.com\/de\/produit\/wc-beckenblock-mit-meeresduft-40-gr\/\">00107<\/a><\/span><\/p>\n<p>&nbsp;<\/p>\n<p><!--more--><\/p>\n<p><a href=\"https:\/\/www.csj-emballages.com\/de\/categorie-produit\/lebensmittelverpackungen\/bio-sortiment\/bio-produkte-de\/\">Sehen Sie sich den Rest unseres Sortiments an Bio-Hygieneprodukten an<\/a><\/p>\n","protected":false},"excerpt":{"rendered":"<p>Fl\u00fcssiges WC-Gel Beschreibung unseres fl\u00fcssigen WC-Gels 750 ml WC&#8217;Soft Entenschnabel<\/p>\n","protected":false},"featured_media":235205,"template":"","meta":{"_acf_changed":false},"product_brand":[],"product_cat":[1137,1146,6983,1218,1219,1407,1294,10273],"product_tag":[],"class_list":{"0":"post-18774","1":"product","2":"type-product","3":"status-publish","4":"has-post-thumbnail","6":"product_cat-lebensmittelverpackungen","7":"product_cat-bio-sortiment","8":"product_cat-bio-produkte-de","9":"product_cat-hygiene-und-pflege","10":"product_cat-pflegeprodukte","11":"product_cat-okologisches-sortiment","12":"product_cat-sanitar","13":"product_cat-lagerbestand","15":"first","16":"instock","17":"sale","18":"taxable","19":"shipping-taxable","20":"purchasable","21":"product-type-simple"},"acf":[],"yoast_head":"<!-- This site is optimized with the Yoast SEO Premium plugin v26.6 (Yoast SEO v26.6) - https:\/\/yoast.com\/wordpress\/plugins\/seo\/ -->\n<title>Fl\u00fcssiges WC-Gel 750 ml WC&#039;Soft Entenschnabel<\/title>\n<meta name=\"description\" content=\"Fl\u00fcssiges WC-Gel 750 ml mit Entenschnabel: Reinigt, entkalkt, parf\u00fcmiert und bringt Ihre Toiletten, Bidets und Pissoirs einfach und wirksam zum Gl\u00e4nzen.\" \/>\n<meta name=\"robots\" content=\"index, follow, max-snippet:-1, max-image-preview:large, max-video-preview:-1\" \/>\n<link rel=\"canonical\" href=\"https:\/\/www.csj-emballages.com\/de\/produit\/fluessiges-gel-750-ml-wcsoft-entenschnabel\/\" \/>\n<meta property=\"og:locale\" content=\"de_DE\" \/>\n<meta property=\"og:type\" content=\"article\" \/>\n<meta property=\"og:title\" content=\"WC-Fl\u00fcssiggel 750 ml WC&#039;Soft Entenschnabel\" \/>\n<meta property=\"og:description\" content=\"Fl\u00fcssiges WC-Gel 750 ml mit Entenschnabel: Reinigt, entkalkt, parf\u00fcmiert und bringt Ihre Toiletten, Bidets und Pissoirs einfach und wirksam zum Gl\u00e4nzen.\" \/>\n<meta property=\"og:url\" content=\"https:\/\/www.csj-emballages.com\/de\/produit\/fluessiges-gel-750-ml-wcsoft-entenschnabel\/\" \/>\n<meta property=\"og:site_name\" content=\"CSJ Emballages\" \/>\n<meta property=\"article:publisher\" content=\"https:\/\/www.facebook.com\/csjemballages\" \/>\n<meta property=\"article:modified_time\" content=\"2026-04-24T00:10:53+00:00\" \/>\n<meta property=\"og:image\" content=\"https:\/\/www.csj-emballages.com\/wp-content\/uploads\/2024\/03\/1844750-.webp\" \/>\n\t<meta property=\"og:image:width\" content=\"800\" \/>\n\t<meta property=\"og:image:height\" content=\"800\" \/>\n\t<meta property=\"og:image:type\" content=\"image\/webp\" \/>\n<meta name=\"twitter:card\" content=\"summary_large_image\" \/>\n<meta name=\"twitter:label1\" content=\"Gesch\u00e4tzte Lesezeit\" \/>\n\t<meta name=\"twitter:data1\" content=\"2 Minuten\" \/>\n<script type=\"application\/ld+json\" class=\"yoast-schema-graph\">{\"@context\":\"https:\/\/schema.org\",\"@graph\":[{\"@type\":\"WebPage\",\"@id\":\"https:\/\/www.csj-emballages.com\/de\/produit\/fluessiges-gel-750-ml-wcsoft-entenschnabel\/\",\"url\":\"https:\/\/www.csj-emballages.com\/de\/produit\/fluessiges-gel-750-ml-wcsoft-entenschnabel\/\",\"name\":\"Fl\u00fcssiges WC-Gel 750 ml WC'Soft Entenschnabel\",\"isPartOf\":{\"@id\":\"https:\/\/www.csj-emballages.com\/de\/#website\"},\"primaryImageOfPage\":{\"@id\":\"https:\/\/www.csj-emballages.com\/de\/produit\/fluessiges-gel-750-ml-wcsoft-entenschnabel\/#primaryimage\"},\"image\":{\"@id\":\"https:\/\/www.csj-emballages.com\/de\/produit\/fluessiges-gel-750-ml-wcsoft-entenschnabel\/#primaryimage\"},\"thumbnailUrl\":\"https:\/\/www.csj-emballages.com\/wp-content\/uploads\/2024\/03\/1844750-.webp\",\"datePublished\":\"2024-03-01T15:59:20+00:00\",\"dateModified\":\"2026-04-24T00:10:53+00:00\",\"description\":\"Fl\u00fcssiges WC-Gel 750 ml mit Entenschnabel: Reinigt, entkalkt, parf\u00fcmiert und bringt Ihre Toiletten, Bidets und Pissoirs einfach und wirksam zum Gl\u00e4nzen.\",\"breadcrumb\":{\"@id\":\"https:\/\/www.csj-emballages.com\/de\/produit\/fluessiges-gel-750-ml-wcsoft-entenschnabel\/#breadcrumb\"},\"inLanguage\":\"de\",\"potentialAction\":[{\"@type\":\"ReadAction\",\"target\":[\"https:\/\/www.csj-emballages.com\/de\/produit\/fluessiges-gel-750-ml-wcsoft-entenschnabel\/\"]}]},{\"@type\":\"ImageObject\",\"inLanguage\":\"de\",\"@id\":\"https:\/\/www.csj-emballages.com\/de\/produit\/fluessiges-gel-750-ml-wcsoft-entenschnabel\/#primaryimage\",\"url\":\"https:\/\/www.csj-emballages.com\/wp-content\/uploads\/2024\/03\/1844750-.webp\",\"contentUrl\":\"https:\/\/www.csj-emballages.com\/wp-content\/uploads\/2024\/03\/1844750-.webp\",\"width\":800,\"height\":800,\"caption\":\"Gel liquide WC\"},{\"@type\":\"BreadcrumbList\",\"@id\":\"https:\/\/www.csj-emballages.com\/de\/produit\/fluessiges-gel-750-ml-wcsoft-entenschnabel\/#breadcrumb\",\"itemListElement\":[{\"@type\":\"ListItem\",\"position\":1,\"name\":\"Accueil\",\"item\":\"https:\/\/www.csj-emballages.com\/de\/universum-lebensmittelverpackungen\/\"},{\"@type\":\"ListItem\",\"position\":2,\"name\":\"Shop\",\"item\":\"https:\/\/www.csj-emballages.com\/shop\/\"},{\"@type\":\"ListItem\",\"position\":3,\"name\":\"WC-Fl\u00fcssiggel 750 ml WC&rsquo;Soft Entenschnabel\"}]},{\"@type\":\"WebSite\",\"@id\":\"https:\/\/www.csj-emballages.com\/de\/#website\",\"url\":\"https:\/\/www.csj-emballages.com\/de\/\",\"name\":\"CSJ Emballages\",\"description\":\"\",\"publisher\":{\"@id\":\"https:\/\/www.csj-emballages.com\/de\/#organization\"},\"potentialAction\":[{\"@type\":\"SearchAction\",\"target\":{\"@type\":\"EntryPoint\",\"urlTemplate\":\"https:\/\/www.csj-emballages.com\/de\/?s={search_term_string}\"},\"query-input\":{\"@type\":\"PropertyValueSpecification\",\"valueRequired\":true,\"valueName\":\"search_term_string\"}}],\"inLanguage\":\"de\"},{\"@type\":\"Organization\",\"@id\":\"https:\/\/www.csj-emballages.com\/de\/#Organization\/\",\"name\":\"CSJ Emballages\",\"url\":\"https:\/\/www.csj-emballages.com\/de\/\",\"logo\":{\"@type\":\"ImageObject\",\"inLanguage\":\"de\",\"@id\":\"https:\/\/www.csj-emballages.com\/de\/#\/schema\/logo\/image\/\",\"url\":\"https:\/\/www.csj-emballages.com\/wp-content\/uploads\/2023\/10\/logo_csj.webp\",\"contentUrl\":\"https:\/\/www.csj-emballages.com\/wp-content\/uploads\/2023\/10\/logo_csj.webp\",\"width\":250,\"height\":95,\"caption\":\"CSJ Emballages\"},\"image\":{\"@id\":\"https:\/\/www.csj-emballages.com\/de\/#\/schema\/logo\/image\/\"},\"sameAs\":[\"https:\/\/www.facebook.com\/csjemballages\"],\"address\":{\"@type\":\"PostalAddress\",\"streetAddress\":\"ZI La Lechere\",\"addressLocality\":\"Patornay\",\"postalCode\":\"39130\",\"addressCountry\":\"FR\"},\"contactPoint\":[{\"@type\":\"ContactPoint\",\"contactType\":\"Service client\",\"telephone\":\"0384254272\",\"email\":\"contact@csj-emballages.com\"}]}]}<\/script>\n<!-- \/ Yoast SEO Premium plugin. -->","yoast_head_json":{"title":"Fl\u00fcssiges WC-Gel 750 ml WC'Soft Entenschnabel","description":"Fl\u00fcssiges WC-Gel 750 ml mit Entenschnabel: Reinigt, entkalkt, parf\u00fcmiert und bringt Ihre Toiletten, Bidets und Pissoirs einfach und wirksam zum Gl\u00e4nzen.","robots":{"index":"index","follow":"follow","max-snippet":"max-snippet:-1","max-image-preview":"max-image-preview:large","max-video-preview":"max-video-preview:-1"},"canonical":"https:\/\/www.csj-emballages.com\/de\/produit\/fluessiges-gel-750-ml-wcsoft-entenschnabel\/","og_locale":"de_DE","og_type":"article","og_title":"WC-Fl\u00fcssiggel 750 ml WC'Soft Entenschnabel","og_description":"Fl\u00fcssiges WC-Gel 750 ml mit Entenschnabel: Reinigt, entkalkt, parf\u00fcmiert und bringt Ihre Toiletten, Bidets und Pissoirs einfach und wirksam zum Gl\u00e4nzen.","og_url":"https:\/\/www.csj-emballages.com\/de\/produit\/fluessiges-gel-750-ml-wcsoft-entenschnabel\/","og_site_name":"CSJ Emballages","article_publisher":"https:\/\/www.facebook.com\/csjemballages","article_modified_time":"2026-04-24T00:10:53+00:00","og_image":[{"width":800,"height":800,"url":"https:\/\/www.csj-emballages.com\/wp-content\/uploads\/2024\/03\/1844750-.webp","type":"image\/webp"}],"twitter_card":"summary_large_image","twitter_misc":{"Gesch\u00e4tzte Lesezeit":"2 Minuten"},"schema":{"@context":"https:\/\/schema.org","@graph":[{"@type":"WebPage","@id":"https:\/\/www.csj-emballages.com\/de\/produit\/fluessiges-gel-750-ml-wcsoft-entenschnabel\/","url":"https:\/\/www.csj-emballages.com\/de\/produit\/fluessiges-gel-750-ml-wcsoft-entenschnabel\/","name":"Fl\u00fcssiges WC-Gel 750 ml WC'Soft Entenschnabel","isPartOf":{"@id":"https:\/\/www.csj-emballages.com\/de\/#website"},"primaryImageOfPage":{"@id":"https:\/\/www.csj-emballages.com\/de\/produit\/fluessiges-gel-750-ml-wcsoft-entenschnabel\/#primaryimage"},"image":{"@id":"https:\/\/www.csj-emballages.com\/de\/produit\/fluessiges-gel-750-ml-wcsoft-entenschnabel\/#primaryimage"},"thumbnailUrl":"https:\/\/www.csj-emballages.com\/wp-content\/uploads\/2024\/03\/1844750-.webp","datePublished":"2024-03-01T15:59:20+00:00","dateModified":"2026-04-24T00:10:53+00:00","description":"Fl\u00fcssiges WC-Gel 750 ml mit Entenschnabel: Reinigt, entkalkt, parf\u00fcmiert und bringt Ihre Toiletten, Bidets und Pissoirs einfach und wirksam zum Gl\u00e4nzen.","breadcrumb":{"@id":"https:\/\/www.csj-emballages.com\/de\/produit\/fluessiges-gel-750-ml-wcsoft-entenschnabel\/#breadcrumb"},"inLanguage":"de","potentialAction":[{"@type":"ReadAction","target":["https:\/\/www.csj-emballages.com\/de\/produit\/fluessiges-gel-750-ml-wcsoft-entenschnabel\/"]}]},{"@type":"ImageObject","inLanguage":"de","@id":"https:\/\/www.csj-emballages.com\/de\/produit\/fluessiges-gel-750-ml-wcsoft-entenschnabel\/#primaryimage","url":"https:\/\/www.csj-emballages.com\/wp-content\/uploads\/2024\/03\/1844750-.webp","contentUrl":"https:\/\/www.csj-emballages.com\/wp-content\/uploads\/2024\/03\/1844750-.webp","width":800,"height":800,"caption":"Gel liquide WC"},{"@type":"BreadcrumbList","@id":"https:\/\/www.csj-emballages.com\/de\/produit\/fluessiges-gel-750-ml-wcsoft-entenschnabel\/#breadcrumb","itemListElement":[{"@type":"ListItem","position":1,"name":"Accueil","item":"https:\/\/www.csj-emballages.com\/de\/universum-lebensmittelverpackungen\/"},{"@type":"ListItem","position":2,"name":"Shop","item":"https:\/\/www.csj-emballages.com\/shop\/"},{"@type":"ListItem","position":3,"name":"WC-Fl\u00fcssiggel 750 ml WC&rsquo;Soft Entenschnabel"}]},{"@type":"WebSite","@id":"https:\/\/www.csj-emballages.com\/de\/#website","url":"https:\/\/www.csj-emballages.com\/de\/","name":"CSJ Emballages","description":"","publisher":{"@id":"https:\/\/www.csj-emballages.com\/de\/#organization"},"potentialAction":[{"@type":"SearchAction","target":{"@type":"EntryPoint","urlTemplate":"https:\/\/www.csj-emballages.com\/de\/?s={search_term_string}"},"query-input":{"@type":"PropertyValueSpecification","valueRequired":true,"valueName":"search_term_string"}}],"inLanguage":"de"},{"@type":"Organization","@id":"https:\/\/www.csj-emballages.com\/de\/#Organization\/","name":"CSJ Emballages","url":"https:\/\/www.csj-emballages.com\/de\/","logo":{"@type":"ImageObject","inLanguage":"de","@id":"https:\/\/www.csj-emballages.com\/de\/#\/schema\/logo\/image\/","url":"https:\/\/www.csj-emballages.com\/wp-content\/uploads\/2023\/10\/logo_csj.webp","contentUrl":"https:\/\/www.csj-emballages.com\/wp-content\/uploads\/2023\/10\/logo_csj.webp","width":250,"height":95,"caption":"CSJ Emballages"},"image":{"@id":"https:\/\/www.csj-emballages.com\/de\/#\/schema\/logo\/image\/"},"sameAs":["https:\/\/www.facebook.com\/csjemballages"],"address":{"@type":"PostalAddress","streetAddress":"ZI La Lechere","addressLocality":"Patornay","postalCode":"39130","addressCountry":"FR"},"contactPoint":[{"@type":"ContactPoint","contactType":"Service client","telephone":"0384254272","email":"contact@csj-emballages.com"}]}]}},"df_price":3.08,"df_sale_price":3.08,"df_regular_price":3.62,"df_image_link":"https:\/\/www.csj-emballages.com\/wp-content\/uploads\/2024\/03\/1844750--300x300.webp","tiered_pricing_type":"fixed","tiered_pricing_fixed_rules":[],"tiered_pricing_percentage_rules":[],"tiered_pricing_minimum":1,"tiered_pricing_roles_data":[],"_links":{"self":[{"href":"https:\/\/www.csj-emballages.com\/de\/wp-json\/wp\/v2\/product\/18774","targetHints":{"allow":["GET"]}}],"collection":[{"href":"https:\/\/www.csj-emballages.com\/de\/wp-json\/wp\/v2\/product"}],"about":[{"href":"https:\/\/www.csj-emballages.com\/de\/wp-json\/wp\/v2\/types\/product"}],"wp:featuredmedia":[{"embeddable":true,"href":"https:\/\/www.csj-emballages.com\/de\/wp-json\/wp\/v2\/media\/235205"}],"wp:attachment":[{"href":"https:\/\/www.csj-emballages.com\/de\/wp-json\/wp\/v2\/media?parent=18774"}],"wp:term":[{"taxonomy":"product_brand","embeddable":true,"href":"https:\/\/www.csj-emballages.com\/de\/wp-json\/wp\/v2\/product_brand?post=18774"},{"taxonomy":"product_cat","embeddable":true,"href":"https:\/\/www.csj-emballages.com\/de\/wp-json\/wp\/v2\/product_cat?post=18774"},{"taxonomy":"product_tag","embeddable":true,"href":"https:\/\/www.csj-emballages.com\/de\/wp-json\/wp\/v2\/product_tag?post=18774"}],"curies":[{"name":"wp","href":"https:\/\/api.w.org\/{rel}","templated":true}]}}