{"id":18768,"date":"2024-03-01T16:59:20","date_gmt":"2024-03-01T15:59:20","guid":{"rendered":"https:\/\/u15jnbdpoq.preview.infomaniak.website\/produit\/kaufregister-dupliziert-selbstunternehmer-ohne-mwst-297-x-210-mm-elve\/"},"modified":"2026-05-05T02:11:03","modified_gmt":"2026-05-05T00:11:03","slug":"kaufregister-dupliziert-selbstunternehmer-ohne-mwst-297-x-210-mm-elve","status":"publish","type":"product","link":"https:\/\/www.csj-emballages.com\/de\/produit\/kaufregister-dupliziert-selbstunternehmer-ohne-mwst-297-x-210-mm-elve\/","title":{"rendered":"Einkaufsregister 40 dupliziert auto-entrepreneur ohne MwSt. 297 x 210 mm ELVE"},"content":{"rendered":"<h2>Einkaufsregister<\/h2>\n<hr>\n<h3>Beschreibung unseres Einkaufsregisters 40 dupli auto-entrepreneur sans TVA 297 x 210 mm ELVE<\/h3>\n<p><!--more--><\/p>\n<div class=\"flex-shrink-0 flex flex-col relative items-end\">\n<div class=\"pt-0.5 juice:pt-0\">\n<div class=\"gizmo-bot-avatar flex h-6 w-6 items-center justify-center overflow-hidden rounded-full juice:h-8 juice:w-8\">\n<div class=\"relative p-1 rounded-sm flex items-center justify-center bg-token-main-surface-primary text-token-text-primary h-8 w-8\">\n<p class=\"\" data-start=\"209\" data-end=\"493\">Als <strong>Selbstst\u00e4ndiger<\/strong> oder <strong>Kleinstunternehmer<\/strong> ist es wichtig, ein \u00fcbersichtliches, gut gef\u00fchrtes und den gesetzlichen Anforderungen entsprechendes <strong>Einkaufsregister<\/strong> zu haben. Dieses <strong data-start=\"364\" data-end=\"390\">ELVE-Einkaufsregister<\/strong> wurde entwickelt, um Ihren Verwaltungsalltag zu vereinfachen, ohne Sie in unn\u00f6tigem Papierkram zu ertr\u00e4nken. <\/p>\n<p class=\"\" data-start=\"495\" data-end=\"800\">Dieses <strong>selbstdurchschreibende Notizbuch<\/strong> enth\u00e4lt <strong data-start=\"526\" data-end=\"552\">40 nummerierte Bl\u00e4tter<\/strong> als Duplikate und ist ideal, um Ihre Gesch\u00e4ftsausgaben zu verfolgen. Jeder Einkauf ist dank der <strong data-start=\"665\" data-end=\"686\">doppelten Ausfertigung<\/strong> leicht nachvollziehbar: ein Original f\u00fcr Sie, eine Kopie f\u00fcr Ihre Archive oder zuk\u00fcnftige Kontrollen. Die Bl\u00e4tter sind sorgf\u00e4ltig gestaltet:  <\/p>\n<ul data-start=\"801\" data-end=\"1031\">\n<li class=\"\" data-start=\"801\" data-end=\"911\">\n<p class=\"\" data-start=\"803\" data-end=\"911\">Das <strong data-start=\"806\" data-end=\"827\">1. Blatt (CB)<\/strong> besteht aus 56g\/m\u00b2 Papier und ist blau bedruckt, um eine saubere und professionelle Schrift zu gew\u00e4hrleisten.<\/p>\n<\/li>\n<li class=\"\" data-start=\"912\" data-end=\"1031\">\n<p class=\"\" data-start=\"914\" data-end=\"1031\">Das <strong data-start=\"917\" data-end=\"937\">2. Blatt (CF)<\/strong> aus 57g\/m\u00b2 Papier ist rot bedruckt, um die Kopie deutlich vom Original zu unterscheiden.<\/p>\n<\/li>\n<\/ul>\n<p class=\"\" data-start=\"1033\" data-end=\"1201\">Das Format <strong data-start=\"1043\" data-end=\"1064\">A4 (297 x 210 mm)<\/strong> ist ideal f\u00fcr bequemes Schreiben und der Einband ist stabil, sodass das Notizbuch auch bei regelm\u00e4\u00dfigem Gebrauch lange h\u00e4lt.<\/p>\n<p class=\"\" data-start=\"1203\" data-end=\"1504\">Ohne Mehrwertsteuer entspricht dieses <strong>Einkaufsregister<\/strong> den Regelungen f\u00fcr Selbstst\u00e4ndige und Kleinstunternehmen, sodass Sie im Rahmen der vereinfachten Buchf\u00fchrung bleiben k\u00f6nnen. Es ist ein unverzichtbares Hilfsmittel, um <strong data-start=\"1404\" data-end=\"1443\">Ihre beruflichen Eink\u00e4ufe zu belegen<\/strong>, eine saubere und organisierte \u00dcbersicht zu behalten und zu verhindern, dass Sie etwas vergessen. <\/p>\n<p data-start=\"1203\" data-end=\"1504\">\n<\/div>\n<\/div>\n<\/div>\n<\/div>\n<p><!--more--><\/p>\n<p><strong>Ihre Vorteile :<\/strong><\/p>\n<ul>\n<li>40 nummerierte Bl\u00e4tter in Duplikaten.<\/li>\n<li>Selbstdurchschreibende Bl\u00e4tter mit getrennten Tinten (blau \/ rot).<\/li>\n<li>Leichtes, aber festes Papier (56g und 57g).<\/li>\n<li>Praktisches A4-Format f\u00fcr Notizen.<\/li>\n<li>Entspricht den rechtlichen Verpflichtungen von Selbstst\u00e4ndigen.<\/li>\n<li>Ideal, um Ihre Ausgaben ohne Mehrwertsteuer zu verfolgen.<\/li>\n<\/ul>\n<p>&nbsp;<\/p>\n<p><!--more--><\/p>\n<h4>Weitere Informationen :<\/h4>\n<ul>\n<li><strong>Verpackung<\/strong>: Einzeln verkauft<\/li>\n<li><strong>Ma\u00dfe<\/strong>: 297 x 210 ( L x B in mm).<\/li>\n<li><strong>Seitenzahlen<\/strong>: 40 Duplikate<\/li>\n<li><strong>Material<\/strong>: Papier<\/li>\n<\/ul>\n<p>&nbsp;<\/p>\n<p><!--more--><\/p>\n<p>Hier finden Sie unser Einnahmen-\/Ausgabenheft : <span style=\"color: #d12727\"><a style=\"color: #d12727\" href=\"https:\/\/www.csj-emballages.com\/pt-pt\/produit\/caderno-de-recibos-de-despesas-220-x-170-mm-elve\/\">1329<\/a><\/span><\/p>\n<p>&nbsp;<\/p>\n<p><!--more--><\/p>\n<p><a href=\"https:\/\/www.csj-emballages.com\/de\/categorie-produit\/lebensmittelverpackungen\/boutique-und-geschaft\/briefpapier-und-kleinmaterial\/notizbucher\/\">Sehen Sie sich den Rest unseres Sortiments an Notizb\u00fcchern an<\/a><\/p>\n","protected":false},"excerpt":{"rendered":"<p>Einkaufsregister Beschreibung unseres Einkaufsregisters 40 dupli auto-entrepreneur sans TVA 297 x 210 mm ELVE<\/p>\n","protected":false},"featured_media":231636,"template":"","meta":{"_acf_changed":false},"product_brand":[],"product_cat":[1487,1921,1938],"product_tag":[],"class_list":{"0":"post-18768","1":"product","2":"type-product","3":"status-publish","4":"has-post-thumbnail","6":"product_cat-boutique-und-geschaft","7":"product_cat-briefpapier-und-kleinmaterial","8":"product_cat-rechnungsbucher-rechnungssteller","10":"first","11":"instock","12":"taxable","13":"shipping-taxable","14":"purchasable","15":"product-type-simple"},"acf":[],"yoast_head":"<!-- This site is optimized with the Yoast SEO Premium plugin v26.6 (Yoast SEO v26.6) - https:\/\/yoast.com\/wordpress\/plugins\/seo\/ -->\n<title>Einkaufsregister 40 Dupli Auto-Entrepreneur ohne MwSt.<\/title>\n<meta name=\"description\" content=\"ELVE Einkaufsregister f\u00fcr Selbstst\u00e4ndige ohne Mehrwertsteuer - 40 Duplikate im Format A4 - selbstdurchschreibendes Notizbuch, ideal f\u00fcr eine \u00fcbersichtliche und einfache Buchhaltung.\" \/>\n<meta name=\"robots\" content=\"index, follow, max-snippet:-1, max-image-preview:large, max-video-preview:-1\" \/>\n<link rel=\"canonical\" href=\"https:\/\/www.csj-emballages.com\/de\/produit\/kaufregister-dupliziert-selbstunternehmer-ohne-mwst-297-x-210-mm-elve\/\" \/>\n<meta property=\"og:locale\" content=\"de_DE\" \/>\n<meta property=\"og:type\" content=\"article\" \/>\n<meta property=\"og:title\" content=\"Einkaufsregister 40 dupliziert auto-entrepreneur ohne MwSt. 297 x 210 mm ELVE\" \/>\n<meta property=\"og:description\" content=\"ELVE Einkaufsregister f\u00fcr Selbstst\u00e4ndige ohne Mehrwertsteuer - 40 Duplikate im Format A4 - selbstdurchschreibendes Notizbuch, ideal f\u00fcr eine \u00fcbersichtliche und einfache Buchhaltung.\" \/>\n<meta property=\"og:url\" content=\"https:\/\/www.csj-emballages.com\/de\/produit\/kaufregister-dupliziert-selbstunternehmer-ohne-mwst-297-x-210-mm-elve\/\" \/>\n<meta property=\"og:site_name\" content=\"CSJ Emballages\" \/>\n<meta property=\"article:publisher\" content=\"https:\/\/www.facebook.com\/csjemballages\" \/>\n<meta property=\"article:modified_time\" content=\"2026-05-05T00:11:03+00:00\" \/>\n<meta property=\"og:image\" content=\"https:\/\/www.csj-emballages.com\/wp-content\/uploads\/2024\/03\/19546.webp\" \/>\n\t<meta property=\"og:image:width\" content=\"800\" \/>\n\t<meta property=\"og:image:height\" content=\"800\" \/>\n\t<meta property=\"og:image:type\" content=\"image\/webp\" \/>\n<meta name=\"twitter:card\" content=\"summary_large_image\" \/>\n<meta name=\"twitter:label1\" content=\"Gesch\u00e4tzte Lesezeit\" \/>\n\t<meta name=\"twitter:data1\" content=\"1\u00a0Minute\" \/>\n<script type=\"application\/ld+json\" class=\"yoast-schema-graph\">{\"@context\":\"https:\/\/schema.org\",\"@graph\":[{\"@type\":\"WebPage\",\"@id\":\"https:\/\/www.csj-emballages.com\/de\/produit\/kaufregister-dupliziert-selbstunternehmer-ohne-mwst-297-x-210-mm-elve\/\",\"url\":\"https:\/\/www.csj-emballages.com\/de\/produit\/kaufregister-dupliziert-selbstunternehmer-ohne-mwst-297-x-210-mm-elve\/\",\"name\":\"Einkaufsregister 40 Dupli Auto-Entrepreneur ohne MwSt.\",\"isPartOf\":{\"@id\":\"https:\/\/www.csj-emballages.com\/de\/#website\"},\"primaryImageOfPage\":{\"@id\":\"https:\/\/www.csj-emballages.com\/de\/produit\/kaufregister-dupliziert-selbstunternehmer-ohne-mwst-297-x-210-mm-elve\/#primaryimage\"},\"image\":{\"@id\":\"https:\/\/www.csj-emballages.com\/de\/produit\/kaufregister-dupliziert-selbstunternehmer-ohne-mwst-297-x-210-mm-elve\/#primaryimage\"},\"thumbnailUrl\":\"https:\/\/www.csj-emballages.com\/wp-content\/uploads\/2024\/03\/19546.webp\",\"datePublished\":\"2024-03-01T15:59:20+00:00\",\"dateModified\":\"2026-05-05T00:11:03+00:00\",\"description\":\"ELVE Einkaufsregister f\u00fcr Selbstst\u00e4ndige ohne Mehrwertsteuer - 40 Duplikate im Format A4 - selbstdurchschreibendes Notizbuch, ideal f\u00fcr eine \u00fcbersichtliche und einfache Buchhaltung.\",\"breadcrumb\":{\"@id\":\"https:\/\/www.csj-emballages.com\/de\/produit\/kaufregister-dupliziert-selbstunternehmer-ohne-mwst-297-x-210-mm-elve\/#breadcrumb\"},\"inLanguage\":\"de\",\"potentialAction\":[{\"@type\":\"ReadAction\",\"target\":[\"https:\/\/www.csj-emballages.com\/de\/produit\/kaufregister-dupliziert-selbstunternehmer-ohne-mwst-297-x-210-mm-elve\/\"]}]},{\"@type\":\"ImageObject\",\"inLanguage\":\"de\",\"@id\":\"https:\/\/www.csj-emballages.com\/de\/produit\/kaufregister-dupliziert-selbstunternehmer-ohne-mwst-297-x-210-mm-elve\/#primaryimage\",\"url\":\"https:\/\/www.csj-emballages.com\/wp-content\/uploads\/2024\/03\/19546.webp\",\"contentUrl\":\"https:\/\/www.csj-emballages.com\/wp-content\/uploads\/2024\/03\/19546.webp\",\"width\":800,\"height\":800,\"caption\":\"registre d'achats\"},{\"@type\":\"BreadcrumbList\",\"@id\":\"https:\/\/www.csj-emballages.com\/de\/produit\/kaufregister-dupliziert-selbstunternehmer-ohne-mwst-297-x-210-mm-elve\/#breadcrumb\",\"itemListElement\":[{\"@type\":\"ListItem\",\"position\":1,\"name\":\"Accueil\",\"item\":\"https:\/\/www.csj-emballages.com\/de\/universum-lebensmittelverpackungen\/\"},{\"@type\":\"ListItem\",\"position\":2,\"name\":\"Shop\",\"item\":\"https:\/\/www.csj-emballages.com\/shop\/\"},{\"@type\":\"ListItem\",\"position\":3,\"name\":\"Einkaufsregister 40 dupliziert auto-entrepreneur ohne MwSt. 297 x 210 mm ELVE\"}]},{\"@type\":\"WebSite\",\"@id\":\"https:\/\/www.csj-emballages.com\/de\/#website\",\"url\":\"https:\/\/www.csj-emballages.com\/de\/\",\"name\":\"CSJ Emballages\",\"description\":\"\",\"publisher\":{\"@id\":\"https:\/\/www.csj-emballages.com\/de\/#organization\"},\"potentialAction\":[{\"@type\":\"SearchAction\",\"target\":{\"@type\":\"EntryPoint\",\"urlTemplate\":\"https:\/\/www.csj-emballages.com\/de\/?s={search_term_string}\"},\"query-input\":{\"@type\":\"PropertyValueSpecification\",\"valueRequired\":true,\"valueName\":\"search_term_string\"}}],\"inLanguage\":\"de\"},{\"@type\":\"Organization\",\"@id\":\"https:\/\/www.csj-emballages.com\/de\/#Organization\/\",\"name\":\"CSJ Emballages\",\"url\":\"https:\/\/www.csj-emballages.com\/de\/\",\"logo\":{\"@type\":\"ImageObject\",\"inLanguage\":\"de\",\"@id\":\"https:\/\/www.csj-emballages.com\/de\/#\/schema\/logo\/image\/\",\"url\":\"https:\/\/www.csj-emballages.com\/wp-content\/uploads\/2023\/10\/logo_csj.webp\",\"contentUrl\":\"https:\/\/www.csj-emballages.com\/wp-content\/uploads\/2023\/10\/logo_csj.webp\",\"width\":250,\"height\":95,\"caption\":\"CSJ Emballages\"},\"image\":{\"@id\":\"https:\/\/www.csj-emballages.com\/de\/#\/schema\/logo\/image\/\"},\"sameAs\":[\"https:\/\/www.facebook.com\/csjemballages\"],\"address\":{\"@type\":\"PostalAddress\",\"streetAddress\":\"ZI La Lechere\",\"addressLocality\":\"Patornay\",\"postalCode\":\"39130\",\"addressCountry\":\"FR\"},\"contactPoint\":[{\"@type\":\"ContactPoint\",\"contactType\":\"Service client\",\"telephone\":\"0384254272\",\"email\":\"contact@csj-emballages.com\"}]}]}<\/script>\n<!-- \/ Yoast SEO Premium plugin. -->","yoast_head_json":{"title":"Einkaufsregister 40 Dupli Auto-Entrepreneur ohne MwSt.","description":"ELVE Einkaufsregister f\u00fcr Selbstst\u00e4ndige ohne Mehrwertsteuer - 40 Duplikate im Format A4 - selbstdurchschreibendes Notizbuch, ideal f\u00fcr eine \u00fcbersichtliche und einfache Buchhaltung.","robots":{"index":"index","follow":"follow","max-snippet":"max-snippet:-1","max-image-preview":"max-image-preview:large","max-video-preview":"max-video-preview:-1"},"canonical":"https:\/\/www.csj-emballages.com\/de\/produit\/kaufregister-dupliziert-selbstunternehmer-ohne-mwst-297-x-210-mm-elve\/","og_locale":"de_DE","og_type":"article","og_title":"Einkaufsregister 40 dupliziert auto-entrepreneur ohne MwSt. 297 x 210 mm ELVE","og_description":"ELVE Einkaufsregister f\u00fcr Selbstst\u00e4ndige ohne Mehrwertsteuer - 40 Duplikate im Format A4 - selbstdurchschreibendes Notizbuch, ideal f\u00fcr eine \u00fcbersichtliche und einfache Buchhaltung.","og_url":"https:\/\/www.csj-emballages.com\/de\/produit\/kaufregister-dupliziert-selbstunternehmer-ohne-mwst-297-x-210-mm-elve\/","og_site_name":"CSJ Emballages","article_publisher":"https:\/\/www.facebook.com\/csjemballages","article_modified_time":"2026-05-05T00:11:03+00:00","og_image":[{"width":800,"height":800,"url":"https:\/\/www.csj-emballages.com\/wp-content\/uploads\/2024\/03\/19546.webp","type":"image\/webp"}],"twitter_card":"summary_large_image","twitter_misc":{"Gesch\u00e4tzte Lesezeit":"1\u00a0Minute"},"schema":{"@context":"https:\/\/schema.org","@graph":[{"@type":"WebPage","@id":"https:\/\/www.csj-emballages.com\/de\/produit\/kaufregister-dupliziert-selbstunternehmer-ohne-mwst-297-x-210-mm-elve\/","url":"https:\/\/www.csj-emballages.com\/de\/produit\/kaufregister-dupliziert-selbstunternehmer-ohne-mwst-297-x-210-mm-elve\/","name":"Einkaufsregister 40 Dupli Auto-Entrepreneur ohne MwSt.","isPartOf":{"@id":"https:\/\/www.csj-emballages.com\/de\/#website"},"primaryImageOfPage":{"@id":"https:\/\/www.csj-emballages.com\/de\/produit\/kaufregister-dupliziert-selbstunternehmer-ohne-mwst-297-x-210-mm-elve\/#primaryimage"},"image":{"@id":"https:\/\/www.csj-emballages.com\/de\/produit\/kaufregister-dupliziert-selbstunternehmer-ohne-mwst-297-x-210-mm-elve\/#primaryimage"},"thumbnailUrl":"https:\/\/www.csj-emballages.com\/wp-content\/uploads\/2024\/03\/19546.webp","datePublished":"2024-03-01T15:59:20+00:00","dateModified":"2026-05-05T00:11:03+00:00","description":"ELVE Einkaufsregister f\u00fcr Selbstst\u00e4ndige ohne Mehrwertsteuer - 40 Duplikate im Format A4 - selbstdurchschreibendes Notizbuch, ideal f\u00fcr eine \u00fcbersichtliche und einfache Buchhaltung.","breadcrumb":{"@id":"https:\/\/www.csj-emballages.com\/de\/produit\/kaufregister-dupliziert-selbstunternehmer-ohne-mwst-297-x-210-mm-elve\/#breadcrumb"},"inLanguage":"de","potentialAction":[{"@type":"ReadAction","target":["https:\/\/www.csj-emballages.com\/de\/produit\/kaufregister-dupliziert-selbstunternehmer-ohne-mwst-297-x-210-mm-elve\/"]}]},{"@type":"ImageObject","inLanguage":"de","@id":"https:\/\/www.csj-emballages.com\/de\/produit\/kaufregister-dupliziert-selbstunternehmer-ohne-mwst-297-x-210-mm-elve\/#primaryimage","url":"https:\/\/www.csj-emballages.com\/wp-content\/uploads\/2024\/03\/19546.webp","contentUrl":"https:\/\/www.csj-emballages.com\/wp-content\/uploads\/2024\/03\/19546.webp","width":800,"height":800,"caption":"registre d'achats"},{"@type":"BreadcrumbList","@id":"https:\/\/www.csj-emballages.com\/de\/produit\/kaufregister-dupliziert-selbstunternehmer-ohne-mwst-297-x-210-mm-elve\/#breadcrumb","itemListElement":[{"@type":"ListItem","position":1,"name":"Accueil","item":"https:\/\/www.csj-emballages.com\/de\/universum-lebensmittelverpackungen\/"},{"@type":"ListItem","position":2,"name":"Shop","item":"https:\/\/www.csj-emballages.com\/shop\/"},{"@type":"ListItem","position":3,"name":"Einkaufsregister 40 dupliziert auto-entrepreneur ohne MwSt. 297 x 210 mm ELVE"}]},{"@type":"WebSite","@id":"https:\/\/www.csj-emballages.com\/de\/#website","url":"https:\/\/www.csj-emballages.com\/de\/","name":"CSJ Emballages","description":"","publisher":{"@id":"https:\/\/www.csj-emballages.com\/de\/#organization"},"potentialAction":[{"@type":"SearchAction","target":{"@type":"EntryPoint","urlTemplate":"https:\/\/www.csj-emballages.com\/de\/?s={search_term_string}"},"query-input":{"@type":"PropertyValueSpecification","valueRequired":true,"valueName":"search_term_string"}}],"inLanguage":"de"},{"@type":"Organization","@id":"https:\/\/www.csj-emballages.com\/de\/#Organization\/","name":"CSJ Emballages","url":"https:\/\/www.csj-emballages.com\/de\/","logo":{"@type":"ImageObject","inLanguage":"de","@id":"https:\/\/www.csj-emballages.com\/de\/#\/schema\/logo\/image\/","url":"https:\/\/www.csj-emballages.com\/wp-content\/uploads\/2023\/10\/logo_csj.webp","contentUrl":"https:\/\/www.csj-emballages.com\/wp-content\/uploads\/2023\/10\/logo_csj.webp","width":250,"height":95,"caption":"CSJ Emballages"},"image":{"@id":"https:\/\/www.csj-emballages.com\/de\/#\/schema\/logo\/image\/"},"sameAs":["https:\/\/www.facebook.com\/csjemballages"],"address":{"@type":"PostalAddress","streetAddress":"ZI La Lechere","addressLocality":"Patornay","postalCode":"39130","addressCountry":"FR"},"contactPoint":[{"@type":"ContactPoint","contactType":"Service client","telephone":"0384254272","email":"contact@csj-emballages.com"}]}]}},"df_price":7.62,"df_sale_price":"","df_regular_price":7.62,"df_image_link":"https:\/\/www.csj-emballages.com\/wp-content\/uploads\/2024\/03\/19546-300x300.webp","tiered_pricing_type":"fixed","tiered_pricing_fixed_rules":[],"tiered_pricing_percentage_rules":[],"tiered_pricing_minimum":1,"tiered_pricing_roles_data":[],"_links":{"self":[{"href":"https:\/\/www.csj-emballages.com\/de\/wp-json\/wp\/v2\/product\/18768","targetHints":{"allow":["GET"]}}],"collection":[{"href":"https:\/\/www.csj-emballages.com\/de\/wp-json\/wp\/v2\/product"}],"about":[{"href":"https:\/\/www.csj-emballages.com\/de\/wp-json\/wp\/v2\/types\/product"}],"wp:featuredmedia":[{"embeddable":true,"href":"https:\/\/www.csj-emballages.com\/de\/wp-json\/wp\/v2\/media\/231636"}],"wp:attachment":[{"href":"https:\/\/www.csj-emballages.com\/de\/wp-json\/wp\/v2\/media?parent=18768"}],"wp:term":[{"taxonomy":"product_brand","embeddable":true,"href":"https:\/\/www.csj-emballages.com\/de\/wp-json\/wp\/v2\/product_brand?post=18768"},{"taxonomy":"product_cat","embeddable":true,"href":"https:\/\/www.csj-emballages.com\/de\/wp-json\/wp\/v2\/product_cat?post=18768"},{"taxonomy":"product_tag","embeddable":true,"href":"https:\/\/www.csj-emballages.com\/de\/wp-json\/wp\/v2\/product_tag?post=18768"}],"curies":[{"name":"wp","href":"https:\/\/api.w.org\/{rel}","templated":true}]}}