{"id":18767,"date":"2024-03-01T16:59:19","date_gmt":"2024-03-01T15:59:19","guid":{"rendered":"https:\/\/u15jnbdpoq.preview.infomaniak.website\/produit\/200-desinfektionstuecher-fuer-lebensmittel-ohne-spuelen-fuer-lebensmittel\/"},"modified":"2026-03-12T16:07:11","modified_gmt":"2026-03-12T15:07:11","slug":"200-desinfektionstuecher-fuer-lebensmittel-ohne-spuelen-fuer-lebensmittel","status":"publish","type":"product","link":"https:\/\/www.csj-emballages.com\/de\/produit\/200-desinfektionstuecher-fuer-lebensmittel-ohne-spuelen-fuer-lebensmittel\/","title":{"rendered":"Desinfektionstuch f\u00fcr Lebensmittel ohne Aussp\u00fclen 200 St\u00fcck"},"content":{"rendered":"<h2 class=\"p1\">Desinfektionstuch<\/h2>\n<hr>\n<h3>Beschreibung unseres Desinfektionstuches f\u00fcr Lebensmittel ohne Aussp\u00fclen \u201edeterquat al\u201c pro 200 St\u00fcck<\/h3>\n<p><!--more--><\/p>\n<p class=\"\" data-start=\"238\" data-end=\"725\">Das <strong>Desinfektionstuch<\/strong> <strong data-start=\"289\" data-end=\"305\">Deterquat AL<\/strong> ist ein unverzichtbares Hilfsmittel f\u00fcr alle, die in der Gastronomie t\u00e4tig sind: Restaurants, Cateringunternehmen, \u00f6ffentliche Einrichtungen, B\u00e4cker, Konditoren usw., aber auch f\u00fcr Privatpersonen, die auf einwandfreie Hygiene in ihrer K\u00fcche Wert legen. Das gebrauchsfertige <g id=\"gid_2\">Desinfektionstuch<\/g> <g id=\"gid_3\">Deterquat AL<\/g> erm\u00f6glicht eine schnelle und wirksame Reinigung aller Oberfl\u00e4chen, die mit Lebensmitteln in Ber\u00fchrung kommen: Arbeitsfl\u00e4chen, Ger\u00e4te, Waagen, Vitrinen, Zubereitungstische usw. Das <g id=\"gid_2\">Desinfektionstuch<\/g> <g id=\"gid_3\">Deterquat AL<\/g> beseitigt Bakterien, Hefen und Schimmelpilze schnell und hinterl\u00e4sst die Oberfl\u00e4chen sauber und streifenfrei. Das parf\u00fcm- und farbstofffreie Tuch erf\u00fcllt die Hygienestandards und ist gleichzeitig <strong data-start=\"1019\" data-end=\"1035\">sp\u00fclrandlos<\/strong>, wodurch Sie im Alltag wertvolle Zeit sparen.  <\/p>\n<p class=\"\" data-start=\"1094\" data-end=\"1334\">Die <strong>Packung<\/strong> mit <strong>200 T\u00fcchern<\/strong> ist ideal f\u00fcr den regelm\u00e4\u00dfigen Gebrauch in einem anspruchsvollen Arbeitsumfeld. Die kompakte, wiederverschlie\u00dfbare Box l\u00e4sst sich leicht transportieren und h\u00e4lt die Feuchtt\u00fccher l\u00e4nger frisch. <\/p>\n<p class=\"\" data-start=\"1336\" data-end=\"1637\">Ob f\u00fcr den Gebrauch in der K\u00fcche, im Speisesaal, in einem Foodtruck oder sogar zu Hause, das <strong>Deterquat AL-Wischtuch<\/strong> bietet <strong data-start=\"1455\" data-end=\"1492\">Praktikabilit\u00e4t, Effizienz und Sicherheit<\/strong>. Weil Sauberkeit keinen Platz f\u00fcr Zuf\u00e4lle l\u00e4sst, vertrauen Sie auf eine professionelle L\u00f6sung, die f\u00fcr die Belastungen vor Ort entwickelt wurde. <\/p>\n<p>&nbsp;<\/p>\n<p><!--more--><\/p>\n<h4>Gebrauchsanweisung :<\/h4>\n<ul>\n<li>Spr\u00fchen Sie das Produkt unverd\u00fcnnt auf<\/li>\n<li>Lassen Sie es so lange wie n\u00f6tig einwirken<\/li>\n<li>Mit einem sauberen Tuch abwischen<\/li>\n<li>Muss nicht gesp\u00fclt werden<\/li>\n<\/ul>\n<p>&nbsp;<\/p>\n<p><!--more--><\/p>\n<h4>Weitere Informationen :<\/h4>\n<ul>\n<li><strong>Verpackung<\/strong>: Schachtel mit 200 St\u00fcck<\/li>\n<li><strong>Verwendung<\/strong>: Desinfektionsmittel f\u00fcr Lebensmitteloberfl\u00e4chen<\/li>\n<\/ul>\n<p>&nbsp;<\/p>\n<p><!--more--><\/p>\n<p>Entdecken Sie hier unser Deterquat AL in Kanisterform : <span style=\"color: #d12727\"><a style=\"color: #d12727\" href=\"https:\/\/www.csj-emballages.com\/es\/produit\/desinfectante-alimentario-deterquat-al-sin-aclarado-en-5-litros\/\">Desinfektionsmittel Kanister 5L AL <\/a><\/span> <\/p>\n<p>&nbsp;<\/p>\n<p><!--more--><\/p>\n<p><a href=\"https:\/\/www.csj-emballages.com\/de\/categorie-produit\/hygiene-und-pflege\/pflegeprodukte\/kuche\/\">Sehen Sie sich den Rest unseres Sortiments an K\u00fcchenreinigungsprodukten an.<\/a><\/p>\n","protected":false},"excerpt":{"rendered":"<p>Desinfektionstuch Beschreibung unseres Desinfektionstuches f\u00fcr Lebensmittel ohne Aussp\u00fclen \u201edeterquat al\u201c pro 200 St\u00fcck<\/p>\n","protected":false},"featured_media":233152,"template":"","meta":{"_acf_changed":false},"product_brand":[],"product_cat":[1218,1219,1330],"product_tag":[],"class_list":{"0":"post-18767","1":"product","2":"type-product","3":"status-publish","4":"has-post-thumbnail","6":"product_cat-hygiene-und-pflege","7":"product_cat-pflegeprodukte","8":"product_cat-kuche","10":"first","11":"outofstock","12":"taxable","13":"shipping-taxable","14":"purchasable","15":"product-type-simple"},"acf":[],"yoast_head":"<!-- This site is optimized with the Yoast SEO Premium plugin v26.6 (Yoast SEO v26.6) - https:\/\/yoast.com\/wordpress\/plugins\/seo\/ -->\n<title>Desinfektionst\u00fccher f\u00fcr Lebensmittel ohne Aussp\u00fclen \u201eDeterquat Al\u201c.<\/title>\n<meta name=\"description\" content=\"Deterquat AL Lebensmittel-Desinfektionst\u00fccher ohne Aussp\u00fclen (x200): Reinigen Sie Ihre K\u00fcchenoberfl\u00e4chen schnell, effektiv und sicher.\" \/>\n<meta name=\"robots\" content=\"index, follow, max-snippet:-1, max-image-preview:large, max-video-preview:-1\" \/>\n<link rel=\"canonical\" href=\"https:\/\/www.csj-emballages.com\/de\/produit\/200-desinfektionstuecher-fuer-lebensmittel-ohne-spuelen-fuer-lebensmittel\/\" \/>\n<meta property=\"og:locale\" content=\"de_DE\" \/>\n<meta property=\"og:type\" content=\"article\" \/>\n<meta property=\"og:title\" content=\"Desinfektionstuch f\u00fcr Lebensmittel ohne Aussp\u00fclen 200 St\u00fcck\" \/>\n<meta property=\"og:description\" content=\"Deterquat AL Lebensmittel-Desinfektionst\u00fccher ohne Aussp\u00fclen (x200): Reinigen Sie Ihre K\u00fcchenoberfl\u00e4chen schnell, effektiv und sicher.\" \/>\n<meta property=\"og:url\" content=\"https:\/\/www.csj-emballages.com\/de\/produit\/200-desinfektionstuecher-fuer-lebensmittel-ohne-spuelen-fuer-lebensmittel\/\" \/>\n<meta property=\"og:site_name\" content=\"CSJ Emballages\" \/>\n<meta property=\"article:publisher\" content=\"https:\/\/www.facebook.com\/csjemballages\" \/>\n<meta property=\"article:modified_time\" content=\"2026-03-12T15:07:11+00:00\" \/>\n<meta property=\"og:image\" content=\"https:\/\/www.csj-emballages.com\/wp-content\/uploads\/2024\/03\/1976LIN.webp\" \/>\n\t<meta property=\"og:image:width\" content=\"800\" \/>\n\t<meta property=\"og:image:height\" content=\"800\" \/>\n\t<meta property=\"og:image:type\" content=\"image\/webp\" \/>\n<meta name=\"twitter:card\" content=\"summary_large_image\" \/>\n<meta name=\"twitter:label1\" content=\"Gesch\u00e4tzte Lesezeit\" \/>\n\t<meta name=\"twitter:data1\" content=\"1\u00a0Minute\" \/>\n<script type=\"application\/ld+json\" class=\"yoast-schema-graph\">{\"@context\":\"https:\/\/schema.org\",\"@graph\":[{\"@type\":\"WebPage\",\"@id\":\"https:\/\/www.csj-emballages.com\/de\/produit\/200-desinfektionstuecher-fuer-lebensmittel-ohne-spuelen-fuer-lebensmittel\/\",\"url\":\"https:\/\/www.csj-emballages.com\/de\/produit\/200-desinfektionstuecher-fuer-lebensmittel-ohne-spuelen-fuer-lebensmittel\/\",\"name\":\"Desinfektionst\u00fccher f\u00fcr Lebensmittel ohne Aussp\u00fclen \u201eDeterquat Al\u201c.\",\"isPartOf\":{\"@id\":\"https:\/\/www.csj-emballages.com\/de\/#website\"},\"primaryImageOfPage\":{\"@id\":\"https:\/\/www.csj-emballages.com\/de\/produit\/200-desinfektionstuecher-fuer-lebensmittel-ohne-spuelen-fuer-lebensmittel\/#primaryimage\"},\"image\":{\"@id\":\"https:\/\/www.csj-emballages.com\/de\/produit\/200-desinfektionstuecher-fuer-lebensmittel-ohne-spuelen-fuer-lebensmittel\/#primaryimage\"},\"thumbnailUrl\":\"https:\/\/www.csj-emballages.com\/wp-content\/uploads\/2024\/03\/1976LIN.webp\",\"datePublished\":\"2024-03-01T15:59:19+00:00\",\"dateModified\":\"2026-03-12T15:07:11+00:00\",\"description\":\"Deterquat AL Lebensmittel-Desinfektionst\u00fccher ohne Aussp\u00fclen (x200): Reinigen Sie Ihre K\u00fcchenoberfl\u00e4chen schnell, effektiv und sicher.\",\"breadcrumb\":{\"@id\":\"https:\/\/www.csj-emballages.com\/de\/produit\/200-desinfektionstuecher-fuer-lebensmittel-ohne-spuelen-fuer-lebensmittel\/#breadcrumb\"},\"inLanguage\":\"de\",\"potentialAction\":[{\"@type\":\"ReadAction\",\"target\":[\"https:\/\/www.csj-emballages.com\/de\/produit\/200-desinfektionstuecher-fuer-lebensmittel-ohne-spuelen-fuer-lebensmittel\/\"]}]},{\"@type\":\"ImageObject\",\"inLanguage\":\"de\",\"@id\":\"https:\/\/www.csj-emballages.com\/de\/produit\/200-desinfektionstuecher-fuer-lebensmittel-ohne-spuelen-fuer-lebensmittel\/#primaryimage\",\"url\":\"https:\/\/www.csj-emballages.com\/wp-content\/uploads\/2024\/03\/1976LIN.webp\",\"contentUrl\":\"https:\/\/www.csj-emballages.com\/wp-content\/uploads\/2024\/03\/1976LIN.webp\",\"width\":800,\"height\":800,\"caption\":\"Lingette d\u00e9sinfectante\"},{\"@type\":\"BreadcrumbList\",\"@id\":\"https:\/\/www.csj-emballages.com\/de\/produit\/200-desinfektionstuecher-fuer-lebensmittel-ohne-spuelen-fuer-lebensmittel\/#breadcrumb\",\"itemListElement\":[{\"@type\":\"ListItem\",\"position\":1,\"name\":\"Accueil\",\"item\":\"https:\/\/www.csj-emballages.com\/de\/universum-lebensmittelverpackungen\/\"},{\"@type\":\"ListItem\",\"position\":2,\"name\":\"Shop\",\"item\":\"https:\/\/www.csj-emballages.com\/shop\/\"},{\"@type\":\"ListItem\",\"position\":3,\"name\":\"Desinfektionstuch f\u00fcr Lebensmittel ohne Aussp\u00fclen 200 St\u00fcck\"}]},{\"@type\":\"WebSite\",\"@id\":\"https:\/\/www.csj-emballages.com\/de\/#website\",\"url\":\"https:\/\/www.csj-emballages.com\/de\/\",\"name\":\"CSJ Emballages\",\"description\":\"\",\"publisher\":{\"@id\":\"https:\/\/www.csj-emballages.com\/de\/#organization\"},\"potentialAction\":[{\"@type\":\"SearchAction\",\"target\":{\"@type\":\"EntryPoint\",\"urlTemplate\":\"https:\/\/www.csj-emballages.com\/de\/?s={search_term_string}\"},\"query-input\":{\"@type\":\"PropertyValueSpecification\",\"valueRequired\":true,\"valueName\":\"search_term_string\"}}],\"inLanguage\":\"de\"},{\"@type\":\"Organization\",\"@id\":\"https:\/\/www.csj-emballages.com\/de\/#Organization\/\",\"name\":\"CSJ Emballages\",\"url\":\"https:\/\/www.csj-emballages.com\/de\/\",\"logo\":{\"@type\":\"ImageObject\",\"inLanguage\":\"de\",\"@id\":\"https:\/\/www.csj-emballages.com\/de\/#\/schema\/logo\/image\/\",\"url\":\"https:\/\/www.csj-emballages.com\/wp-content\/uploads\/2023\/10\/logo_csj.webp\",\"contentUrl\":\"https:\/\/www.csj-emballages.com\/wp-content\/uploads\/2023\/10\/logo_csj.webp\",\"width\":250,\"height\":95,\"caption\":\"CSJ Emballages\"},\"image\":{\"@id\":\"https:\/\/www.csj-emballages.com\/de\/#\/schema\/logo\/image\/\"},\"sameAs\":[\"https:\/\/www.facebook.com\/csjemballages\"],\"address\":{\"@type\":\"PostalAddress\",\"streetAddress\":\"ZI La Lechere\",\"addressLocality\":\"Patornay\",\"postalCode\":\"39130\",\"addressCountry\":\"FR\"},\"contactPoint\":[{\"@type\":\"ContactPoint\",\"contactType\":\"Service client\",\"telephone\":\"0384254272\",\"email\":\"contact@csj-emballages.com\"}]}]}<\/script>\n<!-- \/ Yoast SEO Premium plugin. -->","yoast_head_json":{"title":"Desinfektionst\u00fccher f\u00fcr Lebensmittel ohne Aussp\u00fclen \u201eDeterquat Al\u201c.","description":"Deterquat AL Lebensmittel-Desinfektionst\u00fccher ohne Aussp\u00fclen (x200): Reinigen Sie Ihre K\u00fcchenoberfl\u00e4chen schnell, effektiv und sicher.","robots":{"index":"index","follow":"follow","max-snippet":"max-snippet:-1","max-image-preview":"max-image-preview:large","max-video-preview":"max-video-preview:-1"},"canonical":"https:\/\/www.csj-emballages.com\/de\/produit\/200-desinfektionstuecher-fuer-lebensmittel-ohne-spuelen-fuer-lebensmittel\/","og_locale":"de_DE","og_type":"article","og_title":"Desinfektionstuch f\u00fcr Lebensmittel ohne Aussp\u00fclen 200 St\u00fcck","og_description":"Deterquat AL Lebensmittel-Desinfektionst\u00fccher ohne Aussp\u00fclen (x200): Reinigen Sie Ihre K\u00fcchenoberfl\u00e4chen schnell, effektiv und sicher.","og_url":"https:\/\/www.csj-emballages.com\/de\/produit\/200-desinfektionstuecher-fuer-lebensmittel-ohne-spuelen-fuer-lebensmittel\/","og_site_name":"CSJ Emballages","article_publisher":"https:\/\/www.facebook.com\/csjemballages","article_modified_time":"2026-03-12T15:07:11+00:00","og_image":[{"width":800,"height":800,"url":"https:\/\/www.csj-emballages.com\/wp-content\/uploads\/2024\/03\/1976LIN.webp","type":"image\/webp"}],"twitter_card":"summary_large_image","twitter_misc":{"Gesch\u00e4tzte Lesezeit":"1\u00a0Minute"},"schema":{"@context":"https:\/\/schema.org","@graph":[{"@type":"WebPage","@id":"https:\/\/www.csj-emballages.com\/de\/produit\/200-desinfektionstuecher-fuer-lebensmittel-ohne-spuelen-fuer-lebensmittel\/","url":"https:\/\/www.csj-emballages.com\/de\/produit\/200-desinfektionstuecher-fuer-lebensmittel-ohne-spuelen-fuer-lebensmittel\/","name":"Desinfektionst\u00fccher f\u00fcr Lebensmittel ohne Aussp\u00fclen \u201eDeterquat Al\u201c.","isPartOf":{"@id":"https:\/\/www.csj-emballages.com\/de\/#website"},"primaryImageOfPage":{"@id":"https:\/\/www.csj-emballages.com\/de\/produit\/200-desinfektionstuecher-fuer-lebensmittel-ohne-spuelen-fuer-lebensmittel\/#primaryimage"},"image":{"@id":"https:\/\/www.csj-emballages.com\/de\/produit\/200-desinfektionstuecher-fuer-lebensmittel-ohne-spuelen-fuer-lebensmittel\/#primaryimage"},"thumbnailUrl":"https:\/\/www.csj-emballages.com\/wp-content\/uploads\/2024\/03\/1976LIN.webp","datePublished":"2024-03-01T15:59:19+00:00","dateModified":"2026-03-12T15:07:11+00:00","description":"Deterquat AL Lebensmittel-Desinfektionst\u00fccher ohne Aussp\u00fclen (x200): Reinigen Sie Ihre K\u00fcchenoberfl\u00e4chen schnell, effektiv und sicher.","breadcrumb":{"@id":"https:\/\/www.csj-emballages.com\/de\/produit\/200-desinfektionstuecher-fuer-lebensmittel-ohne-spuelen-fuer-lebensmittel\/#breadcrumb"},"inLanguage":"de","potentialAction":[{"@type":"ReadAction","target":["https:\/\/www.csj-emballages.com\/de\/produit\/200-desinfektionstuecher-fuer-lebensmittel-ohne-spuelen-fuer-lebensmittel\/"]}]},{"@type":"ImageObject","inLanguage":"de","@id":"https:\/\/www.csj-emballages.com\/de\/produit\/200-desinfektionstuecher-fuer-lebensmittel-ohne-spuelen-fuer-lebensmittel\/#primaryimage","url":"https:\/\/www.csj-emballages.com\/wp-content\/uploads\/2024\/03\/1976LIN.webp","contentUrl":"https:\/\/www.csj-emballages.com\/wp-content\/uploads\/2024\/03\/1976LIN.webp","width":800,"height":800,"caption":"Lingette d\u00e9sinfectante"},{"@type":"BreadcrumbList","@id":"https:\/\/www.csj-emballages.com\/de\/produit\/200-desinfektionstuecher-fuer-lebensmittel-ohne-spuelen-fuer-lebensmittel\/#breadcrumb","itemListElement":[{"@type":"ListItem","position":1,"name":"Accueil","item":"https:\/\/www.csj-emballages.com\/de\/universum-lebensmittelverpackungen\/"},{"@type":"ListItem","position":2,"name":"Shop","item":"https:\/\/www.csj-emballages.com\/shop\/"},{"@type":"ListItem","position":3,"name":"Desinfektionstuch f\u00fcr Lebensmittel ohne Aussp\u00fclen 200 St\u00fcck"}]},{"@type":"WebSite","@id":"https:\/\/www.csj-emballages.com\/de\/#website","url":"https:\/\/www.csj-emballages.com\/de\/","name":"CSJ Emballages","description":"","publisher":{"@id":"https:\/\/www.csj-emballages.com\/de\/#organization"},"potentialAction":[{"@type":"SearchAction","target":{"@type":"EntryPoint","urlTemplate":"https:\/\/www.csj-emballages.com\/de\/?s={search_term_string}"},"query-input":{"@type":"PropertyValueSpecification","valueRequired":true,"valueName":"search_term_string"}}],"inLanguage":"de"},{"@type":"Organization","@id":"https:\/\/www.csj-emballages.com\/de\/#Organization\/","name":"CSJ Emballages","url":"https:\/\/www.csj-emballages.com\/de\/","logo":{"@type":"ImageObject","inLanguage":"de","@id":"https:\/\/www.csj-emballages.com\/de\/#\/schema\/logo\/image\/","url":"https:\/\/www.csj-emballages.com\/wp-content\/uploads\/2023\/10\/logo_csj.webp","contentUrl":"https:\/\/www.csj-emballages.com\/wp-content\/uploads\/2023\/10\/logo_csj.webp","width":250,"height":95,"caption":"CSJ Emballages"},"image":{"@id":"https:\/\/www.csj-emballages.com\/de\/#\/schema\/logo\/image\/"},"sameAs":["https:\/\/www.facebook.com\/csjemballages"],"address":{"@type":"PostalAddress","streetAddress":"ZI La Lechere","addressLocality":"Patornay","postalCode":"39130","addressCountry":"FR"},"contactPoint":[{"@type":"ContactPoint","contactType":"Service client","telephone":"0384254272","email":"contact@csj-emballages.com"}]}]}},"df_price":16.69,"df_sale_price":"","df_regular_price":16.69,"df_image_link":"https:\/\/www.csj-emballages.com\/wp-content\/uploads\/2024\/03\/1976LIN-300x300.webp","tiered_pricing_type":"fixed","tiered_pricing_fixed_rules":[],"tiered_pricing_percentage_rules":[],"tiered_pricing_minimum":1,"tiered_pricing_roles_data":[],"_links":{"self":[{"href":"https:\/\/www.csj-emballages.com\/de\/wp-json\/wp\/v2\/product\/18767","targetHints":{"allow":["GET"]}}],"collection":[{"href":"https:\/\/www.csj-emballages.com\/de\/wp-json\/wp\/v2\/product"}],"about":[{"href":"https:\/\/www.csj-emballages.com\/de\/wp-json\/wp\/v2\/types\/product"}],"wp:featuredmedia":[{"embeddable":true,"href":"https:\/\/www.csj-emballages.com\/de\/wp-json\/wp\/v2\/media\/233152"}],"wp:attachment":[{"href":"https:\/\/www.csj-emballages.com\/de\/wp-json\/wp\/v2\/media?parent=18767"}],"wp:term":[{"taxonomy":"product_brand","embeddable":true,"href":"https:\/\/www.csj-emballages.com\/de\/wp-json\/wp\/v2\/product_brand?post=18767"},{"taxonomy":"product_cat","embeddable":true,"href":"https:\/\/www.csj-emballages.com\/de\/wp-json\/wp\/v2\/product_cat?post=18767"},{"taxonomy":"product_tag","embeddable":true,"href":"https:\/\/www.csj-emballages.com\/de\/wp-json\/wp\/v2\/product_tag?post=18767"}],"curies":[{"name":"wp","href":"https:\/\/api.w.org\/{rel}","templated":true}]}}