{"id":18748,"date":"2024-03-01T16:59:22","date_gmt":"2024-03-01T15:59:22","guid":{"rendered":"https:\/\/u15jnbdpoq.preview.infomaniak.website\/produit\/200-schalen-innen-gold-9-cm\/"},"modified":"2026-03-12T16:06:44","modified_gmt":"2026-03-12T15:06:44","slug":"200-schalen-innen-gold-9-cm","status":"publish","type":"product","link":"https:\/\/www.csj-emballages.com\/de\/produit\/200-schalen-innen-gold-9-cm\/","title":{"rendered":"Schale gold\/schwarz 9 cm pro 200"},"content":{"rendered":"<h2>Schale gold\/schwarz<\/h2>\n<hr>\n<h3>Beschreibung unserer Schale gold\/schwarz 9 cm pro 200<\/h3>\n<p><!--more--><\/p>\n<p data-start=\"86\" data-end=\"558\">Verleihen Sie Ihren Pr\u00e4sentationen eine raffinierte Note mit diesem <strong data-start=\"145\" data-end=\"178\">gold\/schwarzen Sch\u00e4lchen 9 cm x 200 cm<\/strong>. Diese <g id=\"gid_2\">kleinen Einwegteller<\/g> aus hochwertigem <g id=\"gid_1\">Karton<\/g> zeichnen sich durch ihre <g id=\"gid_3\">gl\u00e4nzende Goldseite<\/g> auf der Oberseite und ihre <g id=\"gid_4\">tiefschwarze R\u00fcckseite<\/g> auf der Unterseite aus. Diese Farbkombination schafft eine kontrastreiche Optik, die sofort ins Auge f\u00e4llt und Ihre Zubereitungen, ob Geb\u00e4ck, S\u00fc\u00dfigkeiten, Schokolade oder auch herzhafte H\u00e4ppchen, veredelt.  <\/p>\n<p data-start=\"560\" data-end=\"994\">Mit einem <strong data-start=\"563\" data-end=\"583\">Durchmesser von 9 cm<\/strong> sind sie ideal f\u00fcr Einzelportionen. Die <strong>Sch\u00e4lchen<\/strong> sind stabil genug, um verschiedene Zubereitungen aufzunehmen, und halten der Handhabung stand, sind aber dennoch leicht und einfach zu verwenden. Sie werden in <strong data-start=\"809\" data-end=\"830\">Packungen zu 200 St\u00fcck<\/strong> geliefert, was den Bed\u00fcrfnissen von Gastronomen, Caterern, B\u00e4ckern und Konditoren sowie Eventveranstaltern entspricht.  <\/p>\n<p data-start=\"996\" data-end=\"1345\">Dank ihres schlichten und raffinierten Designs lassen sich diese <strong>Schalen<\/strong> leicht in verschiedene Welten integrieren: Hochzeitsbuffets, Geburtstage, Firmencocktails oder einfach die Pr\u00e4sentation von Produkten im <strong>Schaufenster<\/strong>. Ihre <strong data-start=\"1218\" data-end=\"1229\">gold\/schwarze<\/strong> Doppelseite sorgt f\u00fcr einen schicken Kontrast, der sowohl die Texturen als auch die Farben Ihrer kulinarischen Kreationen hervorhebt. <\/p>\n<p data-start=\"1347\" data-end=\"1657\">Mit diesen <strong>Schalen<\/strong> bieten Sie nicht nur eine \u00e4sthetische Unterst\u00fctzung, sondern auch eine funktionale L\u00f6sung, die die Vorbereitung und das Servieren bei Ihren Empf\u00e4ngen erleichtert. Ihr kompaktes Format optimiert den Platz auf Ihren Tabletts und Tischen und erm\u00f6glicht gleichzeitig eine \u00fcbersichtliche und ordentliche Pr\u00e4sentation. <\/p>\n<p data-start=\"1659\" data-end=\"1794\">Mit diesen <strong data-start=\"1668\" data-end=\"1694\">Sch\u00e4lchen in Gold\/Schwarz 9 cm<\/strong> erhalten Ihre Kreationen eine ganz neue Dimension und begeistern Ihre G\u00e4ste auf den ersten Blick.<\/p>\n<p data-start=\"1469\" data-end=\"1665\"><!--more--><\/p>\n<h4 data-start=\"1469\" data-end=\"1665\">Vorteile :<\/h4>\n<ul>\n<li><strong data-start=\"1991\" data-end=\"2019\">Kontrastreiches Gold-\/Schwarzdesign<\/strong>, das Ihre Kreationen aufwertet.<\/li>\n<li><strong data-start=\"2051\" data-end=\"2068\">Durchmesser 9 cm<\/strong> geeignet f\u00fcr Einzelportionen.<\/li>\n<li><strong data-start=\"2141\" data-end=\"2162\">Lot von 200 Einheiten<\/strong>, perfekt f\u00fcr Profis.<\/li>\n<li>Geeignet f\u00fcr <strong data-start=\"2203\" data-end=\"2238\">Buffets, Empf\u00e4nge und Schaufenster.<\/strong><\/li>\n<\/ul>\n<p>&nbsp;<\/p>\n<p><!--more--><\/p>\n<h4>Weitere Informationen :<\/h4>\n<ul>\n<li><strong>Verpackung<\/strong>: Packung mit 200 St\u00fcck<\/li>\n<li><strong>Durchmesser<\/strong>: 9 cm<\/li>\n<li><strong>Material<\/strong>: Karton<\/li>\n<li><strong>Farbe<\/strong>: Gold \/ Schwarz<\/li>\n<\/ul>\n<p>&nbsp;<\/p>\n<p><!--more--><\/p>\n<p>Hier finden Sie unsere orangefarbenen Innenschalen : <span style=\"color: #d12727;\"><a style=\"color: #d12727;\" href=\"https:\/\/www.csj-emballages.com\/produit\/200-coupelles-interieur-orange-9-cm\/\">13CO8<\/a><\/span><\/p>\n<h3><\/h3>\n<p><!--more--><\/p>\n<p><a href=\"https:\/\/www.csj-emballages.com\/de\/categorie-produit\/lebensmittelverpackungen\/backerei-und-konditorei\/kuchensohlenhalter\/schalen\/\">Sehen Sie sich den Rest unseres Sortiments an Schalen an<\/a><\/p>\n","protected":false},"excerpt":{"rendered":"<p>Schale gold\/schwarz Beschreibung unserer Schale gold\/schwarz 9 cm pro 200<\/p>\n","protected":false},"featured_media":14347,"template":"","meta":{"_acf_changed":false},"product_brand":[],"product_cat":[1171,1925,1926],"product_tag":[],"class_list":{"0":"post-18748","1":"product","2":"type-product","3":"status-publish","4":"has-post-thumbnail","6":"product_cat-backerei-und-konditorei","7":"product_cat-kuchensohlenhalter","8":"product_cat-schalen","10":"first","11":"outofstock","12":"taxable","13":"shipping-taxable","14":"purchasable","15":"product-type-simple"},"acf":[],"yoast_head":"<!-- This site is optimized with the Yoast SEO Premium plugin v26.6 (Yoast SEO v26.6) - https:\/\/yoast.com\/wordpress\/plugins\/seo\/ -->\n<title>Sch\u00e4lchen Gold\/Schwarz 9 cm pro 200<\/title>\n<meta name=\"description\" content=\"Veredeln Sie Ihre Kreationen mit der gold\/schwarzen 9-cm-Schale aus Karton. Set mit 200 St\u00fcck, ideal f\u00fcr Patisserien, Buffets und Veranstaltungen.\" \/>\n<meta name=\"robots\" content=\"index, follow, max-snippet:-1, max-image-preview:large, max-video-preview:-1\" \/>\n<link rel=\"canonical\" href=\"https:\/\/www.csj-emballages.com\/de\/produit\/200-schalen-innen-gold-9-cm\/\" \/>\n<meta property=\"og:locale\" content=\"de_DE\" \/>\n<meta property=\"og:type\" content=\"article\" \/>\n<meta property=\"og:title\" content=\"Schale gold\/schwarz 9 cm pro 200\" \/>\n<meta property=\"og:description\" content=\"Veredeln Sie Ihre Kreationen mit der gold\/schwarzen 9-cm-Schale aus Karton. Set mit 200 St\u00fcck, ideal f\u00fcr Patisserien, Buffets und Veranstaltungen.\" \/>\n<meta property=\"og:url\" content=\"https:\/\/www.csj-emballages.com\/de\/produit\/200-schalen-innen-gold-9-cm\/\" \/>\n<meta property=\"og:site_name\" content=\"CSJ Emballages\" \/>\n<meta property=\"article:publisher\" content=\"https:\/\/www.facebook.com\/csjemballages\" \/>\n<meta property=\"article:modified_time\" content=\"2026-03-12T15:06:44+00:00\" \/>\n<meta property=\"og:image\" content=\"https:\/\/www.csj-emballages.com\/wp-content\/uploads\/2024\/03\/Capture_d_ecran_2024-03-28_a_13.56.04-removebg-preview-e1711630609655.png\" \/>\n\t<meta property=\"og:image:width\" content=\"300\" \/>\n\t<meta property=\"og:image:height\" content=\"300\" \/>\n\t<meta property=\"og:image:type\" content=\"image\/png\" \/>\n<meta name=\"twitter:card\" content=\"summary_large_image\" \/>\n<meta name=\"twitter:label1\" content=\"Gesch\u00e4tzte Lesezeit\" \/>\n\t<meta name=\"twitter:data1\" content=\"2 Minuten\" \/>\n<script type=\"application\/ld+json\" class=\"yoast-schema-graph\">{\"@context\":\"https:\/\/schema.org\",\"@graph\":[{\"@type\":\"WebPage\",\"@id\":\"https:\/\/www.csj-emballages.com\/de\/produit\/200-schalen-innen-gold-9-cm\/\",\"url\":\"https:\/\/www.csj-emballages.com\/de\/produit\/200-schalen-innen-gold-9-cm\/\",\"name\":\"Sch\u00e4lchen Gold\/Schwarz 9 cm pro 200\",\"isPartOf\":{\"@id\":\"https:\/\/www.csj-emballages.com\/de\/#website\"},\"primaryImageOfPage\":{\"@id\":\"https:\/\/www.csj-emballages.com\/de\/produit\/200-schalen-innen-gold-9-cm\/#primaryimage\"},\"image\":{\"@id\":\"https:\/\/www.csj-emballages.com\/de\/produit\/200-schalen-innen-gold-9-cm\/#primaryimage\"},\"thumbnailUrl\":\"https:\/\/www.csj-emballages.com\/wp-content\/uploads\/2024\/03\/Capture_d_ecran_2024-03-28_a_13.56.04-removebg-preview-e1711630609655.png\",\"datePublished\":\"2024-03-01T15:59:22+00:00\",\"dateModified\":\"2026-03-12T15:06:44+00:00\",\"description\":\"Veredeln Sie Ihre Kreationen mit der gold\/schwarzen 9-cm-Schale aus Karton. Set mit 200 St\u00fcck, ideal f\u00fcr Patisserien, Buffets und Veranstaltungen.\",\"breadcrumb\":{\"@id\":\"https:\/\/www.csj-emballages.com\/de\/produit\/200-schalen-innen-gold-9-cm\/#breadcrumb\"},\"inLanguage\":\"de\",\"potentialAction\":[{\"@type\":\"ReadAction\",\"target\":[\"https:\/\/www.csj-emballages.com\/de\/produit\/200-schalen-innen-gold-9-cm\/\"]}]},{\"@type\":\"ImageObject\",\"inLanguage\":\"de\",\"@id\":\"https:\/\/www.csj-emballages.com\/de\/produit\/200-schalen-innen-gold-9-cm\/#primaryimage\",\"url\":\"https:\/\/www.csj-emballages.com\/wp-content\/uploads\/2024\/03\/Capture_d_ecran_2024-03-28_a_13.56.04-removebg-preview-e1711630609655.png\",\"contentUrl\":\"https:\/\/www.csj-emballages.com\/wp-content\/uploads\/2024\/03\/Capture_d_ecran_2024-03-28_a_13.56.04-removebg-preview-e1711630609655.png\",\"width\":300,\"height\":300,\"caption\":\"Coupelle or\/noir\"},{\"@type\":\"BreadcrumbList\",\"@id\":\"https:\/\/www.csj-emballages.com\/de\/produit\/200-schalen-innen-gold-9-cm\/#breadcrumb\",\"itemListElement\":[{\"@type\":\"ListItem\",\"position\":1,\"name\":\"Accueil\",\"item\":\"https:\/\/www.csj-emballages.com\/de\/universum-lebensmittelverpackungen\/\"},{\"@type\":\"ListItem\",\"position\":2,\"name\":\"Shop\",\"item\":\"https:\/\/www.csj-emballages.com\/shop\/\"},{\"@type\":\"ListItem\",\"position\":3,\"name\":\"Schale gold\/schwarz 9 cm pro 200\"}]},{\"@type\":\"WebSite\",\"@id\":\"https:\/\/www.csj-emballages.com\/de\/#website\",\"url\":\"https:\/\/www.csj-emballages.com\/de\/\",\"name\":\"CSJ Emballages\",\"description\":\"\",\"publisher\":{\"@id\":\"https:\/\/www.csj-emballages.com\/de\/#organization\"},\"potentialAction\":[{\"@type\":\"SearchAction\",\"target\":{\"@type\":\"EntryPoint\",\"urlTemplate\":\"https:\/\/www.csj-emballages.com\/de\/?s={search_term_string}\"},\"query-input\":{\"@type\":\"PropertyValueSpecification\",\"valueRequired\":true,\"valueName\":\"search_term_string\"}}],\"inLanguage\":\"de\"},{\"@type\":\"Organization\",\"@id\":\"https:\/\/www.csj-emballages.com\/de\/#Organization\/\",\"name\":\"CSJ Emballages\",\"url\":\"https:\/\/www.csj-emballages.com\/de\/\",\"logo\":{\"@type\":\"ImageObject\",\"inLanguage\":\"de\",\"@id\":\"https:\/\/www.csj-emballages.com\/de\/#\/schema\/logo\/image\/\",\"url\":\"https:\/\/www.csj-emballages.com\/wp-content\/uploads\/2023\/10\/logo_csj.webp\",\"contentUrl\":\"https:\/\/www.csj-emballages.com\/wp-content\/uploads\/2023\/10\/logo_csj.webp\",\"width\":250,\"height\":95,\"caption\":\"CSJ Emballages\"},\"image\":{\"@id\":\"https:\/\/www.csj-emballages.com\/de\/#\/schema\/logo\/image\/\"},\"sameAs\":[\"https:\/\/www.facebook.com\/csjemballages\"],\"address\":{\"@type\":\"PostalAddress\",\"streetAddress\":\"ZI La Lechere\",\"addressLocality\":\"Patornay\",\"postalCode\":\"39130\",\"addressCountry\":\"FR\"},\"contactPoint\":[{\"@type\":\"ContactPoint\",\"contactType\":\"Service client\",\"telephone\":\"0384254272\",\"email\":\"contact@csj-emballages.com\"}]}]}<\/script>\n<!-- \/ Yoast SEO Premium plugin. -->","yoast_head_json":{"title":"Sch\u00e4lchen Gold\/Schwarz 9 cm pro 200","description":"Veredeln Sie Ihre Kreationen mit der gold\/schwarzen 9-cm-Schale aus Karton. Set mit 200 St\u00fcck, ideal f\u00fcr Patisserien, Buffets und Veranstaltungen.","robots":{"index":"index","follow":"follow","max-snippet":"max-snippet:-1","max-image-preview":"max-image-preview:large","max-video-preview":"max-video-preview:-1"},"canonical":"https:\/\/www.csj-emballages.com\/de\/produit\/200-schalen-innen-gold-9-cm\/","og_locale":"de_DE","og_type":"article","og_title":"Schale gold\/schwarz 9 cm pro 200","og_description":"Veredeln Sie Ihre Kreationen mit der gold\/schwarzen 9-cm-Schale aus Karton. Set mit 200 St\u00fcck, ideal f\u00fcr Patisserien, Buffets und Veranstaltungen.","og_url":"https:\/\/www.csj-emballages.com\/de\/produit\/200-schalen-innen-gold-9-cm\/","og_site_name":"CSJ Emballages","article_publisher":"https:\/\/www.facebook.com\/csjemballages","article_modified_time":"2026-03-12T15:06:44+00:00","og_image":[{"width":300,"height":300,"url":"https:\/\/www.csj-emballages.com\/wp-content\/uploads\/2024\/03\/Capture_d_ecran_2024-03-28_a_13.56.04-removebg-preview-e1711630609655.png","type":"image\/png"}],"twitter_card":"summary_large_image","twitter_misc":{"Gesch\u00e4tzte Lesezeit":"2 Minuten"},"schema":{"@context":"https:\/\/schema.org","@graph":[{"@type":"WebPage","@id":"https:\/\/www.csj-emballages.com\/de\/produit\/200-schalen-innen-gold-9-cm\/","url":"https:\/\/www.csj-emballages.com\/de\/produit\/200-schalen-innen-gold-9-cm\/","name":"Sch\u00e4lchen Gold\/Schwarz 9 cm pro 200","isPartOf":{"@id":"https:\/\/www.csj-emballages.com\/de\/#website"},"primaryImageOfPage":{"@id":"https:\/\/www.csj-emballages.com\/de\/produit\/200-schalen-innen-gold-9-cm\/#primaryimage"},"image":{"@id":"https:\/\/www.csj-emballages.com\/de\/produit\/200-schalen-innen-gold-9-cm\/#primaryimage"},"thumbnailUrl":"https:\/\/www.csj-emballages.com\/wp-content\/uploads\/2024\/03\/Capture_d_ecran_2024-03-28_a_13.56.04-removebg-preview-e1711630609655.png","datePublished":"2024-03-01T15:59:22+00:00","dateModified":"2026-03-12T15:06:44+00:00","description":"Veredeln Sie Ihre Kreationen mit der gold\/schwarzen 9-cm-Schale aus Karton. Set mit 200 St\u00fcck, ideal f\u00fcr Patisserien, Buffets und Veranstaltungen.","breadcrumb":{"@id":"https:\/\/www.csj-emballages.com\/de\/produit\/200-schalen-innen-gold-9-cm\/#breadcrumb"},"inLanguage":"de","potentialAction":[{"@type":"ReadAction","target":["https:\/\/www.csj-emballages.com\/de\/produit\/200-schalen-innen-gold-9-cm\/"]}]},{"@type":"ImageObject","inLanguage":"de","@id":"https:\/\/www.csj-emballages.com\/de\/produit\/200-schalen-innen-gold-9-cm\/#primaryimage","url":"https:\/\/www.csj-emballages.com\/wp-content\/uploads\/2024\/03\/Capture_d_ecran_2024-03-28_a_13.56.04-removebg-preview-e1711630609655.png","contentUrl":"https:\/\/www.csj-emballages.com\/wp-content\/uploads\/2024\/03\/Capture_d_ecran_2024-03-28_a_13.56.04-removebg-preview-e1711630609655.png","width":300,"height":300,"caption":"Coupelle or\/noir"},{"@type":"BreadcrumbList","@id":"https:\/\/www.csj-emballages.com\/de\/produit\/200-schalen-innen-gold-9-cm\/#breadcrumb","itemListElement":[{"@type":"ListItem","position":1,"name":"Accueil","item":"https:\/\/www.csj-emballages.com\/de\/universum-lebensmittelverpackungen\/"},{"@type":"ListItem","position":2,"name":"Shop","item":"https:\/\/www.csj-emballages.com\/shop\/"},{"@type":"ListItem","position":3,"name":"Schale gold\/schwarz 9 cm pro 200"}]},{"@type":"WebSite","@id":"https:\/\/www.csj-emballages.com\/de\/#website","url":"https:\/\/www.csj-emballages.com\/de\/","name":"CSJ Emballages","description":"","publisher":{"@id":"https:\/\/www.csj-emballages.com\/de\/#organization"},"potentialAction":[{"@type":"SearchAction","target":{"@type":"EntryPoint","urlTemplate":"https:\/\/www.csj-emballages.com\/de\/?s={search_term_string}"},"query-input":{"@type":"PropertyValueSpecification","valueRequired":true,"valueName":"search_term_string"}}],"inLanguage":"de"},{"@type":"Organization","@id":"https:\/\/www.csj-emballages.com\/de\/#Organization\/","name":"CSJ Emballages","url":"https:\/\/www.csj-emballages.com\/de\/","logo":{"@type":"ImageObject","inLanguage":"de","@id":"https:\/\/www.csj-emballages.com\/de\/#\/schema\/logo\/image\/","url":"https:\/\/www.csj-emballages.com\/wp-content\/uploads\/2023\/10\/logo_csj.webp","contentUrl":"https:\/\/www.csj-emballages.com\/wp-content\/uploads\/2023\/10\/logo_csj.webp","width":250,"height":95,"caption":"CSJ Emballages"},"image":{"@id":"https:\/\/www.csj-emballages.com\/de\/#\/schema\/logo\/image\/"},"sameAs":["https:\/\/www.facebook.com\/csjemballages"],"address":{"@type":"PostalAddress","streetAddress":"ZI La Lechere","addressLocality":"Patornay","postalCode":"39130","addressCountry":"FR"},"contactPoint":[{"@type":"ContactPoint","contactType":"Service client","telephone":"0384254272","email":"contact@csj-emballages.com"}]}]}},"df_price":19.09,"df_sale_price":"","df_regular_price":19.09,"df_image_link":"https:\/\/www.csj-emballages.com\/wp-content\/uploads\/2024\/03\/Capture_d_ecran_2024-03-28_a_13.56.04-removebg-preview-300x300.png","tiered_pricing_type":"fixed","tiered_pricing_fixed_rules":[],"tiered_pricing_percentage_rules":[],"tiered_pricing_minimum":1,"tiered_pricing_roles_data":[],"_links":{"self":[{"href":"https:\/\/www.csj-emballages.com\/de\/wp-json\/wp\/v2\/product\/18748","targetHints":{"allow":["GET"]}}],"collection":[{"href":"https:\/\/www.csj-emballages.com\/de\/wp-json\/wp\/v2\/product"}],"about":[{"href":"https:\/\/www.csj-emballages.com\/de\/wp-json\/wp\/v2\/types\/product"}],"wp:featuredmedia":[{"embeddable":true,"href":"https:\/\/www.csj-emballages.com\/de\/wp-json\/wp\/v2\/media\/14347"}],"wp:attachment":[{"href":"https:\/\/www.csj-emballages.com\/de\/wp-json\/wp\/v2\/media?parent=18748"}],"wp:term":[{"taxonomy":"product_brand","embeddable":true,"href":"https:\/\/www.csj-emballages.com\/de\/wp-json\/wp\/v2\/product_brand?post=18748"},{"taxonomy":"product_cat","embeddable":true,"href":"https:\/\/www.csj-emballages.com\/de\/wp-json\/wp\/v2\/product_cat?post=18748"},{"taxonomy":"product_tag","embeddable":true,"href":"https:\/\/www.csj-emballages.com\/de\/wp-json\/wp\/v2\/product_tag?post=18748"}],"curies":[{"name":"wp","href":"https:\/\/api.w.org\/{rel}","templated":true}]}}