{"id":18743,"date":"2024-03-01T16:59:21","date_gmt":"2024-03-01T15:59:21","guid":{"rendered":"https:\/\/u15jnbdpoq.preview.infomaniak.website\/produit\/glaswaschmittel-1-l-dosierer-orlav\/"},"modified":"2026-05-01T02:10:32","modified_gmt":"2026-05-01T00:10:32","slug":"glaswaschmittel-1-l-dosierer-orlav","status":"publish","type":"product","link":"https:\/\/www.csj-emballages.com\/de\/produit\/glaswaschmittel-1-l-dosierer-orlav\/","title":{"rendered":"Gl\u00e4sersp\u00fclmittel 1 L Dosierer ORLAV"},"content":{"rendered":"<h2>Gl\u00e4sersp\u00fclmittel<\/h2>\n<div style=\"font-family: Roboto, sans-serif\">\n<div style=\"font-family: Roboto, sans-serif\">\n<div style=\"font-family: Roboto, sans-serif\">\n<div style=\"font-family: Roboto, sans-serif\">\n<div style=\"font-family: Roboto, sans-serif\">\n<div style=\"font-family: Roboto, sans-serif\">\n<hr>\n<h3>Beschreibung unserer Gl\u00e4sersp\u00fclfl\u00fcssigkeit 1 L Dosierer ORLAV<\/h3>\n<p><!--more--><\/p>\n<p class=\"\" data-start=\"313\" data-end=\"662\">Der <strong data-start=\"316\" data-end=\"367\">fl\u00fcssige Gl\u00e4serreiniger 1L ORLAV mit integriertem Dosierer<\/strong> wurde entwickelt, um den Anforderungen von Fachleuten aus der Gastronomie, der Hotellerie und dem Lebensmittelhandwerk gerecht zu werden. Seine leistungsstarke, aber materialschonende Formel garantiert eine optimale Reinigung Ihrer Gl\u00e4ser, ohne Streifen oder R\u00fcckst\u00e4nde zu hinterlassen, selbst nach vielen intensiven Sp\u00fclg\u00e4ngen. <\/p>\n<p class=\"\" data-start=\"664\" data-end=\"1014\">Denn er ist f\u00fcr alle Arten von <strong>Gl\u00e4sersp\u00fclern<\/strong> geeignet und wirkt auch bei niedrigen Temperaturen effektiv. Es entfernt m\u00fchelos Wein- und Kalkflecken sowie Flecken von schlecht ausgesp\u00fclten Reinigungsmitteln. Dieses Produkt wird besonders in Gastst\u00e4tten mit hohem Durchsatz gesch\u00e4tzt, in denen jedes Detail z\u00e4hlt: saubere, gl\u00e4nzende Gl\u00e4ser ohne wei\u00dfliche Schleier oder Fettfilm.  <\/p>\n<p class=\"\" data-start=\"1016\" data-end=\"1203\">Die <strong data-start=\"1020\" data-end=\"1038\">integrierte Dosierhilfe<\/strong> erleichtert die pr\u00e4zise und sparsame Anwendung: Sie verwenden jedes Mal die richtige Menge, vermeiden so Abfall und optimieren gleichzeitig die Waschleistung.<\/p>\n<p class=\"\" data-start=\"1205\" data-end=\"1511\">Ob Sie ein Restaurantbesitzer, ein Barkeeper oder sogar ein anspruchsvoller Privatmann sind, diese <strong>Gl\u00e4sersp\u00fclfl\u00fcssigkeit<\/strong> wird Ihnen Zeit sparen und gleichzeitig ein einwandfreies Ergebnis garantieren. Zusammenfassend l\u00e4sst sich sagen, dass Sie mit <strong>ORLAV<\/strong> eine Marke w\u00e4hlen, die f\u00fcr ihre Zuverl\u00e4ssigkeit, Effizienz und Einhaltung der Hygienestandards bekannt ist. <\/p>\n<p data-start=\"1205\" data-end=\"1511\">\n<\/div>\n<\/div>\n<\/div>\n<\/div>\n<\/div>\n<\/div>\n<p><!--more--><\/p>\n<div style=\"font-family: Roboto, sans-serif\">\n<div style=\"font-family: Roboto, sans-serif\">\n<div style=\"font-family: Roboto, sans-serif\">\n<div style=\"font-family: Roboto, sans-serif\">\n<div style=\"font-family: Roboto, sans-serif\">\n<div style=\"font-family: Roboto, sans-serif\">\n<p><strong>Seine Vorteile :<\/strong><\/p>\n<ul>\n<li>Starke Reinigung auch bei niedrigen Temperaturen.<\/li>\n<li>Hinterl\u00e4sst keine Spuren oder R\u00fcckst\u00e4nde.<\/li>\n<li>Praktisch: Dosierkappe f\u00fcr eine kontrollierte Verwendung.<\/li>\n<li>Geeignet f\u00fcr Profis und anspruchsvolle Privatpersonen.<\/li>\n<li>Kompatibel mit allen Gl\u00e4sersp\u00fclmaschinen.<\/li>\n<\/ul>\n<\/div>\n<div style=\"font-family: Roboto, sans-serif\">\n<p>&nbsp;<\/p>\n<\/div>\n<\/div>\n<\/div>\n<\/div>\n<\/div>\n<\/div>\n<p><!--more--><\/p>\n<h4>Weitere Informationen :<\/h4>\n<ul>\n<li><strong>Verpackung<\/strong>: Einzeln<\/li>\n<li><strong>Volumen<\/strong>: 1 Liter<\/li>\n<li><strong>Verwendung<\/strong>: Gl\u00e4sersp\u00fclmaschine<\/li>\n<\/ul>\n<p>&nbsp;<\/p>\n<p><!--more--><\/p>\n<p>Finden Sie auch unsere automatische Gl\u00e4sersp\u00fclfl\u00fcssigkeit in 5 Litern: <span style=\"color: #d12727\"><a style=\"color: #d12727\" href=\"https:\/\/www.csj-emballages.com\/produit\/liquide-lave-verre-automatique-5-litres\/\">02165<\/a><\/span><\/p>\n<p>&nbsp;<\/p>\n<p><!--more--><\/p>\n<p>Entdecken Sie aus dem ORLAV-Sortiment auch unser Regeneriersalz in Bl\u00f6cken f\u00fcr Geschirrsp\u00fcler 5 kg : <span style=\"color: #d12727\"><a style=\"color: #d12727\" href=\"https:\/\/www.csj-emballages.com\/es\/produit\/sal-regeneradora-en-bloques-lavavajillas-5-kg-orlav\/\">01295<\/a><\/span><\/p>\n<p>&nbsp;<\/p>\n<p><!--more--><\/p>\n<p><a href=\"\/?product_cat=lave-vaiselle\">Sehen Sie sich hier den Rest unserer Produktpalette f\u00fcr Geschirrsp\u00fcler an.<\/a><\/p>\n","protected":false},"excerpt":{"rendered":"<p>Gl\u00e4sersp\u00fclmittel Beschreibung unserer Gl\u00e4sersp\u00fclfl\u00fcssigkeit 1 L Dosierer ORLAV<\/p>\n","protected":false},"featured_media":233354,"template":"","meta":{"_acf_changed":false},"product_brand":[],"product_cat":[1218,1219,1220,1376],"product_tag":[],"class_list":{"0":"post-18743","1":"product","2":"type-product","3":"status-publish","4":"has-post-thumbnail","6":"product_cat-hygiene-und-pflege","7":"product_cat-pflegeprodukte","8":"product_cat-geschirrpflege","9":"product_cat-geschirrspuler","11":"first","12":"instock","13":"taxable","14":"shipping-taxable","15":"purchasable","16":"product-type-simple"},"acf":[],"yoast_head":"<!-- This site is optimized with the Yoast SEO Premium plugin v26.6 (Yoast SEO v26.6) - https:\/\/yoast.com\/wordpress\/plugins\/seo\/ -->\n<title>Gl\u00e4sersp\u00fclmittel 1 L Dosierer ORLAV<\/title>\n<meta name=\"description\" content=\"Glaswaschfl\u00fcssigkeit ORLAV 1L - perfekter Glanz, ohne R\u00fcckst\u00e4nde. Ideal f\u00fcr Profi-Maschinen. Inklusive praktischem Dosierverschluss.\" \/>\n<meta name=\"robots\" content=\"index, follow, max-snippet:-1, max-image-preview:large, max-video-preview:-1\" \/>\n<link rel=\"canonical\" href=\"https:\/\/www.csj-emballages.com\/de\/produit\/glaswaschmittel-1-l-dosierer-orlav\/\" \/>\n<meta property=\"og:locale\" content=\"de_DE\" \/>\n<meta property=\"og:type\" content=\"article\" \/>\n<meta property=\"og:title\" content=\"Gl\u00e4sersp\u00fclmittel 1 L Dosierer ORLAV\" \/>\n<meta property=\"og:description\" content=\"Glaswaschfl\u00fcssigkeit ORLAV 1L - perfekter Glanz, ohne R\u00fcckst\u00e4nde. Ideal f\u00fcr Profi-Maschinen. Inklusive praktischem Dosierverschluss.\" \/>\n<meta property=\"og:url\" content=\"https:\/\/www.csj-emballages.com\/de\/produit\/glaswaschmittel-1-l-dosierer-orlav\/\" \/>\n<meta property=\"og:site_name\" content=\"CSJ Emballages\" \/>\n<meta property=\"article:publisher\" content=\"https:\/\/www.facebook.com\/csjemballages\" \/>\n<meta property=\"article:modified_time\" content=\"2026-05-01T00:10:32+00:00\" \/>\n<meta property=\"og:image\" content=\"https:\/\/www.csj-emballages.com\/wp-content\/uploads\/2024\/03\/16821.webp\" \/>\n\t<meta property=\"og:image:width\" content=\"800\" \/>\n\t<meta property=\"og:image:height\" content=\"800\" \/>\n\t<meta property=\"og:image:type\" content=\"image\/webp\" \/>\n<meta name=\"twitter:card\" content=\"summary_large_image\" \/>\n<meta name=\"twitter:label1\" content=\"Gesch\u00e4tzte Lesezeit\" \/>\n\t<meta name=\"twitter:data1\" content=\"1\u00a0Minute\" \/>\n<script type=\"application\/ld+json\" class=\"yoast-schema-graph\">{\"@context\":\"https:\/\/schema.org\",\"@graph\":[{\"@type\":\"WebPage\",\"@id\":\"https:\/\/www.csj-emballages.com\/de\/produit\/glaswaschmittel-1-l-dosierer-orlav\/\",\"url\":\"https:\/\/www.csj-emballages.com\/de\/produit\/glaswaschmittel-1-l-dosierer-orlav\/\",\"name\":\"Gl\u00e4sersp\u00fclmittel 1 L Dosierer ORLAV\",\"isPartOf\":{\"@id\":\"https:\/\/www.csj-emballages.com\/de\/#website\"},\"primaryImageOfPage\":{\"@id\":\"https:\/\/www.csj-emballages.com\/de\/produit\/glaswaschmittel-1-l-dosierer-orlav\/#primaryimage\"},\"image\":{\"@id\":\"https:\/\/www.csj-emballages.com\/de\/produit\/glaswaschmittel-1-l-dosierer-orlav\/#primaryimage\"},\"thumbnailUrl\":\"https:\/\/www.csj-emballages.com\/wp-content\/uploads\/2024\/03\/16821.webp\",\"datePublished\":\"2024-03-01T15:59:21+00:00\",\"dateModified\":\"2026-05-01T00:10:32+00:00\",\"description\":\"Glaswaschfl\u00fcssigkeit ORLAV 1L - perfekter Glanz, ohne R\u00fcckst\u00e4nde. Ideal f\u00fcr Profi-Maschinen. Inklusive praktischem Dosierverschluss.\",\"breadcrumb\":{\"@id\":\"https:\/\/www.csj-emballages.com\/de\/produit\/glaswaschmittel-1-l-dosierer-orlav\/#breadcrumb\"},\"inLanguage\":\"de\",\"potentialAction\":[{\"@type\":\"ReadAction\",\"target\":[\"https:\/\/www.csj-emballages.com\/de\/produit\/glaswaschmittel-1-l-dosierer-orlav\/\"]}]},{\"@type\":\"ImageObject\",\"inLanguage\":\"de\",\"@id\":\"https:\/\/www.csj-emballages.com\/de\/produit\/glaswaschmittel-1-l-dosierer-orlav\/#primaryimage\",\"url\":\"https:\/\/www.csj-emballages.com\/wp-content\/uploads\/2024\/03\/16821.webp\",\"contentUrl\":\"https:\/\/www.csj-emballages.com\/wp-content\/uploads\/2024\/03\/16821.webp\",\"width\":800,\"height\":800,\"caption\":\"Liquide lave verre\"},{\"@type\":\"BreadcrumbList\",\"@id\":\"https:\/\/www.csj-emballages.com\/de\/produit\/glaswaschmittel-1-l-dosierer-orlav\/#breadcrumb\",\"itemListElement\":[{\"@type\":\"ListItem\",\"position\":1,\"name\":\"Accueil\",\"item\":\"https:\/\/www.csj-emballages.com\/de\/universum-lebensmittelverpackungen\/\"},{\"@type\":\"ListItem\",\"position\":2,\"name\":\"Shop\",\"item\":\"https:\/\/www.csj-emballages.com\/shop\/\"},{\"@type\":\"ListItem\",\"position\":3,\"name\":\"Gl\u00e4sersp\u00fclmittel 1 L Dosierer ORLAV\"}]},{\"@type\":\"WebSite\",\"@id\":\"https:\/\/www.csj-emballages.com\/de\/#website\",\"url\":\"https:\/\/www.csj-emballages.com\/de\/\",\"name\":\"CSJ Emballages\",\"description\":\"\",\"publisher\":{\"@id\":\"https:\/\/www.csj-emballages.com\/de\/#organization\"},\"potentialAction\":[{\"@type\":\"SearchAction\",\"target\":{\"@type\":\"EntryPoint\",\"urlTemplate\":\"https:\/\/www.csj-emballages.com\/de\/?s={search_term_string}\"},\"query-input\":{\"@type\":\"PropertyValueSpecification\",\"valueRequired\":true,\"valueName\":\"search_term_string\"}}],\"inLanguage\":\"de\"},{\"@type\":\"Organization\",\"@id\":\"https:\/\/www.csj-emballages.com\/de\/#Organization\/\",\"name\":\"CSJ Emballages\",\"url\":\"https:\/\/www.csj-emballages.com\/de\/\",\"logo\":{\"@type\":\"ImageObject\",\"inLanguage\":\"de\",\"@id\":\"https:\/\/www.csj-emballages.com\/de\/#\/schema\/logo\/image\/\",\"url\":\"https:\/\/www.csj-emballages.com\/wp-content\/uploads\/2023\/10\/logo_csj.webp\",\"contentUrl\":\"https:\/\/www.csj-emballages.com\/wp-content\/uploads\/2023\/10\/logo_csj.webp\",\"width\":250,\"height\":95,\"caption\":\"CSJ Emballages\"},\"image\":{\"@id\":\"https:\/\/www.csj-emballages.com\/de\/#\/schema\/logo\/image\/\"},\"sameAs\":[\"https:\/\/www.facebook.com\/csjemballages\"],\"address\":{\"@type\":\"PostalAddress\",\"streetAddress\":\"ZI La Lechere\",\"addressLocality\":\"Patornay\",\"postalCode\":\"39130\",\"addressCountry\":\"FR\"},\"contactPoint\":[{\"@type\":\"ContactPoint\",\"contactType\":\"Service client\",\"telephone\":\"0384254272\",\"email\":\"contact@csj-emballages.com\"}]}]}<\/script>\n<!-- \/ Yoast SEO Premium plugin. -->","yoast_head_json":{"title":"Gl\u00e4sersp\u00fclmittel 1 L Dosierer ORLAV","description":"Glaswaschfl\u00fcssigkeit ORLAV 1L - perfekter Glanz, ohne R\u00fcckst\u00e4nde. Ideal f\u00fcr Profi-Maschinen. Inklusive praktischem Dosierverschluss.","robots":{"index":"index","follow":"follow","max-snippet":"max-snippet:-1","max-image-preview":"max-image-preview:large","max-video-preview":"max-video-preview:-1"},"canonical":"https:\/\/www.csj-emballages.com\/de\/produit\/glaswaschmittel-1-l-dosierer-orlav\/","og_locale":"de_DE","og_type":"article","og_title":"Gl\u00e4sersp\u00fclmittel 1 L Dosierer ORLAV","og_description":"Glaswaschfl\u00fcssigkeit ORLAV 1L - perfekter Glanz, ohne R\u00fcckst\u00e4nde. Ideal f\u00fcr Profi-Maschinen. Inklusive praktischem Dosierverschluss.","og_url":"https:\/\/www.csj-emballages.com\/de\/produit\/glaswaschmittel-1-l-dosierer-orlav\/","og_site_name":"CSJ Emballages","article_publisher":"https:\/\/www.facebook.com\/csjemballages","article_modified_time":"2026-05-01T00:10:32+00:00","og_image":[{"width":800,"height":800,"url":"https:\/\/www.csj-emballages.com\/wp-content\/uploads\/2024\/03\/16821.webp","type":"image\/webp"}],"twitter_card":"summary_large_image","twitter_misc":{"Gesch\u00e4tzte Lesezeit":"1\u00a0Minute"},"schema":{"@context":"https:\/\/schema.org","@graph":[{"@type":"WebPage","@id":"https:\/\/www.csj-emballages.com\/de\/produit\/glaswaschmittel-1-l-dosierer-orlav\/","url":"https:\/\/www.csj-emballages.com\/de\/produit\/glaswaschmittel-1-l-dosierer-orlav\/","name":"Gl\u00e4sersp\u00fclmittel 1 L Dosierer ORLAV","isPartOf":{"@id":"https:\/\/www.csj-emballages.com\/de\/#website"},"primaryImageOfPage":{"@id":"https:\/\/www.csj-emballages.com\/de\/produit\/glaswaschmittel-1-l-dosierer-orlav\/#primaryimage"},"image":{"@id":"https:\/\/www.csj-emballages.com\/de\/produit\/glaswaschmittel-1-l-dosierer-orlav\/#primaryimage"},"thumbnailUrl":"https:\/\/www.csj-emballages.com\/wp-content\/uploads\/2024\/03\/16821.webp","datePublished":"2024-03-01T15:59:21+00:00","dateModified":"2026-05-01T00:10:32+00:00","description":"Glaswaschfl\u00fcssigkeit ORLAV 1L - perfekter Glanz, ohne R\u00fcckst\u00e4nde. Ideal f\u00fcr Profi-Maschinen. Inklusive praktischem Dosierverschluss.","breadcrumb":{"@id":"https:\/\/www.csj-emballages.com\/de\/produit\/glaswaschmittel-1-l-dosierer-orlav\/#breadcrumb"},"inLanguage":"de","potentialAction":[{"@type":"ReadAction","target":["https:\/\/www.csj-emballages.com\/de\/produit\/glaswaschmittel-1-l-dosierer-orlav\/"]}]},{"@type":"ImageObject","inLanguage":"de","@id":"https:\/\/www.csj-emballages.com\/de\/produit\/glaswaschmittel-1-l-dosierer-orlav\/#primaryimage","url":"https:\/\/www.csj-emballages.com\/wp-content\/uploads\/2024\/03\/16821.webp","contentUrl":"https:\/\/www.csj-emballages.com\/wp-content\/uploads\/2024\/03\/16821.webp","width":800,"height":800,"caption":"Liquide lave verre"},{"@type":"BreadcrumbList","@id":"https:\/\/www.csj-emballages.com\/de\/produit\/glaswaschmittel-1-l-dosierer-orlav\/#breadcrumb","itemListElement":[{"@type":"ListItem","position":1,"name":"Accueil","item":"https:\/\/www.csj-emballages.com\/de\/universum-lebensmittelverpackungen\/"},{"@type":"ListItem","position":2,"name":"Shop","item":"https:\/\/www.csj-emballages.com\/shop\/"},{"@type":"ListItem","position":3,"name":"Gl\u00e4sersp\u00fclmittel 1 L Dosierer ORLAV"}]},{"@type":"WebSite","@id":"https:\/\/www.csj-emballages.com\/de\/#website","url":"https:\/\/www.csj-emballages.com\/de\/","name":"CSJ Emballages","description":"","publisher":{"@id":"https:\/\/www.csj-emballages.com\/de\/#organization"},"potentialAction":[{"@type":"SearchAction","target":{"@type":"EntryPoint","urlTemplate":"https:\/\/www.csj-emballages.com\/de\/?s={search_term_string}"},"query-input":{"@type":"PropertyValueSpecification","valueRequired":true,"valueName":"search_term_string"}}],"inLanguage":"de"},{"@type":"Organization","@id":"https:\/\/www.csj-emballages.com\/de\/#Organization\/","name":"CSJ Emballages","url":"https:\/\/www.csj-emballages.com\/de\/","logo":{"@type":"ImageObject","inLanguage":"de","@id":"https:\/\/www.csj-emballages.com\/de\/#\/schema\/logo\/image\/","url":"https:\/\/www.csj-emballages.com\/wp-content\/uploads\/2023\/10\/logo_csj.webp","contentUrl":"https:\/\/www.csj-emballages.com\/wp-content\/uploads\/2023\/10\/logo_csj.webp","width":250,"height":95,"caption":"CSJ Emballages"},"image":{"@id":"https:\/\/www.csj-emballages.com\/de\/#\/schema\/logo\/image\/"},"sameAs":["https:\/\/www.facebook.com\/csjemballages"],"address":{"@type":"PostalAddress","streetAddress":"ZI La Lechere","addressLocality":"Patornay","postalCode":"39130","addressCountry":"FR"},"contactPoint":[{"@type":"ContactPoint","contactType":"Service client","telephone":"0384254272","email":"contact@csj-emballages.com"}]}]}},"df_price":6.62,"df_sale_price":"","df_regular_price":6.62,"df_image_link":"https:\/\/www.csj-emballages.com\/wp-content\/uploads\/2024\/03\/16821-300x300.webp","tiered_pricing_type":"fixed","tiered_pricing_fixed_rules":[],"tiered_pricing_percentage_rules":[],"tiered_pricing_minimum":1,"tiered_pricing_roles_data":[],"_links":{"self":[{"href":"https:\/\/www.csj-emballages.com\/de\/wp-json\/wp\/v2\/product\/18743","targetHints":{"allow":["GET"]}}],"collection":[{"href":"https:\/\/www.csj-emballages.com\/de\/wp-json\/wp\/v2\/product"}],"about":[{"href":"https:\/\/www.csj-emballages.com\/de\/wp-json\/wp\/v2\/types\/product"}],"wp:featuredmedia":[{"embeddable":true,"href":"https:\/\/www.csj-emballages.com\/de\/wp-json\/wp\/v2\/media\/233354"}],"wp:attachment":[{"href":"https:\/\/www.csj-emballages.com\/de\/wp-json\/wp\/v2\/media?parent=18743"}],"wp:term":[{"taxonomy":"product_brand","embeddable":true,"href":"https:\/\/www.csj-emballages.com\/de\/wp-json\/wp\/v2\/product_brand?post=18743"},{"taxonomy":"product_cat","embeddable":true,"href":"https:\/\/www.csj-emballages.com\/de\/wp-json\/wp\/v2\/product_cat?post=18743"},{"taxonomy":"product_tag","embeddable":true,"href":"https:\/\/www.csj-emballages.com\/de\/wp-json\/wp\/v2\/product_tag?post=18743"}],"curies":[{"name":"wp","href":"https:\/\/api.w.org\/{rel}","templated":true}]}}