{"id":18718,"date":"2024-03-01T16:59:23","date_gmt":"2024-03-01T15:59:23","guid":{"rendered":"https:\/\/u15jnbdpoq.preview.infomaniak.website\/produit\/rezeptbuch-ausgaben-220-x-170-mm-elve\/"},"modified":"2026-04-03T02:11:31","modified_gmt":"2026-04-03T00:11:31","slug":"rezeptbuch-ausgaben-220-x-170-mm-elve","status":"publish","type":"product","link":"https:\/\/www.csj-emballages.com\/de\/produit\/rezeptbuch-ausgaben-220-x-170-mm-elve\/","title":{"rendered":"Einnahmen-\/Ausgabenbuch 220 x 170 mm ELVE"},"content":{"rendered":"<h2>Einnahmen-\/Ausgabenheft<\/h2>\n<hr>\n<h3>Beschreibung unseres Einnahmen-\/Ausgabenbuchs 220 x 170 mm ELVE<\/h3>\n<p><!--more--><\/p>\n<div class=\"flex-shrink-0 flex flex-col relative items-end\">\n<div class=\"pt-0.5 juice:pt-0\">\n<div class=\"gizmo-bot-avatar flex h-6 w-6 items-center justify-center overflow-hidden rounded-full juice:h-8 juice:w-8\">\n<div class=\"relative p-1 rounded-sm flex items-center justify-center bg-token-main-surface-primary text-token-text-primary h-8 w-8\">\n<p class=\"\" data-start=\"129\" data-end=\"360\">Ob Sie Handwerker, Kaufmann, Selbstst\u00e4ndiger oder sogar eine Privatperson sind, die auf ihre pers\u00f6nliche Verwaltung bedacht ist, dieses <strong data-start=\"242\" data-end=\"279\">ELVE Einnahmen-\/Ausgabenheft<\/strong> ist ein unverzichtbares Hilfsmittel, um Ihre t\u00e4glichen Finanzbewegungen zu verfolgen.<\/p>\n<p class=\"\" data-start=\"362\" data-end=\"737\">Denn mit seinem praktischen Format von <strong data-start=\"387\" data-end=\"403\">220 x 170 mm<\/strong> passt es problemlos in eine Tasche oder Schreibtischschublade und bietet gleichzeitig gen\u00fcgend Platz, um jeden Vorgang deutlich zu notieren. Die <strong>ELVE-Qualit\u00e4t<\/strong>, eine Referenzmarke f\u00fcr Schreibwaren f\u00fcr die <strong>Verwaltung<\/strong>, garantiert ein strapazierf\u00e4higes Papier und ein perfekt lesbares Layout, das f\u00fcr eine einfache, schnelle und effiziente Nutzung konzipiert ist. <\/p>\n<p class=\"\" data-start=\"739\" data-end=\"1131\">Ebenso k\u00f6nnen Sie auf jeder Seite die <strong data-start=\"780\" data-end=\"802\">Eing\u00e4nge (Einnahmen)<\/strong> und <strong data-start=\"806\" data-end=\"828\">Ausg\u00e4nge (Ausgaben)<\/strong> mit vorausgef\u00fcllten Spalten festhalten: Datum, Art des Gesch\u00e4ftsvorfalls, Betrag, Zahlungsweise etc. Dieses Notizbuch ist besonders n\u00fctzlich f\u00fcr Gewerbetreibende, die nicht vollst\u00e4ndig buchf\u00fchrungspflichtig sind, aber ihre Transaktionen belegen m\u00fcssen, wie Selbstst\u00e4ndige oder Freiberufler. <\/p>\n<p class=\"\" data-start=\"1133\" data-end=\"1430\">Es kann aber auch im pers\u00f6nlichen Bereich eingesetzt werden: zur \u00dcberwachung des Familienbudgets, zur Verwaltung einer Veranstaltung, zur \u00dcberwachung der Ausgaben eines Vereins oder eines einmaligen Projekts. Kurz gesagt: Es ist ein konkretes, klares und schn\u00f6rkelloses Werkzeug, um die Kontrolle \u00fcber Ihre Finanzen zu behalten. <\/p>\n<p class=\"\" data-start=\"1432\" data-end=\"1449\">\n<\/div>\n<\/div>\n<\/div>\n<\/div>\n<p><!--more--><\/p>\n<p><strong>Ihre Vorteile :<\/strong><\/p>\n<ul>\n<li><strong>Praktisches, transportables Format<\/strong>: 220 x 170 mm.<\/li>\n<li>Geeignet f\u00fcr Berufst\u00e4tige und Privatpersonen.<\/li>\n<li>Ideal f\u00fcr Selbstst\u00e4ndige oder kleine Einrichtungen.<\/li>\n<li>ELVE-Marke, die f\u00fcr ihre Zuverl\u00e4ssigkeit bekannt ist.<\/li>\n<\/ul>\n<p>&nbsp;<\/p>\n<p><!--more--><\/p>\n<h4>Weitere Informationen :<\/h4>\n<ul>\n<li><strong>Verpackung<\/strong>: Einzeln verkauft<\/li>\n<li><strong>Ma\u00dfe<\/strong>: 220 x 170 ( L x B in mm).<\/li>\n<li><strong>Seitenanzahl<\/strong>: 80<\/li>\n<li><strong>Material<\/strong>: Papier<\/li>\n<\/ul>\n<p>&nbsp;<\/p>\n<p><!--more--><\/p>\n<p>Hier finden Sie unser Heft mit den Interventionskarten : <span style=\"color: #d12727\"><a style=\"color: #d12727\" href=\"https:\/\/www.csj-emballages.com\/de\/produit\/carnet-fiche-dintervention-50-tripli-210-x-140-mm\/\">2143<\/a><\/span><\/p>\n<p>Sehen Sie sich auch unser Einkaufsregister 40 dupli an : <span style=\"color: #d12727\"><a style=\"color: #d12727\" href=\"https:\/\/www.csj-emballages.com\/de\/produit\/kaufregister-dupliziert-selbstunternehmer-ohne-mwst-297-x-210-mm-elve\/\">19546<\/a><\/span><\/p>\n<p>&nbsp;<\/p>\n<p><!--more--><\/p>\n<p><a href=\"https:\/\/www.csj-emballages.com\/de\/categorie-produit\/lebensmittelverpackungen\/boutique-und-geschaft\/briefpapier-und-kleinmaterial\/notizbucher\/\">Sehen Sie sich den Rest unseres Sortiments an Notizb\u00fcchern an<\/a><\/p>\n","protected":false},"excerpt":{"rendered":"<p>Einnahmen-\/Ausgabenheft Beschreibung unseres Einnahmen-\/Ausgabenbuchs 220 x 170 mm ELVE<\/p>\n","protected":false},"featured_media":231520,"template":"","meta":{"_acf_changed":false},"product_brand":[],"product_cat":[1487,1921,1923],"product_tag":[],"class_list":{"0":"post-18718","1":"product","2":"type-product","3":"status-publish","4":"has-post-thumbnail","6":"product_cat-boutique-und-geschaft","7":"product_cat-briefpapier-und-kleinmaterial","8":"product_cat-rezeptbuch-ausgaben","10":"first","11":"instock","12":"taxable","13":"shipping-taxable","14":"purchasable","15":"product-type-simple"},"acf":[],"yoast_head":"<!-- This site is optimized with the Yoast SEO Premium plugin v26.6 (Yoast SEO v26.6) - https:\/\/yoast.com\/wordpress\/plugins\/seo\/ -->\n<title>Einnahmen-\/Ausgabenbuch 220 x 170 mm ELVE<\/title>\n<meta name=\"description\" content=\"ELVE Einnahmen-\/Ausgabenbuch 220 x 170 mm, ideal f\u00fcr Selbstst\u00e4ndige oder Privatpersonen. \u00dcbersichtliche Verfolgung Ihrer Finanzen im Alltag.\" \/>\n<meta name=\"robots\" content=\"index, follow, max-snippet:-1, max-image-preview:large, max-video-preview:-1\" \/>\n<link rel=\"canonical\" href=\"https:\/\/www.csj-emballages.com\/de\/produit\/rezeptbuch-ausgaben-220-x-170-mm-elve\/\" \/>\n<meta property=\"og:locale\" content=\"de_DE\" \/>\n<meta property=\"og:type\" content=\"article\" \/>\n<meta property=\"og:title\" content=\"Einnahmen-\/Ausgabenbuch 220 x 170 mm ELVE\" \/>\n<meta property=\"og:description\" content=\"ELVE Einnahmen-\/Ausgabenbuch 220 x 170 mm, ideal f\u00fcr Selbstst\u00e4ndige oder Privatpersonen. \u00dcbersichtliche Verfolgung Ihrer Finanzen im Alltag.\" \/>\n<meta property=\"og:url\" content=\"https:\/\/www.csj-emballages.com\/de\/produit\/rezeptbuch-ausgaben-220-x-170-mm-elve\/\" \/>\n<meta property=\"og:site_name\" content=\"CSJ Emballages\" \/>\n<meta property=\"article:publisher\" content=\"https:\/\/www.facebook.com\/csjemballages\" \/>\n<meta property=\"article:modified_time\" content=\"2026-04-03T00:11:31+00:00\" \/>\n<meta property=\"og:image\" content=\"https:\/\/www.csj-emballages.com\/wp-content\/uploads\/2024\/03\/1329.webp\" \/>\n\t<meta property=\"og:image:width\" content=\"800\" \/>\n\t<meta property=\"og:image:height\" content=\"800\" \/>\n\t<meta property=\"og:image:type\" content=\"image\/webp\" \/>\n<meta name=\"twitter:card\" content=\"summary_large_image\" \/>\n<meta name=\"twitter:label1\" content=\"Gesch\u00e4tzte Lesezeit\" \/>\n\t<meta name=\"twitter:data1\" content=\"1\u00a0Minute\" \/>\n<script type=\"application\/ld+json\" class=\"yoast-schema-graph\">{\"@context\":\"https:\/\/schema.org\",\"@graph\":[{\"@type\":\"WebPage\",\"@id\":\"https:\/\/www.csj-emballages.com\/de\/produit\/rezeptbuch-ausgaben-220-x-170-mm-elve\/\",\"url\":\"https:\/\/www.csj-emballages.com\/de\/produit\/rezeptbuch-ausgaben-220-x-170-mm-elve\/\",\"name\":\"Einnahmen-\/Ausgabenbuch 220 x 170 mm ELVE\",\"isPartOf\":{\"@id\":\"https:\/\/www.csj-emballages.com\/de\/#website\"},\"primaryImageOfPage\":{\"@id\":\"https:\/\/www.csj-emballages.com\/de\/produit\/rezeptbuch-ausgaben-220-x-170-mm-elve\/#primaryimage\"},\"image\":{\"@id\":\"https:\/\/www.csj-emballages.com\/de\/produit\/rezeptbuch-ausgaben-220-x-170-mm-elve\/#primaryimage\"},\"thumbnailUrl\":\"https:\/\/www.csj-emballages.com\/wp-content\/uploads\/2024\/03\/1329.webp\",\"datePublished\":\"2024-03-01T15:59:23+00:00\",\"dateModified\":\"2026-04-03T00:11:31+00:00\",\"description\":\"ELVE Einnahmen-\/Ausgabenbuch 220 x 170 mm, ideal f\u00fcr Selbstst\u00e4ndige oder Privatpersonen. \u00dcbersichtliche Verfolgung Ihrer Finanzen im Alltag.\",\"breadcrumb\":{\"@id\":\"https:\/\/www.csj-emballages.com\/de\/produit\/rezeptbuch-ausgaben-220-x-170-mm-elve\/#breadcrumb\"},\"inLanguage\":\"de\",\"potentialAction\":[{\"@type\":\"ReadAction\",\"target\":[\"https:\/\/www.csj-emballages.com\/de\/produit\/rezeptbuch-ausgaben-220-x-170-mm-elve\/\"]}]},{\"@type\":\"ImageObject\",\"inLanguage\":\"de\",\"@id\":\"https:\/\/www.csj-emballages.com\/de\/produit\/rezeptbuch-ausgaben-220-x-170-mm-elve\/#primaryimage\",\"url\":\"https:\/\/www.csj-emballages.com\/wp-content\/uploads\/2024\/03\/1329.webp\",\"contentUrl\":\"https:\/\/www.csj-emballages.com\/wp-content\/uploads\/2024\/03\/1329.webp\",\"width\":800,\"height\":800,\"caption\":\"Carnet des recettes \/ d\u00e9penses\"},{\"@type\":\"BreadcrumbList\",\"@id\":\"https:\/\/www.csj-emballages.com\/de\/produit\/rezeptbuch-ausgaben-220-x-170-mm-elve\/#breadcrumb\",\"itemListElement\":[{\"@type\":\"ListItem\",\"position\":1,\"name\":\"Accueil\",\"item\":\"https:\/\/www.csj-emballages.com\/de\/universum-lebensmittelverpackungen\/\"},{\"@type\":\"ListItem\",\"position\":2,\"name\":\"Shop\",\"item\":\"https:\/\/www.csj-emballages.com\/shop\/\"},{\"@type\":\"ListItem\",\"position\":3,\"name\":\"Einnahmen-\/Ausgabenbuch 220 x 170 mm ELVE\"}]},{\"@type\":\"WebSite\",\"@id\":\"https:\/\/www.csj-emballages.com\/de\/#website\",\"url\":\"https:\/\/www.csj-emballages.com\/de\/\",\"name\":\"CSJ Emballages\",\"description\":\"\",\"publisher\":{\"@id\":\"https:\/\/www.csj-emballages.com\/de\/#organization\"},\"potentialAction\":[{\"@type\":\"SearchAction\",\"target\":{\"@type\":\"EntryPoint\",\"urlTemplate\":\"https:\/\/www.csj-emballages.com\/de\/?s={search_term_string}\"},\"query-input\":{\"@type\":\"PropertyValueSpecification\",\"valueRequired\":true,\"valueName\":\"search_term_string\"}}],\"inLanguage\":\"de\"},{\"@type\":\"Organization\",\"@id\":\"https:\/\/www.csj-emballages.com\/de\/#Organization\/\",\"name\":\"CSJ Emballages\",\"url\":\"https:\/\/www.csj-emballages.com\/de\/\",\"logo\":{\"@type\":\"ImageObject\",\"inLanguage\":\"de\",\"@id\":\"https:\/\/www.csj-emballages.com\/de\/#\/schema\/logo\/image\/\",\"url\":\"https:\/\/www.csj-emballages.com\/wp-content\/uploads\/2023\/10\/logo_csj.webp\",\"contentUrl\":\"https:\/\/www.csj-emballages.com\/wp-content\/uploads\/2023\/10\/logo_csj.webp\",\"width\":250,\"height\":95,\"caption\":\"CSJ Emballages\"},\"image\":{\"@id\":\"https:\/\/www.csj-emballages.com\/de\/#\/schema\/logo\/image\/\"},\"sameAs\":[\"https:\/\/www.facebook.com\/csjemballages\"],\"address\":{\"@type\":\"PostalAddress\",\"streetAddress\":\"ZI La Lechere\",\"addressLocality\":\"Patornay\",\"postalCode\":\"39130\",\"addressCountry\":\"FR\"},\"contactPoint\":[{\"@type\":\"ContactPoint\",\"contactType\":\"Service client\",\"telephone\":\"0384254272\",\"email\":\"contact@csj-emballages.com\"}]}]}<\/script>\n<!-- \/ Yoast SEO Premium plugin. -->","yoast_head_json":{"title":"Einnahmen-\/Ausgabenbuch 220 x 170 mm ELVE","description":"ELVE Einnahmen-\/Ausgabenbuch 220 x 170 mm, ideal f\u00fcr Selbstst\u00e4ndige oder Privatpersonen. \u00dcbersichtliche Verfolgung Ihrer Finanzen im Alltag.","robots":{"index":"index","follow":"follow","max-snippet":"max-snippet:-1","max-image-preview":"max-image-preview:large","max-video-preview":"max-video-preview:-1"},"canonical":"https:\/\/www.csj-emballages.com\/de\/produit\/rezeptbuch-ausgaben-220-x-170-mm-elve\/","og_locale":"de_DE","og_type":"article","og_title":"Einnahmen-\/Ausgabenbuch 220 x 170 mm ELVE","og_description":"ELVE Einnahmen-\/Ausgabenbuch 220 x 170 mm, ideal f\u00fcr Selbstst\u00e4ndige oder Privatpersonen. \u00dcbersichtliche Verfolgung Ihrer Finanzen im Alltag.","og_url":"https:\/\/www.csj-emballages.com\/de\/produit\/rezeptbuch-ausgaben-220-x-170-mm-elve\/","og_site_name":"CSJ Emballages","article_publisher":"https:\/\/www.facebook.com\/csjemballages","article_modified_time":"2026-04-03T00:11:31+00:00","og_image":[{"width":800,"height":800,"url":"https:\/\/www.csj-emballages.com\/wp-content\/uploads\/2024\/03\/1329.webp","type":"image\/webp"}],"twitter_card":"summary_large_image","twitter_misc":{"Gesch\u00e4tzte Lesezeit":"1\u00a0Minute"},"schema":{"@context":"https:\/\/schema.org","@graph":[{"@type":"WebPage","@id":"https:\/\/www.csj-emballages.com\/de\/produit\/rezeptbuch-ausgaben-220-x-170-mm-elve\/","url":"https:\/\/www.csj-emballages.com\/de\/produit\/rezeptbuch-ausgaben-220-x-170-mm-elve\/","name":"Einnahmen-\/Ausgabenbuch 220 x 170 mm ELVE","isPartOf":{"@id":"https:\/\/www.csj-emballages.com\/de\/#website"},"primaryImageOfPage":{"@id":"https:\/\/www.csj-emballages.com\/de\/produit\/rezeptbuch-ausgaben-220-x-170-mm-elve\/#primaryimage"},"image":{"@id":"https:\/\/www.csj-emballages.com\/de\/produit\/rezeptbuch-ausgaben-220-x-170-mm-elve\/#primaryimage"},"thumbnailUrl":"https:\/\/www.csj-emballages.com\/wp-content\/uploads\/2024\/03\/1329.webp","datePublished":"2024-03-01T15:59:23+00:00","dateModified":"2026-04-03T00:11:31+00:00","description":"ELVE Einnahmen-\/Ausgabenbuch 220 x 170 mm, ideal f\u00fcr Selbstst\u00e4ndige oder Privatpersonen. \u00dcbersichtliche Verfolgung Ihrer Finanzen im Alltag.","breadcrumb":{"@id":"https:\/\/www.csj-emballages.com\/de\/produit\/rezeptbuch-ausgaben-220-x-170-mm-elve\/#breadcrumb"},"inLanguage":"de","potentialAction":[{"@type":"ReadAction","target":["https:\/\/www.csj-emballages.com\/de\/produit\/rezeptbuch-ausgaben-220-x-170-mm-elve\/"]}]},{"@type":"ImageObject","inLanguage":"de","@id":"https:\/\/www.csj-emballages.com\/de\/produit\/rezeptbuch-ausgaben-220-x-170-mm-elve\/#primaryimage","url":"https:\/\/www.csj-emballages.com\/wp-content\/uploads\/2024\/03\/1329.webp","contentUrl":"https:\/\/www.csj-emballages.com\/wp-content\/uploads\/2024\/03\/1329.webp","width":800,"height":800,"caption":"Carnet des recettes \/ d\u00e9penses"},{"@type":"BreadcrumbList","@id":"https:\/\/www.csj-emballages.com\/de\/produit\/rezeptbuch-ausgaben-220-x-170-mm-elve\/#breadcrumb","itemListElement":[{"@type":"ListItem","position":1,"name":"Accueil","item":"https:\/\/www.csj-emballages.com\/de\/universum-lebensmittelverpackungen\/"},{"@type":"ListItem","position":2,"name":"Shop","item":"https:\/\/www.csj-emballages.com\/shop\/"},{"@type":"ListItem","position":3,"name":"Einnahmen-\/Ausgabenbuch 220 x 170 mm ELVE"}]},{"@type":"WebSite","@id":"https:\/\/www.csj-emballages.com\/de\/#website","url":"https:\/\/www.csj-emballages.com\/de\/","name":"CSJ Emballages","description":"","publisher":{"@id":"https:\/\/www.csj-emballages.com\/de\/#organization"},"potentialAction":[{"@type":"SearchAction","target":{"@type":"EntryPoint","urlTemplate":"https:\/\/www.csj-emballages.com\/de\/?s={search_term_string}"},"query-input":{"@type":"PropertyValueSpecification","valueRequired":true,"valueName":"search_term_string"}}],"inLanguage":"de"},{"@type":"Organization","@id":"https:\/\/www.csj-emballages.com\/de\/#Organization\/","name":"CSJ Emballages","url":"https:\/\/www.csj-emballages.com\/de\/","logo":{"@type":"ImageObject","inLanguage":"de","@id":"https:\/\/www.csj-emballages.com\/de\/#\/schema\/logo\/image\/","url":"https:\/\/www.csj-emballages.com\/wp-content\/uploads\/2023\/10\/logo_csj.webp","contentUrl":"https:\/\/www.csj-emballages.com\/wp-content\/uploads\/2023\/10\/logo_csj.webp","width":250,"height":95,"caption":"CSJ Emballages"},"image":{"@id":"https:\/\/www.csj-emballages.com\/de\/#\/schema\/logo\/image\/"},"sameAs":["https:\/\/www.facebook.com\/csjemballages"],"address":{"@type":"PostalAddress","streetAddress":"ZI La Lechere","addressLocality":"Patornay","postalCode":"39130","addressCountry":"FR"},"contactPoint":[{"@type":"ContactPoint","contactType":"Service client","telephone":"0384254272","email":"contact@csj-emballages.com"}]}]}},"df_price":11.17,"df_sale_price":"","df_regular_price":11.17,"df_image_link":"https:\/\/www.csj-emballages.com\/wp-content\/uploads\/2024\/03\/1329-300x300.webp","tiered_pricing_type":"fixed","tiered_pricing_fixed_rules":[],"tiered_pricing_percentage_rules":[],"tiered_pricing_minimum":1,"tiered_pricing_roles_data":[],"_links":{"self":[{"href":"https:\/\/www.csj-emballages.com\/de\/wp-json\/wp\/v2\/product\/18718","targetHints":{"allow":["GET"]}}],"collection":[{"href":"https:\/\/www.csj-emballages.com\/de\/wp-json\/wp\/v2\/product"}],"about":[{"href":"https:\/\/www.csj-emballages.com\/de\/wp-json\/wp\/v2\/types\/product"}],"wp:featuredmedia":[{"embeddable":true,"href":"https:\/\/www.csj-emballages.com\/de\/wp-json\/wp\/v2\/media\/231520"}],"wp:attachment":[{"href":"https:\/\/www.csj-emballages.com\/de\/wp-json\/wp\/v2\/media?parent=18718"}],"wp:term":[{"taxonomy":"product_brand","embeddable":true,"href":"https:\/\/www.csj-emballages.com\/de\/wp-json\/wp\/v2\/product_brand?post=18718"},{"taxonomy":"product_cat","embeddable":true,"href":"https:\/\/www.csj-emballages.com\/de\/wp-json\/wp\/v2\/product_cat?post=18718"},{"taxonomy":"product_tag","embeddable":true,"href":"https:\/\/www.csj-emballages.com\/de\/wp-json\/wp\/v2\/product_tag?post=18718"}],"curies":[{"name":"wp","href":"https:\/\/api.w.org\/{rel}","templated":true}]}}