{"id":18707,"date":"2024-03-01T16:59:22","date_gmt":"2024-03-01T15:59:22","guid":{"rendered":"https:\/\/u15jnbdpoq.preview.infomaniak.website\/produit\/transparentes-pvc-klebeband-19mm-x-100m\/"},"modified":"2026-04-18T02:11:21","modified_gmt":"2026-04-18T00:11:21","slug":"transparentes-pvc-klebeband-19mm-x-100m","status":"publish","type":"product","link":"https:\/\/www.csj-emballages.com\/de\/produit\/transparentes-pvc-klebeband-19mm-x-100m\/","title":{"rendered":"Transparentes PVC-Klebeband 19mm x 66m"},"content":{"rendered":"<h2>Transparentes Klebeband<\/h2>\n<hr>\n<h3>Entdecken Sie unser transparentes PVC-Klebeband 19 mm x 66 m<\/h3>\n<p><!--more--><\/p>\n<p data-start=\"263\" data-end=\"655\">Das <strong>transparente PVC-Klebeband 19 mm x 66 m<\/strong> ist ein unverzichtbares Hilfsmittel f\u00fcr alle Verpackungs-, Verschluss- und leichte Befestigungsarbeiten, sowohl im professionellen Umfeld als auch f\u00fcr den t\u00e4glichen Gebrauch. Hergestellt aus einer hochwertigen <strong>PVC-Folie<\/strong>, bietet es eine hervorragende Kombination aus Widerstandsf\u00e4higkeit, Flexibilit\u00e4t und Klebkraft, die eine zuverl\u00e4ssige Anwendung in vielen Situationen gew\u00e4hrleistet. <\/p>\n<p data-start=\"657\" data-end=\"1005\">Tats\u00e4chlich erm\u00f6glicht seine <strong>Transparenz<\/strong> ein <strong>sauberes und diskretes<\/strong> Finish, ohne Informationen auf Kartons, Dokumenten oder Verpackungen zu verdecken. Es wird besonders gesch\u00e4tzt f\u00fcr den <strong>Paketversand, die Kommissionierung, die Lagerorganisation, B\u00fcros oder Gesch\u00e4fte<\/strong>, die ein gepflegtes und professionelles Erscheinungsbild bewahren m\u00f6chten. <\/p>\n<p data-start=\"1007\" data-end=\"1339\">Mit einer <strong>Breite von 19 mm<\/strong> ist dieses <strong>Klebeband<\/strong> ideal f\u00fcr <strong>pr\u00e4zise Verschl\u00fcsse<\/strong>, kleine Pakete, leichte bis mittelschwere Kartons sowie f\u00fcr tempor\u00e4re Halte- oder Montagearbeiten. Seine <strong>L\u00e4nge von 66 Metern<\/strong> gew\u00e4hrleistet eine ausreichende Nutzung. <\/p>\n<p data-start=\"1341\" data-end=\"1661\">Das Abrollen ist fl\u00fcssig und ger\u00e4uschlos, was den t\u00e4glichen Nutzungskomfort verbessert, insbesondere bei wiederholtem Gebrauch. Sein leistungsstarker Klebstoff gew\u00e4hrleistet eine schnelle Haftung auf den meisten g\u00e4ngigen Oberfl\u00e4chen wie <strong>Karton, Papier oder Kunststoff<\/strong> und bietet gleichzeitig einen zuverl\u00e4ssigen Halt \u00fcber die Zeit. <\/p>\n<p data-start=\"1663\" data-end=\"1875\">Zusammenfassend erf\u00fcllt das <strong>transparente PVC-Klebeband 19 mm x 66 m<\/strong> perfekt die Anforderungen von Fachleuten aus Logistik, Handel, Industrie oder Verwaltungsdienstleistungen.<\/p>\n<p data-start=\"1663\" data-end=\"1875\">\n<p data-start=\"1663\" data-end=\"1875\"><!--more--><\/p>\n<h4 data-start=\"1663\" data-end=\"1875\">Vorteile :<\/h4>\n<ul>\n<li data-start=\"1913\" data-end=\"1968\"><strong>Optimale Transparenz<\/strong> f\u00fcr ein diskretes und gepflegtes Ergebnis.<\/li>\n<li data-start=\"1971\" data-end=\"2022\"><strong>PVC-Folie<\/strong>, rei\u00df- und feuchtigkeitsbest\u00e4ndig.<\/li>\n<li data-start=\"2025\" data-end=\"2070\">Hervorragende Haftung auf g\u00e4ngigen Oberfl\u00e4chen.<\/li>\n<li data-start=\"2073\" data-end=\"2107\">Fl\u00fcssiges und ger\u00e4uschloses Abrollen.<\/li>\n<li data-start=\"2110\" data-end=\"2165\">Praktisches Format f\u00fcr eine <strong>pr\u00e4zise<\/strong> und professionelle Anwendung.<\/li>\n<li data-start=\"2168\" data-end=\"2228\">Geeignet f\u00fcr Profis und Privatpersonen gleicherma\u00dfen.<\/li>\n<\/ul>\n<p>&nbsp;<\/p>\n<p><!--more--><\/p>\n<h4>Weitere Informationen :<\/h4>\n<ul>\n<li><strong>Verpackung<\/strong>: Einzeln<\/li>\n<li><strong>Breite<\/strong>: 19 mm<\/li>\n<li><strong>L\u00e4nge<\/strong>: 66 m<\/li>\n<li><strong>Farbe<\/strong>: Transparent<\/li>\n<li><strong>Material<\/strong>: PVC<\/li>\n<\/ul>\n<p>&nbsp;<\/p>\n<p><!--more--><\/p>\n<p>Hier finden Sie unser braunes PVC-Klebeband 48 mm x 126 m: <span style=\"color: #d12727;\"><a style=\"color: #d12727;\" href=\"https:\/\/www.csj-emballages.com\/de\/produit\/braunes-klebeband-bopp-48mm-x-126m\/\">SCOTCHPVC<\/a><\/span><\/p>\n<p>&nbsp;<\/p>\n<p><!--more--><\/p>\n<p><a href=\"https:\/\/www.csj-emballages.com\/de\/categorie-produit\/industrielle-verpackungen\/abroller-und-klebebander\/\">Entdecken Sie unser restliches Sortiment an Abrollern und Klebeb\u00e4ndern<\/a><\/p>\n<p>&nbsp;<\/p>\n","protected":false},"excerpt":{"rendered":"<p>Transparentes Klebeband Entdecken Sie unser transparentes PVC-Klebeband 19 mm x 66 m<\/p>\n","protected":false},"featured_media":263394,"template":"","meta":{"_acf_changed":false},"product_brand":[],"product_cat":[1137,1206,1913],"product_tag":[],"class_list":{"0":"post-18707","1":"product","2":"type-product","3":"status-publish","4":"has-post-thumbnail","6":"product_cat-lebensmittelverpackungen","7":"product_cat-industrielle-verpackungen","8":"product_cat-abroller-und-klebebander","10":"first","11":"instock","12":"taxable","13":"shipping-taxable","14":"purchasable","15":"product-type-simple"},"acf":[],"yoast_head":"<!-- This site is optimized with the Yoast SEO Premium plugin v26.6 (Yoast SEO v26.6) - https:\/\/yoast.com\/wordpress\/plugins\/seo\/ -->\n<title>Transparentes PVC-Klebeband 19 mm x 66 m<\/title>\n<meta name=\"description\" content=\"Transparentes PVC-Klebeband 19 mm x 66 m, widerstandsf\u00e4hig und diskret. Ideal zum Verpacken, Verschlie\u00dfen von Paketen und f\u00fcr den professionellen oder B\u00fcrogebrauch.\" \/>\n<meta name=\"robots\" content=\"index, follow, max-snippet:-1, max-image-preview:large, max-video-preview:-1\" \/>\n<link rel=\"canonical\" href=\"https:\/\/www.csj-emballages.com\/de\/produit\/transparentes-pvc-klebeband-19mm-x-100m\/\" \/>\n<meta property=\"og:locale\" content=\"de_DE\" \/>\n<meta property=\"og:type\" content=\"article\" \/>\n<meta property=\"og:title\" content=\"Transparentes PVC-Klebeband 19mm x 66m\" \/>\n<meta property=\"og:description\" content=\"Transparentes PVC-Klebeband 19 mm x 66 m, widerstandsf\u00e4hig und diskret. Ideal zum Verpacken, Verschlie\u00dfen von Paketen und f\u00fcr den professionellen oder B\u00fcrogebrauch.\" \/>\n<meta property=\"og:url\" content=\"https:\/\/www.csj-emballages.com\/de\/produit\/transparentes-pvc-klebeband-19mm-x-100m\/\" \/>\n<meta property=\"og:site_name\" content=\"CSJ Emballages\" \/>\n<meta property=\"article:publisher\" content=\"https:\/\/www.facebook.com\/csjemballages\" \/>\n<meta property=\"article:modified_time\" content=\"2026-04-18T00:11:21+00:00\" \/>\n<meta property=\"og:image\" content=\"https:\/\/www.csj-emballages.com\/wp-content\/uploads\/2024\/03\/13520.webp\" \/>\n\t<meta property=\"og:image:width\" content=\"800\" \/>\n\t<meta property=\"og:image:height\" content=\"800\" \/>\n\t<meta property=\"og:image:type\" content=\"image\/webp\" \/>\n<meta name=\"twitter:card\" content=\"summary_large_image\" \/>\n<meta name=\"twitter:label1\" content=\"Gesch\u00e4tzte Lesezeit\" \/>\n\t<meta name=\"twitter:data1\" content=\"2 Minuten\" \/>\n<script type=\"application\/ld+json\" class=\"yoast-schema-graph\">{\"@context\":\"https:\/\/schema.org\",\"@graph\":[{\"@type\":\"WebPage\",\"@id\":\"https:\/\/www.csj-emballages.com\/de\/produit\/transparentes-pvc-klebeband-19mm-x-100m\/\",\"url\":\"https:\/\/www.csj-emballages.com\/de\/produit\/transparentes-pvc-klebeband-19mm-x-100m\/\",\"name\":\"Transparentes PVC-Klebeband 19 mm x 66 m\",\"isPartOf\":{\"@id\":\"https:\/\/www.csj-emballages.com\/de\/#website\"},\"primaryImageOfPage\":{\"@id\":\"https:\/\/www.csj-emballages.com\/de\/produit\/transparentes-pvc-klebeband-19mm-x-100m\/#primaryimage\"},\"image\":{\"@id\":\"https:\/\/www.csj-emballages.com\/de\/produit\/transparentes-pvc-klebeband-19mm-x-100m\/#primaryimage\"},\"thumbnailUrl\":\"https:\/\/www.csj-emballages.com\/wp-content\/uploads\/2024\/03\/13520.webp\",\"datePublished\":\"2024-03-01T15:59:22+00:00\",\"dateModified\":\"2026-04-18T00:11:21+00:00\",\"description\":\"Transparentes PVC-Klebeband 19 mm x 66 m, widerstandsf\u00e4hig und diskret. Ideal zum Verpacken, Verschlie\u00dfen von Paketen und f\u00fcr den professionellen oder B\u00fcrogebrauch.\",\"breadcrumb\":{\"@id\":\"https:\/\/www.csj-emballages.com\/de\/produit\/transparentes-pvc-klebeband-19mm-x-100m\/#breadcrumb\"},\"inLanguage\":\"de\",\"potentialAction\":[{\"@type\":\"ReadAction\",\"target\":[\"https:\/\/www.csj-emballages.com\/de\/produit\/transparentes-pvc-klebeband-19mm-x-100m\/\"]}]},{\"@type\":\"ImageObject\",\"inLanguage\":\"de\",\"@id\":\"https:\/\/www.csj-emballages.com\/de\/produit\/transparentes-pvc-klebeband-19mm-x-100m\/#primaryimage\",\"url\":\"https:\/\/www.csj-emballages.com\/wp-content\/uploads\/2024\/03\/13520.webp\",\"contentUrl\":\"https:\/\/www.csj-emballages.com\/wp-content\/uploads\/2024\/03\/13520.webp\",\"width\":800,\"height\":800,\"caption\":\"Ruban adh\u00e9sif transparent\"},{\"@type\":\"BreadcrumbList\",\"@id\":\"https:\/\/www.csj-emballages.com\/de\/produit\/transparentes-pvc-klebeband-19mm-x-100m\/#breadcrumb\",\"itemListElement\":[{\"@type\":\"ListItem\",\"position\":1,\"name\":\"Accueil\",\"item\":\"https:\/\/www.csj-emballages.com\/de\/universum-lebensmittelverpackungen\/\"},{\"@type\":\"ListItem\",\"position\":2,\"name\":\"Shop\",\"item\":\"https:\/\/www.csj-emballages.com\/shop\/\"},{\"@type\":\"ListItem\",\"position\":3,\"name\":\"Transparentes PVC-Klebeband 19mm x 66m\"}]},{\"@type\":\"WebSite\",\"@id\":\"https:\/\/www.csj-emballages.com\/de\/#website\",\"url\":\"https:\/\/www.csj-emballages.com\/de\/\",\"name\":\"CSJ Emballages\",\"description\":\"\",\"publisher\":{\"@id\":\"https:\/\/www.csj-emballages.com\/de\/#organization\"},\"potentialAction\":[{\"@type\":\"SearchAction\",\"target\":{\"@type\":\"EntryPoint\",\"urlTemplate\":\"https:\/\/www.csj-emballages.com\/de\/?s={search_term_string}\"},\"query-input\":{\"@type\":\"PropertyValueSpecification\",\"valueRequired\":true,\"valueName\":\"search_term_string\"}}],\"inLanguage\":\"de\"},{\"@type\":\"Organization\",\"@id\":\"https:\/\/www.csj-emballages.com\/de\/#Organization\/\",\"name\":\"CSJ Emballages\",\"url\":\"https:\/\/www.csj-emballages.com\/de\/\",\"logo\":{\"@type\":\"ImageObject\",\"inLanguage\":\"de\",\"@id\":\"https:\/\/www.csj-emballages.com\/de\/#\/schema\/logo\/image\/\",\"url\":\"https:\/\/www.csj-emballages.com\/wp-content\/uploads\/2023\/10\/logo_csj.webp\",\"contentUrl\":\"https:\/\/www.csj-emballages.com\/wp-content\/uploads\/2023\/10\/logo_csj.webp\",\"width\":250,\"height\":95,\"caption\":\"CSJ Emballages\"},\"image\":{\"@id\":\"https:\/\/www.csj-emballages.com\/de\/#\/schema\/logo\/image\/\"},\"sameAs\":[\"https:\/\/www.facebook.com\/csjemballages\"],\"address\":{\"@type\":\"PostalAddress\",\"streetAddress\":\"ZI La Lechere\",\"addressLocality\":\"Patornay\",\"postalCode\":\"39130\",\"addressCountry\":\"FR\"},\"contactPoint\":[{\"@type\":\"ContactPoint\",\"contactType\":\"Service client\",\"telephone\":\"0384254272\",\"email\":\"contact@csj-emballages.com\"}]}]}<\/script>\n<!-- \/ Yoast SEO Premium plugin. -->","yoast_head_json":{"title":"Transparentes PVC-Klebeband 19 mm x 66 m","description":"Transparentes PVC-Klebeband 19 mm x 66 m, widerstandsf\u00e4hig und diskret. Ideal zum Verpacken, Verschlie\u00dfen von Paketen und f\u00fcr den professionellen oder B\u00fcrogebrauch.","robots":{"index":"index","follow":"follow","max-snippet":"max-snippet:-1","max-image-preview":"max-image-preview:large","max-video-preview":"max-video-preview:-1"},"canonical":"https:\/\/www.csj-emballages.com\/de\/produit\/transparentes-pvc-klebeband-19mm-x-100m\/","og_locale":"de_DE","og_type":"article","og_title":"Transparentes PVC-Klebeband 19mm x 66m","og_description":"Transparentes PVC-Klebeband 19 mm x 66 m, widerstandsf\u00e4hig und diskret. Ideal zum Verpacken, Verschlie\u00dfen von Paketen und f\u00fcr den professionellen oder B\u00fcrogebrauch.","og_url":"https:\/\/www.csj-emballages.com\/de\/produit\/transparentes-pvc-klebeband-19mm-x-100m\/","og_site_name":"CSJ Emballages","article_publisher":"https:\/\/www.facebook.com\/csjemballages","article_modified_time":"2026-04-18T00:11:21+00:00","og_image":[{"width":800,"height":800,"url":"https:\/\/www.csj-emballages.com\/wp-content\/uploads\/2024\/03\/13520.webp","type":"image\/webp"}],"twitter_card":"summary_large_image","twitter_misc":{"Gesch\u00e4tzte Lesezeit":"2 Minuten"},"schema":{"@context":"https:\/\/schema.org","@graph":[{"@type":"WebPage","@id":"https:\/\/www.csj-emballages.com\/de\/produit\/transparentes-pvc-klebeband-19mm-x-100m\/","url":"https:\/\/www.csj-emballages.com\/de\/produit\/transparentes-pvc-klebeband-19mm-x-100m\/","name":"Transparentes PVC-Klebeband 19 mm x 66 m","isPartOf":{"@id":"https:\/\/www.csj-emballages.com\/de\/#website"},"primaryImageOfPage":{"@id":"https:\/\/www.csj-emballages.com\/de\/produit\/transparentes-pvc-klebeband-19mm-x-100m\/#primaryimage"},"image":{"@id":"https:\/\/www.csj-emballages.com\/de\/produit\/transparentes-pvc-klebeband-19mm-x-100m\/#primaryimage"},"thumbnailUrl":"https:\/\/www.csj-emballages.com\/wp-content\/uploads\/2024\/03\/13520.webp","datePublished":"2024-03-01T15:59:22+00:00","dateModified":"2026-04-18T00:11:21+00:00","description":"Transparentes PVC-Klebeband 19 mm x 66 m, widerstandsf\u00e4hig und diskret. Ideal zum Verpacken, Verschlie\u00dfen von Paketen und f\u00fcr den professionellen oder B\u00fcrogebrauch.","breadcrumb":{"@id":"https:\/\/www.csj-emballages.com\/de\/produit\/transparentes-pvc-klebeband-19mm-x-100m\/#breadcrumb"},"inLanguage":"de","potentialAction":[{"@type":"ReadAction","target":["https:\/\/www.csj-emballages.com\/de\/produit\/transparentes-pvc-klebeband-19mm-x-100m\/"]}]},{"@type":"ImageObject","inLanguage":"de","@id":"https:\/\/www.csj-emballages.com\/de\/produit\/transparentes-pvc-klebeband-19mm-x-100m\/#primaryimage","url":"https:\/\/www.csj-emballages.com\/wp-content\/uploads\/2024\/03\/13520.webp","contentUrl":"https:\/\/www.csj-emballages.com\/wp-content\/uploads\/2024\/03\/13520.webp","width":800,"height":800,"caption":"Ruban adh\u00e9sif transparent"},{"@type":"BreadcrumbList","@id":"https:\/\/www.csj-emballages.com\/de\/produit\/transparentes-pvc-klebeband-19mm-x-100m\/#breadcrumb","itemListElement":[{"@type":"ListItem","position":1,"name":"Accueil","item":"https:\/\/www.csj-emballages.com\/de\/universum-lebensmittelverpackungen\/"},{"@type":"ListItem","position":2,"name":"Shop","item":"https:\/\/www.csj-emballages.com\/shop\/"},{"@type":"ListItem","position":3,"name":"Transparentes PVC-Klebeband 19mm x 66m"}]},{"@type":"WebSite","@id":"https:\/\/www.csj-emballages.com\/de\/#website","url":"https:\/\/www.csj-emballages.com\/de\/","name":"CSJ Emballages","description":"","publisher":{"@id":"https:\/\/www.csj-emballages.com\/de\/#organization"},"potentialAction":[{"@type":"SearchAction","target":{"@type":"EntryPoint","urlTemplate":"https:\/\/www.csj-emballages.com\/de\/?s={search_term_string}"},"query-input":{"@type":"PropertyValueSpecification","valueRequired":true,"valueName":"search_term_string"}}],"inLanguage":"de"},{"@type":"Organization","@id":"https:\/\/www.csj-emballages.com\/de\/#Organization\/","name":"CSJ Emballages","url":"https:\/\/www.csj-emballages.com\/de\/","logo":{"@type":"ImageObject","inLanguage":"de","@id":"https:\/\/www.csj-emballages.com\/de\/#\/schema\/logo\/image\/","url":"https:\/\/www.csj-emballages.com\/wp-content\/uploads\/2023\/10\/logo_csj.webp","contentUrl":"https:\/\/www.csj-emballages.com\/wp-content\/uploads\/2023\/10\/logo_csj.webp","width":250,"height":95,"caption":"CSJ Emballages"},"image":{"@id":"https:\/\/www.csj-emballages.com\/de\/#\/schema\/logo\/image\/"},"sameAs":["https:\/\/www.facebook.com\/csjemballages"],"address":{"@type":"PostalAddress","streetAddress":"ZI La Lechere","addressLocality":"Patornay","postalCode":"39130","addressCountry":"FR"},"contactPoint":[{"@type":"ContactPoint","contactType":"Service client","telephone":"0384254272","email":"contact@csj-emballages.com"}]}]}},"df_price":1.74,"df_sale_price":"","df_regular_price":1.74,"df_image_link":"https:\/\/www.csj-emballages.com\/wp-content\/uploads\/2024\/03\/13520-300x300.webp","tiered_pricing_type":"fixed","tiered_pricing_fixed_rules":[],"tiered_pricing_percentage_rules":[],"tiered_pricing_minimum":1,"tiered_pricing_roles_data":[],"_links":{"self":[{"href":"https:\/\/www.csj-emballages.com\/de\/wp-json\/wp\/v2\/product\/18707","targetHints":{"allow":["GET"]}}],"collection":[{"href":"https:\/\/www.csj-emballages.com\/de\/wp-json\/wp\/v2\/product"}],"about":[{"href":"https:\/\/www.csj-emballages.com\/de\/wp-json\/wp\/v2\/types\/product"}],"wp:featuredmedia":[{"embeddable":true,"href":"https:\/\/www.csj-emballages.com\/de\/wp-json\/wp\/v2\/media\/263394"}],"wp:attachment":[{"href":"https:\/\/www.csj-emballages.com\/de\/wp-json\/wp\/v2\/media?parent=18707"}],"wp:term":[{"taxonomy":"product_brand","embeddable":true,"href":"https:\/\/www.csj-emballages.com\/de\/wp-json\/wp\/v2\/product_brand?post=18707"},{"taxonomy":"product_cat","embeddable":true,"href":"https:\/\/www.csj-emballages.com\/de\/wp-json\/wp\/v2\/product_cat?post=18707"},{"taxonomy":"product_tag","embeddable":true,"href":"https:\/\/www.csj-emballages.com\/de\/wp-json\/wp\/v2\/product_tag?post=18707"}],"curies":[{"name":"wp","href":"https:\/\/api.w.org\/{rel}","templated":true}]}}