{"id":18683,"date":"2024-03-01T16:57:39","date_gmt":"2024-03-01T15:57:39","guid":{"rendered":"https:\/\/u15jnbdpoq.preview.infomaniak.website\/produit\/blauer-mikrofaser-fransen-40-cm-mit-taschen-und-lasche-mit-loch\/"},"modified":"2026-04-18T02:12:09","modified_gmt":"2026-04-18T00:12:09","slug":"blauer-mikrofaser-fransen-40-cm-mit-taschen-und-lasche-mit-loch","status":"publish","type":"product","link":"https:\/\/www.csj-emballages.com\/de\/produit\/blauer-mikrofaser-fransen-40-cm-mit-taschen-und-lasche-mit-loch\/","title":{"rendered":"Blauer Mikrofaser-Fransen 40 cm mit Taschen und Lasche mit Loch"},"content":{"rendered":"<h2>Mikrofaser-Fransen<\/h2>\n<hr>\n<h3>Beschreibung unserer blauen Mikrofaserfransen 40 cm mit Taschen und Lasche mit Loch<!--more--><\/h3>\n<div class=\"flex max-w-full flex-col flex-grow\">\n<div class=\"min-h-8 text-message flex w-full flex-col items-end gap-2 whitespace-normal break-words text-start [.text-message+&amp;]:mt-5\" dir=\"auto\" data-message-author-role=\"assistant\" data-message-id=\"266ca6f3-5e07-4948-bd20-80ac5e6da4a5\" data-message-model-slug=\"gpt-4o\">\n<div class=\"flex w-full flex-col gap-1 empty:hidden first:pt-[3px]\">\n<div class=\"markdown prose w-full break-words dark:prose-invert dark\">\n<p data-start=\"309\" data-end=\"699\">Dieser <strong>blaue Mikrofaser-Mopp<\/strong> von <strong data-start=\"342\" data-end=\"351\">40 cm<\/strong> wurde entwickelt, um die t\u00e4gliche Reinigung zu vereinfachen und dabei echten Bedienkomfort zu bieten. Bereits beim ersten Wischen nimmt er Staub, Schmutz und Feuchtigkeit effektiv auf, selbst auf stark beanspruchten B\u00f6den. Dank der Mikrofaser wird die Reinigung schneller und vor allem sauberer, ohne Spuren zu hinterlassen.<\/p>\n<p data-start=\"701\" data-end=\"1149\">Sein <strong data-start=\"713\" data-end=\"759\">Taschensystem in Kombination mit einer Lasche mit Loch<\/strong> erm\u00f6glicht eine einfache und stabile Befestigung am Halter. Der Mopp sitzt w\u00e4hrend des Gebrauchs fest, was st\u00e4ndiges Nachjustieren \u00fcberfl\u00fcssig macht und wertvolle Zeit spart. Zudem erleichtern die <strong>farbigen Laschen<\/strong> die Einf\u00fchrung eines <strong>Farbcodierungssystems<\/strong>, ideal zur Einhaltung von Hygienevorschriften und zur Vermeidung von Kreuzkontaminationen, insbesondere in professionellen Umgebungen.<\/p>\n<p data-start=\"1151\" data-end=\"1484\">Dar\u00fcber hinaus bietet sein <strong>40 cm<\/strong> Format eine gute Reinigungsfl\u00e4che, wodurch mehr Boden in weniger Durchg\u00e4ngen abgedeckt werden kann. Er eignet sich sowohl f\u00fcr B\u00fcros als auch f\u00fcr Gesch\u00e4fte, Gemeinden oder Gastronomiebetriebe. Dieser Mopp ist widerstandsf\u00e4hig und langlebig und h\u00e4lt wiederholten Waschg\u00e4ngen stand, ohne seine Leistung zu verlieren.  <\/p>\n<p data-start=\"1486\" data-end=\"1741\">Zusammenfassend l\u00e4sst sich sagen, dass dieser <strong>Mikrofaser-Mopp<\/strong> Effizienz, Praktikabilit\u00e4t und Hygiene vereint. Er ist perfekt f\u00fcr Profis und anspruchsvolle Benutzer, die ein zuverl\u00e4ssiges, einfach zu bedienendes und f\u00fcr die regelm\u00e4\u00dfige Bodenreinigung konzipiertes Material suchen. <\/p>\n<h3><\/h3>\n<\/div>\n<\/div>\n<\/div>\n<\/div>\n<p><!--more--><\/p>\n<h4>Vorteile :<\/h4>\n<ul>\n<li data-start=\"168\" data-end=\"231\">Nimmt <strong>Staub, Schmutz und Feuchtigkeit<\/strong> effektiv auf.<\/li>\n<li data-start=\"234\" data-end=\"289\">Leistungsstarke Mikrofaser f\u00fcr streifenfreie Reinigung.<\/li>\n<li data-start=\"292\" data-end=\"359\">Taschensystem und Lasche mit Loch f\u00fcr stabile Befestigung.<\/li>\n<li data-start=\"362\" data-end=\"429\"><strong>Farbige Laschen<\/strong> ideal zur Einhaltung der Hygienevorschriften.<\/li>\n<li data-start=\"432\" data-end=\"493\"><strong>40 cm Breite<\/strong> f\u00fcr schnellere und effektivere Reinigung.<\/li>\n<li data-start=\"496\" data-end=\"544\">Best\u00e4ndig gegen wiederholtes Waschen, langlebiger Gebrauch.<\/li>\n<li data-start=\"547\" data-end=\"604\">Geeignet f\u00fcr professionelle und \u00f6ffentliche Umgebungen.<\/li>\n<\/ul>\n<p>&nbsp;<\/p>\n<p><!--more--><\/p>\n<h4>Weitere Informationen :<\/h4>\n<ul>\n<li><strong>Verpackung<\/strong>: Einzeln verkauft<\/li>\n<li><b>L\u00e4nge: <\/b>40 cm<\/li>\n<li><b>Farbe: <\/b>Blau<\/li>\n<\/ul>\n<p>&nbsp;<\/p>\n<p><!--more--><\/p>\n<p>Hier finden Sie unseren Mikrofaser-Fransenmopp mit Lasche: <span style=\"color: #d12727;\"><a style=\"color: #d12727;\" href=\"https:\/\/www.csj-emballages.com\/de\/produit\/mikrofaser-wischbezug-blau-40-cm-mit-lasche\/\">6263<\/a><\/span><\/p>\n<p>&nbsp;<\/p>\n<p><!--more--><\/p>\n<p><a href=\"https:\/\/www.csj-emballages.com\/de\/categorie-produit\/hygiene-und-pflege\/bursten-und-besen\/besen-burste-staubwedel\/speedy-sortiment\/\">Entdecken Sie den Rest unseres Speedy-Sortiments<\/a><\/p>\n","protected":false},"excerpt":{"rendered":"<p>Mikrofaser-Fransen Beschreibung unserer blauen Mikrofaserfransen 40 cm mit Taschen und Lasche mit Loch<\/p>\n","protected":false},"featured_media":263663,"template":"","meta":{"_acf_changed":false},"product_brand":[],"product_cat":[1218,1449,1845,1910],"product_tag":[],"class_list":{"0":"post-18683","1":"product","2":"type-product","3":"status-publish","4":"has-post-thumbnail","6":"product_cat-hygiene-und-pflege","7":"product_cat-bursten-und-besen","8":"product_cat-besen-burste-staubwedel","9":"product_cat-speedy-sortiment","11":"first","12":"instock","13":"taxable","14":"shipping-taxable","15":"purchasable","16":"product-type-simple"},"acf":[],"yoast_head":"<!-- This site is optimized with the Yoast SEO Premium plugin v26.6 (Yoast SEO v26.6) - https:\/\/yoast.com\/wordpress\/plugins\/seo\/ -->\n<title>Blaue Mikrofaser-Franse 40 cm mit Taschen und Zunge mit Loch<\/title>\n<meta name=\"description\" content=\"Blauer Mikrofaser-Fransen 40 cm mit Taschen und Lasche mit Loch. Ideal f\u00fcr eine effektive Reinigung, da er den Staub einf\u00e4ngt.\" \/>\n<meta name=\"robots\" content=\"index, follow, max-snippet:-1, max-image-preview:large, max-video-preview:-1\" \/>\n<link rel=\"canonical\" href=\"https:\/\/www.csj-emballages.com\/de\/produit\/blauer-mikrofaser-fransen-40-cm-mit-taschen-und-lasche-mit-loch\/\" \/>\n<meta property=\"og:locale\" content=\"de_DE\" \/>\n<meta property=\"og:type\" content=\"article\" \/>\n<meta property=\"og:title\" content=\"Blauer Mikrofaser-Fransen 40 cm mit Taschen und Lasche mit Loch\" \/>\n<meta property=\"og:description\" content=\"Blauer Mikrofaser-Fransen 40 cm mit Taschen und Lasche mit Loch. Ideal f\u00fcr eine effektive Reinigung, da er den Staub einf\u00e4ngt.\" \/>\n<meta property=\"og:url\" content=\"https:\/\/www.csj-emballages.com\/de\/produit\/blauer-mikrofaser-fransen-40-cm-mit-taschen-und-lasche-mit-loch\/\" \/>\n<meta property=\"og:site_name\" content=\"CSJ Emballages\" \/>\n<meta property=\"article:publisher\" content=\"https:\/\/www.facebook.com\/csjemballages\" \/>\n<meta property=\"article:modified_time\" content=\"2026-04-18T00:12:09+00:00\" \/>\n<meta property=\"og:image\" content=\"https:\/\/www.csj-emballages.com\/wp-content\/uploads\/2026\/02\/6263.webp\" \/>\n\t<meta property=\"og:image:width\" content=\"800\" \/>\n\t<meta property=\"og:image:height\" content=\"800\" \/>\n\t<meta property=\"og:image:type\" content=\"image\/webp\" \/>\n<meta name=\"twitter:card\" content=\"summary_large_image\" \/>\n<meta name=\"twitter:label1\" content=\"Gesch\u00e4tzte Lesezeit\" \/>\n\t<meta name=\"twitter:data1\" content=\"2 Minuten\" \/>\n<script type=\"application\/ld+json\" class=\"yoast-schema-graph\">{\"@context\":\"https:\/\/schema.org\",\"@graph\":[{\"@type\":\"WebPage\",\"@id\":\"https:\/\/www.csj-emballages.com\/de\/produit\/blauer-mikrofaser-fransen-40-cm-mit-taschen-und-lasche-mit-loch\/\",\"url\":\"https:\/\/www.csj-emballages.com\/de\/produit\/blauer-mikrofaser-fransen-40-cm-mit-taschen-und-lasche-mit-loch\/\",\"name\":\"Blaue Mikrofaser-Franse 40 cm mit Taschen und Zunge mit Loch\",\"isPartOf\":{\"@id\":\"https:\/\/www.csj-emballages.com\/de\/#website\"},\"primaryImageOfPage\":{\"@id\":\"https:\/\/www.csj-emballages.com\/de\/produit\/blauer-mikrofaser-fransen-40-cm-mit-taschen-und-lasche-mit-loch\/#primaryimage\"},\"image\":{\"@id\":\"https:\/\/www.csj-emballages.com\/de\/produit\/blauer-mikrofaser-fransen-40-cm-mit-taschen-und-lasche-mit-loch\/#primaryimage\"},\"thumbnailUrl\":\"https:\/\/www.csj-emballages.com\/wp-content\/uploads\/2026\/02\/6263.webp\",\"datePublished\":\"2024-03-01T15:57:39+00:00\",\"dateModified\":\"2026-04-18T00:12:09+00:00\",\"description\":\"Blauer Mikrofaser-Fransen 40 cm mit Taschen und Lasche mit Loch. Ideal f\u00fcr eine effektive Reinigung, da er den Staub einf\u00e4ngt.\",\"breadcrumb\":{\"@id\":\"https:\/\/www.csj-emballages.com\/de\/produit\/blauer-mikrofaser-fransen-40-cm-mit-taschen-und-lasche-mit-loch\/#breadcrumb\"},\"inLanguage\":\"de\",\"potentialAction\":[{\"@type\":\"ReadAction\",\"target\":[\"https:\/\/www.csj-emballages.com\/de\/produit\/blauer-mikrofaser-fransen-40-cm-mit-taschen-und-lasche-mit-loch\/\"]}]},{\"@type\":\"ImageObject\",\"inLanguage\":\"de\",\"@id\":\"https:\/\/www.csj-emballages.com\/de\/produit\/blauer-mikrofaser-fransen-40-cm-mit-taschen-und-lasche-mit-loch\/#primaryimage\",\"url\":\"https:\/\/www.csj-emballages.com\/wp-content\/uploads\/2026\/02\/6263.webp\",\"contentUrl\":\"https:\/\/www.csj-emballages.com\/wp-content\/uploads\/2026\/02\/6263.webp\",\"width\":800,\"height\":800,\"caption\":\"Frange microfibre\"},{\"@type\":\"BreadcrumbList\",\"@id\":\"https:\/\/www.csj-emballages.com\/de\/produit\/blauer-mikrofaser-fransen-40-cm-mit-taschen-und-lasche-mit-loch\/#breadcrumb\",\"itemListElement\":[{\"@type\":\"ListItem\",\"position\":1,\"name\":\"Accueil\",\"item\":\"https:\/\/www.csj-emballages.com\/de\/universum-lebensmittelverpackungen\/\"},{\"@type\":\"ListItem\",\"position\":2,\"name\":\"Shop\",\"item\":\"https:\/\/www.csj-emballages.com\/shop\/\"},{\"@type\":\"ListItem\",\"position\":3,\"name\":\"Blauer Mikrofaser-Fransen 40 cm mit Taschen und Lasche mit Loch\"}]},{\"@type\":\"WebSite\",\"@id\":\"https:\/\/www.csj-emballages.com\/de\/#website\",\"url\":\"https:\/\/www.csj-emballages.com\/de\/\",\"name\":\"CSJ Emballages\",\"description\":\"\",\"publisher\":{\"@id\":\"https:\/\/www.csj-emballages.com\/de\/#organization\"},\"potentialAction\":[{\"@type\":\"SearchAction\",\"target\":{\"@type\":\"EntryPoint\",\"urlTemplate\":\"https:\/\/www.csj-emballages.com\/de\/?s={search_term_string}\"},\"query-input\":{\"@type\":\"PropertyValueSpecification\",\"valueRequired\":true,\"valueName\":\"search_term_string\"}}],\"inLanguage\":\"de\"},{\"@type\":\"Organization\",\"@id\":\"https:\/\/www.csj-emballages.com\/de\/#Organization\/\",\"name\":\"CSJ Emballages\",\"url\":\"https:\/\/www.csj-emballages.com\/de\/\",\"logo\":{\"@type\":\"ImageObject\",\"inLanguage\":\"de\",\"@id\":\"https:\/\/www.csj-emballages.com\/de\/#\/schema\/logo\/image\/\",\"url\":\"https:\/\/www.csj-emballages.com\/wp-content\/uploads\/2023\/10\/logo_csj.webp\",\"contentUrl\":\"https:\/\/www.csj-emballages.com\/wp-content\/uploads\/2023\/10\/logo_csj.webp\",\"width\":250,\"height\":95,\"caption\":\"CSJ Emballages\"},\"image\":{\"@id\":\"https:\/\/www.csj-emballages.com\/de\/#\/schema\/logo\/image\/\"},\"sameAs\":[\"https:\/\/www.facebook.com\/csjemballages\"],\"address\":{\"@type\":\"PostalAddress\",\"streetAddress\":\"ZI La Lechere\",\"addressLocality\":\"Patornay\",\"postalCode\":\"39130\",\"addressCountry\":\"FR\"},\"contactPoint\":[{\"@type\":\"ContactPoint\",\"contactType\":\"Service client\",\"telephone\":\"0384254272\",\"email\":\"contact@csj-emballages.com\"}]}]}<\/script>\n<!-- \/ Yoast SEO Premium plugin. -->","yoast_head_json":{"title":"Blaue Mikrofaser-Franse 40 cm mit Taschen und Zunge mit Loch","description":"Blauer Mikrofaser-Fransen 40 cm mit Taschen und Lasche mit Loch. Ideal f\u00fcr eine effektive Reinigung, da er den Staub einf\u00e4ngt.","robots":{"index":"index","follow":"follow","max-snippet":"max-snippet:-1","max-image-preview":"max-image-preview:large","max-video-preview":"max-video-preview:-1"},"canonical":"https:\/\/www.csj-emballages.com\/de\/produit\/blauer-mikrofaser-fransen-40-cm-mit-taschen-und-lasche-mit-loch\/","og_locale":"de_DE","og_type":"article","og_title":"Blauer Mikrofaser-Fransen 40 cm mit Taschen und Lasche mit Loch","og_description":"Blauer Mikrofaser-Fransen 40 cm mit Taschen und Lasche mit Loch. Ideal f\u00fcr eine effektive Reinigung, da er den Staub einf\u00e4ngt.","og_url":"https:\/\/www.csj-emballages.com\/de\/produit\/blauer-mikrofaser-fransen-40-cm-mit-taschen-und-lasche-mit-loch\/","og_site_name":"CSJ Emballages","article_publisher":"https:\/\/www.facebook.com\/csjemballages","article_modified_time":"2026-04-18T00:12:09+00:00","og_image":[{"width":800,"height":800,"url":"https:\/\/www.csj-emballages.com\/wp-content\/uploads\/2026\/02\/6263.webp","type":"image\/webp"}],"twitter_card":"summary_large_image","twitter_misc":{"Gesch\u00e4tzte Lesezeit":"2 Minuten"},"schema":{"@context":"https:\/\/schema.org","@graph":[{"@type":"WebPage","@id":"https:\/\/www.csj-emballages.com\/de\/produit\/blauer-mikrofaser-fransen-40-cm-mit-taschen-und-lasche-mit-loch\/","url":"https:\/\/www.csj-emballages.com\/de\/produit\/blauer-mikrofaser-fransen-40-cm-mit-taschen-und-lasche-mit-loch\/","name":"Blaue Mikrofaser-Franse 40 cm mit Taschen und Zunge mit Loch","isPartOf":{"@id":"https:\/\/www.csj-emballages.com\/de\/#website"},"primaryImageOfPage":{"@id":"https:\/\/www.csj-emballages.com\/de\/produit\/blauer-mikrofaser-fransen-40-cm-mit-taschen-und-lasche-mit-loch\/#primaryimage"},"image":{"@id":"https:\/\/www.csj-emballages.com\/de\/produit\/blauer-mikrofaser-fransen-40-cm-mit-taschen-und-lasche-mit-loch\/#primaryimage"},"thumbnailUrl":"https:\/\/www.csj-emballages.com\/wp-content\/uploads\/2026\/02\/6263.webp","datePublished":"2024-03-01T15:57:39+00:00","dateModified":"2026-04-18T00:12:09+00:00","description":"Blauer Mikrofaser-Fransen 40 cm mit Taschen und Lasche mit Loch. Ideal f\u00fcr eine effektive Reinigung, da er den Staub einf\u00e4ngt.","breadcrumb":{"@id":"https:\/\/www.csj-emballages.com\/de\/produit\/blauer-mikrofaser-fransen-40-cm-mit-taschen-und-lasche-mit-loch\/#breadcrumb"},"inLanguage":"de","potentialAction":[{"@type":"ReadAction","target":["https:\/\/www.csj-emballages.com\/de\/produit\/blauer-mikrofaser-fransen-40-cm-mit-taschen-und-lasche-mit-loch\/"]}]},{"@type":"ImageObject","inLanguage":"de","@id":"https:\/\/www.csj-emballages.com\/de\/produit\/blauer-mikrofaser-fransen-40-cm-mit-taschen-und-lasche-mit-loch\/#primaryimage","url":"https:\/\/www.csj-emballages.com\/wp-content\/uploads\/2026\/02\/6263.webp","contentUrl":"https:\/\/www.csj-emballages.com\/wp-content\/uploads\/2026\/02\/6263.webp","width":800,"height":800,"caption":"Frange microfibre"},{"@type":"BreadcrumbList","@id":"https:\/\/www.csj-emballages.com\/de\/produit\/blauer-mikrofaser-fransen-40-cm-mit-taschen-und-lasche-mit-loch\/#breadcrumb","itemListElement":[{"@type":"ListItem","position":1,"name":"Accueil","item":"https:\/\/www.csj-emballages.com\/de\/universum-lebensmittelverpackungen\/"},{"@type":"ListItem","position":2,"name":"Shop","item":"https:\/\/www.csj-emballages.com\/shop\/"},{"@type":"ListItem","position":3,"name":"Blauer Mikrofaser-Fransen 40 cm mit Taschen und Lasche mit Loch"}]},{"@type":"WebSite","@id":"https:\/\/www.csj-emballages.com\/de\/#website","url":"https:\/\/www.csj-emballages.com\/de\/","name":"CSJ Emballages","description":"","publisher":{"@id":"https:\/\/www.csj-emballages.com\/de\/#organization"},"potentialAction":[{"@type":"SearchAction","target":{"@type":"EntryPoint","urlTemplate":"https:\/\/www.csj-emballages.com\/de\/?s={search_term_string}"},"query-input":{"@type":"PropertyValueSpecification","valueRequired":true,"valueName":"search_term_string"}}],"inLanguage":"de"},{"@type":"Organization","@id":"https:\/\/www.csj-emballages.com\/de\/#Organization\/","name":"CSJ Emballages","url":"https:\/\/www.csj-emballages.com\/de\/","logo":{"@type":"ImageObject","inLanguage":"de","@id":"https:\/\/www.csj-emballages.com\/de\/#\/schema\/logo\/image\/","url":"https:\/\/www.csj-emballages.com\/wp-content\/uploads\/2023\/10\/logo_csj.webp","contentUrl":"https:\/\/www.csj-emballages.com\/wp-content\/uploads\/2023\/10\/logo_csj.webp","width":250,"height":95,"caption":"CSJ Emballages"},"image":{"@id":"https:\/\/www.csj-emballages.com\/de\/#\/schema\/logo\/image\/"},"sameAs":["https:\/\/www.facebook.com\/csjemballages"],"address":{"@type":"PostalAddress","streetAddress":"ZI La Lechere","addressLocality":"Patornay","postalCode":"39130","addressCountry":"FR"},"contactPoint":[{"@type":"ContactPoint","contactType":"Service client","telephone":"0384254272","email":"contact@csj-emballages.com"}]}]}},"df_price":2.39,"df_sale_price":"","df_regular_price":2.39,"df_image_link":"https:\/\/www.csj-emballages.com\/wp-content\/uploads\/2026\/02\/6263-300x300.webp","tiered_pricing_type":"fixed","tiered_pricing_fixed_rules":[],"tiered_pricing_percentage_rules":[],"tiered_pricing_minimum":1,"tiered_pricing_roles_data":[],"_links":{"self":[{"href":"https:\/\/www.csj-emballages.com\/de\/wp-json\/wp\/v2\/product\/18683","targetHints":{"allow":["GET"]}}],"collection":[{"href":"https:\/\/www.csj-emballages.com\/de\/wp-json\/wp\/v2\/product"}],"about":[{"href":"https:\/\/www.csj-emballages.com\/de\/wp-json\/wp\/v2\/types\/product"}],"wp:featuredmedia":[{"embeddable":true,"href":"https:\/\/www.csj-emballages.com\/de\/wp-json\/wp\/v2\/media\/263663"}],"wp:attachment":[{"href":"https:\/\/www.csj-emballages.com\/de\/wp-json\/wp\/v2\/media?parent=18683"}],"wp:term":[{"taxonomy":"product_brand","embeddable":true,"href":"https:\/\/www.csj-emballages.com\/de\/wp-json\/wp\/v2\/product_brand?post=18683"},{"taxonomy":"product_cat","embeddable":true,"href":"https:\/\/www.csj-emballages.com\/de\/wp-json\/wp\/v2\/product_cat?post=18683"},{"taxonomy":"product_tag","embeddable":true,"href":"https:\/\/www.csj-emballages.com\/de\/wp-json\/wp\/v2\/product_tag?post=18683"}],"curies":[{"name":"wp","href":"https:\/\/api.w.org\/{rel}","templated":true}]}}