{"id":18680,"date":"2024-03-01T16:57:38","date_gmt":"2024-03-01T15:57:38","guid":{"rendered":"https:\/\/u15jnbdpoq.preview.infomaniak.website\/produit\/bodenschaber-aus-verstaerktem-schaumstoff-44-cm\/"},"modified":"2026-03-12T16:09:18","modified_gmt":"2026-03-12T15:09:18","slug":"bodenschaber-aus-verstaerktem-schaumstoff-44-cm","status":"publish","type":"product","link":"https:\/\/www.csj-emballages.com\/de\/produit\/bodenschaber-aus-verstaerktem-schaumstoff-44-cm\/","title":{"rendered":"Bodenschaber aus verst\u00e4rktem Schaumstoff 44 cm"},"content":{"rendered":"<h2>Bodenabzieher<\/h2>\n<hr>\n<h3>Entdecken Sie unseren 44 cm Bodenabzieher mit verst\u00e4rkter Schaumstofflippe.<\/h3>\n<p><!--more--><\/p>\n<p data-start=\"244\" data-end=\"618\">Wenn Wasser schnell entfernt und ein Boden mit minimalem Aufwand sauber hinterlassen werden muss, macht dieser <strong data-start=\"342\" data-end=\"384\">44 cm Bodenabzieher mit verst\u00e4rkter Schaumstofflippe<\/strong> einen klaren Unterschied. Er ist darauf ausgelegt, <strong>Fl\u00fcssigkeiten effizient zu schieben<\/strong>, ohne Spuren zu hinterlassen, selbst auf gro\u00dfen Fl\u00e4chen. Dank seiner komfortablen Breite kommen Sie schnell voran und vermeiden unn\u00f6tige Hin- und Herbewegungen.  <\/p>\n<p data-start=\"620\" data-end=\"966\">Der <strong>verst\u00e4rkte Schaumstoff passt sich perfekt dem Boden an<\/strong>. Er nimmt Wasser, R\u00fcckst\u00e4nde und selbst kleine Verschmutzungen m\u00fchelos auf. Das Ergebnis: Der Boden trocknet schneller und das Endergebnis ist sauber. Ob in einer professionellen K\u00fcche, einem Lager, einem Labor oder einem Waschbereich \u2013 dieser Abzieher passt sich problemlos an anspruchsvolle Umgebungen an.   <\/p>\n<p data-start=\"968\" data-end=\"1297\">Sein <strong>starrer Halter<\/strong> sorgt f\u00fcr gute Stabilit\u00e4t w\u00e4hrend des Gebrauchs. Der Druck verteilt sich gut \u00fcber die gesamte L\u00e4nge, was ein gleichm\u00e4\u00dfiges Arbeiten ohne vergessene Stellen erm\u00f6glicht. Zudem bietet der Schaumstoff eine gute Verschlei\u00dffestigkeit, was die Lebensdauer des Produkts auch bei h\u00e4ufigem Gebrauch verl\u00e4ngert.  <\/p>\n<p data-start=\"1299\" data-end=\"1617\">Ein weiterer Pluspunkt: Er l\u00e4sst sich leicht handhaben. Sein Format erm\u00f6glicht einen nat\u00fcrlichen Griff und eine fl\u00fcssige Bewegung, was die Erm\u00fcdung bei langen Reinigungsarbeiten begrenzt. Er l\u00e4sst sich problemlos in bestehende Reinigungsger\u00e4te integrieren und wird schnell zu einem unverzichtbaren Werkzeug im Alltag.  <\/p>\n<p data-start=\"1619\" data-end=\"1801\">Zusammenfassend l\u00e4sst sich sagen, dieser <strong>Bodenabzieher mit verst\u00e4rkter Schaumstofflippe<\/strong> kombiniert Effizienz, Einfachheit und Robustheit. Er hilft Ihnen, B\u00f6den sauber und sicher zu halten, ohne Zeit oder Energie zu verschwenden. <\/p>\n<p data-start=\"1619\" data-end=\"1801\">\n<p data-start=\"1619\" data-end=\"1801\"><!--more--><\/p>\n<h4 data-start=\"1619\" data-end=\"1801\">Vorteile :<\/h4>\n<ul>\n<li data-start=\"1829\" data-end=\"1872\"><strong>Breite von 44 cm<\/strong> f\u00fcr eine schnelle Reinigung.<\/li>\n<li data-start=\"1875\" data-end=\"1927\">Verst\u00e4rkter Schaumstoff, effektiv bei Wasser und R\u00fcckst\u00e4nden.<\/li>\n<li data-start=\"1930\" data-end=\"1972\">Guter Halt auf verschiedenen Bodentypen.<\/li>\n<li data-start=\"1975\" data-end=\"2010\">Komfortable und fl\u00fcssige Handhabung.<\/li>\n<li data-start=\"2013\" data-end=\"2056\">Geeignet f\u00fcr professionelle Umgebungen.<\/li>\n<\/ul>\n<p>&nbsp;<\/p>\n<p><!--more--><\/p>\n<h4>Weitere Informationen :<\/h4>\n<ul>\n<li><strong>Verpackung<\/strong>: Einzeln<\/li>\n<li><strong>L\u00e4nge<\/strong>: 44 cm<\/li>\n<\/ul>\n<p>&nbsp;<\/p>\n<p><!--more--><\/p>\n<p><a href=\"https:\/\/www.csj-emballages.com\/de\/categorie-produit\/hygiene-und-pflege\/bursten-und-besen\/raclette-de\/\">Sehen Sie sich den Rest unseres Angebots an Abstreifern an.<\/a><\/p>\n<p>&nbsp;<\/p>\n","protected":false},"excerpt":{"rendered":"<p>Bodenabzieher Entdecken Sie unseren 44 cm Bodenabzieher mit verst\u00e4rkter Schaumstofflippe.<\/p>\n","protected":false},"featured_media":8575,"template":"","meta":{"_acf_changed":false},"product_brand":[],"product_cat":[1218,1449,1837],"product_tag":[],"class_list":{"0":"post-18680","1":"product","2":"type-product","3":"status-publish","4":"has-post-thumbnail","6":"product_cat-hygiene-und-pflege","7":"product_cat-bursten-und-besen","8":"product_cat-raclette-de","10":"first","11":"instock","12":"taxable","13":"shipping-taxable","14":"purchasable","15":"product-type-simple"},"acf":[],"yoast_head":"<!-- This site is optimized with the Yoast SEO Premium plugin v26.6 (Yoast SEO v26.6) - https:\/\/yoast.com\/wordpress\/plugins\/seo\/ -->\n<title>Bodenabzieher, verst\u00e4rkter Schaumstoff, 44 cm<\/title>\n<meta name=\"description\" content=\"Dieser 44 cm Bodenabzieher mit verst\u00e4rkter Schaumstofflippe ist ideal zur schnellen Wasserentfernung. Robust, praktisch und perfekt f\u00fcr die Reinigung professioneller Oberfl\u00e4chen.\" \/>\n<meta name=\"robots\" content=\"index, follow, max-snippet:-1, max-image-preview:large, max-video-preview:-1\" \/>\n<link rel=\"canonical\" href=\"https:\/\/www.csj-emballages.com\/de\/produit\/bodenschaber-aus-verstaerktem-schaumstoff-44-cm\/\" \/>\n<meta property=\"og:locale\" content=\"de_DE\" \/>\n<meta property=\"og:type\" content=\"article\" \/>\n<meta property=\"og:title\" content=\"Bodenschaber aus verst\u00e4rktem Schaumstoff 44 cm\" \/>\n<meta property=\"og:description\" content=\"Dieser 44 cm Bodenabzieher mit verst\u00e4rkter Schaumstofflippe ist ideal zur schnellen Wasserentfernung. Robust, praktisch und perfekt f\u00fcr die Reinigung professioneller Oberfl\u00e4chen.\" \/>\n<meta property=\"og:url\" content=\"https:\/\/www.csj-emballages.com\/de\/produit\/bodenschaber-aus-verstaerktem-schaumstoff-44-cm\/\" \/>\n<meta property=\"og:site_name\" content=\"CSJ Emballages\" \/>\n<meta property=\"article:publisher\" content=\"https:\/\/www.facebook.com\/csjemballages\" \/>\n<meta property=\"article:modified_time\" content=\"2026-03-12T15:09:18+00:00\" \/>\n<meta property=\"og:image\" content=\"https:\/\/www.csj-emballages.com\/wp-content\/uploads\/2024\/03\/raclette-mousse-noir-45-cm-grossiste-csj-emballages-zoom-jpg.webp\" \/>\n\t<meta property=\"og:image:width\" content=\"800\" \/>\n\t<meta property=\"og:image:height\" content=\"800\" \/>\n\t<meta property=\"og:image:type\" content=\"image\/jpeg\" \/>\n<meta name=\"twitter:card\" content=\"summary_large_image\" \/>\n<meta name=\"twitter:label1\" content=\"Gesch\u00e4tzte Lesezeit\" \/>\n\t<meta name=\"twitter:data1\" content=\"2 Minuten\" \/>\n<script type=\"application\/ld+json\" class=\"yoast-schema-graph\">{\"@context\":\"https:\/\/schema.org\",\"@graph\":[{\"@type\":\"WebPage\",\"@id\":\"https:\/\/www.csj-emballages.com\/de\/produit\/bodenschaber-aus-verstaerktem-schaumstoff-44-cm\/\",\"url\":\"https:\/\/www.csj-emballages.com\/de\/produit\/bodenschaber-aus-verstaerktem-schaumstoff-44-cm\/\",\"name\":\"Bodenabzieher, verst\u00e4rkter Schaumstoff, 44 cm\",\"isPartOf\":{\"@id\":\"https:\/\/www.csj-emballages.com\/de\/#website\"},\"primaryImageOfPage\":{\"@id\":\"https:\/\/www.csj-emballages.com\/de\/produit\/bodenschaber-aus-verstaerktem-schaumstoff-44-cm\/#primaryimage\"},\"image\":{\"@id\":\"https:\/\/www.csj-emballages.com\/de\/produit\/bodenschaber-aus-verstaerktem-schaumstoff-44-cm\/#primaryimage\"},\"thumbnailUrl\":\"https:\/\/www.csj-emballages.com\/wp-content\/uploads\/2024\/03\/raclette-mousse-noir-45-cm-grossiste-csj-emballages-zoom-jpg.webp\",\"datePublished\":\"2024-03-01T15:57:38+00:00\",\"dateModified\":\"2026-03-12T15:09:18+00:00\",\"description\":\"Dieser 44 cm Bodenabzieher mit verst\u00e4rkter Schaumstofflippe ist ideal zur schnellen Wasserentfernung. Robust, praktisch und perfekt f\u00fcr die Reinigung professioneller Oberfl\u00e4chen.\",\"breadcrumb\":{\"@id\":\"https:\/\/www.csj-emballages.com\/de\/produit\/bodenschaber-aus-verstaerktem-schaumstoff-44-cm\/#breadcrumb\"},\"inLanguage\":\"de\",\"potentialAction\":[{\"@type\":\"ReadAction\",\"target\":[\"https:\/\/www.csj-emballages.com\/de\/produit\/bodenschaber-aus-verstaerktem-schaumstoff-44-cm\/\"]}]},{\"@type\":\"ImageObject\",\"inLanguage\":\"de\",\"@id\":\"https:\/\/www.csj-emballages.com\/de\/produit\/bodenschaber-aus-verstaerktem-schaumstoff-44-cm\/#primaryimage\",\"url\":\"https:\/\/www.csj-emballages.com\/wp-content\/uploads\/2024\/03\/raclette-mousse-noir-45-cm-grossiste-csj-emballages-zoom-jpg.webp\",\"contentUrl\":\"https:\/\/www.csj-emballages.com\/wp-content\/uploads\/2024\/03\/raclette-mousse-noir-45-cm-grossiste-csj-emballages-zoom-jpg.webp\",\"width\":800,\"height\":800},{\"@type\":\"BreadcrumbList\",\"@id\":\"https:\/\/www.csj-emballages.com\/de\/produit\/bodenschaber-aus-verstaerktem-schaumstoff-44-cm\/#breadcrumb\",\"itemListElement\":[{\"@type\":\"ListItem\",\"position\":1,\"name\":\"Accueil\",\"item\":\"https:\/\/www.csj-emballages.com\/de\/universum-lebensmittelverpackungen\/\"},{\"@type\":\"ListItem\",\"position\":2,\"name\":\"Shop\",\"item\":\"https:\/\/www.csj-emballages.com\/shop\/\"},{\"@type\":\"ListItem\",\"position\":3,\"name\":\"Bodenschaber aus verst\u00e4rktem Schaumstoff 44 cm\"}]},{\"@type\":\"WebSite\",\"@id\":\"https:\/\/www.csj-emballages.com\/de\/#website\",\"url\":\"https:\/\/www.csj-emballages.com\/de\/\",\"name\":\"CSJ Emballages\",\"description\":\"\",\"publisher\":{\"@id\":\"https:\/\/www.csj-emballages.com\/de\/#organization\"},\"potentialAction\":[{\"@type\":\"SearchAction\",\"target\":{\"@type\":\"EntryPoint\",\"urlTemplate\":\"https:\/\/www.csj-emballages.com\/de\/?s={search_term_string}\"},\"query-input\":{\"@type\":\"PropertyValueSpecification\",\"valueRequired\":true,\"valueName\":\"search_term_string\"}}],\"inLanguage\":\"de\"},{\"@type\":\"Organization\",\"@id\":\"https:\/\/www.csj-emballages.com\/de\/#Organization\/\",\"name\":\"CSJ Emballages\",\"url\":\"https:\/\/www.csj-emballages.com\/de\/\",\"logo\":{\"@type\":\"ImageObject\",\"inLanguage\":\"de\",\"@id\":\"https:\/\/www.csj-emballages.com\/de\/#\/schema\/logo\/image\/\",\"url\":\"https:\/\/www.csj-emballages.com\/wp-content\/uploads\/2023\/10\/logo_csj.webp\",\"contentUrl\":\"https:\/\/www.csj-emballages.com\/wp-content\/uploads\/2023\/10\/logo_csj.webp\",\"width\":250,\"height\":95,\"caption\":\"CSJ Emballages\"},\"image\":{\"@id\":\"https:\/\/www.csj-emballages.com\/de\/#\/schema\/logo\/image\/\"},\"sameAs\":[\"https:\/\/www.facebook.com\/csjemballages\"],\"address\":{\"@type\":\"PostalAddress\",\"streetAddress\":\"ZI La Lechere\",\"addressLocality\":\"Patornay\",\"postalCode\":\"39130\",\"addressCountry\":\"FR\"},\"contactPoint\":[{\"@type\":\"ContactPoint\",\"contactType\":\"Service client\",\"telephone\":\"0384254272\",\"email\":\"contact@csj-emballages.com\"}]}]}<\/script>\n<!-- \/ Yoast SEO Premium plugin. -->","yoast_head_json":{"title":"Bodenabzieher, verst\u00e4rkter Schaumstoff, 44 cm","description":"Dieser 44 cm Bodenabzieher mit verst\u00e4rkter Schaumstofflippe ist ideal zur schnellen Wasserentfernung. Robust, praktisch und perfekt f\u00fcr die Reinigung professioneller Oberfl\u00e4chen.","robots":{"index":"index","follow":"follow","max-snippet":"max-snippet:-1","max-image-preview":"max-image-preview:large","max-video-preview":"max-video-preview:-1"},"canonical":"https:\/\/www.csj-emballages.com\/de\/produit\/bodenschaber-aus-verstaerktem-schaumstoff-44-cm\/","og_locale":"de_DE","og_type":"article","og_title":"Bodenschaber aus verst\u00e4rktem Schaumstoff 44 cm","og_description":"Dieser 44 cm Bodenabzieher mit verst\u00e4rkter Schaumstofflippe ist ideal zur schnellen Wasserentfernung. Robust, praktisch und perfekt f\u00fcr die Reinigung professioneller Oberfl\u00e4chen.","og_url":"https:\/\/www.csj-emballages.com\/de\/produit\/bodenschaber-aus-verstaerktem-schaumstoff-44-cm\/","og_site_name":"CSJ Emballages","article_publisher":"https:\/\/www.facebook.com\/csjemballages","article_modified_time":"2026-03-12T15:09:18+00:00","og_image":[{"width":800,"height":800,"url":"https:\/\/www.csj-emballages.com\/wp-content\/uploads\/2024\/03\/raclette-mousse-noir-45-cm-grossiste-csj-emballages-zoom-jpg.webp","type":"image\/jpeg"}],"twitter_card":"summary_large_image","twitter_misc":{"Gesch\u00e4tzte Lesezeit":"2 Minuten"},"schema":{"@context":"https:\/\/schema.org","@graph":[{"@type":"WebPage","@id":"https:\/\/www.csj-emballages.com\/de\/produit\/bodenschaber-aus-verstaerktem-schaumstoff-44-cm\/","url":"https:\/\/www.csj-emballages.com\/de\/produit\/bodenschaber-aus-verstaerktem-schaumstoff-44-cm\/","name":"Bodenabzieher, verst\u00e4rkter Schaumstoff, 44 cm","isPartOf":{"@id":"https:\/\/www.csj-emballages.com\/de\/#website"},"primaryImageOfPage":{"@id":"https:\/\/www.csj-emballages.com\/de\/produit\/bodenschaber-aus-verstaerktem-schaumstoff-44-cm\/#primaryimage"},"image":{"@id":"https:\/\/www.csj-emballages.com\/de\/produit\/bodenschaber-aus-verstaerktem-schaumstoff-44-cm\/#primaryimage"},"thumbnailUrl":"https:\/\/www.csj-emballages.com\/wp-content\/uploads\/2024\/03\/raclette-mousse-noir-45-cm-grossiste-csj-emballages-zoom-jpg.webp","datePublished":"2024-03-01T15:57:38+00:00","dateModified":"2026-03-12T15:09:18+00:00","description":"Dieser 44 cm Bodenabzieher mit verst\u00e4rkter Schaumstofflippe ist ideal zur schnellen Wasserentfernung. Robust, praktisch und perfekt f\u00fcr die Reinigung professioneller Oberfl\u00e4chen.","breadcrumb":{"@id":"https:\/\/www.csj-emballages.com\/de\/produit\/bodenschaber-aus-verstaerktem-schaumstoff-44-cm\/#breadcrumb"},"inLanguage":"de","potentialAction":[{"@type":"ReadAction","target":["https:\/\/www.csj-emballages.com\/de\/produit\/bodenschaber-aus-verstaerktem-schaumstoff-44-cm\/"]}]},{"@type":"ImageObject","inLanguage":"de","@id":"https:\/\/www.csj-emballages.com\/de\/produit\/bodenschaber-aus-verstaerktem-schaumstoff-44-cm\/#primaryimage","url":"https:\/\/www.csj-emballages.com\/wp-content\/uploads\/2024\/03\/raclette-mousse-noir-45-cm-grossiste-csj-emballages-zoom-jpg.webp","contentUrl":"https:\/\/www.csj-emballages.com\/wp-content\/uploads\/2024\/03\/raclette-mousse-noir-45-cm-grossiste-csj-emballages-zoom-jpg.webp","width":800,"height":800},{"@type":"BreadcrumbList","@id":"https:\/\/www.csj-emballages.com\/de\/produit\/bodenschaber-aus-verstaerktem-schaumstoff-44-cm\/#breadcrumb","itemListElement":[{"@type":"ListItem","position":1,"name":"Accueil","item":"https:\/\/www.csj-emballages.com\/de\/universum-lebensmittelverpackungen\/"},{"@type":"ListItem","position":2,"name":"Shop","item":"https:\/\/www.csj-emballages.com\/shop\/"},{"@type":"ListItem","position":3,"name":"Bodenschaber aus verst\u00e4rktem Schaumstoff 44 cm"}]},{"@type":"WebSite","@id":"https:\/\/www.csj-emballages.com\/de\/#website","url":"https:\/\/www.csj-emballages.com\/de\/","name":"CSJ Emballages","description":"","publisher":{"@id":"https:\/\/www.csj-emballages.com\/de\/#organization"},"potentialAction":[{"@type":"SearchAction","target":{"@type":"EntryPoint","urlTemplate":"https:\/\/www.csj-emballages.com\/de\/?s={search_term_string}"},"query-input":{"@type":"PropertyValueSpecification","valueRequired":true,"valueName":"search_term_string"}}],"inLanguage":"de"},{"@type":"Organization","@id":"https:\/\/www.csj-emballages.com\/de\/#Organization\/","name":"CSJ Emballages","url":"https:\/\/www.csj-emballages.com\/de\/","logo":{"@type":"ImageObject","inLanguage":"de","@id":"https:\/\/www.csj-emballages.com\/de\/#\/schema\/logo\/image\/","url":"https:\/\/www.csj-emballages.com\/wp-content\/uploads\/2023\/10\/logo_csj.webp","contentUrl":"https:\/\/www.csj-emballages.com\/wp-content\/uploads\/2023\/10\/logo_csj.webp","width":250,"height":95,"caption":"CSJ Emballages"},"image":{"@id":"https:\/\/www.csj-emballages.com\/de\/#\/schema\/logo\/image\/"},"sameAs":["https:\/\/www.facebook.com\/csjemballages"],"address":{"@type":"PostalAddress","streetAddress":"ZI La Lechere","addressLocality":"Patornay","postalCode":"39130","addressCountry":"FR"},"contactPoint":[{"@type":"ContactPoint","contactType":"Service client","telephone":"0384254272","email":"contact@csj-emballages.com"}]}]}},"df_price":3.16,"df_sale_price":"","df_regular_price":3.16,"df_image_link":"https:\/\/www.csj-emballages.com\/wp-content\/uploads\/2024\/03\/raclette-mousse-noir-45-cm-grossiste-csj-emballages-zoom-300x300.webp","tiered_pricing_type":"fixed","tiered_pricing_fixed_rules":[],"tiered_pricing_percentage_rules":[],"tiered_pricing_minimum":1,"tiered_pricing_roles_data":[],"_links":{"self":[{"href":"https:\/\/www.csj-emballages.com\/de\/wp-json\/wp\/v2\/product\/18680","targetHints":{"allow":["GET"]}}],"collection":[{"href":"https:\/\/www.csj-emballages.com\/de\/wp-json\/wp\/v2\/product"}],"about":[{"href":"https:\/\/www.csj-emballages.com\/de\/wp-json\/wp\/v2\/types\/product"}],"wp:featuredmedia":[{"embeddable":true,"href":"https:\/\/www.csj-emballages.com\/de\/wp-json\/wp\/v2\/media\/8575"}],"wp:attachment":[{"href":"https:\/\/www.csj-emballages.com\/de\/wp-json\/wp\/v2\/media?parent=18680"}],"wp:term":[{"taxonomy":"product_brand","embeddable":true,"href":"https:\/\/www.csj-emballages.com\/de\/wp-json\/wp\/v2\/product_brand?post=18680"},{"taxonomy":"product_cat","embeddable":true,"href":"https:\/\/www.csj-emballages.com\/de\/wp-json\/wp\/v2\/product_cat?post=18680"},{"taxonomy":"product_tag","embeddable":true,"href":"https:\/\/www.csj-emballages.com\/de\/wp-json\/wp\/v2\/product_tag?post=18680"}],"curies":[{"name":"wp","href":"https:\/\/api.w.org\/{rel}","templated":true}]}}