{"id":18674,"date":"2024-03-01T16:57:39","date_gmt":"2024-03-01T15:57:39","guid":{"rendered":"https:\/\/u15jnbdpoq.preview.infomaniak.website\/produit\/deckswaschmaschine-22-cm-polypro-30-mm\/"},"modified":"2026-04-14T02:11:47","modified_gmt":"2026-04-14T00:11:47","slug":"deckswaschmaschine-22-cm-polypro-30-mm","status":"publish","type":"product","link":"https:\/\/www.csj-emballages.com\/de\/produit\/deckswaschmaschine-22-cm-polypro-30-mm\/","title":{"rendered":"Deckswaschmaschine 22 cm Polypro 30 mm"},"content":{"rendered":"<h2>Deckb\u00fcrste<\/h2>\n<hr>\n<h3>Entdecken Sie unsere Deckb\u00fcrste 22 cm Polypropylen 30 mm<\/h3>\n<p><!--more--><\/p>\n<p data-start=\"257\" data-end=\"646\">Wenn der Boden eine gr\u00fcndliche Reinigung ben\u00f6tigt, wird diese <strong data-start=\"321\" data-end=\"343\">22 cm Deckb\u00fcrste<\/strong> schnell zu einem unverzichtbaren Helfer. Weder zu breit noch zu sperrig, bietet sie eine hervorragende Balance zwischen Handlichkeit und Effizienz. Sie erm\u00f6glicht pr\u00e4zises Schrubben, selbst in Bereichen mit begrenztem Platz, wie Ecken, engen G\u00e4ngen oder kleinen professionellen Fl\u00e4chen.  <\/p>\n<p data-start=\"648\" data-end=\"1033\">Ihre <strong data-start=\"662\" data-end=\"688\">30 mm Polypropylenfasern<\/strong> gew\u00e4hrleisten ein effektives B\u00fcrsten, ohne die B\u00f6den zu besch\u00e4digen. Sie nehmen Schmutz, selbst hartn\u00e4ckigen, gut auf und bleiben dabei flexibel genug, um leicht zu gleiten. Das Ergebnis: Die Reinigung erfolgt schneller und erfordert weniger Aufwand. Ob f\u00fcr Fliesenb\u00f6den, Beton oder Au\u00dfenfl\u00e4chen, diese Deckb\u00fcrste ist stets einsatzbereit.   <\/p>\n<p data-start=\"1035\" data-end=\"1313\">Zudem garantiert ihre solide Struktur eine lange Haltbarkeit. Sie h\u00e4lt wiederholten Reinigungen, Feuchtigkeit und g\u00e4ngigen Reinigungsmitteln stand, ohne sich zu verformen. Ihr kompaktes Format erm\u00f6glicht zudem eine einfache Lagerung, ohne unn\u00f6tigen Platz in einem Reinigungsraum einzunehmen.  <\/p>\n<p data-start=\"1315\" data-end=\"1526\">Ein weiterer Pluspunkt: Sie passt problemlos auf einen <strong>Standardstiel<\/strong>, was komplizierte Handhabung vermeidet. Sie montieren sie, Sie reinigen, und das war&#8217;s. Kein Zeitverlust, keine b\u00f6sen \u00dcberraschungen.  <\/p>\n<p data-start=\"1528\" data-end=\"1790\">Kurz gesagt, diese <strong>Deckb\u00fcrste<\/strong> kommt direkt zur Sache. Sie erf\u00fcllt ihre Funktion perfekt, ohne \u00dcberfl\u00fcssiges, und richtet sich an alle, die ein zuverl\u00e4ssiges, praktisches und einfach zu bedienendes Werkzeug f\u00fcr den t\u00e4glichen Gebrauch suchen, sei es im professionellen Umfeld oder f\u00fcr den gelegentlichen Einsatz. <\/p>\n<p data-start=\"1528\" data-end=\"1790\"><!--more--><\/p>\n<h4 data-start=\"1528\" data-end=\"1790\">Vorteile :<\/h4>\n<ul>\n<li data-start=\"1818\" data-end=\"1860\">Kompaktes Format von <strong>22 cm<\/strong>, leicht zu handhaben<\/li>\n<li data-start=\"1863\" data-end=\"1916\"><strong>Polypropylenfasern 30 mm<\/strong> effektiv und widerstandsf\u00e4hig<\/li>\n<li data-start=\"1919\" data-end=\"1967\">Pr\u00e4zise Reinigung, auch in engen Bereichen<\/li>\n<li data-start=\"1970\" data-end=\"2017\">Gute Best\u00e4ndigkeit gegen Feuchtigkeit und Produkte<\/li>\n<li data-start=\"2020\" data-end=\"2055\">Kompatibel mit Standardstielen.<\/li>\n<\/ul>\n<p>&nbsp;<\/p>\n<p><!--more--><\/p>\n<h4>Weitere Informationen :<\/h4>\n<ul>\n<li><strong>Verpackung<\/strong>: Einzeln<\/li>\n<li><strong>Abmessungen<\/strong>: 220 x 65 x 85 mm<\/li>\n<li><strong>Farbe<\/strong>: Wei\u00df<\/li>\n<li><strong>Stielaufnahme<\/strong>: Integriertes franz\u00f6sisches Gewinde<\/li>\n<li><strong>Faser<\/strong>: Nylon PP wei\u00df, Auszug 30 mm<\/li>\n<\/ul>\n<p>&nbsp;<\/p>\n<p><!--more--><\/p>\n<p><a href=\"https:\/\/www.csj-emballages.com\/de\/categorie-produit\/hygiene-und-pflege\/bursten-und-besen\/besen-burste-staubwedel\/besen-kehrblech-staubwedel\/\">Entdecken Sie den Rest unseres Sortiments an Besen \/ Handfegern \/ Staubwedeln<\/a><\/p>\n<p data-start=\"1528\" data-end=\"1790\">\n","protected":false},"excerpt":{"rendered":"<p>Deckb\u00fcrste Entdecken Sie unsere Deckb\u00fcrste 22 cm Polypropylen 30 mm<\/p>\n","protected":false},"featured_media":261875,"template":"","meta":{"_acf_changed":false},"product_brand":[],"product_cat":[1218,1449,1845,1846],"product_tag":[],"class_list":{"0":"post-18674","1":"product","2":"type-product","3":"status-publish","4":"has-post-thumbnail","6":"product_cat-hygiene-und-pflege","7":"product_cat-bursten-und-besen","8":"product_cat-besen-burste-staubwedel","9":"product_cat-besen-kehrblech-staubwedel","11":"first","12":"instock","13":"taxable","14":"shipping-taxable","15":"purchasable","16":"product-type-simple"},"acf":[],"yoast_head":"<!-- This site is optimized with the Yoast SEO Premium plugin v26.6 (Yoast SEO v26.6) - https:\/\/yoast.com\/wordpress\/plugins\/seo\/ -->\n<title>Deckb\u00fcrste 22 cm Polypropylen 30 mm<\/title>\n<meta name=\"description\" content=\"Deckb\u00fcrste 22 cm aus Polypropylen 30 mm, praktisch und widerstandsf\u00e4hig. Ideal f\u00fcr eine pr\u00e4zise und effiziente Reinigung von B\u00f6den im professionellen Umfeld.\" \/>\n<meta name=\"robots\" content=\"index, follow, max-snippet:-1, max-image-preview:large, max-video-preview:-1\" \/>\n<link rel=\"canonical\" href=\"https:\/\/www.csj-emballages.com\/de\/produit\/deckswaschmaschine-22-cm-polypro-30-mm\/\" \/>\n<meta property=\"og:locale\" content=\"de_DE\" \/>\n<meta property=\"og:type\" content=\"article\" \/>\n<meta property=\"og:title\" content=\"Deckswaschmaschine 22 cm Polypro 30 mm\" \/>\n<meta property=\"og:description\" content=\"Deckb\u00fcrste 22 cm aus Polypropylen 30 mm, praktisch und widerstandsf\u00e4hig. Ideal f\u00fcr eine pr\u00e4zise und effiziente Reinigung von B\u00f6den im professionellen Umfeld.\" \/>\n<meta property=\"og:url\" content=\"https:\/\/www.csj-emballages.com\/de\/produit\/deckswaschmaschine-22-cm-polypro-30-mm\/\" \/>\n<meta property=\"og:site_name\" content=\"CSJ Emballages\" \/>\n<meta property=\"article:publisher\" content=\"https:\/\/www.facebook.com\/csjemballages\" \/>\n<meta property=\"article:modified_time\" content=\"2026-04-14T00:11:47+00:00\" \/>\n<meta property=\"og:image\" content=\"https:\/\/www.csj-emballages.com\/wp-content\/uploads\/2024\/03\/Lave-pont.webp\" \/>\n\t<meta property=\"og:image:width\" content=\"800\" \/>\n\t<meta property=\"og:image:height\" content=\"800\" \/>\n\t<meta property=\"og:image:type\" content=\"image\/webp\" \/>\n<meta name=\"twitter:card\" content=\"summary_large_image\" \/>\n<meta name=\"twitter:label1\" content=\"Gesch\u00e4tzte Lesezeit\" \/>\n\t<meta name=\"twitter:data1\" content=\"2 Minuten\" \/>\n<script type=\"application\/ld+json\" class=\"yoast-schema-graph\">{\"@context\":\"https:\/\/schema.org\",\"@graph\":[{\"@type\":\"WebPage\",\"@id\":\"https:\/\/www.csj-emballages.com\/de\/produit\/deckswaschmaschine-22-cm-polypro-30-mm\/\",\"url\":\"https:\/\/www.csj-emballages.com\/de\/produit\/deckswaschmaschine-22-cm-polypro-30-mm\/\",\"name\":\"Deckb\u00fcrste 22 cm Polypropylen 30 mm\",\"isPartOf\":{\"@id\":\"https:\/\/www.csj-emballages.com\/de\/#website\"},\"primaryImageOfPage\":{\"@id\":\"https:\/\/www.csj-emballages.com\/de\/produit\/deckswaschmaschine-22-cm-polypro-30-mm\/#primaryimage\"},\"image\":{\"@id\":\"https:\/\/www.csj-emballages.com\/de\/produit\/deckswaschmaschine-22-cm-polypro-30-mm\/#primaryimage\"},\"thumbnailUrl\":\"https:\/\/www.csj-emballages.com\/wp-content\/uploads\/2024\/03\/Lave-pont.webp\",\"datePublished\":\"2024-03-01T15:57:39+00:00\",\"dateModified\":\"2026-04-14T00:11:47+00:00\",\"description\":\"Deckb\u00fcrste 22 cm aus Polypropylen 30 mm, praktisch und widerstandsf\u00e4hig. Ideal f\u00fcr eine pr\u00e4zise und effiziente Reinigung von B\u00f6den im professionellen Umfeld.\",\"breadcrumb\":{\"@id\":\"https:\/\/www.csj-emballages.com\/de\/produit\/deckswaschmaschine-22-cm-polypro-30-mm\/#breadcrumb\"},\"inLanguage\":\"de\",\"potentialAction\":[{\"@type\":\"ReadAction\",\"target\":[\"https:\/\/www.csj-emballages.com\/de\/produit\/deckswaschmaschine-22-cm-polypro-30-mm\/\"]}]},{\"@type\":\"ImageObject\",\"inLanguage\":\"de\",\"@id\":\"https:\/\/www.csj-emballages.com\/de\/produit\/deckswaschmaschine-22-cm-polypro-30-mm\/#primaryimage\",\"url\":\"https:\/\/www.csj-emballages.com\/wp-content\/uploads\/2024\/03\/Lave-pont.webp\",\"contentUrl\":\"https:\/\/www.csj-emballages.com\/wp-content\/uploads\/2024\/03\/Lave-pont.webp\",\"width\":800,\"height\":800,\"caption\":\"Lave pont\"},{\"@type\":\"BreadcrumbList\",\"@id\":\"https:\/\/www.csj-emballages.com\/de\/produit\/deckswaschmaschine-22-cm-polypro-30-mm\/#breadcrumb\",\"itemListElement\":[{\"@type\":\"ListItem\",\"position\":1,\"name\":\"Accueil\",\"item\":\"https:\/\/www.csj-emballages.com\/de\/universum-lebensmittelverpackungen\/\"},{\"@type\":\"ListItem\",\"position\":2,\"name\":\"Shop\",\"item\":\"https:\/\/www.csj-emballages.com\/shop\/\"},{\"@type\":\"ListItem\",\"position\":3,\"name\":\"Deckswaschmaschine 22 cm Polypro 30 mm\"}]},{\"@type\":\"WebSite\",\"@id\":\"https:\/\/www.csj-emballages.com\/de\/#website\",\"url\":\"https:\/\/www.csj-emballages.com\/de\/\",\"name\":\"CSJ Emballages\",\"description\":\"\",\"publisher\":{\"@id\":\"https:\/\/www.csj-emballages.com\/de\/#organization\"},\"potentialAction\":[{\"@type\":\"SearchAction\",\"target\":{\"@type\":\"EntryPoint\",\"urlTemplate\":\"https:\/\/www.csj-emballages.com\/de\/?s={search_term_string}\"},\"query-input\":{\"@type\":\"PropertyValueSpecification\",\"valueRequired\":true,\"valueName\":\"search_term_string\"}}],\"inLanguage\":\"de\"},{\"@type\":\"Organization\",\"@id\":\"https:\/\/www.csj-emballages.com\/de\/#Organization\/\",\"name\":\"CSJ Emballages\",\"url\":\"https:\/\/www.csj-emballages.com\/de\/\",\"logo\":{\"@type\":\"ImageObject\",\"inLanguage\":\"de\",\"@id\":\"https:\/\/www.csj-emballages.com\/de\/#\/schema\/logo\/image\/\",\"url\":\"https:\/\/www.csj-emballages.com\/wp-content\/uploads\/2023\/10\/logo_csj.webp\",\"contentUrl\":\"https:\/\/www.csj-emballages.com\/wp-content\/uploads\/2023\/10\/logo_csj.webp\",\"width\":250,\"height\":95,\"caption\":\"CSJ Emballages\"},\"image\":{\"@id\":\"https:\/\/www.csj-emballages.com\/de\/#\/schema\/logo\/image\/\"},\"sameAs\":[\"https:\/\/www.facebook.com\/csjemballages\"],\"address\":{\"@type\":\"PostalAddress\",\"streetAddress\":\"ZI La Lechere\",\"addressLocality\":\"Patornay\",\"postalCode\":\"39130\",\"addressCountry\":\"FR\"},\"contactPoint\":[{\"@type\":\"ContactPoint\",\"contactType\":\"Service client\",\"telephone\":\"0384254272\",\"email\":\"contact@csj-emballages.com\"}]}]}<\/script>\n<!-- \/ Yoast SEO Premium plugin. -->","yoast_head_json":{"title":"Deckb\u00fcrste 22 cm Polypropylen 30 mm","description":"Deckb\u00fcrste 22 cm aus Polypropylen 30 mm, praktisch und widerstandsf\u00e4hig. Ideal f\u00fcr eine pr\u00e4zise und effiziente Reinigung von B\u00f6den im professionellen Umfeld.","robots":{"index":"index","follow":"follow","max-snippet":"max-snippet:-1","max-image-preview":"max-image-preview:large","max-video-preview":"max-video-preview:-1"},"canonical":"https:\/\/www.csj-emballages.com\/de\/produit\/deckswaschmaschine-22-cm-polypro-30-mm\/","og_locale":"de_DE","og_type":"article","og_title":"Deckswaschmaschine 22 cm Polypro 30 mm","og_description":"Deckb\u00fcrste 22 cm aus Polypropylen 30 mm, praktisch und widerstandsf\u00e4hig. Ideal f\u00fcr eine pr\u00e4zise und effiziente Reinigung von B\u00f6den im professionellen Umfeld.","og_url":"https:\/\/www.csj-emballages.com\/de\/produit\/deckswaschmaschine-22-cm-polypro-30-mm\/","og_site_name":"CSJ Emballages","article_publisher":"https:\/\/www.facebook.com\/csjemballages","article_modified_time":"2026-04-14T00:11:47+00:00","og_image":[{"width":800,"height":800,"url":"https:\/\/www.csj-emballages.com\/wp-content\/uploads\/2024\/03\/Lave-pont.webp","type":"image\/webp"}],"twitter_card":"summary_large_image","twitter_misc":{"Gesch\u00e4tzte Lesezeit":"2 Minuten"},"schema":{"@context":"https:\/\/schema.org","@graph":[{"@type":"WebPage","@id":"https:\/\/www.csj-emballages.com\/de\/produit\/deckswaschmaschine-22-cm-polypro-30-mm\/","url":"https:\/\/www.csj-emballages.com\/de\/produit\/deckswaschmaschine-22-cm-polypro-30-mm\/","name":"Deckb\u00fcrste 22 cm Polypropylen 30 mm","isPartOf":{"@id":"https:\/\/www.csj-emballages.com\/de\/#website"},"primaryImageOfPage":{"@id":"https:\/\/www.csj-emballages.com\/de\/produit\/deckswaschmaschine-22-cm-polypro-30-mm\/#primaryimage"},"image":{"@id":"https:\/\/www.csj-emballages.com\/de\/produit\/deckswaschmaschine-22-cm-polypro-30-mm\/#primaryimage"},"thumbnailUrl":"https:\/\/www.csj-emballages.com\/wp-content\/uploads\/2024\/03\/Lave-pont.webp","datePublished":"2024-03-01T15:57:39+00:00","dateModified":"2026-04-14T00:11:47+00:00","description":"Deckb\u00fcrste 22 cm aus Polypropylen 30 mm, praktisch und widerstandsf\u00e4hig. Ideal f\u00fcr eine pr\u00e4zise und effiziente Reinigung von B\u00f6den im professionellen Umfeld.","breadcrumb":{"@id":"https:\/\/www.csj-emballages.com\/de\/produit\/deckswaschmaschine-22-cm-polypro-30-mm\/#breadcrumb"},"inLanguage":"de","potentialAction":[{"@type":"ReadAction","target":["https:\/\/www.csj-emballages.com\/de\/produit\/deckswaschmaschine-22-cm-polypro-30-mm\/"]}]},{"@type":"ImageObject","inLanguage":"de","@id":"https:\/\/www.csj-emballages.com\/de\/produit\/deckswaschmaschine-22-cm-polypro-30-mm\/#primaryimage","url":"https:\/\/www.csj-emballages.com\/wp-content\/uploads\/2024\/03\/Lave-pont.webp","contentUrl":"https:\/\/www.csj-emballages.com\/wp-content\/uploads\/2024\/03\/Lave-pont.webp","width":800,"height":800,"caption":"Lave pont"},{"@type":"BreadcrumbList","@id":"https:\/\/www.csj-emballages.com\/de\/produit\/deckswaschmaschine-22-cm-polypro-30-mm\/#breadcrumb","itemListElement":[{"@type":"ListItem","position":1,"name":"Accueil","item":"https:\/\/www.csj-emballages.com\/de\/universum-lebensmittelverpackungen\/"},{"@type":"ListItem","position":2,"name":"Shop","item":"https:\/\/www.csj-emballages.com\/shop\/"},{"@type":"ListItem","position":3,"name":"Deckswaschmaschine 22 cm Polypro 30 mm"}]},{"@type":"WebSite","@id":"https:\/\/www.csj-emballages.com\/de\/#website","url":"https:\/\/www.csj-emballages.com\/de\/","name":"CSJ Emballages","description":"","publisher":{"@id":"https:\/\/www.csj-emballages.com\/de\/#organization"},"potentialAction":[{"@type":"SearchAction","target":{"@type":"EntryPoint","urlTemplate":"https:\/\/www.csj-emballages.com\/de\/?s={search_term_string}"},"query-input":{"@type":"PropertyValueSpecification","valueRequired":true,"valueName":"search_term_string"}}],"inLanguage":"de"},{"@type":"Organization","@id":"https:\/\/www.csj-emballages.com\/de\/#Organization\/","name":"CSJ Emballages","url":"https:\/\/www.csj-emballages.com\/de\/","logo":{"@type":"ImageObject","inLanguage":"de","@id":"https:\/\/www.csj-emballages.com\/de\/#\/schema\/logo\/image\/","url":"https:\/\/www.csj-emballages.com\/wp-content\/uploads\/2023\/10\/logo_csj.webp","contentUrl":"https:\/\/www.csj-emballages.com\/wp-content\/uploads\/2023\/10\/logo_csj.webp","width":250,"height":95,"caption":"CSJ Emballages"},"image":{"@id":"https:\/\/www.csj-emballages.com\/de\/#\/schema\/logo\/image\/"},"sameAs":["https:\/\/www.facebook.com\/csjemballages"],"address":{"@type":"PostalAddress","streetAddress":"ZI La Lechere","addressLocality":"Patornay","postalCode":"39130","addressCountry":"FR"},"contactPoint":[{"@type":"ContactPoint","contactType":"Service client","telephone":"0384254272","email":"contact@csj-emballages.com"}]}]}},"df_price":2.29,"df_sale_price":"","df_regular_price":2.29,"df_image_link":"https:\/\/www.csj-emballages.com\/wp-content\/uploads\/2024\/03\/Lave-pont-300x300.webp","tiered_pricing_type":"fixed","tiered_pricing_fixed_rules":[],"tiered_pricing_percentage_rules":[],"tiered_pricing_minimum":1,"tiered_pricing_roles_data":[],"_links":{"self":[{"href":"https:\/\/www.csj-emballages.com\/de\/wp-json\/wp\/v2\/product\/18674","targetHints":{"allow":["GET"]}}],"collection":[{"href":"https:\/\/www.csj-emballages.com\/de\/wp-json\/wp\/v2\/product"}],"about":[{"href":"https:\/\/www.csj-emballages.com\/de\/wp-json\/wp\/v2\/types\/product"}],"wp:featuredmedia":[{"embeddable":true,"href":"https:\/\/www.csj-emballages.com\/de\/wp-json\/wp\/v2\/media\/261875"}],"wp:attachment":[{"href":"https:\/\/www.csj-emballages.com\/de\/wp-json\/wp\/v2\/media?parent=18674"}],"wp:term":[{"taxonomy":"product_brand","embeddable":true,"href":"https:\/\/www.csj-emballages.com\/de\/wp-json\/wp\/v2\/product_brand?post=18674"},{"taxonomy":"product_cat","embeddable":true,"href":"https:\/\/www.csj-emballages.com\/de\/wp-json\/wp\/v2\/product_cat?post=18674"},{"taxonomy":"product_tag","embeddable":true,"href":"https:\/\/www.csj-emballages.com\/de\/wp-json\/wp\/v2\/product_tag?post=18674"}],"curies":[{"name":"wp","href":"https:\/\/api.w.org\/{rel}","templated":true}]}}