{"id":18663,"date":"2024-03-01T16:57:40","date_gmt":"2024-03-01T15:57:40","guid":{"rendered":"https:\/\/u15jnbdpoq.preview.infomaniak.website\/produit\/entkalkungsfluessigkeit-fuer-maschinen-5l-senet\/"},"modified":"2026-04-03T02:12:35","modified_gmt":"2026-04-03T00:12:35","slug":"entkalkungsfluessigkeit-fuer-maschinen-5l-senet","status":"publish","type":"product","link":"https:\/\/www.csj-emballages.com\/de\/produit\/entkalkungsfluessigkeit-fuer-maschinen-5l-senet\/","title":{"rendered":"Entkalker Maschine 5L"},"content":{"rendered":"<h2>Entkalker Maschine 5L<\/h2>\n<hr>\n<h3>Beschreibung unseres Entkalkungsmittels f\u00fcr Maschinen 5L<\/h3>\n<p><!--more--><\/p>\n<p class=\"\" data-start=\"130\" data-end=\"676\">Kalk ist einer der schlimmsten Feinde professioneller Maschinen: Er verstopft die Schaltkreise, beeintr\u00e4chtigt die Leistung, erh\u00f6ht den Energieverbrauch und kann sogar die Lebensdauer Ihrer Ger\u00e4te verk\u00fcrzen. Tats\u00e4chlich ist dieser leistungsstarke und f\u00fcr den professionellen Gebrauch entwickelte <strong data-start=\"406\" data-end=\"431\">5L Maschinenentkalker<\/strong> die ideale L\u00f6sung, um Kalkablagerungen in all Ihren Ger\u00e4ten wirksam zu entfernen: Kaffeemaschinen, Geschirrsp\u00fcler, industrielle Wasserkocher, Wasserb\u00e4der, Eisw\u00fcrfelmaschinen etc. <\/p>\n<p class=\"\" data-start=\"678\" data-end=\"1073\">Seine konzentrierte Formel wirkt schnell, indem sie Kalkr\u00fcckst\u00e4nde aufl\u00f6st und gleichzeitig die Bestandteile Ihrer Ger\u00e4te schont. Die Anwendung ist einfach: Verd\u00fcnnen Sie das Produkt je nach Verkalkungsgrad, lassen Sie es einwirken und sp\u00fclen Sie es anschlie\u00dfend gr\u00fcndlich ab. Innerhalb weniger Minuten erhalten Ihre Ger\u00e4te ihre urspr\u00fcngliche Leistung zur\u00fcck, ihre Energieeffizienz wird wiederhergestellt und ihre Lebensdauer verl\u00e4ngert.  <\/p>\n<p class=\"\" data-start=\"1075\" data-end=\"1403\">Dieser <strong>5L-Kanister<\/strong> ist ideal f\u00fcr <strong data-start=\"1090\" data-end=\"1105\">Restaurants<\/strong>, <strong data-start=\"1107\" data-end=\"1117\">Hotels<\/strong>, <strong data-start=\"1119\" data-end=\"1136\">\u00f6ffentliche Einrichtungen<\/strong>, aber auch f\u00fcr <strong data-start=\"1158\" data-end=\"1170\">Handwerker<\/strong> und <strong data-start=\"1178\" data-end=\"1204\">anspruchsvolle Privatpersonen<\/strong>. Er bietet eine ausgezeichnete Ergiebigkeit: Eine kleine Menge reicht f\u00fcr die regelm\u00e4\u00dfige Pflege aus. Sie tun nicht nur etwas f\u00fcr die Wirtschaft, sondern auch f\u00fcr die Umwelt, indem Sie die Lebensdauer Ihrer Ger\u00e4te verl\u00e4ngern. <\/p>\n<p class=\"\" data-start=\"1405\" data-end=\"1545\">Auch Kalkablagerungen geh\u00f6ren der Vergangenheit an: Mit diesem <strong>professionellen Entkalker<\/strong> pflegen Sie Ihre Maschinen wie ein Experte &#8211; ganz einfach.<\/p>\n<p data-start=\"1405\" data-end=\"1545\">\n<p><!--more--><\/p>\n<h4>Seine Vorteile :<\/h4>\n<ul>\n<li>Entfernt schnell Kalkablagerungen.<\/li>\n<li>Konzentrierte, hochwirksame Formel.<\/li>\n<li>Kompatibel mit vielen Maschinen (Kaffee, Geschirr, etc.).<\/li>\n<li>Verl\u00e4ngert die Lebensdauer der Ger\u00e4te.<\/li>\n<li>Reduziert den Energieverbrauch.<\/li>\n<li>Einfache und effektive Nutzung.<\/li>\n<\/ul>\n<p>&nbsp;<\/p>\n<p><!--more--><\/p>\n<h4>Gebrauchsanweisung :<\/h4>\n<p>Verwenden Sie die automatische Waschmitteldosierpumpe nicht, schalten Sie sie ggf. aus. Verwenden Sie den sauren Entkalker, der je nach Verkalkung der Maschinen mit 5 bis 10 % des Wasservolumens verd\u00fcnnt wird. Leeren Sie den Beh\u00e4lter und sp\u00fclen Sie mehrmals mit klarem Wasser nach. Wiederholen Sie den Vorgang, wenn n\u00f6tig. Verwenden Sie den Maschinenentkalker pur als Spray f\u00fcr schwer zug\u00e4ngliche Ger\u00e4te. Lassen Sie das Produkt* so lange einwirken, bis der Kalk vollst\u00e4ndig verschwunden ist, und sp\u00fclen Sie dann gr\u00fcndlich nach. *Je nach Untergrund nicht l\u00e4nger als 30 Minuten stehen lassen. Wiederholen Sie den Vorgang, wenn n\u00f6tig. (Um sich gut zu sch\u00fctzen, achten Sie darauf, die im SDB unter Abschnitt 8 angegebene PSA zu tragen).        <\/p>\n<p>&nbsp;<\/p>\n<p><!--more--><\/p>\n<h4>Weitere Informationen :<\/h4>\n<ul>\n<li><strong>Verpackung<\/strong>: Einzeln<\/li>\n<li><strong>Farbe<\/strong>: Farblos<\/li>\n<li><strong>Volumen<\/strong>: 5 Liter<\/li>\n<li><strong>Verwendung<\/strong>: Entkalkungsmittel f\u00fcr Maschinen<\/li>\n<li><strong>pH-Wert <\/strong>: &lt;2<\/li>\n<\/ul>\n<p>&nbsp;<\/p>\n<p><!--more--><\/p>\n<p>Hier finden Sie unseren Entkalker f\u00fcr automatische Geschirrsp\u00fclmaschinen 5 Liter : <span style=\"color: #d12727;\"><a style=\"color: #d12727;\" href=\"https:\/\/www.csj-emballages.com\/de\/produit\/entkalker-fuer-automatische-geschirrspuelmaschinen\/\">62355<\/a><\/span><\/p>\n<p>&nbsp;<\/p>\n<p><!--more--><\/p>\n<p><a href=\"https:\/\/www.csj-emballages.com\/de\/categorie-produit\/hygiene-und-pflege\/pflegeprodukte\/kuche\/\">Sehen Sie sich den Rest unseres Sortiments an K\u00fcchenreinigungsprodukten an.<\/a><\/p>\n","protected":false},"excerpt":{"rendered":"<p>Entkalker Maschine 5L Beschreibung unseres Entkalkungsmittels f\u00fcr Maschinen 5L<\/p>\n","protected":false},"featured_media":233237,"template":"","meta":{"_acf_changed":false},"product_brand":[],"product_cat":[1218,1219,1330],"product_tag":[],"class_list":{"0":"post-18663","1":"product","2":"type-product","3":"status-publish","4":"has-post-thumbnail","6":"product_cat-hygiene-und-pflege","7":"product_cat-pflegeprodukte","8":"product_cat-kuche","9":"product_shipping_class-verboten-in-staffeln","11":"first","12":"instock","13":"taxable","14":"shipping-taxable","15":"purchasable","16":"product-type-simple"},"acf":[],"yoast_head":"<!-- This site is optimized with the Yoast SEO Premium plugin v26.6 (Yoast SEO v26.6) - https:\/\/yoast.com\/wordpress\/plugins\/seo\/ -->\n<title>Entkalker Maschine 5L<\/title>\n<meta name=\"description\" content=\"Maschinenentkalker 5L - Entfernt effektiv Kalk und verl\u00e4ngert die Lebensdauer Ihrer Ger\u00e4te. Ideal f\u00fcr Geschirrsp\u00fcler, Kaffeemaschinen und mehr\" \/>\n<meta name=\"robots\" content=\"index, follow, max-snippet:-1, max-image-preview:large, max-video-preview:-1\" \/>\n<link rel=\"canonical\" href=\"https:\/\/www.csj-emballages.com\/de\/produit\/entkalkungsfluessigkeit-fuer-maschinen-5l-senet\/\" \/>\n<meta property=\"og:locale\" content=\"de_DE\" \/>\n<meta property=\"og:type\" content=\"article\" \/>\n<meta property=\"og:title\" content=\"Entkalker Maschine 5L\" \/>\n<meta property=\"og:description\" content=\"Maschinenentkalker 5L - Entfernt effektiv Kalk und verl\u00e4ngert die Lebensdauer Ihrer Ger\u00e4te. Ideal f\u00fcr Geschirrsp\u00fcler, Kaffeemaschinen und mehr\" \/>\n<meta property=\"og:url\" content=\"https:\/\/www.csj-emballages.com\/de\/produit\/entkalkungsfluessigkeit-fuer-maschinen-5l-senet\/\" \/>\n<meta property=\"og:site_name\" content=\"CSJ Emballages\" \/>\n<meta property=\"article:publisher\" content=\"https:\/\/www.facebook.com\/csjemballages\" \/>\n<meta property=\"article:modified_time\" content=\"2026-04-03T00:12:35+00:00\" \/>\n<meta property=\"og:image\" content=\"https:\/\/www.csj-emballages.com\/wp-content\/uploads\/2024\/03\/62345.webp\" \/>\n\t<meta property=\"og:image:width\" content=\"800\" \/>\n\t<meta property=\"og:image:height\" content=\"800\" \/>\n\t<meta property=\"og:image:type\" content=\"image\/webp\" \/>\n<meta name=\"twitter:card\" content=\"summary_large_image\" \/>\n<meta name=\"twitter:label1\" content=\"Gesch\u00e4tzte Lesezeit\" \/>\n\t<meta name=\"twitter:data1\" content=\"2 Minuten\" \/>\n<script type=\"application\/ld+json\" class=\"yoast-schema-graph\">{\"@context\":\"https:\/\/schema.org\",\"@graph\":[{\"@type\":\"WebPage\",\"@id\":\"https:\/\/www.csj-emballages.com\/de\/produit\/entkalkungsfluessigkeit-fuer-maschinen-5l-senet\/\",\"url\":\"https:\/\/www.csj-emballages.com\/de\/produit\/entkalkungsfluessigkeit-fuer-maschinen-5l-senet\/\",\"name\":\"Entkalker Maschine 5L\",\"isPartOf\":{\"@id\":\"https:\/\/www.csj-emballages.com\/de\/#website\"},\"primaryImageOfPage\":{\"@id\":\"https:\/\/www.csj-emballages.com\/de\/produit\/entkalkungsfluessigkeit-fuer-maschinen-5l-senet\/#primaryimage\"},\"image\":{\"@id\":\"https:\/\/www.csj-emballages.com\/de\/produit\/entkalkungsfluessigkeit-fuer-maschinen-5l-senet\/#primaryimage\"},\"thumbnailUrl\":\"https:\/\/www.csj-emballages.com\/wp-content\/uploads\/2024\/03\/62345.webp\",\"datePublished\":\"2024-03-01T15:57:40+00:00\",\"dateModified\":\"2026-04-03T00:12:35+00:00\",\"description\":\"Maschinenentkalker 5L - Entfernt effektiv Kalk und verl\u00e4ngert die Lebensdauer Ihrer Ger\u00e4te. Ideal f\u00fcr Geschirrsp\u00fcler, Kaffeemaschinen und mehr\",\"breadcrumb\":{\"@id\":\"https:\/\/www.csj-emballages.com\/de\/produit\/entkalkungsfluessigkeit-fuer-maschinen-5l-senet\/#breadcrumb\"},\"inLanguage\":\"de\",\"potentialAction\":[{\"@type\":\"ReadAction\",\"target\":[\"https:\/\/www.csj-emballages.com\/de\/produit\/entkalkungsfluessigkeit-fuer-maschinen-5l-senet\/\"]}]},{\"@type\":\"ImageObject\",\"inLanguage\":\"de\",\"@id\":\"https:\/\/www.csj-emballages.com\/de\/produit\/entkalkungsfluessigkeit-fuer-maschinen-5l-senet\/#primaryimage\",\"url\":\"https:\/\/www.csj-emballages.com\/wp-content\/uploads\/2024\/03\/62345.webp\",\"contentUrl\":\"https:\/\/www.csj-emballages.com\/wp-content\/uploads\/2024\/03\/62345.webp\",\"width\":800,\"height\":800,\"caption\":\"D\u00e9tartrant machine 5L\"},{\"@type\":\"BreadcrumbList\",\"@id\":\"https:\/\/www.csj-emballages.com\/de\/produit\/entkalkungsfluessigkeit-fuer-maschinen-5l-senet\/#breadcrumb\",\"itemListElement\":[{\"@type\":\"ListItem\",\"position\":1,\"name\":\"Accueil\",\"item\":\"https:\/\/www.csj-emballages.com\/de\/universum-lebensmittelverpackungen\/\"},{\"@type\":\"ListItem\",\"position\":2,\"name\":\"Shop\",\"item\":\"https:\/\/www.csj-emballages.com\/shop\/\"},{\"@type\":\"ListItem\",\"position\":3,\"name\":\"Entkalker Maschine 5L\"}]},{\"@type\":\"WebSite\",\"@id\":\"https:\/\/www.csj-emballages.com\/de\/#website\",\"url\":\"https:\/\/www.csj-emballages.com\/de\/\",\"name\":\"CSJ Emballages\",\"description\":\"\",\"publisher\":{\"@id\":\"https:\/\/www.csj-emballages.com\/de\/#organization\"},\"potentialAction\":[{\"@type\":\"SearchAction\",\"target\":{\"@type\":\"EntryPoint\",\"urlTemplate\":\"https:\/\/www.csj-emballages.com\/de\/?s={search_term_string}\"},\"query-input\":{\"@type\":\"PropertyValueSpecification\",\"valueRequired\":true,\"valueName\":\"search_term_string\"}}],\"inLanguage\":\"de\"},{\"@type\":\"Organization\",\"@id\":\"https:\/\/www.csj-emballages.com\/de\/#Organization\/\",\"name\":\"CSJ Emballages\",\"url\":\"https:\/\/www.csj-emballages.com\/de\/\",\"logo\":{\"@type\":\"ImageObject\",\"inLanguage\":\"de\",\"@id\":\"https:\/\/www.csj-emballages.com\/de\/#\/schema\/logo\/image\/\",\"url\":\"https:\/\/www.csj-emballages.com\/wp-content\/uploads\/2023\/10\/logo_csj.webp\",\"contentUrl\":\"https:\/\/www.csj-emballages.com\/wp-content\/uploads\/2023\/10\/logo_csj.webp\",\"width\":250,\"height\":95,\"caption\":\"CSJ Emballages\"},\"image\":{\"@id\":\"https:\/\/www.csj-emballages.com\/de\/#\/schema\/logo\/image\/\"},\"sameAs\":[\"https:\/\/www.facebook.com\/csjemballages\"],\"address\":{\"@type\":\"PostalAddress\",\"streetAddress\":\"ZI La Lechere\",\"addressLocality\":\"Patornay\",\"postalCode\":\"39130\",\"addressCountry\":\"FR\"},\"contactPoint\":[{\"@type\":\"ContactPoint\",\"contactType\":\"Service client\",\"telephone\":\"0384254272\",\"email\":\"contact@csj-emballages.com\"}]}]}<\/script>\n<!-- \/ Yoast SEO Premium plugin. -->","yoast_head_json":{"title":"Entkalker Maschine 5L","description":"Maschinenentkalker 5L - Entfernt effektiv Kalk und verl\u00e4ngert die Lebensdauer Ihrer Ger\u00e4te. Ideal f\u00fcr Geschirrsp\u00fcler, Kaffeemaschinen und mehr","robots":{"index":"index","follow":"follow","max-snippet":"max-snippet:-1","max-image-preview":"max-image-preview:large","max-video-preview":"max-video-preview:-1"},"canonical":"https:\/\/www.csj-emballages.com\/de\/produit\/entkalkungsfluessigkeit-fuer-maschinen-5l-senet\/","og_locale":"de_DE","og_type":"article","og_title":"Entkalker Maschine 5L","og_description":"Maschinenentkalker 5L - Entfernt effektiv Kalk und verl\u00e4ngert die Lebensdauer Ihrer Ger\u00e4te. Ideal f\u00fcr Geschirrsp\u00fcler, Kaffeemaschinen und mehr","og_url":"https:\/\/www.csj-emballages.com\/de\/produit\/entkalkungsfluessigkeit-fuer-maschinen-5l-senet\/","og_site_name":"CSJ Emballages","article_publisher":"https:\/\/www.facebook.com\/csjemballages","article_modified_time":"2026-04-03T00:12:35+00:00","og_image":[{"width":800,"height":800,"url":"https:\/\/www.csj-emballages.com\/wp-content\/uploads\/2024\/03\/62345.webp","type":"image\/webp"}],"twitter_card":"summary_large_image","twitter_misc":{"Gesch\u00e4tzte Lesezeit":"2 Minuten"},"schema":{"@context":"https:\/\/schema.org","@graph":[{"@type":"WebPage","@id":"https:\/\/www.csj-emballages.com\/de\/produit\/entkalkungsfluessigkeit-fuer-maschinen-5l-senet\/","url":"https:\/\/www.csj-emballages.com\/de\/produit\/entkalkungsfluessigkeit-fuer-maschinen-5l-senet\/","name":"Entkalker Maschine 5L","isPartOf":{"@id":"https:\/\/www.csj-emballages.com\/de\/#website"},"primaryImageOfPage":{"@id":"https:\/\/www.csj-emballages.com\/de\/produit\/entkalkungsfluessigkeit-fuer-maschinen-5l-senet\/#primaryimage"},"image":{"@id":"https:\/\/www.csj-emballages.com\/de\/produit\/entkalkungsfluessigkeit-fuer-maschinen-5l-senet\/#primaryimage"},"thumbnailUrl":"https:\/\/www.csj-emballages.com\/wp-content\/uploads\/2024\/03\/62345.webp","datePublished":"2024-03-01T15:57:40+00:00","dateModified":"2026-04-03T00:12:35+00:00","description":"Maschinenentkalker 5L - Entfernt effektiv Kalk und verl\u00e4ngert die Lebensdauer Ihrer Ger\u00e4te. Ideal f\u00fcr Geschirrsp\u00fcler, Kaffeemaschinen und mehr","breadcrumb":{"@id":"https:\/\/www.csj-emballages.com\/de\/produit\/entkalkungsfluessigkeit-fuer-maschinen-5l-senet\/#breadcrumb"},"inLanguage":"de","potentialAction":[{"@type":"ReadAction","target":["https:\/\/www.csj-emballages.com\/de\/produit\/entkalkungsfluessigkeit-fuer-maschinen-5l-senet\/"]}]},{"@type":"ImageObject","inLanguage":"de","@id":"https:\/\/www.csj-emballages.com\/de\/produit\/entkalkungsfluessigkeit-fuer-maschinen-5l-senet\/#primaryimage","url":"https:\/\/www.csj-emballages.com\/wp-content\/uploads\/2024\/03\/62345.webp","contentUrl":"https:\/\/www.csj-emballages.com\/wp-content\/uploads\/2024\/03\/62345.webp","width":800,"height":800,"caption":"D\u00e9tartrant machine 5L"},{"@type":"BreadcrumbList","@id":"https:\/\/www.csj-emballages.com\/de\/produit\/entkalkungsfluessigkeit-fuer-maschinen-5l-senet\/#breadcrumb","itemListElement":[{"@type":"ListItem","position":1,"name":"Accueil","item":"https:\/\/www.csj-emballages.com\/de\/universum-lebensmittelverpackungen\/"},{"@type":"ListItem","position":2,"name":"Shop","item":"https:\/\/www.csj-emballages.com\/shop\/"},{"@type":"ListItem","position":3,"name":"Entkalker Maschine 5L"}]},{"@type":"WebSite","@id":"https:\/\/www.csj-emballages.com\/de\/#website","url":"https:\/\/www.csj-emballages.com\/de\/","name":"CSJ Emballages","description":"","publisher":{"@id":"https:\/\/www.csj-emballages.com\/de\/#organization"},"potentialAction":[{"@type":"SearchAction","target":{"@type":"EntryPoint","urlTemplate":"https:\/\/www.csj-emballages.com\/de\/?s={search_term_string}"},"query-input":{"@type":"PropertyValueSpecification","valueRequired":true,"valueName":"search_term_string"}}],"inLanguage":"de"},{"@type":"Organization","@id":"https:\/\/www.csj-emballages.com\/de\/#Organization\/","name":"CSJ Emballages","url":"https:\/\/www.csj-emballages.com\/de\/","logo":{"@type":"ImageObject","inLanguage":"de","@id":"https:\/\/www.csj-emballages.com\/de\/#\/schema\/logo\/image\/","url":"https:\/\/www.csj-emballages.com\/wp-content\/uploads\/2023\/10\/logo_csj.webp","contentUrl":"https:\/\/www.csj-emballages.com\/wp-content\/uploads\/2023\/10\/logo_csj.webp","width":250,"height":95,"caption":"CSJ Emballages"},"image":{"@id":"https:\/\/www.csj-emballages.com\/de\/#\/schema\/logo\/image\/"},"sameAs":["https:\/\/www.facebook.com\/csjemballages"],"address":{"@type":"PostalAddress","streetAddress":"ZI La Lechere","addressLocality":"Patornay","postalCode":"39130","addressCountry":"FR"},"contactPoint":[{"@type":"ContactPoint","contactType":"Service client","telephone":"0384254272","email":"contact@csj-emballages.com"}]}]}},"df_price":14.84,"df_sale_price":"","df_regular_price":14.84,"df_image_link":"https:\/\/www.csj-emballages.com\/wp-content\/uploads\/2024\/03\/62345-300x300.webp","tiered_pricing_type":"fixed","tiered_pricing_fixed_rules":[],"tiered_pricing_percentage_rules":[],"tiered_pricing_minimum":1,"tiered_pricing_roles_data":[],"_links":{"self":[{"href":"https:\/\/www.csj-emballages.com\/de\/wp-json\/wp\/v2\/product\/18663","targetHints":{"allow":["GET"]}}],"collection":[{"href":"https:\/\/www.csj-emballages.com\/de\/wp-json\/wp\/v2\/product"}],"about":[{"href":"https:\/\/www.csj-emballages.com\/de\/wp-json\/wp\/v2\/types\/product"}],"wp:featuredmedia":[{"embeddable":true,"href":"https:\/\/www.csj-emballages.com\/de\/wp-json\/wp\/v2\/media\/233237"}],"wp:attachment":[{"href":"https:\/\/www.csj-emballages.com\/de\/wp-json\/wp\/v2\/media?parent=18663"}],"wp:term":[{"taxonomy":"product_brand","embeddable":true,"href":"https:\/\/www.csj-emballages.com\/de\/wp-json\/wp\/v2\/product_brand?post=18663"},{"taxonomy":"product_cat","embeddable":true,"href":"https:\/\/www.csj-emballages.com\/de\/wp-json\/wp\/v2\/product_cat?post=18663"},{"taxonomy":"product_tag","embeddable":true,"href":"https:\/\/www.csj-emballages.com\/de\/wp-json\/wp\/v2\/product_tag?post=18663"}],"curies":[{"name":"wp","href":"https:\/\/api.w.org\/{rel}","templated":true}]}}