{"id":18658,"date":"2024-03-01T16:57:40","date_gmt":"2024-03-01T15:57:40","guid":{"rendered":"https:\/\/u15jnbdpoq.preview.infomaniak.website\/produit\/entfettungsspray-zum-entfernen-von-tinte-750-ml\/"},"modified":"2026-03-12T16:09:08","modified_gmt":"2026-03-12T15:09:08","slug":"entfettungsspray-zum-entfernen-von-tinte-750-ml","status":"publish","type":"product","link":"https:\/\/www.csj-emballages.com\/de\/produit\/entfettungsspray-zum-entfernen-von-tinte-750-ml\/","title":{"rendered":"Entfettungsspray zum Entfernen von Tinte 750 ml"},"content":{"rendered":"<h2>Fettl\u00f6sendes Spray<\/h2>\n<hr>\n<h3>Beschreibung unseres fettl\u00f6senden Sprays Tintenentferner 750 ml<\/h3>\n<p><!--more--><\/p>\n<p class=\"\" data-start=\"151\" data-end=\"505\">Suchen Sie nach einer schnellen, effektiven und vielseitigen L\u00f6sung zur Entfernung von <strong>Tinten-<\/strong> und <strong>Fettflecken<\/strong>? Dann ist dieses <strong data-start=\"262\" data-end=\"310\">fettl\u00f6sende Spray Tintenentferner 750 ml<\/strong> genau das richtige Produkt f\u00fcr Sie. Dank seiner leistungsstarken Formel wirkt dieser <strong>Reiniger<\/strong> gr\u00fcndlich gegen hartn\u00e4ckige Verschmutzungen wie Kugelschreiber- und Markertinte oder auch Fettflecken.  <\/p>\n<p class=\"\" data-start=\"507\" data-end=\"936\">Dieses professionelle Produkt wurde entwickelt, um den Anforderungen in sensiblen Bereichen wie der Lebensmittelindustrie gerecht zu werden, ist aber gleichzeitig vielseitig genug, um auch in anderen Umgebungen eingesetzt zu werden: Werkst\u00e4tten, B\u00fcros, K\u00fcchen oder auch Bildungseinrichtungen. Ob auf einer harten Oberfl\u00e4che (Edelstahl, Kunststoff, Fliesen&#8230;) oder auf bestimmten widerstandsf\u00e4higen Textilien, er entfernt Flecken ohne zu versagen und verleiht Ihren Untergr\u00fcnden wieder Glanz. <\/p>\n<p class=\"\" data-start=\"938\" data-end=\"1165\">Sein <strong>750-ml-Sprayformat<\/strong> erm\u00f6glicht eine gezielte, schnelle und verschwenderische Anwendung. Es ist ein unverzichtbares Produkt, das Sie immer griffbereit haben sollten, um kleine Unf\u00e4lle im Alltag oder intensivere Reinigungen wirksam zu bew\u00e4ltigen. <\/p>\n<p class=\"\" data-start=\"1167\" data-end=\"1294\">Empfohlen f\u00fcr Profis, die einen zuverl\u00e4ssigen Reiniger suchen, der weder bei der Wirksamkeit noch bei der Sicherheit Kompromisse eingeht.<\/p>\n<p>&nbsp;<\/p>\n<p><!--more--><\/p>\n<h4>Seine Vorteile :<\/h4>\n<ul>\n<li>Entfernt wirksam Tinte (Kugelschreiber, Filzstift&#8230;) und Fettflecken.<\/li>\n<li>Kann auf harten Oberfl\u00e4chen und einigen Textilien verwendet werden.<\/li>\n<li>Starke Formel, schnelle Wirkung.<\/li>\n<li>Kompatibel mit der Lebensmittelindustrie.<\/li>\n<li>Einfaches Auftragen dank des Sprayformats.<\/li>\n<\/ul>\n<p>&nbsp;<\/p>\n<p><!--more--><\/p>\n<h4>Weitere Informationen :<\/h4>\n<ul>\n<li><strong>Verpackung<\/strong>: Einzeln<\/li>\n<li><strong>Nutzung<\/strong>: Tintenentferner<\/li>\n<li><strong>Volumen<\/strong>: 750 ml<\/li>\n<li><strong>pH-Wert<\/strong>: 13.0<\/li>\n<li><strong>Dichte<\/strong> (20\u00baC): 0.99 gr\/cc<\/li>\n<\/ul>\n<p>&nbsp;<\/p>\n<p><!--more--><\/p>\n<p class=\"woocommerce-loop-product__title\">Hier finden Sie unser fettl\u00f6sendes Desinfektionsspray 750ml : <span style=\"color: #d12727;\"><a style=\"color: #d12727;\" href=\"https:\/\/www.csj-emballages.com\/de\/produit\/desinfizierendes-fettentfernungsspray-750ml\/\">0711750<\/a><\/span><\/p>\n<p>&nbsp;<\/p>\n<p><!--more--><\/p>\n<p><a href=\"https:\/\/www.csj-emballages.com\/de\/categorie-produit\/hygiene-und-pflege\/pflegeprodukte\/kindergarten-wartezimmer\/\">Sehen Sie sich den Rest unseres Sortiments an Reinigungsmitteln f\u00fcr Kindertagesst\u00e4tten\/Wartezimmer an.  <\/a><\/p>\n","protected":false},"excerpt":{"rendered":"<p>Fettl\u00f6sendes Spray Beschreibung unseres fettl\u00f6senden Sprays Tintenentferner 750 ml<\/p>\n","protected":false},"featured_media":222111,"template":"","meta":{"_acf_changed":false},"product_brand":[],"product_cat":[1218,1219,1406,1901,1902],"product_tag":[],"class_list":{"0":"post-18658","1":"product","2":"type-product","3":"status-publish","4":"has-post-thumbnail","6":"product_cat-hygiene-und-pflege","7":"product_cat-pflegeprodukte","8":"product_cat-kindergarten-wartezimmer","9":"product_cat-glas-wandpflege","10":"product_cat-pflege-der-mauer","12":"first","13":"instock","14":"taxable","15":"shipping-taxable","16":"purchasable","17":"product-type-simple"},"acf":[],"yoast_head":"<!-- This site is optimized with the Yoast SEO Premium plugin v26.6 (Yoast SEO v26.6) - https:\/\/yoast.com\/wordpress\/plugins\/seo\/ -->\n<title>Tintenentferner-Fettl\u00f6ser-Spray 750 ml<\/title>\n<meta name=\"description\" content=\"Entdecken Sie das Tintenentferner-Fettspray 750 ml, eine effektive L\u00f6sung zur Entfernung von Tinte und hartn\u00e4ckigen Fetten.\" \/>\n<meta name=\"robots\" content=\"index, follow, max-snippet:-1, max-image-preview:large, max-video-preview:-1\" \/>\n<link rel=\"canonical\" href=\"https:\/\/www.csj-emballages.com\/de\/produit\/entfettungsspray-zum-entfernen-von-tinte-750-ml\/\" \/>\n<meta property=\"og:locale\" content=\"de_DE\" \/>\n<meta property=\"og:type\" content=\"article\" \/>\n<meta property=\"og:title\" content=\"Entfettungsspray zum Entfernen von Tinte 750 ml\" \/>\n<meta property=\"og:description\" content=\"Entdecken Sie das Tintenentferner-Fettspray 750 ml, eine effektive L\u00f6sung zur Entfernung von Tinte und hartn\u00e4ckigen Fetten.\" \/>\n<meta property=\"og:url\" content=\"https:\/\/www.csj-emballages.com\/de\/produit\/entfettungsspray-zum-entfernen-von-tinte-750-ml\/\" \/>\n<meta property=\"og:site_name\" content=\"CSJ Emballages\" \/>\n<meta property=\"article:publisher\" content=\"https:\/\/www.facebook.com\/csjemballages\" \/>\n<meta property=\"article:modified_time\" content=\"2026-03-12T15:09:08+00:00\" \/>\n<meta property=\"og:image\" content=\"https:\/\/www.csj-emballages.com\/wp-content\/uploads\/2024\/03\/Spray-tache.webp\" \/>\n\t<meta property=\"og:image:width\" content=\"800\" \/>\n\t<meta property=\"og:image:height\" content=\"800\" \/>\n\t<meta property=\"og:image:type\" content=\"image\/webp\" \/>\n<meta name=\"twitter:card\" content=\"summary_large_image\" \/>\n<meta name=\"twitter:label1\" content=\"Gesch\u00e4tzte Lesezeit\" \/>\n\t<meta name=\"twitter:data1\" content=\"1\u00a0Minute\" \/>\n<script type=\"application\/ld+json\" class=\"yoast-schema-graph\">{\"@context\":\"https:\/\/schema.org\",\"@graph\":[{\"@type\":\"WebPage\",\"@id\":\"https:\/\/www.csj-emballages.com\/de\/produit\/entfettungsspray-zum-entfernen-von-tinte-750-ml\/\",\"url\":\"https:\/\/www.csj-emballages.com\/de\/produit\/entfettungsspray-zum-entfernen-von-tinte-750-ml\/\",\"name\":\"Tintenentferner-Fettl\u00f6ser-Spray 750 ml\",\"isPartOf\":{\"@id\":\"https:\/\/www.csj-emballages.com\/de\/#website\"},\"primaryImageOfPage\":{\"@id\":\"https:\/\/www.csj-emballages.com\/de\/produit\/entfettungsspray-zum-entfernen-von-tinte-750-ml\/#primaryimage\"},\"image\":{\"@id\":\"https:\/\/www.csj-emballages.com\/de\/produit\/entfettungsspray-zum-entfernen-von-tinte-750-ml\/#primaryimage\"},\"thumbnailUrl\":\"https:\/\/www.csj-emballages.com\/wp-content\/uploads\/2024\/03\/Spray-tache.webp\",\"datePublished\":\"2024-03-01T15:57:40+00:00\",\"dateModified\":\"2026-03-12T15:09:08+00:00\",\"description\":\"Entdecken Sie das Tintenentferner-Fettspray 750 ml, eine effektive L\u00f6sung zur Entfernung von Tinte und hartn\u00e4ckigen Fetten.\",\"breadcrumb\":{\"@id\":\"https:\/\/www.csj-emballages.com\/de\/produit\/entfettungsspray-zum-entfernen-von-tinte-750-ml\/#breadcrumb\"},\"inLanguage\":\"de\",\"potentialAction\":[{\"@type\":\"ReadAction\",\"target\":[\"https:\/\/www.csj-emballages.com\/de\/produit\/entfettungsspray-zum-entfernen-von-tinte-750-ml\/\"]}]},{\"@type\":\"ImageObject\",\"inLanguage\":\"de\",\"@id\":\"https:\/\/www.csj-emballages.com\/de\/produit\/entfettungsspray-zum-entfernen-von-tinte-750-ml\/#primaryimage\",\"url\":\"https:\/\/www.csj-emballages.com\/wp-content\/uploads\/2024\/03\/Spray-tache.webp\",\"contentUrl\":\"https:\/\/www.csj-emballages.com\/wp-content\/uploads\/2024\/03\/Spray-tache.webp\",\"width\":800,\"height\":800,\"caption\":\"Spray d\u00e9graissant\"},{\"@type\":\"BreadcrumbList\",\"@id\":\"https:\/\/www.csj-emballages.com\/de\/produit\/entfettungsspray-zum-entfernen-von-tinte-750-ml\/#breadcrumb\",\"itemListElement\":[{\"@type\":\"ListItem\",\"position\":1,\"name\":\"Accueil\",\"item\":\"https:\/\/www.csj-emballages.com\/de\/universum-lebensmittelverpackungen\/\"},{\"@type\":\"ListItem\",\"position\":2,\"name\":\"Shop\",\"item\":\"https:\/\/www.csj-emballages.com\/shop\/\"},{\"@type\":\"ListItem\",\"position\":3,\"name\":\"Entfettungsspray zum Entfernen von Tinte 750 ml\"}]},{\"@type\":\"WebSite\",\"@id\":\"https:\/\/www.csj-emballages.com\/de\/#website\",\"url\":\"https:\/\/www.csj-emballages.com\/de\/\",\"name\":\"CSJ Emballages\",\"description\":\"\",\"publisher\":{\"@id\":\"https:\/\/www.csj-emballages.com\/de\/#organization\"},\"potentialAction\":[{\"@type\":\"SearchAction\",\"target\":{\"@type\":\"EntryPoint\",\"urlTemplate\":\"https:\/\/www.csj-emballages.com\/de\/?s={search_term_string}\"},\"query-input\":{\"@type\":\"PropertyValueSpecification\",\"valueRequired\":true,\"valueName\":\"search_term_string\"}}],\"inLanguage\":\"de\"},{\"@type\":\"Organization\",\"@id\":\"https:\/\/www.csj-emballages.com\/de\/#Organization\/\",\"name\":\"CSJ Emballages\",\"url\":\"https:\/\/www.csj-emballages.com\/de\/\",\"logo\":{\"@type\":\"ImageObject\",\"inLanguage\":\"de\",\"@id\":\"https:\/\/www.csj-emballages.com\/de\/#\/schema\/logo\/image\/\",\"url\":\"https:\/\/www.csj-emballages.com\/wp-content\/uploads\/2023\/10\/logo_csj.webp\",\"contentUrl\":\"https:\/\/www.csj-emballages.com\/wp-content\/uploads\/2023\/10\/logo_csj.webp\",\"width\":250,\"height\":95,\"caption\":\"CSJ Emballages\"},\"image\":{\"@id\":\"https:\/\/www.csj-emballages.com\/de\/#\/schema\/logo\/image\/\"},\"sameAs\":[\"https:\/\/www.facebook.com\/csjemballages\"],\"address\":{\"@type\":\"PostalAddress\",\"streetAddress\":\"ZI La Lechere\",\"addressLocality\":\"Patornay\",\"postalCode\":\"39130\",\"addressCountry\":\"FR\"},\"contactPoint\":[{\"@type\":\"ContactPoint\",\"contactType\":\"Service client\",\"telephone\":\"0384254272\",\"email\":\"contact@csj-emballages.com\"}]}]}<\/script>\n<!-- \/ Yoast SEO Premium plugin. -->","yoast_head_json":{"title":"Tintenentferner-Fettl\u00f6ser-Spray 750 ml","description":"Entdecken Sie das Tintenentferner-Fettspray 750 ml, eine effektive L\u00f6sung zur Entfernung von Tinte und hartn\u00e4ckigen Fetten.","robots":{"index":"index","follow":"follow","max-snippet":"max-snippet:-1","max-image-preview":"max-image-preview:large","max-video-preview":"max-video-preview:-1"},"canonical":"https:\/\/www.csj-emballages.com\/de\/produit\/entfettungsspray-zum-entfernen-von-tinte-750-ml\/","og_locale":"de_DE","og_type":"article","og_title":"Entfettungsspray zum Entfernen von Tinte 750 ml","og_description":"Entdecken Sie das Tintenentferner-Fettspray 750 ml, eine effektive L\u00f6sung zur Entfernung von Tinte und hartn\u00e4ckigen Fetten.","og_url":"https:\/\/www.csj-emballages.com\/de\/produit\/entfettungsspray-zum-entfernen-von-tinte-750-ml\/","og_site_name":"CSJ Emballages","article_publisher":"https:\/\/www.facebook.com\/csjemballages","article_modified_time":"2026-03-12T15:09:08+00:00","og_image":[{"width":800,"height":800,"url":"https:\/\/www.csj-emballages.com\/wp-content\/uploads\/2024\/03\/Spray-tache.webp","type":"image\/webp"}],"twitter_card":"summary_large_image","twitter_misc":{"Gesch\u00e4tzte Lesezeit":"1\u00a0Minute"},"schema":{"@context":"https:\/\/schema.org","@graph":[{"@type":"WebPage","@id":"https:\/\/www.csj-emballages.com\/de\/produit\/entfettungsspray-zum-entfernen-von-tinte-750-ml\/","url":"https:\/\/www.csj-emballages.com\/de\/produit\/entfettungsspray-zum-entfernen-von-tinte-750-ml\/","name":"Tintenentferner-Fettl\u00f6ser-Spray 750 ml","isPartOf":{"@id":"https:\/\/www.csj-emballages.com\/de\/#website"},"primaryImageOfPage":{"@id":"https:\/\/www.csj-emballages.com\/de\/produit\/entfettungsspray-zum-entfernen-von-tinte-750-ml\/#primaryimage"},"image":{"@id":"https:\/\/www.csj-emballages.com\/de\/produit\/entfettungsspray-zum-entfernen-von-tinte-750-ml\/#primaryimage"},"thumbnailUrl":"https:\/\/www.csj-emballages.com\/wp-content\/uploads\/2024\/03\/Spray-tache.webp","datePublished":"2024-03-01T15:57:40+00:00","dateModified":"2026-03-12T15:09:08+00:00","description":"Entdecken Sie das Tintenentferner-Fettspray 750 ml, eine effektive L\u00f6sung zur Entfernung von Tinte und hartn\u00e4ckigen Fetten.","breadcrumb":{"@id":"https:\/\/www.csj-emballages.com\/de\/produit\/entfettungsspray-zum-entfernen-von-tinte-750-ml\/#breadcrumb"},"inLanguage":"de","potentialAction":[{"@type":"ReadAction","target":["https:\/\/www.csj-emballages.com\/de\/produit\/entfettungsspray-zum-entfernen-von-tinte-750-ml\/"]}]},{"@type":"ImageObject","inLanguage":"de","@id":"https:\/\/www.csj-emballages.com\/de\/produit\/entfettungsspray-zum-entfernen-von-tinte-750-ml\/#primaryimage","url":"https:\/\/www.csj-emballages.com\/wp-content\/uploads\/2024\/03\/Spray-tache.webp","contentUrl":"https:\/\/www.csj-emballages.com\/wp-content\/uploads\/2024\/03\/Spray-tache.webp","width":800,"height":800,"caption":"Spray d\u00e9graissant"},{"@type":"BreadcrumbList","@id":"https:\/\/www.csj-emballages.com\/de\/produit\/entfettungsspray-zum-entfernen-von-tinte-750-ml\/#breadcrumb","itemListElement":[{"@type":"ListItem","position":1,"name":"Accueil","item":"https:\/\/www.csj-emballages.com\/de\/universum-lebensmittelverpackungen\/"},{"@type":"ListItem","position":2,"name":"Shop","item":"https:\/\/www.csj-emballages.com\/shop\/"},{"@type":"ListItem","position":3,"name":"Entfettungsspray zum Entfernen von Tinte 750 ml"}]},{"@type":"WebSite","@id":"https:\/\/www.csj-emballages.com\/de\/#website","url":"https:\/\/www.csj-emballages.com\/de\/","name":"CSJ Emballages","description":"","publisher":{"@id":"https:\/\/www.csj-emballages.com\/de\/#organization"},"potentialAction":[{"@type":"SearchAction","target":{"@type":"EntryPoint","urlTemplate":"https:\/\/www.csj-emballages.com\/de\/?s={search_term_string}"},"query-input":{"@type":"PropertyValueSpecification","valueRequired":true,"valueName":"search_term_string"}}],"inLanguage":"de"},{"@type":"Organization","@id":"https:\/\/www.csj-emballages.com\/de\/#Organization\/","name":"CSJ Emballages","url":"https:\/\/www.csj-emballages.com\/de\/","logo":{"@type":"ImageObject","inLanguage":"de","@id":"https:\/\/www.csj-emballages.com\/de\/#\/schema\/logo\/image\/","url":"https:\/\/www.csj-emballages.com\/wp-content\/uploads\/2023\/10\/logo_csj.webp","contentUrl":"https:\/\/www.csj-emballages.com\/wp-content\/uploads\/2023\/10\/logo_csj.webp","width":250,"height":95,"caption":"CSJ Emballages"},"image":{"@id":"https:\/\/www.csj-emballages.com\/de\/#\/schema\/logo\/image\/"},"sameAs":["https:\/\/www.facebook.com\/csjemballages"],"address":{"@type":"PostalAddress","streetAddress":"ZI La Lechere","addressLocality":"Patornay","postalCode":"39130","addressCountry":"FR"},"contactPoint":[{"@type":"ContactPoint","contactType":"Service client","telephone":"0384254272","email":"contact@csj-emballages.com"}]}]}},"df_price":4.08,"df_sale_price":"","df_regular_price":4.08,"df_image_link":"https:\/\/www.csj-emballages.com\/wp-content\/uploads\/2024\/03\/Spray-tache-300x300.webp","tiered_pricing_type":"fixed","tiered_pricing_fixed_rules":[],"tiered_pricing_percentage_rules":[],"tiered_pricing_minimum":1,"tiered_pricing_roles_data":[],"_links":{"self":[{"href":"https:\/\/www.csj-emballages.com\/de\/wp-json\/wp\/v2\/product\/18658","targetHints":{"allow":["GET"]}}],"collection":[{"href":"https:\/\/www.csj-emballages.com\/de\/wp-json\/wp\/v2\/product"}],"about":[{"href":"https:\/\/www.csj-emballages.com\/de\/wp-json\/wp\/v2\/types\/product"}],"wp:featuredmedia":[{"embeddable":true,"href":"https:\/\/www.csj-emballages.com\/de\/wp-json\/wp\/v2\/media\/222111"}],"wp:attachment":[{"href":"https:\/\/www.csj-emballages.com\/de\/wp-json\/wp\/v2\/media?parent=18658"}],"wp:term":[{"taxonomy":"product_brand","embeddable":true,"href":"https:\/\/www.csj-emballages.com\/de\/wp-json\/wp\/v2\/product_brand?post=18658"},{"taxonomy":"product_cat","embeddable":true,"href":"https:\/\/www.csj-emballages.com\/de\/wp-json\/wp\/v2\/product_cat?post=18658"},{"taxonomy":"product_tag","embeddable":true,"href":"https:\/\/www.csj-emballages.com\/de\/wp-json\/wp\/v2\/product_tag?post=18658"}],"curies":[{"name":"wp","href":"https:\/\/api.w.org\/{rel}","templated":true}]}}