{"id":18651,"date":"2024-03-01T16:57:44","date_gmt":"2024-03-01T15:57:44","guid":{"rendered":"https:\/\/u15jnbdpoq.preview.infomaniak.website\/produit\/50-bedruckte-pappbecher-24-cl\/"},"modified":"2026-04-18T02:12:08","modified_gmt":"2026-04-18T00:12:08","slug":"50-bedruckte-pappbecher-24-cl","status":"publish","type":"product","link":"https:\/\/www.csj-emballages.com\/de\/produit\/50-bedruckte-pappbecher-24-cl\/","title":{"rendered":"Bedruckter Pappbecher 24 cl pro 50"},"content":{"rendered":"<h2>Pappbecher<\/h2>\n<hr>\n<h3>Beschreibung unseres bedruckten Pappbechers 24 cl pro 50 St\u00fcck<\/h3>\n<p><!--more--><\/p>\n<p data-start=\"243\" data-end=\"642\">Wenn Sie Ihre Hei\u00dfgetr\u00e4nke gerne in einem <strong>Pappbecher<\/strong> servieren, der sowohl praktisch als auch sch\u00f6n anzusehen ist, wird dieser <strong data-start=\"347\" data-end=\"379\">bedruckte Pappbecher 24 cl<\/strong> schnell zu einem Muss werden. Mit seinem vielseitigen Fassungsverm\u00f6gen bietet er Platz f\u00fcr einen langen Kaffee, einen Cappuccino, eine hei\u00dfe Schokolade oder sogar ein Kaltgetr\u00e4nk. Er ist das ideale Format, um gro\u00dfz\u00fcgigere Pausen und Take-away-Services zu begleiten.  <\/p>\n<p data-start=\"644\" data-end=\"1046\">Das <strong>bedruckte Design<\/strong> mit kleinen Illustrationen von dampfenden Tassen sorgt sofort f\u00fcr eine gem\u00fctliche Atmosph\u00e4re rund um die Kaffeemaschine. Es handelt sich um einen einfachen, leicht retroartigen Stil, der einen diskreten, aber sehr beliebten Charme in B\u00fcros, Cafeterias, Wartelounges und sogar an Event-St\u00e4nden verspr\u00fcht. Nichts ist \u00fcberladen, nur eine kleine visuelle Note, die Freude bereitet.  <\/p>\n<p data-start=\"1048\" data-end=\"1372\">Der verwendete <strong>Karton<\/strong> bietet eine wirklich gute Passform: Der <strong>Becher<\/strong> bleibt steif, l\u00e4sst sich bequem halten und wird nicht zu hei\u00df, selbst wenn das Getr\u00e4nk hei\u00df ist. Sie k\u00f6nnen ihn gro\u00dfz\u00fcgig bef\u00fcllen, ohne bef\u00fcrchten zu m\u00fcssen, dass er sich verzieht oder rutschig wird. Er ist der perfekte Begleiter f\u00fcr einen schnellen, professionellen und sauberen Service.  <\/p>\n<p data-start=\"1374\" data-end=\"1620\">Und da dieser <strong>Kaffeebecher<\/strong> <strong data-start=\"1396\" data-end=\"1413\">im 50er-Pack<\/strong> verkauft wird, haben Sie genug, um mehrere Tage lang aktiv zu sein, ohne Ihre Vorr\u00e4te zu belasten. Dies ist ein cleveres Format f\u00fcr alle, die einen zuverl\u00e4ssigen, h\u00fcbschen Becher wollen, der unter allen Umst\u00e4nden einsatzbereit ist. <\/p>\n<p data-start=\"1622\" data-end=\"1739\">Ob f\u00fcr Ihre Kunden, Mitarbeiter oder Besucher, dieser Becher macht jede Pause ein bisschen angenehmer.<\/p>\n<p data-start=\"1622\" data-end=\"1739\">\n<p><!--more--><\/p>\n<h4><strong>Vorteile :<\/strong><\/h4>\n<ul>\n<li data-start=\"1767\" data-end=\"1835\">Vielseitiger <strong>24-cl-Inhalt<\/strong> f\u00fcr lange Kaffees und Hei\u00dfgetr\u00e4nke.<\/li>\n<li data-start=\"1838\" data-end=\"1877\">Warmes und modernes Druckdesign.<\/li>\n<li data-start=\"1880\" data-end=\"1926\">Stabiler Karton, der sich gut in der Hand anf\u00fchlt.<\/li>\n<li data-start=\"1929\" data-end=\"1957\">Praktische Packung mit<strong> 50 St\u00fcck<\/strong>.<\/li>\n<li data-start=\"1960\" data-end=\"2013\">Ideal f\u00fcr B\u00fcros, Cafeterias, Snacks und Veranstaltungen.<\/li>\n<\/ul>\n<p>&nbsp;<\/p>\n<p><!--more--><\/p>\n<h4>Weitere Informationen :<\/h4>\n<ul>\n<li><strong>Verwendungstemperatur<\/strong>: -20\u00b0C \/ +100\u00b0C<\/li>\n<li>Enth\u00e4lt eine PE-Folie auf der Innenseite<\/li>\n<li><strong>Material<\/strong>: Karton<\/li>\n<li><strong>Volumen<\/strong>: 24 cl<\/li>\n<li><strong>Durchmesser unten<\/strong>: 55 mm<\/li>\n<li><strong>Durchmesser oben<\/strong>: 80 mm<\/li>\n<li><strong>H\u00f6he<\/strong>: 90 mm<\/li>\n<li><strong>Verpackung <\/strong>: Packung mit 50 Bechern<\/li>\n<li><strong>Farbe<\/strong>: Cipolinbeige<\/li>\n<\/ul>\n<p>&nbsp;<\/p>\n<p><!--more--><\/p>\n<p>Erh\u00e4ltlich in verschiedenen Gr\u00f6\u00dfen : <span style=\"color: #d12727;\"><a style=\"color: #d12727;\" href=\"https:\/\/www.csj-emballages.com\/es\/produit\/50-vasos-de-papel-impresos-10-cl\/\">10 cl<\/a><\/span> \/ <span style=\"color: #d12727;\"><a style=\"color: #d12727;\" href=\"https:\/\/www.csj-emballages.com\/de\/produit\/50-bedruckte-pappbecher-18-cl\/\">18 cl<\/a><\/span><\/p>\n<p>&nbsp;<\/p>\n<p><!--more--><\/p>\n<p><a href=\"\/?product_cat=gobelets-gobelets-boissons-chaudes\">Sehen Sie sich den Rest unseres Sortiments an Pappbechern an<\/a><\/p>\n","protected":false},"excerpt":{"rendered":"<p>Pappbecher Beschreibung unseres bedruckten Pappbechers 24 cl pro 50 St\u00fcck<\/p>\n","protected":false},"featured_media":189339,"template":"","meta":{"_acf_changed":false},"product_brand":[],"product_cat":[1137,1134,1469,9244,9245],"product_tag":[],"class_list":{"0":"post-18651","1":"product","2":"type-product","3":"status-publish","4":"has-post-thumbnail","6":"product_cat-lebensmittelverpackungen","7":"product_cat-restauration-de","8":"product_cat-becher-glaser-eimer-flaschen","9":"product_cat-pappbecher","10":"product_cat-weise-becher","12":"first","13":"instock","14":"taxable","15":"shipping-taxable","16":"purchasable","17":"product-type-simple"},"acf":[],"yoast_head":"<!-- This site is optimized with the Yoast SEO Premium plugin v26.6 (Yoast SEO v26.6) - https:\/\/yoast.com\/wordpress\/plugins\/seo\/ -->\n<title>Bedruckter Pappbecher - 24 cl<\/title>\n<meta name=\"description\" content=\"Entdecken Sie unseren bedruckten Pappbecher f\u00fcr Hei\u00dfgetr\u00e4nke mit einem Fassungsverm\u00f6gen von 24 cl! Wir bieten Ihnen eine Packung mit 50 hochwertigen und widerstandsf\u00e4higen Bechern an.\" \/>\n<meta name=\"robots\" content=\"index, follow, max-snippet:-1, max-image-preview:large, max-video-preview:-1\" \/>\n<link rel=\"canonical\" href=\"https:\/\/www.csj-emballages.com\/de\/produit\/50-bedruckte-pappbecher-24-cl\/\" \/>\n<meta property=\"og:locale\" content=\"de_DE\" \/>\n<meta property=\"og:type\" content=\"article\" \/>\n<meta property=\"og:title\" content=\"Bedruckter Pappbecher 24 cl pro 50\" \/>\n<meta property=\"og:description\" content=\"Entdecken Sie unseren bedruckten Pappbecher f\u00fcr Hei\u00dfgetr\u00e4nke mit einem Fassungsverm\u00f6gen von 24 cl! Wir bieten Ihnen eine Packung mit 50 hochwertigen und widerstandsf\u00e4higen Bechern an.\" \/>\n<meta property=\"og:url\" content=\"https:\/\/www.csj-emballages.com\/de\/produit\/50-bedruckte-pappbecher-24-cl\/\" \/>\n<meta property=\"og:site_name\" content=\"CSJ Emballages\" \/>\n<meta property=\"article:publisher\" content=\"https:\/\/www.facebook.com\/csjemballages\" \/>\n<meta property=\"article:modified_time\" content=\"2026-04-18T00:12:08+00:00\" \/>\n<meta property=\"og:image\" content=\"https:\/\/www.csj-emballages.com\/wp-content\/uploads\/2024\/03\/378CS.webp\" \/>\n\t<meta property=\"og:image:width\" content=\"806\" \/>\n\t<meta property=\"og:image:height\" content=\"806\" \/>\n\t<meta property=\"og:image:type\" content=\"image\/webp\" \/>\n<meta name=\"twitter:card\" content=\"summary_large_image\" \/>\n<meta name=\"twitter:label1\" content=\"Gesch\u00e4tzte Lesezeit\" \/>\n\t<meta name=\"twitter:data1\" content=\"2 Minuten\" \/>\n<script type=\"application\/ld+json\" class=\"yoast-schema-graph\">{\"@context\":\"https:\/\/schema.org\",\"@graph\":[{\"@type\":\"WebPage\",\"@id\":\"https:\/\/www.csj-emballages.com\/de\/produit\/50-bedruckte-pappbecher-24-cl\/\",\"url\":\"https:\/\/www.csj-emballages.com\/de\/produit\/50-bedruckte-pappbecher-24-cl\/\",\"name\":\"Bedruckter Pappbecher - 24 cl\",\"isPartOf\":{\"@id\":\"https:\/\/www.csj-emballages.com\/de\/#website\"},\"primaryImageOfPage\":{\"@id\":\"https:\/\/www.csj-emballages.com\/de\/produit\/50-bedruckte-pappbecher-24-cl\/#primaryimage\"},\"image\":{\"@id\":\"https:\/\/www.csj-emballages.com\/de\/produit\/50-bedruckte-pappbecher-24-cl\/#primaryimage\"},\"thumbnailUrl\":\"https:\/\/www.csj-emballages.com\/wp-content\/uploads\/2024\/03\/378CS.webp\",\"datePublished\":\"2024-03-01T15:57:44+00:00\",\"dateModified\":\"2026-04-18T00:12:08+00:00\",\"description\":\"Entdecken Sie unseren bedruckten Pappbecher f\u00fcr Hei\u00dfgetr\u00e4nke mit einem Fassungsverm\u00f6gen von 24 cl! Wir bieten Ihnen eine Packung mit 50 hochwertigen und widerstandsf\u00e4higen Bechern an.\",\"breadcrumb\":{\"@id\":\"https:\/\/www.csj-emballages.com\/de\/produit\/50-bedruckte-pappbecher-24-cl\/#breadcrumb\"},\"inLanguage\":\"de\",\"potentialAction\":[{\"@type\":\"ReadAction\",\"target\":[\"https:\/\/www.csj-emballages.com\/de\/produit\/50-bedruckte-pappbecher-24-cl\/\"]}]},{\"@type\":\"ImageObject\",\"inLanguage\":\"de\",\"@id\":\"https:\/\/www.csj-emballages.com\/de\/produit\/50-bedruckte-pappbecher-24-cl\/#primaryimage\",\"url\":\"https:\/\/www.csj-emballages.com\/wp-content\/uploads\/2024\/03\/378CS.webp\",\"contentUrl\":\"https:\/\/www.csj-emballages.com\/wp-content\/uploads\/2024\/03\/378CS.webp\",\"width\":806,\"height\":806,\"caption\":\"Gobelet carton\"},{\"@type\":\"BreadcrumbList\",\"@id\":\"https:\/\/www.csj-emballages.com\/de\/produit\/50-bedruckte-pappbecher-24-cl\/#breadcrumb\",\"itemListElement\":[{\"@type\":\"ListItem\",\"position\":1,\"name\":\"Accueil\",\"item\":\"https:\/\/www.csj-emballages.com\/de\/universum-lebensmittelverpackungen\/\"},{\"@type\":\"ListItem\",\"position\":2,\"name\":\"Shop\",\"item\":\"https:\/\/www.csj-emballages.com\/shop\/\"},{\"@type\":\"ListItem\",\"position\":3,\"name\":\"Bedruckter Pappbecher 24 cl pro 50\"}]},{\"@type\":\"WebSite\",\"@id\":\"https:\/\/www.csj-emballages.com\/de\/#website\",\"url\":\"https:\/\/www.csj-emballages.com\/de\/\",\"name\":\"CSJ Emballages\",\"description\":\"\",\"publisher\":{\"@id\":\"https:\/\/www.csj-emballages.com\/de\/#organization\"},\"potentialAction\":[{\"@type\":\"SearchAction\",\"target\":{\"@type\":\"EntryPoint\",\"urlTemplate\":\"https:\/\/www.csj-emballages.com\/de\/?s={search_term_string}\"},\"query-input\":{\"@type\":\"PropertyValueSpecification\",\"valueRequired\":true,\"valueName\":\"search_term_string\"}}],\"inLanguage\":\"de\"},{\"@type\":\"Organization\",\"@id\":\"https:\/\/www.csj-emballages.com\/de\/#Organization\/\",\"name\":\"CSJ Emballages\",\"url\":\"https:\/\/www.csj-emballages.com\/de\/\",\"logo\":{\"@type\":\"ImageObject\",\"inLanguage\":\"de\",\"@id\":\"https:\/\/www.csj-emballages.com\/de\/#\/schema\/logo\/image\/\",\"url\":\"https:\/\/www.csj-emballages.com\/wp-content\/uploads\/2023\/10\/logo_csj.webp\",\"contentUrl\":\"https:\/\/www.csj-emballages.com\/wp-content\/uploads\/2023\/10\/logo_csj.webp\",\"width\":250,\"height\":95,\"caption\":\"CSJ Emballages\"},\"image\":{\"@id\":\"https:\/\/www.csj-emballages.com\/de\/#\/schema\/logo\/image\/\"},\"sameAs\":[\"https:\/\/www.facebook.com\/csjemballages\"],\"address\":{\"@type\":\"PostalAddress\",\"streetAddress\":\"ZI La Lechere\",\"addressLocality\":\"Patornay\",\"postalCode\":\"39130\",\"addressCountry\":\"FR\"},\"contactPoint\":[{\"@type\":\"ContactPoint\",\"contactType\":\"Service client\",\"telephone\":\"0384254272\",\"email\":\"contact@csj-emballages.com\"}]}]}<\/script>\n<!-- \/ Yoast SEO Premium plugin. -->","yoast_head_json":{"title":"Bedruckter Pappbecher - 24 cl","description":"Entdecken Sie unseren bedruckten Pappbecher f\u00fcr Hei\u00dfgetr\u00e4nke mit einem Fassungsverm\u00f6gen von 24 cl! Wir bieten Ihnen eine Packung mit 50 hochwertigen und widerstandsf\u00e4higen Bechern an.","robots":{"index":"index","follow":"follow","max-snippet":"max-snippet:-1","max-image-preview":"max-image-preview:large","max-video-preview":"max-video-preview:-1"},"canonical":"https:\/\/www.csj-emballages.com\/de\/produit\/50-bedruckte-pappbecher-24-cl\/","og_locale":"de_DE","og_type":"article","og_title":"Bedruckter Pappbecher 24 cl pro 50","og_description":"Entdecken Sie unseren bedruckten Pappbecher f\u00fcr Hei\u00dfgetr\u00e4nke mit einem Fassungsverm\u00f6gen von 24 cl! Wir bieten Ihnen eine Packung mit 50 hochwertigen und widerstandsf\u00e4higen Bechern an.","og_url":"https:\/\/www.csj-emballages.com\/de\/produit\/50-bedruckte-pappbecher-24-cl\/","og_site_name":"CSJ Emballages","article_publisher":"https:\/\/www.facebook.com\/csjemballages","article_modified_time":"2026-04-18T00:12:08+00:00","og_image":[{"width":806,"height":806,"url":"https:\/\/www.csj-emballages.com\/wp-content\/uploads\/2024\/03\/378CS.webp","type":"image\/webp"}],"twitter_card":"summary_large_image","twitter_misc":{"Gesch\u00e4tzte Lesezeit":"2 Minuten"},"schema":{"@context":"https:\/\/schema.org","@graph":[{"@type":"WebPage","@id":"https:\/\/www.csj-emballages.com\/de\/produit\/50-bedruckte-pappbecher-24-cl\/","url":"https:\/\/www.csj-emballages.com\/de\/produit\/50-bedruckte-pappbecher-24-cl\/","name":"Bedruckter Pappbecher - 24 cl","isPartOf":{"@id":"https:\/\/www.csj-emballages.com\/de\/#website"},"primaryImageOfPage":{"@id":"https:\/\/www.csj-emballages.com\/de\/produit\/50-bedruckte-pappbecher-24-cl\/#primaryimage"},"image":{"@id":"https:\/\/www.csj-emballages.com\/de\/produit\/50-bedruckte-pappbecher-24-cl\/#primaryimage"},"thumbnailUrl":"https:\/\/www.csj-emballages.com\/wp-content\/uploads\/2024\/03\/378CS.webp","datePublished":"2024-03-01T15:57:44+00:00","dateModified":"2026-04-18T00:12:08+00:00","description":"Entdecken Sie unseren bedruckten Pappbecher f\u00fcr Hei\u00dfgetr\u00e4nke mit einem Fassungsverm\u00f6gen von 24 cl! Wir bieten Ihnen eine Packung mit 50 hochwertigen und widerstandsf\u00e4higen Bechern an.","breadcrumb":{"@id":"https:\/\/www.csj-emballages.com\/de\/produit\/50-bedruckte-pappbecher-24-cl\/#breadcrumb"},"inLanguage":"de","potentialAction":[{"@type":"ReadAction","target":["https:\/\/www.csj-emballages.com\/de\/produit\/50-bedruckte-pappbecher-24-cl\/"]}]},{"@type":"ImageObject","inLanguage":"de","@id":"https:\/\/www.csj-emballages.com\/de\/produit\/50-bedruckte-pappbecher-24-cl\/#primaryimage","url":"https:\/\/www.csj-emballages.com\/wp-content\/uploads\/2024\/03\/378CS.webp","contentUrl":"https:\/\/www.csj-emballages.com\/wp-content\/uploads\/2024\/03\/378CS.webp","width":806,"height":806,"caption":"Gobelet carton"},{"@type":"BreadcrumbList","@id":"https:\/\/www.csj-emballages.com\/de\/produit\/50-bedruckte-pappbecher-24-cl\/#breadcrumb","itemListElement":[{"@type":"ListItem","position":1,"name":"Accueil","item":"https:\/\/www.csj-emballages.com\/de\/universum-lebensmittelverpackungen\/"},{"@type":"ListItem","position":2,"name":"Shop","item":"https:\/\/www.csj-emballages.com\/shop\/"},{"@type":"ListItem","position":3,"name":"Bedruckter Pappbecher 24 cl pro 50"}]},{"@type":"WebSite","@id":"https:\/\/www.csj-emballages.com\/de\/#website","url":"https:\/\/www.csj-emballages.com\/de\/","name":"CSJ Emballages","description":"","publisher":{"@id":"https:\/\/www.csj-emballages.com\/de\/#organization"},"potentialAction":[{"@type":"SearchAction","target":{"@type":"EntryPoint","urlTemplate":"https:\/\/www.csj-emballages.com\/de\/?s={search_term_string}"},"query-input":{"@type":"PropertyValueSpecification","valueRequired":true,"valueName":"search_term_string"}}],"inLanguage":"de"},{"@type":"Organization","@id":"https:\/\/www.csj-emballages.com\/de\/#Organization\/","name":"CSJ Emballages","url":"https:\/\/www.csj-emballages.com\/de\/","logo":{"@type":"ImageObject","inLanguage":"de","@id":"https:\/\/www.csj-emballages.com\/de\/#\/schema\/logo\/image\/","url":"https:\/\/www.csj-emballages.com\/wp-content\/uploads\/2023\/10\/logo_csj.webp","contentUrl":"https:\/\/www.csj-emballages.com\/wp-content\/uploads\/2023\/10\/logo_csj.webp","width":250,"height":95,"caption":"CSJ Emballages"},"image":{"@id":"https:\/\/www.csj-emballages.com\/de\/#\/schema\/logo\/image\/"},"sameAs":["https:\/\/www.facebook.com\/csjemballages"],"address":{"@type":"PostalAddress","streetAddress":"ZI La Lechere","addressLocality":"Patornay","postalCode":"39130","addressCountry":"FR"},"contactPoint":[{"@type":"ContactPoint","contactType":"Service client","telephone":"0384254272","email":"contact@csj-emballages.com"}]}]}},"df_price":2.26,"df_sale_price":"","df_regular_price":2.26,"df_image_link":"https:\/\/www.csj-emballages.com\/wp-content\/uploads\/2024\/03\/378CS-300x300.webp","tiered_pricing_type":"fixed","tiered_pricing_fixed_rules":[],"tiered_pricing_percentage_rules":[],"tiered_pricing_minimum":1,"tiered_pricing_roles_data":[],"_links":{"self":[{"href":"https:\/\/www.csj-emballages.com\/de\/wp-json\/wp\/v2\/product\/18651","targetHints":{"allow":["GET"]}}],"collection":[{"href":"https:\/\/www.csj-emballages.com\/de\/wp-json\/wp\/v2\/product"}],"about":[{"href":"https:\/\/www.csj-emballages.com\/de\/wp-json\/wp\/v2\/types\/product"}],"wp:featuredmedia":[{"embeddable":true,"href":"https:\/\/www.csj-emballages.com\/de\/wp-json\/wp\/v2\/media\/189339"}],"wp:attachment":[{"href":"https:\/\/www.csj-emballages.com\/de\/wp-json\/wp\/v2\/media?parent=18651"}],"wp:term":[{"taxonomy":"product_brand","embeddable":true,"href":"https:\/\/www.csj-emballages.com\/de\/wp-json\/wp\/v2\/product_brand?post=18651"},{"taxonomy":"product_cat","embeddable":true,"href":"https:\/\/www.csj-emballages.com\/de\/wp-json\/wp\/v2\/product_cat?post=18651"},{"taxonomy":"product_tag","embeddable":true,"href":"https:\/\/www.csj-emballages.com\/de\/wp-json\/wp\/v2\/product_tag?post=18651"}],"curies":[{"name":"wp","href":"https:\/\/api.w.org\/{rel}","templated":true}]}}