{"id":18614,"date":"2024-03-01T16:57:43","date_gmt":"2024-03-01T15:57:43","guid":{"rendered":"https:\/\/u15jnbdpoq.preview.infomaniak.website\/produit\/schaufel-kehrblech-gummirand\/"},"modified":"2026-04-15T02:10:48","modified_gmt":"2026-04-15T00:10:48","slug":"schaufel-kehrblech-gummirand","status":"publish","type":"product","link":"https:\/\/www.csj-emballages.com\/de\/produit\/schaufel-kehrblech-gummirand\/","title":{"rendered":"Kehrschaufel und Handfeger mit Gummilippe"},"content":{"rendered":"<h2 class=\"p1\">Kehrschaufel und Handfeger<\/h2>\n<hr>\n<h3>Entdecken Sie unsere Kehrschaufel und Handfeger mit Gummilippe<\/h3>\n<p><!--more--><\/p>\n<p data-start=\"275\" data-end=\"686\">Wenn Sie schnell und gr\u00fcndlich reinigen m\u00f6chten, ben\u00f6tigen Sie Werkzeuge, die wirklich funktionieren. Diese <strong data-start=\"367\" data-end=\"410\">Kehrschaufel mit Handfeger und Gummilippe<\/strong> wurde entwickelt, um die Reinigung effizienter und m\u00fcheloser zu gestalten. Schon bei der ersten Anwendung sp\u00fcren Sie den Unterschied: Die <strong>Gummilippe passt sich<\/strong> perfekt dem Boden an und <strong>verhindert, dass Staub darunter durchrutscht<\/strong>. Das Ergebnis: Nichts entweicht, selbst kleinster Schmutz nicht.   <\/p>\n<p data-start=\"688\" data-end=\"1058\">Dank ihrer breiten Form sammelt die <strong>Kehrschaufel Kr\u00fcmel<\/strong>, <strong>Staub oder Schmutz<\/strong> m\u00fchelos auf, sei es auf Fliesen, Linoleum oder glatten B\u00f6den. Der Handfeger wiederum hat ausreichend feste Borsten, um effektiv zu kehren, bleibt dabei aber angenehm in der Handhabung. Zusammen bilden sie ein einfaches, aber \u00e4u\u00dferst praktisches Duo f\u00fcr die t\u00e4gliche Reinigung.  <\/p>\n<p data-start=\"1060\" data-end=\"1360\">Zudem erm\u00f6glicht ihr Design eine einfache Aufbewahrung. Der <strong>Handfeger l\u00e4sst sich direkt an der Kehrschaufel befestigen<\/strong>, was ein Verlegen verhindert und sie stets griffbereit h\u00e4lt. Dies ist ideal sowohl f\u00fcr den professionellen als auch f\u00fcr den privaten Gebrauch: Gesch\u00e4fte, Restaurants, B\u00fcros, Werkst\u00e4tten oder zu Hause.  <\/p>\n<p data-start=\"1362\" data-end=\"1620\">Dar\u00fcber hinaus bieten die verwendeten Materialien eine gute Langlebigkeit. Selbst bei regelm\u00e4\u00dfigem Gebrauch bleibt dieses Set zuverl\u00e4ssig und funktional. Es ist somit ein unverzichtbares Zubeh\u00f6r, um R\u00e4ume sauber zu halten, ohne Zeit zu verlieren.  <\/p>\n<p data-start=\"1622\" data-end=\"1778\">Zusammenfassend ist diese <strong>Kehrschaufel und Handfeger mit Gummilippe<\/strong> eine einfache, praktische und effektive L\u00f6sung f\u00fcr eine schnelle, pr\u00e4zise und frustfreie Reinigung.<\/p>\n<p data-start=\"1622\" data-end=\"1778\"><!--more--><\/p>\n<h4>Vorteile :<\/h4>\n<ul>\n<li data-start=\"1806\" data-end=\"1860\"><strong>Gummilippe<\/strong> f\u00fcr besseren Bodenkontakt.<\/li>\n<li data-start=\"1863\" data-end=\"1908\">Effizientes Aufkehren ohne R\u00fcckst\u00e4nde.<\/li>\n<li data-start=\"1911\" data-end=\"1942\">Handfeger mit widerstandsf\u00e4higen Borsten.<\/li>\n<li data-start=\"1945\" data-end=\"1991\">Einfache Aufbewahrung dank Clipsystem.<\/li>\n<li data-start=\"1994\" data-end=\"2043\">Geeignet f\u00fcr den professionellen und privaten Gebrauch.<\/li>\n<\/ul>\n<p>&nbsp;<\/p>\n<p><!--more--><\/p>\n<h4>Weitere Informationen :<\/h4>\n<ul>\n<li><strong>Verpackung<\/strong>: Einzeln<\/li>\n<\/ul>\n<p>&nbsp;<\/p>\n<p><!--more--><\/p>\n<p>Hier finden Sie unsere Metall-Kehrschaufel: <span style=\"color: #d12727;\"><a style=\"color: #d12727;\" href=\"https:\/\/www.csj-emballages.com\/es\/produit\/recogedor-metalico\/\">38005<\/a><\/span><\/p>\n<p>&nbsp;<\/p>\n<p><!--more--><\/p>\n<p><a href=\"https:\/\/www.csj-emballages.com\/de\/categorie-produit\/hygiene-und-pflege\/bursten-und-besen\/besen-burste-staubwedel\/\">Sehen Sie sich den Rest unseres Sortiments an Besen \/ B\u00fcrsten \/ Staubwedeln an<\/a><\/p>\n","protected":false},"excerpt":{"rendered":"<p>Kehrschaufel und Handfeger Entdecken Sie unsere Kehrschaufel und Handfeger mit Gummilippe<\/p>\n","protected":false},"featured_media":7935,"template":"","meta":{"_acf_changed":false},"product_brand":[],"product_cat":[1218,1449,1845,1846],"product_tag":[],"class_list":{"0":"post-18614","1":"product","2":"type-product","3":"status-publish","4":"has-post-thumbnail","6":"product_cat-hygiene-und-pflege","7":"product_cat-bursten-und-besen","8":"product_cat-besen-burste-staubwedel","9":"product_cat-besen-kehrblech-staubwedel","11":"first","12":"instock","13":"taxable","14":"shipping-taxable","15":"purchasable","16":"product-type-simple"},"acf":[],"yoast_head":"<!-- This site is optimized with the Yoast SEO Premium plugin v26.6 (Yoast SEO v26.6) - https:\/\/yoast.com\/wordpress\/plugins\/seo\/ -->\n<title>Kehrschaufel und Handfeger mit Gummilippe<\/title>\n<meta name=\"description\" content=\"Kehrschaufel und Handfeger mit Gummilippe f\u00fcr eine effiziente Reinigung. Optimales Aufkehren, praktische Aufbewahrung und ideal f\u00fcr den t\u00e4glichen Gebrauch.\" \/>\n<meta name=\"robots\" content=\"index, follow, max-snippet:-1, max-image-preview:large, max-video-preview:-1\" \/>\n<link rel=\"canonical\" href=\"https:\/\/www.csj-emballages.com\/de\/produit\/schaufel-kehrblech-gummirand\/\" \/>\n<meta property=\"og:locale\" content=\"de_DE\" \/>\n<meta property=\"og:type\" content=\"article\" \/>\n<meta property=\"og:title\" content=\"Kehrschaufel und Handfeger mit Gummilippe\" \/>\n<meta property=\"og:description\" content=\"Kehrschaufel und Handfeger mit Gummilippe f\u00fcr eine effiziente Reinigung. Optimales Aufkehren, praktische Aufbewahrung und ideal f\u00fcr den t\u00e4glichen Gebrauch.\" \/>\n<meta property=\"og:url\" content=\"https:\/\/www.csj-emballages.com\/de\/produit\/schaufel-kehrblech-gummirand\/\" \/>\n<meta property=\"og:site_name\" content=\"CSJ Emballages\" \/>\n<meta property=\"article:publisher\" content=\"https:\/\/www.facebook.com\/csjemballages\" \/>\n<meta property=\"article:modified_time\" content=\"2026-04-15T00:10:48+00:00\" \/>\n<meta property=\"og:image\" content=\"https:\/\/www.csj-emballages.com\/wp-content\/uploads\/2024\/03\/pelle-balayette-grise-bord-caoutchou-grossiste-plastique-csj-emballages-zoom-jpg.webp\" \/>\n\t<meta property=\"og:image:width\" content=\"500\" \/>\n\t<meta property=\"og:image:height\" content=\"500\" \/>\n\t<meta property=\"og:image:type\" content=\"image\/jpeg\" \/>\n<meta name=\"twitter:card\" content=\"summary_large_image\" \/>\n<meta name=\"twitter:label1\" content=\"Gesch\u00e4tzte Lesezeit\" \/>\n\t<meta name=\"twitter:data1\" content=\"2 Minuten\" \/>\n<script type=\"application\/ld+json\" class=\"yoast-schema-graph\">{\"@context\":\"https:\/\/schema.org\",\"@graph\":[{\"@type\":\"WebPage\",\"@id\":\"https:\/\/www.csj-emballages.com\/de\/produit\/schaufel-kehrblech-gummirand\/\",\"url\":\"https:\/\/www.csj-emballages.com\/de\/produit\/schaufel-kehrblech-gummirand\/\",\"name\":\"Kehrschaufel und Handfeger mit Gummilippe\",\"isPartOf\":{\"@id\":\"https:\/\/www.csj-emballages.com\/de\/#website\"},\"primaryImageOfPage\":{\"@id\":\"https:\/\/www.csj-emballages.com\/de\/produit\/schaufel-kehrblech-gummirand\/#primaryimage\"},\"image\":{\"@id\":\"https:\/\/www.csj-emballages.com\/de\/produit\/schaufel-kehrblech-gummirand\/#primaryimage\"},\"thumbnailUrl\":\"https:\/\/www.csj-emballages.com\/wp-content\/uploads\/2024\/03\/pelle-balayette-grise-bord-caoutchou-grossiste-plastique-csj-emballages-zoom-jpg.webp\",\"datePublished\":\"2024-03-01T15:57:43+00:00\",\"dateModified\":\"2026-04-15T00:10:48+00:00\",\"description\":\"Kehrschaufel und Handfeger mit Gummilippe f\u00fcr eine effiziente Reinigung. Optimales Aufkehren, praktische Aufbewahrung und ideal f\u00fcr den t\u00e4glichen Gebrauch.\",\"breadcrumb\":{\"@id\":\"https:\/\/www.csj-emballages.com\/de\/produit\/schaufel-kehrblech-gummirand\/#breadcrumb\"},\"inLanguage\":\"de\",\"potentialAction\":[{\"@type\":\"ReadAction\",\"target\":[\"https:\/\/www.csj-emballages.com\/de\/produit\/schaufel-kehrblech-gummirand\/\"]}]},{\"@type\":\"ImageObject\",\"inLanguage\":\"de\",\"@id\":\"https:\/\/www.csj-emballages.com\/de\/produit\/schaufel-kehrblech-gummirand\/#primaryimage\",\"url\":\"https:\/\/www.csj-emballages.com\/wp-content\/uploads\/2024\/03\/pelle-balayette-grise-bord-caoutchou-grossiste-plastique-csj-emballages-zoom-jpg.webp\",\"contentUrl\":\"https:\/\/www.csj-emballages.com\/wp-content\/uploads\/2024\/03\/pelle-balayette-grise-bord-caoutchou-grossiste-plastique-csj-emballages-zoom-jpg.webp\",\"width\":500,\"height\":500},{\"@type\":\"BreadcrumbList\",\"@id\":\"https:\/\/www.csj-emballages.com\/de\/produit\/schaufel-kehrblech-gummirand\/#breadcrumb\",\"itemListElement\":[{\"@type\":\"ListItem\",\"position\":1,\"name\":\"Accueil\",\"item\":\"https:\/\/www.csj-emballages.com\/de\/universum-lebensmittelverpackungen\/\"},{\"@type\":\"ListItem\",\"position\":2,\"name\":\"Shop\",\"item\":\"https:\/\/www.csj-emballages.com\/shop\/\"},{\"@type\":\"ListItem\",\"position\":3,\"name\":\"Kehrschaufel und Handfeger mit Gummilippe\"}]},{\"@type\":\"WebSite\",\"@id\":\"https:\/\/www.csj-emballages.com\/de\/#website\",\"url\":\"https:\/\/www.csj-emballages.com\/de\/\",\"name\":\"CSJ Emballages\",\"description\":\"\",\"publisher\":{\"@id\":\"https:\/\/www.csj-emballages.com\/de\/#organization\"},\"potentialAction\":[{\"@type\":\"SearchAction\",\"target\":{\"@type\":\"EntryPoint\",\"urlTemplate\":\"https:\/\/www.csj-emballages.com\/de\/?s={search_term_string}\"},\"query-input\":{\"@type\":\"PropertyValueSpecification\",\"valueRequired\":true,\"valueName\":\"search_term_string\"}}],\"inLanguage\":\"de\"},{\"@type\":\"Organization\",\"@id\":\"https:\/\/www.csj-emballages.com\/de\/#Organization\/\",\"name\":\"CSJ Emballages\",\"url\":\"https:\/\/www.csj-emballages.com\/de\/\",\"logo\":{\"@type\":\"ImageObject\",\"inLanguage\":\"de\",\"@id\":\"https:\/\/www.csj-emballages.com\/de\/#\/schema\/logo\/image\/\",\"url\":\"https:\/\/www.csj-emballages.com\/wp-content\/uploads\/2023\/10\/logo_csj.webp\",\"contentUrl\":\"https:\/\/www.csj-emballages.com\/wp-content\/uploads\/2023\/10\/logo_csj.webp\",\"width\":250,\"height\":95,\"caption\":\"CSJ Emballages\"},\"image\":{\"@id\":\"https:\/\/www.csj-emballages.com\/de\/#\/schema\/logo\/image\/\"},\"sameAs\":[\"https:\/\/www.facebook.com\/csjemballages\"],\"address\":{\"@type\":\"PostalAddress\",\"streetAddress\":\"ZI La Lechere\",\"addressLocality\":\"Patornay\",\"postalCode\":\"39130\",\"addressCountry\":\"FR\"},\"contactPoint\":[{\"@type\":\"ContactPoint\",\"contactType\":\"Service client\",\"telephone\":\"0384254272\",\"email\":\"contact@csj-emballages.com\"}]}]}<\/script>\n<!-- \/ Yoast SEO Premium plugin. -->","yoast_head_json":{"title":"Kehrschaufel und Handfeger mit Gummilippe","description":"Kehrschaufel und Handfeger mit Gummilippe f\u00fcr eine effiziente Reinigung. Optimales Aufkehren, praktische Aufbewahrung und ideal f\u00fcr den t\u00e4glichen Gebrauch.","robots":{"index":"index","follow":"follow","max-snippet":"max-snippet:-1","max-image-preview":"max-image-preview:large","max-video-preview":"max-video-preview:-1"},"canonical":"https:\/\/www.csj-emballages.com\/de\/produit\/schaufel-kehrblech-gummirand\/","og_locale":"de_DE","og_type":"article","og_title":"Kehrschaufel und Handfeger mit Gummilippe","og_description":"Kehrschaufel und Handfeger mit Gummilippe f\u00fcr eine effiziente Reinigung. Optimales Aufkehren, praktische Aufbewahrung und ideal f\u00fcr den t\u00e4glichen Gebrauch.","og_url":"https:\/\/www.csj-emballages.com\/de\/produit\/schaufel-kehrblech-gummirand\/","og_site_name":"CSJ Emballages","article_publisher":"https:\/\/www.facebook.com\/csjemballages","article_modified_time":"2026-04-15T00:10:48+00:00","og_image":[{"width":500,"height":500,"url":"https:\/\/www.csj-emballages.com\/wp-content\/uploads\/2024\/03\/pelle-balayette-grise-bord-caoutchou-grossiste-plastique-csj-emballages-zoom-jpg.webp","type":"image\/jpeg"}],"twitter_card":"summary_large_image","twitter_misc":{"Gesch\u00e4tzte Lesezeit":"2 Minuten"},"schema":{"@context":"https:\/\/schema.org","@graph":[{"@type":"WebPage","@id":"https:\/\/www.csj-emballages.com\/de\/produit\/schaufel-kehrblech-gummirand\/","url":"https:\/\/www.csj-emballages.com\/de\/produit\/schaufel-kehrblech-gummirand\/","name":"Kehrschaufel und Handfeger mit Gummilippe","isPartOf":{"@id":"https:\/\/www.csj-emballages.com\/de\/#website"},"primaryImageOfPage":{"@id":"https:\/\/www.csj-emballages.com\/de\/produit\/schaufel-kehrblech-gummirand\/#primaryimage"},"image":{"@id":"https:\/\/www.csj-emballages.com\/de\/produit\/schaufel-kehrblech-gummirand\/#primaryimage"},"thumbnailUrl":"https:\/\/www.csj-emballages.com\/wp-content\/uploads\/2024\/03\/pelle-balayette-grise-bord-caoutchou-grossiste-plastique-csj-emballages-zoom-jpg.webp","datePublished":"2024-03-01T15:57:43+00:00","dateModified":"2026-04-15T00:10:48+00:00","description":"Kehrschaufel und Handfeger mit Gummilippe f\u00fcr eine effiziente Reinigung. Optimales Aufkehren, praktische Aufbewahrung und ideal f\u00fcr den t\u00e4glichen Gebrauch.","breadcrumb":{"@id":"https:\/\/www.csj-emballages.com\/de\/produit\/schaufel-kehrblech-gummirand\/#breadcrumb"},"inLanguage":"de","potentialAction":[{"@type":"ReadAction","target":["https:\/\/www.csj-emballages.com\/de\/produit\/schaufel-kehrblech-gummirand\/"]}]},{"@type":"ImageObject","inLanguage":"de","@id":"https:\/\/www.csj-emballages.com\/de\/produit\/schaufel-kehrblech-gummirand\/#primaryimage","url":"https:\/\/www.csj-emballages.com\/wp-content\/uploads\/2024\/03\/pelle-balayette-grise-bord-caoutchou-grossiste-plastique-csj-emballages-zoom-jpg.webp","contentUrl":"https:\/\/www.csj-emballages.com\/wp-content\/uploads\/2024\/03\/pelle-balayette-grise-bord-caoutchou-grossiste-plastique-csj-emballages-zoom-jpg.webp","width":500,"height":500},{"@type":"BreadcrumbList","@id":"https:\/\/www.csj-emballages.com\/de\/produit\/schaufel-kehrblech-gummirand\/#breadcrumb","itemListElement":[{"@type":"ListItem","position":1,"name":"Accueil","item":"https:\/\/www.csj-emballages.com\/de\/universum-lebensmittelverpackungen\/"},{"@type":"ListItem","position":2,"name":"Shop","item":"https:\/\/www.csj-emballages.com\/shop\/"},{"@type":"ListItem","position":3,"name":"Kehrschaufel und Handfeger mit Gummilippe"}]},{"@type":"WebSite","@id":"https:\/\/www.csj-emballages.com\/de\/#website","url":"https:\/\/www.csj-emballages.com\/de\/","name":"CSJ Emballages","description":"","publisher":{"@id":"https:\/\/www.csj-emballages.com\/de\/#organization"},"potentialAction":[{"@type":"SearchAction","target":{"@type":"EntryPoint","urlTemplate":"https:\/\/www.csj-emballages.com\/de\/?s={search_term_string}"},"query-input":{"@type":"PropertyValueSpecification","valueRequired":true,"valueName":"search_term_string"}}],"inLanguage":"de"},{"@type":"Organization","@id":"https:\/\/www.csj-emballages.com\/de\/#Organization\/","name":"CSJ Emballages","url":"https:\/\/www.csj-emballages.com\/de\/","logo":{"@type":"ImageObject","inLanguage":"de","@id":"https:\/\/www.csj-emballages.com\/de\/#\/schema\/logo\/image\/","url":"https:\/\/www.csj-emballages.com\/wp-content\/uploads\/2023\/10\/logo_csj.webp","contentUrl":"https:\/\/www.csj-emballages.com\/wp-content\/uploads\/2023\/10\/logo_csj.webp","width":250,"height":95,"caption":"CSJ Emballages"},"image":{"@id":"https:\/\/www.csj-emballages.com\/de\/#\/schema\/logo\/image\/"},"sameAs":["https:\/\/www.facebook.com\/csjemballages"],"address":{"@type":"PostalAddress","streetAddress":"ZI La Lechere","addressLocality":"Patornay","postalCode":"39130","addressCountry":"FR"},"contactPoint":[{"@type":"ContactPoint","contactType":"Service client","telephone":"0384254272","email":"contact@csj-emballages.com"}]}]}},"df_price":2.83,"df_sale_price":"","df_regular_price":2.83,"df_image_link":"https:\/\/www.csj-emballages.com\/wp-content\/uploads\/2024\/03\/pelle-balayette-grise-bord-caoutchou-grossiste-plastique-csj-emballages-zoom-300x300.webp","tiered_pricing_type":"fixed","tiered_pricing_fixed_rules":[],"tiered_pricing_percentage_rules":[],"tiered_pricing_minimum":1,"tiered_pricing_roles_data":[],"_links":{"self":[{"href":"https:\/\/www.csj-emballages.com\/de\/wp-json\/wp\/v2\/product\/18614","targetHints":{"allow":["GET"]}}],"collection":[{"href":"https:\/\/www.csj-emballages.com\/de\/wp-json\/wp\/v2\/product"}],"about":[{"href":"https:\/\/www.csj-emballages.com\/de\/wp-json\/wp\/v2\/types\/product"}],"wp:featuredmedia":[{"embeddable":true,"href":"https:\/\/www.csj-emballages.com\/de\/wp-json\/wp\/v2\/media\/7935"}],"wp:attachment":[{"href":"https:\/\/www.csj-emballages.com\/de\/wp-json\/wp\/v2\/media?parent=18614"}],"wp:term":[{"taxonomy":"product_brand","embeddable":true,"href":"https:\/\/www.csj-emballages.com\/de\/wp-json\/wp\/v2\/product_brand?post=18614"},{"taxonomy":"product_cat","embeddable":true,"href":"https:\/\/www.csj-emballages.com\/de\/wp-json\/wp\/v2\/product_cat?post=18614"},{"taxonomy":"product_tag","embeddable":true,"href":"https:\/\/www.csj-emballages.com\/de\/wp-json\/wp\/v2\/product_tag?post=18614"}],"curies":[{"name":"wp","href":"https:\/\/api.w.org\/{rel}","templated":true}]}}