{"id":18582,"date":"2024-03-01T16:59:28","date_gmt":"2024-03-01T15:59:28","guid":{"rendered":"https:\/\/u15jnbdpoq.preview.infomaniak.website\/produit\/wiederverwendbare-mojito-glaeser-aus-unzerbrechlichem-luxuskristall-40-cl\/"},"modified":"2026-03-20T02:10:20","modified_gmt":"2026-03-20T01:10:20","slug":"wiederverwendbare-mojito-glaeser-aus-unzerbrechlichem-luxuskristall-40-cl","status":"publish","type":"product","link":"https:\/\/www.csj-emballages.com\/de\/produit\/wiederverwendbare-mojito-glaeser-aus-unzerbrechlichem-luxuskristall-40-cl\/","title":{"rendered":"Wiederverwendbares Mojito-Glas unzerbrechlicher Kristall 40 cl"},"content":{"rendered":"<h2>Mojito-Glas<\/h2>\n<hr>\n<h3>Beschreibung unseres wiederverwendbaren Mojito-Glases unzerbrechlicher Kristall 40 cl<\/h3>\n<p>Entdecken Sie unser <strong>Mojito-Glas Kristall 40cl<\/strong>. Diese <strong>unzerbrechlichen Gl\u00e4ser<\/strong> vereinen Eleganz und Haltbarkeit und sind perfekt f\u00fcr Ihre festlichen Abende. Das Design aus wiederverwendbarem Kristallglas verleiht dem Glas einen Hauch von Raffinesse und ist gleichzeitig umweltfreundlich. Die Gl\u00e4ser sind leicht zu pflegen und sto\u00dffest, sodass sie lange Zeit ohne Bruchgefahr verwendet werden k\u00f6nnen. Ihre klare Transparenz bringt Ihre Cocktails zur Geltung und bietet ein einzigartiges visuelles Erlebnis. Diese Gl\u00e4ser eignen sich ideal f\u00fcr Veranstaltungen im Freien oder f\u00fcr zwanglose Treffen und passen zu jedem Anlass.     <\/p>\n<p>Neben ihrem raffinierten Design sind diese Gl\u00e4ser auch leicht, was sie praktisch in der Handhabung macht. Ihr perfektes Volumen von <strong>40 cl<\/strong> erm\u00f6glicht es, einen gro\u00dfz\u00fcgigen Mojito zu servieren und dabei gen\u00fcgend Platz f\u00fcr Eisw\u00fcrfel und Garnituren zu lassen. Sie werden die Robustheit dieser Gl\u00e4ser zu sch\u00e4tzen wissen, die den t\u00e4glichen St\u00f6\u00dfen standhalten, ohne ihren Glanz zu verlieren. Verwenden Sie sie bei Grillpartys, Picknicks oder Abenden mit Freunden, um Ihre G\u00e4ste mit Stil und Praktikabilit\u00e4t zu beeindrucken.   <\/p>\n<p>Alles in allem bieten die <strong>Mojito Cristals 40cl Gl\u00e4ser<\/strong> eine dauerhafte, elegante und unzerbrechliche L\u00f6sung f\u00fcr Ihre geselligen Momente.<\/p>\n<p><!--more--><\/p>\n<p><strong>Vorteile :<\/strong><\/p>\n<ul>\n<li><strong>Unzerbrechlich<\/strong>: Diese Gl\u00e4ser sind sto\u00dffest und ideal, um Unf\u00e4lle zu vermeiden.<\/li>\n<li><strong>Wiederverwendbar<\/strong>: Eine umweltfreundliche Wahl, die den Einweg-Kunststoffabfall reduziert.<\/li>\n<li><strong>Pflegeleicht<\/strong>: Sie sind maschinenwaschbar und behalten ihren Glanz \u00fcber die Zeit.<\/li>\n<\/ul>\n<p>&nbsp;<\/p>\n<p><!--more--><\/p>\n<p><span style=\"color: #d12727;\"><a style=\"color: #d12727;\" href=\"https:\/\/www.csj-emballages.com\/produit\/verre-mojito-reutilisables-cristal-luxe-incassable-25cl\/\">Hier finden Sie das Mojito-Glas in 25cl.<\/a><\/span><\/p>\n<p>&nbsp;<\/p>\n<p><!--more--><\/p>\n<p><a href=\"\/?product_cat=vaisselles-reutilisables\">Sehen Sie sich den Rest unseres Sortiments an wiederverwendbarem Geschirr an.<\/a><\/p>\n","protected":false},"excerpt":{"rendered":"<p>Mojito-Glas Beschreibung unseres wiederverwendbaren Mojito-Glases unzerbrechlicher Kristall 40 cl Entdecken Sie unser Mojito-Glas Kristall 40cl. Diese unzerbrechlichen Gl\u00e4ser vereinen Eleganz und Haltbarkeit und sind perfekt f\u00fcr Ihre festlichen Abende. Das Design aus wiederverwendbarem Kristallglas verleiht dem Glas einen Hauch von Raffinesse und ist gleichzeitig umweltfreundlich. Die Gl\u00e4ser sind leicht zu pflegen und sto\u00dffest, sodass sie [&hellip;]<\/p>\n","protected":false},"featured_media":197123,"template":"","meta":{"_acf_changed":false},"product_brand":[],"product_cat":[1137,1134,1469,1470,6726,1265],"product_tag":[],"class_list":{"0":"post-18582","1":"product","2":"type-product","3":"status-publish","4":"has-post-thumbnail","6":"product_cat-lebensmittelverpackungen","7":"product_cat-restauration-de","8":"product_cat-becher-glaser-eimer-flaschen","9":"product_cat-unzerbrechliche-wiederverwendbare-glaser-becher","10":"product_cat-wiederverwendbares-geschirr","11":"product_cat-lagerbestande-promotion","13":"first","14":"instock","15":"sale","16":"taxable","17":"shipping-taxable","18":"purchasable","19":"product-type-simple"},"acf":[],"yoast_head":"<!-- This site is optimized with the Yoast SEO Premium plugin v26.6 (Yoast SEO v26.6) - https:\/\/yoast.com\/wordpress\/plugins\/seo\/ -->\n<title>Wiederverwendbares Mojito-Glas - 40cl<\/title>\n<meta name=\"description\" content=\"Entdecken Sie unser Mojito-Glas Kristall 40cl: unzerbrechlich, elegant, umweltfreundlich und perfekt f\u00fcr alle Ihre Veranstaltungen! Erh\u00e4ltlich als Einzelst\u00fcck.\" \/>\n<meta name=\"robots\" content=\"index, follow, max-snippet:-1, max-image-preview:large, max-video-preview:-1\" \/>\n<link rel=\"canonical\" href=\"https:\/\/www.csj-emballages.com\/de\/produit\/wiederverwendbare-mojito-glaeser-aus-unzerbrechlichem-luxuskristall-40-cl\/\" \/>\n<meta property=\"og:locale\" content=\"de_DE\" \/>\n<meta property=\"og:type\" content=\"article\" \/>\n<meta property=\"og:title\" content=\"Wiederverwendbares Mojito-Glas unzerbrechlicher Kristall 40 cl\" \/>\n<meta property=\"og:description\" content=\"Entdecken Sie unser Mojito-Glas Kristall 40cl: unzerbrechlich, elegant, umweltfreundlich und perfekt f\u00fcr alle Ihre Veranstaltungen! Erh\u00e4ltlich als Einzelst\u00fcck.\" \/>\n<meta property=\"og:url\" content=\"https:\/\/www.csj-emballages.com\/de\/produit\/wiederverwendbare-mojito-glaeser-aus-unzerbrechlichem-luxuskristall-40-cl\/\" \/>\n<meta property=\"og:site_name\" content=\"CSJ Emballages\" \/>\n<meta property=\"article:publisher\" content=\"https:\/\/www.facebook.com\/csjemballages\" \/>\n<meta property=\"article:modified_time\" content=\"2026-03-20T01:10:20+00:00\" \/>\n<meta property=\"og:image\" content=\"https:\/\/www.csj-emballages.com\/wp-content\/uploads\/2024\/03\/Verre-mojito-cristal-40cl-1.webp\" \/>\n\t<meta property=\"og:image:width\" content=\"798\" \/>\n\t<meta property=\"og:image:height\" content=\"800\" \/>\n\t<meta property=\"og:image:type\" content=\"image\/webp\" \/>\n<meta name=\"twitter:card\" content=\"summary_large_image\" \/>\n<meta name=\"twitter:label1\" content=\"Gesch\u00e4tzte Lesezeit\" \/>\n\t<meta name=\"twitter:data1\" content=\"1\u00a0Minute\" \/>\n<script type=\"application\/ld+json\" class=\"yoast-schema-graph\">{\"@context\":\"https:\/\/schema.org\",\"@graph\":[{\"@type\":\"WebPage\",\"@id\":\"https:\/\/www.csj-emballages.com\/de\/produit\/wiederverwendbare-mojito-glaeser-aus-unzerbrechlichem-luxuskristall-40-cl\/\",\"url\":\"https:\/\/www.csj-emballages.com\/de\/produit\/wiederverwendbare-mojito-glaeser-aus-unzerbrechlichem-luxuskristall-40-cl\/\",\"name\":\"Wiederverwendbares Mojito-Glas - 40cl\",\"isPartOf\":{\"@id\":\"https:\/\/www.csj-emballages.com\/de\/#website\"},\"primaryImageOfPage\":{\"@id\":\"https:\/\/www.csj-emballages.com\/de\/produit\/wiederverwendbare-mojito-glaeser-aus-unzerbrechlichem-luxuskristall-40-cl\/#primaryimage\"},\"image\":{\"@id\":\"https:\/\/www.csj-emballages.com\/de\/produit\/wiederverwendbare-mojito-glaeser-aus-unzerbrechlichem-luxuskristall-40-cl\/#primaryimage\"},\"thumbnailUrl\":\"https:\/\/www.csj-emballages.com\/wp-content\/uploads\/2024\/03\/Verre-mojito-cristal-40cl-1.webp\",\"datePublished\":\"2024-03-01T15:59:28+00:00\",\"dateModified\":\"2026-03-20T01:10:20+00:00\",\"description\":\"Entdecken Sie unser Mojito-Glas Kristall 40cl: unzerbrechlich, elegant, umweltfreundlich und perfekt f\u00fcr alle Ihre Veranstaltungen! Erh\u00e4ltlich als Einzelst\u00fcck.\",\"breadcrumb\":{\"@id\":\"https:\/\/www.csj-emballages.com\/de\/produit\/wiederverwendbare-mojito-glaeser-aus-unzerbrechlichem-luxuskristall-40-cl\/#breadcrumb\"},\"inLanguage\":\"de\",\"potentialAction\":[{\"@type\":\"ReadAction\",\"target\":[\"https:\/\/www.csj-emballages.com\/de\/produit\/wiederverwendbare-mojito-glaeser-aus-unzerbrechlichem-luxuskristall-40-cl\/\"]}]},{\"@type\":\"ImageObject\",\"inLanguage\":\"de\",\"@id\":\"https:\/\/www.csj-emballages.com\/de\/produit\/wiederverwendbare-mojito-glaeser-aus-unzerbrechlichem-luxuskristall-40-cl\/#primaryimage\",\"url\":\"https:\/\/www.csj-emballages.com\/wp-content\/uploads\/2024\/03\/Verre-mojito-cristal-40cl-1.webp\",\"contentUrl\":\"https:\/\/www.csj-emballages.com\/wp-content\/uploads\/2024\/03\/Verre-mojito-cristal-40cl-1.webp\",\"width\":798,\"height\":800,\"caption\":\"verre mojito\"},{\"@type\":\"BreadcrumbList\",\"@id\":\"https:\/\/www.csj-emballages.com\/de\/produit\/wiederverwendbare-mojito-glaeser-aus-unzerbrechlichem-luxuskristall-40-cl\/#breadcrumb\",\"itemListElement\":[{\"@type\":\"ListItem\",\"position\":1,\"name\":\"Accueil\",\"item\":\"https:\/\/www.csj-emballages.com\/de\/universum-lebensmittelverpackungen\/\"},{\"@type\":\"ListItem\",\"position\":2,\"name\":\"Shop\",\"item\":\"https:\/\/www.csj-emballages.com\/shop\/\"},{\"@type\":\"ListItem\",\"position\":3,\"name\":\"Wiederverwendbares Mojito-Glas unzerbrechlicher Kristall 40 cl\"}]},{\"@type\":\"WebSite\",\"@id\":\"https:\/\/www.csj-emballages.com\/de\/#website\",\"url\":\"https:\/\/www.csj-emballages.com\/de\/\",\"name\":\"CSJ Emballages\",\"description\":\"\",\"publisher\":{\"@id\":\"https:\/\/www.csj-emballages.com\/de\/#organization\"},\"potentialAction\":[{\"@type\":\"SearchAction\",\"target\":{\"@type\":\"EntryPoint\",\"urlTemplate\":\"https:\/\/www.csj-emballages.com\/de\/?s={search_term_string}\"},\"query-input\":{\"@type\":\"PropertyValueSpecification\",\"valueRequired\":true,\"valueName\":\"search_term_string\"}}],\"inLanguage\":\"de\"},{\"@type\":\"Organization\",\"@id\":\"https:\/\/www.csj-emballages.com\/de\/#Organization\/\",\"name\":\"CSJ Emballages\",\"url\":\"https:\/\/www.csj-emballages.com\/de\/\",\"logo\":{\"@type\":\"ImageObject\",\"inLanguage\":\"de\",\"@id\":\"https:\/\/www.csj-emballages.com\/de\/#\/schema\/logo\/image\/\",\"url\":\"https:\/\/www.csj-emballages.com\/wp-content\/uploads\/2023\/10\/logo_csj.webp\",\"contentUrl\":\"https:\/\/www.csj-emballages.com\/wp-content\/uploads\/2023\/10\/logo_csj.webp\",\"width\":250,\"height\":95,\"caption\":\"CSJ Emballages\"},\"image\":{\"@id\":\"https:\/\/www.csj-emballages.com\/de\/#\/schema\/logo\/image\/\"},\"sameAs\":[\"https:\/\/www.facebook.com\/csjemballages\"],\"address\":{\"@type\":\"PostalAddress\",\"streetAddress\":\"ZI La Lechere\",\"addressLocality\":\"Patornay\",\"postalCode\":\"39130\",\"addressCountry\":\"FR\"},\"contactPoint\":[{\"@type\":\"ContactPoint\",\"contactType\":\"Service client\",\"telephone\":\"0384254272\",\"email\":\"contact@csj-emballages.com\"}]}]}<\/script>\n<!-- \/ Yoast SEO Premium plugin. -->","yoast_head_json":{"title":"Wiederverwendbares Mojito-Glas - 40cl","description":"Entdecken Sie unser Mojito-Glas Kristall 40cl: unzerbrechlich, elegant, umweltfreundlich und perfekt f\u00fcr alle Ihre Veranstaltungen! Erh\u00e4ltlich als Einzelst\u00fcck.","robots":{"index":"index","follow":"follow","max-snippet":"max-snippet:-1","max-image-preview":"max-image-preview:large","max-video-preview":"max-video-preview:-1"},"canonical":"https:\/\/www.csj-emballages.com\/de\/produit\/wiederverwendbare-mojito-glaeser-aus-unzerbrechlichem-luxuskristall-40-cl\/","og_locale":"de_DE","og_type":"article","og_title":"Wiederverwendbares Mojito-Glas unzerbrechlicher Kristall 40 cl","og_description":"Entdecken Sie unser Mojito-Glas Kristall 40cl: unzerbrechlich, elegant, umweltfreundlich und perfekt f\u00fcr alle Ihre Veranstaltungen! Erh\u00e4ltlich als Einzelst\u00fcck.","og_url":"https:\/\/www.csj-emballages.com\/de\/produit\/wiederverwendbare-mojito-glaeser-aus-unzerbrechlichem-luxuskristall-40-cl\/","og_site_name":"CSJ Emballages","article_publisher":"https:\/\/www.facebook.com\/csjemballages","article_modified_time":"2026-03-20T01:10:20+00:00","og_image":[{"width":798,"height":800,"url":"https:\/\/www.csj-emballages.com\/wp-content\/uploads\/2024\/03\/Verre-mojito-cristal-40cl-1.webp","type":"image\/webp"}],"twitter_card":"summary_large_image","twitter_misc":{"Gesch\u00e4tzte Lesezeit":"1\u00a0Minute"},"schema":{"@context":"https:\/\/schema.org","@graph":[{"@type":"WebPage","@id":"https:\/\/www.csj-emballages.com\/de\/produit\/wiederverwendbare-mojito-glaeser-aus-unzerbrechlichem-luxuskristall-40-cl\/","url":"https:\/\/www.csj-emballages.com\/de\/produit\/wiederverwendbare-mojito-glaeser-aus-unzerbrechlichem-luxuskristall-40-cl\/","name":"Wiederverwendbares Mojito-Glas - 40cl","isPartOf":{"@id":"https:\/\/www.csj-emballages.com\/de\/#website"},"primaryImageOfPage":{"@id":"https:\/\/www.csj-emballages.com\/de\/produit\/wiederverwendbare-mojito-glaeser-aus-unzerbrechlichem-luxuskristall-40-cl\/#primaryimage"},"image":{"@id":"https:\/\/www.csj-emballages.com\/de\/produit\/wiederverwendbare-mojito-glaeser-aus-unzerbrechlichem-luxuskristall-40-cl\/#primaryimage"},"thumbnailUrl":"https:\/\/www.csj-emballages.com\/wp-content\/uploads\/2024\/03\/Verre-mojito-cristal-40cl-1.webp","datePublished":"2024-03-01T15:59:28+00:00","dateModified":"2026-03-20T01:10:20+00:00","description":"Entdecken Sie unser Mojito-Glas Kristall 40cl: unzerbrechlich, elegant, umweltfreundlich und perfekt f\u00fcr alle Ihre Veranstaltungen! Erh\u00e4ltlich als Einzelst\u00fcck.","breadcrumb":{"@id":"https:\/\/www.csj-emballages.com\/de\/produit\/wiederverwendbare-mojito-glaeser-aus-unzerbrechlichem-luxuskristall-40-cl\/#breadcrumb"},"inLanguage":"de","potentialAction":[{"@type":"ReadAction","target":["https:\/\/www.csj-emballages.com\/de\/produit\/wiederverwendbare-mojito-glaeser-aus-unzerbrechlichem-luxuskristall-40-cl\/"]}]},{"@type":"ImageObject","inLanguage":"de","@id":"https:\/\/www.csj-emballages.com\/de\/produit\/wiederverwendbare-mojito-glaeser-aus-unzerbrechlichem-luxuskristall-40-cl\/#primaryimage","url":"https:\/\/www.csj-emballages.com\/wp-content\/uploads\/2024\/03\/Verre-mojito-cristal-40cl-1.webp","contentUrl":"https:\/\/www.csj-emballages.com\/wp-content\/uploads\/2024\/03\/Verre-mojito-cristal-40cl-1.webp","width":798,"height":800,"caption":"verre mojito"},{"@type":"BreadcrumbList","@id":"https:\/\/www.csj-emballages.com\/de\/produit\/wiederverwendbare-mojito-glaeser-aus-unzerbrechlichem-luxuskristall-40-cl\/#breadcrumb","itemListElement":[{"@type":"ListItem","position":1,"name":"Accueil","item":"https:\/\/www.csj-emballages.com\/de\/universum-lebensmittelverpackungen\/"},{"@type":"ListItem","position":2,"name":"Shop","item":"https:\/\/www.csj-emballages.com\/shop\/"},{"@type":"ListItem","position":3,"name":"Wiederverwendbares Mojito-Glas unzerbrechlicher Kristall 40 cl"}]},{"@type":"WebSite","@id":"https:\/\/www.csj-emballages.com\/de\/#website","url":"https:\/\/www.csj-emballages.com\/de\/","name":"CSJ Emballages","description":"","publisher":{"@id":"https:\/\/www.csj-emballages.com\/de\/#organization"},"potentialAction":[{"@type":"SearchAction","target":{"@type":"EntryPoint","urlTemplate":"https:\/\/www.csj-emballages.com\/de\/?s={search_term_string}"},"query-input":{"@type":"PropertyValueSpecification","valueRequired":true,"valueName":"search_term_string"}}],"inLanguage":"de"},{"@type":"Organization","@id":"https:\/\/www.csj-emballages.com\/de\/#Organization\/","name":"CSJ Emballages","url":"https:\/\/www.csj-emballages.com\/de\/","logo":{"@type":"ImageObject","inLanguage":"de","@id":"https:\/\/www.csj-emballages.com\/de\/#\/schema\/logo\/image\/","url":"https:\/\/www.csj-emballages.com\/wp-content\/uploads\/2023\/10\/logo_csj.webp","contentUrl":"https:\/\/www.csj-emballages.com\/wp-content\/uploads\/2023\/10\/logo_csj.webp","width":250,"height":95,"caption":"CSJ Emballages"},"image":{"@id":"https:\/\/www.csj-emballages.com\/de\/#\/schema\/logo\/image\/"},"sameAs":["https:\/\/www.facebook.com\/csjemballages"],"address":{"@type":"PostalAddress","streetAddress":"ZI La Lechere","addressLocality":"Patornay","postalCode":"39130","addressCountry":"FR"},"contactPoint":[{"@type":"ContactPoint","contactType":"Service client","telephone":"0384254272","email":"contact@csj-emballages.com"}]}]}},"df_price":1.57,"df_sale_price":1.57,"df_regular_price":2.09,"df_image_link":"https:\/\/www.csj-emballages.com\/wp-content\/uploads\/2024\/03\/Verre-mojito-cristal-40cl-1-300x300.webp","tiered_pricing_type":"fixed","tiered_pricing_fixed_rules":[],"tiered_pricing_percentage_rules":[],"tiered_pricing_minimum":1,"tiered_pricing_roles_data":[],"_links":{"self":[{"href":"https:\/\/www.csj-emballages.com\/de\/wp-json\/wp\/v2\/product\/18582","targetHints":{"allow":["GET"]}}],"collection":[{"href":"https:\/\/www.csj-emballages.com\/de\/wp-json\/wp\/v2\/product"}],"about":[{"href":"https:\/\/www.csj-emballages.com\/de\/wp-json\/wp\/v2\/types\/product"}],"wp:featuredmedia":[{"embeddable":true,"href":"https:\/\/www.csj-emballages.com\/de\/wp-json\/wp\/v2\/media\/197123"}],"wp:attachment":[{"href":"https:\/\/www.csj-emballages.com\/de\/wp-json\/wp\/v2\/media?parent=18582"}],"wp:term":[{"taxonomy":"product_brand","embeddable":true,"href":"https:\/\/www.csj-emballages.com\/de\/wp-json\/wp\/v2\/product_brand?post=18582"},{"taxonomy":"product_cat","embeddable":true,"href":"https:\/\/www.csj-emballages.com\/de\/wp-json\/wp\/v2\/product_cat?post=18582"},{"taxonomy":"product_tag","embeddable":true,"href":"https:\/\/www.csj-emballages.com\/de\/wp-json\/wp\/v2\/product_tag?post=18582"}],"curies":[{"name":"wp","href":"https:\/\/api.w.org\/{rel}","templated":true}]}}