{"id":18578,"date":"2024-03-01T16:59:28","date_gmt":"2024-03-01T15:59:28","guid":{"rendered":"https:\/\/u15jnbdpoq.preview.infomaniak.website\/produit\/10-muellsaecke-160-liter-transparent-50-%c2%b5\/"},"modified":"2026-04-28T02:11:00","modified_gmt":"2026-04-28T00:11:00","slug":"10-muellsaecke-160-liter-transparent-50-%c2%b5","status":"publish","type":"product","link":"https:\/\/www.csj-emballages.com\/de\/produit\/10-muellsaecke-160-liter-transparent-50-%c2%b5\/","title":{"rendered":"Transparenter M\u00fcllsack 160 Liter 50 \u00b5 im 10er-Pack"},"content":{"rendered":"<h2>Transparenter M\u00fcllsack<\/h2>\n<hr>\n<h3>Entdecken Sie unseren transparenten M\u00fcllsack 160 Liter 50 \u00b5 im 10er-Pack<\/h3>\n<p><!--more--><\/p>\n<p data-start=\"198\" data-end=\"573\">Diese <strong data-start=\"202\" data-end=\"243\">transparenten 160-Liter-M\u00fclls\u00e4cke<\/strong> sind f\u00fcr gro\u00dfe Mengen und anspruchsvolle Anwendungen konzipiert. Ihre <strong>gro\u00dfe Kapazit\u00e4t<\/strong> erm\u00f6glicht die einfache Entsorgung von sperrigem Abfall oder gro\u00dfen Sammelmengen, ohne mehrere S\u00e4cke verwenden zu m\u00fcssen. Ob im professionellen Umfeld, in \u00f6ffentlichen Einrichtungen oder in Lagerr\u00e4umen \u2013 sie bieten eine einfache und effiziente L\u00f6sung.  <\/p>\n<p data-start=\"575\" data-end=\"982\">Mit einer <strong>St\u00e4rke<\/strong> von <strong data-start=\"597\" data-end=\"611\">50 Mikron<\/strong> gew\u00e4hrleisten diese <strong>S\u00e4cke<\/strong> eine gute Best\u00e4ndigkeit gegen Gewicht und Risse. Sie halten schweren Lasten und wiederholter Handhabung stand, was das Risiko von Leckagen oder Br\u00fcchen w\u00e4hrend des Transports minimiert. Zudem erm\u00f6glicht ihre <strong>Transparenz eine schnelle Identifizierung des Inhalts<\/strong>, ein echter Vorteil f\u00fcr Sortierung, Kontrolle und die Einhaltung von Hygiene- und Sicherheitsvorschriften.  <\/p>\n<p data-start=\"984\" data-end=\"1246\">Diese <strong>S\u00e4cke<\/strong> eignen sich hervorragend f\u00fcr <strong>Lagerhallen, Gro\u00dfk\u00fcchen, Werkst\u00e4tten, Gesundheitseinrichtungen oder Veranstaltungen<\/strong>, die eine klare Abfallentsorgung erfordern. Sie lassen sich leicht in gro\u00dfe Halterungen einsetzen und einfach verschlie\u00dfen, sobald sie voll sind. <\/p>\n<p data-start=\"1248\" data-end=\"1481\"><strong data-start=\"1255\" data-end=\"1272\">Im 10er-Pack<\/strong> verkauft, decken sie sowohl gelegentlichen Bedarf als auch regelm\u00e4\u00dfige Nutzung ab, ohne den Lagerplatz zu \u00fcberlasten. Dies ist ein praktisches Format, um den Bestand unter Kontrolle zu halten und gleichzeitig f\u00fcr gro\u00dfe Mengen ger\u00fcstet zu sein. <\/p>\n<p data-start=\"1483\" data-end=\"1681\">Zusammenfassend vereinen diese <strong>transparenten 160-Liter-M\u00fclls\u00e4cke<\/strong> Robustheit, Transparenz und gro\u00dfes Fassungsverm\u00f6gen. Sie erleichtern die Abfallentsorgung und passen sich gleichzeitig den Anforderungen professioneller Umgebungen an. <\/p>\n<p data-start=\"1483\" data-end=\"1681\">\n<p data-start=\"1483\" data-end=\"1681\"><!--more--><\/p>\n<h4 data-start=\"1483\" data-end=\"1681\">Vorteile :<\/h4>\n<ul>\n<li data-start=\"1709\" data-end=\"1743\">Gro\u00dfes Fassungsverm\u00f6gen von <strong>160 Litern<\/strong>.<\/li>\n<li data-start=\"1746\" data-end=\"1789\"><strong>50 \u00b5 St\u00e4rke<\/strong> f\u00fcr gute Rei\u00dffestigkeit.<\/li>\n<li data-start=\"1792\" data-end=\"1841\">Ideale Transparenz f\u00fcr Sortierung und Kontrolle.<\/li>\n<li data-start=\"1844\" data-end=\"1874\">Geeignet f\u00fcr schwere Lasten.<\/li>\n<li data-start=\"1877\" data-end=\"1921\">Professioneller oder gemeinschaftlicher Einsatz.<\/li>\n<li data-start=\"1924\" data-end=\"1948\">Praktisches <strong>10er-Pack<\/strong>.<\/li>\n<\/ul>\n<p>&nbsp;<\/p>\n<p><!--more--><\/p>\n<h4>Weitere Informationen :<\/h4>\n<ul style=\"font-family: Roboto, sans-serif;\">\n<li><strong>Verpackung<\/strong>: 10er-Rolle<\/li>\n<li><strong>Ma\u00dfe<\/strong>: 880 mm x 1050 mm<\/li>\n<li><span style=\"font-weight: bold;\">Volumen: <\/span>160 Liter<\/li>\n<li><strong>St\u00e4rke<\/strong>: 50 \u00b5<\/li>\n<li><strong>Farbe<\/strong>: Transparent<\/li>\n<li><strong>Material<\/strong>: PE HD<\/li>\n<\/ul>\n<p>&nbsp;<\/p>\n<p><!--more--><\/p>\n<p>Dieser 160-Liter-M\u00fcllsack ist in verschiedenen Gr\u00f6\u00dfen erh\u00e4ltlich: <span style=\"color: #d12727;\"><a style=\"color: #d12727;\" href=\"https:\/\/www.csj-emballages.com\/produit\/25-sacs-poubelles-130-litres-noirs-40-%c2%b5\/\">130 Liter (40 \u00b5)<\/a><\/span> \/ <span style=\"color: #d12727;\"><a style=\"color: #d12727;\" href=\"https:\/\/www.csj-emballages.com\/produit\/10-sacs-poubelles-130-litres-noirs-75-%c2%b5\/\">130 Liter (75 \u00b5)<\/a><\/span> \/ <span style=\"color: #d12727;\"><a style=\"color: #d12727;\" href=\"https:\/\/www.csj-emballages.com\/produit\/10-sacs-poubelles-150-litres-noirs-50-%c2%b5\/\">150 Liter (50 \u00b5)<\/a><\/span> \/ <span style=\"color: #d12727;\"><a style=\"color: #d12727;\" href=\"https:\/\/www.csj-emballages.com\/de\/produit\/10-muellsaecke-160-liter-schwarz-55-%c2%b5\/\">160 Liter (55 \u00b5)<\/a> <\/span>\/<span style=\"color: #d12727;\"><a style=\"color: #d12727;\" href=\"https:\/\/www.csj-emballages.com\/de\/categorie-produit\/hygiene-und-pflege\/mullsacke\/\">&#8230;<\/a><\/span><\/p>\n<p>&nbsp;<\/p>\n<p><!--more--><\/p>\n<p><a href=\"https:\/\/www.csj-emballages.com\/de\/categorie-produit\/hygiene-und-pflege\/mullsacke\/\">Sehen Sie sich den Rest unseres Sortiments an M\u00fcllbeuteln an<\/a><\/p>\n","protected":false},"excerpt":{"rendered":"<p>Transparenter M\u00fcllsack Entdecken Sie unseren transparenten M\u00fcllsack 160 Liter 50 \u00b5 im 10er-Pack<\/p>\n","protected":false},"featured_media":263265,"template":"","meta":{"_acf_changed":false},"product_brand":[],"product_cat":[1218,1873],"product_tag":[],"class_list":{"0":"post-18578","1":"product","2":"type-product","3":"status-publish","4":"has-post-thumbnail","6":"product_cat-hygiene-und-pflege","7":"product_cat-mullsacke","9":"first","10":"instock","11":"taxable","12":"shipping-taxable","13":"purchasable","14":"product-type-simple"},"acf":[],"yoast_head":"<!-- This site is optimized with the Yoast SEO Premium plugin v26.6 (Yoast SEO v26.6) - https:\/\/yoast.com\/wordpress\/plugins\/seo\/ -->\n<title>Transparenter M\u00fcllsack 160 Liter 50 \u00b5 im 10er-Pack<\/title>\n<meta name=\"description\" content=\"Transparente M\u00fclls\u00e4cke 160 L, 50 Mikron St\u00e4rke, im 10er-Pack. Robust, praktisch und ideal f\u00fcr die Entsorgung gro\u00dfer Abfallmengen.\" \/>\n<meta name=\"robots\" content=\"index, follow, max-snippet:-1, max-image-preview:large, max-video-preview:-1\" \/>\n<link rel=\"canonical\" href=\"https:\/\/www.csj-emballages.com\/de\/produit\/10-muellsaecke-160-liter-transparent-50-%c2%b5\/\" \/>\n<meta property=\"og:locale\" content=\"de_DE\" \/>\n<meta property=\"og:type\" content=\"article\" \/>\n<meta property=\"og:title\" content=\"Transparenter M\u00fcllsack 160 Liter 50 \u00b5 im 10er-Pack\" \/>\n<meta property=\"og:description\" content=\"Transparente M\u00fclls\u00e4cke 160 L, 50 Mikron St\u00e4rke, im 10er-Pack. Robust, praktisch und ideal f\u00fcr die Entsorgung gro\u00dfer Abfallmengen.\" \/>\n<meta property=\"og:url\" content=\"https:\/\/www.csj-emballages.com\/de\/produit\/10-muellsaecke-160-liter-transparent-50-%c2%b5\/\" \/>\n<meta property=\"og:site_name\" content=\"CSJ Emballages\" \/>\n<meta property=\"article:publisher\" content=\"https:\/\/www.facebook.com\/csjemballages\" \/>\n<meta property=\"article:modified_time\" content=\"2026-04-28T00:11:00+00:00\" \/>\n<meta property=\"og:image\" content=\"https:\/\/www.csj-emballages.com\/wp-content\/uploads\/2024\/03\/10SP16050TRANS.webp\" \/>\n\t<meta property=\"og:image:width\" content=\"800\" \/>\n\t<meta property=\"og:image:height\" content=\"800\" \/>\n\t<meta property=\"og:image:type\" content=\"image\/webp\" \/>\n<meta name=\"twitter:card\" content=\"summary_large_image\" \/>\n<meta name=\"twitter:label1\" content=\"Gesch\u00e4tzte Lesezeit\" \/>\n\t<meta name=\"twitter:data1\" content=\"2 Minuten\" \/>\n<script type=\"application\/ld+json\" class=\"yoast-schema-graph\">{\"@context\":\"https:\/\/schema.org\",\"@graph\":[{\"@type\":\"WebPage\",\"@id\":\"https:\/\/www.csj-emballages.com\/de\/produit\/10-muellsaecke-160-liter-transparent-50-%c2%b5\/\",\"url\":\"https:\/\/www.csj-emballages.com\/de\/produit\/10-muellsaecke-160-liter-transparent-50-%c2%b5\/\",\"name\":\"Transparenter M\u00fcllsack 160 Liter 50 \u00b5 im 10er-Pack\",\"isPartOf\":{\"@id\":\"https:\/\/www.csj-emballages.com\/de\/#website\"},\"primaryImageOfPage\":{\"@id\":\"https:\/\/www.csj-emballages.com\/de\/produit\/10-muellsaecke-160-liter-transparent-50-%c2%b5\/#primaryimage\"},\"image\":{\"@id\":\"https:\/\/www.csj-emballages.com\/de\/produit\/10-muellsaecke-160-liter-transparent-50-%c2%b5\/#primaryimage\"},\"thumbnailUrl\":\"https:\/\/www.csj-emballages.com\/wp-content\/uploads\/2024\/03\/10SP16050TRANS.webp\",\"datePublished\":\"2024-03-01T15:59:28+00:00\",\"dateModified\":\"2026-04-28T00:11:00+00:00\",\"description\":\"Transparente M\u00fclls\u00e4cke 160 L, 50 Mikron St\u00e4rke, im 10er-Pack. Robust, praktisch und ideal f\u00fcr die Entsorgung gro\u00dfer Abfallmengen.\",\"breadcrumb\":{\"@id\":\"https:\/\/www.csj-emballages.com\/de\/produit\/10-muellsaecke-160-liter-transparent-50-%c2%b5\/#breadcrumb\"},\"inLanguage\":\"de\",\"potentialAction\":[{\"@type\":\"ReadAction\",\"target\":[\"https:\/\/www.csj-emballages.com\/de\/produit\/10-muellsaecke-160-liter-transparent-50-%c2%b5\/\"]}]},{\"@type\":\"ImageObject\",\"inLanguage\":\"de\",\"@id\":\"https:\/\/www.csj-emballages.com\/de\/produit\/10-muellsaecke-160-liter-transparent-50-%c2%b5\/#primaryimage\",\"url\":\"https:\/\/www.csj-emballages.com\/wp-content\/uploads\/2024\/03\/10SP16050TRANS.webp\",\"contentUrl\":\"https:\/\/www.csj-emballages.com\/wp-content\/uploads\/2024\/03\/10SP16050TRANS.webp\",\"width\":800,\"height\":800,\"caption\":\"Sac poubelle transparent\"},{\"@type\":\"BreadcrumbList\",\"@id\":\"https:\/\/www.csj-emballages.com\/de\/produit\/10-muellsaecke-160-liter-transparent-50-%c2%b5\/#breadcrumb\",\"itemListElement\":[{\"@type\":\"ListItem\",\"position\":1,\"name\":\"Accueil\",\"item\":\"https:\/\/www.csj-emballages.com\/de\/universum-lebensmittelverpackungen\/\"},{\"@type\":\"ListItem\",\"position\":2,\"name\":\"Shop\",\"item\":\"https:\/\/www.csj-emballages.com\/shop\/\"},{\"@type\":\"ListItem\",\"position\":3,\"name\":\"Transparenter M\u00fcllsack 160 Liter 50 \u00b5 im 10er-Pack\"}]},{\"@type\":\"WebSite\",\"@id\":\"https:\/\/www.csj-emballages.com\/de\/#website\",\"url\":\"https:\/\/www.csj-emballages.com\/de\/\",\"name\":\"CSJ Emballages\",\"description\":\"\",\"publisher\":{\"@id\":\"https:\/\/www.csj-emballages.com\/de\/#organization\"},\"potentialAction\":[{\"@type\":\"SearchAction\",\"target\":{\"@type\":\"EntryPoint\",\"urlTemplate\":\"https:\/\/www.csj-emballages.com\/de\/?s={search_term_string}\"},\"query-input\":{\"@type\":\"PropertyValueSpecification\",\"valueRequired\":true,\"valueName\":\"search_term_string\"}}],\"inLanguage\":\"de\"},{\"@type\":\"Organization\",\"@id\":\"https:\/\/www.csj-emballages.com\/de\/#Organization\/\",\"name\":\"CSJ Emballages\",\"url\":\"https:\/\/www.csj-emballages.com\/de\/\",\"logo\":{\"@type\":\"ImageObject\",\"inLanguage\":\"de\",\"@id\":\"https:\/\/www.csj-emballages.com\/de\/#\/schema\/logo\/image\/\",\"url\":\"https:\/\/www.csj-emballages.com\/wp-content\/uploads\/2023\/10\/logo_csj.webp\",\"contentUrl\":\"https:\/\/www.csj-emballages.com\/wp-content\/uploads\/2023\/10\/logo_csj.webp\",\"width\":250,\"height\":95,\"caption\":\"CSJ Emballages\"},\"image\":{\"@id\":\"https:\/\/www.csj-emballages.com\/de\/#\/schema\/logo\/image\/\"},\"sameAs\":[\"https:\/\/www.facebook.com\/csjemballages\"],\"address\":{\"@type\":\"PostalAddress\",\"streetAddress\":\"ZI La Lechere\",\"addressLocality\":\"Patornay\",\"postalCode\":\"39130\",\"addressCountry\":\"FR\"},\"contactPoint\":[{\"@type\":\"ContactPoint\",\"contactType\":\"Service client\",\"telephone\":\"0384254272\",\"email\":\"contact@csj-emballages.com\"}]}]}<\/script>\n<!-- \/ Yoast SEO Premium plugin. -->","yoast_head_json":{"title":"Transparenter M\u00fcllsack 160 Liter 50 \u00b5 im 10er-Pack","description":"Transparente M\u00fclls\u00e4cke 160 L, 50 Mikron St\u00e4rke, im 10er-Pack. Robust, praktisch und ideal f\u00fcr die Entsorgung gro\u00dfer Abfallmengen.","robots":{"index":"index","follow":"follow","max-snippet":"max-snippet:-1","max-image-preview":"max-image-preview:large","max-video-preview":"max-video-preview:-1"},"canonical":"https:\/\/www.csj-emballages.com\/de\/produit\/10-muellsaecke-160-liter-transparent-50-%c2%b5\/","og_locale":"de_DE","og_type":"article","og_title":"Transparenter M\u00fcllsack 160 Liter 50 \u00b5 im 10er-Pack","og_description":"Transparente M\u00fclls\u00e4cke 160 L, 50 Mikron St\u00e4rke, im 10er-Pack. Robust, praktisch und ideal f\u00fcr die Entsorgung gro\u00dfer Abfallmengen.","og_url":"https:\/\/www.csj-emballages.com\/de\/produit\/10-muellsaecke-160-liter-transparent-50-%c2%b5\/","og_site_name":"CSJ Emballages","article_publisher":"https:\/\/www.facebook.com\/csjemballages","article_modified_time":"2026-04-28T00:11:00+00:00","og_image":[{"width":800,"height":800,"url":"https:\/\/www.csj-emballages.com\/wp-content\/uploads\/2024\/03\/10SP16050TRANS.webp","type":"image\/webp"}],"twitter_card":"summary_large_image","twitter_misc":{"Gesch\u00e4tzte Lesezeit":"2 Minuten"},"schema":{"@context":"https:\/\/schema.org","@graph":[{"@type":"WebPage","@id":"https:\/\/www.csj-emballages.com\/de\/produit\/10-muellsaecke-160-liter-transparent-50-%c2%b5\/","url":"https:\/\/www.csj-emballages.com\/de\/produit\/10-muellsaecke-160-liter-transparent-50-%c2%b5\/","name":"Transparenter M\u00fcllsack 160 Liter 50 \u00b5 im 10er-Pack","isPartOf":{"@id":"https:\/\/www.csj-emballages.com\/de\/#website"},"primaryImageOfPage":{"@id":"https:\/\/www.csj-emballages.com\/de\/produit\/10-muellsaecke-160-liter-transparent-50-%c2%b5\/#primaryimage"},"image":{"@id":"https:\/\/www.csj-emballages.com\/de\/produit\/10-muellsaecke-160-liter-transparent-50-%c2%b5\/#primaryimage"},"thumbnailUrl":"https:\/\/www.csj-emballages.com\/wp-content\/uploads\/2024\/03\/10SP16050TRANS.webp","datePublished":"2024-03-01T15:59:28+00:00","dateModified":"2026-04-28T00:11:00+00:00","description":"Transparente M\u00fclls\u00e4cke 160 L, 50 Mikron St\u00e4rke, im 10er-Pack. Robust, praktisch und ideal f\u00fcr die Entsorgung gro\u00dfer Abfallmengen.","breadcrumb":{"@id":"https:\/\/www.csj-emballages.com\/de\/produit\/10-muellsaecke-160-liter-transparent-50-%c2%b5\/#breadcrumb"},"inLanguage":"de","potentialAction":[{"@type":"ReadAction","target":["https:\/\/www.csj-emballages.com\/de\/produit\/10-muellsaecke-160-liter-transparent-50-%c2%b5\/"]}]},{"@type":"ImageObject","inLanguage":"de","@id":"https:\/\/www.csj-emballages.com\/de\/produit\/10-muellsaecke-160-liter-transparent-50-%c2%b5\/#primaryimage","url":"https:\/\/www.csj-emballages.com\/wp-content\/uploads\/2024\/03\/10SP16050TRANS.webp","contentUrl":"https:\/\/www.csj-emballages.com\/wp-content\/uploads\/2024\/03\/10SP16050TRANS.webp","width":800,"height":800,"caption":"Sac poubelle transparent"},{"@type":"BreadcrumbList","@id":"https:\/\/www.csj-emballages.com\/de\/produit\/10-muellsaecke-160-liter-transparent-50-%c2%b5\/#breadcrumb","itemListElement":[{"@type":"ListItem","position":1,"name":"Accueil","item":"https:\/\/www.csj-emballages.com\/de\/universum-lebensmittelverpackungen\/"},{"@type":"ListItem","position":2,"name":"Shop","item":"https:\/\/www.csj-emballages.com\/shop\/"},{"@type":"ListItem","position":3,"name":"Transparenter M\u00fcllsack 160 Liter 50 \u00b5 im 10er-Pack"}]},{"@type":"WebSite","@id":"https:\/\/www.csj-emballages.com\/de\/#website","url":"https:\/\/www.csj-emballages.com\/de\/","name":"CSJ Emballages","description":"","publisher":{"@id":"https:\/\/www.csj-emballages.com\/de\/#organization"},"potentialAction":[{"@type":"SearchAction","target":{"@type":"EntryPoint","urlTemplate":"https:\/\/www.csj-emballages.com\/de\/?s={search_term_string}"},"query-input":{"@type":"PropertyValueSpecification","valueRequired":true,"valueName":"search_term_string"}}],"inLanguage":"de"},{"@type":"Organization","@id":"https:\/\/www.csj-emballages.com\/de\/#Organization\/","name":"CSJ Emballages","url":"https:\/\/www.csj-emballages.com\/de\/","logo":{"@type":"ImageObject","inLanguage":"de","@id":"https:\/\/www.csj-emballages.com\/de\/#\/schema\/logo\/image\/","url":"https:\/\/www.csj-emballages.com\/wp-content\/uploads\/2023\/10\/logo_csj.webp","contentUrl":"https:\/\/www.csj-emballages.com\/wp-content\/uploads\/2023\/10\/logo_csj.webp","width":250,"height":95,"caption":"CSJ Emballages"},"image":{"@id":"https:\/\/www.csj-emballages.com\/de\/#\/schema\/logo\/image\/"},"sameAs":["https:\/\/www.facebook.com\/csjemballages"],"address":{"@type":"PostalAddress","streetAddress":"ZI La Lechere","addressLocality":"Patornay","postalCode":"39130","addressCountry":"FR"},"contactPoint":[{"@type":"ContactPoint","contactType":"Service client","telephone":"0384254272","email":"contact@csj-emballages.com"}]}]}},"df_price":3.64,"df_sale_price":"","df_regular_price":3.64,"df_image_link":"https:\/\/www.csj-emballages.com\/wp-content\/uploads\/2024\/03\/10SP16050TRANS-300x300.webp","tiered_pricing_type":"fixed","tiered_pricing_fixed_rules":[],"tiered_pricing_percentage_rules":[],"tiered_pricing_minimum":1,"tiered_pricing_roles_data":[],"_links":{"self":[{"href":"https:\/\/www.csj-emballages.com\/de\/wp-json\/wp\/v2\/product\/18578","targetHints":{"allow":["GET"]}}],"collection":[{"href":"https:\/\/www.csj-emballages.com\/de\/wp-json\/wp\/v2\/product"}],"about":[{"href":"https:\/\/www.csj-emballages.com\/de\/wp-json\/wp\/v2\/types\/product"}],"wp:featuredmedia":[{"embeddable":true,"href":"https:\/\/www.csj-emballages.com\/de\/wp-json\/wp\/v2\/media\/263265"}],"wp:attachment":[{"href":"https:\/\/www.csj-emballages.com\/de\/wp-json\/wp\/v2\/media?parent=18578"}],"wp:term":[{"taxonomy":"product_brand","embeddable":true,"href":"https:\/\/www.csj-emballages.com\/de\/wp-json\/wp\/v2\/product_brand?post=18578"},{"taxonomy":"product_cat","embeddable":true,"href":"https:\/\/www.csj-emballages.com\/de\/wp-json\/wp\/v2\/product_cat?post=18578"},{"taxonomy":"product_tag","embeddable":true,"href":"https:\/\/www.csj-emballages.com\/de\/wp-json\/wp\/v2\/product_tag?post=18578"}],"curies":[{"name":"wp","href":"https:\/\/api.w.org\/{rel}","templated":true}]}}