{"id":18574,"date":"2024-03-01T16:59:29","date_gmt":"2024-03-01T15:59:29","guid":{"rendered":"https:\/\/u15jnbdpoq.preview.infomaniak.website\/produit\/piment-despelette-marinade-5-kg\/"},"modified":"2026-03-12T16:03:30","modified_gmt":"2026-03-12T15:03:30","slug":"piment-despelette-marinade-5-kg","status":"publish","type":"product","link":"https:\/\/www.csj-emballages.com\/de\/produit\/piment-despelette-marinade-5-kg\/","title":{"rendered":"Marinade Piment Espelette 5 kg"},"content":{"rendered":"<h2 class=\"p1\">Marinade mit Piment Espelette<\/h2>\n<hr>\n<h3>Beschreibung von unserer Marinade Piment Espelette 5 kg<\/h3>\n<p><!--more--><\/p>\n<p>Entdecken Sie unsere <strong>Marinade mit Piment Espelette 5 kg<\/strong>, eine wahre Ode an die Aromen des Baskenlandes. Diese handwerklich hergestellte Marinade wurde entwickelt, um Ihre Fleisch- und Fischgerichte mit einer unvergleichlichen Geschmacksintensit\u00e4t zu bereichern. Ihr feines Gleichgewicht zwischen der Sch\u00e4rfe der Chilischoten und der S\u00fc\u00dfe der Gew\u00fcrze macht sie zur perfekten Wahl f\u00fcr all Ihre kulinarischen Kreationen, egal ob es sich um sommerliche Grillgerichte oder w\u00e4rmende Schmorgerichte im Winter handelt.  <\/p>\n<p>Diese Marinade eignet sich perfekt, um Ihren Mahlzeiten einen authentischen baskischen Touch zu verleihen, und wird jeden Gaumen fesseln, von Liebhabern der traditionellen K\u00fcche bis hin zu Liebhabern neuer Geschmackserlebnisse.<\/p>\n<p>Sie verk\u00f6rpert nicht nur handwerkliche Qualit\u00e4t, sondern auch die Achtung der kulinarischen Traditionen, ohne Kompromisse bei der Frische und Reinheit der Zutaten. G\u00f6nnen Sie sich ein einzigartiges kulinarisches Erlebnis mit unserer Piment Espelette Marinade 5 kg! <\/p>\n<p>&nbsp;<\/p>\n<p><!--more--><\/p>\n<h4><strong>Seine Vorteile :<\/strong><\/h4>\n<ul>\n<li><strong>Handwerkliche Qualit\u00e4t<\/strong>: Unsere Marinade wird aus frischen und nat\u00fcrlichen Zutaten hergestellt und nach handwerklichen Methoden verarbeitet.<\/li>\n<li><strong>Kulinarische Vielseitigkeit<\/strong>: Ideal zum Marinieren von Fleisch und Fisch.<\/li>\n<li><strong>Einzigartiges Geschmackserlebnis<\/strong>: Erm\u00f6glicht die Kreation von Gerichten, an die man sich erinnert, indem der Geschmack verbessert wird.<\/li>\n<\/ul>\n<p>&nbsp;<\/p>\n<p><!--more--><\/p>\n<h4>Weitere Informationen :<\/h4>\n<ul>\n<li><strong>Verpackung<\/strong>: 5kg Eimer<\/li>\n<\/ul>\n<p>&nbsp;<\/p>\n<p>&nbsp;<\/p>\n<p><!--more--><\/p>\n<p>Sehen Sie sich hier das Gew\u00fcrz an <span style=\"color: #d12727;\"><a style=\"color: #d12727;\" href=\"https:\/\/www.csj-emballages.com\/es\/produit\/pimienta-de-espelette-1-kg\/\">Espelette-Chili<\/a><\/span><\/p>\n<p>&nbsp;<\/p>\n<p><!--more--><\/p>\n<p>Finden Sie ihn auch als zusammengesetztes Gew\u00fcrz : <span style=\"color: #d12727;\"><a style=\"color: #d12727;\" href=\"https:\/\/www.csj-emballages.com\/es\/produit\/guindilla-de-espelette-especias-para-salchichas-2-kg\/\">Gew\u00fcrz Wurst Piment d&#8217;Espelette<\/a><\/span><\/p>\n<p>&nbsp;<\/p>\n<p><!--more--><\/p>\n<p><a href=\"https:\/\/www.csj-emballages.com\/categorie-produit\/alimentation\/marinades\/?_gl=1*ay0n9m*_up*MQ..*_ga*MzI4Nzg5ODY2LjE3MjExMjAzMDk.*_ga_YNVJLRSSZT*MTcyMTEzMjE1OC4yLjAuMTcyMTEzMjU1NS4wLjAuMTUzOTA0OTcxMw..\">Sehen Sie sich den Rest unseres Marinadensortiments an<\/a><\/p>\n","protected":false},"excerpt":{"rendered":"<p>Marinade mit Piment Espelette Beschreibung von unserer Marinade Piment Espelette 5 kg<\/p>\n","protected":false},"featured_media":238996,"template":"","meta":{"_acf_changed":false},"product_brand":[],"product_cat":[1137,1144,1867],"product_tag":[],"class_list":{"0":"post-18574","1":"product","2":"type-product","3":"status-publish","4":"has-post-thumbnail","6":"product_cat-lebensmittelverpackungen","7":"product_cat-lebensmittel","8":"product_cat-marinaden","10":"first","11":"onbackorder","12":"taxable","13":"shipping-taxable","14":"purchasable","15":"product-type-simple"},"acf":[],"yoast_head":"<!-- This site is optimized with the Yoast SEO Premium plugin v26.6 (Yoast SEO v26.6) - https:\/\/yoast.com\/wordpress\/plugins\/seo\/ -->\n<title>Marinade Piment Espelette 5 kg<\/title>\n<meta name=\"description\" content=\"Entdecken Sie unsere Marinade Piment Espelette 5 kg, eine perfekte Kombination aus Sch\u00e4rfe und S\u00fc\u00dfe, ideal f\u00fcr die Verfeinerung von Fleisch und Fisch!\" \/>\n<meta name=\"robots\" content=\"index, follow, max-snippet:-1, max-image-preview:large, max-video-preview:-1\" \/>\n<link rel=\"canonical\" href=\"https:\/\/www.csj-emballages.com\/de\/produit\/piment-despelette-marinade-5-kg\/\" \/>\n<meta property=\"og:locale\" content=\"de_DE\" \/>\n<meta property=\"og:type\" content=\"article\" \/>\n<meta property=\"og:title\" content=\"Marinade Piment Espelette 5 kg\" \/>\n<meta property=\"og:description\" content=\"Entdecken Sie unsere Marinade Piment Espelette 5 kg, eine perfekte Kombination aus Sch\u00e4rfe und S\u00fc\u00dfe, ideal f\u00fcr die Verfeinerung von Fleisch und Fisch!\" \/>\n<meta property=\"og:url\" content=\"https:\/\/www.csj-emballages.com\/de\/produit\/piment-despelette-marinade-5-kg\/\" \/>\n<meta property=\"og:site_name\" content=\"CSJ Emballages\" \/>\n<meta property=\"article:publisher\" content=\"https:\/\/www.facebook.com\/csjemballages\" \/>\n<meta property=\"article:modified_time\" content=\"2026-03-12T15:03:30+00:00\" \/>\n<meta property=\"og:image\" content=\"https:\/\/www.csj-emballages.com\/wp-content\/uploads\/2024\/03\/Marinade-piment-espelette-4.webp\" \/>\n\t<meta property=\"og:image:width\" content=\"800\" \/>\n\t<meta property=\"og:image:height\" content=\"800\" \/>\n\t<meta property=\"og:image:type\" content=\"image\/webp\" \/>\n<meta name=\"twitter:card\" content=\"summary_large_image\" \/>\n<meta name=\"twitter:label1\" content=\"Gesch\u00e4tzte Lesezeit\" \/>\n\t<meta name=\"twitter:data1\" content=\"1\u00a0Minute\" \/>\n<script type=\"application\/ld+json\" class=\"yoast-schema-graph\">{\"@context\":\"https:\/\/schema.org\",\"@graph\":[{\"@type\":\"WebPage\",\"@id\":\"https:\/\/www.csj-emballages.com\/de\/produit\/piment-despelette-marinade-5-kg\/\",\"url\":\"https:\/\/www.csj-emballages.com\/de\/produit\/piment-despelette-marinade-5-kg\/\",\"name\":\"Marinade Piment Espelette 5 kg\",\"isPartOf\":{\"@id\":\"https:\/\/www.csj-emballages.com\/de\/#website\"},\"primaryImageOfPage\":{\"@id\":\"https:\/\/www.csj-emballages.com\/de\/produit\/piment-despelette-marinade-5-kg\/#primaryimage\"},\"image\":{\"@id\":\"https:\/\/www.csj-emballages.com\/de\/produit\/piment-despelette-marinade-5-kg\/#primaryimage\"},\"thumbnailUrl\":\"https:\/\/www.csj-emballages.com\/wp-content\/uploads\/2024\/03\/Marinade-piment-espelette-5.webp\",\"datePublished\":\"2024-03-01T15:59:29+00:00\",\"dateModified\":\"2026-03-12T15:03:30+00:00\",\"description\":\"Entdecken Sie unsere Marinade Piment Espelette 5 kg, eine perfekte Kombination aus Sch\u00e4rfe und S\u00fc\u00dfe, ideal f\u00fcr die Verfeinerung von Fleisch und Fisch!\",\"breadcrumb\":{\"@id\":\"https:\/\/www.csj-emballages.com\/de\/produit\/piment-despelette-marinade-5-kg\/#breadcrumb\"},\"inLanguage\":\"de\",\"potentialAction\":[{\"@type\":\"ReadAction\",\"target\":[\"https:\/\/www.csj-emballages.com\/de\/produit\/piment-despelette-marinade-5-kg\/\"]}]},{\"@type\":\"ImageObject\",\"inLanguage\":\"de\",\"@id\":\"https:\/\/www.csj-emballages.com\/de\/produit\/piment-despelette-marinade-5-kg\/#primaryimage\",\"url\":\"https:\/\/www.csj-emballages.com\/wp-content\/uploads\/2024\/03\/Marinade-piment-espelette-5.webp\",\"contentUrl\":\"https:\/\/www.csj-emballages.com\/wp-content\/uploads\/2024\/03\/Marinade-piment-espelette-5.webp\",\"width\":800,\"height\":800,\"caption\":\"Marinade piment espelette\"},{\"@type\":\"BreadcrumbList\",\"@id\":\"https:\/\/www.csj-emballages.com\/de\/produit\/piment-despelette-marinade-5-kg\/#breadcrumb\",\"itemListElement\":[{\"@type\":\"ListItem\",\"position\":1,\"name\":\"Accueil\",\"item\":\"https:\/\/www.csj-emballages.com\/de\/universum-lebensmittelverpackungen\/\"},{\"@type\":\"ListItem\",\"position\":2,\"name\":\"Shop\",\"item\":\"https:\/\/www.csj-emballages.com\/shop\/\"},{\"@type\":\"ListItem\",\"position\":3,\"name\":\"Marinade Piment Espelette 5 kg\"}]},{\"@type\":\"WebSite\",\"@id\":\"https:\/\/www.csj-emballages.com\/de\/#website\",\"url\":\"https:\/\/www.csj-emballages.com\/de\/\",\"name\":\"CSJ Emballages\",\"description\":\"\",\"publisher\":{\"@id\":\"https:\/\/www.csj-emballages.com\/de\/#organization\"},\"potentialAction\":[{\"@type\":\"SearchAction\",\"target\":{\"@type\":\"EntryPoint\",\"urlTemplate\":\"https:\/\/www.csj-emballages.com\/de\/?s={search_term_string}\"},\"query-input\":{\"@type\":\"PropertyValueSpecification\",\"valueRequired\":true,\"valueName\":\"search_term_string\"}}],\"inLanguage\":\"de\"},{\"@type\":\"Organization\",\"@id\":\"https:\/\/www.csj-emballages.com\/de\/#Organization\/\",\"name\":\"CSJ Emballages\",\"url\":\"https:\/\/www.csj-emballages.com\/de\/\",\"logo\":{\"@type\":\"ImageObject\",\"inLanguage\":\"de\",\"@id\":\"https:\/\/www.csj-emballages.com\/de\/#\/schema\/logo\/image\/\",\"url\":\"https:\/\/www.csj-emballages.com\/wp-content\/uploads\/2023\/10\/logo_csj.webp\",\"contentUrl\":\"https:\/\/www.csj-emballages.com\/wp-content\/uploads\/2023\/10\/logo_csj.webp\",\"width\":250,\"height\":95,\"caption\":\"CSJ Emballages\"},\"image\":{\"@id\":\"https:\/\/www.csj-emballages.com\/de\/#\/schema\/logo\/image\/\"},\"sameAs\":[\"https:\/\/www.facebook.com\/csjemballages\"],\"address\":{\"@type\":\"PostalAddress\",\"streetAddress\":\"ZI La Lechere\",\"addressLocality\":\"Patornay\",\"postalCode\":\"39130\",\"addressCountry\":\"FR\"},\"contactPoint\":[{\"@type\":\"ContactPoint\",\"contactType\":\"Service client\",\"telephone\":\"0384254272\",\"email\":\"contact@csj-emballages.com\"}]}]}<\/script>\n<!-- \/ Yoast SEO Premium plugin. -->","yoast_head_json":{"title":"Marinade Piment Espelette 5 kg","description":"Entdecken Sie unsere Marinade Piment Espelette 5 kg, eine perfekte Kombination aus Sch\u00e4rfe und S\u00fc\u00dfe, ideal f\u00fcr die Verfeinerung von Fleisch und Fisch!","robots":{"index":"index","follow":"follow","max-snippet":"max-snippet:-1","max-image-preview":"max-image-preview:large","max-video-preview":"max-video-preview:-1"},"canonical":"https:\/\/www.csj-emballages.com\/de\/produit\/piment-despelette-marinade-5-kg\/","og_locale":"de_DE","og_type":"article","og_title":"Marinade Piment Espelette 5 kg","og_description":"Entdecken Sie unsere Marinade Piment Espelette 5 kg, eine perfekte Kombination aus Sch\u00e4rfe und S\u00fc\u00dfe, ideal f\u00fcr die Verfeinerung von Fleisch und Fisch!","og_url":"https:\/\/www.csj-emballages.com\/de\/produit\/piment-despelette-marinade-5-kg\/","og_site_name":"CSJ Emballages","article_publisher":"https:\/\/www.facebook.com\/csjemballages","article_modified_time":"2026-03-12T15:03:30+00:00","og_image":[{"width":800,"height":800,"url":"https:\/\/www.csj-emballages.com\/wp-content\/uploads\/2024\/03\/Marinade-piment-espelette-4.webp","type":"image\/webp"}],"twitter_card":"summary_large_image","twitter_misc":{"Gesch\u00e4tzte Lesezeit":"1\u00a0Minute"},"schema":{"@context":"https:\/\/schema.org","@graph":[{"@type":"WebPage","@id":"https:\/\/www.csj-emballages.com\/de\/produit\/piment-despelette-marinade-5-kg\/","url":"https:\/\/www.csj-emballages.com\/de\/produit\/piment-despelette-marinade-5-kg\/","name":"Marinade Piment Espelette 5 kg","isPartOf":{"@id":"https:\/\/www.csj-emballages.com\/de\/#website"},"primaryImageOfPage":{"@id":"https:\/\/www.csj-emballages.com\/de\/produit\/piment-despelette-marinade-5-kg\/#primaryimage"},"image":{"@id":"https:\/\/www.csj-emballages.com\/de\/produit\/piment-despelette-marinade-5-kg\/#primaryimage"},"thumbnailUrl":"https:\/\/www.csj-emballages.com\/wp-content\/uploads\/2024\/03\/Marinade-piment-espelette-5.webp","datePublished":"2024-03-01T15:59:29+00:00","dateModified":"2026-03-12T15:03:30+00:00","description":"Entdecken Sie unsere Marinade Piment Espelette 5 kg, eine perfekte Kombination aus Sch\u00e4rfe und S\u00fc\u00dfe, ideal f\u00fcr die Verfeinerung von Fleisch und Fisch!","breadcrumb":{"@id":"https:\/\/www.csj-emballages.com\/de\/produit\/piment-despelette-marinade-5-kg\/#breadcrumb"},"inLanguage":"de","potentialAction":[{"@type":"ReadAction","target":["https:\/\/www.csj-emballages.com\/de\/produit\/piment-despelette-marinade-5-kg\/"]}]},{"@type":"ImageObject","inLanguage":"de","@id":"https:\/\/www.csj-emballages.com\/de\/produit\/piment-despelette-marinade-5-kg\/#primaryimage","url":"https:\/\/www.csj-emballages.com\/wp-content\/uploads\/2024\/03\/Marinade-piment-espelette-5.webp","contentUrl":"https:\/\/www.csj-emballages.com\/wp-content\/uploads\/2024\/03\/Marinade-piment-espelette-5.webp","width":800,"height":800,"caption":"Marinade piment espelette"},{"@type":"BreadcrumbList","@id":"https:\/\/www.csj-emballages.com\/de\/produit\/piment-despelette-marinade-5-kg\/#breadcrumb","itemListElement":[{"@type":"ListItem","position":1,"name":"Accueil","item":"https:\/\/www.csj-emballages.com\/de\/universum-lebensmittelverpackungen\/"},{"@type":"ListItem","position":2,"name":"Shop","item":"https:\/\/www.csj-emballages.com\/shop\/"},{"@type":"ListItem","position":3,"name":"Marinade Piment Espelette 5 kg"}]},{"@type":"WebSite","@id":"https:\/\/www.csj-emballages.com\/de\/#website","url":"https:\/\/www.csj-emballages.com\/de\/","name":"CSJ Emballages","description":"","publisher":{"@id":"https:\/\/www.csj-emballages.com\/de\/#organization"},"potentialAction":[{"@type":"SearchAction","target":{"@type":"EntryPoint","urlTemplate":"https:\/\/www.csj-emballages.com\/de\/?s={search_term_string}"},"query-input":{"@type":"PropertyValueSpecification","valueRequired":true,"valueName":"search_term_string"}}],"inLanguage":"de"},{"@type":"Organization","@id":"https:\/\/www.csj-emballages.com\/de\/#Organization\/","name":"CSJ Emballages","url":"https:\/\/www.csj-emballages.com\/de\/","logo":{"@type":"ImageObject","inLanguage":"de","@id":"https:\/\/www.csj-emballages.com\/de\/#\/schema\/logo\/image\/","url":"https:\/\/www.csj-emballages.com\/wp-content\/uploads\/2023\/10\/logo_csj.webp","contentUrl":"https:\/\/www.csj-emballages.com\/wp-content\/uploads\/2023\/10\/logo_csj.webp","width":250,"height":95,"caption":"CSJ Emballages"},"image":{"@id":"https:\/\/www.csj-emballages.com\/de\/#\/schema\/logo\/image\/"},"sameAs":["https:\/\/www.facebook.com\/csjemballages"],"address":{"@type":"PostalAddress","streetAddress":"ZI La Lechere","addressLocality":"Patornay","postalCode":"39130","addressCountry":"FR"},"contactPoint":[{"@type":"ContactPoint","contactType":"Service client","telephone":"0384254272","email":"contact@csj-emballages.com"}]}]}},"df_price":72.62,"df_sale_price":"","df_regular_price":72.62,"df_image_link":"https:\/\/www.csj-emballages.com\/wp-content\/uploads\/2024\/03\/Marinade-piment-espelette-5-300x300.webp","tiered_pricing_type":"fixed","tiered_pricing_fixed_rules":[],"tiered_pricing_percentage_rules":[],"tiered_pricing_minimum":1,"tiered_pricing_roles_data":[],"_links":{"self":[{"href":"https:\/\/www.csj-emballages.com\/de\/wp-json\/wp\/v2\/product\/18574","targetHints":{"allow":["GET"]}}],"collection":[{"href":"https:\/\/www.csj-emballages.com\/de\/wp-json\/wp\/v2\/product"}],"about":[{"href":"https:\/\/www.csj-emballages.com\/de\/wp-json\/wp\/v2\/types\/product"}],"wp:featuredmedia":[{"embeddable":true,"href":"https:\/\/www.csj-emballages.com\/de\/wp-json\/wp\/v2\/media\/238996"}],"wp:attachment":[{"href":"https:\/\/www.csj-emballages.com\/de\/wp-json\/wp\/v2\/media?parent=18574"}],"wp:term":[{"taxonomy":"product_brand","embeddable":true,"href":"https:\/\/www.csj-emballages.com\/de\/wp-json\/wp\/v2\/product_brand?post=18574"},{"taxonomy":"product_cat","embeddable":true,"href":"https:\/\/www.csj-emballages.com\/de\/wp-json\/wp\/v2\/product_cat?post=18574"},{"taxonomy":"product_tag","embeddable":true,"href":"https:\/\/www.csj-emballages.com\/de\/wp-json\/wp\/v2\/product_tag?post=18574"}],"curies":[{"name":"wp","href":"https:\/\/api.w.org\/{rel}","templated":true}]}}