{"id":18571,"date":"2024-03-01T16:59:29","date_gmt":"2024-03-01T15:59:29","guid":{"rendered":"https:\/\/u15jnbdpoq.preview.infomaniak.website\/produit\/getrocknete-petersilie-blaetter-1-kg\/"},"modified":"2026-04-28T02:11:00","modified_gmt":"2026-04-28T00:11:00","slug":"getrocknete-petersilie-blaetter-1-kg","status":"publish","type":"product","link":"https:\/\/www.csj-emballages.com\/de\/produit\/getrocknete-petersilie-blaetter-1-kg\/","title":{"rendered":"Petersilie getrocknete Bl\u00e4tter 1 kg"},"content":{"rendered":"<h2 class=\"p1\">Petersilie<\/h2>\n<hr>\n<h3>Beschreibung von unsere Petersilie getrocknete Bl\u00e4tter 1kg<\/h3>\n<p><!--more--><\/p>\n<p data-start=\"181\" data-end=\"500\"><strong>Petersilie<\/strong> ist das kleine Detail, das auf dem Teller den Unterschied macht. Mit dieser <strong data-start=\"257\" data-end=\"304\">getrockneten Petersilie im 1-kg-Format<\/strong> haben Sie immer eine gebrauchsfertige Prise Frische zur Hand, ohne Waschen oder Schneiden. Einfach dar\u00fcberstreuen, um ein Gericht zu beleben und ihm mehr Charakter zu verleihen.  <\/p>\n<p data-start=\"502\" data-end=\"904\">Dank einer kontrollierten Trocknung behalten die Bl\u00e4tter ihre Farbe, ihr Aroma und ihren pflanzlichen Geschmack. Das Ergebnis: Petersilie, die auch nach dem Kochen aromatisch bleibt. Sie l\u00e4sst sich leicht in eine Vielzahl von Zubereitungen integrieren. Ob zum Verfeinern von <strong>Saucen, zum W\u00fcrzen von Kartoffeln, als Beilage zu Fleisch, Fisch, Gem\u00fcse oder zum Anrichten eines Tellers<\/strong> \u2013 sie findet immer ihren Platz.   <\/p>\n<p data-start=\"906\" data-end=\"1262\">Zudem ist dieses gro\u00dfz\u00fcgige <strong data-start=\"936\" data-end=\"944\">1-kg-Format<\/strong> f\u00fcr Gastronomieprofis, Caterer, Gro\u00dfk\u00fcchen oder K\u00fcchen mit hohem Durchsatz konzipiert. Sie sparen Zeit, reduzieren Abfall und gew\u00e4hrleisten eine perfekte Konsistenz in Ihren Rezepten. Keine welken Bl\u00e4tter, kein unn\u00f6tiger Verlust: nur das Wesentliche, gebrauchsfertig.  <\/p>\n<p data-start=\"1264\" data-end=\"1506\">Dar\u00fcber hinaus ist <strong>getrocknete Petersilie<\/strong> lange haltbar und beh\u00e4lt ihre aromatischen Eigenschaften \u00fcber die Zeit. Sie k\u00f6nnen sie also bedenkenlos t\u00e4glich verwenden. Sie ist ein wahrer Verb\u00fcndeter in der K\u00fcche, sowohl praktisch als auch wirtschaftlich.  <\/p>\n<p data-start=\"1508\" data-end=\"1704\">Zusammenfassend vereint diese <strong>getrocknete Petersilie<\/strong> Einfachheit, Effizienz und Geschmack. Sie verleiht Ihren Gerichten ein gepflegtes Finish und erm\u00f6glicht Ihnen, schneller zu arbeiten, ohne Kompromisse beim Geschmack einzugehen. <\/p>\n<p>&nbsp;<\/p>\n<p><!--more--><\/p>\n<h4>Vorteile :<\/h4>\n<ul>\n<li data-start=\"1732\" data-end=\"1772\">Gebrauchsfertige aromatische Bl\u00e4tter.<\/li>\n<li data-start=\"1775\" data-end=\"1810\">Ausgewogener Geschmack und bewahrtes Aroma.<\/li>\n<li data-start=\"1813\" data-end=\"1859\"><strong>1-kg-Format<\/strong> f\u00fcr den professionellen Einsatz geeignet.<\/li>\n<li data-start=\"1862\" data-end=\"1883\">Lange Haltbarkeit.<\/li>\n<li data-start=\"1886\" data-end=\"1912\">Zeitersparnis in der K\u00fcche.<\/li>\n<li data-start=\"1915\" data-end=\"1938\">Vielseitige Anwendung.<\/li>\n<\/ul>\n<p>&nbsp;<\/p>\n<p><!--more--><\/p>\n<h4>Weitere Informationen :<\/h4>\n<ul>\n<li><strong>Verpackung<\/strong>: Packung mit 1kg<\/li>\n<li><strong>Format<\/strong>: Getrocknete Bl\u00e4tter<\/li>\n<\/ul>\n<p>&nbsp;<\/p>\n<p><!--more--><\/p>\n<p><a href=\"https:\/\/www.csj-emballages.com\/de\/categorie-produit\/lebensmittel\/gewurze\/einfache-gewurze\/\">Sehen Sie sich den Rest unseres Sortiments an einfachen Gew\u00fcrzen an  <\/a><\/p>\n","protected":false},"excerpt":{"rendered":"<p>Petersilie Beschreibung von unsere Petersilie getrocknete Bl\u00e4tter 1kg<\/p>\n","protected":false},"featured_media":261485,"template":"","meta":{"_acf_changed":false},"product_brand":[],"product_cat":[1144,1441,1442],"product_tag":[],"class_list":{"0":"post-18571","1":"product","2":"type-product","3":"status-publish","4":"has-post-thumbnail","6":"product_cat-lebensmittel","7":"product_cat-gewurze","8":"product_cat-einfache-gewurze","10":"first","11":"instock","12":"taxable","13":"shipping-taxable","14":"purchasable","15":"product-type-simple"},"acf":[],"yoast_head":"<!-- This site is optimized with the Yoast SEO Premium plugin v26.6 (Yoast SEO v26.6) - https:\/\/yoast.com\/wordpress\/plugins\/seo\/ -->\n<title>Petersilie Bl\u00e4tter getrocknet 1kg<\/title>\n<meta name=\"description\" content=\"Entdecken Sie getrocknete Petersilie, ein unverzichtbares Gew\u00fcrz, um Ihre Gerichte zu verfeinern. Intensiver Geschmack, lange Haltbarkeit und einfache Anwendung.\" \/>\n<meta name=\"robots\" content=\"index, follow, max-snippet:-1, max-image-preview:large, max-video-preview:-1\" \/>\n<link rel=\"canonical\" href=\"https:\/\/www.csj-emballages.com\/de\/produit\/getrocknete-petersilie-blaetter-1-kg\/\" \/>\n<meta property=\"og:locale\" content=\"de_DE\" \/>\n<meta property=\"og:type\" content=\"article\" \/>\n<meta property=\"og:title\" content=\"Petersilie getrocknete Bl\u00e4tter 1 kg\" \/>\n<meta property=\"og:description\" content=\"Entdecken Sie getrocknete Petersilie, ein unverzichtbares Gew\u00fcrz, um Ihre Gerichte zu verfeinern. Intensiver Geschmack, lange Haltbarkeit und einfache Anwendung.\" \/>\n<meta property=\"og:url\" content=\"https:\/\/www.csj-emballages.com\/de\/produit\/getrocknete-petersilie-blaetter-1-kg\/\" \/>\n<meta property=\"og:site_name\" content=\"CSJ Emballages\" \/>\n<meta property=\"article:publisher\" content=\"https:\/\/www.facebook.com\/csjemballages\" \/>\n<meta property=\"article:modified_time\" content=\"2026-04-28T00:11:00+00:00\" \/>\n<meta property=\"og:image\" content=\"https:\/\/www.csj-emballages.com\/wp-content\/uploads\/2024\/03\/persil.webp\" \/>\n\t<meta property=\"og:image:width\" content=\"800\" \/>\n\t<meta property=\"og:image:height\" content=\"800\" \/>\n\t<meta property=\"og:image:type\" content=\"image\/webp\" \/>\n<meta name=\"twitter:card\" content=\"summary_large_image\" \/>\n<meta name=\"twitter:label1\" content=\"Gesch\u00e4tzte Lesezeit\" \/>\n\t<meta name=\"twitter:data1\" content=\"1\u00a0Minute\" \/>\n<script type=\"application\/ld+json\" class=\"yoast-schema-graph\">{\"@context\":\"https:\/\/schema.org\",\"@graph\":[{\"@type\":\"WebPage\",\"@id\":\"https:\/\/www.csj-emballages.com\/de\/produit\/getrocknete-petersilie-blaetter-1-kg\/\",\"url\":\"https:\/\/www.csj-emballages.com\/de\/produit\/getrocknete-petersilie-blaetter-1-kg\/\",\"name\":\"Petersilie Bl\u00e4tter getrocknet 1kg\",\"isPartOf\":{\"@id\":\"https:\/\/www.csj-emballages.com\/de\/#website\"},\"primaryImageOfPage\":{\"@id\":\"https:\/\/www.csj-emballages.com\/de\/produit\/getrocknete-petersilie-blaetter-1-kg\/#primaryimage\"},\"image\":{\"@id\":\"https:\/\/www.csj-emballages.com\/de\/produit\/getrocknete-petersilie-blaetter-1-kg\/#primaryimage\"},\"thumbnailUrl\":\"https:\/\/www.csj-emballages.com\/wp-content\/uploads\/2024\/03\/persil.webp\",\"datePublished\":\"2024-03-01T15:59:29+00:00\",\"dateModified\":\"2026-04-28T00:11:00+00:00\",\"description\":\"Entdecken Sie getrocknete Petersilie, ein unverzichtbares Gew\u00fcrz, um Ihre Gerichte zu verfeinern. Intensiver Geschmack, lange Haltbarkeit und einfache Anwendung.\",\"breadcrumb\":{\"@id\":\"https:\/\/www.csj-emballages.com\/de\/produit\/getrocknete-petersilie-blaetter-1-kg\/#breadcrumb\"},\"inLanguage\":\"de\",\"potentialAction\":[{\"@type\":\"ReadAction\",\"target\":[\"https:\/\/www.csj-emballages.com\/de\/produit\/getrocknete-petersilie-blaetter-1-kg\/\"]}]},{\"@type\":\"ImageObject\",\"inLanguage\":\"de\",\"@id\":\"https:\/\/www.csj-emballages.com\/de\/produit\/getrocknete-petersilie-blaetter-1-kg\/#primaryimage\",\"url\":\"https:\/\/www.csj-emballages.com\/wp-content\/uploads\/2024\/03\/persil.webp\",\"contentUrl\":\"https:\/\/www.csj-emballages.com\/wp-content\/uploads\/2024\/03\/persil.webp\",\"width\":800,\"height\":800,\"caption\":\"Persil\"},{\"@type\":\"BreadcrumbList\",\"@id\":\"https:\/\/www.csj-emballages.com\/de\/produit\/getrocknete-petersilie-blaetter-1-kg\/#breadcrumb\",\"itemListElement\":[{\"@type\":\"ListItem\",\"position\":1,\"name\":\"Accueil\",\"item\":\"https:\/\/www.csj-emballages.com\/de\/universum-lebensmittelverpackungen\/\"},{\"@type\":\"ListItem\",\"position\":2,\"name\":\"Shop\",\"item\":\"https:\/\/www.csj-emballages.com\/shop\/\"},{\"@type\":\"ListItem\",\"position\":3,\"name\":\"Petersilie getrocknete Bl\u00e4tter 1 kg\"}]},{\"@type\":\"WebSite\",\"@id\":\"https:\/\/www.csj-emballages.com\/de\/#website\",\"url\":\"https:\/\/www.csj-emballages.com\/de\/\",\"name\":\"CSJ Emballages\",\"description\":\"\",\"publisher\":{\"@id\":\"https:\/\/www.csj-emballages.com\/de\/#organization\"},\"potentialAction\":[{\"@type\":\"SearchAction\",\"target\":{\"@type\":\"EntryPoint\",\"urlTemplate\":\"https:\/\/www.csj-emballages.com\/de\/?s={search_term_string}\"},\"query-input\":{\"@type\":\"PropertyValueSpecification\",\"valueRequired\":true,\"valueName\":\"search_term_string\"}}],\"inLanguage\":\"de\"},{\"@type\":\"Organization\",\"@id\":\"https:\/\/www.csj-emballages.com\/de\/#Organization\/\",\"name\":\"CSJ Emballages\",\"url\":\"https:\/\/www.csj-emballages.com\/de\/\",\"logo\":{\"@type\":\"ImageObject\",\"inLanguage\":\"de\",\"@id\":\"https:\/\/www.csj-emballages.com\/de\/#\/schema\/logo\/image\/\",\"url\":\"https:\/\/www.csj-emballages.com\/wp-content\/uploads\/2023\/10\/logo_csj.webp\",\"contentUrl\":\"https:\/\/www.csj-emballages.com\/wp-content\/uploads\/2023\/10\/logo_csj.webp\",\"width\":250,\"height\":95,\"caption\":\"CSJ Emballages\"},\"image\":{\"@id\":\"https:\/\/www.csj-emballages.com\/de\/#\/schema\/logo\/image\/\"},\"sameAs\":[\"https:\/\/www.facebook.com\/csjemballages\"],\"address\":{\"@type\":\"PostalAddress\",\"streetAddress\":\"ZI La Lechere\",\"addressLocality\":\"Patornay\",\"postalCode\":\"39130\",\"addressCountry\":\"FR\"},\"contactPoint\":[{\"@type\":\"ContactPoint\",\"contactType\":\"Service client\",\"telephone\":\"0384254272\",\"email\":\"contact@csj-emballages.com\"}]}]}<\/script>\n<!-- \/ Yoast SEO Premium plugin. -->","yoast_head_json":{"title":"Petersilie Bl\u00e4tter getrocknet 1kg","description":"Entdecken Sie getrocknete Petersilie, ein unverzichtbares Gew\u00fcrz, um Ihre Gerichte zu verfeinern. Intensiver Geschmack, lange Haltbarkeit und einfache Anwendung.","robots":{"index":"index","follow":"follow","max-snippet":"max-snippet:-1","max-image-preview":"max-image-preview:large","max-video-preview":"max-video-preview:-1"},"canonical":"https:\/\/www.csj-emballages.com\/de\/produit\/getrocknete-petersilie-blaetter-1-kg\/","og_locale":"de_DE","og_type":"article","og_title":"Petersilie getrocknete Bl\u00e4tter 1 kg","og_description":"Entdecken Sie getrocknete Petersilie, ein unverzichtbares Gew\u00fcrz, um Ihre Gerichte zu verfeinern. Intensiver Geschmack, lange Haltbarkeit und einfache Anwendung.","og_url":"https:\/\/www.csj-emballages.com\/de\/produit\/getrocknete-petersilie-blaetter-1-kg\/","og_site_name":"CSJ Emballages","article_publisher":"https:\/\/www.facebook.com\/csjemballages","article_modified_time":"2026-04-28T00:11:00+00:00","og_image":[{"width":800,"height":800,"url":"https:\/\/www.csj-emballages.com\/wp-content\/uploads\/2024\/03\/persil.webp","type":"image\/webp"}],"twitter_card":"summary_large_image","twitter_misc":{"Gesch\u00e4tzte Lesezeit":"1\u00a0Minute"},"schema":{"@context":"https:\/\/schema.org","@graph":[{"@type":"WebPage","@id":"https:\/\/www.csj-emballages.com\/de\/produit\/getrocknete-petersilie-blaetter-1-kg\/","url":"https:\/\/www.csj-emballages.com\/de\/produit\/getrocknete-petersilie-blaetter-1-kg\/","name":"Petersilie Bl\u00e4tter getrocknet 1kg","isPartOf":{"@id":"https:\/\/www.csj-emballages.com\/de\/#website"},"primaryImageOfPage":{"@id":"https:\/\/www.csj-emballages.com\/de\/produit\/getrocknete-petersilie-blaetter-1-kg\/#primaryimage"},"image":{"@id":"https:\/\/www.csj-emballages.com\/de\/produit\/getrocknete-petersilie-blaetter-1-kg\/#primaryimage"},"thumbnailUrl":"https:\/\/www.csj-emballages.com\/wp-content\/uploads\/2024\/03\/persil.webp","datePublished":"2024-03-01T15:59:29+00:00","dateModified":"2026-04-28T00:11:00+00:00","description":"Entdecken Sie getrocknete Petersilie, ein unverzichtbares Gew\u00fcrz, um Ihre Gerichte zu verfeinern. Intensiver Geschmack, lange Haltbarkeit und einfache Anwendung.","breadcrumb":{"@id":"https:\/\/www.csj-emballages.com\/de\/produit\/getrocknete-petersilie-blaetter-1-kg\/#breadcrumb"},"inLanguage":"de","potentialAction":[{"@type":"ReadAction","target":["https:\/\/www.csj-emballages.com\/de\/produit\/getrocknete-petersilie-blaetter-1-kg\/"]}]},{"@type":"ImageObject","inLanguage":"de","@id":"https:\/\/www.csj-emballages.com\/de\/produit\/getrocknete-petersilie-blaetter-1-kg\/#primaryimage","url":"https:\/\/www.csj-emballages.com\/wp-content\/uploads\/2024\/03\/persil.webp","contentUrl":"https:\/\/www.csj-emballages.com\/wp-content\/uploads\/2024\/03\/persil.webp","width":800,"height":800,"caption":"Persil"},{"@type":"BreadcrumbList","@id":"https:\/\/www.csj-emballages.com\/de\/produit\/getrocknete-petersilie-blaetter-1-kg\/#breadcrumb","itemListElement":[{"@type":"ListItem","position":1,"name":"Accueil","item":"https:\/\/www.csj-emballages.com\/de\/universum-lebensmittelverpackungen\/"},{"@type":"ListItem","position":2,"name":"Shop","item":"https:\/\/www.csj-emballages.com\/shop\/"},{"@type":"ListItem","position":3,"name":"Petersilie getrocknete Bl\u00e4tter 1 kg"}]},{"@type":"WebSite","@id":"https:\/\/www.csj-emballages.com\/de\/#website","url":"https:\/\/www.csj-emballages.com\/de\/","name":"CSJ Emballages","description":"","publisher":{"@id":"https:\/\/www.csj-emballages.com\/de\/#organization"},"potentialAction":[{"@type":"SearchAction","target":{"@type":"EntryPoint","urlTemplate":"https:\/\/www.csj-emballages.com\/de\/?s={search_term_string}"},"query-input":{"@type":"PropertyValueSpecification","valueRequired":true,"valueName":"search_term_string"}}],"inLanguage":"de"},{"@type":"Organization","@id":"https:\/\/www.csj-emballages.com\/de\/#Organization\/","name":"CSJ Emballages","url":"https:\/\/www.csj-emballages.com\/de\/","logo":{"@type":"ImageObject","inLanguage":"de","@id":"https:\/\/www.csj-emballages.com\/de\/#\/schema\/logo\/image\/","url":"https:\/\/www.csj-emballages.com\/wp-content\/uploads\/2023\/10\/logo_csj.webp","contentUrl":"https:\/\/www.csj-emballages.com\/wp-content\/uploads\/2023\/10\/logo_csj.webp","width":250,"height":95,"caption":"CSJ Emballages"},"image":{"@id":"https:\/\/www.csj-emballages.com\/de\/#\/schema\/logo\/image\/"},"sameAs":["https:\/\/www.facebook.com\/csjemballages"],"address":{"@type":"PostalAddress","streetAddress":"ZI La Lechere","addressLocality":"Patornay","postalCode":"39130","addressCountry":"FR"},"contactPoint":[{"@type":"ContactPoint","contactType":"Service client","telephone":"0384254272","email":"contact@csj-emballages.com"}]}]}},"df_price":16.52,"df_sale_price":"","df_regular_price":16.52,"df_image_link":"https:\/\/www.csj-emballages.com\/wp-content\/uploads\/2024\/03\/persil-300x300.webp","tiered_pricing_type":"fixed","tiered_pricing_fixed_rules":[],"tiered_pricing_percentage_rules":[],"tiered_pricing_minimum":1,"tiered_pricing_roles_data":[],"_links":{"self":[{"href":"https:\/\/www.csj-emballages.com\/de\/wp-json\/wp\/v2\/product\/18571","targetHints":{"allow":["GET"]}}],"collection":[{"href":"https:\/\/www.csj-emballages.com\/de\/wp-json\/wp\/v2\/product"}],"about":[{"href":"https:\/\/www.csj-emballages.com\/de\/wp-json\/wp\/v2\/types\/product"}],"wp:featuredmedia":[{"embeddable":true,"href":"https:\/\/www.csj-emballages.com\/de\/wp-json\/wp\/v2\/media\/261485"}],"wp:attachment":[{"href":"https:\/\/www.csj-emballages.com\/de\/wp-json\/wp\/v2\/media?parent=18571"}],"wp:term":[{"taxonomy":"product_brand","embeddable":true,"href":"https:\/\/www.csj-emballages.com\/de\/wp-json\/wp\/v2\/product_brand?post=18571"},{"taxonomy":"product_cat","embeddable":true,"href":"https:\/\/www.csj-emballages.com\/de\/wp-json\/wp\/v2\/product_cat?post=18571"},{"taxonomy":"product_tag","embeddable":true,"href":"https:\/\/www.csj-emballages.com\/de\/wp-json\/wp\/v2\/product_tag?post=18571"}],"curies":[{"name":"wp","href":"https:\/\/api.w.org\/{rel}","templated":true}]}}