{"id":18566,"date":"2024-03-01T16:59:28","date_gmt":"2024-03-01T15:59:28","guid":{"rendered":"https:\/\/u15jnbdpoq.preview.infomaniak.website\/produit\/10-muellsaecke-160-liter-schwarz-55-%c2%b5\/"},"modified":"2026-04-29T02:10:50","modified_gmt":"2026-04-29T00:10:50","slug":"10-muellsaecke-160-liter-schwarz-55-%c2%b5","status":"publish","type":"product","link":"https:\/\/www.csj-emballages.com\/de\/produit\/10-muellsaecke-160-liter-schwarz-55-%c2%b5\/","title":{"rendered":"M\u00fcllsack 160 Liter, schwarz, 55 \u00b5, 10 St\u00fcck"},"content":{"rendered":"<h2>Transparenter M\u00fcllsack<\/h2>\n<hr>\n<h3>Entdecken Sie unseren M\u00fcllsack 160 Liter, schwarz, 55 \u00b5, im 10er-Pack.<\/h3>\n<p><!--more--><\/p>\n<p data-start=\"191\" data-end=\"548\">Wenn Sie <strong>gro\u00dfe Abfallmengen<\/strong> entsorgen m\u00fcssen, sind diese <strong data-start=\"243\" data-end=\"277\">schwarzen 160-Liter-M\u00fclls\u00e4cke<\/strong> eindeutig die richtige Wahl. Ihr gro\u00dfes Fassungsverm\u00f6gen erm\u00f6glicht das einfache Sammeln von sperrigen oder schweren Abf\u00e4llen, ohne mehrere <strong>S\u00e4cke<\/strong> verwenden zu m\u00fcssen. Ob im professionellen Umfeld oder f\u00fcr intensivere, gelegentliche Anwendungen \u2013 sie vereinfachen den Alltag erheblich.  <\/p>\n<p data-start=\"550\" data-end=\"936\">Mit einer <strong data-start=\"559\" data-end=\"586\">Dicke von 55 Mikron<\/strong> bieten diese S\u00e4cke eine erh\u00f6hte Widerstandsf\u00e4higkeit. Sie bleiben stabil, tragen das Gewicht und minimieren das Risiko von Rissen oder Lecks. Sie k\u00f6nnen daher bedenkenlos verwendet werden, selbst f\u00fcr feuchte oder volumin\u00f6se Abf\u00e4lle. Ihre <strong>schwarze Farbe<\/strong> sorgt zudem f\u00fcr ein sauberes und diskretes Erscheinungsbild, ideal f\u00fcr professionelle Umgebungen.   <\/p>\n<p data-start=\"938\" data-end=\"1275\">Diese <strong>S\u00e4cke<\/strong> eignen sich hervorragend f\u00fcr Restaurants, Gemeinden, Werkst\u00e4tten, Lagerhallen oder Baustellen. Sie passen in gro\u00dfe Beh\u00e4lter und erleichtern die Abfallsortierung und -entsorgung, wodurch Sie Zeit sparen. Zudem ist ihre Anbringung einfach und schnell, was besonders bei h\u00e4ufigem Wechsel von Vorteil ist.  <\/p>\n<p data-start=\"1277\" data-end=\"1447\"><strong data-start=\"1284\" data-end=\"1301\">Im 10er-Pack<\/strong> verkauft, bieten sie eine praktische L\u00f6sung, ohne den Lagerplatz zu \u00fcberlasten. Dies ist der ideale Kompromiss zwischen Robustheit, Fassungsverm\u00f6gen und Bestandsmanagement. <\/p>\n<p data-start=\"1449\" data-end=\"1674\">Zusammenfassend sind diese <strong>160-Liter-M\u00fclls\u00e4cke<\/strong> f\u00fcr anspruchsvolle Situationen konzipiert. Stabil, ger\u00e4umig und zuverl\u00e4ssig erf\u00fcllen sie die Anforderungen von Profis, die eine effiziente L\u00f6sung f\u00fcr die Abfallentsorgung suchen. <\/p>\n<p data-start=\"1449\" data-end=\"1674\">\n<p data-start=\"1483\" data-end=\"1681\"><!--more--><\/p>\n<h4 data-start=\"1483\" data-end=\"1681\">Vorteile :<\/h4>\n<ul>\n<li data-start=\"1702\" data-end=\"1734\">Gro\u00dfes Fassungsverm\u00f6gen von <strong>160 Litern<\/strong>.<\/li>\n<li data-start=\"1737\" data-end=\"1784\"><strong>Dicke 55 \u00b5<\/strong> f\u00fcr erh\u00f6hte Widerstandsf\u00e4higkeit.<\/li>\n<li data-start=\"1787\" data-end=\"1830\">Geeignet f\u00fcr schwere und volumin\u00f6se Abf\u00e4lle.<\/li>\n<li data-start=\"1833\" data-end=\"1878\">Schwarz, diskret und professionell.<\/li>\n<li data-start=\"1881\" data-end=\"1912\">Einfache und schnelle Anwendung.<\/li>\n<li data-start=\"1915\" data-end=\"1939\">Praktisches <strong>10er-Pack<\/strong>.<\/li>\n<\/ul>\n<p>&nbsp;<\/p>\n<p><!--more--><\/p>\n<h4>Weitere Informationen :<\/h4>\n<ul style=\"font-family: Roboto, sans-serif;\">\n<li><strong>Verpackung<\/strong>: 10er-Rolle<\/li>\n<li><strong>Ma\u00dfe<\/strong>: 900 mm x 1100 mm<\/li>\n<li><span style=\"font-weight: bold;\">Volumen: <\/span>160 Liter<\/li>\n<li><strong>St\u00e4rke<\/strong>: 55 \u00b5<\/li>\n<li><strong>Farbe<\/strong>: Schwarz<\/li>\n<li><strong>Material<\/strong>: PE HD<\/li>\n<\/ul>\n<p>&nbsp;<\/p>\n<p><!--more--><\/p>\n<p>Dieser 160-Liter-M\u00fcllsack ist in verschiedenen Gr\u00f6\u00dfen erh\u00e4ltlich: <span style=\"color: #d12727;\"><a style=\"color: #d12727;\" href=\"https:\/\/www.csj-emballages.com\/produit\/25-sacs-poubelles-130-litres-noirs-40-%c2%b5\/\">130 Liter (40 \u00b5)<\/a><\/span> \/ <span style=\"color: #d12727;\"><a style=\"color: #d12727;\" href=\"https:\/\/www.csj-emballages.com\/produit\/10-sacs-poubelles-130-litres-noirs-75-%c2%b5\/\">130 Liter (75 \u00b5)<\/a><\/span> \/ <span style=\"color: #d12727;\"><a style=\"color: #d12727;\" href=\"https:\/\/www.csj-emballages.com\/produit\/10-sacs-poubelles-150-litres-noirs-50-%c2%b5\/\">150 Liter (50 \u00b5)<\/a><\/span> \/ <span style=\"color: #d12727;\"><a style=\"color: #d12727;\" href=\"https:\/\/www.csj-emballages.com\/de\/produit\/10-muellsaecke-160-liter-transparent-50-%c2%b5\/\">160 Liter (50 \u00b5)<\/a> <\/span>\/<span style=\"color: #d12727;\"><a style=\"color: #d12727;\" href=\"https:\/\/www.csj-emballages.com\/de\/categorie-produit\/hygiene-und-pflege\/mullsacke\/\">&#8230;<\/a><\/span><\/p>\n<p>&nbsp;<\/p>\n<p><!--more--><\/p>\n<p><a href=\"https:\/\/www.csj-emballages.com\/de\/categorie-produit\/hygiene-und-pflege\/mullsacke\/\">Sehen Sie sich den Rest unseres Sortiments an M\u00fcllbeuteln an<\/a><\/p>\n","protected":false},"excerpt":{"rendered":"<p>Transparenter M\u00fcllsack Entdecken Sie unseren M\u00fcllsack 160 Liter, schwarz, 55 \u00b5, im 10er-Pack.<\/p>\n","protected":false},"featured_media":222413,"template":"","meta":{"_acf_changed":false},"product_brand":[],"product_cat":[1218,1873],"product_tag":[],"class_list":{"0":"post-18566","1":"product","2":"type-product","3":"status-publish","4":"has-post-thumbnail","6":"product_cat-hygiene-und-pflege","7":"product_cat-mullsacke","9":"first","10":"instock","11":"taxable","12":"shipping-taxable","13":"purchasable","14":"product-type-simple"},"acf":[],"yoast_head":"<!-- This site is optimized with the Yoast SEO Premium plugin v26.6 (Yoast SEO v26.6) - https:\/\/yoast.com\/wordpress\/plugins\/seo\/ -->\n<title>M\u00fcllsack 160 Liter, Schwarz, 55 \u00b5, 10 St\u00fcck<\/title>\n<meta name=\"description\" content=\"Schwarzer M\u00fcllsack 160 Liter, 55 Mikron, 10 St\u00fcck. Robust und gro\u00dfvolumig, ideal f\u00fcr die Abfallentsorgung im professionellen Umfeld.\" \/>\n<meta name=\"robots\" content=\"index, follow, max-snippet:-1, max-image-preview:large, max-video-preview:-1\" \/>\n<link rel=\"canonical\" href=\"https:\/\/www.csj-emballages.com\/de\/produit\/10-muellsaecke-160-liter-schwarz-55-%c2%b5\/\" \/>\n<meta property=\"og:locale\" content=\"de_DE\" \/>\n<meta property=\"og:type\" content=\"article\" \/>\n<meta property=\"og:title\" content=\"M\u00fcllsack 160 Liter, schwarz, 55 \u00b5, 10 St\u00fcck\" \/>\n<meta property=\"og:description\" content=\"Schwarzer M\u00fcllsack 160 Liter, 55 Mikron, 10 St\u00fcck. Robust und gro\u00dfvolumig, ideal f\u00fcr die Abfallentsorgung im professionellen Umfeld.\" \/>\n<meta property=\"og:url\" content=\"https:\/\/www.csj-emballages.com\/de\/produit\/10-muellsaecke-160-liter-schwarz-55-%c2%b5\/\" \/>\n<meta property=\"og:site_name\" content=\"CSJ Emballages\" \/>\n<meta property=\"article:publisher\" content=\"https:\/\/www.facebook.com\/csjemballages\" \/>\n<meta property=\"article:modified_time\" content=\"2026-04-29T00:10:50+00:00\" \/>\n<meta property=\"og:image\" content=\"https:\/\/www.csj-emballages.com\/wp-content\/uploads\/2024\/03\/Sac-housse.webp\" \/>\n\t<meta property=\"og:image:width\" content=\"800\" \/>\n\t<meta property=\"og:image:height\" content=\"800\" \/>\n\t<meta property=\"og:image:type\" content=\"image\/webp\" \/>\n<meta name=\"twitter:card\" content=\"summary_large_image\" \/>\n<meta name=\"twitter:label1\" content=\"Gesch\u00e4tzte Lesezeit\" \/>\n\t<meta name=\"twitter:data1\" content=\"2 Minuten\" \/>\n<script type=\"application\/ld+json\" class=\"yoast-schema-graph\">{\"@context\":\"https:\/\/schema.org\",\"@graph\":[{\"@type\":\"WebPage\",\"@id\":\"https:\/\/www.csj-emballages.com\/de\/produit\/10-muellsaecke-160-liter-schwarz-55-%c2%b5\/\",\"url\":\"https:\/\/www.csj-emballages.com\/de\/produit\/10-muellsaecke-160-liter-schwarz-55-%c2%b5\/\",\"name\":\"M\u00fcllsack 160 Liter, Schwarz, 55 \u00b5, 10 St\u00fcck\",\"isPartOf\":{\"@id\":\"https:\/\/www.csj-emballages.com\/de\/#website\"},\"primaryImageOfPage\":{\"@id\":\"https:\/\/www.csj-emballages.com\/de\/produit\/10-muellsaecke-160-liter-schwarz-55-%c2%b5\/#primaryimage\"},\"image\":{\"@id\":\"https:\/\/www.csj-emballages.com\/de\/produit\/10-muellsaecke-160-liter-schwarz-55-%c2%b5\/#primaryimage\"},\"thumbnailUrl\":\"https:\/\/www.csj-emballages.com\/wp-content\/uploads\/2024\/03\/Sac-housse.webp\",\"datePublished\":\"2024-03-01T15:59:28+00:00\",\"dateModified\":\"2026-04-29T00:10:50+00:00\",\"description\":\"Schwarzer M\u00fcllsack 160 Liter, 55 Mikron, 10 St\u00fcck. Robust und gro\u00dfvolumig, ideal f\u00fcr die Abfallentsorgung im professionellen Umfeld.\",\"breadcrumb\":{\"@id\":\"https:\/\/www.csj-emballages.com\/de\/produit\/10-muellsaecke-160-liter-schwarz-55-%c2%b5\/#breadcrumb\"},\"inLanguage\":\"de\",\"potentialAction\":[{\"@type\":\"ReadAction\",\"target\":[\"https:\/\/www.csj-emballages.com\/de\/produit\/10-muellsaecke-160-liter-schwarz-55-%c2%b5\/\"]}]},{\"@type\":\"ImageObject\",\"inLanguage\":\"de\",\"@id\":\"https:\/\/www.csj-emballages.com\/de\/produit\/10-muellsaecke-160-liter-schwarz-55-%c2%b5\/#primaryimage\",\"url\":\"https:\/\/www.csj-emballages.com\/wp-content\/uploads\/2024\/03\/Sac-housse.webp\",\"contentUrl\":\"https:\/\/www.csj-emballages.com\/wp-content\/uploads\/2024\/03\/Sac-housse.webp\",\"width\":800,\"height\":800,\"caption\":\"Sac poubelle\"},{\"@type\":\"BreadcrumbList\",\"@id\":\"https:\/\/www.csj-emballages.com\/de\/produit\/10-muellsaecke-160-liter-schwarz-55-%c2%b5\/#breadcrumb\",\"itemListElement\":[{\"@type\":\"ListItem\",\"position\":1,\"name\":\"Accueil\",\"item\":\"https:\/\/www.csj-emballages.com\/de\/universum-lebensmittelverpackungen\/\"},{\"@type\":\"ListItem\",\"position\":2,\"name\":\"Shop\",\"item\":\"https:\/\/www.csj-emballages.com\/shop\/\"},{\"@type\":\"ListItem\",\"position\":3,\"name\":\"M\u00fcllsack 160 Liter, schwarz, 55 \u00b5, 10 St\u00fcck\"}]},{\"@type\":\"WebSite\",\"@id\":\"https:\/\/www.csj-emballages.com\/de\/#website\",\"url\":\"https:\/\/www.csj-emballages.com\/de\/\",\"name\":\"CSJ Emballages\",\"description\":\"\",\"publisher\":{\"@id\":\"https:\/\/www.csj-emballages.com\/de\/#organization\"},\"potentialAction\":[{\"@type\":\"SearchAction\",\"target\":{\"@type\":\"EntryPoint\",\"urlTemplate\":\"https:\/\/www.csj-emballages.com\/de\/?s={search_term_string}\"},\"query-input\":{\"@type\":\"PropertyValueSpecification\",\"valueRequired\":true,\"valueName\":\"search_term_string\"}}],\"inLanguage\":\"de\"},{\"@type\":\"Organization\",\"@id\":\"https:\/\/www.csj-emballages.com\/de\/#Organization\/\",\"name\":\"CSJ Emballages\",\"url\":\"https:\/\/www.csj-emballages.com\/de\/\",\"logo\":{\"@type\":\"ImageObject\",\"inLanguage\":\"de\",\"@id\":\"https:\/\/www.csj-emballages.com\/de\/#\/schema\/logo\/image\/\",\"url\":\"https:\/\/www.csj-emballages.com\/wp-content\/uploads\/2023\/10\/logo_csj.webp\",\"contentUrl\":\"https:\/\/www.csj-emballages.com\/wp-content\/uploads\/2023\/10\/logo_csj.webp\",\"width\":250,\"height\":95,\"caption\":\"CSJ Emballages\"},\"image\":{\"@id\":\"https:\/\/www.csj-emballages.com\/de\/#\/schema\/logo\/image\/\"},\"sameAs\":[\"https:\/\/www.facebook.com\/csjemballages\"],\"address\":{\"@type\":\"PostalAddress\",\"streetAddress\":\"ZI La Lechere\",\"addressLocality\":\"Patornay\",\"postalCode\":\"39130\",\"addressCountry\":\"FR\"},\"contactPoint\":[{\"@type\":\"ContactPoint\",\"contactType\":\"Service client\",\"telephone\":\"0384254272\",\"email\":\"contact@csj-emballages.com\"}]}]}<\/script>\n<!-- \/ Yoast SEO Premium plugin. -->","yoast_head_json":{"title":"M\u00fcllsack 160 Liter, Schwarz, 55 \u00b5, 10 St\u00fcck","description":"Schwarzer M\u00fcllsack 160 Liter, 55 Mikron, 10 St\u00fcck. Robust und gro\u00dfvolumig, ideal f\u00fcr die Abfallentsorgung im professionellen Umfeld.","robots":{"index":"index","follow":"follow","max-snippet":"max-snippet:-1","max-image-preview":"max-image-preview:large","max-video-preview":"max-video-preview:-1"},"canonical":"https:\/\/www.csj-emballages.com\/de\/produit\/10-muellsaecke-160-liter-schwarz-55-%c2%b5\/","og_locale":"de_DE","og_type":"article","og_title":"M\u00fcllsack 160 Liter, schwarz, 55 \u00b5, 10 St\u00fcck","og_description":"Schwarzer M\u00fcllsack 160 Liter, 55 Mikron, 10 St\u00fcck. Robust und gro\u00dfvolumig, ideal f\u00fcr die Abfallentsorgung im professionellen Umfeld.","og_url":"https:\/\/www.csj-emballages.com\/de\/produit\/10-muellsaecke-160-liter-schwarz-55-%c2%b5\/","og_site_name":"CSJ Emballages","article_publisher":"https:\/\/www.facebook.com\/csjemballages","article_modified_time":"2026-04-29T00:10:50+00:00","og_image":[{"width":800,"height":800,"url":"https:\/\/www.csj-emballages.com\/wp-content\/uploads\/2024\/03\/Sac-housse.webp","type":"image\/webp"}],"twitter_card":"summary_large_image","twitter_misc":{"Gesch\u00e4tzte Lesezeit":"2 Minuten"},"schema":{"@context":"https:\/\/schema.org","@graph":[{"@type":"WebPage","@id":"https:\/\/www.csj-emballages.com\/de\/produit\/10-muellsaecke-160-liter-schwarz-55-%c2%b5\/","url":"https:\/\/www.csj-emballages.com\/de\/produit\/10-muellsaecke-160-liter-schwarz-55-%c2%b5\/","name":"M\u00fcllsack 160 Liter, Schwarz, 55 \u00b5, 10 St\u00fcck","isPartOf":{"@id":"https:\/\/www.csj-emballages.com\/de\/#website"},"primaryImageOfPage":{"@id":"https:\/\/www.csj-emballages.com\/de\/produit\/10-muellsaecke-160-liter-schwarz-55-%c2%b5\/#primaryimage"},"image":{"@id":"https:\/\/www.csj-emballages.com\/de\/produit\/10-muellsaecke-160-liter-schwarz-55-%c2%b5\/#primaryimage"},"thumbnailUrl":"https:\/\/www.csj-emballages.com\/wp-content\/uploads\/2024\/03\/Sac-housse.webp","datePublished":"2024-03-01T15:59:28+00:00","dateModified":"2026-04-29T00:10:50+00:00","description":"Schwarzer M\u00fcllsack 160 Liter, 55 Mikron, 10 St\u00fcck. Robust und gro\u00dfvolumig, ideal f\u00fcr die Abfallentsorgung im professionellen Umfeld.","breadcrumb":{"@id":"https:\/\/www.csj-emballages.com\/de\/produit\/10-muellsaecke-160-liter-schwarz-55-%c2%b5\/#breadcrumb"},"inLanguage":"de","potentialAction":[{"@type":"ReadAction","target":["https:\/\/www.csj-emballages.com\/de\/produit\/10-muellsaecke-160-liter-schwarz-55-%c2%b5\/"]}]},{"@type":"ImageObject","inLanguage":"de","@id":"https:\/\/www.csj-emballages.com\/de\/produit\/10-muellsaecke-160-liter-schwarz-55-%c2%b5\/#primaryimage","url":"https:\/\/www.csj-emballages.com\/wp-content\/uploads\/2024\/03\/Sac-housse.webp","contentUrl":"https:\/\/www.csj-emballages.com\/wp-content\/uploads\/2024\/03\/Sac-housse.webp","width":800,"height":800,"caption":"Sac poubelle"},{"@type":"BreadcrumbList","@id":"https:\/\/www.csj-emballages.com\/de\/produit\/10-muellsaecke-160-liter-schwarz-55-%c2%b5\/#breadcrumb","itemListElement":[{"@type":"ListItem","position":1,"name":"Accueil","item":"https:\/\/www.csj-emballages.com\/de\/universum-lebensmittelverpackungen\/"},{"@type":"ListItem","position":2,"name":"Shop","item":"https:\/\/www.csj-emballages.com\/shop\/"},{"@type":"ListItem","position":3,"name":"M\u00fcllsack 160 Liter, schwarz, 55 \u00b5, 10 St\u00fcck"}]},{"@type":"WebSite","@id":"https:\/\/www.csj-emballages.com\/de\/#website","url":"https:\/\/www.csj-emballages.com\/de\/","name":"CSJ Emballages","description":"","publisher":{"@id":"https:\/\/www.csj-emballages.com\/de\/#organization"},"potentialAction":[{"@type":"SearchAction","target":{"@type":"EntryPoint","urlTemplate":"https:\/\/www.csj-emballages.com\/de\/?s={search_term_string}"},"query-input":{"@type":"PropertyValueSpecification","valueRequired":true,"valueName":"search_term_string"}}],"inLanguage":"de"},{"@type":"Organization","@id":"https:\/\/www.csj-emballages.com\/de\/#Organization\/","name":"CSJ Emballages","url":"https:\/\/www.csj-emballages.com\/de\/","logo":{"@type":"ImageObject","inLanguage":"de","@id":"https:\/\/www.csj-emballages.com\/de\/#\/schema\/logo\/image\/","url":"https:\/\/www.csj-emballages.com\/wp-content\/uploads\/2023\/10\/logo_csj.webp","contentUrl":"https:\/\/www.csj-emballages.com\/wp-content\/uploads\/2023\/10\/logo_csj.webp","width":250,"height":95,"caption":"CSJ Emballages"},"image":{"@id":"https:\/\/www.csj-emballages.com\/de\/#\/schema\/logo\/image\/"},"sameAs":["https:\/\/www.facebook.com\/csjemballages"],"address":{"@type":"PostalAddress","streetAddress":"ZI La Lechere","addressLocality":"Patornay","postalCode":"39130","addressCountry":"FR"},"contactPoint":[{"@type":"ContactPoint","contactType":"Service client","telephone":"0384254272","email":"contact@csj-emballages.com"}]}]}},"df_price":2.65,"df_sale_price":"","df_regular_price":2.65,"df_image_link":"https:\/\/www.csj-emballages.com\/wp-content\/uploads\/2024\/03\/Sac-housse-300x300.webp","tiered_pricing_type":"fixed","tiered_pricing_fixed_rules":[],"tiered_pricing_percentage_rules":[],"tiered_pricing_minimum":1,"tiered_pricing_roles_data":[],"_links":{"self":[{"href":"https:\/\/www.csj-emballages.com\/de\/wp-json\/wp\/v2\/product\/18566","targetHints":{"allow":["GET"]}}],"collection":[{"href":"https:\/\/www.csj-emballages.com\/de\/wp-json\/wp\/v2\/product"}],"about":[{"href":"https:\/\/www.csj-emballages.com\/de\/wp-json\/wp\/v2\/types\/product"}],"wp:featuredmedia":[{"embeddable":true,"href":"https:\/\/www.csj-emballages.com\/de\/wp-json\/wp\/v2\/media\/222413"}],"wp:attachment":[{"href":"https:\/\/www.csj-emballages.com\/de\/wp-json\/wp\/v2\/media?parent=18566"}],"wp:term":[{"taxonomy":"product_brand","embeddable":true,"href":"https:\/\/www.csj-emballages.com\/de\/wp-json\/wp\/v2\/product_brand?post=18566"},{"taxonomy":"product_cat","embeddable":true,"href":"https:\/\/www.csj-emballages.com\/de\/wp-json\/wp\/v2\/product_cat?post=18566"},{"taxonomy":"product_tag","embeddable":true,"href":"https:\/\/www.csj-emballages.com\/de\/wp-json\/wp\/v2\/product_tag?post=18566"}],"curies":[{"name":"wp","href":"https:\/\/api.w.org\/{rel}","templated":true}]}}