{"id":18555,"date":"2024-03-01T16:59:28","date_gmt":"2024-03-01T15:59:28","guid":{"rendered":"https:\/\/u15jnbdpoq.preview.infomaniak.website\/produit\/wiederverwendbare-mojito-glaeser-aus-unzerbrechlichem-luxuskristall-25-cl\/"},"modified":"2026-03-26T02:10:39","modified_gmt":"2026-03-26T01:10:39","slug":"wiederverwendbare-mojito-glaeser-aus-unzerbrechlichem-luxuskristall-25-cl","status":"publish","type":"product","link":"https:\/\/www.csj-emballages.com\/de\/produit\/wiederverwendbare-mojito-glaeser-aus-unzerbrechlichem-luxuskristall-25-cl\/","title":{"rendered":"Wiederverwendbares Mojito-Glas unzerbrechlicher Kristall 25 cl"},"content":{"rendered":"<h2>Mojito-Glas<\/h2>\n<hr>\n<h3>Beschreibung von unserem wiederverwendbaren Mojito-Glas unzerbrechlicher Kristall 25 cl<\/h3>\n<p>Entdecken Sie das <strong>wiederverwendbare Mojito-Glas Kristall 25cl<\/strong>, das perfekte Accessoire f\u00fcr Ihre eleganten Abende. Sein elegantes Kristall-Finish verleiht jedem Anlass einen Hauch von Raffinesse. Das Glas ist aus <strong>bruchsicherem Material<\/strong> gefertigt, das St\u00f6\u00dfe und St\u00fcrze \u00fcbersteht und so eine lange Haltbarkeit garantiert. Verabschieden Sie sich von zerbrochenen Gl\u00e4sern und Unf\u00e4llen bei Ihren festlichen Veranstaltungen. Sein ergonomisches Design sorgt daf\u00fcr, dass er bequem und stabil in der Hand liegt. Dank seines Fassungsverm\u00f6gens von 25 cl ist es ideal, um Ihre Lieblingscocktails zu genie\u00dfen. Das Glas ist <strong>wiederverwendbar und umweltfreundlich<\/strong> und tr\u00e4gt zur Reduzierung von Plastikm\u00fcll bei. Es ist au\u00dferdem <strong>BPA-frei<\/strong>. Es eignet sich perfekt f\u00fcr Partys im Innen- und Au\u00dfenbereich und passt sich jeder Stimmung an. Eine gute Wahl f\u00fcr Liebhaber raffinierter Cocktails und Organisatoren von Partys. Sorgen Sie mit diesem schicken und praktischen Glas bei Ihren G\u00e4sten f\u00fcr Aufsehen. Sein modernes Design passt perfekt zu jeder Tischdekoration.          <\/p>\n<p>Investieren Sie in Qualit\u00e4t und Eleganz mit diesem wiederverwendbaren Kristallglas 25cl.<\/p>\n<h4><strong>Seine Vorteile :<\/strong><\/h4>\n<ul>\n<li><strong>Au\u00dfergew\u00f6hnliche Haltbarkeit: <\/strong>Hergestellt aus <strong>unzerbrechlichem<\/strong> Material, h\u00e4lt das Glas St\u00f6\u00dfen und St\u00fcrzen stand.<\/li>\n<li><strong>Ideales Fassungsverm\u00f6gen<\/strong>: Mit <strong>25 cl<\/strong> ist sie perfekt, um Ihre Lieblingscocktails zu genie\u00dfen.<\/li>\n<li><strong>Umweltfreundlich<\/strong>: Da es <strong>wiederverwendbar<\/strong> ist, tr\u00e4gt es zur Reduzierung von Plastikm\u00fcll bei.<\/li>\n<li><strong>Vielseitigkeit<\/strong>: Geeignet f\u00fcr Innen- und Au\u00dfenveranstaltungen.<\/li>\n<\/ul>\n<p><span style=\"color: #d12727;\"><a style=\"color: #d12727;\" href=\"https:\/\/www.csj-emballages.com\/produit\/verres-mojito-reutilisables-cristals-luxe-incassable-40-cl\/\">Finden Sie dieses Mojito-Glas in 40cl.<\/a><\/span><\/p>\n<p>Erh\u00e4ltlich in verschiedenen Farben : <span style=\"color: #d12727;\"><a style=\"color: #d12727;\" href=\"https:\/\/www.csj-emballages.com\/produit\/verre-mojito-reutilisables-noir-luxe-incassable-25cl\/\">Schwarz<\/a><\/span> \/ <span style=\"color: #d12727;\"><a style=\"color: #d12727;\" href=\"https:\/\/www.csj-emballages.com\/produit\/verre-mojito-reutilisables-blanc-luxe-incassable-25-cl\/\">wei\u00df<\/a><\/span><\/p>\n<p><a href=\"\/?product_cat=vaisselles-reutilisables\">Sehen Sie sich den Rest unseres Sortiments an wiederverwendbarem Geschirr an.<\/a><\/p>\n","protected":false},"excerpt":{"rendered":"<p>Mojito-Glas Beschreibung von unserem wiederverwendbaren Mojito-Glas unzerbrechlicher Kristall 25 cl Entdecken Sie das wiederverwendbare Mojito-Glas Kristall 25cl, das perfekte Accessoire f\u00fcr Ihre eleganten Abende. Sein elegantes Kristall-Finish verleiht jedem Anlass einen Hauch von Raffinesse. Das Glas ist aus bruchsicherem Material gefertigt, das St\u00f6\u00dfe und St\u00fcrze \u00fcbersteht und so eine lange Haltbarkeit garantiert. Verabschieden Sie sich [&hellip;]<\/p>\n","protected":false},"featured_media":197074,"template":"","meta":{"_acf_changed":false},"product_brand":[],"product_cat":[1137,1134,1469,1470,6726],"product_tag":[],"class_list":{"0":"post-18555","1":"product","2":"type-product","3":"status-publish","4":"has-post-thumbnail","6":"product_cat-lebensmittelverpackungen","7":"product_cat-restauration-de","8":"product_cat-becher-glaser-eimer-flaschen","9":"product_cat-unzerbrechliche-wiederverwendbare-glaser-becher","10":"product_cat-wiederverwendbares-geschirr","12":"first","13":"instock","14":"taxable","15":"shipping-taxable","16":"purchasable","17":"product-type-simple"},"acf":[],"yoast_head":"<!-- This site is optimized with the Yoast SEO Premium plugin v26.6 (Yoast SEO v26.6) - https:\/\/yoast.com\/wordpress\/plugins\/seo\/ -->\n<title>Wiederverwendbares Mojito Glas Cristal - 25cl<\/title>\n<meta name=\"description\" content=\"Wiederverwendbares Mojito-Glas Kristall 25cl - Elegant, langlebig und umweltfreundlich. Ideal f\u00fcr jeden Anlass, sto\u00dffest und leicht zu reinigen!\" \/>\n<meta name=\"robots\" content=\"index, follow, max-snippet:-1, max-image-preview:large, max-video-preview:-1\" \/>\n<link rel=\"canonical\" href=\"https:\/\/www.csj-emballages.com\/de\/produit\/wiederverwendbare-mojito-glaeser-aus-unzerbrechlichem-luxuskristall-25-cl\/\" \/>\n<meta property=\"og:locale\" content=\"de_DE\" \/>\n<meta property=\"og:type\" content=\"article\" \/>\n<meta property=\"og:title\" content=\"Wiederverwendbares Mojito-Glas unzerbrechlicher Kristall 25 cl\" \/>\n<meta property=\"og:description\" content=\"Wiederverwendbares Mojito-Glas Kristall 25cl - Elegant, langlebig und umweltfreundlich. Ideal f\u00fcr jeden Anlass, sto\u00dffest und leicht zu reinigen!\" \/>\n<meta property=\"og:url\" content=\"https:\/\/www.csj-emballages.com\/de\/produit\/wiederverwendbare-mojito-glaeser-aus-unzerbrechlichem-luxuskristall-25-cl\/\" \/>\n<meta property=\"og:site_name\" content=\"CSJ Emballages\" \/>\n<meta property=\"article:publisher\" content=\"https:\/\/www.facebook.com\/csjemballages\" \/>\n<meta property=\"article:modified_time\" content=\"2026-03-26T01:10:39+00:00\" \/>\n<meta property=\"og:image\" content=\"https:\/\/www.csj-emballages.com\/wp-content\/uploads\/2024\/03\/Verre-mojito-25cl.webp\" \/>\n\t<meta property=\"og:image:width\" content=\"799\" \/>\n\t<meta property=\"og:image:height\" content=\"799\" \/>\n\t<meta property=\"og:image:type\" content=\"image\/webp\" \/>\n<meta name=\"twitter:card\" content=\"summary_large_image\" \/>\n<meta name=\"twitter:label1\" content=\"Gesch\u00e4tzte Lesezeit\" \/>\n\t<meta name=\"twitter:data1\" content=\"1\u00a0Minute\" \/>\n<script type=\"application\/ld+json\" class=\"yoast-schema-graph\">{\"@context\":\"https:\/\/schema.org\",\"@graph\":[{\"@type\":\"WebPage\",\"@id\":\"https:\/\/www.csj-emballages.com\/de\/produit\/wiederverwendbare-mojito-glaeser-aus-unzerbrechlichem-luxuskristall-25-cl\/\",\"url\":\"https:\/\/www.csj-emballages.com\/de\/produit\/wiederverwendbare-mojito-glaeser-aus-unzerbrechlichem-luxuskristall-25-cl\/\",\"name\":\"Wiederverwendbares Mojito Glas Cristal - 25cl\",\"isPartOf\":{\"@id\":\"https:\/\/www.csj-emballages.com\/de\/#website\"},\"primaryImageOfPage\":{\"@id\":\"https:\/\/www.csj-emballages.com\/de\/produit\/wiederverwendbare-mojito-glaeser-aus-unzerbrechlichem-luxuskristall-25-cl\/#primaryimage\"},\"image\":{\"@id\":\"https:\/\/www.csj-emballages.com\/de\/produit\/wiederverwendbare-mojito-glaeser-aus-unzerbrechlichem-luxuskristall-25-cl\/#primaryimage\"},\"thumbnailUrl\":\"https:\/\/www.csj-emballages.com\/wp-content\/uploads\/2024\/03\/Verre-mojito-25cl.webp\",\"datePublished\":\"2024-03-01T15:59:28+00:00\",\"dateModified\":\"2026-03-26T01:10:39+00:00\",\"description\":\"Wiederverwendbares Mojito-Glas Kristall 25cl - Elegant, langlebig und umweltfreundlich. Ideal f\u00fcr jeden Anlass, sto\u00dffest und leicht zu reinigen!\",\"breadcrumb\":{\"@id\":\"https:\/\/www.csj-emballages.com\/de\/produit\/wiederverwendbare-mojito-glaeser-aus-unzerbrechlichem-luxuskristall-25-cl\/#breadcrumb\"},\"inLanguage\":\"de\",\"potentialAction\":[{\"@type\":\"ReadAction\",\"target\":[\"https:\/\/www.csj-emballages.com\/de\/produit\/wiederverwendbare-mojito-glaeser-aus-unzerbrechlichem-luxuskristall-25-cl\/\"]}]},{\"@type\":\"ImageObject\",\"inLanguage\":\"de\",\"@id\":\"https:\/\/www.csj-emballages.com\/de\/produit\/wiederverwendbare-mojito-glaeser-aus-unzerbrechlichem-luxuskristall-25-cl\/#primaryimage\",\"url\":\"https:\/\/www.csj-emballages.com\/wp-content\/uploads\/2024\/03\/Verre-mojito-25cl.webp\",\"contentUrl\":\"https:\/\/www.csj-emballages.com\/wp-content\/uploads\/2024\/03\/Verre-mojito-25cl.webp\",\"width\":799,\"height\":799,\"caption\":\"verre mojito\"},{\"@type\":\"BreadcrumbList\",\"@id\":\"https:\/\/www.csj-emballages.com\/de\/produit\/wiederverwendbare-mojito-glaeser-aus-unzerbrechlichem-luxuskristall-25-cl\/#breadcrumb\",\"itemListElement\":[{\"@type\":\"ListItem\",\"position\":1,\"name\":\"Accueil\",\"item\":\"https:\/\/www.csj-emballages.com\/de\/universum-lebensmittelverpackungen\/\"},{\"@type\":\"ListItem\",\"position\":2,\"name\":\"Shop\",\"item\":\"https:\/\/www.csj-emballages.com\/shop\/\"},{\"@type\":\"ListItem\",\"position\":3,\"name\":\"Wiederverwendbares Mojito-Glas unzerbrechlicher Kristall 25 cl\"}]},{\"@type\":\"WebSite\",\"@id\":\"https:\/\/www.csj-emballages.com\/de\/#website\",\"url\":\"https:\/\/www.csj-emballages.com\/de\/\",\"name\":\"CSJ Emballages\",\"description\":\"\",\"publisher\":{\"@id\":\"https:\/\/www.csj-emballages.com\/de\/#organization\"},\"potentialAction\":[{\"@type\":\"SearchAction\",\"target\":{\"@type\":\"EntryPoint\",\"urlTemplate\":\"https:\/\/www.csj-emballages.com\/de\/?s={search_term_string}\"},\"query-input\":{\"@type\":\"PropertyValueSpecification\",\"valueRequired\":true,\"valueName\":\"search_term_string\"}}],\"inLanguage\":\"de\"},{\"@type\":\"Organization\",\"@id\":\"https:\/\/www.csj-emballages.com\/de\/#Organization\/\",\"name\":\"CSJ Emballages\",\"url\":\"https:\/\/www.csj-emballages.com\/de\/\",\"logo\":{\"@type\":\"ImageObject\",\"inLanguage\":\"de\",\"@id\":\"https:\/\/www.csj-emballages.com\/de\/#\/schema\/logo\/image\/\",\"url\":\"https:\/\/www.csj-emballages.com\/wp-content\/uploads\/2023\/10\/logo_csj.webp\",\"contentUrl\":\"https:\/\/www.csj-emballages.com\/wp-content\/uploads\/2023\/10\/logo_csj.webp\",\"width\":250,\"height\":95,\"caption\":\"CSJ Emballages\"},\"image\":{\"@id\":\"https:\/\/www.csj-emballages.com\/de\/#\/schema\/logo\/image\/\"},\"sameAs\":[\"https:\/\/www.facebook.com\/csjemballages\"],\"address\":{\"@type\":\"PostalAddress\",\"streetAddress\":\"ZI La Lechere\",\"addressLocality\":\"Patornay\",\"postalCode\":\"39130\",\"addressCountry\":\"FR\"},\"contactPoint\":[{\"@type\":\"ContactPoint\",\"contactType\":\"Service client\",\"telephone\":\"0384254272\",\"email\":\"contact@csj-emballages.com\"}]}]}<\/script>\n<!-- \/ Yoast SEO Premium plugin. -->","yoast_head_json":{"title":"Wiederverwendbares Mojito Glas Cristal - 25cl","description":"Wiederverwendbares Mojito-Glas Kristall 25cl - Elegant, langlebig und umweltfreundlich. Ideal f\u00fcr jeden Anlass, sto\u00dffest und leicht zu reinigen!","robots":{"index":"index","follow":"follow","max-snippet":"max-snippet:-1","max-image-preview":"max-image-preview:large","max-video-preview":"max-video-preview:-1"},"canonical":"https:\/\/www.csj-emballages.com\/de\/produit\/wiederverwendbare-mojito-glaeser-aus-unzerbrechlichem-luxuskristall-25-cl\/","og_locale":"de_DE","og_type":"article","og_title":"Wiederverwendbares Mojito-Glas unzerbrechlicher Kristall 25 cl","og_description":"Wiederverwendbares Mojito-Glas Kristall 25cl - Elegant, langlebig und umweltfreundlich. Ideal f\u00fcr jeden Anlass, sto\u00dffest und leicht zu reinigen!","og_url":"https:\/\/www.csj-emballages.com\/de\/produit\/wiederverwendbare-mojito-glaeser-aus-unzerbrechlichem-luxuskristall-25-cl\/","og_site_name":"CSJ Emballages","article_publisher":"https:\/\/www.facebook.com\/csjemballages","article_modified_time":"2026-03-26T01:10:39+00:00","og_image":[{"width":799,"height":799,"url":"https:\/\/www.csj-emballages.com\/wp-content\/uploads\/2024\/03\/Verre-mojito-25cl.webp","type":"image\/webp"}],"twitter_card":"summary_large_image","twitter_misc":{"Gesch\u00e4tzte Lesezeit":"1\u00a0Minute"},"schema":{"@context":"https:\/\/schema.org","@graph":[{"@type":"WebPage","@id":"https:\/\/www.csj-emballages.com\/de\/produit\/wiederverwendbare-mojito-glaeser-aus-unzerbrechlichem-luxuskristall-25-cl\/","url":"https:\/\/www.csj-emballages.com\/de\/produit\/wiederverwendbare-mojito-glaeser-aus-unzerbrechlichem-luxuskristall-25-cl\/","name":"Wiederverwendbares Mojito Glas Cristal - 25cl","isPartOf":{"@id":"https:\/\/www.csj-emballages.com\/de\/#website"},"primaryImageOfPage":{"@id":"https:\/\/www.csj-emballages.com\/de\/produit\/wiederverwendbare-mojito-glaeser-aus-unzerbrechlichem-luxuskristall-25-cl\/#primaryimage"},"image":{"@id":"https:\/\/www.csj-emballages.com\/de\/produit\/wiederverwendbare-mojito-glaeser-aus-unzerbrechlichem-luxuskristall-25-cl\/#primaryimage"},"thumbnailUrl":"https:\/\/www.csj-emballages.com\/wp-content\/uploads\/2024\/03\/Verre-mojito-25cl.webp","datePublished":"2024-03-01T15:59:28+00:00","dateModified":"2026-03-26T01:10:39+00:00","description":"Wiederverwendbares Mojito-Glas Kristall 25cl - Elegant, langlebig und umweltfreundlich. Ideal f\u00fcr jeden Anlass, sto\u00dffest und leicht zu reinigen!","breadcrumb":{"@id":"https:\/\/www.csj-emballages.com\/de\/produit\/wiederverwendbare-mojito-glaeser-aus-unzerbrechlichem-luxuskristall-25-cl\/#breadcrumb"},"inLanguage":"de","potentialAction":[{"@type":"ReadAction","target":["https:\/\/www.csj-emballages.com\/de\/produit\/wiederverwendbare-mojito-glaeser-aus-unzerbrechlichem-luxuskristall-25-cl\/"]}]},{"@type":"ImageObject","inLanguage":"de","@id":"https:\/\/www.csj-emballages.com\/de\/produit\/wiederverwendbare-mojito-glaeser-aus-unzerbrechlichem-luxuskristall-25-cl\/#primaryimage","url":"https:\/\/www.csj-emballages.com\/wp-content\/uploads\/2024\/03\/Verre-mojito-25cl.webp","contentUrl":"https:\/\/www.csj-emballages.com\/wp-content\/uploads\/2024\/03\/Verre-mojito-25cl.webp","width":799,"height":799,"caption":"verre mojito"},{"@type":"BreadcrumbList","@id":"https:\/\/www.csj-emballages.com\/de\/produit\/wiederverwendbare-mojito-glaeser-aus-unzerbrechlichem-luxuskristall-25-cl\/#breadcrumb","itemListElement":[{"@type":"ListItem","position":1,"name":"Accueil","item":"https:\/\/www.csj-emballages.com\/de\/universum-lebensmittelverpackungen\/"},{"@type":"ListItem","position":2,"name":"Shop","item":"https:\/\/www.csj-emballages.com\/shop\/"},{"@type":"ListItem","position":3,"name":"Wiederverwendbares Mojito-Glas unzerbrechlicher Kristall 25 cl"}]},{"@type":"WebSite","@id":"https:\/\/www.csj-emballages.com\/de\/#website","url":"https:\/\/www.csj-emballages.com\/de\/","name":"CSJ Emballages","description":"","publisher":{"@id":"https:\/\/www.csj-emballages.com\/de\/#organization"},"potentialAction":[{"@type":"SearchAction","target":{"@type":"EntryPoint","urlTemplate":"https:\/\/www.csj-emballages.com\/de\/?s={search_term_string}"},"query-input":{"@type":"PropertyValueSpecification","valueRequired":true,"valueName":"search_term_string"}}],"inLanguage":"de"},{"@type":"Organization","@id":"https:\/\/www.csj-emballages.com\/de\/#Organization\/","name":"CSJ Emballages","url":"https:\/\/www.csj-emballages.com\/de\/","logo":{"@type":"ImageObject","inLanguage":"de","@id":"https:\/\/www.csj-emballages.com\/de\/#\/schema\/logo\/image\/","url":"https:\/\/www.csj-emballages.com\/wp-content\/uploads\/2023\/10\/logo_csj.webp","contentUrl":"https:\/\/www.csj-emballages.com\/wp-content\/uploads\/2023\/10\/logo_csj.webp","width":250,"height":95,"caption":"CSJ Emballages"},"image":{"@id":"https:\/\/www.csj-emballages.com\/de\/#\/schema\/logo\/image\/"},"sameAs":["https:\/\/www.facebook.com\/csjemballages"],"address":{"@type":"PostalAddress","streetAddress":"ZI La Lechere","addressLocality":"Patornay","postalCode":"39130","addressCountry":"FR"},"contactPoint":[{"@type":"ContactPoint","contactType":"Service client","telephone":"0384254272","email":"contact@csj-emballages.com"}]}]}},"df_price":1.44,"df_sale_price":"","df_regular_price":1.44,"df_image_link":"https:\/\/www.csj-emballages.com\/wp-content\/uploads\/2024\/03\/Verre-mojito-25cl-300x300.webp","tiered_pricing_type":"fixed","tiered_pricing_fixed_rules":[],"tiered_pricing_percentage_rules":[],"tiered_pricing_minimum":1,"tiered_pricing_roles_data":[],"_links":{"self":[{"href":"https:\/\/www.csj-emballages.com\/de\/wp-json\/wp\/v2\/product\/18555","targetHints":{"allow":["GET"]}}],"collection":[{"href":"https:\/\/www.csj-emballages.com\/de\/wp-json\/wp\/v2\/product"}],"about":[{"href":"https:\/\/www.csj-emballages.com\/de\/wp-json\/wp\/v2\/types\/product"}],"wp:featuredmedia":[{"embeddable":true,"href":"https:\/\/www.csj-emballages.com\/de\/wp-json\/wp\/v2\/media\/197074"}],"wp:attachment":[{"href":"https:\/\/www.csj-emballages.com\/de\/wp-json\/wp\/v2\/media?parent=18555"}],"wp:term":[{"taxonomy":"product_brand","embeddable":true,"href":"https:\/\/www.csj-emballages.com\/de\/wp-json\/wp\/v2\/product_brand?post=18555"},{"taxonomy":"product_cat","embeddable":true,"href":"https:\/\/www.csj-emballages.com\/de\/wp-json\/wp\/v2\/product_cat?post=18555"},{"taxonomy":"product_tag","embeddable":true,"href":"https:\/\/www.csj-emballages.com\/de\/wp-json\/wp\/v2\/product_tag?post=18555"}],"curies":[{"name":"wp","href":"https:\/\/api.w.org\/{rel}","templated":true}]}}