{"id":18544,"date":"2024-03-01T16:59:31","date_gmt":"2024-03-01T15:59:31","guid":{"rendered":"https:\/\/u15jnbdpoq.preview.infomaniak.website\/produit\/grillmarinade-5-kg\/"},"modified":"2026-04-28T02:10:58","modified_gmt":"2026-04-28T00:10:58","slug":"grillmarinade-5-kg","status":"publish","type":"product","link":"https:\/\/www.csj-emballages.com\/de\/produit\/grillmarinade-5-kg\/","title":{"rendered":"Grillmarinade 5 kg"},"content":{"rendered":"<h2 class=\"p1\">Grillmarinade<\/h2>\n<div style=\"font-family: Roboto, sans-serif;\">\n<div style=\"font-family: Roboto, sans-serif;\">\n<div style=\"font-family: Roboto, sans-serif;\">\n<div style=\"text-align: center;\">\n<div style=\"font-family: Roboto, sans-serif;\">\n<div style=\"font-family: Roboto, sans-serif;\">\n<div style=\"font-family: Roboto, sans-serif;\">\n<div style=\"font-family: Roboto, sans-serif;\">\n<div style=\"font-family: Roboto, sans-serif;\">\n<div style=\"font-family: Roboto, sans-serif; text-align: left;\">\n<hr>\n<h3 style=\"text-align: left;\">Beschreibung von Grillmarinade 5 kg<\/h3>\n<h3 style=\"text-align: left;\"><!--more--><\/h3>\n<p data-start=\"241\" data-end=\"538\">Die <strong>Barbecue-Marinade im 5-kg-Eimer<\/strong> ist eine unverzichtbare Marinade, um Fleisch einen rauchigen und k\u00f6stlichen Geschmack zu verleihen. Inspiriert von traditionellen <strong>Barbecue<\/strong>-Rezepten, vereint sie <strong>s\u00fc\u00df-salzige<\/strong> und leicht w\u00fcrzige Noten, die Gerichte veredeln und ein breites Publikum begeistern. <\/p>\n<p data-start=\"540\" data-end=\"875\">Ihre cremige Textur sorgt f\u00fcr eine hervorragende Haftung am Fleisch, erm\u00f6glicht eine gleichm\u00e4\u00dfige Verteilung der Aromen und ein optimales Eindringen in die Fasern. Sie tr\u00e4gt dazu bei, das Fleisch zart zu machen und ihm beim Garen eine sch\u00f6ne karamellisierte Farbe zu verleihen \u2013 ideal f\u00fcr eine appetitliche Pr\u00e4sentation in der Auslage oder auf dem Teller. <\/p>\n<p data-start=\"877\" data-end=\"1209\">Die vielseitige <strong>Barbecue-Marinade<\/strong> eignet sich perfekt f\u00fcr <strong>rotes Fleisch, Gefl\u00fcgel, Ribs, Schweinerippchen, Spie\u00dfe und Burger<\/strong>. Sie ist sowohl f\u00fcr kurze als auch f\u00fcr lange Marinierzeiten geeignet, je nach gew\u00fcnschter Geschmacksintensit\u00e4t. Ideal f\u00fcr Grill, Plancha, Ofen oder Rotisserie.  <\/p>\n<p data-start=\"1211\" data-end=\"1497\">Verpackt im <strong>5-kg-Eimer<\/strong>, ist diese <strong>Marinade<\/strong> f\u00fcr den intensiven professionellen Einsatz konzipiert. Sie erf\u00fcllt die Anforderungen von Metzgereien, Caterern, Rotisserien, Restaurants, Imbissen und Gro\u00dfk\u00fcchen. <\/p>\n<p data-start=\"458\" data-end=\"475\">\n<\/div>\n<\/div>\n<\/div>\n<\/div>\n<\/div>\n<\/div>\n<\/div>\n<\/div>\n<\/div>\n<\/div>\n<p><!--more--><\/p>\n<h4 style=\"text-align: left;\"><strong>Vorteile :<\/strong><\/h4>\n<ul>\n<li data-start=\"476\" data-end=\"580\">Rauchige und w\u00fcrzige Noten f\u00fcr schmackhafte Grillgerichte.<\/li>\n<li data-start=\"476\" data-end=\"580\">5-kg-Eimer, perfekt f\u00fcr den professionellen Einsatz oder gro\u00dfe Veranstaltungen.<\/li>\n<li data-start=\"476\" data-end=\"580\">Zieht schnell ein f\u00fcr zartes und aromatisches Fleisch.<\/li>\n<li data-start=\"476\" data-end=\"580\">Geeignet f\u00fcr alle Fleischsorten und sogar Gem\u00fcse.<\/li>\n<li data-start=\"476\" data-end=\"580\">Formulierung, die den Anforderungen von K\u00f6chen und Caterern gerecht wird.<\/li>\n<\/ul>\n<p>&nbsp;<\/p>\n<p><!--more--><\/p>\n<h4>Weitere Informationen :<\/h4>\n<ul>\n<li><strong>Verpackung<\/strong>: 5kg Eimer<\/li>\n<\/ul>\n<div class=\"elementor elementor-2384 elementor-location-archive product\" data-elementor-type=\"product-archive\" data-elementor-id=\"2384\" data-elementor-post-type=\"elementor_library\">\n<div class=\"elementor-element elementor-element-c44cccd nt-archive-products e-flex e-con-boxed e-con e-parent e-lazyloaded\" data-id=\"c44cccd\" data-element_type=\"container\">\n<div class=\"e-con-inner\">\n<div class=\"elementor-element elementor-element-f35cc29 e-con-full e-flex e-con e-child\" data-id=\"f35cc29\" data-element_type=\"container\">\n<div class=\"elementor-element elementor-element-8781411 elementor-widget elementor-widget-woocommerce-archive-description\" data-id=\"8781411\" data-element_type=\"widget\" data-widget_type=\"woocommerce-archive-description.default\"><\/div>\n<\/div>\n<\/div>\n<\/div>\n<\/div>\n<p style=\"text-align: left;\"><!--more--><\/p>\n<p><a href=\"https:\/\/www.csj-emballages.com\/de\/categorie-produit\/lebensmittel\/marinaden\/\">Sehen Sie sich den Rest unseres Marinadensortiments an<\/a><\/p>\n","protected":false},"excerpt":{"rendered":"<p>Grillmarinade Beschreibung von Grillmarinade 5 kg<\/p>\n","protected":false},"featured_media":226258,"template":"","meta":{"_acf_changed":false},"product_brand":[],"product_cat":[1137,1144,1867],"product_tag":[],"class_list":{"0":"post-18544","1":"product","2":"type-product","3":"status-publish","4":"has-post-thumbnail","6":"product_cat-lebensmittelverpackungen","7":"product_cat-lebensmittel","8":"product_cat-marinaden","10":"first","11":"onbackorder","12":"taxable","13":"shipping-taxable","14":"purchasable","15":"product-type-simple"},"acf":[],"yoast_head":"<!-- This site is optimized with the Yoast SEO Premium plugin v26.6 (Yoast SEO v26.6) - https:\/\/yoast.com\/wordpress\/plugins\/seo\/ -->\n<title>Barbecue-Marinade 5 kg<\/title>\n<meta name=\"description\" content=\"Geben Sie Ihrem Grillgut mit unserer 5 kg Grillmarinade den richtigen Geschmack! Ideal f\u00fcr Fleisch und Gem\u00fcse, bringt einen rauchigen und w\u00fcrzigen Geschmack mit sich.\" \/>\n<meta name=\"robots\" content=\"index, follow, max-snippet:-1, max-image-preview:large, max-video-preview:-1\" \/>\n<link rel=\"canonical\" href=\"https:\/\/www.csj-emballages.com\/de\/produit\/grillmarinade-5-kg\/\" \/>\n<meta property=\"og:locale\" content=\"de_DE\" \/>\n<meta property=\"og:type\" content=\"article\" \/>\n<meta property=\"og:title\" content=\"Grillmarinade 5 kg\" \/>\n<meta property=\"og:description\" content=\"Geben Sie Ihrem Grillgut mit unserer 5 kg Grillmarinade den richtigen Geschmack! Ideal f\u00fcr Fleisch und Gem\u00fcse, bringt einen rauchigen und w\u00fcrzigen Geschmack mit sich.\" \/>\n<meta property=\"og:url\" content=\"https:\/\/www.csj-emballages.com\/de\/produit\/grillmarinade-5-kg\/\" \/>\n<meta property=\"og:site_name\" content=\"CSJ Emballages\" \/>\n<meta property=\"article:publisher\" content=\"https:\/\/www.facebook.com\/csjemballages\" \/>\n<meta property=\"article:modified_time\" content=\"2026-04-28T00:10:58+00:00\" \/>\n<meta property=\"og:image\" content=\"https:\/\/www.csj-emballages.com\/wp-content\/uploads\/2024\/03\/marinade-barbecue.webp\" \/>\n\t<meta property=\"og:image:width\" content=\"800\" \/>\n\t<meta property=\"og:image:height\" content=\"800\" \/>\n\t<meta property=\"og:image:type\" content=\"image\/webp\" \/>\n<meta name=\"twitter:card\" content=\"summary_large_image\" \/>\n<meta name=\"twitter:label1\" content=\"Gesch\u00e4tzte Lesezeit\" \/>\n\t<meta name=\"twitter:data1\" content=\"1\u00a0Minute\" \/>\n<script type=\"application\/ld+json\" class=\"yoast-schema-graph\">{\"@context\":\"https:\/\/schema.org\",\"@graph\":[{\"@type\":\"WebPage\",\"@id\":\"https:\/\/www.csj-emballages.com\/de\/produit\/grillmarinade-5-kg\/\",\"url\":\"https:\/\/www.csj-emballages.com\/de\/produit\/grillmarinade-5-kg\/\",\"name\":\"Barbecue-Marinade 5 kg\",\"isPartOf\":{\"@id\":\"https:\/\/www.csj-emballages.com\/de\/#website\"},\"primaryImageOfPage\":{\"@id\":\"https:\/\/www.csj-emballages.com\/de\/produit\/grillmarinade-5-kg\/#primaryimage\"},\"image\":{\"@id\":\"https:\/\/www.csj-emballages.com\/de\/produit\/grillmarinade-5-kg\/#primaryimage\"},\"thumbnailUrl\":\"https:\/\/www.csj-emballages.com\/wp-content\/uploads\/2024\/03\/marinade-barbecue.webp\",\"datePublished\":\"2024-03-01T15:59:31+00:00\",\"dateModified\":\"2026-04-28T00:10:58+00:00\",\"description\":\"Geben Sie Ihrem Grillgut mit unserer 5 kg Grillmarinade den richtigen Geschmack! Ideal f\u00fcr Fleisch und Gem\u00fcse, bringt einen rauchigen und w\u00fcrzigen Geschmack mit sich.\",\"breadcrumb\":{\"@id\":\"https:\/\/www.csj-emballages.com\/de\/produit\/grillmarinade-5-kg\/#breadcrumb\"},\"inLanguage\":\"de\",\"potentialAction\":[{\"@type\":\"ReadAction\",\"target\":[\"https:\/\/www.csj-emballages.com\/de\/produit\/grillmarinade-5-kg\/\"]}]},{\"@type\":\"ImageObject\",\"inLanguage\":\"de\",\"@id\":\"https:\/\/www.csj-emballages.com\/de\/produit\/grillmarinade-5-kg\/#primaryimage\",\"url\":\"https:\/\/www.csj-emballages.com\/wp-content\/uploads\/2024\/03\/marinade-barbecue.webp\",\"contentUrl\":\"https:\/\/www.csj-emballages.com\/wp-content\/uploads\/2024\/03\/marinade-barbecue.webp\",\"width\":800,\"height\":800,\"caption\":\"Marinade barbecue\"},{\"@type\":\"BreadcrumbList\",\"@id\":\"https:\/\/www.csj-emballages.com\/de\/produit\/grillmarinade-5-kg\/#breadcrumb\",\"itemListElement\":[{\"@type\":\"ListItem\",\"position\":1,\"name\":\"Accueil\",\"item\":\"https:\/\/www.csj-emballages.com\/de\/universum-lebensmittelverpackungen\/\"},{\"@type\":\"ListItem\",\"position\":2,\"name\":\"Shop\",\"item\":\"https:\/\/www.csj-emballages.com\/shop\/\"},{\"@type\":\"ListItem\",\"position\":3,\"name\":\"Grillmarinade 5 kg\"}]},{\"@type\":\"WebSite\",\"@id\":\"https:\/\/www.csj-emballages.com\/de\/#website\",\"url\":\"https:\/\/www.csj-emballages.com\/de\/\",\"name\":\"CSJ Emballages\",\"description\":\"\",\"publisher\":{\"@id\":\"https:\/\/www.csj-emballages.com\/de\/#organization\"},\"potentialAction\":[{\"@type\":\"SearchAction\",\"target\":{\"@type\":\"EntryPoint\",\"urlTemplate\":\"https:\/\/www.csj-emballages.com\/de\/?s={search_term_string}\"},\"query-input\":{\"@type\":\"PropertyValueSpecification\",\"valueRequired\":true,\"valueName\":\"search_term_string\"}}],\"inLanguage\":\"de\"},{\"@type\":\"Organization\",\"@id\":\"https:\/\/www.csj-emballages.com\/de\/#Organization\/\",\"name\":\"CSJ Emballages\",\"url\":\"https:\/\/www.csj-emballages.com\/de\/\",\"logo\":{\"@type\":\"ImageObject\",\"inLanguage\":\"de\",\"@id\":\"https:\/\/www.csj-emballages.com\/de\/#\/schema\/logo\/image\/\",\"url\":\"https:\/\/www.csj-emballages.com\/wp-content\/uploads\/2023\/10\/logo_csj.webp\",\"contentUrl\":\"https:\/\/www.csj-emballages.com\/wp-content\/uploads\/2023\/10\/logo_csj.webp\",\"width\":250,\"height\":95,\"caption\":\"CSJ Emballages\"},\"image\":{\"@id\":\"https:\/\/www.csj-emballages.com\/de\/#\/schema\/logo\/image\/\"},\"sameAs\":[\"https:\/\/www.facebook.com\/csjemballages\"],\"address\":{\"@type\":\"PostalAddress\",\"streetAddress\":\"ZI La Lechere\",\"addressLocality\":\"Patornay\",\"postalCode\":\"39130\",\"addressCountry\":\"FR\"},\"contactPoint\":[{\"@type\":\"ContactPoint\",\"contactType\":\"Service client\",\"telephone\":\"0384254272\",\"email\":\"contact@csj-emballages.com\"}]}]}<\/script>\n<!-- \/ Yoast SEO Premium plugin. -->","yoast_head_json":{"title":"Barbecue-Marinade 5 kg","description":"Geben Sie Ihrem Grillgut mit unserer 5 kg Grillmarinade den richtigen Geschmack! Ideal f\u00fcr Fleisch und Gem\u00fcse, bringt einen rauchigen und w\u00fcrzigen Geschmack mit sich.","robots":{"index":"index","follow":"follow","max-snippet":"max-snippet:-1","max-image-preview":"max-image-preview:large","max-video-preview":"max-video-preview:-1"},"canonical":"https:\/\/www.csj-emballages.com\/de\/produit\/grillmarinade-5-kg\/","og_locale":"de_DE","og_type":"article","og_title":"Grillmarinade 5 kg","og_description":"Geben Sie Ihrem Grillgut mit unserer 5 kg Grillmarinade den richtigen Geschmack! Ideal f\u00fcr Fleisch und Gem\u00fcse, bringt einen rauchigen und w\u00fcrzigen Geschmack mit sich.","og_url":"https:\/\/www.csj-emballages.com\/de\/produit\/grillmarinade-5-kg\/","og_site_name":"CSJ Emballages","article_publisher":"https:\/\/www.facebook.com\/csjemballages","article_modified_time":"2026-04-28T00:10:58+00:00","og_image":[{"width":800,"height":800,"url":"https:\/\/www.csj-emballages.com\/wp-content\/uploads\/2024\/03\/marinade-barbecue.webp","type":"image\/webp"}],"twitter_card":"summary_large_image","twitter_misc":{"Gesch\u00e4tzte Lesezeit":"1\u00a0Minute"},"schema":{"@context":"https:\/\/schema.org","@graph":[{"@type":"WebPage","@id":"https:\/\/www.csj-emballages.com\/de\/produit\/grillmarinade-5-kg\/","url":"https:\/\/www.csj-emballages.com\/de\/produit\/grillmarinade-5-kg\/","name":"Barbecue-Marinade 5 kg","isPartOf":{"@id":"https:\/\/www.csj-emballages.com\/de\/#website"},"primaryImageOfPage":{"@id":"https:\/\/www.csj-emballages.com\/de\/produit\/grillmarinade-5-kg\/#primaryimage"},"image":{"@id":"https:\/\/www.csj-emballages.com\/de\/produit\/grillmarinade-5-kg\/#primaryimage"},"thumbnailUrl":"https:\/\/www.csj-emballages.com\/wp-content\/uploads\/2024\/03\/marinade-barbecue.webp","datePublished":"2024-03-01T15:59:31+00:00","dateModified":"2026-04-28T00:10:58+00:00","description":"Geben Sie Ihrem Grillgut mit unserer 5 kg Grillmarinade den richtigen Geschmack! Ideal f\u00fcr Fleisch und Gem\u00fcse, bringt einen rauchigen und w\u00fcrzigen Geschmack mit sich.","breadcrumb":{"@id":"https:\/\/www.csj-emballages.com\/de\/produit\/grillmarinade-5-kg\/#breadcrumb"},"inLanguage":"de","potentialAction":[{"@type":"ReadAction","target":["https:\/\/www.csj-emballages.com\/de\/produit\/grillmarinade-5-kg\/"]}]},{"@type":"ImageObject","inLanguage":"de","@id":"https:\/\/www.csj-emballages.com\/de\/produit\/grillmarinade-5-kg\/#primaryimage","url":"https:\/\/www.csj-emballages.com\/wp-content\/uploads\/2024\/03\/marinade-barbecue.webp","contentUrl":"https:\/\/www.csj-emballages.com\/wp-content\/uploads\/2024\/03\/marinade-barbecue.webp","width":800,"height":800,"caption":"Marinade barbecue"},{"@type":"BreadcrumbList","@id":"https:\/\/www.csj-emballages.com\/de\/produit\/grillmarinade-5-kg\/#breadcrumb","itemListElement":[{"@type":"ListItem","position":1,"name":"Accueil","item":"https:\/\/www.csj-emballages.com\/de\/universum-lebensmittelverpackungen\/"},{"@type":"ListItem","position":2,"name":"Shop","item":"https:\/\/www.csj-emballages.com\/shop\/"},{"@type":"ListItem","position":3,"name":"Grillmarinade 5 kg"}]},{"@type":"WebSite","@id":"https:\/\/www.csj-emballages.com\/de\/#website","url":"https:\/\/www.csj-emballages.com\/de\/","name":"CSJ Emballages","description":"","publisher":{"@id":"https:\/\/www.csj-emballages.com\/de\/#organization"},"potentialAction":[{"@type":"SearchAction","target":{"@type":"EntryPoint","urlTemplate":"https:\/\/www.csj-emballages.com\/de\/?s={search_term_string}"},"query-input":{"@type":"PropertyValueSpecification","valueRequired":true,"valueName":"search_term_string"}}],"inLanguage":"de"},{"@type":"Organization","@id":"https:\/\/www.csj-emballages.com\/de\/#Organization\/","name":"CSJ Emballages","url":"https:\/\/www.csj-emballages.com\/de\/","logo":{"@type":"ImageObject","inLanguage":"de","@id":"https:\/\/www.csj-emballages.com\/de\/#\/schema\/logo\/image\/","url":"https:\/\/www.csj-emballages.com\/wp-content\/uploads\/2023\/10\/logo_csj.webp","contentUrl":"https:\/\/www.csj-emballages.com\/wp-content\/uploads\/2023\/10\/logo_csj.webp","width":250,"height":95,"caption":"CSJ Emballages"},"image":{"@id":"https:\/\/www.csj-emballages.com\/de\/#\/schema\/logo\/image\/"},"sameAs":["https:\/\/www.facebook.com\/csjemballages"],"address":{"@type":"PostalAddress","streetAddress":"ZI La Lechere","addressLocality":"Patornay","postalCode":"39130","addressCountry":"FR"},"contactPoint":[{"@type":"ContactPoint","contactType":"Service client","telephone":"0384254272","email":"contact@csj-emballages.com"}]}]}},"df_price":50.4,"df_sale_price":"","df_regular_price":50.4,"df_image_link":"https:\/\/www.csj-emballages.com\/wp-content\/uploads\/2024\/03\/marinade-barbecue-300x300.webp","tiered_pricing_type":"fixed","tiered_pricing_fixed_rules":[],"tiered_pricing_percentage_rules":[],"tiered_pricing_minimum":1,"tiered_pricing_roles_data":[],"_links":{"self":[{"href":"https:\/\/www.csj-emballages.com\/de\/wp-json\/wp\/v2\/product\/18544","targetHints":{"allow":["GET"]}}],"collection":[{"href":"https:\/\/www.csj-emballages.com\/de\/wp-json\/wp\/v2\/product"}],"about":[{"href":"https:\/\/www.csj-emballages.com\/de\/wp-json\/wp\/v2\/types\/product"}],"wp:featuredmedia":[{"embeddable":true,"href":"https:\/\/www.csj-emballages.com\/de\/wp-json\/wp\/v2\/media\/226258"}],"wp:attachment":[{"href":"https:\/\/www.csj-emballages.com\/de\/wp-json\/wp\/v2\/media?parent=18544"}],"wp:term":[{"taxonomy":"product_brand","embeddable":true,"href":"https:\/\/www.csj-emballages.com\/de\/wp-json\/wp\/v2\/product_brand?post=18544"},{"taxonomy":"product_cat","embeddable":true,"href":"https:\/\/www.csj-emballages.com\/de\/wp-json\/wp\/v2\/product_cat?post=18544"},{"taxonomy":"product_tag","embeddable":true,"href":"https:\/\/www.csj-emballages.com\/de\/wp-json\/wp\/v2\/product_tag?post=18544"}],"curies":[{"name":"wp","href":"https:\/\/api.w.org\/{rel}","templated":true}]}}