{"id":18515,"date":"2024-03-01T16:59:30","date_gmt":"2024-03-01T15:59:30","guid":{"rendered":"https:\/\/u15jnbdpoq.preview.infomaniak.website\/produit\/ph-plus-fluessig-5-liter\/"},"modified":"2026-03-12T16:03:28","modified_gmt":"2026-03-12T15:03:28","slug":"ph-plus-fluessig-5-liter","status":"publish","type":"product","link":"https:\/\/www.csj-emballages.com\/de\/produit\/ph-plus-fluessig-5-liter\/","title":{"rendered":"PH Plus fl\u00fcssig 5 Liter"},"content":{"rendered":"<h2 class=\"p1\">PH Plus fl\u00fcssig<\/h2>\n<hr>\n<h3>Beschreibung von unserem PH Plus fl\u00fcssig 5 Liter<\/h3>\n<p><!--more--><\/p>\n<p data-start=\"168\" data-end=\"397\">Ob Sie nun ein Privatmann sind, der sich leidenschaftlich f\u00fcr die Pflege Ihres Pools interessiert, oder ein Fachmann f\u00fcr die Reinigung oder Wasseraufbereitung, <strong data-start=\"301\" data-end=\"327\">PH Plus fl\u00fcssig 5 L<\/strong> ist ein unverzichtbares Mittel, um ein perfekt ausgeglichenes Wasser zu gew\u00e4hrleisten. In einem <strong>Schwimmbecken<\/strong> kann ein zu niedriger (saurer) <strong>pH-Wert<\/strong> zahlreiche Unannehmlichkeiten verursachen: Augen- und Hautreizungen, Besch\u00e4digung des Materials (Folien, Dichtungen, Filter), nachlassende Wirksamkeit der Desinfektionsmittel &#8230; Hier kommt <strong data-start=\"635\" data-end=\"646\">PH Plus<\/strong> ins Spiel. Er <strong data-start=\"674\" data-end=\"743\">hebt den pH-Wert Ihres Wassers schnell und effektiv<\/strong> an, um ihn im idealen Bereich zu halten.  <\/p>\n<p data-start=\"803\" data-end=\"1133\">Dieser <strong data-start=\"806\" data-end=\"827\">5-Liter-Kanister<\/strong> ist so konzipiert, dass er einfach zu handhaben ist und gleichzeitig eine gute Reichweite f\u00fcr mittelgro\u00dfe bis gro\u00dfe Pools bietet. Sein fl\u00fcssiges Format garantiert eine <strong data-start=\"982\" data-end=\"1013\">schnelle und gleichm\u00e4\u00dfige Verd\u00fcnnung<\/strong> ohne R\u00fcckst\u00e4nde. Er wird je nach Ihren Gewohnheiten direkt im Becken oder \u00fcber ein automatisches Regulierungssystem verwendet.  <\/p>\n<p data-start=\"1135\" data-end=\"1369\">Bei regelm\u00e4\u00dfiger Anwendung bewahrt es die Wasserqualit\u00e4t und verl\u00e4ngert die Lebensdauer Ihrer Ger\u00e4te. Es ist eine zuverl\u00e4ssige, wirksame und kosteng\u00fcnstige L\u00f6sung f\u00fcr alle, die unangenehme \u00dcberraschungen aufgrund eines instabilen pH-Werts vermeiden wollen. <\/p>\n<p data-start=\"1135\" data-end=\"1369\"><!--more--><\/p>\n<h4>Gebrauchsanweisung :<\/h4>\n<ul>\n<li>Manuelle Anwendung: Sch\u00fctten Sie das fl\u00fcssige PH plus bei laufender Filterung vor die Auslassd\u00fcsen und achten Sie dabei auf gef\u00e4hrliche Spritzer. Im Durchschnitt erh\u00f6hen 100 ml den PH-Wert von 10 m3 um 0,1 Ph-Einheiten.<\/li>\n<li>Injektion mit Dosierpumpe: F\u00fchren Sie das Ansaugsieb der Pumpe direkt in die Verpackung des Produkts ein. Die Injektion erfolgt \u00fcber den Recyclingkreislauf. \u00dcberpr\u00fcfen Sie den TAC und stellen Sie ihn ggf. ein, nachdem Sie den pH-Wert erh\u00f6ht haben.<\/li>\n<\/ul>\n<p data-start=\"1302\" data-end=\"1517\"><!--more--><\/p>\n<p><strong>Ihre Vorteile :<\/strong><\/p>\n<ul>\n<li>Hebt einen zu niedrigen pH-Wert wirksam an.<\/li>\n<li>Leicht zu dosierendes, fl\u00fcssiges Format ohne Ablagerungen.<\/li>\n<li>Schnelle Wirkung, sichtbarer Effekt in wenigen Stunden<\/li>\n<li>Ideal f\u00fcr private und \u00f6ffentliche Schwimmb\u00e4der.<\/li>\n<li>Begrenzt das Risiko von Reizungen und Korrosion.<\/li>\n<\/ul>\n<p>&nbsp;<\/p>\n<p><!--more--><\/p>\n<p><strong>Weitere Informationen :  <\/strong><\/p>\n<ul>\n<li><strong>Verpackung<\/strong>: Einzeln<\/li>\n<li><strong>Volumen <\/strong>: 5 Liter<\/li>\n<li><strong>Verwendung<\/strong>: PH plus<\/li>\n<\/ul>\n<p>&nbsp;<\/p>\n<p><!--more--><\/p>\n<p>Entdecken Sie auch unseren PH MINS fl\u00fcssig 5 Liter : <span style=\"color: #d12727;\"><a style=\"color: #d12727;\" href=\"https:\/\/www.csj-emballages.com\/produit\/ph-moins-liquide-5-litres\/\">01935<\/a><\/span><\/p>\n<p>&nbsp;<\/p>\n<p><!--more--><\/p>\n<p><a href=\"https:\/\/www.csj-emballages.com\/de\/categorie-produit\/hygiene-und-pflege\/pflegeprodukte\/sanitar\/\">Entdecken Sie unser weiteres Sortiment an Pool- und Spa-Pflegeprodukten<\/a><\/p>\n","protected":false},"excerpt":{"rendered":"<p>PH Plus fl\u00fcssig Beschreibung von unserem PH Plus fl\u00fcssig 5 Liter<\/p>\n","protected":false},"featured_media":233298,"template":"","meta":{"_acf_changed":false},"product_brand":[],"product_cat":[1137,1218,1219,1299,1303,1307,10273],"product_tag":[],"class_list":{"0":"post-18515","1":"product","2":"type-product","3":"status-publish","4":"has-post-thumbnail","6":"product_cat-lebensmittelverpackungen","7":"product_cat-hygiene-und-pflege","8":"product_cat-pflegeprodukte","9":"product_cat-pflege-von-swimmingpool-spa","10":"product_cat-wasserbehandlungen","11":"product_cat-pool-spa-behandlung","12":"product_cat-lagerbestand","13":"product_shipping_class-verboten-in-staffeln","15":"first","16":"instock","17":"sale","18":"taxable","19":"shipping-taxable","20":"purchasable","21":"product-type-simple"},"acf":[],"yoast_head":"<!-- This site is optimized with the Yoast SEO Premium plugin v26.6 (Yoast SEO v26.6) - https:\/\/yoast.com\/wordpress\/plugins\/seo\/ -->\n<title>PH Plus Fl\u00fcssigkeit 5 Liter<\/title>\n<meta name=\"description\" content=\"Korrigieren Sie einen zu niedrigen pH-Wert ganz einfach mit unserem fl\u00fcssigen PH Plus im 5L-Kanister. Praktisch, effizient, ideal f\u00fcr gesundes und ausgewogenes Wasser.\" \/>\n<meta name=\"robots\" content=\"index, follow, max-snippet:-1, max-image-preview:large, max-video-preview:-1\" \/>\n<link rel=\"canonical\" href=\"https:\/\/www.csj-emballages.com\/de\/produit\/ph-plus-fluessig-5-liter\/\" \/>\n<meta property=\"og:locale\" content=\"de_DE\" \/>\n<meta property=\"og:type\" content=\"article\" \/>\n<meta property=\"og:title\" content=\"PH Plus fl\u00fcssig 5 Liter\" \/>\n<meta property=\"og:description\" content=\"Korrigieren Sie einen zu niedrigen pH-Wert ganz einfach mit unserem fl\u00fcssigen PH Plus im 5L-Kanister. Praktisch, effizient, ideal f\u00fcr gesundes und ausgewogenes Wasser.\" \/>\n<meta property=\"og:url\" content=\"https:\/\/www.csj-emballages.com\/de\/produit\/ph-plus-fluessig-5-liter\/\" \/>\n<meta property=\"og:site_name\" content=\"CSJ Emballages\" \/>\n<meta property=\"article:publisher\" content=\"https:\/\/www.facebook.com\/csjemballages\" \/>\n<meta property=\"article:modified_time\" content=\"2026-03-12T15:03:28+00:00\" \/>\n<meta property=\"og:image\" content=\"https:\/\/www.csj-emballages.com\/wp-content\/uploads\/2024\/03\/10835.webp\" \/>\n\t<meta property=\"og:image:width\" content=\"800\" \/>\n\t<meta property=\"og:image:height\" content=\"800\" \/>\n\t<meta property=\"og:image:type\" content=\"image\/webp\" \/>\n<meta name=\"twitter:card\" content=\"summary_large_image\" \/>\n<meta name=\"twitter:label1\" content=\"Gesch\u00e4tzte Lesezeit\" \/>\n\t<meta name=\"twitter:data1\" content=\"2 Minuten\" \/>\n<script type=\"application\/ld+json\" class=\"yoast-schema-graph\">{\"@context\":\"https:\/\/schema.org\",\"@graph\":[{\"@type\":\"WebPage\",\"@id\":\"https:\/\/www.csj-emballages.com\/de\/produit\/ph-plus-fluessig-5-liter\/\",\"url\":\"https:\/\/www.csj-emballages.com\/de\/produit\/ph-plus-fluessig-5-liter\/\",\"name\":\"PH Plus Fl\u00fcssigkeit 5 Liter\",\"isPartOf\":{\"@id\":\"https:\/\/www.csj-emballages.com\/de\/#website\"},\"primaryImageOfPage\":{\"@id\":\"https:\/\/www.csj-emballages.com\/de\/produit\/ph-plus-fluessig-5-liter\/#primaryimage\"},\"image\":{\"@id\":\"https:\/\/www.csj-emballages.com\/de\/produit\/ph-plus-fluessig-5-liter\/#primaryimage\"},\"thumbnailUrl\":\"https:\/\/www.csj-emballages.com\/wp-content\/uploads\/2024\/03\/10835.webp\",\"datePublished\":\"2024-03-01T15:59:30+00:00\",\"dateModified\":\"2026-03-12T15:03:28+00:00\",\"description\":\"Korrigieren Sie einen zu niedrigen pH-Wert ganz einfach mit unserem fl\u00fcssigen PH Plus im 5L-Kanister. Praktisch, effizient, ideal f\u00fcr gesundes und ausgewogenes Wasser.\",\"breadcrumb\":{\"@id\":\"https:\/\/www.csj-emballages.com\/de\/produit\/ph-plus-fluessig-5-liter\/#breadcrumb\"},\"inLanguage\":\"de\",\"potentialAction\":[{\"@type\":\"ReadAction\",\"target\":[\"https:\/\/www.csj-emballages.com\/de\/produit\/ph-plus-fluessig-5-liter\/\"]}]},{\"@type\":\"ImageObject\",\"inLanguage\":\"de\",\"@id\":\"https:\/\/www.csj-emballages.com\/de\/produit\/ph-plus-fluessig-5-liter\/#primaryimage\",\"url\":\"https:\/\/www.csj-emballages.com\/wp-content\/uploads\/2024\/03\/10835.webp\",\"contentUrl\":\"https:\/\/www.csj-emballages.com\/wp-content\/uploads\/2024\/03\/10835.webp\",\"width\":800,\"height\":800,\"caption\":\"PH Plus liquide\"},{\"@type\":\"BreadcrumbList\",\"@id\":\"https:\/\/www.csj-emballages.com\/de\/produit\/ph-plus-fluessig-5-liter\/#breadcrumb\",\"itemListElement\":[{\"@type\":\"ListItem\",\"position\":1,\"name\":\"Accueil\",\"item\":\"https:\/\/www.csj-emballages.com\/de\/universum-lebensmittelverpackungen\/\"},{\"@type\":\"ListItem\",\"position\":2,\"name\":\"Shop\",\"item\":\"https:\/\/www.csj-emballages.com\/shop\/\"},{\"@type\":\"ListItem\",\"position\":3,\"name\":\"PH Plus fl\u00fcssig 5 Liter\"}]},{\"@type\":\"WebSite\",\"@id\":\"https:\/\/www.csj-emballages.com\/de\/#website\",\"url\":\"https:\/\/www.csj-emballages.com\/de\/\",\"name\":\"CSJ Emballages\",\"description\":\"\",\"publisher\":{\"@id\":\"https:\/\/www.csj-emballages.com\/de\/#organization\"},\"potentialAction\":[{\"@type\":\"SearchAction\",\"target\":{\"@type\":\"EntryPoint\",\"urlTemplate\":\"https:\/\/www.csj-emballages.com\/de\/?s={search_term_string}\"},\"query-input\":{\"@type\":\"PropertyValueSpecification\",\"valueRequired\":true,\"valueName\":\"search_term_string\"}}],\"inLanguage\":\"de\"},{\"@type\":\"Organization\",\"@id\":\"https:\/\/www.csj-emballages.com\/de\/#Organization\/\",\"name\":\"CSJ Emballages\",\"url\":\"https:\/\/www.csj-emballages.com\/de\/\",\"logo\":{\"@type\":\"ImageObject\",\"inLanguage\":\"de\",\"@id\":\"https:\/\/www.csj-emballages.com\/de\/#\/schema\/logo\/image\/\",\"url\":\"https:\/\/www.csj-emballages.com\/wp-content\/uploads\/2023\/10\/logo_csj.webp\",\"contentUrl\":\"https:\/\/www.csj-emballages.com\/wp-content\/uploads\/2023\/10\/logo_csj.webp\",\"width\":250,\"height\":95,\"caption\":\"CSJ Emballages\"},\"image\":{\"@id\":\"https:\/\/www.csj-emballages.com\/de\/#\/schema\/logo\/image\/\"},\"sameAs\":[\"https:\/\/www.facebook.com\/csjemballages\"],\"address\":{\"@type\":\"PostalAddress\",\"streetAddress\":\"ZI La Lechere\",\"addressLocality\":\"Patornay\",\"postalCode\":\"39130\",\"addressCountry\":\"FR\"},\"contactPoint\":[{\"@type\":\"ContactPoint\",\"contactType\":\"Service client\",\"telephone\":\"0384254272\",\"email\":\"contact@csj-emballages.com\"}]}]}<\/script>\n<!-- \/ Yoast SEO Premium plugin. -->","yoast_head_json":{"title":"PH Plus Fl\u00fcssigkeit 5 Liter","description":"Korrigieren Sie einen zu niedrigen pH-Wert ganz einfach mit unserem fl\u00fcssigen PH Plus im 5L-Kanister. Praktisch, effizient, ideal f\u00fcr gesundes und ausgewogenes Wasser.","robots":{"index":"index","follow":"follow","max-snippet":"max-snippet:-1","max-image-preview":"max-image-preview:large","max-video-preview":"max-video-preview:-1"},"canonical":"https:\/\/www.csj-emballages.com\/de\/produit\/ph-plus-fluessig-5-liter\/","og_locale":"de_DE","og_type":"article","og_title":"PH Plus fl\u00fcssig 5 Liter","og_description":"Korrigieren Sie einen zu niedrigen pH-Wert ganz einfach mit unserem fl\u00fcssigen PH Plus im 5L-Kanister. Praktisch, effizient, ideal f\u00fcr gesundes und ausgewogenes Wasser.","og_url":"https:\/\/www.csj-emballages.com\/de\/produit\/ph-plus-fluessig-5-liter\/","og_site_name":"CSJ Emballages","article_publisher":"https:\/\/www.facebook.com\/csjemballages","article_modified_time":"2026-03-12T15:03:28+00:00","og_image":[{"width":800,"height":800,"url":"https:\/\/www.csj-emballages.com\/wp-content\/uploads\/2024\/03\/10835.webp","type":"image\/webp"}],"twitter_card":"summary_large_image","twitter_misc":{"Gesch\u00e4tzte Lesezeit":"2 Minuten"},"schema":{"@context":"https:\/\/schema.org","@graph":[{"@type":"WebPage","@id":"https:\/\/www.csj-emballages.com\/de\/produit\/ph-plus-fluessig-5-liter\/","url":"https:\/\/www.csj-emballages.com\/de\/produit\/ph-plus-fluessig-5-liter\/","name":"PH Plus Fl\u00fcssigkeit 5 Liter","isPartOf":{"@id":"https:\/\/www.csj-emballages.com\/de\/#website"},"primaryImageOfPage":{"@id":"https:\/\/www.csj-emballages.com\/de\/produit\/ph-plus-fluessig-5-liter\/#primaryimage"},"image":{"@id":"https:\/\/www.csj-emballages.com\/de\/produit\/ph-plus-fluessig-5-liter\/#primaryimage"},"thumbnailUrl":"https:\/\/www.csj-emballages.com\/wp-content\/uploads\/2024\/03\/10835.webp","datePublished":"2024-03-01T15:59:30+00:00","dateModified":"2026-03-12T15:03:28+00:00","description":"Korrigieren Sie einen zu niedrigen pH-Wert ganz einfach mit unserem fl\u00fcssigen PH Plus im 5L-Kanister. Praktisch, effizient, ideal f\u00fcr gesundes und ausgewogenes Wasser.","breadcrumb":{"@id":"https:\/\/www.csj-emballages.com\/de\/produit\/ph-plus-fluessig-5-liter\/#breadcrumb"},"inLanguage":"de","potentialAction":[{"@type":"ReadAction","target":["https:\/\/www.csj-emballages.com\/de\/produit\/ph-plus-fluessig-5-liter\/"]}]},{"@type":"ImageObject","inLanguage":"de","@id":"https:\/\/www.csj-emballages.com\/de\/produit\/ph-plus-fluessig-5-liter\/#primaryimage","url":"https:\/\/www.csj-emballages.com\/wp-content\/uploads\/2024\/03\/10835.webp","contentUrl":"https:\/\/www.csj-emballages.com\/wp-content\/uploads\/2024\/03\/10835.webp","width":800,"height":800,"caption":"PH Plus liquide"},{"@type":"BreadcrumbList","@id":"https:\/\/www.csj-emballages.com\/de\/produit\/ph-plus-fluessig-5-liter\/#breadcrumb","itemListElement":[{"@type":"ListItem","position":1,"name":"Accueil","item":"https:\/\/www.csj-emballages.com\/de\/universum-lebensmittelverpackungen\/"},{"@type":"ListItem","position":2,"name":"Shop","item":"https:\/\/www.csj-emballages.com\/shop\/"},{"@type":"ListItem","position":3,"name":"PH Plus fl\u00fcssig 5 Liter"}]},{"@type":"WebSite","@id":"https:\/\/www.csj-emballages.com\/de\/#website","url":"https:\/\/www.csj-emballages.com\/de\/","name":"CSJ Emballages","description":"","publisher":{"@id":"https:\/\/www.csj-emballages.com\/de\/#organization"},"potentialAction":[{"@type":"SearchAction","target":{"@type":"EntryPoint","urlTemplate":"https:\/\/www.csj-emballages.com\/de\/?s={search_term_string}"},"query-input":{"@type":"PropertyValueSpecification","valueRequired":true,"valueName":"search_term_string"}}],"inLanguage":"de"},{"@type":"Organization","@id":"https:\/\/www.csj-emballages.com\/de\/#Organization\/","name":"CSJ Emballages","url":"https:\/\/www.csj-emballages.com\/de\/","logo":{"@type":"ImageObject","inLanguage":"de","@id":"https:\/\/www.csj-emballages.com\/de\/#\/schema\/logo\/image\/","url":"https:\/\/www.csj-emballages.com\/wp-content\/uploads\/2023\/10\/logo_csj.webp","contentUrl":"https:\/\/www.csj-emballages.com\/wp-content\/uploads\/2023\/10\/logo_csj.webp","width":250,"height":95,"caption":"CSJ Emballages"},"image":{"@id":"https:\/\/www.csj-emballages.com\/de\/#\/schema\/logo\/image\/"},"sameAs":["https:\/\/www.facebook.com\/csjemballages"],"address":{"@type":"PostalAddress","streetAddress":"ZI La Lechere","addressLocality":"Patornay","postalCode":"39130","addressCountry":"FR"},"contactPoint":[{"@type":"ContactPoint","contactType":"Service client","telephone":"0384254272","email":"contact@csj-emballages.com"}]}]}},"df_price":16.04,"df_sale_price":16.04,"df_regular_price":20.05,"df_image_link":"https:\/\/www.csj-emballages.com\/wp-content\/uploads\/2024\/03\/10835-300x300.webp","tiered_pricing_type":"fixed","tiered_pricing_fixed_rules":[],"tiered_pricing_percentage_rules":[],"tiered_pricing_minimum":1,"tiered_pricing_roles_data":[],"_links":{"self":[{"href":"https:\/\/www.csj-emballages.com\/de\/wp-json\/wp\/v2\/product\/18515","targetHints":{"allow":["GET"]}}],"collection":[{"href":"https:\/\/www.csj-emballages.com\/de\/wp-json\/wp\/v2\/product"}],"about":[{"href":"https:\/\/www.csj-emballages.com\/de\/wp-json\/wp\/v2\/types\/product"}],"wp:featuredmedia":[{"embeddable":true,"href":"https:\/\/www.csj-emballages.com\/de\/wp-json\/wp\/v2\/media\/233298"}],"wp:attachment":[{"href":"https:\/\/www.csj-emballages.com\/de\/wp-json\/wp\/v2\/media?parent=18515"}],"wp:term":[{"taxonomy":"product_brand","embeddable":true,"href":"https:\/\/www.csj-emballages.com\/de\/wp-json\/wp\/v2\/product_brand?post=18515"},{"taxonomy":"product_cat","embeddable":true,"href":"https:\/\/www.csj-emballages.com\/de\/wp-json\/wp\/v2\/product_cat?post=18515"},{"taxonomy":"product_tag","embeddable":true,"href":"https:\/\/www.csj-emballages.com\/de\/wp-json\/wp\/v2\/product_tag?post=18515"}],"curies":[{"name":"wp","href":"https:\/\/api.w.org\/{rel}","templated":true}]}}