{"id":18507,"date":"2024-03-01T16:59:30","date_gmt":"2024-03-01T15:59:30","guid":{"rendered":"https:\/\/u15jnbdpoq.preview.infomaniak.website\/produit\/mexikanische-marinade-5-kg\/"},"modified":"2026-03-12T16:03:29","modified_gmt":"2026-03-12T15:03:29","slug":"mexikanische-marinade-5-kg","status":"publish","type":"product","link":"https:\/\/www.csj-emballages.com\/de\/produit\/mexikanische-marinade-5-kg\/","title":{"rendered":"Mexikanische Marinade 5 kg"},"content":{"rendered":"<h2 class=\"p1\">Mexikanische Marinade<\/h2>\n<div style=\"font-family: Roboto, sans-serif;\">\n<div style=\"font-family: Roboto, sans-serif;\">\n<div style=\"font-family: Roboto, sans-serif;\">\n<div style=\"text-align: center;\">\n<div style=\"font-family: Roboto, sans-serif;\">\n<div style=\"font-family: Roboto, sans-serif;\">\n<div style=\"font-family: Roboto, sans-serif;\">\n<div style=\"font-family: Roboto, sans-serif;\">\n<div style=\"font-family: Roboto, sans-serif;\">\n<div style=\"font-family: Roboto, sans-serif; text-align: left;\">\n<hr>\n<h3 style=\"text-align: left;\">Beschreibung von Mexikanische Marinade 5 kg<\/h3>\n<h3 style=\"text-align: left;\"><!--more--><\/h3>\n<p data-start=\"0\" data-end=\"478\">Verleihen Sie Ihrem Fleisch mit unserer <strong data-start=\"91\" data-end=\"118\" data-is-only-node=\"\">mexikanischen Marinade 5 kg<\/strong> einen authentischen Touch. Ihr Rezept mit intensiven und w\u00fcrzigen Aromen ist von der mexikanischen K\u00fcche inspiriert und vereint Paprika, Kreuzk\u00fcmmel, Knoblauch und Chili zu einer Geschmacksexplosion. Ideal zum Marinieren von rotem Fleisch, Gefl\u00fcgel und Gegrilltem, garantiert es Zartheit und eine perfekte W\u00fcrze. Es ist einfach zu verwenden, umh\u00fcllt Ihre Gerichte gleichm\u00e4\u00dfig und veredelt jeden Bissen.   <\/p>\n<p data-start=\"458\" data-end=\"475\">\n<\/div>\n<\/div>\n<\/div>\n<\/div>\n<\/div>\n<\/div>\n<\/div>\n<\/div>\n<\/div>\n<\/div>\n<p><!--more--><\/p>\n<h4 style=\"text-align: left;\"><strong>Seine Vorteile :<\/strong><\/h4>\n<ul>\n<li data-start=\"594\" data-end=\"686\"><strong data-start=\"596\" data-end=\"622\">Einfache Anwendung<\/strong>: Fl\u00fcssige Textur f\u00fcr eine gleichm\u00e4\u00dfige Verteilung auf dem Fleisch.<\/li>\n<li data-start=\"687\" data-end=\"782\"><strong data-start=\"689\" data-end=\"704\">Vielseitig<\/strong>: Geeignet f\u00fcr rotes und wei\u00dfes Fleisch und sogar f\u00fcr pflanzliche Alternativen.<\/li>\n<li data-start=\"783\" data-end=\"871\"><strong data-start=\"785\" data-end=\"809\">Geschmacksoptimierung<\/strong>: Verst\u00e4rkt die Zartheit und bewahrt die Saftigkeit des Fleisches.<\/li>\n<li data-start=\"872\" data-end=\"990\"><strong data-start=\"874\" data-end=\"895\">Sparformat<\/strong>: 5-kg-Eimer, ideal f\u00fcr die professionelle Gastronomie und gro\u00dfe Zubereitungen.<\/li>\n<\/ul>\n<p>&nbsp;<\/p>\n<p><!--more--><\/p>\n<h4>Weitere Informationen :<\/h4>\n<ul>\n<li><strong>Verpackung<\/strong>: 5kg Eimer<\/li>\n<\/ul>\n<div class=\"elementor elementor-2384 elementor-location-archive product\" data-elementor-type=\"product-archive\" data-elementor-id=\"2384\" data-elementor-post-type=\"elementor_library\">\n<div class=\"elementor-element elementor-element-c44cccd nt-archive-products e-flex e-con-boxed e-con e-parent e-lazyloaded\" data-id=\"c44cccd\" data-element_type=\"container\">\n<div class=\"e-con-inner\">\n<div class=\"elementor-element elementor-element-f35cc29 e-con-full e-flex e-con e-child\" data-id=\"f35cc29\" data-element_type=\"container\">\n<div class=\"elementor-element elementor-element-8781411 elementor-widget elementor-widget-woocommerce-archive-description\" data-id=\"8781411\" data-element_type=\"widget\" data-widget_type=\"woocommerce-archive-description.default\"><\/div>\n<\/div>\n<\/div>\n<\/div>\n<\/div>\n<p style=\"text-align: left;\"><!--more--><\/p>\n<p><a href=\"https:\/\/www.csj-emballages.com\/de\/categorie-produit\/lebensmittel\/marinaden\/\">Sehen Sie sich den Rest unseres Marinadensortiments an<\/a><\/p>\n","protected":false},"excerpt":{"rendered":"<p>Mexikanische Marinade Beschreibung von Mexikanische Marinade 5 kg<\/p>\n","protected":false},"featured_media":238941,"template":"","meta":{"_acf_changed":false},"product_brand":[],"product_cat":[1137,1144,1867],"product_tag":[],"class_list":{"0":"post-18507","1":"product","2":"type-product","3":"status-publish","4":"has-post-thumbnail","6":"product_cat-lebensmittelverpackungen","7":"product_cat-lebensmittel","8":"product_cat-marinaden","10":"first","11":"onbackorder","12":"taxable","13":"shipping-taxable","14":"purchasable","15":"product-type-simple"},"acf":[],"yoast_head":"<!-- This site is optimized with the Yoast SEO Premium plugin v26.6 (Yoast SEO v26.6) - https:\/\/yoast.com\/wordpress\/plugins\/seo\/ -->\n<title>Mexikanische Marinade 5 kg<\/title>\n<meta name=\"description\" content=\"Entdecken Sie unsere mexikanische Marinade 5 kg, eine pikante Gew\u00fcrzmischung, mit der Sie Ihr Fleisch verfeinern k\u00f6nnen. Ideal zum Grillen und f\u00fcr w\u00fcrzige Gerichte.\" \/>\n<meta name=\"robots\" content=\"index, follow, max-snippet:-1, max-image-preview:large, max-video-preview:-1\" \/>\n<link rel=\"canonical\" href=\"https:\/\/www.csj-emballages.com\/de\/produit\/mexikanische-marinade-5-kg\/\" \/>\n<meta property=\"og:locale\" content=\"de_DE\" \/>\n<meta property=\"og:type\" content=\"article\" \/>\n<meta property=\"og:title\" content=\"Mexikanische Marinade 5 kg\" \/>\n<meta property=\"og:description\" content=\"Entdecken Sie unsere mexikanische Marinade 5 kg, eine pikante Gew\u00fcrzmischung, mit der Sie Ihr Fleisch verfeinern k\u00f6nnen. Ideal zum Grillen und f\u00fcr w\u00fcrzige Gerichte.\" \/>\n<meta property=\"og:url\" content=\"https:\/\/www.csj-emballages.com\/de\/produit\/mexikanische-marinade-5-kg\/\" \/>\n<meta property=\"og:site_name\" content=\"CSJ Emballages\" \/>\n<meta property=\"article:publisher\" content=\"https:\/\/www.facebook.com\/csjemballages\" \/>\n<meta property=\"article:modified_time\" content=\"2026-03-12T15:03:29+00:00\" \/>\n<meta property=\"og:image\" content=\"https:\/\/www.csj-emballages.com\/wp-content\/uploads\/2024\/03\/marinade-mexicaine.webp\" \/>\n\t<meta property=\"og:image:width\" content=\"800\" \/>\n\t<meta property=\"og:image:height\" content=\"800\" \/>\n\t<meta property=\"og:image:type\" content=\"image\/webp\" \/>\n<meta name=\"twitter:card\" content=\"summary_large_image\" \/>\n<meta name=\"twitter:label1\" content=\"Gesch\u00e4tzte Lesezeit\" \/>\n\t<meta name=\"twitter:data1\" content=\"1\u00a0Minute\" \/>\n<script type=\"application\/ld+json\" class=\"yoast-schema-graph\">{\"@context\":\"https:\/\/schema.org\",\"@graph\":[{\"@type\":\"WebPage\",\"@id\":\"https:\/\/www.csj-emballages.com\/de\/produit\/mexikanische-marinade-5-kg\/\",\"url\":\"https:\/\/www.csj-emballages.com\/de\/produit\/mexikanische-marinade-5-kg\/\",\"name\":\"Mexikanische Marinade 5 kg\",\"isPartOf\":{\"@id\":\"https:\/\/www.csj-emballages.com\/de\/#website\"},\"primaryImageOfPage\":{\"@id\":\"https:\/\/www.csj-emballages.com\/de\/produit\/mexikanische-marinade-5-kg\/#primaryimage\"},\"image\":{\"@id\":\"https:\/\/www.csj-emballages.com\/de\/produit\/mexikanische-marinade-5-kg\/#primaryimage\"},\"thumbnailUrl\":\"https:\/\/www.csj-emballages.com\/wp-content\/uploads\/2024\/03\/Marinade-mexicaine-1.webp\",\"datePublished\":\"2024-03-01T15:59:30+00:00\",\"dateModified\":\"2026-03-12T15:03:29+00:00\",\"description\":\"Entdecken Sie unsere mexikanische Marinade 5 kg, eine pikante Gew\u00fcrzmischung, mit der Sie Ihr Fleisch verfeinern k\u00f6nnen. Ideal zum Grillen und f\u00fcr w\u00fcrzige Gerichte.\",\"breadcrumb\":{\"@id\":\"https:\/\/www.csj-emballages.com\/de\/produit\/mexikanische-marinade-5-kg\/#breadcrumb\"},\"inLanguage\":\"de\",\"potentialAction\":[{\"@type\":\"ReadAction\",\"target\":[\"https:\/\/www.csj-emballages.com\/de\/produit\/mexikanische-marinade-5-kg\/\"]}]},{\"@type\":\"ImageObject\",\"inLanguage\":\"de\",\"@id\":\"https:\/\/www.csj-emballages.com\/de\/produit\/mexikanische-marinade-5-kg\/#primaryimage\",\"url\":\"https:\/\/www.csj-emballages.com\/wp-content\/uploads\/2024\/03\/Marinade-mexicaine-1.webp\",\"contentUrl\":\"https:\/\/www.csj-emballages.com\/wp-content\/uploads\/2024\/03\/Marinade-mexicaine-1.webp\",\"width\":800,\"height\":800,\"caption\":\"Marinade mexicaine\"},{\"@type\":\"BreadcrumbList\",\"@id\":\"https:\/\/www.csj-emballages.com\/de\/produit\/mexikanische-marinade-5-kg\/#breadcrumb\",\"itemListElement\":[{\"@type\":\"ListItem\",\"position\":1,\"name\":\"Accueil\",\"item\":\"https:\/\/www.csj-emballages.com\/de\/universum-lebensmittelverpackungen\/\"},{\"@type\":\"ListItem\",\"position\":2,\"name\":\"Shop\",\"item\":\"https:\/\/www.csj-emballages.com\/shop\/\"},{\"@type\":\"ListItem\",\"position\":3,\"name\":\"Mexikanische Marinade 5 kg\"}]},{\"@type\":\"WebSite\",\"@id\":\"https:\/\/www.csj-emballages.com\/de\/#website\",\"url\":\"https:\/\/www.csj-emballages.com\/de\/\",\"name\":\"CSJ Emballages\",\"description\":\"\",\"publisher\":{\"@id\":\"https:\/\/www.csj-emballages.com\/de\/#organization\"},\"potentialAction\":[{\"@type\":\"SearchAction\",\"target\":{\"@type\":\"EntryPoint\",\"urlTemplate\":\"https:\/\/www.csj-emballages.com\/de\/?s={search_term_string}\"},\"query-input\":{\"@type\":\"PropertyValueSpecification\",\"valueRequired\":true,\"valueName\":\"search_term_string\"}}],\"inLanguage\":\"de\"},{\"@type\":\"Organization\",\"@id\":\"https:\/\/www.csj-emballages.com\/de\/#Organization\/\",\"name\":\"CSJ Emballages\",\"url\":\"https:\/\/www.csj-emballages.com\/de\/\",\"logo\":{\"@type\":\"ImageObject\",\"inLanguage\":\"de\",\"@id\":\"https:\/\/www.csj-emballages.com\/de\/#\/schema\/logo\/image\/\",\"url\":\"https:\/\/www.csj-emballages.com\/wp-content\/uploads\/2023\/10\/logo_csj.webp\",\"contentUrl\":\"https:\/\/www.csj-emballages.com\/wp-content\/uploads\/2023\/10\/logo_csj.webp\",\"width\":250,\"height\":95,\"caption\":\"CSJ Emballages\"},\"image\":{\"@id\":\"https:\/\/www.csj-emballages.com\/de\/#\/schema\/logo\/image\/\"},\"sameAs\":[\"https:\/\/www.facebook.com\/csjemballages\"],\"address\":{\"@type\":\"PostalAddress\",\"streetAddress\":\"ZI La Lechere\",\"addressLocality\":\"Patornay\",\"postalCode\":\"39130\",\"addressCountry\":\"FR\"},\"contactPoint\":[{\"@type\":\"ContactPoint\",\"contactType\":\"Service client\",\"telephone\":\"0384254272\",\"email\":\"contact@csj-emballages.com\"}]}]}<\/script>\n<!-- \/ Yoast SEO Premium plugin. -->","yoast_head_json":{"title":"Mexikanische Marinade 5 kg","description":"Entdecken Sie unsere mexikanische Marinade 5 kg, eine pikante Gew\u00fcrzmischung, mit der Sie Ihr Fleisch verfeinern k\u00f6nnen. Ideal zum Grillen und f\u00fcr w\u00fcrzige Gerichte.","robots":{"index":"index","follow":"follow","max-snippet":"max-snippet:-1","max-image-preview":"max-image-preview:large","max-video-preview":"max-video-preview:-1"},"canonical":"https:\/\/www.csj-emballages.com\/de\/produit\/mexikanische-marinade-5-kg\/","og_locale":"de_DE","og_type":"article","og_title":"Mexikanische Marinade 5 kg","og_description":"Entdecken Sie unsere mexikanische Marinade 5 kg, eine pikante Gew\u00fcrzmischung, mit der Sie Ihr Fleisch verfeinern k\u00f6nnen. Ideal zum Grillen und f\u00fcr w\u00fcrzige Gerichte.","og_url":"https:\/\/www.csj-emballages.com\/de\/produit\/mexikanische-marinade-5-kg\/","og_site_name":"CSJ Emballages","article_publisher":"https:\/\/www.facebook.com\/csjemballages","article_modified_time":"2026-03-12T15:03:29+00:00","og_image":[{"width":800,"height":800,"url":"https:\/\/www.csj-emballages.com\/wp-content\/uploads\/2024\/03\/marinade-mexicaine.webp","type":"image\/webp"}],"twitter_card":"summary_large_image","twitter_misc":{"Gesch\u00e4tzte Lesezeit":"1\u00a0Minute"},"schema":{"@context":"https:\/\/schema.org","@graph":[{"@type":"WebPage","@id":"https:\/\/www.csj-emballages.com\/de\/produit\/mexikanische-marinade-5-kg\/","url":"https:\/\/www.csj-emballages.com\/de\/produit\/mexikanische-marinade-5-kg\/","name":"Mexikanische Marinade 5 kg","isPartOf":{"@id":"https:\/\/www.csj-emballages.com\/de\/#website"},"primaryImageOfPage":{"@id":"https:\/\/www.csj-emballages.com\/de\/produit\/mexikanische-marinade-5-kg\/#primaryimage"},"image":{"@id":"https:\/\/www.csj-emballages.com\/de\/produit\/mexikanische-marinade-5-kg\/#primaryimage"},"thumbnailUrl":"https:\/\/www.csj-emballages.com\/wp-content\/uploads\/2024\/03\/Marinade-mexicaine-1.webp","datePublished":"2024-03-01T15:59:30+00:00","dateModified":"2026-03-12T15:03:29+00:00","description":"Entdecken Sie unsere mexikanische Marinade 5 kg, eine pikante Gew\u00fcrzmischung, mit der Sie Ihr Fleisch verfeinern k\u00f6nnen. Ideal zum Grillen und f\u00fcr w\u00fcrzige Gerichte.","breadcrumb":{"@id":"https:\/\/www.csj-emballages.com\/de\/produit\/mexikanische-marinade-5-kg\/#breadcrumb"},"inLanguage":"de","potentialAction":[{"@type":"ReadAction","target":["https:\/\/www.csj-emballages.com\/de\/produit\/mexikanische-marinade-5-kg\/"]}]},{"@type":"ImageObject","inLanguage":"de","@id":"https:\/\/www.csj-emballages.com\/de\/produit\/mexikanische-marinade-5-kg\/#primaryimage","url":"https:\/\/www.csj-emballages.com\/wp-content\/uploads\/2024\/03\/Marinade-mexicaine-1.webp","contentUrl":"https:\/\/www.csj-emballages.com\/wp-content\/uploads\/2024\/03\/Marinade-mexicaine-1.webp","width":800,"height":800,"caption":"Marinade mexicaine"},{"@type":"BreadcrumbList","@id":"https:\/\/www.csj-emballages.com\/de\/produit\/mexikanische-marinade-5-kg\/#breadcrumb","itemListElement":[{"@type":"ListItem","position":1,"name":"Accueil","item":"https:\/\/www.csj-emballages.com\/de\/universum-lebensmittelverpackungen\/"},{"@type":"ListItem","position":2,"name":"Shop","item":"https:\/\/www.csj-emballages.com\/shop\/"},{"@type":"ListItem","position":3,"name":"Mexikanische Marinade 5 kg"}]},{"@type":"WebSite","@id":"https:\/\/www.csj-emballages.com\/de\/#website","url":"https:\/\/www.csj-emballages.com\/de\/","name":"CSJ Emballages","description":"","publisher":{"@id":"https:\/\/www.csj-emballages.com\/de\/#organization"},"potentialAction":[{"@type":"SearchAction","target":{"@type":"EntryPoint","urlTemplate":"https:\/\/www.csj-emballages.com\/de\/?s={search_term_string}"},"query-input":{"@type":"PropertyValueSpecification","valueRequired":true,"valueName":"search_term_string"}}],"inLanguage":"de"},{"@type":"Organization","@id":"https:\/\/www.csj-emballages.com\/de\/#Organization\/","name":"CSJ Emballages","url":"https:\/\/www.csj-emballages.com\/de\/","logo":{"@type":"ImageObject","inLanguage":"de","@id":"https:\/\/www.csj-emballages.com\/de\/#\/schema\/logo\/image\/","url":"https:\/\/www.csj-emballages.com\/wp-content\/uploads\/2023\/10\/logo_csj.webp","contentUrl":"https:\/\/www.csj-emballages.com\/wp-content\/uploads\/2023\/10\/logo_csj.webp","width":250,"height":95,"caption":"CSJ Emballages"},"image":{"@id":"https:\/\/www.csj-emballages.com\/de\/#\/schema\/logo\/image\/"},"sameAs":["https:\/\/www.facebook.com\/csjemballages"],"address":{"@type":"PostalAddress","streetAddress":"ZI La Lechere","addressLocality":"Patornay","postalCode":"39130","addressCountry":"FR"},"contactPoint":[{"@type":"ContactPoint","contactType":"Service client","telephone":"0384254272","email":"contact@csj-emballages.com"}]}]}},"df_price":67.57,"df_sale_price":"","df_regular_price":67.57,"df_image_link":"https:\/\/www.csj-emballages.com\/wp-content\/uploads\/2024\/03\/Marinade-mexicaine-1-300x300.webp","tiered_pricing_type":"fixed","tiered_pricing_fixed_rules":[],"tiered_pricing_percentage_rules":[],"tiered_pricing_minimum":1,"tiered_pricing_roles_data":[],"_links":{"self":[{"href":"https:\/\/www.csj-emballages.com\/de\/wp-json\/wp\/v2\/product\/18507","targetHints":{"allow":["GET"]}}],"collection":[{"href":"https:\/\/www.csj-emballages.com\/de\/wp-json\/wp\/v2\/product"}],"about":[{"href":"https:\/\/www.csj-emballages.com\/de\/wp-json\/wp\/v2\/types\/product"}],"wp:featuredmedia":[{"embeddable":true,"href":"https:\/\/www.csj-emballages.com\/de\/wp-json\/wp\/v2\/media\/238941"}],"wp:attachment":[{"href":"https:\/\/www.csj-emballages.com\/de\/wp-json\/wp\/v2\/media?parent=18507"}],"wp:term":[{"taxonomy":"product_brand","embeddable":true,"href":"https:\/\/www.csj-emballages.com\/de\/wp-json\/wp\/v2\/product_brand?post=18507"},{"taxonomy":"product_cat","embeddable":true,"href":"https:\/\/www.csj-emballages.com\/de\/wp-json\/wp\/v2\/product_cat?post=18507"},{"taxonomy":"product_tag","embeddable":true,"href":"https:\/\/www.csj-emballages.com\/de\/wp-json\/wp\/v2\/product_tag?post=18507"}],"curies":[{"name":"wp","href":"https:\/\/api.w.org\/{rel}","templated":true}]}}