{"id":18502,"date":"2024-03-01T16:59:31","date_gmt":"2024-03-01T15:59:31","guid":{"rendered":"https:\/\/u15jnbdpoq.preview.infomaniak.website\/produit\/tex-mex-marinade-5-kg\/"},"modified":"2026-04-25T02:10:30","modified_gmt":"2026-04-25T00:10:30","slug":"tex-mex-marinade-5-kg","status":"publish","type":"product","link":"https:\/\/www.csj-emballages.com\/de\/produit\/tex-mex-marinade-5-kg\/","title":{"rendered":"Tex Mex Marinade 5 kg"},"content":{"rendered":"<h2 class=\"p1\">Tex Mex Marinade<\/h2>\n<div style=\"font-family: Roboto, sans-serif;\">\n<div style=\"font-family: Roboto, sans-serif;\">\n<div style=\"font-family: Roboto, sans-serif;\">\n<div style=\"text-align: center;\">\n<div style=\"font-family: Roboto, sans-serif;\">\n<div style=\"font-family: Roboto, sans-serif;\">\n<div style=\"font-family: Roboto, sans-serif;\">\n<div style=\"font-family: Roboto, sans-serif;\">\n<div style=\"font-family: Roboto, sans-serif;\">\n<div style=\"font-family: Roboto, sans-serif; text-align: left;\">\n<hr>\n<h3 style=\"text-align: left;\">Beschreibung von Tex Mex Marinade 5 kg<\/h3>\n<h3 style=\"text-align: left;\"><!--more--><\/h3>\n<p data-start=\"227\" data-end=\"539\">Die <strong>Tex-Mex-Marinade im 5-kg-Eimer<\/strong> ist eine w\u00fcrzige und w\u00e4rmende Marinade, inspiriert von der <strong>Tex-Mex-K\u00fcche<\/strong>. Sie verleiht Fleisch Charakter und eine pikante Note, bewahrt dabei ein angenehmes Aroma-Gleichgewicht. Ideal, um Gerichte zu beleben und Liebhaber intensiver Geschm\u00e4cker zu begeistern. <\/p>\n<p data-start=\"541\" data-end=\"879\">Ihre cremige Textur sorgt f\u00fcr hervorragende Haftung am Fleisch und eine gleichm\u00e4\u00dfige Verteilung der Gew\u00fcrze. Sie dringt effektiv in das Fleisch ein, macht es zarter und verleiht ihm nach dem Garen einen ausgepr\u00e4gten Geschmack. Diese <strong>Marinade<\/strong> ist perfekt f\u00fcr <strong>Gegrilltes, Plancha, Ofen oder Barbecue<\/strong>.  <\/p>\n<p data-start=\"881\" data-end=\"1199\">Die <strong>Tex-Mex-Marinade<\/strong> eignet sich besonders gut f\u00fcr <strong>rotes Fleisch, Gefl\u00fcgel, Spareribs, Spie\u00dfe und Geschnetzeltes<\/strong>. Sie verleiht dem Gargut eine sch\u00f6ne Farbe und wertet die Produkte sowohl in der Auslage als auch auf dem Teller auf. Ihr w\u00fcrziges und k\u00f6stliches Aromaprofil erm\u00f6glicht die Kreation origineller und attraktiver Rezepte.  <\/p>\n<p data-start=\"1201\" data-end=\"1478\">Verpackt im <strong>5-kg-Eimer<\/strong> ist diese <strong>Marinade<\/strong> f\u00fcr den intensiven professionellen Einsatz konzipiert. Sie richtet sich an Metzgereien, Caterer, Rotisserien, Restaurants, Imbisse und Gro\u00dfk\u00fcchen. <\/p>\n<p data-start=\"458\" data-end=\"475\">\n<\/div>\n<\/div>\n<\/div>\n<\/div>\n<\/div>\n<\/div>\n<\/div>\n<\/div>\n<\/div>\n<\/div>\n<p><!--more--><\/p>\n<h4 style=\"text-align: left;\"><strong>Vorteile :<\/strong><\/h4>\n<ul>\n<li data-start=\"1516\" data-end=\"1552\"><strong>W\u00fcrzig-k\u00f6stlicher Tex-Mex-Geschmack<\/strong>.<\/li>\n<li data-start=\"1555\" data-end=\"1603\">Pikante Noten, inspiriert von der Tex-Mex-K\u00fcche.<\/li>\n<li data-start=\"1700\" data-end=\"1748\">Geeignet f\u00fcr <strong>rotes Fleisch, Schweinefleisch und Gefl\u00fcgel<\/strong>.<\/li>\n<li data-start=\"1751\" data-end=\"1801\">Ideal f\u00fcr Barbecue, Plancha und Ofen.<\/li>\n<li data-start=\"1804\" data-end=\"1847\">Sorgt f\u00fcr eine sch\u00f6ne Br\u00e4unung beim Garen.<\/li>\n<li data-start=\"1850\" data-end=\"1899\">Wirtschaftliches Profiformat im <strong>5-kg-Eimer<\/strong>.<\/li>\n<\/ul>\n<p>&nbsp;<\/p>\n<p><!--more--><\/p>\n<h4>Weitere Informationen :<\/h4>\n<ul>\n<li><strong>Verpackung<\/strong>: 5kg Eimer<\/li>\n<\/ul>\n<div class=\"elementor elementor-2384 elementor-location-archive product\" data-elementor-type=\"product-archive\" data-elementor-id=\"2384\" data-elementor-post-type=\"elementor_library\">\n<div class=\"elementor-element elementor-element-c44cccd nt-archive-products e-flex e-con-boxed e-con e-parent e-lazyloaded\" data-id=\"c44cccd\" data-element_type=\"container\">\n<div class=\"e-con-inner\">\n<div class=\"elementor-element elementor-element-f35cc29 e-con-full e-flex e-con e-child\" data-id=\"f35cc29\" data-element_type=\"container\">\n<div class=\"elementor-element elementor-element-8781411 elementor-widget elementor-widget-woocommerce-archive-description\" data-id=\"8781411\" data-element_type=\"widget\" data-widget_type=\"woocommerce-archive-description.default\"><\/div>\n<\/div>\n<\/div>\n<\/div>\n<\/div>\n<p style=\"text-align: left;\"><!--more--><\/p>\n<p><a href=\"https:\/\/www.csj-emballages.com\/de\/categorie-produit\/lebensmittel\/marinaden\/\">Sehen Sie sich den Rest unseres Marinadensortiments an<\/a><\/p>\n","protected":false},"excerpt":{"rendered":"<p>Tex Mex Marinade Beschreibung von Tex Mex Marinade 5 kg<\/p>\n","protected":false},"featured_media":226185,"template":"","meta":{"_acf_changed":false},"product_brand":[],"product_cat":[1137,1144,1867],"product_tag":[],"class_list":{"0":"post-18502","1":"product","2":"type-product","3":"status-publish","4":"has-post-thumbnail","6":"product_cat-lebensmittelverpackungen","7":"product_cat-lebensmittel","8":"product_cat-marinaden","10":"first","11":"instock","12":"taxable","13":"shipping-taxable","14":"purchasable","15":"product-type-simple"},"acf":[],"yoast_head":"<!-- This site is optimized with the Yoast SEO Premium plugin v26.6 (Yoast SEO v26.6) - https:\/\/yoast.com\/wordpress\/plugins\/seo\/ -->\n<title>Tex Mex Marinade 5 kg<\/title>\n<meta name=\"description\" content=\"Verleihen Sie Ihren Grillgerichten mit unserer Tex Mex Marinade 5 kg eine w\u00fcrzige und authentische Note. Ideal f\u00fcr Fleisch und Gem\u00fcse.\" \/>\n<meta name=\"robots\" content=\"index, follow, max-snippet:-1, max-image-preview:large, max-video-preview:-1\" \/>\n<link rel=\"canonical\" href=\"https:\/\/www.csj-emballages.com\/de\/produit\/tex-mex-marinade-5-kg\/\" \/>\n<meta property=\"og:locale\" content=\"de_DE\" \/>\n<meta property=\"og:type\" content=\"article\" \/>\n<meta property=\"og:title\" content=\"Tex Mex Marinade 5 kg\" \/>\n<meta property=\"og:description\" content=\"Verleihen Sie Ihren Grillgerichten mit unserer Tex Mex Marinade 5 kg eine w\u00fcrzige und authentische Note. Ideal f\u00fcr Fleisch und Gem\u00fcse.\" \/>\n<meta property=\"og:url\" content=\"https:\/\/www.csj-emballages.com\/de\/produit\/tex-mex-marinade-5-kg\/\" \/>\n<meta property=\"og:site_name\" content=\"CSJ Emballages\" \/>\n<meta property=\"article:publisher\" content=\"https:\/\/www.facebook.com\/csjemballages\" \/>\n<meta property=\"article:modified_time\" content=\"2026-04-25T00:10:30+00:00\" \/>\n<meta property=\"og:image\" content=\"https:\/\/www.csj-emballages.com\/wp-content\/uploads\/2024\/03\/marinade-tex-mex.webp\" \/>\n\t<meta property=\"og:image:width\" content=\"800\" \/>\n\t<meta property=\"og:image:height\" content=\"800\" \/>\n\t<meta property=\"og:image:type\" content=\"image\/webp\" \/>\n<meta name=\"twitter:card\" content=\"summary_large_image\" \/>\n<meta name=\"twitter:label1\" content=\"Gesch\u00e4tzte Lesezeit\" \/>\n\t<meta name=\"twitter:data1\" content=\"1\u00a0Minute\" \/>\n<script type=\"application\/ld+json\" class=\"yoast-schema-graph\">{\"@context\":\"https:\/\/schema.org\",\"@graph\":[{\"@type\":\"WebPage\",\"@id\":\"https:\/\/www.csj-emballages.com\/de\/produit\/tex-mex-marinade-5-kg\/\",\"url\":\"https:\/\/www.csj-emballages.com\/de\/produit\/tex-mex-marinade-5-kg\/\",\"name\":\"Tex Mex Marinade 5 kg\",\"isPartOf\":{\"@id\":\"https:\/\/www.csj-emballages.com\/de\/#website\"},\"primaryImageOfPage\":{\"@id\":\"https:\/\/www.csj-emballages.com\/de\/produit\/tex-mex-marinade-5-kg\/#primaryimage\"},\"image\":{\"@id\":\"https:\/\/www.csj-emballages.com\/de\/produit\/tex-mex-marinade-5-kg\/#primaryimage\"},\"thumbnailUrl\":\"https:\/\/www.csj-emballages.com\/wp-content\/uploads\/2024\/03\/marinade-tex-mex.webp\",\"datePublished\":\"2024-03-01T15:59:31+00:00\",\"dateModified\":\"2026-04-25T00:10:30+00:00\",\"description\":\"Verleihen Sie Ihren Grillgerichten mit unserer Tex Mex Marinade 5 kg eine w\u00fcrzige und authentische Note. Ideal f\u00fcr Fleisch und Gem\u00fcse.\",\"breadcrumb\":{\"@id\":\"https:\/\/www.csj-emballages.com\/de\/produit\/tex-mex-marinade-5-kg\/#breadcrumb\"},\"inLanguage\":\"de\",\"potentialAction\":[{\"@type\":\"ReadAction\",\"target\":[\"https:\/\/www.csj-emballages.com\/de\/produit\/tex-mex-marinade-5-kg\/\"]}]},{\"@type\":\"ImageObject\",\"inLanguage\":\"de\",\"@id\":\"https:\/\/www.csj-emballages.com\/de\/produit\/tex-mex-marinade-5-kg\/#primaryimage\",\"url\":\"https:\/\/www.csj-emballages.com\/wp-content\/uploads\/2024\/03\/marinade-tex-mex.webp\",\"contentUrl\":\"https:\/\/www.csj-emballages.com\/wp-content\/uploads\/2024\/03\/marinade-tex-mex.webp\",\"width\":800,\"height\":800,\"caption\":\"Marinade Tex Mex\"},{\"@type\":\"BreadcrumbList\",\"@id\":\"https:\/\/www.csj-emballages.com\/de\/produit\/tex-mex-marinade-5-kg\/#breadcrumb\",\"itemListElement\":[{\"@type\":\"ListItem\",\"position\":1,\"name\":\"Accueil\",\"item\":\"https:\/\/www.csj-emballages.com\/de\/universum-lebensmittelverpackungen\/\"},{\"@type\":\"ListItem\",\"position\":2,\"name\":\"Shop\",\"item\":\"https:\/\/www.csj-emballages.com\/shop\/\"},{\"@type\":\"ListItem\",\"position\":3,\"name\":\"Tex Mex Marinade 5 kg\"}]},{\"@type\":\"WebSite\",\"@id\":\"https:\/\/www.csj-emballages.com\/de\/#website\",\"url\":\"https:\/\/www.csj-emballages.com\/de\/\",\"name\":\"CSJ Emballages\",\"description\":\"\",\"publisher\":{\"@id\":\"https:\/\/www.csj-emballages.com\/de\/#organization\"},\"potentialAction\":[{\"@type\":\"SearchAction\",\"target\":{\"@type\":\"EntryPoint\",\"urlTemplate\":\"https:\/\/www.csj-emballages.com\/de\/?s={search_term_string}\"},\"query-input\":{\"@type\":\"PropertyValueSpecification\",\"valueRequired\":true,\"valueName\":\"search_term_string\"}}],\"inLanguage\":\"de\"},{\"@type\":\"Organization\",\"@id\":\"https:\/\/www.csj-emballages.com\/de\/#Organization\/\",\"name\":\"CSJ Emballages\",\"url\":\"https:\/\/www.csj-emballages.com\/de\/\",\"logo\":{\"@type\":\"ImageObject\",\"inLanguage\":\"de\",\"@id\":\"https:\/\/www.csj-emballages.com\/de\/#\/schema\/logo\/image\/\",\"url\":\"https:\/\/www.csj-emballages.com\/wp-content\/uploads\/2023\/10\/logo_csj.webp\",\"contentUrl\":\"https:\/\/www.csj-emballages.com\/wp-content\/uploads\/2023\/10\/logo_csj.webp\",\"width\":250,\"height\":95,\"caption\":\"CSJ Emballages\"},\"image\":{\"@id\":\"https:\/\/www.csj-emballages.com\/de\/#\/schema\/logo\/image\/\"},\"sameAs\":[\"https:\/\/www.facebook.com\/csjemballages\"],\"address\":{\"@type\":\"PostalAddress\",\"streetAddress\":\"ZI La Lechere\",\"addressLocality\":\"Patornay\",\"postalCode\":\"39130\",\"addressCountry\":\"FR\"},\"contactPoint\":[{\"@type\":\"ContactPoint\",\"contactType\":\"Service client\",\"telephone\":\"0384254272\",\"email\":\"contact@csj-emballages.com\"}]}]}<\/script>\n<!-- \/ Yoast SEO Premium plugin. -->","yoast_head_json":{"title":"Tex Mex Marinade 5 kg","description":"Verleihen Sie Ihren Grillgerichten mit unserer Tex Mex Marinade 5 kg eine w\u00fcrzige und authentische Note. Ideal f\u00fcr Fleisch und Gem\u00fcse.","robots":{"index":"index","follow":"follow","max-snippet":"max-snippet:-1","max-image-preview":"max-image-preview:large","max-video-preview":"max-video-preview:-1"},"canonical":"https:\/\/www.csj-emballages.com\/de\/produit\/tex-mex-marinade-5-kg\/","og_locale":"de_DE","og_type":"article","og_title":"Tex Mex Marinade 5 kg","og_description":"Verleihen Sie Ihren Grillgerichten mit unserer Tex Mex Marinade 5 kg eine w\u00fcrzige und authentische Note. Ideal f\u00fcr Fleisch und Gem\u00fcse.","og_url":"https:\/\/www.csj-emballages.com\/de\/produit\/tex-mex-marinade-5-kg\/","og_site_name":"CSJ Emballages","article_publisher":"https:\/\/www.facebook.com\/csjemballages","article_modified_time":"2026-04-25T00:10:30+00:00","og_image":[{"width":800,"height":800,"url":"https:\/\/www.csj-emballages.com\/wp-content\/uploads\/2024\/03\/marinade-tex-mex.webp","type":"image\/webp"}],"twitter_card":"summary_large_image","twitter_misc":{"Gesch\u00e4tzte Lesezeit":"1\u00a0Minute"},"schema":{"@context":"https:\/\/schema.org","@graph":[{"@type":"WebPage","@id":"https:\/\/www.csj-emballages.com\/de\/produit\/tex-mex-marinade-5-kg\/","url":"https:\/\/www.csj-emballages.com\/de\/produit\/tex-mex-marinade-5-kg\/","name":"Tex Mex Marinade 5 kg","isPartOf":{"@id":"https:\/\/www.csj-emballages.com\/de\/#website"},"primaryImageOfPage":{"@id":"https:\/\/www.csj-emballages.com\/de\/produit\/tex-mex-marinade-5-kg\/#primaryimage"},"image":{"@id":"https:\/\/www.csj-emballages.com\/de\/produit\/tex-mex-marinade-5-kg\/#primaryimage"},"thumbnailUrl":"https:\/\/www.csj-emballages.com\/wp-content\/uploads\/2024\/03\/marinade-tex-mex.webp","datePublished":"2024-03-01T15:59:31+00:00","dateModified":"2026-04-25T00:10:30+00:00","description":"Verleihen Sie Ihren Grillgerichten mit unserer Tex Mex Marinade 5 kg eine w\u00fcrzige und authentische Note. Ideal f\u00fcr Fleisch und Gem\u00fcse.","breadcrumb":{"@id":"https:\/\/www.csj-emballages.com\/de\/produit\/tex-mex-marinade-5-kg\/#breadcrumb"},"inLanguage":"de","potentialAction":[{"@type":"ReadAction","target":["https:\/\/www.csj-emballages.com\/de\/produit\/tex-mex-marinade-5-kg\/"]}]},{"@type":"ImageObject","inLanguage":"de","@id":"https:\/\/www.csj-emballages.com\/de\/produit\/tex-mex-marinade-5-kg\/#primaryimage","url":"https:\/\/www.csj-emballages.com\/wp-content\/uploads\/2024\/03\/marinade-tex-mex.webp","contentUrl":"https:\/\/www.csj-emballages.com\/wp-content\/uploads\/2024\/03\/marinade-tex-mex.webp","width":800,"height":800,"caption":"Marinade Tex Mex"},{"@type":"BreadcrumbList","@id":"https:\/\/www.csj-emballages.com\/de\/produit\/tex-mex-marinade-5-kg\/#breadcrumb","itemListElement":[{"@type":"ListItem","position":1,"name":"Accueil","item":"https:\/\/www.csj-emballages.com\/de\/universum-lebensmittelverpackungen\/"},{"@type":"ListItem","position":2,"name":"Shop","item":"https:\/\/www.csj-emballages.com\/shop\/"},{"@type":"ListItem","position":3,"name":"Tex Mex Marinade 5 kg"}]},{"@type":"WebSite","@id":"https:\/\/www.csj-emballages.com\/de\/#website","url":"https:\/\/www.csj-emballages.com\/de\/","name":"CSJ Emballages","description":"","publisher":{"@id":"https:\/\/www.csj-emballages.com\/de\/#organization"},"potentialAction":[{"@type":"SearchAction","target":{"@type":"EntryPoint","urlTemplate":"https:\/\/www.csj-emballages.com\/de\/?s={search_term_string}"},"query-input":{"@type":"PropertyValueSpecification","valueRequired":true,"valueName":"search_term_string"}}],"inLanguage":"de"},{"@type":"Organization","@id":"https:\/\/www.csj-emballages.com\/de\/#Organization\/","name":"CSJ Emballages","url":"https:\/\/www.csj-emballages.com\/de\/","logo":{"@type":"ImageObject","inLanguage":"de","@id":"https:\/\/www.csj-emballages.com\/de\/#\/schema\/logo\/image\/","url":"https:\/\/www.csj-emballages.com\/wp-content\/uploads\/2023\/10\/logo_csj.webp","contentUrl":"https:\/\/www.csj-emballages.com\/wp-content\/uploads\/2023\/10\/logo_csj.webp","width":250,"height":95,"caption":"CSJ Emballages"},"image":{"@id":"https:\/\/www.csj-emballages.com\/de\/#\/schema\/logo\/image\/"},"sameAs":["https:\/\/www.facebook.com\/csjemballages"],"address":{"@type":"PostalAddress","streetAddress":"ZI La Lechere","addressLocality":"Patornay","postalCode":"39130","addressCountry":"FR"},"contactPoint":[{"@type":"ContactPoint","contactType":"Service client","telephone":"0384254272","email":"contact@csj-emballages.com"}]}]}},"df_price":53.12,"df_sale_price":"","df_regular_price":53.12,"df_image_link":"https:\/\/www.csj-emballages.com\/wp-content\/uploads\/2024\/03\/marinade-tex-mex-300x300.webp","tiered_pricing_type":"fixed","tiered_pricing_fixed_rules":[],"tiered_pricing_percentage_rules":[],"tiered_pricing_minimum":1,"tiered_pricing_roles_data":[],"_links":{"self":[{"href":"https:\/\/www.csj-emballages.com\/de\/wp-json\/wp\/v2\/product\/18502","targetHints":{"allow":["GET"]}}],"collection":[{"href":"https:\/\/www.csj-emballages.com\/de\/wp-json\/wp\/v2\/product"}],"about":[{"href":"https:\/\/www.csj-emballages.com\/de\/wp-json\/wp\/v2\/types\/product"}],"wp:featuredmedia":[{"embeddable":true,"href":"https:\/\/www.csj-emballages.com\/de\/wp-json\/wp\/v2\/media\/226185"}],"wp:attachment":[{"href":"https:\/\/www.csj-emballages.com\/de\/wp-json\/wp\/v2\/media?parent=18502"}],"wp:term":[{"taxonomy":"product_brand","embeddable":true,"href":"https:\/\/www.csj-emballages.com\/de\/wp-json\/wp\/v2\/product_brand?post=18502"},{"taxonomy":"product_cat","embeddable":true,"href":"https:\/\/www.csj-emballages.com\/de\/wp-json\/wp\/v2\/product_cat?post=18502"},{"taxonomy":"product_tag","embeddable":true,"href":"https:\/\/www.csj-emballages.com\/de\/wp-json\/wp\/v2\/product_tag?post=18502"}],"curies":[{"name":"wp","href":"https:\/\/api.w.org\/{rel}","templated":true}]}}