{"id":18497,"date":"2024-03-01T16:59:32","date_gmt":"2024-03-01T15:59:32","guid":{"rendered":"https:\/\/u15jnbdpoq.preview.infomaniak.website\/produit\/knoblauch-kraeuter-marinade-3-kg\/"},"modified":"2026-04-25T02:10:28","modified_gmt":"2026-04-25T00:10:28","slug":"knoblauch-kraeuter-marinade-3-kg","status":"publish","type":"product","link":"https:\/\/www.csj-emballages.com\/de\/produit\/knoblauch-kraeuter-marinade-3-kg\/","title":{"rendered":"Knoblauch-Kr\u00e4uter-Marinade 3 kg"},"content":{"rendered":"<h2>Knoblauch-Kr\u00e4uter-Marinade<\/h2>\n<div style=\"font-family: Roboto, sans-serif;\">\n<div style=\"font-family: Roboto, sans-serif;\">\n<div style=\"font-family: Roboto, sans-serif;\">\n<div style=\"text-align: center;\">\n<div style=\"font-family: Roboto, sans-serif;\">\n<div style=\"font-family: Roboto, sans-serif;\">\n<div style=\"font-family: Roboto, sans-serif;\">\n<div style=\"font-family: Roboto, sans-serif;\">\n<div style=\"font-family: Roboto, sans-serif;\">\n<div style=\"font-family: Roboto, sans-serif; text-align: left;\">\n<hr>\n<h3 style=\"text-align: left;\">Beschreibung von Knoblauch-Kr\u00e4uter-Marinade 3 kg<!--more--><\/h3>\n<p data-start=\"0\" data-end=\"565\">Verleihen Sie Ihren Gerichten eine schmackhafte Note mit unserer <strong data-start=\"87\" data-end=\"123\" data-is-only-node=\"\">Knoblauch-Kr\u00e4uter-Sauce 3 kg<\/strong>. Hergestellt aus einer ausgewogenen Mischung von Knoblauch und aromatischen Kr\u00e4utern, verleiht diese <strong>Marinade<\/strong> Fleisch, Fisch und Gem\u00fcse einen intensiven und authentischen Geschmack. Ihre fl\u00fcssige Textur erm\u00f6glicht eine optimale Aufnahme f\u00fcr eine gleichm\u00e4\u00dfige Verteilung der Aromen. Ideal f\u00fcr Metzger, Caterer, Gastronomen und Privatpersonen, eignet sie sich gleicherma\u00dfen zum Braten in der Pfanne, im Ofen oder auf dem Grill.<\/p>\n<\/div>\n<\/div>\n<p style=\"text-align: left;\" data-start=\"0\" data-end=\"565\">\n<div style=\"font-family: Roboto, sans-serif;\">\n<div style=\"font-family: Roboto, sans-serif; text-align: left;\">\n<p data-start=\"567\" data-end=\"584\"><!--more--><\/p>\n<\/div>\n<\/div>\n<\/div>\n<\/div>\n<\/div>\n<\/div>\n<\/div>\n<\/div>\n<\/div>\n<\/div>\n<p><strong><span style=\"color: #ff0000;\">MHD \u00fcberschritten: 05\/2025<\/span><\/strong><\/p>\n<p>&nbsp;<\/p>\n<p><!--more--><\/p>\n<h4 style=\"text-align: left;\"><strong>Vorteile :<\/strong><\/h4>\n<ul>\n<li data-start=\"585\" data-end=\"686\"><strong data-start=\"587\" data-end=\"603\">Intensiver Geschmack<\/strong>: Perfekte Kombination aus Knoblauch und Kr\u00e4utern f\u00fcr einen ausgewogenen Geschmack.<\/li>\n<li data-start=\"687\" data-end=\"762\"><strong data-start=\"689\" data-end=\"704\">Vielseitig<\/strong> einsetzbar : Geeignet f\u00fcr Fleisch, Fisch, Gem\u00fcse und Gegrilltes.<\/li>\n<li data-start=\"763\" data-end=\"852\"><strong data-start=\"765\" data-end=\"789\">Einfache Anwendung<\/strong>: Fl\u00fcssige Textur, die eine schnelle und gleichm\u00e4\u00dfige Absorption gew\u00e4hrleistet.<\/li>\n<li data-start=\"853\" data-end=\"940\" data-is-only-node=\"\"><strong data-start=\"855\" data-end=\"876\">Sparformat<\/strong>: 3-kg-Eimer, ideal f\u00fcr den professionellen oder famili\u00e4ren Gebrauch.<\/li>\n<\/ul>\n<p>&nbsp;<\/p>\n<p><!--more--><\/p>\n<h4>Weitere Informationen :<\/h4>\n<ul>\n<li><strong>Verpackung<\/strong>: 3kg Eimer<\/li>\n<\/ul>\n<div class=\"elementor elementor-2384 elementor-location-archive product\" data-elementor-type=\"product-archive\" data-elementor-id=\"2384\" data-elementor-post-type=\"elementor_library\">\n<div class=\"elementor-element elementor-element-c44cccd nt-archive-products e-flex e-con-boxed e-con e-parent e-lazyloaded\" data-id=\"c44cccd\" data-element_type=\"container\">\n<div class=\"e-con-inner\">\n<div class=\"elementor-element elementor-element-f35cc29 e-con-full e-flex e-con e-child\" data-id=\"f35cc29\" data-element_type=\"container\">\n<div class=\"elementor-element elementor-element-8781411 elementor-widget elementor-widget-woocommerce-archive-description\" data-id=\"8781411\" data-element_type=\"widget\" data-widget_type=\"woocommerce-archive-description.default\"><\/div>\n<\/div>\n<\/div>\n<\/div>\n<\/div>\n<p style=\"text-align: left;\"><!--more--><\/p>\n<p><a href=\"https:\/\/www.csj-emballages.com\/de\/categorie-produit\/lebensmittel\/marinaden\/\">Sehen Sie sich den Rest unseres Marinadensortiments an<\/a><\/p>\n","protected":false},"excerpt":{"rendered":"<p>Datum abgelaufen 06\/2025<\/p>\n","protected":false},"featured_media":238860,"template":"","meta":{"_acf_changed":false},"product_brand":[],"product_cat":[1137,10243,1144,1867,11576],"product_tag":[],"class_list":{"0":"post-18497","1":"product","2":"type-product","3":"status-publish","4":"has-post-thumbnail","6":"product_cat-lebensmittelverpackungen","7":"product_cat-anti-verschwendung","8":"product_cat-lebensmittel","9":"product_cat-marinaden","10":"product_cat-lagerbestand","12":"first","13":"instock","14":"sale","15":"taxable","16":"shipping-taxable","17":"purchasable","18":"product-type-simple"},"acf":[],"yoast_head":"<!-- This site is optimized with the Yoast SEO Premium plugin v26.6 (Yoast SEO v26.6) - https:\/\/yoast.com\/wordpress\/plugins\/seo\/ -->\n<title>Marinade Knoblauch Feine Kr\u00e4uter 3 kg<\/title>\n<meta name=\"description\" content=\"Verfeinern Sie Ihre Gerichte mit unserer Knoblauch-Kr\u00e4uter-Marinade 3kg. Es ist ideal f\u00fcr Fleisch, Fisch und Gem\u00fcse und bietet einen intensiven Geschmack.\" \/>\n<meta name=\"robots\" content=\"index, follow, max-snippet:-1, max-image-preview:large, max-video-preview:-1\" \/>\n<link rel=\"canonical\" href=\"https:\/\/www.csj-emballages.com\/de\/produit\/knoblauch-kraeuter-marinade-3-kg\/\" \/>\n<meta property=\"og:locale\" content=\"de_DE\" \/>\n<meta property=\"og:type\" content=\"article\" \/>\n<meta property=\"og:title\" content=\"Knoblauch-Kr\u00e4uter-Marinade 3 kg\" \/>\n<meta property=\"og:description\" content=\"Verfeinern Sie Ihre Gerichte mit unserer Knoblauch-Kr\u00e4uter-Marinade 3kg. Es ist ideal f\u00fcr Fleisch, Fisch und Gem\u00fcse und bietet einen intensiven Geschmack.\" \/>\n<meta property=\"og:url\" content=\"https:\/\/www.csj-emballages.com\/de\/produit\/knoblauch-kraeuter-marinade-3-kg\/\" \/>\n<meta property=\"og:site_name\" content=\"CSJ Emballages\" \/>\n<meta property=\"article:publisher\" content=\"https:\/\/www.facebook.com\/csjemballages\" \/>\n<meta property=\"article:modified_time\" content=\"2026-04-25T00:10:28+00:00\" \/>\n<meta property=\"og:image\" content=\"https:\/\/www.csj-emballages.com\/wp-content\/uploads\/2024\/03\/Marinade-ail-fines-herbes.webp\" \/>\n\t<meta property=\"og:image:width\" content=\"800\" \/>\n\t<meta property=\"og:image:height\" content=\"800\" \/>\n\t<meta property=\"og:image:type\" content=\"image\/webp\" \/>\n<meta name=\"twitter:card\" content=\"summary_large_image\" \/>\n<meta name=\"twitter:label1\" content=\"Gesch\u00e4tzte Lesezeit\" \/>\n\t<meta name=\"twitter:data1\" content=\"1\u00a0Minute\" \/>\n<script type=\"application\/ld+json\" class=\"yoast-schema-graph\">{\"@context\":\"https:\/\/schema.org\",\"@graph\":[{\"@type\":\"WebPage\",\"@id\":\"https:\/\/www.csj-emballages.com\/de\/produit\/knoblauch-kraeuter-marinade-3-kg\/\",\"url\":\"https:\/\/www.csj-emballages.com\/de\/produit\/knoblauch-kraeuter-marinade-3-kg\/\",\"name\":\"Marinade Knoblauch Feine Kr\u00e4uter 3 kg\",\"isPartOf\":{\"@id\":\"https:\/\/www.csj-emballages.com\/de\/#website\"},\"primaryImageOfPage\":{\"@id\":\"https:\/\/www.csj-emballages.com\/de\/produit\/knoblauch-kraeuter-marinade-3-kg\/#primaryimage\"},\"image\":{\"@id\":\"https:\/\/www.csj-emballages.com\/de\/produit\/knoblauch-kraeuter-marinade-3-kg\/#primaryimage\"},\"thumbnailUrl\":\"https:\/\/www.csj-emballages.com\/wp-content\/uploads\/2024\/03\/Marinade-ail-fines-herbes.webp\",\"datePublished\":\"2024-03-01T15:59:32+00:00\",\"dateModified\":\"2026-04-25T00:10:28+00:00\",\"description\":\"Verfeinern Sie Ihre Gerichte mit unserer Knoblauch-Kr\u00e4uter-Marinade 3kg. Es ist ideal f\u00fcr Fleisch, Fisch und Gem\u00fcse und bietet einen intensiven Geschmack.\",\"breadcrumb\":{\"@id\":\"https:\/\/www.csj-emballages.com\/de\/produit\/knoblauch-kraeuter-marinade-3-kg\/#breadcrumb\"},\"inLanguage\":\"de\",\"potentialAction\":[{\"@type\":\"ReadAction\",\"target\":[\"https:\/\/www.csj-emballages.com\/de\/produit\/knoblauch-kraeuter-marinade-3-kg\/\"]}]},{\"@type\":\"ImageObject\",\"inLanguage\":\"de\",\"@id\":\"https:\/\/www.csj-emballages.com\/de\/produit\/knoblauch-kraeuter-marinade-3-kg\/#primaryimage\",\"url\":\"https:\/\/www.csj-emballages.com\/wp-content\/uploads\/2024\/03\/Marinade-ail-fines-herbes.webp\",\"contentUrl\":\"https:\/\/www.csj-emballages.com\/wp-content\/uploads\/2024\/03\/Marinade-ail-fines-herbes.webp\",\"width\":800,\"height\":800,\"caption\":\"Marinade ail fines herbes\"},{\"@type\":\"BreadcrumbList\",\"@id\":\"https:\/\/www.csj-emballages.com\/de\/produit\/knoblauch-kraeuter-marinade-3-kg\/#breadcrumb\",\"itemListElement\":[{\"@type\":\"ListItem\",\"position\":1,\"name\":\"Accueil\",\"item\":\"https:\/\/www.csj-emballages.com\/de\/universum-lebensmittelverpackungen\/\"},{\"@type\":\"ListItem\",\"position\":2,\"name\":\"Shop\",\"item\":\"https:\/\/www.csj-emballages.com\/shop\/\"},{\"@type\":\"ListItem\",\"position\":3,\"name\":\"Knoblauch-Kr\u00e4uter-Marinade 3 kg\"}]},{\"@type\":\"WebSite\",\"@id\":\"https:\/\/www.csj-emballages.com\/de\/#website\",\"url\":\"https:\/\/www.csj-emballages.com\/de\/\",\"name\":\"CSJ Emballages\",\"description\":\"\",\"publisher\":{\"@id\":\"https:\/\/www.csj-emballages.com\/de\/#organization\"},\"potentialAction\":[{\"@type\":\"SearchAction\",\"target\":{\"@type\":\"EntryPoint\",\"urlTemplate\":\"https:\/\/www.csj-emballages.com\/de\/?s={search_term_string}\"},\"query-input\":{\"@type\":\"PropertyValueSpecification\",\"valueRequired\":true,\"valueName\":\"search_term_string\"}}],\"inLanguage\":\"de\"},{\"@type\":\"Organization\",\"@id\":\"https:\/\/www.csj-emballages.com\/de\/#Organization\/\",\"name\":\"CSJ Emballages\",\"url\":\"https:\/\/www.csj-emballages.com\/de\/\",\"logo\":{\"@type\":\"ImageObject\",\"inLanguage\":\"de\",\"@id\":\"https:\/\/www.csj-emballages.com\/de\/#\/schema\/logo\/image\/\",\"url\":\"https:\/\/www.csj-emballages.com\/wp-content\/uploads\/2023\/10\/logo_csj.webp\",\"contentUrl\":\"https:\/\/www.csj-emballages.com\/wp-content\/uploads\/2023\/10\/logo_csj.webp\",\"width\":250,\"height\":95,\"caption\":\"CSJ Emballages\"},\"image\":{\"@id\":\"https:\/\/www.csj-emballages.com\/de\/#\/schema\/logo\/image\/\"},\"sameAs\":[\"https:\/\/www.facebook.com\/csjemballages\"],\"address\":{\"@type\":\"PostalAddress\",\"streetAddress\":\"ZI La Lechere\",\"addressLocality\":\"Patornay\",\"postalCode\":\"39130\",\"addressCountry\":\"FR\"},\"contactPoint\":[{\"@type\":\"ContactPoint\",\"contactType\":\"Service client\",\"telephone\":\"0384254272\",\"email\":\"contact@csj-emballages.com\"}]}]}<\/script>\n<!-- \/ Yoast SEO Premium plugin. -->","yoast_head_json":{"title":"Marinade Knoblauch Feine Kr\u00e4uter 3 kg","description":"Verfeinern Sie Ihre Gerichte mit unserer Knoblauch-Kr\u00e4uter-Marinade 3kg. Es ist ideal f\u00fcr Fleisch, Fisch und Gem\u00fcse und bietet einen intensiven Geschmack.","robots":{"index":"index","follow":"follow","max-snippet":"max-snippet:-1","max-image-preview":"max-image-preview:large","max-video-preview":"max-video-preview:-1"},"canonical":"https:\/\/www.csj-emballages.com\/de\/produit\/knoblauch-kraeuter-marinade-3-kg\/","og_locale":"de_DE","og_type":"article","og_title":"Knoblauch-Kr\u00e4uter-Marinade 3 kg","og_description":"Verfeinern Sie Ihre Gerichte mit unserer Knoblauch-Kr\u00e4uter-Marinade 3kg. Es ist ideal f\u00fcr Fleisch, Fisch und Gem\u00fcse und bietet einen intensiven Geschmack.","og_url":"https:\/\/www.csj-emballages.com\/de\/produit\/knoblauch-kraeuter-marinade-3-kg\/","og_site_name":"CSJ Emballages","article_publisher":"https:\/\/www.facebook.com\/csjemballages","article_modified_time":"2026-04-25T00:10:28+00:00","og_image":[{"width":800,"height":800,"url":"https:\/\/www.csj-emballages.com\/wp-content\/uploads\/2024\/03\/Marinade-ail-fines-herbes.webp","type":"image\/webp"}],"twitter_card":"summary_large_image","twitter_misc":{"Gesch\u00e4tzte Lesezeit":"1\u00a0Minute"},"schema":{"@context":"https:\/\/schema.org","@graph":[{"@type":"WebPage","@id":"https:\/\/www.csj-emballages.com\/de\/produit\/knoblauch-kraeuter-marinade-3-kg\/","url":"https:\/\/www.csj-emballages.com\/de\/produit\/knoblauch-kraeuter-marinade-3-kg\/","name":"Marinade Knoblauch Feine Kr\u00e4uter 3 kg","isPartOf":{"@id":"https:\/\/www.csj-emballages.com\/de\/#website"},"primaryImageOfPage":{"@id":"https:\/\/www.csj-emballages.com\/de\/produit\/knoblauch-kraeuter-marinade-3-kg\/#primaryimage"},"image":{"@id":"https:\/\/www.csj-emballages.com\/de\/produit\/knoblauch-kraeuter-marinade-3-kg\/#primaryimage"},"thumbnailUrl":"https:\/\/www.csj-emballages.com\/wp-content\/uploads\/2024\/03\/Marinade-ail-fines-herbes.webp","datePublished":"2024-03-01T15:59:32+00:00","dateModified":"2026-04-25T00:10:28+00:00","description":"Verfeinern Sie Ihre Gerichte mit unserer Knoblauch-Kr\u00e4uter-Marinade 3kg. Es ist ideal f\u00fcr Fleisch, Fisch und Gem\u00fcse und bietet einen intensiven Geschmack.","breadcrumb":{"@id":"https:\/\/www.csj-emballages.com\/de\/produit\/knoblauch-kraeuter-marinade-3-kg\/#breadcrumb"},"inLanguage":"de","potentialAction":[{"@type":"ReadAction","target":["https:\/\/www.csj-emballages.com\/de\/produit\/knoblauch-kraeuter-marinade-3-kg\/"]}]},{"@type":"ImageObject","inLanguage":"de","@id":"https:\/\/www.csj-emballages.com\/de\/produit\/knoblauch-kraeuter-marinade-3-kg\/#primaryimage","url":"https:\/\/www.csj-emballages.com\/wp-content\/uploads\/2024\/03\/Marinade-ail-fines-herbes.webp","contentUrl":"https:\/\/www.csj-emballages.com\/wp-content\/uploads\/2024\/03\/Marinade-ail-fines-herbes.webp","width":800,"height":800,"caption":"Marinade ail fines herbes"},{"@type":"BreadcrumbList","@id":"https:\/\/www.csj-emballages.com\/de\/produit\/knoblauch-kraeuter-marinade-3-kg\/#breadcrumb","itemListElement":[{"@type":"ListItem","position":1,"name":"Accueil","item":"https:\/\/www.csj-emballages.com\/de\/universum-lebensmittelverpackungen\/"},{"@type":"ListItem","position":2,"name":"Shop","item":"https:\/\/www.csj-emballages.com\/shop\/"},{"@type":"ListItem","position":3,"name":"Knoblauch-Kr\u00e4uter-Marinade 3 kg"}]},{"@type":"WebSite","@id":"https:\/\/www.csj-emballages.com\/de\/#website","url":"https:\/\/www.csj-emballages.com\/de\/","name":"CSJ Emballages","description":"","publisher":{"@id":"https:\/\/www.csj-emballages.com\/de\/#organization"},"potentialAction":[{"@type":"SearchAction","target":{"@type":"EntryPoint","urlTemplate":"https:\/\/www.csj-emballages.com\/de\/?s={search_term_string}"},"query-input":{"@type":"PropertyValueSpecification","valueRequired":true,"valueName":"search_term_string"}}],"inLanguage":"de"},{"@type":"Organization","@id":"https:\/\/www.csj-emballages.com\/de\/#Organization\/","name":"CSJ Emballages","url":"https:\/\/www.csj-emballages.com\/de\/","logo":{"@type":"ImageObject","inLanguage":"de","@id":"https:\/\/www.csj-emballages.com\/de\/#\/schema\/logo\/image\/","url":"https:\/\/www.csj-emballages.com\/wp-content\/uploads\/2023\/10\/logo_csj.webp","contentUrl":"https:\/\/www.csj-emballages.com\/wp-content\/uploads\/2023\/10\/logo_csj.webp","width":250,"height":95,"caption":"CSJ Emballages"},"image":{"@id":"https:\/\/www.csj-emballages.com\/de\/#\/schema\/logo\/image\/"},"sameAs":["https:\/\/www.facebook.com\/csjemballages"],"address":{"@type":"PostalAddress","streetAddress":"ZI La Lechere","addressLocality":"Patornay","postalCode":"39130","addressCountry":"FR"},"contactPoint":[{"@type":"ContactPoint","contactType":"Service client","telephone":"0384254272","email":"contact@csj-emballages.com"}]}]}},"df_price":25.57,"df_sale_price":25.57,"df_regular_price":35.84,"df_image_link":"https:\/\/www.csj-emballages.com\/wp-content\/uploads\/2024\/03\/Marinade-ail-fines-herbes-300x300.webp","tiered_pricing_type":"fixed","tiered_pricing_fixed_rules":[],"tiered_pricing_percentage_rules":[],"tiered_pricing_minimum":1,"tiered_pricing_roles_data":[],"_links":{"self":[{"href":"https:\/\/www.csj-emballages.com\/de\/wp-json\/wp\/v2\/product\/18497","targetHints":{"allow":["GET"]}}],"collection":[{"href":"https:\/\/www.csj-emballages.com\/de\/wp-json\/wp\/v2\/product"}],"about":[{"href":"https:\/\/www.csj-emballages.com\/de\/wp-json\/wp\/v2\/types\/product"}],"wp:featuredmedia":[{"embeddable":true,"href":"https:\/\/www.csj-emballages.com\/de\/wp-json\/wp\/v2\/media\/238860"}],"wp:attachment":[{"href":"https:\/\/www.csj-emballages.com\/de\/wp-json\/wp\/v2\/media?parent=18497"}],"wp:term":[{"taxonomy":"product_brand","embeddable":true,"href":"https:\/\/www.csj-emballages.com\/de\/wp-json\/wp\/v2\/product_brand?post=18497"},{"taxonomy":"product_cat","embeddable":true,"href":"https:\/\/www.csj-emballages.com\/de\/wp-json\/wp\/v2\/product_cat?post=18497"},{"taxonomy":"product_tag","embeddable":true,"href":"https:\/\/www.csj-emballages.com\/de\/wp-json\/wp\/v2\/product_tag?post=18497"}],"curies":[{"name":"wp","href":"https:\/\/api.w.org\/{rel}","templated":true}]}}