{"id":18454,"date":"2024-03-01T16:59:33","date_gmt":"2024-03-01T15:59:33","guid":{"rendered":"https:\/\/u15jnbdpoq.preview.infomaniak.website\/produit\/honig-senf-marinade-3-kg\/"},"modified":"2026-04-24T12:00:26","modified_gmt":"2026-04-24T10:00:26","slug":"honig-senf-marinade-3-kg","status":"publish","type":"product","link":"https:\/\/www.csj-emballages.com\/de\/produit\/honig-senf-marinade-3-kg\/","title":{"rendered":"Honig-Senf-Marinade 3 kg"},"content":{"rendered":"<h2>Honig-Senf-Marinade<\/h2>\n<div style=\"font-family: Roboto, sans-serif;\">\n<div style=\"font-family: Roboto, sans-serif;\">\n<div style=\"font-family: Roboto, sans-serif;\">\n<div style=\"text-align: center;\">\n<div style=\"font-family: Roboto, sans-serif;\">\n<div style=\"font-family: Roboto, sans-serif;\">\n<div style=\"font-family: Roboto, sans-serif;\">\n<div style=\"font-family: Roboto, sans-serif;\">\n<div style=\"font-family: Roboto, sans-serif;\">\n<div style=\"font-family: Roboto, sans-serif; text-align: left;\">\n<hr>\n<h3 style=\"text-align: left;\">Beschreibung von Honig-Senf-Marinade 3 kg<!--more--><\/h3>\n<p data-start=\"58\" data-end=\"532\">Entdecken Sie unsere <strong data-start=\"74\" data-end=\"105\">Honig-Senf-Marinade 3 kg<\/strong>, eine perfekte Mischung aus S\u00fc\u00dfe und Sch\u00e4rfe, um den Geschmack Ihres Fleisches, Gefl\u00fcgels, Fisches und Gem\u00fcses zu unterstreichen. Die cremige Textur und das Gleichgewicht zwischen <strong data-start=\"269\" data-end=\"283\">s\u00fc\u00dfem Honig<\/strong> und <strong data-start=\"290\" data-end=\"310\">scharfem Senf<\/strong> verleihen Ihren Gerichten eine einzigartige Geschmacksnote. Diese Marinade ist ideal f\u00fcr professionelle Gastronomen, Caterer und auch f\u00fcr Privatpersonen, die ihren Rezepten mehr W\u00fcrze verleihen m\u00f6chten.  <\/p>\n<p data-start=\"567\" data-end=\"584\">\n<\/div>\n<\/div>\n<\/div>\n<\/div>\n<\/div>\n<\/div>\n<\/div>\n<\/div>\n<\/div>\n<\/div>\n<p><!--more--><\/p>\n<h4 style=\"text-align: left;\"><strong>Seine Vorteile :<\/strong><\/h4>\n<ul>\n<li data-start=\"738\" data-end=\"853\"><strong data-start=\"740\" data-end=\"790\">Perfekt f\u00fcr alle Arten von Fleisch und Gem\u00fcse<\/strong>: Ideal zum Grillen, Braten oder Marinieren auf dem Grill.<\/li>\n<li data-start=\"854\" data-end=\"961\"><strong data-start=\"856\" data-end=\"874\">Ausgewogener Geschmack<\/strong>: Milde Verbindung von Honig und Senfscharfe f\u00fcr eine Geschmacksexplosion.<\/li>\n<li data-start=\"962\" data-end=\"1043\"><strong data-start=\"964\" data-end=\"977\">Praktisch<\/strong>: 3-kg-Format, ideal f\u00fcr professionelle Gastronomen.<\/li>\n<li data-start=\"1044\" data-end=\"1151\"><strong data-start=\"1046\" data-end=\"1066\">Gebrauchsfertig<\/strong>: Es m\u00fcssen keine weiteren Zutaten hinzugef\u00fcgt werden, sondern Sie k\u00f6nnen die Creme direkt auftragen.<\/li>\n<li data-start=\"1152\" data-end=\"1223\" data-is-last-node=\"\" data-is-only-node=\"\"><strong data-start=\"1154\" data-end=\"1179\">Kulinarische Vielseitigkeit<\/strong>: Geeignet f\u00fcr warme und kalte Gerichte.<\/li>\n<\/ul>\n<p>&nbsp;<\/p>\n<p><!--more--><\/p>\n<h4>Weitere Informationen :<\/h4>\n<ul>\n<li><strong>Verpackung<\/strong>: 3kg Eimer<\/li>\n<\/ul>\n<div class=\"elementor elementor-2384 elementor-location-archive product\" data-elementor-type=\"product-archive\" data-elementor-id=\"2384\" data-elementor-post-type=\"elementor_library\">\n<div class=\"elementor-element elementor-element-c44cccd nt-archive-products e-flex e-con-boxed e-con e-parent e-lazyloaded\" data-id=\"c44cccd\" data-element_type=\"container\">\n<div class=\"e-con-inner\">\n<div class=\"elementor-element elementor-element-f35cc29 e-con-full e-flex e-con e-child\" data-id=\"f35cc29\" data-element_type=\"container\">\n<div class=\"elementor-element elementor-element-8781411 elementor-widget elementor-widget-woocommerce-archive-description\" data-id=\"8781411\" data-element_type=\"widget\" data-widget_type=\"woocommerce-archive-description.default\"><\/div>\n<\/div>\n<\/div>\n<\/div>\n<\/div>\n<p style=\"text-align: left;\"><!--more--><\/p>\n<p><a href=\"https:\/\/www.csj-emballages.com\/de\/categorie-produit\/lebensmittel\/marinaden\/\">Sehen Sie sich den Rest unseres Marinadensortiments an<\/a><\/p>\n","protected":false},"excerpt":{"rendered":"<p>Honig-Senf-Marinade Beschreibung von Honig-Senf-Marinade 3 kg<\/p>\n","protected":false},"featured_media":238967,"template":"","meta":{"_acf_changed":false},"product_brand":[],"product_cat":[1137,1144,1867],"product_tag":[],"class_list":{"0":"post-18454","1":"product","2":"type-product","3":"status-publish","4":"has-post-thumbnail","6":"product_cat-lebensmittelverpackungen","7":"product_cat-lebensmittel","8":"product_cat-marinaden","10":"first","11":"instock","12":"taxable","13":"shipping-taxable","14":"purchasable","15":"product-type-simple"},"acf":[],"yoast_head":"<!-- This site is optimized with the Yoast SEO Premium plugin v26.6 (Yoast SEO v26.6) - https:\/\/yoast.com\/wordpress\/plugins\/seo\/ -->\n<title>Honig-Senf-Marinade 3 kg<\/title>\n<meta name=\"description\" content=\"F\u00fcgen Sie mit unserer Honig-Senf-Marinade 3 kg eine schmackhafte Note hinzu. Ideal f\u00fcr Fleisch, Gefl\u00fcgel und Gem\u00fcse, bringt S\u00fc\u00dfe und Sch\u00e4rfe mit sich.\" \/>\n<meta name=\"robots\" content=\"index, follow, max-snippet:-1, max-image-preview:large, max-video-preview:-1\" \/>\n<link rel=\"canonical\" href=\"https:\/\/www.csj-emballages.com\/de\/produit\/honig-senf-marinade-3-kg\/\" \/>\n<meta property=\"og:locale\" content=\"de_DE\" \/>\n<meta property=\"og:type\" content=\"article\" \/>\n<meta property=\"og:title\" content=\"Honig-Senf-Marinade 3 kg\" \/>\n<meta property=\"og:description\" content=\"F\u00fcgen Sie mit unserer Honig-Senf-Marinade 3 kg eine schmackhafte Note hinzu. Ideal f\u00fcr Fleisch, Gefl\u00fcgel und Gem\u00fcse, bringt S\u00fc\u00dfe und Sch\u00e4rfe mit sich.\" \/>\n<meta property=\"og:url\" content=\"https:\/\/www.csj-emballages.com\/de\/produit\/honig-senf-marinade-3-kg\/\" \/>\n<meta property=\"og:site_name\" content=\"CSJ Emballages\" \/>\n<meta property=\"article:publisher\" content=\"https:\/\/www.facebook.com\/csjemballages\" \/>\n<meta property=\"article:modified_time\" content=\"2026-04-24T10:00:26+00:00\" \/>\n<meta property=\"og:image\" content=\"https:\/\/www.csj-emballages.com\/wp-content\/uploads\/2024\/03\/marinade-miel-moutarde.webp\" \/>\n\t<meta property=\"og:image:width\" content=\"800\" \/>\n\t<meta property=\"og:image:height\" content=\"800\" \/>\n\t<meta property=\"og:image:type\" content=\"image\/webp\" \/>\n<meta name=\"twitter:card\" content=\"summary_large_image\" \/>\n<meta name=\"twitter:label1\" content=\"Gesch\u00e4tzte Lesezeit\" \/>\n\t<meta name=\"twitter:data1\" content=\"1\u00a0Minute\" \/>\n<script type=\"application\/ld+json\" class=\"yoast-schema-graph\">{\"@context\":\"https:\/\/schema.org\",\"@graph\":[{\"@type\":\"WebPage\",\"@id\":\"https:\/\/www.csj-emballages.com\/de\/produit\/honig-senf-marinade-3-kg\/\",\"url\":\"https:\/\/www.csj-emballages.com\/de\/produit\/honig-senf-marinade-3-kg\/\",\"name\":\"Honig-Senf-Marinade 3 kg\",\"isPartOf\":{\"@id\":\"https:\/\/www.csj-emballages.com\/de\/#website\"},\"primaryImageOfPage\":{\"@id\":\"https:\/\/www.csj-emballages.com\/de\/produit\/honig-senf-marinade-3-kg\/#primaryimage\"},\"image\":{\"@id\":\"https:\/\/www.csj-emballages.com\/de\/produit\/honig-senf-marinade-3-kg\/#primaryimage\"},\"thumbnailUrl\":\"https:\/\/www.csj-emballages.com\/wp-content\/uploads\/2024\/03\/Marinade-miel-moutarde-2.webp\",\"datePublished\":\"2024-03-01T15:59:33+00:00\",\"dateModified\":\"2026-04-24T10:00:26+00:00\",\"description\":\"F\u00fcgen Sie mit unserer Honig-Senf-Marinade 3 kg eine schmackhafte Note hinzu. Ideal f\u00fcr Fleisch, Gefl\u00fcgel und Gem\u00fcse, bringt S\u00fc\u00dfe und Sch\u00e4rfe mit sich.\",\"breadcrumb\":{\"@id\":\"https:\/\/www.csj-emballages.com\/de\/produit\/honig-senf-marinade-3-kg\/#breadcrumb\"},\"inLanguage\":\"de\",\"potentialAction\":[{\"@type\":\"ReadAction\",\"target\":[\"https:\/\/www.csj-emballages.com\/de\/produit\/honig-senf-marinade-3-kg\/\"]}]},{\"@type\":\"ImageObject\",\"inLanguage\":\"de\",\"@id\":\"https:\/\/www.csj-emballages.com\/de\/produit\/honig-senf-marinade-3-kg\/#primaryimage\",\"url\":\"https:\/\/www.csj-emballages.com\/wp-content\/uploads\/2024\/03\/Marinade-miel-moutarde-2.webp\",\"contentUrl\":\"https:\/\/www.csj-emballages.com\/wp-content\/uploads\/2024\/03\/Marinade-miel-moutarde-2.webp\",\"width\":800,\"height\":800,\"caption\":\"Marinade miel moutarde\"},{\"@type\":\"BreadcrumbList\",\"@id\":\"https:\/\/www.csj-emballages.com\/de\/produit\/honig-senf-marinade-3-kg\/#breadcrumb\",\"itemListElement\":[{\"@type\":\"ListItem\",\"position\":1,\"name\":\"Accueil\",\"item\":\"https:\/\/www.csj-emballages.com\/de\/universum-lebensmittelverpackungen\/\"},{\"@type\":\"ListItem\",\"position\":2,\"name\":\"Shop\",\"item\":\"https:\/\/www.csj-emballages.com\/shop\/\"},{\"@type\":\"ListItem\",\"position\":3,\"name\":\"Honig-Senf-Marinade 3 kg\"}]},{\"@type\":\"WebSite\",\"@id\":\"https:\/\/www.csj-emballages.com\/de\/#website\",\"url\":\"https:\/\/www.csj-emballages.com\/de\/\",\"name\":\"CSJ Emballages\",\"description\":\"\",\"publisher\":{\"@id\":\"https:\/\/www.csj-emballages.com\/de\/#organization\"},\"potentialAction\":[{\"@type\":\"SearchAction\",\"target\":{\"@type\":\"EntryPoint\",\"urlTemplate\":\"https:\/\/www.csj-emballages.com\/de\/?s={search_term_string}\"},\"query-input\":{\"@type\":\"PropertyValueSpecification\",\"valueRequired\":true,\"valueName\":\"search_term_string\"}}],\"inLanguage\":\"de\"},{\"@type\":\"Organization\",\"@id\":\"https:\/\/www.csj-emballages.com\/de\/#Organization\/\",\"name\":\"CSJ Emballages\",\"url\":\"https:\/\/www.csj-emballages.com\/de\/\",\"logo\":{\"@type\":\"ImageObject\",\"inLanguage\":\"de\",\"@id\":\"https:\/\/www.csj-emballages.com\/de\/#\/schema\/logo\/image\/\",\"url\":\"https:\/\/www.csj-emballages.com\/wp-content\/uploads\/2023\/10\/logo_csj.webp\",\"contentUrl\":\"https:\/\/www.csj-emballages.com\/wp-content\/uploads\/2023\/10\/logo_csj.webp\",\"width\":250,\"height\":95,\"caption\":\"CSJ Emballages\"},\"image\":{\"@id\":\"https:\/\/www.csj-emballages.com\/de\/#\/schema\/logo\/image\/\"},\"sameAs\":[\"https:\/\/www.facebook.com\/csjemballages\"],\"address\":{\"@type\":\"PostalAddress\",\"streetAddress\":\"ZI La Lechere\",\"addressLocality\":\"Patornay\",\"postalCode\":\"39130\",\"addressCountry\":\"FR\"},\"contactPoint\":[{\"@type\":\"ContactPoint\",\"contactType\":\"Service client\",\"telephone\":\"0384254272\",\"email\":\"contact@csj-emballages.com\"}]}]}<\/script>\n<!-- \/ Yoast SEO Premium plugin. -->","yoast_head_json":{"title":"Honig-Senf-Marinade 3 kg","description":"F\u00fcgen Sie mit unserer Honig-Senf-Marinade 3 kg eine schmackhafte Note hinzu. Ideal f\u00fcr Fleisch, Gefl\u00fcgel und Gem\u00fcse, bringt S\u00fc\u00dfe und Sch\u00e4rfe mit sich.","robots":{"index":"index","follow":"follow","max-snippet":"max-snippet:-1","max-image-preview":"max-image-preview:large","max-video-preview":"max-video-preview:-1"},"canonical":"https:\/\/www.csj-emballages.com\/de\/produit\/honig-senf-marinade-3-kg\/","og_locale":"de_DE","og_type":"article","og_title":"Honig-Senf-Marinade 3 kg","og_description":"F\u00fcgen Sie mit unserer Honig-Senf-Marinade 3 kg eine schmackhafte Note hinzu. Ideal f\u00fcr Fleisch, Gefl\u00fcgel und Gem\u00fcse, bringt S\u00fc\u00dfe und Sch\u00e4rfe mit sich.","og_url":"https:\/\/www.csj-emballages.com\/de\/produit\/honig-senf-marinade-3-kg\/","og_site_name":"CSJ Emballages","article_publisher":"https:\/\/www.facebook.com\/csjemballages","article_modified_time":"2026-04-24T10:00:26+00:00","og_image":[{"width":800,"height":800,"url":"https:\/\/www.csj-emballages.com\/wp-content\/uploads\/2024\/03\/marinade-miel-moutarde.webp","type":"image\/webp"}],"twitter_card":"summary_large_image","twitter_misc":{"Gesch\u00e4tzte Lesezeit":"1\u00a0Minute"},"schema":{"@context":"https:\/\/schema.org","@graph":[{"@type":"WebPage","@id":"https:\/\/www.csj-emballages.com\/de\/produit\/honig-senf-marinade-3-kg\/","url":"https:\/\/www.csj-emballages.com\/de\/produit\/honig-senf-marinade-3-kg\/","name":"Honig-Senf-Marinade 3 kg","isPartOf":{"@id":"https:\/\/www.csj-emballages.com\/de\/#website"},"primaryImageOfPage":{"@id":"https:\/\/www.csj-emballages.com\/de\/produit\/honig-senf-marinade-3-kg\/#primaryimage"},"image":{"@id":"https:\/\/www.csj-emballages.com\/de\/produit\/honig-senf-marinade-3-kg\/#primaryimage"},"thumbnailUrl":"https:\/\/www.csj-emballages.com\/wp-content\/uploads\/2024\/03\/Marinade-miel-moutarde-2.webp","datePublished":"2024-03-01T15:59:33+00:00","dateModified":"2026-04-24T10:00:26+00:00","description":"F\u00fcgen Sie mit unserer Honig-Senf-Marinade 3 kg eine schmackhafte Note hinzu. Ideal f\u00fcr Fleisch, Gefl\u00fcgel und Gem\u00fcse, bringt S\u00fc\u00dfe und Sch\u00e4rfe mit sich.","breadcrumb":{"@id":"https:\/\/www.csj-emballages.com\/de\/produit\/honig-senf-marinade-3-kg\/#breadcrumb"},"inLanguage":"de","potentialAction":[{"@type":"ReadAction","target":["https:\/\/www.csj-emballages.com\/de\/produit\/honig-senf-marinade-3-kg\/"]}]},{"@type":"ImageObject","inLanguage":"de","@id":"https:\/\/www.csj-emballages.com\/de\/produit\/honig-senf-marinade-3-kg\/#primaryimage","url":"https:\/\/www.csj-emballages.com\/wp-content\/uploads\/2024\/03\/Marinade-miel-moutarde-2.webp","contentUrl":"https:\/\/www.csj-emballages.com\/wp-content\/uploads\/2024\/03\/Marinade-miel-moutarde-2.webp","width":800,"height":800,"caption":"Marinade miel moutarde"},{"@type":"BreadcrumbList","@id":"https:\/\/www.csj-emballages.com\/de\/produit\/honig-senf-marinade-3-kg\/#breadcrumb","itemListElement":[{"@type":"ListItem","position":1,"name":"Accueil","item":"https:\/\/www.csj-emballages.com\/de\/universum-lebensmittelverpackungen\/"},{"@type":"ListItem","position":2,"name":"Shop","item":"https:\/\/www.csj-emballages.com\/shop\/"},{"@type":"ListItem","position":3,"name":"Honig-Senf-Marinade 3 kg"}]},{"@type":"WebSite","@id":"https:\/\/www.csj-emballages.com\/de\/#website","url":"https:\/\/www.csj-emballages.com\/de\/","name":"CSJ Emballages","description":"","publisher":{"@id":"https:\/\/www.csj-emballages.com\/de\/#organization"},"potentialAction":[{"@type":"SearchAction","target":{"@type":"EntryPoint","urlTemplate":"https:\/\/www.csj-emballages.com\/de\/?s={search_term_string}"},"query-input":{"@type":"PropertyValueSpecification","valueRequired":true,"valueName":"search_term_string"}}],"inLanguage":"de"},{"@type":"Organization","@id":"https:\/\/www.csj-emballages.com\/de\/#Organization\/","name":"CSJ Emballages","url":"https:\/\/www.csj-emballages.com\/de\/","logo":{"@type":"ImageObject","inLanguage":"de","@id":"https:\/\/www.csj-emballages.com\/de\/#\/schema\/logo\/image\/","url":"https:\/\/www.csj-emballages.com\/wp-content\/uploads\/2023\/10\/logo_csj.webp","contentUrl":"https:\/\/www.csj-emballages.com\/wp-content\/uploads\/2023\/10\/logo_csj.webp","width":250,"height":95,"caption":"CSJ Emballages"},"image":{"@id":"https:\/\/www.csj-emballages.com\/de\/#\/schema\/logo\/image\/"},"sameAs":["https:\/\/www.facebook.com\/csjemballages"],"address":{"@type":"PostalAddress","streetAddress":"ZI La Lechere","addressLocality":"Patornay","postalCode":"39130","addressCountry":"FR"},"contactPoint":[{"@type":"ContactPoint","contactType":"Service client","telephone":"0384254272","email":"contact@csj-emballages.com"}]}]}},"df_price":41.82,"df_sale_price":"","df_regular_price":41.82,"df_image_link":"https:\/\/www.csj-emballages.com\/wp-content\/uploads\/2024\/03\/Marinade-miel-moutarde-2-300x300.webp","tiered_pricing_type":"fixed","tiered_pricing_fixed_rules":[],"tiered_pricing_percentage_rules":[],"tiered_pricing_minimum":1,"tiered_pricing_roles_data":[],"_links":{"self":[{"href":"https:\/\/www.csj-emballages.com\/de\/wp-json\/wp\/v2\/product\/18454","targetHints":{"allow":["GET"]}}],"collection":[{"href":"https:\/\/www.csj-emballages.com\/de\/wp-json\/wp\/v2\/product"}],"about":[{"href":"https:\/\/www.csj-emballages.com\/de\/wp-json\/wp\/v2\/types\/product"}],"wp:featuredmedia":[{"embeddable":true,"href":"https:\/\/www.csj-emballages.com\/de\/wp-json\/wp\/v2\/media\/238967"}],"wp:attachment":[{"href":"https:\/\/www.csj-emballages.com\/de\/wp-json\/wp\/v2\/media?parent=18454"}],"wp:term":[{"taxonomy":"product_brand","embeddable":true,"href":"https:\/\/www.csj-emballages.com\/de\/wp-json\/wp\/v2\/product_brand?post=18454"},{"taxonomy":"product_cat","embeddable":true,"href":"https:\/\/www.csj-emballages.com\/de\/wp-json\/wp\/v2\/product_cat?post=18454"},{"taxonomy":"product_tag","embeddable":true,"href":"https:\/\/www.csj-emballages.com\/de\/wp-json\/wp\/v2\/product_tag?post=18454"}],"curies":[{"name":"wp","href":"https:\/\/api.w.org\/{rel}","templated":true}]}}