{"id":18436,"date":"2024-03-01T16:59:34","date_gmt":"2024-03-01T15:59:34","guid":{"rendered":"https:\/\/u15jnbdpoq.preview.infomaniak.website\/produit\/brauner-hintergrund-800-gr\/"},"modified":"2026-04-14T16:00:23","modified_gmt":"2026-04-14T14:00:23","slug":"brauner-hintergrund-800-gr","status":"publish","type":"product","link":"https:\/\/www.csj-emballages.com\/de\/produit\/brauner-hintergrund-800-gr\/","title":{"rendered":"Brauner Hintergrund 800 gr"},"content":{"rendered":"<h2>Brauner Hintergrund<\/h2>\n<hr>\n<h3>Beschreibung von unserem braunen Hintergrund 800 gr<!--more--><\/h3>\n<p class=\"\" data-start=\"220\" data-end=\"682\"><strong>Brauner Fond<\/strong> ist eine unverzichtbare <strong>Grundlage<\/strong> in der K\u00fcche, vor allem wenn Sie eine geschmacksintensive und authentische K\u00fcche anstreben. Dieser <strong data-start=\"351\" data-end=\"373\">800-g-Topf mit braunem Fond<\/strong> eignet sich sowohl f\u00fcr professionelle Gastronomen<strong data-start=\"399\" data-end=\"436\">, <\/strong>Caterer, K\u00fcchenchefs oder K\u00f6che in Gemeinschaftseinrichtungen als auch f\u00fcr kochbegeisterte Privatpersonen. Sie k\u00f6nnen damit schnell kr\u00e4ftige braune So\u00dfen, Fleischs\u00e4fte und Reduktionen herstellen oder den Geschmack von Schmorgerichten verst\u00e4rken.  <\/p>\n<p class=\"\" data-start=\"684\" data-end=\"1024\">Dieser konzentrierte, professionelle <strong>braune Fond<\/strong> wird aus sorgf\u00e4ltig ausgew\u00e4hltem gebratenem Fleisch, Gem\u00fcse und Kr\u00e4utern hergestellt, die langsam reduziert werden, um ihr volles Aroma freizusetzen. Er bietet einen intensiven, gut ausgewogenen Geschmack, ohne zu salzig zu sein, sodass Sie die W\u00fcrze nach Belieben anpassen k\u00f6nnen. <\/p>\n<p class=\"\" data-start=\"1026\" data-end=\"1460\">Ein <strong>800-g-Becher<\/strong> erm\u00f6glicht die Zubereitung einer gro\u00dfen Menge an So\u00dfe und garantiert eine <strong data-start=\"1120\" data-end=\"1151\">perfekte Haltbarkeit beim Kochen<\/strong>: keine Phasenverschiebung, keine k\u00fcnstliche Textur. Ideal in der traditionellen Gastronomie, f\u00fcr Gerichte mit Sauce zum Mitnehmen oder auch zu Hause, um einen einfachen Braten oder eine Gem\u00fcsepfanne zu verfeinern. Au\u00dferdem ist die Verpackung praktisch: wiederverschlie\u00dfbar, lagerstabil und f\u00fcr den regelm\u00e4\u00dfigen Gebrauch geeignet.  <\/p>\n<p data-start=\"1026\" data-end=\"1460\">\n<p><!--more--><\/p>\n<div class=\"flex flex-grow flex-col max-w-full\">\n<div class=\"min-h-[20px] text-message flex flex-col items-start whitespace-pre-wrap break-words [.text-message+&amp;]:mt-5 juice:w-full juice:items-end overflow-x-auto gap-2\" dir=\"auto\" data-message-author-role=\"assistant\" data-message-id=\"579bfb50-fb6c-479d-a152-27ab4b509f37\">\n<div class=\"flex w-full flex-col gap-1 juice:empty:hidden juice:first:pt-[3px]\">\n<div class=\"markdown prose w-full break-words dark:prose-invert light\">\n<div class=\"flex-1 overflow-hidden\">\n<div class=\"react-scroll-to-bottom--css-ygaxm-79elbk h-full\">\n<div class=\"react-scroll-to-bottom--css-ygaxm-1n7m0yu\">\n<div class=\"flex flex-col text-sm md:pb-9\">\n<div class=\"w-full text-token-text-primary\" dir=\"auto\" data-testid=\"conversation-turn-3\" data-scroll-anchor=\"true\">\n<div class=\"py-2 juice:py-[18px] px-3 text-base md:px-4 m-auto md:px-5 lg:px-1 xl:px-5\">\n<div class=\"mx-auto flex flex-1 gap-3 text-base juice:gap-4 juice:md:gap-5 juice:lg:gap-6 md:max-w-3xl lg:max-w-[40rem] xl:max-w-[48rem]\">\n<div class=\"group\/conversation-turn relative flex w-full min-w-0 flex-col agent-turn\">\n<div class=\"flex-col gap-1 md:gap-3\">\n<div class=\"flex flex-grow flex-col max-w-full\">\n<div class=\"min-h-[20px] text-message flex flex-col items-start whitespace-pre-wrap break-words [.text-message+&amp;]:mt-5 juice:w-full juice:items-end overflow-x-auto gap-2\" dir=\"auto\" data-message-author-role=\"assistant\" data-message-id=\"2fe0f070-0589-4d8f-991f-f185baabe147\">\n<div class=\"flex w-full flex-col gap-1 juice:empty:hidden juice:first:pt-[3px]\">\n<div class=\"markdown prose w-full break-words dark:prose-invert light\">\n<h4>Seine Vorteile :<\/h4>\n<ul>\n<li>Authentischer Geschmack von gebratenem Fleisch und Aromaten.<\/li>\n<li>Gro\u00dfe Kapazit\u00e4t von 800 g: sparsam im Gebrauch.<\/li>\n<li>H\u00e4lt sich lange unver\u00e4ndert.<\/li>\n<li>Einfach zu dosieren, konzentrierter Fond zum Verd\u00fcnnen.<\/li>\n<li>Vielseitig einsetzbar: So\u00dfen, Schmorgerichte, kr\u00e4ftige S\u00e4fte.<\/li>\n<\/ul>\n<\/div>\n<div class=\"markdown prose w-full break-words dark:prose-invert light\">\n<p>&nbsp;<\/p>\n<\/div>\n<\/div>\n<\/div>\n<\/div>\n<\/div>\n<\/div>\n<\/div>\n<\/div>\n<\/div>\n<\/div>\n<\/div>\n<\/div>\n<\/div>\n<\/div>\n<\/div>\n<\/div>\n<\/div>\n<p><!--more--><\/p>\n<p><strong>Dosierung<\/strong>:<\/p>\n<ul>\n<li>Basis f\u00fcr Sauce: 40 g pro Liter Wasser<\/li>\n<li>Basis f\u00fcr Br\u00fche: 20 g pro Liter Wasser<\/li>\n<\/ul>\n<p>&nbsp;<\/p>\n<p><!--more--><\/p>\n<p><span style=\"color: #e3ab00; font-weight: bold;\">Zusammensetzung<\/span>: Aroma \/ St\u00e4rke \/ Weizenmehl \/ Maltodextrin \/ Salz \/ Gew\u00fcrze \/ Hefeextrakt \/ teilweise geh\u00e4rtetes Sonnenblumen\u00f6l \/ Farbstoff E-150c (2%) <span style=\"color: #1882ed; font-weight: bold;\">Verwendung<\/span>: 1.die angegebene Menge in kaltem oder hei\u00dfem Wasser aufl\u00f6sen 2.mit dem Schneebesen verr\u00fchren, bis die Mischung vollst\u00e4ndig homogenisiert ist 3.5 Minuten lang aufkochen, bis sie sich vollst\u00e4ndig aufgel\u00f6st hat 4.vom Herd nehmen und nach Bedarf verwenden<\/p>\n<p>&nbsp;<\/p>\n<p><!--more--><\/p>\n<p><span style=\"color: #1882ed; font-weight: bold;\">Besch\u00e4ftigung<\/span>:<\/p>\n<ol>\n<li>Verd\u00fcnnen Sie die angegebene Menge in kaltem Wasser.<\/li>\n<li>Mit dem Schneebesen verr\u00fchren, bis alles gleichm\u00e4\u00dfig verteilt ist<\/li>\n<li>5 Minuten lang aufkochen, bis es sich vollst\u00e4ndig aufgel\u00f6st hat<\/li>\n<li>Vom Herd nehmen und nach Bedarf verwenden.<\/li>\n<\/ol>\n<p>&nbsp;<\/p>\n<p><!--more--><\/p>\n<div class=\"flex flex-grow flex-col max-w-full\">\n<div class=\"min-h-[20px] text-message flex flex-col items-start whitespace-pre-wrap break-words [.text-message+&amp;]:mt-5 juice:w-full juice:items-end overflow-x-auto gap-2\" dir=\"auto\" data-message-author-role=\"assistant\" data-message-id=\"579bfb50-fb6c-479d-a152-27ab4b509f37\">\n<div class=\"flex w-full flex-col gap-1 juice:empty:hidden juice:first:pt-[3px]\">\n<div class=\"markdown prose w-full break-words dark:prose-invert light\">\n<div class=\"flex-1 overflow-hidden\">\n<div class=\"react-scroll-to-bottom--css-ygaxm-79elbk h-full\">\n<div class=\"react-scroll-to-bottom--css-ygaxm-1n7m0yu\">\n<div class=\"flex flex-col text-sm md:pb-9\">\n<div class=\"w-full text-token-text-primary\" dir=\"auto\" data-testid=\"conversation-turn-3\" data-scroll-anchor=\"true\">\n<div class=\"py-2 juice:py-[18px] px-3 text-base md:px-4 m-auto md:px-5 lg:px-1 xl:px-5\">\n<div class=\"mx-auto flex flex-1 gap-3 text-base juice:gap-4 juice:md:gap-5 juice:lg:gap-6 md:max-w-3xl lg:max-w-[40rem] xl:max-w-[48rem]\">\n<div class=\"group\/conversation-turn relative flex w-full min-w-0 flex-col agent-turn\">\n<div class=\"flex-col gap-1 md:gap-3\">\n<div class=\"flex flex-grow flex-col max-w-full\">\n<div class=\"min-h-[20px] text-message flex flex-col items-start whitespace-pre-wrap break-words [.text-message+&amp;]:mt-5 juice:w-full juice:items-end overflow-x-auto gap-2\" dir=\"auto\" data-message-author-role=\"assistant\" data-message-id=\"2fe0f070-0589-4d8f-991f-f185baabe147\">\n<div class=\"flex w-full flex-col gap-1 juice:empty:hidden juice:first:pt-[3px]\">\n<div class=\"markdown prose w-full break-words dark:prose-invert light\">\n<h4>Weitere Informationen :<\/h4>\n<ul>\n<li><strong>Verpackung<\/strong>: Eimer mit 800 g<\/li>\n<li><strong>Typ<\/strong>: Brauner Hintergrund<\/li>\n<\/ul>\n<\/div>\n<\/div>\n<\/div>\n<\/div>\n<\/div>\n<\/div>\n<\/div>\n<\/div>\n<\/div>\n<\/div>\n<\/div>\n<\/div>\n<\/div>\n<p>&nbsp;<\/p>\n<\/div>\n<\/div>\n<\/div>\n<\/div>\n<p><!--more--><\/p>\n<p>Entdecken Sie hier unseren gebundenen Kalbsjus : <span style=\"color: #d12727;\"><a style=\"color: #d12727;\" href=\"https:\/\/www.csj-emballages.com\/pt-pt\/produit\/caldo-de-vitela-atado-900-gr\/\">10550<\/a><\/span><\/p>\n<p>&nbsp;<\/p>\n<p><!--more--><\/p>\n<p><a href=\"https:\/\/www.csj-emballages.com\/de\/categorie-produit\/lebensmittel\/kulinarische-grundlagen-fonds\/\">Sehen Sie sich den Rest unseres Sortiments an kulinarischen Grundlagen \/ Fonds an<\/a><\/p>\n","protected":false},"excerpt":{"rendered":"<p>Brauner Hintergrund Beschreibung von unserem braunen Hintergrund 800 gr<\/p>\n","protected":false},"featured_media":231109,"template":"","meta":{"_acf_changed":false},"product_brand":[],"product_cat":[1144,1864],"product_tag":[],"class_list":{"0":"post-18436","1":"product","2":"type-product","3":"status-publish","4":"has-post-thumbnail","6":"product_cat-lebensmittel","7":"product_cat-kulinarische-grundlagen-fonds","9":"first","10":"instock","11":"taxable","12":"shipping-taxable","13":"purchasable","14":"product-type-simple"},"acf":[],"yoast_head":"<!-- This site is optimized with the Yoast SEO Premium plugin v26.6 (Yoast SEO v26.6) - https:\/\/yoast.com\/wordpress\/plugins\/seo\/ -->\n<title>Hintergrund Braun 800 gr<\/title>\n<meta name=\"description\" content=\"Brauner Fond 800 g f\u00fcr Profis oder Liebhaber. Ideale Basis f\u00fcr braune Saucen, Schmorgerichte und kr\u00e4ftige S\u00e4fte. Intensiver Geschmack und perfekte Textur.\" \/>\n<meta name=\"robots\" content=\"index, follow, max-snippet:-1, max-image-preview:large, max-video-preview:-1\" \/>\n<link rel=\"canonical\" href=\"https:\/\/www.csj-emballages.com\/de\/produit\/brauner-hintergrund-800-gr\/\" \/>\n<meta property=\"og:locale\" content=\"de_DE\" \/>\n<meta property=\"og:type\" content=\"article\" \/>\n<meta property=\"og:title\" content=\"Brauner Hintergrund 800 gr\" \/>\n<meta property=\"og:description\" content=\"Brauner Fond 800 g f\u00fcr Profis oder Liebhaber. Ideale Basis f\u00fcr braune Saucen, Schmorgerichte und kr\u00e4ftige S\u00e4fte. Intensiver Geschmack und perfekte Textur.\" \/>\n<meta property=\"og:url\" content=\"https:\/\/www.csj-emballages.com\/de\/produit\/brauner-hintergrund-800-gr\/\" \/>\n<meta property=\"og:site_name\" content=\"CSJ Emballages\" \/>\n<meta property=\"article:publisher\" content=\"https:\/\/www.facebook.com\/csjemballages\" \/>\n<meta property=\"article:modified_time\" content=\"2026-04-14T14:00:23+00:00\" \/>\n<meta property=\"og:image\" content=\"https:\/\/www.csj-emballages.com\/wp-content\/uploads\/2024\/03\/Fonds-brun.webp\" \/>\n\t<meta property=\"og:image:width\" content=\"800\" \/>\n\t<meta property=\"og:image:height\" content=\"800\" \/>\n\t<meta property=\"og:image:type\" content=\"image\/webp\" \/>\n<meta name=\"twitter:card\" content=\"summary_large_image\" \/>\n<meta name=\"twitter:label1\" content=\"Gesch\u00e4tzte Lesezeit\" \/>\n\t<meta name=\"twitter:data1\" content=\"2 Minuten\" \/>\n<script type=\"application\/ld+json\" class=\"yoast-schema-graph\">{\"@context\":\"https:\/\/schema.org\",\"@graph\":[{\"@type\":\"WebPage\",\"@id\":\"https:\/\/www.csj-emballages.com\/de\/produit\/brauner-hintergrund-800-gr\/\",\"url\":\"https:\/\/www.csj-emballages.com\/de\/produit\/brauner-hintergrund-800-gr\/\",\"name\":\"Hintergrund Braun 800 gr\",\"isPartOf\":{\"@id\":\"https:\/\/www.csj-emballages.com\/de\/#website\"},\"primaryImageOfPage\":{\"@id\":\"https:\/\/www.csj-emballages.com\/de\/produit\/brauner-hintergrund-800-gr\/#primaryimage\"},\"image\":{\"@id\":\"https:\/\/www.csj-emballages.com\/de\/produit\/brauner-hintergrund-800-gr\/#primaryimage\"},\"thumbnailUrl\":\"https:\/\/www.csj-emballages.com\/wp-content\/uploads\/2024\/03\/Fonds-brun.webp\",\"datePublished\":\"2024-03-01T15:59:34+00:00\",\"dateModified\":\"2026-04-14T14:00:23+00:00\",\"description\":\"Brauner Fond 800 g f\u00fcr Profis oder Liebhaber. Ideale Basis f\u00fcr braune Saucen, Schmorgerichte und kr\u00e4ftige S\u00e4fte. Intensiver Geschmack und perfekte Textur.\",\"breadcrumb\":{\"@id\":\"https:\/\/www.csj-emballages.com\/de\/produit\/brauner-hintergrund-800-gr\/#breadcrumb\"},\"inLanguage\":\"de\",\"potentialAction\":[{\"@type\":\"ReadAction\",\"target\":[\"https:\/\/www.csj-emballages.com\/de\/produit\/brauner-hintergrund-800-gr\/\"]}]},{\"@type\":\"ImageObject\",\"inLanguage\":\"de\",\"@id\":\"https:\/\/www.csj-emballages.com\/de\/produit\/brauner-hintergrund-800-gr\/#primaryimage\",\"url\":\"https:\/\/www.csj-emballages.com\/wp-content\/uploads\/2024\/03\/Fonds-brun.webp\",\"contentUrl\":\"https:\/\/www.csj-emballages.com\/wp-content\/uploads\/2024\/03\/Fonds-brun.webp\",\"width\":800,\"height\":800,\"caption\":\"fond brun\"},{\"@type\":\"BreadcrumbList\",\"@id\":\"https:\/\/www.csj-emballages.com\/de\/produit\/brauner-hintergrund-800-gr\/#breadcrumb\",\"itemListElement\":[{\"@type\":\"ListItem\",\"position\":1,\"name\":\"Accueil\",\"item\":\"https:\/\/www.csj-emballages.com\/de\/universum-lebensmittelverpackungen\/\"},{\"@type\":\"ListItem\",\"position\":2,\"name\":\"Shop\",\"item\":\"https:\/\/www.csj-emballages.com\/shop\/\"},{\"@type\":\"ListItem\",\"position\":3,\"name\":\"Brauner Hintergrund 800 gr\"}]},{\"@type\":\"WebSite\",\"@id\":\"https:\/\/www.csj-emballages.com\/de\/#website\",\"url\":\"https:\/\/www.csj-emballages.com\/de\/\",\"name\":\"CSJ Emballages\",\"description\":\"\",\"publisher\":{\"@id\":\"https:\/\/www.csj-emballages.com\/de\/#organization\"},\"potentialAction\":[{\"@type\":\"SearchAction\",\"target\":{\"@type\":\"EntryPoint\",\"urlTemplate\":\"https:\/\/www.csj-emballages.com\/de\/?s={search_term_string}\"},\"query-input\":{\"@type\":\"PropertyValueSpecification\",\"valueRequired\":true,\"valueName\":\"search_term_string\"}}],\"inLanguage\":\"de\"},{\"@type\":\"Organization\",\"@id\":\"https:\/\/www.csj-emballages.com\/de\/#Organization\/\",\"name\":\"CSJ Emballages\",\"url\":\"https:\/\/www.csj-emballages.com\/de\/\",\"logo\":{\"@type\":\"ImageObject\",\"inLanguage\":\"de\",\"@id\":\"https:\/\/www.csj-emballages.com\/de\/#\/schema\/logo\/image\/\",\"url\":\"https:\/\/www.csj-emballages.com\/wp-content\/uploads\/2023\/10\/logo_csj.webp\",\"contentUrl\":\"https:\/\/www.csj-emballages.com\/wp-content\/uploads\/2023\/10\/logo_csj.webp\",\"width\":250,\"height\":95,\"caption\":\"CSJ Emballages\"},\"image\":{\"@id\":\"https:\/\/www.csj-emballages.com\/de\/#\/schema\/logo\/image\/\"},\"sameAs\":[\"https:\/\/www.facebook.com\/csjemballages\"],\"address\":{\"@type\":\"PostalAddress\",\"streetAddress\":\"ZI La Lechere\",\"addressLocality\":\"Patornay\",\"postalCode\":\"39130\",\"addressCountry\":\"FR\"},\"contactPoint\":[{\"@type\":\"ContactPoint\",\"contactType\":\"Service client\",\"telephone\":\"0384254272\",\"email\":\"contact@csj-emballages.com\"}]}]}<\/script>\n<!-- \/ Yoast SEO Premium plugin. -->","yoast_head_json":{"title":"Hintergrund Braun 800 gr","description":"Brauner Fond 800 g f\u00fcr Profis oder Liebhaber. Ideale Basis f\u00fcr braune Saucen, Schmorgerichte und kr\u00e4ftige S\u00e4fte. Intensiver Geschmack und perfekte Textur.","robots":{"index":"index","follow":"follow","max-snippet":"max-snippet:-1","max-image-preview":"max-image-preview:large","max-video-preview":"max-video-preview:-1"},"canonical":"https:\/\/www.csj-emballages.com\/de\/produit\/brauner-hintergrund-800-gr\/","og_locale":"de_DE","og_type":"article","og_title":"Brauner Hintergrund 800 gr","og_description":"Brauner Fond 800 g f\u00fcr Profis oder Liebhaber. Ideale Basis f\u00fcr braune Saucen, Schmorgerichte und kr\u00e4ftige S\u00e4fte. Intensiver Geschmack und perfekte Textur.","og_url":"https:\/\/www.csj-emballages.com\/de\/produit\/brauner-hintergrund-800-gr\/","og_site_name":"CSJ Emballages","article_publisher":"https:\/\/www.facebook.com\/csjemballages","article_modified_time":"2026-04-14T14:00:23+00:00","og_image":[{"width":800,"height":800,"url":"https:\/\/www.csj-emballages.com\/wp-content\/uploads\/2024\/03\/Fonds-brun.webp","type":"image\/webp"}],"twitter_card":"summary_large_image","twitter_misc":{"Gesch\u00e4tzte Lesezeit":"2 Minuten"},"schema":{"@context":"https:\/\/schema.org","@graph":[{"@type":"WebPage","@id":"https:\/\/www.csj-emballages.com\/de\/produit\/brauner-hintergrund-800-gr\/","url":"https:\/\/www.csj-emballages.com\/de\/produit\/brauner-hintergrund-800-gr\/","name":"Hintergrund Braun 800 gr","isPartOf":{"@id":"https:\/\/www.csj-emballages.com\/de\/#website"},"primaryImageOfPage":{"@id":"https:\/\/www.csj-emballages.com\/de\/produit\/brauner-hintergrund-800-gr\/#primaryimage"},"image":{"@id":"https:\/\/www.csj-emballages.com\/de\/produit\/brauner-hintergrund-800-gr\/#primaryimage"},"thumbnailUrl":"https:\/\/www.csj-emballages.com\/wp-content\/uploads\/2024\/03\/Fonds-brun.webp","datePublished":"2024-03-01T15:59:34+00:00","dateModified":"2026-04-14T14:00:23+00:00","description":"Brauner Fond 800 g f\u00fcr Profis oder Liebhaber. Ideale Basis f\u00fcr braune Saucen, Schmorgerichte und kr\u00e4ftige S\u00e4fte. Intensiver Geschmack und perfekte Textur.","breadcrumb":{"@id":"https:\/\/www.csj-emballages.com\/de\/produit\/brauner-hintergrund-800-gr\/#breadcrumb"},"inLanguage":"de","potentialAction":[{"@type":"ReadAction","target":["https:\/\/www.csj-emballages.com\/de\/produit\/brauner-hintergrund-800-gr\/"]}]},{"@type":"ImageObject","inLanguage":"de","@id":"https:\/\/www.csj-emballages.com\/de\/produit\/brauner-hintergrund-800-gr\/#primaryimage","url":"https:\/\/www.csj-emballages.com\/wp-content\/uploads\/2024\/03\/Fonds-brun.webp","contentUrl":"https:\/\/www.csj-emballages.com\/wp-content\/uploads\/2024\/03\/Fonds-brun.webp","width":800,"height":800,"caption":"fond brun"},{"@type":"BreadcrumbList","@id":"https:\/\/www.csj-emballages.com\/de\/produit\/brauner-hintergrund-800-gr\/#breadcrumb","itemListElement":[{"@type":"ListItem","position":1,"name":"Accueil","item":"https:\/\/www.csj-emballages.com\/de\/universum-lebensmittelverpackungen\/"},{"@type":"ListItem","position":2,"name":"Shop","item":"https:\/\/www.csj-emballages.com\/shop\/"},{"@type":"ListItem","position":3,"name":"Brauner Hintergrund 800 gr"}]},{"@type":"WebSite","@id":"https:\/\/www.csj-emballages.com\/de\/#website","url":"https:\/\/www.csj-emballages.com\/de\/","name":"CSJ Emballages","description":"","publisher":{"@id":"https:\/\/www.csj-emballages.com\/de\/#organization"},"potentialAction":[{"@type":"SearchAction","target":{"@type":"EntryPoint","urlTemplate":"https:\/\/www.csj-emballages.com\/de\/?s={search_term_string}"},"query-input":{"@type":"PropertyValueSpecification","valueRequired":true,"valueName":"search_term_string"}}],"inLanguage":"de"},{"@type":"Organization","@id":"https:\/\/www.csj-emballages.com\/de\/#Organization\/","name":"CSJ Emballages","url":"https:\/\/www.csj-emballages.com\/de\/","logo":{"@type":"ImageObject","inLanguage":"de","@id":"https:\/\/www.csj-emballages.com\/de\/#\/schema\/logo\/image\/","url":"https:\/\/www.csj-emballages.com\/wp-content\/uploads\/2023\/10\/logo_csj.webp","contentUrl":"https:\/\/www.csj-emballages.com\/wp-content\/uploads\/2023\/10\/logo_csj.webp","width":250,"height":95,"caption":"CSJ Emballages"},"image":{"@id":"https:\/\/www.csj-emballages.com\/de\/#\/schema\/logo\/image\/"},"sameAs":["https:\/\/www.facebook.com\/csjemballages"],"address":{"@type":"PostalAddress","streetAddress":"ZI La Lechere","addressLocality":"Patornay","postalCode":"39130","addressCountry":"FR"},"contactPoint":[{"@type":"ContactPoint","contactType":"Service client","telephone":"0384254272","email":"contact@csj-emballages.com"}]}]}},"df_price":10.03,"df_sale_price":"","df_regular_price":10.03,"df_image_link":"https:\/\/www.csj-emballages.com\/wp-content\/uploads\/2024\/03\/Fonds-brun-300x300.webp","tiered_pricing_type":"fixed","tiered_pricing_fixed_rules":[],"tiered_pricing_percentage_rules":[],"tiered_pricing_minimum":1,"tiered_pricing_roles_data":[],"_links":{"self":[{"href":"https:\/\/www.csj-emballages.com\/de\/wp-json\/wp\/v2\/product\/18436","targetHints":{"allow":["GET"]}}],"collection":[{"href":"https:\/\/www.csj-emballages.com\/de\/wp-json\/wp\/v2\/product"}],"about":[{"href":"https:\/\/www.csj-emballages.com\/de\/wp-json\/wp\/v2\/types\/product"}],"wp:featuredmedia":[{"embeddable":true,"href":"https:\/\/www.csj-emballages.com\/de\/wp-json\/wp\/v2\/media\/231109"}],"wp:attachment":[{"href":"https:\/\/www.csj-emballages.com\/de\/wp-json\/wp\/v2\/media?parent=18436"}],"wp:term":[{"taxonomy":"product_brand","embeddable":true,"href":"https:\/\/www.csj-emballages.com\/de\/wp-json\/wp\/v2\/product_brand?post=18436"},{"taxonomy":"product_cat","embeddable":true,"href":"https:\/\/www.csj-emballages.com\/de\/wp-json\/wp\/v2\/product_cat?post=18436"},{"taxonomy":"product_tag","embeddable":true,"href":"https:\/\/www.csj-emballages.com\/de\/wp-json\/wp\/v2\/product_tag?post=18436"}],"curies":[{"name":"wp","href":"https:\/\/api.w.org\/{rel}","templated":true}]}}