{"id":18418,"date":"2024-03-01T16:59:33","date_gmt":"2024-03-01T15:59:33","guid":{"rendered":"https:\/\/u15jnbdpoq.preview.infomaniak.website\/produit\/thymian-zitronen-marinade-5-kg\/"},"modified":"2026-05-13T02:10:45","modified_gmt":"2026-05-13T00:10:45","slug":"thymian-zitronen-marinade-5-kg","status":"publish","type":"product","link":"https:\/\/www.csj-emballages.com\/de\/produit\/thymian-zitronen-marinade-5-kg\/","title":{"rendered":"Thymian-Zitronen-Marinade 5 kg"},"content":{"rendered":"<h2>Thymian-Zitronen-Marinade<\/h2>\n<div style=\"font-family: Roboto, sans-serif;\">\n<div style=\"font-family: Roboto, sans-serif;\">\n<div style=\"font-family: Roboto, sans-serif;\">\n<div style=\"text-align: center;\">\n<div style=\"font-family: Roboto, sans-serif;\">\n<div style=\"font-family: Roboto, sans-serif;\">\n<div style=\"font-family: Roboto, sans-serif;\">\n<div style=\"font-family: Roboto, sans-serif;\">\n<div style=\"font-family: Roboto, sans-serif;\">\n<div style=\"font-family: Roboto, sans-serif; text-align: left;\">\n<hr>\n<h3 style=\"text-align: left;\">Beschreibung von Marinade Thymian Zitrone 5 kg<!--more--><\/h3>\n<p data-start=\"43\" data-end=\"607\">Verleihen Sie Ihren Gerichten einen Hauch von Frische und Aroma mit unserer <strong data-start=\"130\" data-end=\"159\">Marinade Thymian Zitrone 5 kg.<\/strong> Diese schmackhafte und ausgewogene Mischung aus aromatischem Thymian und s\u00e4uerlicher Zitrone eignet sich perfekt zum Marinieren von Fleisch, Gefl\u00fcgel, Fisch oder Gem\u00fcse. Diese professionelle Marinade ist gebrauchsfertig und ideal f\u00fcr <strong data-start=\"375\" data-end=\"388\">Caterer<\/strong>, <strong data-start=\"390\" data-end=\"407\">Restaurants<\/strong> und sogar f\u00fcr <strong data-start=\"421\" data-end=\"437\">Privatpersonen<\/strong>, die ihre Gerichte verfeinern m\u00f6chten. Das <strong>5-kg-Format<\/strong> ist f\u00fcr die Verwendung in gro\u00dfen Mengen konzipiert, wobei die Aromen perfekt erhalten bleiben.   <\/p>\n<p data-start=\"43\" data-end=\"607\">\n<\/div>\n<\/div>\n<\/div>\n<p style=\"text-align: left;\" data-start=\"43\" data-end=\"607\"><!--more--><\/p>\n<div style=\"font-family: Roboto, sans-serif;\">\n<p style=\"text-align: left;\" data-start=\"43\" data-end=\"607\"><strong><span style=\"color: #ff0000;\">Mindesthaltbarkeitsdatum (MHD) \u00fcberschritten 06\/2025<\/span><\/strong><\/p>\n<div style=\"font-family: Roboto, sans-serif;\">\n<p data-start=\"43\" data-end=\"607\">\n<\/div>\n<\/div>\n<\/div>\n<\/div>\n<\/div>\n<\/div>\n<\/div>\n<\/div>\n<\/div>\n<p><!--more--><\/p>\n<h4 style=\"text-align: left;\"><strong>Seine Vorteile :<\/strong><\/h4>\n<ul>\n<li data-start=\"830\" data-end=\"918\"><strong data-start=\"832\" data-end=\"852\">Gebrauchsfertig<\/strong>: Zeitsparend, ideal f\u00fcr den schnellen Einsatz in der K\u00fcche.<\/li>\n<li data-start=\"919\" data-end=\"1013\"><strong data-start=\"921\" data-end=\"944\">Ausgewogene Aro<\/strong> men: Eine Mischung aus Thymian und Zitrone, die f\u00fcr Frische und Tiefe sorgt.<\/li>\n<li data-start=\"1014\" data-end=\"1089\"><strong data-start=\"1016\" data-end=\"1031\">Vielseitig ver<\/strong> wendbar: Geeignet f\u00fcr Fleisch, Gefl\u00fcgel, Fisch und Gem\u00fcse.<\/li>\n<li data-start=\"1090\" data-end=\"1203\"><strong data-start=\"1092\" data-end=\"1113\">Sparformat<\/strong>: Das 5-kg-Format ist ideal f\u00fcr gro\u00dfe Mengen und perfekt f\u00fcr den professionellen Einsatz.<\/li>\n<li data-start=\"1204\" data-end=\"1303\" data-is-last-node=\"\" data-is-only-node=\"\"><strong data-start=\"1206\" data-end=\"1231\">Optimale Haltbarkeit<\/strong>: H\u00e4lt die Lebensmittel w\u00e4hrend des Marinierens frisch.<\/li>\n<\/ul>\n<p>&nbsp;<\/p>\n<p><!--more--><\/p>\n<h4>Weitere Informationen :<\/h4>\n<ul>\n<li><strong>Verpackung<\/strong>: 5kg Eimer<\/li>\n<\/ul>\n<div class=\"elementor elementor-2384 elementor-location-archive product\" data-elementor-type=\"product-archive\" data-elementor-id=\"2384\" data-elementor-post-type=\"elementor_library\">\n<div class=\"elementor-element elementor-element-c44cccd nt-archive-products e-flex e-con-boxed e-con e-parent e-lazyloaded\" data-id=\"c44cccd\" data-element_type=\"container\">\n<div class=\"e-con-inner\">\n<div class=\"elementor-element elementor-element-f35cc29 e-con-full e-flex e-con e-child\" data-id=\"f35cc29\" data-element_type=\"container\">\n<div class=\"elementor-element elementor-element-8781411 elementor-widget elementor-widget-woocommerce-archive-description\" data-id=\"8781411\" data-element_type=\"widget\" data-widget_type=\"woocommerce-archive-description.default\"><\/div>\n<\/div>\n<\/div>\n<\/div>\n<\/div>\n<p style=\"text-align: left;\"><!--more--><\/p>\n<p><a href=\"https:\/\/www.csj-emballages.com\/de\/categorie-produit\/lebensmittel\/marinaden\/\">Sehen Sie sich den Rest unseres Marinadensortiments an<\/a><\/p>\n","protected":false},"excerpt":{"rendered":"<p>Thymian-Zitronen-Marinade Beschreibung von Marinade Thymian Zitrone 5 kg<\/p>\n","protected":false},"featured_media":239073,"template":"","meta":{"_acf_changed":false},"product_brand":[],"product_cat":[1137,10243,1144,1867],"product_tag":[],"class_list":{"0":"post-18418","1":"product","2":"type-product","3":"status-publish","4":"has-post-thumbnail","6":"product_cat-lebensmittelverpackungen","7":"product_cat-anti-verschwendung","8":"product_cat-lebensmittel","9":"product_cat-marinaden","11":"first","12":"instock","13":"sale","14":"taxable","15":"shipping-taxable","16":"purchasable","17":"product-type-simple"},"acf":[],"yoast_head":"<!-- This site is optimized with the Yoast SEO Premium plugin v26.6 (Yoast SEO v26.6) - https:\/\/yoast.com\/wordpress\/plugins\/seo\/ -->\n<title>Marinade Thymian Zitrone 5 kg<\/title>\n<meta name=\"description\" content=\"Entdecken Sie unsere Marinade Thymian Zitrone 5 kg, die sich perfekt f\u00fcr den professionellen und privaten Gebrauch eignet. Ideal f\u00fcr Fleisch, Gefl\u00fcgel, Fisch und Gem\u00fcse.\" \/>\n<meta name=\"robots\" content=\"index, follow, max-snippet:-1, max-image-preview:large, max-video-preview:-1\" \/>\n<link rel=\"canonical\" href=\"https:\/\/www.csj-emballages.com\/de\/produit\/thymian-zitronen-marinade-5-kg\/\" \/>\n<meta property=\"og:locale\" content=\"de_DE\" \/>\n<meta property=\"og:type\" content=\"article\" \/>\n<meta property=\"og:title\" content=\"Thymian-Zitronen-Marinade 5 kg\" \/>\n<meta property=\"og:description\" content=\"Entdecken Sie unsere Marinade Thymian Zitrone 5 kg, die sich perfekt f\u00fcr den professionellen und privaten Gebrauch eignet. Ideal f\u00fcr Fleisch, Gefl\u00fcgel, Fisch und Gem\u00fcse.\" \/>\n<meta property=\"og:url\" content=\"https:\/\/www.csj-emballages.com\/de\/produit\/thymian-zitronen-marinade-5-kg\/\" \/>\n<meta property=\"og:site_name\" content=\"CSJ Emballages\" \/>\n<meta property=\"article:publisher\" content=\"https:\/\/www.facebook.com\/csjemballages\" \/>\n<meta property=\"article:modified_time\" content=\"2026-05-13T00:10:45+00:00\" \/>\n<meta property=\"og:image\" content=\"https:\/\/www.csj-emballages.com\/wp-content\/uploads\/2024\/03\/Marinade-thym-citron-1.webp\" \/>\n\t<meta property=\"og:image:width\" content=\"800\" \/>\n\t<meta property=\"og:image:height\" content=\"800\" \/>\n\t<meta property=\"og:image:type\" content=\"image\/webp\" \/>\n<meta name=\"twitter:card\" content=\"summary_large_image\" \/>\n<meta name=\"twitter:label1\" content=\"Gesch\u00e4tzte Lesezeit\" \/>\n\t<meta name=\"twitter:data1\" content=\"1\u00a0Minute\" \/>\n<script type=\"application\/ld+json\" class=\"yoast-schema-graph\">{\"@context\":\"https:\/\/schema.org\",\"@graph\":[{\"@type\":\"WebPage\",\"@id\":\"https:\/\/www.csj-emballages.com\/de\/produit\/thymian-zitronen-marinade-5-kg\/\",\"url\":\"https:\/\/www.csj-emballages.com\/de\/produit\/thymian-zitronen-marinade-5-kg\/\",\"name\":\"Marinade Thymian Zitrone 5 kg\",\"isPartOf\":{\"@id\":\"https:\/\/www.csj-emballages.com\/de\/#website\"},\"primaryImageOfPage\":{\"@id\":\"https:\/\/www.csj-emballages.com\/de\/produit\/thymian-zitronen-marinade-5-kg\/#primaryimage\"},\"image\":{\"@id\":\"https:\/\/www.csj-emballages.com\/de\/produit\/thymian-zitronen-marinade-5-kg\/#primaryimage\"},\"thumbnailUrl\":\"https:\/\/www.csj-emballages.com\/wp-content\/uploads\/2024\/03\/Marinade-thym-citron-1.webp\",\"datePublished\":\"2024-03-01T15:59:33+00:00\",\"dateModified\":\"2026-05-13T00:10:45+00:00\",\"description\":\"Entdecken Sie unsere Marinade Thymian Zitrone 5 kg, die sich perfekt f\u00fcr den professionellen und privaten Gebrauch eignet. Ideal f\u00fcr Fleisch, Gefl\u00fcgel, Fisch und Gem\u00fcse.\",\"breadcrumb\":{\"@id\":\"https:\/\/www.csj-emballages.com\/de\/produit\/thymian-zitronen-marinade-5-kg\/#breadcrumb\"},\"inLanguage\":\"de\",\"potentialAction\":[{\"@type\":\"ReadAction\",\"target\":[\"https:\/\/www.csj-emballages.com\/de\/produit\/thymian-zitronen-marinade-5-kg\/\"]}]},{\"@type\":\"ImageObject\",\"inLanguage\":\"de\",\"@id\":\"https:\/\/www.csj-emballages.com\/de\/produit\/thymian-zitronen-marinade-5-kg\/#primaryimage\",\"url\":\"https:\/\/www.csj-emballages.com\/wp-content\/uploads\/2024\/03\/Marinade-thym-citron-1.webp\",\"contentUrl\":\"https:\/\/www.csj-emballages.com\/wp-content\/uploads\/2024\/03\/Marinade-thym-citron-1.webp\",\"width\":800,\"height\":800,\"caption\":\"Marinade thym citron\"},{\"@type\":\"BreadcrumbList\",\"@id\":\"https:\/\/www.csj-emballages.com\/de\/produit\/thymian-zitronen-marinade-5-kg\/#breadcrumb\",\"itemListElement\":[{\"@type\":\"ListItem\",\"position\":1,\"name\":\"Accueil\",\"item\":\"https:\/\/www.csj-emballages.com\/de\/universum-lebensmittelverpackungen\/\"},{\"@type\":\"ListItem\",\"position\":2,\"name\":\"Shop\",\"item\":\"https:\/\/www.csj-emballages.com\/shop\/\"},{\"@type\":\"ListItem\",\"position\":3,\"name\":\"Thymian-Zitronen-Marinade 5 kg\"}]},{\"@type\":\"WebSite\",\"@id\":\"https:\/\/www.csj-emballages.com\/de\/#website\",\"url\":\"https:\/\/www.csj-emballages.com\/de\/\",\"name\":\"CSJ Emballages\",\"description\":\"\",\"publisher\":{\"@id\":\"https:\/\/www.csj-emballages.com\/de\/#organization\"},\"potentialAction\":[{\"@type\":\"SearchAction\",\"target\":{\"@type\":\"EntryPoint\",\"urlTemplate\":\"https:\/\/www.csj-emballages.com\/de\/?s={search_term_string}\"},\"query-input\":{\"@type\":\"PropertyValueSpecification\",\"valueRequired\":true,\"valueName\":\"search_term_string\"}}],\"inLanguage\":\"de\"},{\"@type\":\"Organization\",\"@id\":\"https:\/\/www.csj-emballages.com\/de\/#Organization\/\",\"name\":\"CSJ Emballages\",\"url\":\"https:\/\/www.csj-emballages.com\/de\/\",\"logo\":{\"@type\":\"ImageObject\",\"inLanguage\":\"de\",\"@id\":\"https:\/\/www.csj-emballages.com\/de\/#\/schema\/logo\/image\/\",\"url\":\"https:\/\/www.csj-emballages.com\/wp-content\/uploads\/2023\/10\/logo_csj.webp\",\"contentUrl\":\"https:\/\/www.csj-emballages.com\/wp-content\/uploads\/2023\/10\/logo_csj.webp\",\"width\":250,\"height\":95,\"caption\":\"CSJ Emballages\"},\"image\":{\"@id\":\"https:\/\/www.csj-emballages.com\/de\/#\/schema\/logo\/image\/\"},\"sameAs\":[\"https:\/\/www.facebook.com\/csjemballages\"],\"address\":{\"@type\":\"PostalAddress\",\"streetAddress\":\"ZI La Lechere\",\"addressLocality\":\"Patornay\",\"postalCode\":\"39130\",\"addressCountry\":\"FR\"},\"contactPoint\":[{\"@type\":\"ContactPoint\",\"contactType\":\"Service client\",\"telephone\":\"0384254272\",\"email\":\"contact@csj-emballages.com\"}]}]}<\/script>\n<!-- \/ Yoast SEO Premium plugin. -->","yoast_head_json":{"title":"Marinade Thymian Zitrone 5 kg","description":"Entdecken Sie unsere Marinade Thymian Zitrone 5 kg, die sich perfekt f\u00fcr den professionellen und privaten Gebrauch eignet. Ideal f\u00fcr Fleisch, Gefl\u00fcgel, Fisch und Gem\u00fcse.","robots":{"index":"index","follow":"follow","max-snippet":"max-snippet:-1","max-image-preview":"max-image-preview:large","max-video-preview":"max-video-preview:-1"},"canonical":"https:\/\/www.csj-emballages.com\/de\/produit\/thymian-zitronen-marinade-5-kg\/","og_locale":"de_DE","og_type":"article","og_title":"Thymian-Zitronen-Marinade 5 kg","og_description":"Entdecken Sie unsere Marinade Thymian Zitrone 5 kg, die sich perfekt f\u00fcr den professionellen und privaten Gebrauch eignet. Ideal f\u00fcr Fleisch, Gefl\u00fcgel, Fisch und Gem\u00fcse.","og_url":"https:\/\/www.csj-emballages.com\/de\/produit\/thymian-zitronen-marinade-5-kg\/","og_site_name":"CSJ Emballages","article_publisher":"https:\/\/www.facebook.com\/csjemballages","article_modified_time":"2026-05-13T00:10:45+00:00","og_image":[{"width":800,"height":800,"url":"https:\/\/www.csj-emballages.com\/wp-content\/uploads\/2024\/03\/Marinade-thym-citron-1.webp","type":"image\/webp"}],"twitter_card":"summary_large_image","twitter_misc":{"Gesch\u00e4tzte Lesezeit":"1\u00a0Minute"},"schema":{"@context":"https:\/\/schema.org","@graph":[{"@type":"WebPage","@id":"https:\/\/www.csj-emballages.com\/de\/produit\/thymian-zitronen-marinade-5-kg\/","url":"https:\/\/www.csj-emballages.com\/de\/produit\/thymian-zitronen-marinade-5-kg\/","name":"Marinade Thymian Zitrone 5 kg","isPartOf":{"@id":"https:\/\/www.csj-emballages.com\/de\/#website"},"primaryImageOfPage":{"@id":"https:\/\/www.csj-emballages.com\/de\/produit\/thymian-zitronen-marinade-5-kg\/#primaryimage"},"image":{"@id":"https:\/\/www.csj-emballages.com\/de\/produit\/thymian-zitronen-marinade-5-kg\/#primaryimage"},"thumbnailUrl":"https:\/\/www.csj-emballages.com\/wp-content\/uploads\/2024\/03\/Marinade-thym-citron-1.webp","datePublished":"2024-03-01T15:59:33+00:00","dateModified":"2026-05-13T00:10:45+00:00","description":"Entdecken Sie unsere Marinade Thymian Zitrone 5 kg, die sich perfekt f\u00fcr den professionellen und privaten Gebrauch eignet. Ideal f\u00fcr Fleisch, Gefl\u00fcgel, Fisch und Gem\u00fcse.","breadcrumb":{"@id":"https:\/\/www.csj-emballages.com\/de\/produit\/thymian-zitronen-marinade-5-kg\/#breadcrumb"},"inLanguage":"de","potentialAction":[{"@type":"ReadAction","target":["https:\/\/www.csj-emballages.com\/de\/produit\/thymian-zitronen-marinade-5-kg\/"]}]},{"@type":"ImageObject","inLanguage":"de","@id":"https:\/\/www.csj-emballages.com\/de\/produit\/thymian-zitronen-marinade-5-kg\/#primaryimage","url":"https:\/\/www.csj-emballages.com\/wp-content\/uploads\/2024\/03\/Marinade-thym-citron-1.webp","contentUrl":"https:\/\/www.csj-emballages.com\/wp-content\/uploads\/2024\/03\/Marinade-thym-citron-1.webp","width":800,"height":800,"caption":"Marinade thym citron"},{"@type":"BreadcrumbList","@id":"https:\/\/www.csj-emballages.com\/de\/produit\/thymian-zitronen-marinade-5-kg\/#breadcrumb","itemListElement":[{"@type":"ListItem","position":1,"name":"Accueil","item":"https:\/\/www.csj-emballages.com\/de\/universum-lebensmittelverpackungen\/"},{"@type":"ListItem","position":2,"name":"Shop","item":"https:\/\/www.csj-emballages.com\/shop\/"},{"@type":"ListItem","position":3,"name":"Thymian-Zitronen-Marinade 5 kg"}]},{"@type":"WebSite","@id":"https:\/\/www.csj-emballages.com\/de\/#website","url":"https:\/\/www.csj-emballages.com\/de\/","name":"CSJ Emballages","description":"","publisher":{"@id":"https:\/\/www.csj-emballages.com\/de\/#organization"},"potentialAction":[{"@type":"SearchAction","target":{"@type":"EntryPoint","urlTemplate":"https:\/\/www.csj-emballages.com\/de\/?s={search_term_string}"},"query-input":{"@type":"PropertyValueSpecification","valueRequired":true,"valueName":"search_term_string"}}],"inLanguage":"de"},{"@type":"Organization","@id":"https:\/\/www.csj-emballages.com\/de\/#Organization\/","name":"CSJ Emballages","url":"https:\/\/www.csj-emballages.com\/de\/","logo":{"@type":"ImageObject","inLanguage":"de","@id":"https:\/\/www.csj-emballages.com\/de\/#\/schema\/logo\/image\/","url":"https:\/\/www.csj-emballages.com\/wp-content\/uploads\/2023\/10\/logo_csj.webp","contentUrl":"https:\/\/www.csj-emballages.com\/wp-content\/uploads\/2023\/10\/logo_csj.webp","width":250,"height":95,"caption":"CSJ Emballages"},"image":{"@id":"https:\/\/www.csj-emballages.com\/de\/#\/schema\/logo\/image\/"},"sameAs":["https:\/\/www.facebook.com\/csjemballages"],"address":{"@type":"PostalAddress","streetAddress":"ZI La Lechere","addressLocality":"Patornay","postalCode":"39130","addressCountry":"FR"},"contactPoint":[{"@type":"ContactPoint","contactType":"Service client","telephone":"0384254272","email":"contact@csj-emballages.com"}]}]}},"df_price":37,"df_sale_price":37,"df_regular_price":52.86,"df_image_link":"https:\/\/www.csj-emballages.com\/wp-content\/uploads\/2024\/03\/Marinade-thym-citron-1-300x300.webp","tiered_pricing_type":"fixed","tiered_pricing_fixed_rules":[],"tiered_pricing_percentage_rules":[],"tiered_pricing_minimum":1,"tiered_pricing_roles_data":[],"_links":{"self":[{"href":"https:\/\/www.csj-emballages.com\/de\/wp-json\/wp\/v2\/product\/18418","targetHints":{"allow":["GET"]}}],"collection":[{"href":"https:\/\/www.csj-emballages.com\/de\/wp-json\/wp\/v2\/product"}],"about":[{"href":"https:\/\/www.csj-emballages.com\/de\/wp-json\/wp\/v2\/types\/product"}],"wp:featuredmedia":[{"embeddable":true,"href":"https:\/\/www.csj-emballages.com\/de\/wp-json\/wp\/v2\/media\/239073"}],"wp:attachment":[{"href":"https:\/\/www.csj-emballages.com\/de\/wp-json\/wp\/v2\/media?parent=18418"}],"wp:term":[{"taxonomy":"product_brand","embeddable":true,"href":"https:\/\/www.csj-emballages.com\/de\/wp-json\/wp\/v2\/product_brand?post=18418"},{"taxonomy":"product_cat","embeddable":true,"href":"https:\/\/www.csj-emballages.com\/de\/wp-json\/wp\/v2\/product_cat?post=18418"},{"taxonomy":"product_tag","embeddable":true,"href":"https:\/\/www.csj-emballages.com\/de\/wp-json\/wp\/v2\/product_tag?post=18418"}],"curies":[{"name":"wp","href":"https:\/\/api.w.org\/{rel}","templated":true}]}}