{"id":18417,"date":"2024-03-01T16:59:34","date_gmt":"2024-03-01T15:59:34","guid":{"rendered":"https:\/\/u15jnbdpoq.preview.infomaniak.website\/produit\/kulinarische-basis-mit-gruenem-pfeffer-800-gr\/"},"modified":"2026-04-25T02:10:21","modified_gmt":"2026-04-25T00:10:21","slug":"kulinarische-basis-mit-gruenem-pfeffer-800-gr","status":"publish","type":"product","link":"https:\/\/www.csj-emballages.com\/de\/produit\/kulinarische-basis-mit-gruenem-pfeffer-800-gr\/","title":{"rendered":"Gr\u00fcne Pfeffersauce 700 gr"},"content":{"rendered":"<h2 class=\"p1\">Gr\u00fcne Pfeffersauce<\/h2>\n<hr>\n<h3>Beschreibung unserer gr\u00fcnen Pfeffersauce 700 gr<\/h3>\n<h3><!--more--><\/h3>\n<p data-start=\"292\" data-end=\"682\">Verleihen Sie Ihren Gerichten einen Hauch von Raffinesse mit dieser <strong data-start=\"350\" data-end=\"380\">700 g<\/strong> schweren, gebrauchsfertigen <strong data-start=\"350\" data-end=\"380\">gr\u00fcnen Pfeffersauce<\/strong>, die sowohl f\u00fcr professionelle Gastronomen als auch f\u00fcr Liebhaber einer gro\u00dfz\u00fcgigen K\u00fcche gedacht ist. Diese cremige <strong>Sauce<\/strong> wird aus sorgf\u00e4ltig ausgew\u00e4hlten Zutaten hergestellt und durch das kr\u00e4ftige Aroma des <strong>gr\u00fcnen Pfeffers<\/strong> abgerundet, der f\u00fcr Intensit\u00e4t und Ausgewogenheit sorgt. Sie eignet sich hervorragend zu gegrilltem rotem Fleisch, Entenbrust, Filet Mignon und sogar einigen Gefl\u00fcgelarten, passt aber auch sehr gut zu einer Pilzpfanne oder Bratkartoffeln. Dank seines Formats von 700<strong> g<\/strong> k\u00f6nnen mehrere Portionen schnell serviert werden, wobei bei jedem Service eine gleichbleibende Qualit\u00e4t gew\u00e4hrleistet ist.   <\/p>\n<p data-start=\"1039\" data-end=\"1301\">Diese praktische <strong>Sauce<\/strong> kann einfach bei schwacher Hitze oder im Wasserbad erw\u00e4rmt werden, ohne dass etwas hinzugef\u00fcgt werden muss. Ihr ausgepr\u00e4gter, aber raffinierter Geschmack wird Gaumen erfreuen, die nach Charakter suchen, ohne die Hauptgeschmacksrichtungen Ihrer Gerichte zu \u00fcberdecken. <\/p>\n<p data-start=\"1303\" data-end=\"1504\">Ob Caterer, Restaurantbesitzer oder leidenschaftlicher Koch zu Hause, Sie werden die Zeitersparnis in der K\u00fcche zu sch\u00e4tzen wissen, w\u00e4hrend Sie gleichzeitig eine sch\u00f6ne Pr\u00e4sentation und eine echte geschmackliche Signatur beibehalten.<\/p>\n<p><!--more--><\/p>\n<div class=\"flex flex-grow flex-col max-w-full\">\n<div class=\"min-h-[20px] text-message flex flex-col items-start whitespace-pre-wrap break-words [.text-message+&amp;]:mt-5 juice:w-full juice:items-end overflow-x-auto gap-2\" dir=\"auto\" data-message-author-role=\"assistant\" data-message-id=\"579bfb50-fb6c-479d-a152-27ab4b509f37\">\n<div class=\"flex w-full flex-col gap-1 juice:empty:hidden juice:first:pt-[3px]\">\n<div class=\"markdown prose w-full break-words dark:prose-invert light\">\n<div class=\"flex-1 overflow-hidden\">\n<div class=\"react-scroll-to-bottom--css-ygaxm-79elbk h-full\">\n<div class=\"react-scroll-to-bottom--css-ygaxm-1n7m0yu\">\n<div class=\"flex flex-col text-sm md:pb-9\">\n<div class=\"w-full text-token-text-primary\" dir=\"auto\" data-testid=\"conversation-turn-3\" data-scroll-anchor=\"true\">\n<div class=\"py-2 juice:py-[18px] px-3 text-base md:px-4 m-auto md:px-5 lg:px-1 xl:px-5\">\n<div class=\"mx-auto flex flex-1 gap-3 text-base juice:gap-4 juice:md:gap-5 juice:lg:gap-6 md:max-w-3xl lg:max-w-[40rem] xl:max-w-[48rem]\">\n<div class=\"group\/conversation-turn relative flex w-full min-w-0 flex-col agent-turn\">\n<div class=\"flex-col gap-1 md:gap-3\">\n<div class=\"flex flex-grow flex-col max-w-full\">\n<div class=\"min-h-[20px] text-message flex flex-col items-start whitespace-pre-wrap break-words [.text-message+&amp;]:mt-5 juice:w-full juice:items-end overflow-x-auto gap-2\" dir=\"auto\" data-message-author-role=\"assistant\" data-message-id=\"2fe0f070-0589-4d8f-991f-f185baabe147\">\n<div class=\"flex w-full flex-col gap-1 juice:empty:hidden juice:first:pt-[3px]\">\n<div class=\"markdown prose w-full break-words dark:prose-invert light\">\n<h4>Seine Vorteile :<\/h4>\n<ul>\n<li>Cremige Textur und ausgewogener Geschmack<\/li>\n<li>Ideal f\u00fcr rotes Fleisch, Gefl\u00fcgel oder Gem\u00fcse.<\/li>\n<li>Gro\u00dfes, preisg\u00fcnstiges Format mit 700 g.<\/li>\n<li>Einfach zu dosieren, konzentrierter Fond zum Verd\u00fcnnen.<\/li>\n<li>Zeitersparnis bei der Vorbereitung.<\/li>\n<\/ul>\n<\/div>\n<div class=\"markdown prose w-full break-words dark:prose-invert light\">\n<p>&nbsp;<\/p>\n<\/div>\n<\/div>\n<\/div>\n<\/div>\n<\/div>\n<\/div>\n<\/div>\n<\/div>\n<\/div>\n<\/div>\n<\/div>\n<\/div>\n<\/div>\n<\/div>\n<\/div>\n<\/div>\n<\/div>\n<p><!--more--><\/p>\n<p><span style=\"font-weight: bold;\">Dosierung<\/span>: 90 g pro Liter Wasser<\/p>\n<p>&nbsp;<\/p>\n<p><!--more--><\/p>\n<p><span style=\"color: #e3ab00; font-weight: bold;\">Zusammensetzung<\/span>: Milchs\u00e4urepr\u00e4parat (Milchprotein, pflanzliches Kokosfett, Laktose), modifizierte St\u00e4rke<span style=\"font-size: 16px;\">(Mais<\/span>), gr\u00fcner Pfeffer* (1.5\u00f9), Aromen, <span style=\"font-size: 16px;\">Geschmacksverst\u00e4rker<\/span> E-621 (1.5%), Farbstoff E-150c (1%) * rekonstituiert 5% Enth\u00e4lt Milch und Milcherzeugnisse (einschlie\u00dflich Laktose)<\/p>\n<p>&nbsp;<\/p>\n<p><!--more--><\/p>\n<p><span style=\"color: #1882ed; font-weight: bold;\">Besch\u00e4ftigung<\/span>:<\/p>\n<ol>\n<li>Die angegebene Menge mit Wasser verd\u00fcnnen, gleichzeitig umr\u00fchren und zum Kochen bringen.<\/li>\n<li>Mit dem Schneebesen verr\u00fchren, bis die Masse vollst\u00e4ndig homogenisiert ist.<\/li>\n<li>Etwa 5 Minuten lang aufkochen lassen, <span style=\"font-size: 16px;\">bis<\/span> es sich vollst\u00e4ndig aufgel\u00f6st hat.<\/li>\n<li>Vom Herd nehmen und nach Bedarf verwenden.<\/li>\n<\/ol>\n<p>&nbsp;<\/p>\n<p><!--more--><\/p>\n<div class=\"flex flex-grow flex-col max-w-full\">\n<div class=\"min-h-[20px] text-message flex flex-col items-start whitespace-pre-wrap break-words [.text-message+&amp;]:mt-5 juice:w-full juice:items-end overflow-x-auto gap-2\" dir=\"auto\" data-message-author-role=\"assistant\" data-message-id=\"579bfb50-fb6c-479d-a152-27ab4b509f37\">\n<div class=\"flex w-full flex-col gap-1 juice:empty:hidden juice:first:pt-[3px]\">\n<div class=\"markdown prose w-full break-words dark:prose-invert light\">\n<div class=\"flex-1 overflow-hidden\">\n<div class=\"react-scroll-to-bottom--css-ygaxm-79elbk h-full\">\n<div class=\"react-scroll-to-bottom--css-ygaxm-1n7m0yu\">\n<div class=\"flex flex-col text-sm md:pb-9\">\n<div class=\"w-full text-token-text-primary\" dir=\"auto\" data-testid=\"conversation-turn-3\" data-scroll-anchor=\"true\">\n<div class=\"py-2 juice:py-[18px] px-3 text-base md:px-4 m-auto md:px-5 lg:px-1 xl:px-5\">\n<div class=\"mx-auto flex flex-1 gap-3 text-base juice:gap-4 juice:md:gap-5 juice:lg:gap-6 md:max-w-3xl lg:max-w-[40rem] xl:max-w-[48rem]\">\n<div class=\"group\/conversation-turn relative flex w-full min-w-0 flex-col agent-turn\">\n<div class=\"flex-col gap-1 md:gap-3\">\n<div class=\"flex flex-grow flex-col max-w-full\">\n<div class=\"min-h-[20px] text-message flex flex-col items-start whitespace-pre-wrap break-words [.text-message+&amp;]:mt-5 juice:w-full juice:items-end overflow-x-auto gap-2\" dir=\"auto\" data-message-author-role=\"assistant\" data-message-id=\"2fe0f070-0589-4d8f-991f-f185baabe147\">\n<div class=\"flex w-full flex-col gap-1 juice:empty:hidden juice:first:pt-[3px]\">\n<div class=\"markdown prose w-full break-words dark:prose-invert light\">\n<h4>Weitere Informationen :<\/h4>\n<ul>\n<li><strong>Verpackung<\/strong>: Topf mit 700 g<\/li>\n<li><strong>Typ<\/strong>: Gr\u00fcne Pfeffersauce<\/li>\n<\/ul>\n<\/div>\n<\/div>\n<\/div>\n<\/div>\n<\/div>\n<\/div>\n<\/div>\n<\/div>\n<\/div>\n<\/div>\n<\/div>\n<\/div>\n<\/div>\n<p>&nbsp;<\/p>\n<\/div>\n<\/div>\n<\/div>\n<\/div>\n<p><!--more--><\/p>\n<p>Entdecken Sie hier unsere Fischfond-Basis : <span style=\"color: #d12727;\"><a style=\"color: #d12727;\" href=\"https:\/\/www.csj-emballages.com\/pt-pt\/produit\/base-de-caldo-de-peixe-800-gr\/\">10545<\/a><\/span><\/p>\n<p>&nbsp;<\/p>\n<p><!--more--><\/p>\n<p><a href=\"https:\/\/www.csj-emballages.com\/de\/categorie-produit\/lebensmittel\/kulinarische-grundlagen-fonds\/\">Sehen Sie sich den Rest unseres Sortiments an kulinarischen Grundlagen \/ Fonds an<\/a><\/p>\n","protected":false},"excerpt":{"rendered":"<p>Gr\u00fcne Pfeffersauce Beschreibung unserer gr\u00fcnen Pfeffersauce 700 gr<\/p>\n","protected":false},"featured_media":231142,"template":"","meta":{"_acf_changed":false},"product_brand":[],"product_cat":[1144,1864],"product_tag":[],"class_list":{"0":"post-18417","1":"product","2":"type-product","3":"status-publish","4":"has-post-thumbnail","6":"product_cat-lebensmittel","7":"product_cat-kulinarische-grundlagen-fonds","9":"first","10":"instock","11":"taxable","12":"shipping-taxable","13":"purchasable","14":"product-type-simple"},"acf":[],"yoast_head":"<!-- This site is optimized with the Yoast SEO Premium plugin v26.6 (Yoast SEO v26.6) - https:\/\/yoast.com\/wordpress\/plugins\/seo\/ -->\n<title>Gr\u00fcne Pfeffersauce 700 gr<\/title>\n<meta name=\"description\" content=\"Gr\u00fcne Pfeffersauce 700 g - Gebrauchsfertig, ideal, um Ihr Fleisch mit einem Hauch von Charakter zu begleiten. Cremig, w\u00fcrzig und einfach zu verwenden.\" \/>\n<meta name=\"robots\" content=\"index, follow, max-snippet:-1, max-image-preview:large, max-video-preview:-1\" \/>\n<link rel=\"canonical\" href=\"https:\/\/www.csj-emballages.com\/de\/produit\/kulinarische-basis-mit-gruenem-pfeffer-800-gr\/\" \/>\n<meta property=\"og:locale\" content=\"de_DE\" \/>\n<meta property=\"og:type\" content=\"article\" \/>\n<meta property=\"og:title\" content=\"Gr\u00fcne Pfeffersauce 700 gr\" \/>\n<meta property=\"og:description\" content=\"Gr\u00fcne Pfeffersauce 700 g - Gebrauchsfertig, ideal, um Ihr Fleisch mit einem Hauch von Charakter zu begleiten. Cremig, w\u00fcrzig und einfach zu verwenden.\" \/>\n<meta property=\"og:url\" content=\"https:\/\/www.csj-emballages.com\/de\/produit\/kulinarische-basis-mit-gruenem-pfeffer-800-gr\/\" \/>\n<meta property=\"og:site_name\" content=\"CSJ Emballages\" \/>\n<meta property=\"article:publisher\" content=\"https:\/\/www.facebook.com\/csjemballages\" \/>\n<meta property=\"article:modified_time\" content=\"2026-04-25T00:10:21+00:00\" \/>\n<meta property=\"og:image\" content=\"https:\/\/www.csj-emballages.com\/wp-content\/uploads\/2024\/03\/Sauce-au-poivre-vert.webp\" \/>\n\t<meta property=\"og:image:width\" content=\"800\" \/>\n\t<meta property=\"og:image:height\" content=\"800\" \/>\n\t<meta property=\"og:image:type\" content=\"image\/webp\" \/>\n<meta name=\"twitter:card\" content=\"summary_large_image\" \/>\n<meta name=\"twitter:label1\" content=\"Gesch\u00e4tzte Lesezeit\" \/>\n\t<meta name=\"twitter:data1\" content=\"2 Minuten\" \/>\n<script type=\"application\/ld+json\" class=\"yoast-schema-graph\">{\"@context\":\"https:\/\/schema.org\",\"@graph\":[{\"@type\":\"WebPage\",\"@id\":\"https:\/\/www.csj-emballages.com\/de\/produit\/kulinarische-basis-mit-gruenem-pfeffer-800-gr\/\",\"url\":\"https:\/\/www.csj-emballages.com\/de\/produit\/kulinarische-basis-mit-gruenem-pfeffer-800-gr\/\",\"name\":\"Gr\u00fcne Pfeffersauce 700 gr\",\"isPartOf\":{\"@id\":\"https:\/\/www.csj-emballages.com\/de\/#website\"},\"primaryImageOfPage\":{\"@id\":\"https:\/\/www.csj-emballages.com\/de\/produit\/kulinarische-basis-mit-gruenem-pfeffer-800-gr\/#primaryimage\"},\"image\":{\"@id\":\"https:\/\/www.csj-emballages.com\/de\/produit\/kulinarische-basis-mit-gruenem-pfeffer-800-gr\/#primaryimage\"},\"thumbnailUrl\":\"https:\/\/www.csj-emballages.com\/wp-content\/uploads\/2024\/03\/Sauce-au-poivre-vert.webp\",\"datePublished\":\"2024-03-01T15:59:34+00:00\",\"dateModified\":\"2026-04-25T00:10:21+00:00\",\"description\":\"Gr\u00fcne Pfeffersauce 700 g - Gebrauchsfertig, ideal, um Ihr Fleisch mit einem Hauch von Charakter zu begleiten. Cremig, w\u00fcrzig und einfach zu verwenden.\",\"breadcrumb\":{\"@id\":\"https:\/\/www.csj-emballages.com\/de\/produit\/kulinarische-basis-mit-gruenem-pfeffer-800-gr\/#breadcrumb\"},\"inLanguage\":\"de\",\"potentialAction\":[{\"@type\":\"ReadAction\",\"target\":[\"https:\/\/www.csj-emballages.com\/de\/produit\/kulinarische-basis-mit-gruenem-pfeffer-800-gr\/\"]}]},{\"@type\":\"ImageObject\",\"inLanguage\":\"de\",\"@id\":\"https:\/\/www.csj-emballages.com\/de\/produit\/kulinarische-basis-mit-gruenem-pfeffer-800-gr\/#primaryimage\",\"url\":\"https:\/\/www.csj-emballages.com\/wp-content\/uploads\/2024\/03\/Sauce-au-poivre-vert.webp\",\"contentUrl\":\"https:\/\/www.csj-emballages.com\/wp-content\/uploads\/2024\/03\/Sauce-au-poivre-vert.webp\",\"width\":800,\"height\":800,\"caption\":\"sauce au poivre vert\"},{\"@type\":\"BreadcrumbList\",\"@id\":\"https:\/\/www.csj-emballages.com\/de\/produit\/kulinarische-basis-mit-gruenem-pfeffer-800-gr\/#breadcrumb\",\"itemListElement\":[{\"@type\":\"ListItem\",\"position\":1,\"name\":\"Accueil\",\"item\":\"https:\/\/www.csj-emballages.com\/de\/universum-lebensmittelverpackungen\/\"},{\"@type\":\"ListItem\",\"position\":2,\"name\":\"Shop\",\"item\":\"https:\/\/www.csj-emballages.com\/shop\/\"},{\"@type\":\"ListItem\",\"position\":3,\"name\":\"Gr\u00fcne Pfeffersauce 700 gr\"}]},{\"@type\":\"WebSite\",\"@id\":\"https:\/\/www.csj-emballages.com\/de\/#website\",\"url\":\"https:\/\/www.csj-emballages.com\/de\/\",\"name\":\"CSJ Emballages\",\"description\":\"\",\"publisher\":{\"@id\":\"https:\/\/www.csj-emballages.com\/de\/#organization\"},\"potentialAction\":[{\"@type\":\"SearchAction\",\"target\":{\"@type\":\"EntryPoint\",\"urlTemplate\":\"https:\/\/www.csj-emballages.com\/de\/?s={search_term_string}\"},\"query-input\":{\"@type\":\"PropertyValueSpecification\",\"valueRequired\":true,\"valueName\":\"search_term_string\"}}],\"inLanguage\":\"de\"},{\"@type\":\"Organization\",\"@id\":\"https:\/\/www.csj-emballages.com\/de\/#Organization\/\",\"name\":\"CSJ Emballages\",\"url\":\"https:\/\/www.csj-emballages.com\/de\/\",\"logo\":{\"@type\":\"ImageObject\",\"inLanguage\":\"de\",\"@id\":\"https:\/\/www.csj-emballages.com\/de\/#\/schema\/logo\/image\/\",\"url\":\"https:\/\/www.csj-emballages.com\/wp-content\/uploads\/2023\/10\/logo_csj.webp\",\"contentUrl\":\"https:\/\/www.csj-emballages.com\/wp-content\/uploads\/2023\/10\/logo_csj.webp\",\"width\":250,\"height\":95,\"caption\":\"CSJ Emballages\"},\"image\":{\"@id\":\"https:\/\/www.csj-emballages.com\/de\/#\/schema\/logo\/image\/\"},\"sameAs\":[\"https:\/\/www.facebook.com\/csjemballages\"],\"address\":{\"@type\":\"PostalAddress\",\"streetAddress\":\"ZI La Lechere\",\"addressLocality\":\"Patornay\",\"postalCode\":\"39130\",\"addressCountry\":\"FR\"},\"contactPoint\":[{\"@type\":\"ContactPoint\",\"contactType\":\"Service client\",\"telephone\":\"0384254272\",\"email\":\"contact@csj-emballages.com\"}]}]}<\/script>\n<!-- \/ Yoast SEO Premium plugin. -->","yoast_head_json":{"title":"Gr\u00fcne Pfeffersauce 700 gr","description":"Gr\u00fcne Pfeffersauce 700 g - Gebrauchsfertig, ideal, um Ihr Fleisch mit einem Hauch von Charakter zu begleiten. Cremig, w\u00fcrzig und einfach zu verwenden.","robots":{"index":"index","follow":"follow","max-snippet":"max-snippet:-1","max-image-preview":"max-image-preview:large","max-video-preview":"max-video-preview:-1"},"canonical":"https:\/\/www.csj-emballages.com\/de\/produit\/kulinarische-basis-mit-gruenem-pfeffer-800-gr\/","og_locale":"de_DE","og_type":"article","og_title":"Gr\u00fcne Pfeffersauce 700 gr","og_description":"Gr\u00fcne Pfeffersauce 700 g - Gebrauchsfertig, ideal, um Ihr Fleisch mit einem Hauch von Charakter zu begleiten. Cremig, w\u00fcrzig und einfach zu verwenden.","og_url":"https:\/\/www.csj-emballages.com\/de\/produit\/kulinarische-basis-mit-gruenem-pfeffer-800-gr\/","og_site_name":"CSJ Emballages","article_publisher":"https:\/\/www.facebook.com\/csjemballages","article_modified_time":"2026-04-25T00:10:21+00:00","og_image":[{"width":800,"height":800,"url":"https:\/\/www.csj-emballages.com\/wp-content\/uploads\/2024\/03\/Sauce-au-poivre-vert.webp","type":"image\/webp"}],"twitter_card":"summary_large_image","twitter_misc":{"Gesch\u00e4tzte Lesezeit":"2 Minuten"},"schema":{"@context":"https:\/\/schema.org","@graph":[{"@type":"WebPage","@id":"https:\/\/www.csj-emballages.com\/de\/produit\/kulinarische-basis-mit-gruenem-pfeffer-800-gr\/","url":"https:\/\/www.csj-emballages.com\/de\/produit\/kulinarische-basis-mit-gruenem-pfeffer-800-gr\/","name":"Gr\u00fcne Pfeffersauce 700 gr","isPartOf":{"@id":"https:\/\/www.csj-emballages.com\/de\/#website"},"primaryImageOfPage":{"@id":"https:\/\/www.csj-emballages.com\/de\/produit\/kulinarische-basis-mit-gruenem-pfeffer-800-gr\/#primaryimage"},"image":{"@id":"https:\/\/www.csj-emballages.com\/de\/produit\/kulinarische-basis-mit-gruenem-pfeffer-800-gr\/#primaryimage"},"thumbnailUrl":"https:\/\/www.csj-emballages.com\/wp-content\/uploads\/2024\/03\/Sauce-au-poivre-vert.webp","datePublished":"2024-03-01T15:59:34+00:00","dateModified":"2026-04-25T00:10:21+00:00","description":"Gr\u00fcne Pfeffersauce 700 g - Gebrauchsfertig, ideal, um Ihr Fleisch mit einem Hauch von Charakter zu begleiten. Cremig, w\u00fcrzig und einfach zu verwenden.","breadcrumb":{"@id":"https:\/\/www.csj-emballages.com\/de\/produit\/kulinarische-basis-mit-gruenem-pfeffer-800-gr\/#breadcrumb"},"inLanguage":"de","potentialAction":[{"@type":"ReadAction","target":["https:\/\/www.csj-emballages.com\/de\/produit\/kulinarische-basis-mit-gruenem-pfeffer-800-gr\/"]}]},{"@type":"ImageObject","inLanguage":"de","@id":"https:\/\/www.csj-emballages.com\/de\/produit\/kulinarische-basis-mit-gruenem-pfeffer-800-gr\/#primaryimage","url":"https:\/\/www.csj-emballages.com\/wp-content\/uploads\/2024\/03\/Sauce-au-poivre-vert.webp","contentUrl":"https:\/\/www.csj-emballages.com\/wp-content\/uploads\/2024\/03\/Sauce-au-poivre-vert.webp","width":800,"height":800,"caption":"sauce au poivre vert"},{"@type":"BreadcrumbList","@id":"https:\/\/www.csj-emballages.com\/de\/produit\/kulinarische-basis-mit-gruenem-pfeffer-800-gr\/#breadcrumb","itemListElement":[{"@type":"ListItem","position":1,"name":"Accueil","item":"https:\/\/www.csj-emballages.com\/de\/universum-lebensmittelverpackungen\/"},{"@type":"ListItem","position":2,"name":"Shop","item":"https:\/\/www.csj-emballages.com\/shop\/"},{"@type":"ListItem","position":3,"name":"Gr\u00fcne Pfeffersauce 700 gr"}]},{"@type":"WebSite","@id":"https:\/\/www.csj-emballages.com\/de\/#website","url":"https:\/\/www.csj-emballages.com\/de\/","name":"CSJ Emballages","description":"","publisher":{"@id":"https:\/\/www.csj-emballages.com\/de\/#organization"},"potentialAction":[{"@type":"SearchAction","target":{"@type":"EntryPoint","urlTemplate":"https:\/\/www.csj-emballages.com\/de\/?s={search_term_string}"},"query-input":{"@type":"PropertyValueSpecification","valueRequired":true,"valueName":"search_term_string"}}],"inLanguage":"de"},{"@type":"Organization","@id":"https:\/\/www.csj-emballages.com\/de\/#Organization\/","name":"CSJ Emballages","url":"https:\/\/www.csj-emballages.com\/de\/","logo":{"@type":"ImageObject","inLanguage":"de","@id":"https:\/\/www.csj-emballages.com\/de\/#\/schema\/logo\/image\/","url":"https:\/\/www.csj-emballages.com\/wp-content\/uploads\/2023\/10\/logo_csj.webp","contentUrl":"https:\/\/www.csj-emballages.com\/wp-content\/uploads\/2023\/10\/logo_csj.webp","width":250,"height":95,"caption":"CSJ Emballages"},"image":{"@id":"https:\/\/www.csj-emballages.com\/de\/#\/schema\/logo\/image\/"},"sameAs":["https:\/\/www.facebook.com\/csjemballages"],"address":{"@type":"PostalAddress","streetAddress":"ZI La Lechere","addressLocality":"Patornay","postalCode":"39130","addressCountry":"FR"},"contactPoint":[{"@type":"ContactPoint","contactType":"Service client","telephone":"0384254272","email":"contact@csj-emballages.com"}]}]}},"df_price":9.8,"df_sale_price":"","df_regular_price":9.8,"df_image_link":"https:\/\/www.csj-emballages.com\/wp-content\/uploads\/2024\/03\/Sauce-au-poivre-vert-300x300.webp","tiered_pricing_type":"fixed","tiered_pricing_fixed_rules":[],"tiered_pricing_percentage_rules":[],"tiered_pricing_minimum":1,"tiered_pricing_roles_data":[],"_links":{"self":[{"href":"https:\/\/www.csj-emballages.com\/de\/wp-json\/wp\/v2\/product\/18417","targetHints":{"allow":["GET"]}}],"collection":[{"href":"https:\/\/www.csj-emballages.com\/de\/wp-json\/wp\/v2\/product"}],"about":[{"href":"https:\/\/www.csj-emballages.com\/de\/wp-json\/wp\/v2\/types\/product"}],"wp:featuredmedia":[{"embeddable":true,"href":"https:\/\/www.csj-emballages.com\/de\/wp-json\/wp\/v2\/media\/231142"}],"wp:attachment":[{"href":"https:\/\/www.csj-emballages.com\/de\/wp-json\/wp\/v2\/media?parent=18417"}],"wp:term":[{"taxonomy":"product_brand","embeddable":true,"href":"https:\/\/www.csj-emballages.com\/de\/wp-json\/wp\/v2\/product_brand?post=18417"},{"taxonomy":"product_cat","embeddable":true,"href":"https:\/\/www.csj-emballages.com\/de\/wp-json\/wp\/v2\/product_cat?post=18417"},{"taxonomy":"product_tag","embeddable":true,"href":"https:\/\/www.csj-emballages.com\/de\/wp-json\/wp\/v2\/product_tag?post=18417"}],"curies":[{"name":"wp","href":"https:\/\/api.w.org\/{rel}","templated":true}]}}