{"id":18394,"date":"2024-03-01T16:59:35","date_gmt":"2024-03-01T15:59:35","guid":{"rendered":"https:\/\/u15jnbdpoq.preview.infomaniak.website\/produit\/gewuerze-fuer-grillhaehnchen-3033-5-kg\/"},"modified":"2026-04-04T02:10:27","modified_gmt":"2026-04-04T00:10:27","slug":"gewuerze-fuer-grillhaehnchen-3033-5-kg","status":"publish","type":"product","link":"https:\/\/www.csj-emballages.com\/de\/produit\/gewuerze-fuer-grillhaehnchen-3033-5-kg\/","title":{"rendered":"Gew\u00fcrze f\u00fcr Grillh\u00e4hnchen 3033 5 kg"},"content":{"rendered":"<h2>Gew\u00fcrze Grillh\u00e4hnchen<\/h2>\n<hr>\n<h3>Beschreibung von unserem Gew\u00fcrz Grillh\u00e4hnchen in 5kg<\/h3>\n<p><!--more--><\/p>\n<p class=\"\" data-start=\"253\" data-end=\"613\">Ob Gastronomen, Caterer oder leidenschaftliche K\u00f6che &#8211; diese spezielle <strong>Gew\u00fcrzmischung<\/strong> f\u00fcr <strong data-start=\"352\" data-end=\"368\">Grillh\u00e4hnchen<\/strong> im <strong data-start=\"379\" data-end=\"387\">5-kg-Format<\/strong> wurde f\u00fcr Sie entwickelt. Sie kombiniert auf subtile Weise milde Gew\u00fcrze, aromatische Kr\u00e4uter und leicht rauchige Noten, um den Geschmack des H\u00e4hnchens zu unterstreichen und ihm nach dem Garen eine sch\u00f6ne, appetitliche goldene Farbe zu verleihen. Dieses Produkt ist ideal f\u00fcr gro\u00dfe Mengen und Serienzubereitungen. Sein ausgewogener Geschmack eignet sich gleicherma\u00dfen f\u00fcr die Zubereitung im Ofen, am Spie\u00df, auf dem Grill oder sogar auf der Plancha. Es kann sowohl als Marinade als auch zum Trockenw\u00fcrzen vor dem Kochen verwendet werden. Schon wenige Gramm pro Kilogramm Fleisch reichen aus, um ein einfaches Brath\u00e4hnchen in ein gro\u00dfz\u00fcgiges, geschmacksintensives Gericht zu verwandeln.     <\/p>\n<p class=\"\" data-start=\"1013\" data-end=\"1309\">In <strong data-start=\"1028\" data-end=\"1044\">5-kg-Eimern<\/strong> verpackt, l\u00e4sst es sich leicht lagern und garantiert Ihnen eine wirtschaftliche Verwendung. Das ist es, was in einer professionellen K\u00fcche den Unterschied ausmacht: Zeitersparnis, gleichm\u00e4\u00dfiger Geschmack und Kundenzufriedenheit. <\/p>\n<p><!--more--><\/p>\n<div style=\"box-sizing: inherit; font-family: Roboto, sans-serif;\">\n<p><span style=\"color: #c79600; font-weight: bold;\">Zusammensetzung:<\/span> Salz \/ Gew\u00fcrze und Kr\u00e4uter (Gem\u00fcsepaprika, Knoblauch, Kurkuma, Koriander, Basilikum, Bockshornklee, Rosmarin, rote Paprika, Pfeffer, scharfe Paprika, Majoran, Sellerie) \/ Paniermehl (Weizenmehl, Salz, Hefe), Dextrose, Mononatriumglutamat (E-621).<\/p>\n<\/div>\n<p>&nbsp;<\/p>\n<p><!--more--><\/p>\n<div style=\"box-sizing: inherit; font-family: Roboto, sans-serif;\">\n<h4>Ihre Vorteile :<\/h4>\n<ul>\n<li>Authentischer Gourmetgeschmack, speziell f\u00fcr Grillh\u00e4hnchen entwickelt.<\/li>\n<li>Praktisches 5-kg-Format f\u00fcr den intensiven Gebrauch in der Profik\u00fcche.<\/li>\n<li>Ausgewogene Mischung: milder Chili, Knoblauch, Kurkuma, milde Gew\u00fcrze.<\/li>\n<li>Ideal zum Braten, Backen, Grillen oder Marinieren.<\/li>\n<\/ul>\n<p>&nbsp;<\/p>\n<\/div>\n<p><!--more--><\/p>\n<div style=\"box-sizing: inherit; font-family: Roboto, sans-serif;\">\n<h4>Weitere Informationen :<\/h4>\n<ul>\n<li><strong>Verpackung<\/strong>: 5kg Eimer<\/li>\n<li><strong>Typ<\/strong>: Grillh\u00e4hnchen<\/li>\n<\/ul>\n<p>&nbsp;<\/p>\n<\/div>\n<p><!--more--><\/p>\n<p>Finden Sie hier unsere Gew\u00fcrze f\u00fcr Brath\u00e4hnchen : <span style=\"color: #d12727;\"><a style=\"color: #d12727;\" href=\"https:\/\/www.csj-emballages.com\/es\/produit\/especias-pollo-asado-1051-5-kg\/\">10430<\/a><\/span><\/p>\n<div style=\"box-sizing: inherit; font-family: Roboto, sans-serif;\">\n<p>&nbsp;<\/p>\n<\/div>\n<p><!--more--><\/p>\n<div style=\"box-sizing: inherit; font-family: Roboto, sans-serif;\">\n<p><a href=\"https:\/\/www.csj-emballages.com\/de\/categorie-produit\/lebensmittel\/gewurze\/zusammengesetzte-gewurze\/hahnchen\/\">Sehen Sie sich den Rest unseres Sortiments an H\u00e4hnchengew\u00fcrzen an<\/a><\/p>\n<\/div>\n","protected":false},"excerpt":{"rendered":"<p>Gew\u00fcrze Grillh\u00e4hnchen Beschreibung von unserem Gew\u00fcrz Grillh\u00e4hnchen in 5kg<\/p>\n","protected":false},"featured_media":231354,"template":"","meta":{"_acf_changed":false},"product_brand":[],"product_cat":[1144,1441,1779,1783],"product_tag":[],"class_list":{"0":"post-18394","1":"product","2":"type-product","3":"status-publish","4":"has-post-thumbnail","6":"product_cat-lebensmittel","7":"product_cat-gewurze","8":"product_cat-zusammengesetzte-gewurze","9":"product_cat-hahnchen","11":"first","12":"instock","13":"taxable","14":"shipping-taxable","15":"purchasable","16":"product-type-simple"},"acf":[],"yoast_head":"<!-- This site is optimized with the Yoast SEO Premium plugin v26.6 (Yoast SEO v26.6) - https:\/\/yoast.com\/wordpress\/plugins\/seo\/ -->\n<title>Gew\u00fcrze Grillh\u00e4hnchen in 5kg<\/title>\n<meta name=\"description\" content=\"Gew\u00fcrzmischung f\u00fcr Grillh\u00e4hnchen 5kg. Ideal f\u00fcr den professionellen Gebrauch. Reichhaltiger Geschmack und goldbraune Farbe garantiert. Preisg\u00fcnstiges und praktisches Format.\" \/>\n<meta name=\"robots\" content=\"index, follow, max-snippet:-1, max-image-preview:large, max-video-preview:-1\" \/>\n<link rel=\"canonical\" href=\"https:\/\/www.csj-emballages.com\/de\/produit\/gewuerze-fuer-grillhaehnchen-3033-5-kg\/\" \/>\n<meta property=\"og:locale\" content=\"de_DE\" \/>\n<meta property=\"og:type\" content=\"article\" \/>\n<meta property=\"og:title\" content=\"Gew\u00fcrze f\u00fcr Grillh\u00e4hnchen 3033 5 kg\" \/>\n<meta property=\"og:description\" content=\"Gew\u00fcrzmischung f\u00fcr Grillh\u00e4hnchen 5kg. Ideal f\u00fcr den professionellen Gebrauch. Reichhaltiger Geschmack und goldbraune Farbe garantiert. Preisg\u00fcnstiges und praktisches Format.\" \/>\n<meta property=\"og:url\" content=\"https:\/\/www.csj-emballages.com\/de\/produit\/gewuerze-fuer-grillhaehnchen-3033-5-kg\/\" \/>\n<meta property=\"og:site_name\" content=\"CSJ Emballages\" \/>\n<meta property=\"article:publisher\" content=\"https:\/\/www.facebook.com\/csjemballages\" \/>\n<meta property=\"article:modified_time\" content=\"2026-04-04T00:10:27+00:00\" \/>\n<meta property=\"og:image\" content=\"https:\/\/www.csj-emballages.com\/wp-content\/uploads\/2024\/03\/Epices-poulet-grill.webp\" \/>\n\t<meta property=\"og:image:width\" content=\"800\" \/>\n\t<meta property=\"og:image:height\" content=\"800\" \/>\n\t<meta property=\"og:image:type\" content=\"image\/webp\" \/>\n<meta name=\"twitter:card\" content=\"summary_large_image\" \/>\n<meta name=\"twitter:label1\" content=\"Gesch\u00e4tzte Lesezeit\" \/>\n\t<meta name=\"twitter:data1\" content=\"1\u00a0Minute\" \/>\n<script type=\"application\/ld+json\" class=\"yoast-schema-graph\">{\"@context\":\"https:\/\/schema.org\",\"@graph\":[{\"@type\":\"WebPage\",\"@id\":\"https:\/\/www.csj-emballages.com\/de\/produit\/gewuerze-fuer-grillhaehnchen-3033-5-kg\/\",\"url\":\"https:\/\/www.csj-emballages.com\/de\/produit\/gewuerze-fuer-grillhaehnchen-3033-5-kg\/\",\"name\":\"Gew\u00fcrze Grillh\u00e4hnchen in 5kg\",\"isPartOf\":{\"@id\":\"https:\/\/www.csj-emballages.com\/de\/#website\"},\"primaryImageOfPage\":{\"@id\":\"https:\/\/www.csj-emballages.com\/de\/produit\/gewuerze-fuer-grillhaehnchen-3033-5-kg\/#primaryimage\"},\"image\":{\"@id\":\"https:\/\/www.csj-emballages.com\/de\/produit\/gewuerze-fuer-grillhaehnchen-3033-5-kg\/#primaryimage\"},\"thumbnailUrl\":\"https:\/\/www.csj-emballages.com\/wp-content\/uploads\/2024\/03\/Epices-poulet-grill.webp\",\"datePublished\":\"2024-03-01T15:59:35+00:00\",\"dateModified\":\"2026-04-04T00:10:27+00:00\",\"description\":\"Gew\u00fcrzmischung f\u00fcr Grillh\u00e4hnchen 5kg. Ideal f\u00fcr den professionellen Gebrauch. Reichhaltiger Geschmack und goldbraune Farbe garantiert. Preisg\u00fcnstiges und praktisches Format.\",\"breadcrumb\":{\"@id\":\"https:\/\/www.csj-emballages.com\/de\/produit\/gewuerze-fuer-grillhaehnchen-3033-5-kg\/#breadcrumb\"},\"inLanguage\":\"de\",\"potentialAction\":[{\"@type\":\"ReadAction\",\"target\":[\"https:\/\/www.csj-emballages.com\/de\/produit\/gewuerze-fuer-grillhaehnchen-3033-5-kg\/\"]}]},{\"@type\":\"ImageObject\",\"inLanguage\":\"de\",\"@id\":\"https:\/\/www.csj-emballages.com\/de\/produit\/gewuerze-fuer-grillhaehnchen-3033-5-kg\/#primaryimage\",\"url\":\"https:\/\/www.csj-emballages.com\/wp-content\/uploads\/2024\/03\/Epices-poulet-grill.webp\",\"contentUrl\":\"https:\/\/www.csj-emballages.com\/wp-content\/uploads\/2024\/03\/Epices-poulet-grill.webp\",\"width\":800,\"height\":800,\"caption\":\"\u00c9pices poulet grill\"},{\"@type\":\"BreadcrumbList\",\"@id\":\"https:\/\/www.csj-emballages.com\/de\/produit\/gewuerze-fuer-grillhaehnchen-3033-5-kg\/#breadcrumb\",\"itemListElement\":[{\"@type\":\"ListItem\",\"position\":1,\"name\":\"Accueil\",\"item\":\"https:\/\/www.csj-emballages.com\/de\/universum-lebensmittelverpackungen\/\"},{\"@type\":\"ListItem\",\"position\":2,\"name\":\"Shop\",\"item\":\"https:\/\/www.csj-emballages.com\/shop\/\"},{\"@type\":\"ListItem\",\"position\":3,\"name\":\"Gew\u00fcrze f\u00fcr Grillh\u00e4hnchen 3033 5 kg\"}]},{\"@type\":\"WebSite\",\"@id\":\"https:\/\/www.csj-emballages.com\/de\/#website\",\"url\":\"https:\/\/www.csj-emballages.com\/de\/\",\"name\":\"CSJ Emballages\",\"description\":\"\",\"publisher\":{\"@id\":\"https:\/\/www.csj-emballages.com\/de\/#organization\"},\"potentialAction\":[{\"@type\":\"SearchAction\",\"target\":{\"@type\":\"EntryPoint\",\"urlTemplate\":\"https:\/\/www.csj-emballages.com\/de\/?s={search_term_string}\"},\"query-input\":{\"@type\":\"PropertyValueSpecification\",\"valueRequired\":true,\"valueName\":\"search_term_string\"}}],\"inLanguage\":\"de\"},{\"@type\":\"Organization\",\"@id\":\"https:\/\/www.csj-emballages.com\/de\/#Organization\/\",\"name\":\"CSJ Emballages\",\"url\":\"https:\/\/www.csj-emballages.com\/de\/\",\"logo\":{\"@type\":\"ImageObject\",\"inLanguage\":\"de\",\"@id\":\"https:\/\/www.csj-emballages.com\/de\/#\/schema\/logo\/image\/\",\"url\":\"https:\/\/www.csj-emballages.com\/wp-content\/uploads\/2023\/10\/logo_csj.webp\",\"contentUrl\":\"https:\/\/www.csj-emballages.com\/wp-content\/uploads\/2023\/10\/logo_csj.webp\",\"width\":250,\"height\":95,\"caption\":\"CSJ Emballages\"},\"image\":{\"@id\":\"https:\/\/www.csj-emballages.com\/de\/#\/schema\/logo\/image\/\"},\"sameAs\":[\"https:\/\/www.facebook.com\/csjemballages\"],\"address\":{\"@type\":\"PostalAddress\",\"streetAddress\":\"ZI La Lechere\",\"addressLocality\":\"Patornay\",\"postalCode\":\"39130\",\"addressCountry\":\"FR\"},\"contactPoint\":[{\"@type\":\"ContactPoint\",\"contactType\":\"Service client\",\"telephone\":\"0384254272\",\"email\":\"contact@csj-emballages.com\"}]}]}<\/script>\n<!-- \/ Yoast SEO Premium plugin. -->","yoast_head_json":{"title":"Gew\u00fcrze Grillh\u00e4hnchen in 5kg","description":"Gew\u00fcrzmischung f\u00fcr Grillh\u00e4hnchen 5kg. Ideal f\u00fcr den professionellen Gebrauch. Reichhaltiger Geschmack und goldbraune Farbe garantiert. Preisg\u00fcnstiges und praktisches Format.","robots":{"index":"index","follow":"follow","max-snippet":"max-snippet:-1","max-image-preview":"max-image-preview:large","max-video-preview":"max-video-preview:-1"},"canonical":"https:\/\/www.csj-emballages.com\/de\/produit\/gewuerze-fuer-grillhaehnchen-3033-5-kg\/","og_locale":"de_DE","og_type":"article","og_title":"Gew\u00fcrze f\u00fcr Grillh\u00e4hnchen 3033 5 kg","og_description":"Gew\u00fcrzmischung f\u00fcr Grillh\u00e4hnchen 5kg. Ideal f\u00fcr den professionellen Gebrauch. Reichhaltiger Geschmack und goldbraune Farbe garantiert. Preisg\u00fcnstiges und praktisches Format.","og_url":"https:\/\/www.csj-emballages.com\/de\/produit\/gewuerze-fuer-grillhaehnchen-3033-5-kg\/","og_site_name":"CSJ Emballages","article_publisher":"https:\/\/www.facebook.com\/csjemballages","article_modified_time":"2026-04-04T00:10:27+00:00","og_image":[{"width":800,"height":800,"url":"https:\/\/www.csj-emballages.com\/wp-content\/uploads\/2024\/03\/Epices-poulet-grill.webp","type":"image\/webp"}],"twitter_card":"summary_large_image","twitter_misc":{"Gesch\u00e4tzte Lesezeit":"1\u00a0Minute"},"schema":{"@context":"https:\/\/schema.org","@graph":[{"@type":"WebPage","@id":"https:\/\/www.csj-emballages.com\/de\/produit\/gewuerze-fuer-grillhaehnchen-3033-5-kg\/","url":"https:\/\/www.csj-emballages.com\/de\/produit\/gewuerze-fuer-grillhaehnchen-3033-5-kg\/","name":"Gew\u00fcrze Grillh\u00e4hnchen in 5kg","isPartOf":{"@id":"https:\/\/www.csj-emballages.com\/de\/#website"},"primaryImageOfPage":{"@id":"https:\/\/www.csj-emballages.com\/de\/produit\/gewuerze-fuer-grillhaehnchen-3033-5-kg\/#primaryimage"},"image":{"@id":"https:\/\/www.csj-emballages.com\/de\/produit\/gewuerze-fuer-grillhaehnchen-3033-5-kg\/#primaryimage"},"thumbnailUrl":"https:\/\/www.csj-emballages.com\/wp-content\/uploads\/2024\/03\/Epices-poulet-grill.webp","datePublished":"2024-03-01T15:59:35+00:00","dateModified":"2026-04-04T00:10:27+00:00","description":"Gew\u00fcrzmischung f\u00fcr Grillh\u00e4hnchen 5kg. Ideal f\u00fcr den professionellen Gebrauch. Reichhaltiger Geschmack und goldbraune Farbe garantiert. Preisg\u00fcnstiges und praktisches Format.","breadcrumb":{"@id":"https:\/\/www.csj-emballages.com\/de\/produit\/gewuerze-fuer-grillhaehnchen-3033-5-kg\/#breadcrumb"},"inLanguage":"de","potentialAction":[{"@type":"ReadAction","target":["https:\/\/www.csj-emballages.com\/de\/produit\/gewuerze-fuer-grillhaehnchen-3033-5-kg\/"]}]},{"@type":"ImageObject","inLanguage":"de","@id":"https:\/\/www.csj-emballages.com\/de\/produit\/gewuerze-fuer-grillhaehnchen-3033-5-kg\/#primaryimage","url":"https:\/\/www.csj-emballages.com\/wp-content\/uploads\/2024\/03\/Epices-poulet-grill.webp","contentUrl":"https:\/\/www.csj-emballages.com\/wp-content\/uploads\/2024\/03\/Epices-poulet-grill.webp","width":800,"height":800,"caption":"\u00c9pices poulet grill"},{"@type":"BreadcrumbList","@id":"https:\/\/www.csj-emballages.com\/de\/produit\/gewuerze-fuer-grillhaehnchen-3033-5-kg\/#breadcrumb","itemListElement":[{"@type":"ListItem","position":1,"name":"Accueil","item":"https:\/\/www.csj-emballages.com\/de\/universum-lebensmittelverpackungen\/"},{"@type":"ListItem","position":2,"name":"Shop","item":"https:\/\/www.csj-emballages.com\/shop\/"},{"@type":"ListItem","position":3,"name":"Gew\u00fcrze f\u00fcr Grillh\u00e4hnchen 3033 5 kg"}]},{"@type":"WebSite","@id":"https:\/\/www.csj-emballages.com\/de\/#website","url":"https:\/\/www.csj-emballages.com\/de\/","name":"CSJ Emballages","description":"","publisher":{"@id":"https:\/\/www.csj-emballages.com\/de\/#organization"},"potentialAction":[{"@type":"SearchAction","target":{"@type":"EntryPoint","urlTemplate":"https:\/\/www.csj-emballages.com\/de\/?s={search_term_string}"},"query-input":{"@type":"PropertyValueSpecification","valueRequired":true,"valueName":"search_term_string"}}],"inLanguage":"de"},{"@type":"Organization","@id":"https:\/\/www.csj-emballages.com\/de\/#Organization\/","name":"CSJ Emballages","url":"https:\/\/www.csj-emballages.com\/de\/","logo":{"@type":"ImageObject","inLanguage":"de","@id":"https:\/\/www.csj-emballages.com\/de\/#\/schema\/logo\/image\/","url":"https:\/\/www.csj-emballages.com\/wp-content\/uploads\/2023\/10\/logo_csj.webp","contentUrl":"https:\/\/www.csj-emballages.com\/wp-content\/uploads\/2023\/10\/logo_csj.webp","width":250,"height":95,"caption":"CSJ Emballages"},"image":{"@id":"https:\/\/www.csj-emballages.com\/de\/#\/schema\/logo\/image\/"},"sameAs":["https:\/\/www.facebook.com\/csjemballages"],"address":{"@type":"PostalAddress","streetAddress":"ZI La Lechere","addressLocality":"Patornay","postalCode":"39130","addressCountry":"FR"},"contactPoint":[{"@type":"ContactPoint","contactType":"Service client","telephone":"0384254272","email":"contact@csj-emballages.com"}]}]}},"df_price":37.34,"df_sale_price":"","df_regular_price":37.34,"df_image_link":"https:\/\/www.csj-emballages.com\/wp-content\/uploads\/2024\/03\/Epices-poulet-grill-300x300.webp","tiered_pricing_type":"fixed","tiered_pricing_fixed_rules":[],"tiered_pricing_percentage_rules":[],"tiered_pricing_minimum":1,"tiered_pricing_roles_data":[],"_links":{"self":[{"href":"https:\/\/www.csj-emballages.com\/de\/wp-json\/wp\/v2\/product\/18394","targetHints":{"allow":["GET"]}}],"collection":[{"href":"https:\/\/www.csj-emballages.com\/de\/wp-json\/wp\/v2\/product"}],"about":[{"href":"https:\/\/www.csj-emballages.com\/de\/wp-json\/wp\/v2\/types\/product"}],"wp:featuredmedia":[{"embeddable":true,"href":"https:\/\/www.csj-emballages.com\/de\/wp-json\/wp\/v2\/media\/231354"}],"wp:attachment":[{"href":"https:\/\/www.csj-emballages.com\/de\/wp-json\/wp\/v2\/media?parent=18394"}],"wp:term":[{"taxonomy":"product_brand","embeddable":true,"href":"https:\/\/www.csj-emballages.com\/de\/wp-json\/wp\/v2\/product_brand?post=18394"},{"taxonomy":"product_cat","embeddable":true,"href":"https:\/\/www.csj-emballages.com\/de\/wp-json\/wp\/v2\/product_cat?post=18394"},{"taxonomy":"product_tag","embeddable":true,"href":"https:\/\/www.csj-emballages.com\/de\/wp-json\/wp\/v2\/product_tag?post=18394"}],"curies":[{"name":"wp","href":"https:\/\/api.w.org\/{rel}","templated":true}]}}