{"id":18383,"date":"2024-03-01T16:59:37","date_gmt":"2024-03-01T15:59:37","guid":{"rendered":"https:\/\/u15jnbdpoq.preview.infomaniak.website\/produit\/gewuerze-gemuesefuellung-3-kg\/"},"modified":"2026-04-15T02:10:22","modified_gmt":"2026-04-15T00:10:22","slug":"gewuerze-gemuesefuellung-3-kg","status":"publish","type":"product","link":"https:\/\/www.csj-emballages.com\/de\/produit\/gewuerze-gemuesefuellung-3-kg\/","title":{"rendered":"Gew\u00fcrze Gem\u00fcsef\u00fcllung 3 kg"},"content":{"rendered":"<h2>Gew\u00fcrzmischung f\u00fcr Gem\u00fcsef\u00fcllung<\/h2>\n<hr>\n<h3>Entdecken Sie unsere Gew\u00fcrzmischung f\u00fcr Gem\u00fcsef\u00fcllung 3 kg<\/h3>\n<p><!--more--><\/p>\n<p data-start=\"203\" data-end=\"599\">Wenn es um <strong>gelungene Gem\u00fcsef\u00fcllung<\/strong> geht, spielt <strong>die W\u00fcrzung<\/strong> die entscheidende Rolle. Diese <strong data-start=\"295\" data-end=\"326\">Gew\u00fcrzmischung f\u00fcr Gem\u00fcsef\u00fcllung<\/strong> wurde speziell entwickelt, um Geschmack, Ausgewogenheit und Charakter zu verleihen, ohne die Hauptzutaten zu \u00fcberdecken. Sie passt perfekt zu traditionellem gef\u00fclltem Gem\u00fcse wie <strong>Zucchini, Tomaten, Paprika oder Auberginen<\/strong> und l\u00e4sst dem Rezept gleichzeitig seinen eigenen Ausdruck.  <\/p>\n<p data-start=\"601\" data-end=\"955\">Dank einer gut abgestimmten Auswahl an Aromen hebt diese <strong>Gem\u00fcsef\u00fcllungsmischung<\/strong> die F\u00fcllung hervor, ohne sie zu beschweren. Sie verleiht eine warme, leicht kr\u00e4uterige Note, die sowohl zu Fleischzubereitungen als auch zu <strong>vegetarischen Rezepten<\/strong> passt. So sparen Sie Zeit in der K\u00fcche und gew\u00e4hrleisten gleichzeitig eine perfekte Konsistenz von einem Service zum n\u00e4chsten.  <\/p>\n<p data-start=\"957\" data-end=\"1391\">Das <strong data-start=\"968\" data-end=\"976\">3 kg<\/strong>-Format ist ideal f\u00fcr Gastronomieprofis, Caterer, Gro\u00dfk\u00fcchen oder Lebensmittelverarbeitungsbetriebe. Es erm\u00f6glicht das Arbeiten in gro\u00dfen Mengen, ohne Unterbrechungen, und gew\u00e4hrleistet eine konstante W\u00fcrzung, selbst bei gro\u00dfen Produktionen. Zudem ist die Anwendung einfach: Geben Sie einfach die gew\u00fcnschte Menge direkt zur F\u00fcllung, um ein schmackhaftes und homogenes Ergebnis zu erzielen.  <\/p>\n<p data-start=\"1393\" data-end=\"1695\">Dar\u00fcber hinaus l\u00e4sst sich diese Mischung leicht an andere Verwendungszwecke anpassen. Sie kann auch <strong>Frikadellen, Gratins, gebratenes Gem\u00fcse oder Zubereitungen auf Reis- oder Getreidebasis<\/strong> verfeinern. Zusammenfassend ist sie ein vielseitiger Helfer, der darauf ausgelegt ist, die K\u00fcchenarbeit zu vereinfachen und gleichzeitig einen kontrollierten Geschmack zu garantieren.  <\/p>\n<p data-start=\"1393\" data-end=\"1695\">\n<p data-start=\"1608\" data-end=\"1758\"><!--more--><\/p>\n<h4 data-start=\"1608\" data-end=\"1758\">Vorteile :<\/h4>\n<ul>\n<li data-start=\"1723\" data-end=\"1763\"><strong>Ausgewogene Mischung<\/strong> und einfach anzuwenden.<\/li>\n<li data-start=\"1766\" data-end=\"1820\">Geeignet f\u00fcr traditionelle und vegetarische Rezepte.<\/li>\n<li data-start=\"1823\" data-end=\"1849\">Zeitersparnis in der K\u00fcche.<\/li>\n<li data-start=\"1852\" data-end=\"1879\">Wirtschaftliches <strong>3 kg<\/strong>-Format.<\/li>\n<li data-start=\"1882\" data-end=\"1917\">Ideal f\u00fcr den professionellen Einsatz.<\/li>\n<\/ul>\n<p>&nbsp;<\/p>\n<p><!--more--><\/p>\n<h4><span style=\"font-weight: bold;\">Dosierung:<\/span><\/h4>\n<p>80 g in 200 g Wasser pro kg Fleischf\u00fcllung aufl\u00f6sen<\/p>\n<p>&nbsp;<\/p>\n<p><!--more--><\/p>\n<h4><span style=\"color: #c79600; font-weight: bold;\">Zusammensetzung :<\/span><\/h4>\n<p>Salz \/ Paniermehl (Gluten) \/ Zucker (Dextrose, Saccharose) \/ getrocknetes Gem\u00fcse (Zwiebel, Knoblauch, Rote-Bete-Saft) \/ Gew\u00fcrze und Aromen \/ getrocknete Kr\u00e4uter \/ Natriumacetat E-262 (4,8%) ausgedr\u00fcckt als Milchs\u00e4ure \/ Aroma \/ Natriumcitrat E-331 (1%) \/ Natriumascorbat E-301 (0,85%)<\/p>\n<p>&nbsp;<\/p>\n<p><!--more--><\/p>\n<h4>Weitere Informationen :<\/h4>\n<ul>\n<li><strong>Verpackung<\/strong>: 3kg Eimer<\/li>\n<\/ul>\n<p>&nbsp;<\/p>\n<p><!--more--><\/p>\n<p><a href=\"https:\/\/www.csj-emballages.com\/de\/categorie-produit\/lebensmittel\/gewurze\/zusammengesetzte-gewurze\/fertiggerichte\/\">Entdecken Sie den Rest unseres Gew\u00fcrzsortiments f\u00fcr Gerichte<\/a><\/p>\n","protected":false},"excerpt":{"rendered":"<p>Gew\u00fcrzmischung f\u00fcr Gem\u00fcsef\u00fcllung Entdecken Sie unsere Gew\u00fcrzmischung f\u00fcr Gem\u00fcsef\u00fcllung 3 kg<\/p>\n","protected":false},"featured_media":261536,"template":"","meta":{"_acf_changed":false},"product_brand":[],"product_cat":[1144,1441,1779,1850],"product_tag":[],"class_list":{"0":"post-18383","1":"product","2":"type-product","3":"status-publish","4":"has-post-thumbnail","6":"product_cat-lebensmittel","7":"product_cat-gewurze","8":"product_cat-zusammengesetzte-gewurze","9":"product_cat-fertiggerichte","11":"first","12":"instock","13":"taxable","14":"shipping-taxable","15":"purchasable","16":"product-type-simple"},"acf":[],"yoast_head":"<!-- This site is optimized with the Yoast SEO Premium plugin v26.6 (Yoast SEO v26.6) - https:\/\/yoast.com\/wordpress\/plugins\/seo\/ -->\n<title>Gew\u00fcrzmischung f\u00fcr Gem\u00fcsef\u00fcllung 3 kg<\/title>\n<meta name=\"description\" content=\"Gew\u00fcrzmischung f\u00fcr Gem\u00fcsef\u00fcllung 3 kg: schmackhafte und ausgewogene Mischung zum W\u00fcrzen von gef\u00fclltem Gem\u00fcse, hausgemachten F\u00fcllungen und professionellen Zubereitungen.\" \/>\n<meta name=\"robots\" content=\"index, follow, max-snippet:-1, max-image-preview:large, max-video-preview:-1\" \/>\n<link rel=\"canonical\" href=\"https:\/\/www.csj-emballages.com\/de\/produit\/gewuerze-gemuesefuellung-3-kg\/\" \/>\n<meta property=\"og:locale\" content=\"de_DE\" \/>\n<meta property=\"og:type\" content=\"article\" \/>\n<meta property=\"og:title\" content=\"Gew\u00fcrze Gem\u00fcsef\u00fcllung 3 kg\" \/>\n<meta property=\"og:description\" content=\"Gew\u00fcrzmischung f\u00fcr Gem\u00fcsef\u00fcllung 3 kg: schmackhafte und ausgewogene Mischung zum W\u00fcrzen von gef\u00fclltem Gem\u00fcse, hausgemachten F\u00fcllungen und professionellen Zubereitungen.\" \/>\n<meta property=\"og:url\" content=\"https:\/\/www.csj-emballages.com\/de\/produit\/gewuerze-gemuesefuellung-3-kg\/\" \/>\n<meta property=\"og:site_name\" content=\"CSJ Emballages\" \/>\n<meta property=\"article:publisher\" content=\"https:\/\/www.facebook.com\/csjemballages\" \/>\n<meta property=\"article:modified_time\" content=\"2026-04-15T00:10:22+00:00\" \/>\n<meta property=\"og:image\" content=\"https:\/\/www.csj-emballages.com\/wp-content\/uploads\/2024\/03\/Epices-farce-a-legume.webp\" \/>\n\t<meta property=\"og:image:width\" content=\"800\" \/>\n\t<meta property=\"og:image:height\" content=\"800\" \/>\n\t<meta property=\"og:image:type\" content=\"image\/webp\" \/>\n<meta name=\"twitter:card\" content=\"summary_large_image\" \/>\n<meta name=\"twitter:label1\" content=\"Gesch\u00e4tzte Lesezeit\" \/>\n\t<meta name=\"twitter:data1\" content=\"2 Minuten\" \/>\n<script type=\"application\/ld+json\" class=\"yoast-schema-graph\">{\"@context\":\"https:\/\/schema.org\",\"@graph\":[{\"@type\":\"WebPage\",\"@id\":\"https:\/\/www.csj-emballages.com\/de\/produit\/gewuerze-gemuesefuellung-3-kg\/\",\"url\":\"https:\/\/www.csj-emballages.com\/de\/produit\/gewuerze-gemuesefuellung-3-kg\/\",\"name\":\"Gew\u00fcrzmischung f\u00fcr Gem\u00fcsef\u00fcllung 3 kg\",\"isPartOf\":{\"@id\":\"https:\/\/www.csj-emballages.com\/de\/#website\"},\"primaryImageOfPage\":{\"@id\":\"https:\/\/www.csj-emballages.com\/de\/produit\/gewuerze-gemuesefuellung-3-kg\/#primaryimage\"},\"image\":{\"@id\":\"https:\/\/www.csj-emballages.com\/de\/produit\/gewuerze-gemuesefuellung-3-kg\/#primaryimage\"},\"thumbnailUrl\":\"https:\/\/www.csj-emballages.com\/wp-content\/uploads\/2024\/03\/Epices-farce-a-legume.webp\",\"datePublished\":\"2024-03-01T15:59:37+00:00\",\"dateModified\":\"2026-04-15T00:10:22+00:00\",\"description\":\"Gew\u00fcrzmischung f\u00fcr Gem\u00fcsef\u00fcllung 3 kg: schmackhafte und ausgewogene Mischung zum W\u00fcrzen von gef\u00fclltem Gem\u00fcse, hausgemachten F\u00fcllungen und professionellen Zubereitungen.\",\"breadcrumb\":{\"@id\":\"https:\/\/www.csj-emballages.com\/de\/produit\/gewuerze-gemuesefuellung-3-kg\/#breadcrumb\"},\"inLanguage\":\"de\",\"potentialAction\":[{\"@type\":\"ReadAction\",\"target\":[\"https:\/\/www.csj-emballages.com\/de\/produit\/gewuerze-gemuesefuellung-3-kg\/\"]}]},{\"@type\":\"ImageObject\",\"inLanguage\":\"de\",\"@id\":\"https:\/\/www.csj-emballages.com\/de\/produit\/gewuerze-gemuesefuellung-3-kg\/#primaryimage\",\"url\":\"https:\/\/www.csj-emballages.com\/wp-content\/uploads\/2024\/03\/Epices-farce-a-legume.webp\",\"contentUrl\":\"https:\/\/www.csj-emballages.com\/wp-content\/uploads\/2024\/03\/Epices-farce-a-legume.webp\",\"width\":800,\"height\":800,\"caption\":\"\u00c9pices farce \u00e0 l\u00e9gumes\"},{\"@type\":\"BreadcrumbList\",\"@id\":\"https:\/\/www.csj-emballages.com\/de\/produit\/gewuerze-gemuesefuellung-3-kg\/#breadcrumb\",\"itemListElement\":[{\"@type\":\"ListItem\",\"position\":1,\"name\":\"Accueil\",\"item\":\"https:\/\/www.csj-emballages.com\/de\/universum-lebensmittelverpackungen\/\"},{\"@type\":\"ListItem\",\"position\":2,\"name\":\"Shop\",\"item\":\"https:\/\/www.csj-emballages.com\/shop\/\"},{\"@type\":\"ListItem\",\"position\":3,\"name\":\"Gew\u00fcrze Gem\u00fcsef\u00fcllung 3 kg\"}]},{\"@type\":\"WebSite\",\"@id\":\"https:\/\/www.csj-emballages.com\/de\/#website\",\"url\":\"https:\/\/www.csj-emballages.com\/de\/\",\"name\":\"CSJ Emballages\",\"description\":\"\",\"publisher\":{\"@id\":\"https:\/\/www.csj-emballages.com\/de\/#organization\"},\"potentialAction\":[{\"@type\":\"SearchAction\",\"target\":{\"@type\":\"EntryPoint\",\"urlTemplate\":\"https:\/\/www.csj-emballages.com\/de\/?s={search_term_string}\"},\"query-input\":{\"@type\":\"PropertyValueSpecification\",\"valueRequired\":true,\"valueName\":\"search_term_string\"}}],\"inLanguage\":\"de\"},{\"@type\":\"Organization\",\"@id\":\"https:\/\/www.csj-emballages.com\/de\/#Organization\/\",\"name\":\"CSJ Emballages\",\"url\":\"https:\/\/www.csj-emballages.com\/de\/\",\"logo\":{\"@type\":\"ImageObject\",\"inLanguage\":\"de\",\"@id\":\"https:\/\/www.csj-emballages.com\/de\/#\/schema\/logo\/image\/\",\"url\":\"https:\/\/www.csj-emballages.com\/wp-content\/uploads\/2023\/10\/logo_csj.webp\",\"contentUrl\":\"https:\/\/www.csj-emballages.com\/wp-content\/uploads\/2023\/10\/logo_csj.webp\",\"width\":250,\"height\":95,\"caption\":\"CSJ Emballages\"},\"image\":{\"@id\":\"https:\/\/www.csj-emballages.com\/de\/#\/schema\/logo\/image\/\"},\"sameAs\":[\"https:\/\/www.facebook.com\/csjemballages\"],\"address\":{\"@type\":\"PostalAddress\",\"streetAddress\":\"ZI La Lechere\",\"addressLocality\":\"Patornay\",\"postalCode\":\"39130\",\"addressCountry\":\"FR\"},\"contactPoint\":[{\"@type\":\"ContactPoint\",\"contactType\":\"Service client\",\"telephone\":\"0384254272\",\"email\":\"contact@csj-emballages.com\"}]}]}<\/script>\n<!-- \/ Yoast SEO Premium plugin. -->","yoast_head_json":{"title":"Gew\u00fcrzmischung f\u00fcr Gem\u00fcsef\u00fcllung 3 kg","description":"Gew\u00fcrzmischung f\u00fcr Gem\u00fcsef\u00fcllung 3 kg: schmackhafte und ausgewogene Mischung zum W\u00fcrzen von gef\u00fclltem Gem\u00fcse, hausgemachten F\u00fcllungen und professionellen Zubereitungen.","robots":{"index":"index","follow":"follow","max-snippet":"max-snippet:-1","max-image-preview":"max-image-preview:large","max-video-preview":"max-video-preview:-1"},"canonical":"https:\/\/www.csj-emballages.com\/de\/produit\/gewuerze-gemuesefuellung-3-kg\/","og_locale":"de_DE","og_type":"article","og_title":"Gew\u00fcrze Gem\u00fcsef\u00fcllung 3 kg","og_description":"Gew\u00fcrzmischung f\u00fcr Gem\u00fcsef\u00fcllung 3 kg: schmackhafte und ausgewogene Mischung zum W\u00fcrzen von gef\u00fclltem Gem\u00fcse, hausgemachten F\u00fcllungen und professionellen Zubereitungen.","og_url":"https:\/\/www.csj-emballages.com\/de\/produit\/gewuerze-gemuesefuellung-3-kg\/","og_site_name":"CSJ Emballages","article_publisher":"https:\/\/www.facebook.com\/csjemballages","article_modified_time":"2026-04-15T00:10:22+00:00","og_image":[{"width":800,"height":800,"url":"https:\/\/www.csj-emballages.com\/wp-content\/uploads\/2024\/03\/Epices-farce-a-legume.webp","type":"image\/webp"}],"twitter_card":"summary_large_image","twitter_misc":{"Gesch\u00e4tzte Lesezeit":"2 Minuten"},"schema":{"@context":"https:\/\/schema.org","@graph":[{"@type":"WebPage","@id":"https:\/\/www.csj-emballages.com\/de\/produit\/gewuerze-gemuesefuellung-3-kg\/","url":"https:\/\/www.csj-emballages.com\/de\/produit\/gewuerze-gemuesefuellung-3-kg\/","name":"Gew\u00fcrzmischung f\u00fcr Gem\u00fcsef\u00fcllung 3 kg","isPartOf":{"@id":"https:\/\/www.csj-emballages.com\/de\/#website"},"primaryImageOfPage":{"@id":"https:\/\/www.csj-emballages.com\/de\/produit\/gewuerze-gemuesefuellung-3-kg\/#primaryimage"},"image":{"@id":"https:\/\/www.csj-emballages.com\/de\/produit\/gewuerze-gemuesefuellung-3-kg\/#primaryimage"},"thumbnailUrl":"https:\/\/www.csj-emballages.com\/wp-content\/uploads\/2024\/03\/Epices-farce-a-legume.webp","datePublished":"2024-03-01T15:59:37+00:00","dateModified":"2026-04-15T00:10:22+00:00","description":"Gew\u00fcrzmischung f\u00fcr Gem\u00fcsef\u00fcllung 3 kg: schmackhafte und ausgewogene Mischung zum W\u00fcrzen von gef\u00fclltem Gem\u00fcse, hausgemachten F\u00fcllungen und professionellen Zubereitungen.","breadcrumb":{"@id":"https:\/\/www.csj-emballages.com\/de\/produit\/gewuerze-gemuesefuellung-3-kg\/#breadcrumb"},"inLanguage":"de","potentialAction":[{"@type":"ReadAction","target":["https:\/\/www.csj-emballages.com\/de\/produit\/gewuerze-gemuesefuellung-3-kg\/"]}]},{"@type":"ImageObject","inLanguage":"de","@id":"https:\/\/www.csj-emballages.com\/de\/produit\/gewuerze-gemuesefuellung-3-kg\/#primaryimage","url":"https:\/\/www.csj-emballages.com\/wp-content\/uploads\/2024\/03\/Epices-farce-a-legume.webp","contentUrl":"https:\/\/www.csj-emballages.com\/wp-content\/uploads\/2024\/03\/Epices-farce-a-legume.webp","width":800,"height":800,"caption":"\u00c9pices farce \u00e0 l\u00e9gumes"},{"@type":"BreadcrumbList","@id":"https:\/\/www.csj-emballages.com\/de\/produit\/gewuerze-gemuesefuellung-3-kg\/#breadcrumb","itemListElement":[{"@type":"ListItem","position":1,"name":"Accueil","item":"https:\/\/www.csj-emballages.com\/de\/universum-lebensmittelverpackungen\/"},{"@type":"ListItem","position":2,"name":"Shop","item":"https:\/\/www.csj-emballages.com\/shop\/"},{"@type":"ListItem","position":3,"name":"Gew\u00fcrze Gem\u00fcsef\u00fcllung 3 kg"}]},{"@type":"WebSite","@id":"https:\/\/www.csj-emballages.com\/de\/#website","url":"https:\/\/www.csj-emballages.com\/de\/","name":"CSJ Emballages","description":"","publisher":{"@id":"https:\/\/www.csj-emballages.com\/de\/#organization"},"potentialAction":[{"@type":"SearchAction","target":{"@type":"EntryPoint","urlTemplate":"https:\/\/www.csj-emballages.com\/de\/?s={search_term_string}"},"query-input":{"@type":"PropertyValueSpecification","valueRequired":true,"valueName":"search_term_string"}}],"inLanguage":"de"},{"@type":"Organization","@id":"https:\/\/www.csj-emballages.com\/de\/#Organization\/","name":"CSJ Emballages","url":"https:\/\/www.csj-emballages.com\/de\/","logo":{"@type":"ImageObject","inLanguage":"de","@id":"https:\/\/www.csj-emballages.com\/de\/#\/schema\/logo\/image\/","url":"https:\/\/www.csj-emballages.com\/wp-content\/uploads\/2023\/10\/logo_csj.webp","contentUrl":"https:\/\/www.csj-emballages.com\/wp-content\/uploads\/2023\/10\/logo_csj.webp","width":250,"height":95,"caption":"CSJ Emballages"},"image":{"@id":"https:\/\/www.csj-emballages.com\/de\/#\/schema\/logo\/image\/"},"sameAs":["https:\/\/www.facebook.com\/csjemballages"],"address":{"@type":"PostalAddress","streetAddress":"ZI La Lechere","addressLocality":"Patornay","postalCode":"39130","addressCountry":"FR"},"contactPoint":[{"@type":"ContactPoint","contactType":"Service client","telephone":"0384254272","email":"contact@csj-emballages.com"}]}]}},"df_price":20.32,"df_sale_price":"","df_regular_price":20.32,"df_image_link":"https:\/\/www.csj-emballages.com\/wp-content\/uploads\/2024\/03\/Epices-farce-a-legume-300x300.webp","tiered_pricing_type":"fixed","tiered_pricing_fixed_rules":[],"tiered_pricing_percentage_rules":[],"tiered_pricing_minimum":1,"tiered_pricing_roles_data":[],"_links":{"self":[{"href":"https:\/\/www.csj-emballages.com\/de\/wp-json\/wp\/v2\/product\/18383","targetHints":{"allow":["GET"]}}],"collection":[{"href":"https:\/\/www.csj-emballages.com\/de\/wp-json\/wp\/v2\/product"}],"about":[{"href":"https:\/\/www.csj-emballages.com\/de\/wp-json\/wp\/v2\/types\/product"}],"wp:featuredmedia":[{"embeddable":true,"href":"https:\/\/www.csj-emballages.com\/de\/wp-json\/wp\/v2\/media\/261536"}],"wp:attachment":[{"href":"https:\/\/www.csj-emballages.com\/de\/wp-json\/wp\/v2\/media?parent=18383"}],"wp:term":[{"taxonomy":"product_brand","embeddable":true,"href":"https:\/\/www.csj-emballages.com\/de\/wp-json\/wp\/v2\/product_brand?post=18383"},{"taxonomy":"product_cat","embeddable":true,"href":"https:\/\/www.csj-emballages.com\/de\/wp-json\/wp\/v2\/product_cat?post=18383"},{"taxonomy":"product_tag","embeddable":true,"href":"https:\/\/www.csj-emballages.com\/de\/wp-json\/wp\/v2\/product_tag?post=18383"}],"curies":[{"name":"wp","href":"https:\/\/api.w.org\/{rel}","templated":true}]}}