{"id":18382,"date":"2024-03-01T16:59:35","date_gmt":"2024-03-01T15:59:35","guid":{"rendered":"https:\/\/u15jnbdpoq.preview.infomaniak.website\/produit\/fond-gebundener-kalbsjus-900-gr\/"},"modified":"2026-04-21T02:10:28","modified_gmt":"2026-04-21T00:10:28","slug":"fond-gebundener-kalbsjus-900-gr","status":"publish","type":"product","link":"https:\/\/www.csj-emballages.com\/de\/produit\/fond-gebundener-kalbsjus-900-gr\/","title":{"rendered":"Fond gebundener Kalbsjus 900 gr"},"content":{"rendered":"<h2>Kalbsjus<\/h2>\n<hr>\n<h3>Beschreibung von unserem Kalbsjus 900 gr  <!--more--><\/h3>\n<p class=\"\" data-start=\"309\" data-end=\"658\">Der <strong>gebundene Kalbsjusfond 900 g<\/strong> ist ein Muss in der professionellen K\u00fcche, egal ob Sie ein Restaurant oder einen Cateringservice betreiben oder zu Hause leidenschaftlich gerne kochen. Dieses gebrauchsfertige Produkt wird aus sorgf\u00e4ltig reduziertem Kalbfleischsaft hergestellt und bietet eine reichhaltige, cremige und schmackhafte Grundlage f\u00fcr alle Ihre braunen Saucen, kr\u00e4ftigen Jus oder Reduktionen. Dank seiner <strong>gebundenen<\/strong> Textur l\u00e4sst er sich leicht in Ihre Zubereitungen einarbeiten, ohne dass Sie Bindemittel oder eine lange Reduktion hinzuf\u00fcgen m\u00fcssen. Au\u00dferdem sparen Sie damit wertvolle Zeit in der K\u00fcche und gew\u00e4hrleisten eine gleichbleibende Qualit\u00e4t Ihrer Gerichte. Verd\u00fcnnen Sie ihn einfach hei\u00df je nach gew\u00fcnschter Intensit\u00e4t oder lassen Sie ihn leicht einkochen, um einen konzentrierteren und nappigen Saft zu erhalten.    <\/p>\n<p class=\"\" data-start=\"1050\" data-end=\"1442\">Ob zu Kalbsfilet, gebratenem Fleisch oder einem Gericht mit Sauce, dieser <strong>Kalbsjusfond<\/strong> bietet eine au\u00dfergew\u00f6hnliche aromatische Tiefe und l\u00e4sst den anderen Zutaten Raum, sich zu entfalten. Es ist ein vielseitiges Produkt, das f\u00fcr Profis entwickelt wurde, aber auch ideal f\u00fcr anspruchsvolle Privatpersonen ist, die Ergebnisse suchen, die einer Brigade w\u00fcrdig sind. <\/p>\n<p><!--more--><\/p>\n<div class=\"flex flex-grow flex-col max-w-full\">\n<div class=\"min-h-[20px] text-message flex flex-col items-start whitespace-pre-wrap break-words [.text-message+&amp;]:mt-5 juice:w-full juice:items-end overflow-x-auto gap-2\" dir=\"auto\" data-message-author-role=\"assistant\" data-message-id=\"579bfb50-fb6c-479d-a152-27ab4b509f37\">\n<div class=\"flex w-full flex-col gap-1 juice:empty:hidden juice:first:pt-[3px]\">\n<div class=\"markdown prose w-full break-words dark:prose-invert light\">\n<div class=\"flex-1 overflow-hidden\">\n<div class=\"react-scroll-to-bottom--css-ygaxm-79elbk h-full\">\n<div class=\"react-scroll-to-bottom--css-ygaxm-1n7m0yu\">\n<div class=\"flex flex-col text-sm md:pb-9\">\n<div class=\"w-full text-token-text-primary\" dir=\"auto\" data-testid=\"conversation-turn-3\" data-scroll-anchor=\"true\">\n<div class=\"py-2 juice:py-[18px] px-3 text-base md:px-4 m-auto md:px-5 lg:px-1 xl:px-5\">\n<div class=\"mx-auto flex flex-1 gap-3 text-base juice:gap-4 juice:md:gap-5 juice:lg:gap-6 md:max-w-3xl lg:max-w-[40rem] xl:max-w-[48rem]\">\n<div class=\"group\/conversation-turn relative flex w-full min-w-0 flex-col agent-turn\">\n<div class=\"flex-col gap-1 md:gap-3\">\n<div class=\"flex flex-grow flex-col max-w-full\">\n<div class=\"min-h-[20px] text-message flex flex-col items-start whitespace-pre-wrap break-words [.text-message+&amp;]:mt-5 juice:w-full juice:items-end overflow-x-auto gap-2\" dir=\"auto\" data-message-author-role=\"assistant\" data-message-id=\"2fe0f070-0589-4d8f-991f-f185baabe147\">\n<div class=\"flex w-full flex-col gap-1 juice:empty:hidden juice:first:pt-[3px]\">\n<div class=\"markdown prose w-full break-words dark:prose-invert light\">\n<h4>Seine Vorteile :<\/h4>\n<ul>\n<li>Intensiver und ausgewogener Geschmack.<\/li>\n<li>Gebundene Textur, leicht zu verarbeiten.<\/li>\n<li>Ideal f\u00fcr So\u00dfen, S\u00e4fte und Schmorgerichte.<\/li>\n<li>Konstante und professionelle Qualit\u00e4t.<\/li>\n<li>Einfach zu dosieren und aufzubewahren<\/li>\n<\/ul>\n<\/div>\n<div class=\"markdown prose w-full break-words dark:prose-invert light\">\n<p>&nbsp;<\/p>\n<\/div>\n<\/div>\n<\/div>\n<\/div>\n<\/div>\n<\/div>\n<\/div>\n<\/div>\n<\/div>\n<\/div>\n<\/div>\n<\/div>\n<\/div>\n<\/div>\n<\/div>\n<\/div>\n<\/div>\n<p><!--more--><\/p>\n<p><strong>Dosierung<\/strong>: 50 g pro Liter Wasser<\/p>\n<p>&nbsp;<\/p>\n<p><!--more--><\/p>\n<p><span style=\"color: #e3ab00; font-weight: bold;\">Zusammensetzung<\/span>: Getrocknetes Gem\u00fcse (Tomaten, Zwiebeln, Knoblauch), Glukosesirup, hydrolysierte pflanzliche Proteine (enth\u00e4lt Soja), St\u00e4rke, modifizierte <span style=\"font-size: 16px;\">Maisst\u00e4rke<\/span>, <span style=\"font-size: 16px;\">Geschmacksverst\u00e4rker<\/span> E-621, Salz, Aromen, <span style=\"font-size: 16px;\">teilweise<\/span> geh\u00e4rtetes Raps\u00f6l, Farbstoff E-150c, <span style=\"font-size: 16px;\">Rindfleischextrakt<\/span> Enth\u00e4lt <span style=\"font-size: 16px;\">Soja<\/span> und Sojaerzeugnis.<\/p>\n<p>&nbsp;<\/p>\n<p><!--more--><\/p>\n<p><span style=\"color: #1882ed; font-weight: bold;\">Besch\u00e4ftigung<\/span>:<\/p>\n<ol>\n<li>Verd\u00fcnnen Sie die angegebene Menge in kaltem Wasser.<\/li>\n<li>Mit dem Schneebesen verr\u00fchren, bis alles gleichm\u00e4\u00dfig verteilt ist<\/li>\n<li>5 Minuten lang aufkochen, bis es sich vollst\u00e4ndig aufgel\u00f6st hat<\/li>\n<li>Vom Herd nehmen und nach Bedarf verwenden.<\/li>\n<\/ol>\n<p>&nbsp;<\/p>\n<p><!--more--><\/p>\n<div class=\"flex flex-grow flex-col max-w-full\">\n<div class=\"min-h-[20px] text-message flex flex-col items-start whitespace-pre-wrap break-words [.text-message+&amp;]:mt-5 juice:w-full juice:items-end overflow-x-auto gap-2\" dir=\"auto\" data-message-author-role=\"assistant\" data-message-id=\"579bfb50-fb6c-479d-a152-27ab4b509f37\">\n<div class=\"flex w-full flex-col gap-1 juice:empty:hidden juice:first:pt-[3px]\">\n<div class=\"markdown prose w-full break-words dark:prose-invert light\">\n<div class=\"flex-1 overflow-hidden\">\n<div class=\"react-scroll-to-bottom--css-ygaxm-79elbk h-full\">\n<div class=\"react-scroll-to-bottom--css-ygaxm-1n7m0yu\">\n<div class=\"flex flex-col text-sm md:pb-9\">\n<div class=\"w-full text-token-text-primary\" dir=\"auto\" data-testid=\"conversation-turn-3\" data-scroll-anchor=\"true\">\n<div class=\"py-2 juice:py-[18px] px-3 text-base md:px-4 m-auto md:px-5 lg:px-1 xl:px-5\">\n<div class=\"mx-auto flex flex-1 gap-3 text-base juice:gap-4 juice:md:gap-5 juice:lg:gap-6 md:max-w-3xl lg:max-w-[40rem] xl:max-w-[48rem]\">\n<div class=\"group\/conversation-turn relative flex w-full min-w-0 flex-col agent-turn\">\n<div class=\"flex-col gap-1 md:gap-3\">\n<div class=\"flex flex-grow flex-col max-w-full\">\n<div class=\"min-h-[20px] text-message flex flex-col items-start whitespace-pre-wrap break-words [.text-message+&amp;]:mt-5 juice:w-full juice:items-end overflow-x-auto gap-2\" dir=\"auto\" data-message-author-role=\"assistant\" data-message-id=\"2fe0f070-0589-4d8f-991f-f185baabe147\">\n<div class=\"flex w-full flex-col gap-1 juice:empty:hidden juice:first:pt-[3px]\">\n<div class=\"markdown prose w-full break-words dark:prose-invert light\">\n<h4>Weitere Informationen :<\/h4>\n<ul>\n<li><strong>Verpackung<\/strong>: Eimer mit 800 g<\/li>\n<li><strong>Typ<\/strong>: Hintergrund<\/li>\n<\/ul>\n<\/div>\n<\/div>\n<\/div>\n<\/div>\n<\/div>\n<\/div>\n<\/div>\n<\/div>\n<\/div>\n<\/div>\n<\/div>\n<\/div>\n<\/div>\n<p>&nbsp;<\/p>\n<\/div>\n<\/div>\n<\/div>\n<\/div>\n<p><!--more--><\/p>\n<p>Entdecken Sie hier unseren braunen Hintergrund : <span style=\"color: #d12727;\"><a style=\"color: #d12727;\" href=\"https:\/\/www.csj-emballages.com\/es\/produit\/base-marron-800-gr\/\">10575<\/a><\/span><\/p>\n<p>&nbsp;<\/p>\n<p><!--more--><\/p>\n<p><a href=\"https:\/\/www.csj-emballages.com\/de\/categorie-produit\/lebensmittel\/kulinarische-grundlagen-fonds\/\">Sehen Sie sich den Rest unseres Sortiments an kulinarischen Grundlagen \/ Fonds an<\/a><\/p>\n","protected":false},"excerpt":{"rendered":"<p>Kalbsjus Beschreibung von unserem Kalbsjus 900 gr<\/p>\n","protected":false},"featured_media":231084,"template":"","meta":{"_acf_changed":false},"product_brand":[],"product_cat":[1144,1864],"product_tag":[],"class_list":{"0":"post-18382","1":"product","2":"type-product","3":"status-publish","4":"has-post-thumbnail","6":"product_cat-lebensmittel","7":"product_cat-kulinarische-grundlagen-fonds","9":"first","10":"instock","11":"taxable","12":"shipping-taxable","13":"purchasable","14":"product-type-simple"},"acf":[],"yoast_head":"<!-- This site is optimized with the Yoast SEO Premium plugin v26.6 (Yoast SEO v26.6) - https:\/\/yoast.com\/wordpress\/plugins\/seo\/ -->\n<title>Gebundener Kalbsjus 900 gr<\/title>\n<meta name=\"description\" content=\"Gebundener Kalbsjusfond 900 g: reichhaltige und schmackhafte Basis f\u00fcr Saucen, Reduktionen und Jus. Ideal f\u00fcr Profis und anspruchsvolle K\u00f6che.\" \/>\n<meta name=\"robots\" content=\"index, follow, max-snippet:-1, max-image-preview:large, max-video-preview:-1\" \/>\n<link rel=\"canonical\" href=\"https:\/\/www.csj-emballages.com\/de\/produit\/fond-gebundener-kalbsjus-900-gr\/\" \/>\n<meta property=\"og:locale\" content=\"de_DE\" \/>\n<meta property=\"og:type\" content=\"article\" \/>\n<meta property=\"og:title\" content=\"Fond gebundener Kalbsjus 900 gr\" \/>\n<meta property=\"og:description\" content=\"Gebundener Kalbsjusfond 900 g: reichhaltige und schmackhafte Basis f\u00fcr Saucen, Reduktionen und Jus. Ideal f\u00fcr Profis und anspruchsvolle K\u00f6che.\" \/>\n<meta property=\"og:url\" content=\"https:\/\/www.csj-emballages.com\/de\/produit\/fond-gebundener-kalbsjus-900-gr\/\" \/>\n<meta property=\"og:site_name\" content=\"CSJ Emballages\" \/>\n<meta property=\"article:publisher\" content=\"https:\/\/www.facebook.com\/csjemballages\" \/>\n<meta property=\"article:modified_time\" content=\"2026-04-21T00:10:28+00:00\" \/>\n<meta property=\"og:image\" content=\"https:\/\/www.csj-emballages.com\/wp-content\/uploads\/2024\/03\/Jus-de-veau-lie.webp\" \/>\n\t<meta property=\"og:image:width\" content=\"800\" \/>\n\t<meta property=\"og:image:height\" content=\"801\" \/>\n\t<meta property=\"og:image:type\" content=\"image\/webp\" \/>\n<meta name=\"twitter:card\" content=\"summary_large_image\" \/>\n<meta name=\"twitter:label1\" content=\"Gesch\u00e4tzte Lesezeit\" \/>\n\t<meta name=\"twitter:data1\" content=\"2 Minuten\" \/>\n<script type=\"application\/ld+json\" class=\"yoast-schema-graph\">{\"@context\":\"https:\/\/schema.org\",\"@graph\":[{\"@type\":\"WebPage\",\"@id\":\"https:\/\/www.csj-emballages.com\/de\/produit\/fond-gebundener-kalbsjus-900-gr\/\",\"url\":\"https:\/\/www.csj-emballages.com\/de\/produit\/fond-gebundener-kalbsjus-900-gr\/\",\"name\":\"Gebundener Kalbsjus 900 gr\",\"isPartOf\":{\"@id\":\"https:\/\/www.csj-emballages.com\/de\/#website\"},\"primaryImageOfPage\":{\"@id\":\"https:\/\/www.csj-emballages.com\/de\/produit\/fond-gebundener-kalbsjus-900-gr\/#primaryimage\"},\"image\":{\"@id\":\"https:\/\/www.csj-emballages.com\/de\/produit\/fond-gebundener-kalbsjus-900-gr\/#primaryimage\"},\"thumbnailUrl\":\"https:\/\/www.csj-emballages.com\/wp-content\/uploads\/2024\/03\/Jus-de-veau-lie.webp\",\"datePublished\":\"2024-03-01T15:59:35+00:00\",\"dateModified\":\"2026-04-21T00:10:28+00:00\",\"description\":\"Gebundener Kalbsjusfond 900 g: reichhaltige und schmackhafte Basis f\u00fcr Saucen, Reduktionen und Jus. Ideal f\u00fcr Profis und anspruchsvolle K\u00f6che.\",\"breadcrumb\":{\"@id\":\"https:\/\/www.csj-emballages.com\/de\/produit\/fond-gebundener-kalbsjus-900-gr\/#breadcrumb\"},\"inLanguage\":\"de\",\"potentialAction\":[{\"@type\":\"ReadAction\",\"target\":[\"https:\/\/www.csj-emballages.com\/de\/produit\/fond-gebundener-kalbsjus-900-gr\/\"]}]},{\"@type\":\"ImageObject\",\"inLanguage\":\"de\",\"@id\":\"https:\/\/www.csj-emballages.com\/de\/produit\/fond-gebundener-kalbsjus-900-gr\/#primaryimage\",\"url\":\"https:\/\/www.csj-emballages.com\/wp-content\/uploads\/2024\/03\/Jus-de-veau-lie.webp\",\"contentUrl\":\"https:\/\/www.csj-emballages.com\/wp-content\/uploads\/2024\/03\/Jus-de-veau-lie.webp\",\"width\":800,\"height\":801,\"caption\":\"jus de veau\"},{\"@type\":\"BreadcrumbList\",\"@id\":\"https:\/\/www.csj-emballages.com\/de\/produit\/fond-gebundener-kalbsjus-900-gr\/#breadcrumb\",\"itemListElement\":[{\"@type\":\"ListItem\",\"position\":1,\"name\":\"Accueil\",\"item\":\"https:\/\/www.csj-emballages.com\/de\/universum-lebensmittelverpackungen\/\"},{\"@type\":\"ListItem\",\"position\":2,\"name\":\"Shop\",\"item\":\"https:\/\/www.csj-emballages.com\/shop\/\"},{\"@type\":\"ListItem\",\"position\":3,\"name\":\"Fond gebundener Kalbsjus 900 gr\"}]},{\"@type\":\"WebSite\",\"@id\":\"https:\/\/www.csj-emballages.com\/de\/#website\",\"url\":\"https:\/\/www.csj-emballages.com\/de\/\",\"name\":\"CSJ Emballages\",\"description\":\"\",\"publisher\":{\"@id\":\"https:\/\/www.csj-emballages.com\/de\/#organization\"},\"potentialAction\":[{\"@type\":\"SearchAction\",\"target\":{\"@type\":\"EntryPoint\",\"urlTemplate\":\"https:\/\/www.csj-emballages.com\/de\/?s={search_term_string}\"},\"query-input\":{\"@type\":\"PropertyValueSpecification\",\"valueRequired\":true,\"valueName\":\"search_term_string\"}}],\"inLanguage\":\"de\"},{\"@type\":\"Organization\",\"@id\":\"https:\/\/www.csj-emballages.com\/de\/#Organization\/\",\"name\":\"CSJ Emballages\",\"url\":\"https:\/\/www.csj-emballages.com\/de\/\",\"logo\":{\"@type\":\"ImageObject\",\"inLanguage\":\"de\",\"@id\":\"https:\/\/www.csj-emballages.com\/de\/#\/schema\/logo\/image\/\",\"url\":\"https:\/\/www.csj-emballages.com\/wp-content\/uploads\/2023\/10\/logo_csj.webp\",\"contentUrl\":\"https:\/\/www.csj-emballages.com\/wp-content\/uploads\/2023\/10\/logo_csj.webp\",\"width\":250,\"height\":95,\"caption\":\"CSJ Emballages\"},\"image\":{\"@id\":\"https:\/\/www.csj-emballages.com\/de\/#\/schema\/logo\/image\/\"},\"sameAs\":[\"https:\/\/www.facebook.com\/csjemballages\"],\"address\":{\"@type\":\"PostalAddress\",\"streetAddress\":\"ZI La Lechere\",\"addressLocality\":\"Patornay\",\"postalCode\":\"39130\",\"addressCountry\":\"FR\"},\"contactPoint\":[{\"@type\":\"ContactPoint\",\"contactType\":\"Service client\",\"telephone\":\"0384254272\",\"email\":\"contact@csj-emballages.com\"}]}]}<\/script>\n<!-- \/ Yoast SEO Premium plugin. -->","yoast_head_json":{"title":"Gebundener Kalbsjus 900 gr","description":"Gebundener Kalbsjusfond 900 g: reichhaltige und schmackhafte Basis f\u00fcr Saucen, Reduktionen und Jus. Ideal f\u00fcr Profis und anspruchsvolle K\u00f6che.","robots":{"index":"index","follow":"follow","max-snippet":"max-snippet:-1","max-image-preview":"max-image-preview:large","max-video-preview":"max-video-preview:-1"},"canonical":"https:\/\/www.csj-emballages.com\/de\/produit\/fond-gebundener-kalbsjus-900-gr\/","og_locale":"de_DE","og_type":"article","og_title":"Fond gebundener Kalbsjus 900 gr","og_description":"Gebundener Kalbsjusfond 900 g: reichhaltige und schmackhafte Basis f\u00fcr Saucen, Reduktionen und Jus. Ideal f\u00fcr Profis und anspruchsvolle K\u00f6che.","og_url":"https:\/\/www.csj-emballages.com\/de\/produit\/fond-gebundener-kalbsjus-900-gr\/","og_site_name":"CSJ Emballages","article_publisher":"https:\/\/www.facebook.com\/csjemballages","article_modified_time":"2026-04-21T00:10:28+00:00","og_image":[{"width":800,"height":801,"url":"https:\/\/www.csj-emballages.com\/wp-content\/uploads\/2024\/03\/Jus-de-veau-lie.webp","type":"image\/webp"}],"twitter_card":"summary_large_image","twitter_misc":{"Gesch\u00e4tzte Lesezeit":"2 Minuten"},"schema":{"@context":"https:\/\/schema.org","@graph":[{"@type":"WebPage","@id":"https:\/\/www.csj-emballages.com\/de\/produit\/fond-gebundener-kalbsjus-900-gr\/","url":"https:\/\/www.csj-emballages.com\/de\/produit\/fond-gebundener-kalbsjus-900-gr\/","name":"Gebundener Kalbsjus 900 gr","isPartOf":{"@id":"https:\/\/www.csj-emballages.com\/de\/#website"},"primaryImageOfPage":{"@id":"https:\/\/www.csj-emballages.com\/de\/produit\/fond-gebundener-kalbsjus-900-gr\/#primaryimage"},"image":{"@id":"https:\/\/www.csj-emballages.com\/de\/produit\/fond-gebundener-kalbsjus-900-gr\/#primaryimage"},"thumbnailUrl":"https:\/\/www.csj-emballages.com\/wp-content\/uploads\/2024\/03\/Jus-de-veau-lie.webp","datePublished":"2024-03-01T15:59:35+00:00","dateModified":"2026-04-21T00:10:28+00:00","description":"Gebundener Kalbsjusfond 900 g: reichhaltige und schmackhafte Basis f\u00fcr Saucen, Reduktionen und Jus. Ideal f\u00fcr Profis und anspruchsvolle K\u00f6che.","breadcrumb":{"@id":"https:\/\/www.csj-emballages.com\/de\/produit\/fond-gebundener-kalbsjus-900-gr\/#breadcrumb"},"inLanguage":"de","potentialAction":[{"@type":"ReadAction","target":["https:\/\/www.csj-emballages.com\/de\/produit\/fond-gebundener-kalbsjus-900-gr\/"]}]},{"@type":"ImageObject","inLanguage":"de","@id":"https:\/\/www.csj-emballages.com\/de\/produit\/fond-gebundener-kalbsjus-900-gr\/#primaryimage","url":"https:\/\/www.csj-emballages.com\/wp-content\/uploads\/2024\/03\/Jus-de-veau-lie.webp","contentUrl":"https:\/\/www.csj-emballages.com\/wp-content\/uploads\/2024\/03\/Jus-de-veau-lie.webp","width":800,"height":801,"caption":"jus de veau"},{"@type":"BreadcrumbList","@id":"https:\/\/www.csj-emballages.com\/de\/produit\/fond-gebundener-kalbsjus-900-gr\/#breadcrumb","itemListElement":[{"@type":"ListItem","position":1,"name":"Accueil","item":"https:\/\/www.csj-emballages.com\/de\/universum-lebensmittelverpackungen\/"},{"@type":"ListItem","position":2,"name":"Shop","item":"https:\/\/www.csj-emballages.com\/shop\/"},{"@type":"ListItem","position":3,"name":"Fond gebundener Kalbsjus 900 gr"}]},{"@type":"WebSite","@id":"https:\/\/www.csj-emballages.com\/de\/#website","url":"https:\/\/www.csj-emballages.com\/de\/","name":"CSJ Emballages","description":"","publisher":{"@id":"https:\/\/www.csj-emballages.com\/de\/#organization"},"potentialAction":[{"@type":"SearchAction","target":{"@type":"EntryPoint","urlTemplate":"https:\/\/www.csj-emballages.com\/de\/?s={search_term_string}"},"query-input":{"@type":"PropertyValueSpecification","valueRequired":true,"valueName":"search_term_string"}}],"inLanguage":"de"},{"@type":"Organization","@id":"https:\/\/www.csj-emballages.com\/de\/#Organization\/","name":"CSJ Emballages","url":"https:\/\/www.csj-emballages.com\/de\/","logo":{"@type":"ImageObject","inLanguage":"de","@id":"https:\/\/www.csj-emballages.com\/de\/#\/schema\/logo\/image\/","url":"https:\/\/www.csj-emballages.com\/wp-content\/uploads\/2023\/10\/logo_csj.webp","contentUrl":"https:\/\/www.csj-emballages.com\/wp-content\/uploads\/2023\/10\/logo_csj.webp","width":250,"height":95,"caption":"CSJ Emballages"},"image":{"@id":"https:\/\/www.csj-emballages.com\/de\/#\/schema\/logo\/image\/"},"sameAs":["https:\/\/www.facebook.com\/csjemballages"],"address":{"@type":"PostalAddress","streetAddress":"ZI La Lechere","addressLocality":"Patornay","postalCode":"39130","addressCountry":"FR"},"contactPoint":[{"@type":"ContactPoint","contactType":"Service client","telephone":"0384254272","email":"contact@csj-emballages.com"}]}]}},"df_price":9.62,"df_sale_price":"","df_regular_price":9.62,"df_image_link":"https:\/\/www.csj-emballages.com\/wp-content\/uploads\/2024\/03\/Jus-de-veau-lie-300x300.webp","tiered_pricing_type":"fixed","tiered_pricing_fixed_rules":[],"tiered_pricing_percentage_rules":[],"tiered_pricing_minimum":1,"tiered_pricing_roles_data":[],"_links":{"self":[{"href":"https:\/\/www.csj-emballages.com\/de\/wp-json\/wp\/v2\/product\/18382","targetHints":{"allow":["GET"]}}],"collection":[{"href":"https:\/\/www.csj-emballages.com\/de\/wp-json\/wp\/v2\/product"}],"about":[{"href":"https:\/\/www.csj-emballages.com\/de\/wp-json\/wp\/v2\/types\/product"}],"wp:featuredmedia":[{"embeddable":true,"href":"https:\/\/www.csj-emballages.com\/de\/wp-json\/wp\/v2\/media\/231084"}],"wp:attachment":[{"href":"https:\/\/www.csj-emballages.com\/de\/wp-json\/wp\/v2\/media?parent=18382"}],"wp:term":[{"taxonomy":"product_brand","embeddable":true,"href":"https:\/\/www.csj-emballages.com\/de\/wp-json\/wp\/v2\/product_brand?post=18382"},{"taxonomy":"product_cat","embeddable":true,"href":"https:\/\/www.csj-emballages.com\/de\/wp-json\/wp\/v2\/product_cat?post=18382"},{"taxonomy":"product_tag","embeddable":true,"href":"https:\/\/www.csj-emballages.com\/de\/wp-json\/wp\/v2\/product_tag?post=18382"}],"curies":[{"name":"wp","href":"https:\/\/api.w.org\/{rel}","templated":true}]}}